{"id":56110,"date":"2021-10-26T14:00:00","date_gmt":"2021-10-26T12:00:00","guid":{"rendered":"https:\/\/www.bombersdv.es\/?page_id=56110"},"modified":"2026-03-31T12:55:10","modified_gmt":"2026-03-31T10:55:10","slug":"2021-bolsa-unificada-para-la-provision-del-puesto-de-trabajo-de-bombero-a-conductor-a-actualizacion-llamamientos","status":"publish","type":"page","link":"https:\/\/www.bombersdv.es\/es\/oposiciones\/procesos-en-marcha\/llamamientos\/2021-bolsa-unificada-para-la-provision-del-puesto-de-trabajo-de-bombero-a-conductor-a-actualizacion-llamamientos\/","title":{"rendered":"2021 Bolsa Unificada para la provisi\u00f3n del puesto de Trabajo de Bombero\/a Conductor\/a. Actualizaci\u00f3n llamamientos"},"content":{"rendered":"<div class=\"fusion-fullwidth fullwidth-box fusion-builder-row-1 nonhundred-percent-fullwidth non-hundred-percent-height-scrolling\" style=\"--awb-background-position:left top;--awb-border-radius-top-left:0px;--awb-border-radius-top-right:0px;--awb-border-radius-bottom-right:0px;--awb-border-radius-bottom-left:0px;--awb-padding-top:20px;--awb-padding-bottom:20px;--awb-border-sizes-top:0px;--awb-border-sizes-bottom:0px;--awb-flex-wrap:wrap;\" ><div class=\"fusion-builder-row fusion-row\"><div class=\"fusion-layout-column fusion_builder_column fusion-builder-column-0 fusion_builder_column_1_1 1_1 fusion-one-full fusion-column-first fusion-column-last fusion-column-no-min-height\" style=\"--awb-bg-size:cover;--awb-margin-bottom:0px;\"><div class=\"fusion-column-wrapper fusion-flex-column-wrapper-legacy\"><div class=\"fusion-title title fusion-title-1 fusion-sep-none fusion-title-text fusion-title-size-two\"><h2 class=\"fusion-title-heading title-heading-left fusion-responsive-typography-calculated\" style=\"margin:0;--fontSize:34;line-height:1.09;\">2021 Bolsa Unificada para la provisi\u00f3n del puesto de Trabajo de Bombero\/a Conductor\/a. Actualizaci\u00f3n llamamientos<\/h2><\/div><div class=\"fusion-text fusion-text-1\"><div class=\"table-2\">\n<table style=\"width: 99.122%; height: 976px;\" width=\"100%\">\n<thead>\n<tr style=\"height: 24px;\">\n<th style=\"width: 61.2818%; height: 24px;\">Tr\u00e1mite<\/th>\n<th style=\"width: 7.72608%; height: 24px;\">Fecha<\/th>\n<th style=\"width: 30.1141%; height: 24px;\">Documento(s)<\/th>\n<\/tr>\n<\/thead>\n<tbody>\n<tr style=\"height: 24px;\">\n<td style=\"width: 61.2818%; height: 24px;\"><\/td>\n<td style=\"width: 7.72608%; height: 24px;\"><\/td>\n<td style=\"width: 30.1141%; height: 24px;\"><\/td>\n<\/tr>\n<tr style=\"height: 48px;\">\n<td style=\"width: 61.2818%; height: 48px;\">Nota informativa sobre los llamamientos de los aspirantes que pertenecen a las Bolsas de Trabajo derivadas de procesos selectivos.<\/td>\n<td style=\"width: 7.72608%; height: 48px;\">27\/10\/2021<\/td>\n<td style=\"width: 30.1141%; height: 48px; text-align: center;\"><a href=\"https:\/\/www.bombersdv.es\/wp-content\/uploads\/2021\/10\/Nota-informativa-crides-de-la-Borsa-Copia-autentica.pdf\" target=\"_blank\" rel=\"noopener noreferrer\"> Nota Informativa<\/a><\/td>\n<\/tr>\n<tr style=\"height: 48px;\">\n<td style=\"width: 61.2818%; height: 48px;\">Constituci\u00f3n de la Bolsa Unificada 2021 derivada procesos selectivos 2009 a 2018 para la provisi\u00f3n del puesto de trabajo de Bombero\/a Conductor\/a. Con fecha de efectos 01\/11\/2021.<\/td>\n<td style=\"width: 7.72608%; height: 48px;\">29\/10\/2021<\/td>\n<td style=\"width: 30.1141%; height: 48px; text-align: center;\"><a href=\"https:\/\/www.bombersdv.es\/wp-content\/uploads\/2021\/11\/dc-1043-bolsa-unificada-Copia-autentica.pdf\" target=\"_blank\" rel=\"noopener\">Decreto 1043, de 29\/10\/2021 de modificaci\u00f3n del Decreto 1018, de 26\/10\/2021<\/a><\/td>\n<\/tr>\n<tr style=\"height: 48px;\">\n<td style=\"width: 61.2818%; height: 48px;\">Actualizaci\u00f3n llamamientos Bolsa Unificada 2021 derivada procesos selectivos 2009 a 2018 para la provisi\u00f3n del puesto de trabajo de Bombero\/a Conductor\/a. Con fecha de efectos 01\/11\/2021.<\/td>\n<td style=\"width: 7.72608%; height: 48px;\">10\/11\/2021<\/td>\n<td style=\"width: 30.1141%; height: 48px; text-align: center;\"><a href=\"https:\/\/www.bombersdv.es\/wp-content\/uploads\/2021\/11\/Actualizacion-bolsa-unitaria-Bombero_a-Conductor_a-10_11_2021-Copia-autentica.pdf\" target=\"_blank\" rel=\"noopener\"> Actualizaci\u00f3n<\/a><\/td>\n<\/tr>\n<tr style=\"height: 48px;\">\n<td style=\"width: 61.2818%; height: 48px;\">Actualizaci\u00f3n llamamientos Bolsa Unificada 2021 derivada procesos selectivos 2009 a 2018 para la provisi\u00f3n del puesto de trabajo de Bombero\/a Conductor\/a. Con fecha de efectos 02\/12\/2021.<\/td>\n<td style=\"width: 7.72608%; height: 48px;\">02\/12\/2021<\/td>\n<td style=\"width: 30.1141%; height: 48px; text-align: center;\"><a href=\"https:\/\/www.bombersdv.es\/wp-content\/uploads\/2021\/12\/Actualizacion-bolsa-unitaria-Bombero_a-Conductor_a-02_12_2021-Copia-autentica.pdf\" target=\"_blank\" rel=\"noopener\">Actualizaci\u00f3n<\/a><\/td>\n<\/tr>\n<tr style=\"height: 208px;\">\n<td style=\"width: 61.2818%; height: 208px;\">\n<p><span style=\"color: #ff0000;\">Las tomas de posesi\u00f3n de los nombramientos, se realizar\u00e1n electr\u00f3nicamente.<\/span><\/p>\n<p><span style=\"color: #ff0000;\">Recibida la notificaci\u00f3n del Nombramiento, el Acta de Toma de posesi\u00f3n, estar\u00e1 a disposici\u00f3n para su firma en SEDE ELECTR\u00d3NICA\/ CARPETA CIUDADANA\/ PORTAFIRMAS. Por lo que es necesario, disponer de firma electr\u00f3nica.<\/span><\/p>\n<p><span style=\"color: #ff0000;\">En la p\u00e1gina web del Consorcio, situando el cursor en SEDE ELECTR\u00d3NICA, aparecen 3 enlaces. En el enlace tutorial (portafirmas ciudadan\u00eda), hay un video explicativo.<\/span><\/td>\n<td style=\"width: 7.72608%; height: 208px;\">21\/12\/2021<\/td>\n<td style=\"width: 30.1141%; height: 208px; text-align: center;\"><\/td>\n<\/tr>\n<tr style=\"height: 48px;\">\n<td style=\"width: 61.2818%; height: 48px;\">Actualizaci\u00f3n llamamientos Bolsa Unificada 2021 derivada procesos selectivos 2009 a 2018 para la provisi\u00f3n del puesto de trabajo de Bombero\/a Conductor\/a. Con fecha de efectos 01\/01\/2022.<\/td>\n<td style=\"width: 7.72608%; height: 48px;\">30\/12\/2021<\/td>\n<td style=\"width: 30.1141%; height: 48px; text-align: center;\"><a href=\"https:\/\/www.bombersdv.es\/wp-content\/uploads\/2021\/12\/Actualizacion-bolsa-unitaria-Bombero_a-Conductor_a-01_01_2022-Copia-autentica-1.pdf\" target=\"_blank\" rel=\"noopener\">Actualizaci\u00f3n<\/a><\/td>\n<\/tr>\n<tr style=\"height: 48px;\">\n<td style=\"width: 61.2818%; height: 48px;\">Actualizaci\u00f3n llamamientos Bolsa Unificada 2021 derivada procesos selectivos 2009 a 2018 para la provisi\u00f3n del puesto de trabajo de Bombero\/a Conductor\/a. Con fecha de efectos 01\/02\/2022.<\/td>\n<td style=\"width: 7.72608%; height: 48px;\">28\/01\/2022<\/td>\n<td style=\"width: 30.1141%; height: 48px; text-align: center;\"><a href=\"https:\/\/www.bombersdv.es\/wp-content\/uploads\/2022\/01\/Actualizacion-Bolsa-Bombero_a-Conductor_a-Copia-autentica.pdf\" target=\"_blank\" rel=\"noopener\">Actualizaci\u00f3n<\/a><\/td>\n<\/tr>\n<tr style=\"height: 48px;\">\n<td style=\"width: 61.2818%; height: 48px;\">Actualizaci\u00f3n llamamientos Bolsa Unificada 2021 derivada procesos selectivos 2009 a 2018 para la provisi\u00f3n del puesto de trabajo de Bombero\/a Conductor\/a. Con fecha de efectos 08\/03\/2022.<\/td>\n<td style=\"width: 7.72608%; height: 48px;\">08\/03\/2022<\/td>\n<td style=\"width: 30.1141%; height: 48px; text-align: center;\"><a href=\"https:\/\/www.bombersdv.es\/wp-content\/uploads\/2022\/03\/Actualizacion-bolsa-temporal-unificada-bomberos-08_03_2022-Copia-autentica.pdf\" target=\"_blank\" rel=\"noopener\">Actualizaci\u00f3n<\/a><\/td>\n<\/tr>\n<tr style=\"height: 48px;\">\n<td style=\"width: 61.2818%; height: 48px;\">Actualizaci\u00f3n llamamientos Bolsa Unificada 2021 derivada procesos selectivos 2009 a 2018 para la provisi\u00f3n del puesto de trabajo de Bombero\/a Conductor\/a. Con fecha de efectos 01\/04\/2022.<\/td>\n<td style=\"width: 7.72608%; height: 48px;\">04\/04\/2022<\/td>\n<td style=\"width: 30.1141%; height: 48px; text-align: center;\"><a href=\"https:\/\/www.bombersdv.es\/wp-content\/uploads\/2022\/04\/Actualizacion-bolsa-unitaria-Bombero_a-Conductor_a-04_03_2022-Copia-autentica.pdf\" target=\"_blank\" rel=\"noopener\">Actualizaci\u00f3n<\/a><\/td>\n<\/tr>\n<tr style=\"height: 48px;\">\n<td style=\"width: 61.2818%; height: 48px;\">Actualizaci\u00f3n llamamientos Bolsa Unificada 2021 derivada procesos selectivos 2009 a 2018 para la provisi\u00f3n del puesto de trabajo de Bombero\/a Conductor\/a. Con fecha de efectos 11\/05\/2022.<\/td>\n<td style=\"width: 7.72608%; height: 48px;\">10\/05\/2022<\/td>\n<td style=\"width: 30.1141%; height: 48px; text-align: center;\"><a href=\"https:\/\/www.bombersdv.es\/wp-content\/uploads\/2022\/05\/Actualitzacio-Borsa-temporal-unificada-Bomber_a-Conductor_a-10-05-22.pdf\" target=\"_blank\" rel=\"noopener\">Actualizaci\u00f3n<\/a><\/td>\n<\/tr>\n<tr style=\"height: 48px;\">\n<td style=\"width: 61.2818%; height: 48px;\">Actualizaci\u00f3n llamamientos Bolsa Unificada 2021 derivada procesos selectivos 2009 a 2018 para la provisi\u00f3n del puesto de trabajo de Bombero\/a Conductor\/a. Con fecha de efectos 06\/06\/2022.<\/td>\n<td style=\"width: 7.72608%; height: 48px;\">07\/06\/2022<\/td>\n<td style=\"width: 30.1141%; height: 48px; text-align: center;\"><a href=\"https:\/\/www.bombersdv.es\/wp-content\/uploads\/2022\/06\/Actualizacion-bolsa-unitaria-Bombero_a-Conductor_a-actualizada-a-fecha-06-06-2022-Copia-autentica.pdf\" target=\"_blank\" rel=\"noopener\">Actualizaci\u00f3n<\/a><\/td>\n<\/tr>\n<tr style=\"height: 48px;\">\n<td style=\"width: 61.2818%; height: 48px;\">Actualizaci\u00f3n llamamientos Bolsa Unificada 2021 derivada procesos selectivos 2009 a 2018 para la provisi\u00f3n del puesto de trabajo de Bombero\/a Conductor\/a. Con fecha de efectos 20\/06\/2022.<\/td>\n<td style=\"width: 7.72608%; height: 48px;\">21\/06\/2022<\/td>\n<td style=\"width: 30.1141%; height: 48px; text-align: center;\"><a href=\"https:\/\/www.bombersdv.es\/wp-content\/uploads\/2022\/06\/Actualizacion-bolsa-unitaria-Bombero_a-Conductor_a-01_01_2022-Copia-autentica.pdf\" target=\"_blank\" rel=\"noopener\">Actualizaci\u00f3n<\/a><\/td>\n<\/tr>\n<tr style=\"height: 48px;\">\n<td style=\"width: 61.2818%; height: 48px;\">Actualizaci\u00f3n llamamientos Bolsa Unificada 2021 derivada procesos selectivos 2009 a 2018 para la provisi\u00f3n del puesto de trabajo de Bombero\/a Conductor\/a. Con fecha de efectos 01\/08\/2022.<\/td>\n<td style=\"width: 7.72608%; height: 48px;\">25\/07\/2022<\/td>\n<td style=\"width: 30.1141%; height: 48px; text-align: center;\"><a href=\"https:\/\/www.bombersdv.es\/wp-content\/uploads\/2022\/07\/Actualizacion-Bolsa-Unificada-bomberos-Actualizada-25-07-2022.pdf\" target=\"_blank\" rel=\"noopener\">Actualizaci\u00f3n<\/a><\/td>\n<\/tr>\n<tr style=\"height: 48px;\">\n<td style=\"width: 61.2818%; height: 48px;\">Actualizaci\u00f3n llamamientos Bolsa Unificada 2021 derivada procesos selectivos 2009 a 2018 para la provisi\u00f3n del puesto de trabajo de Bombero\/a Conductor\/a. Con fecha de efectos 02\/11\/2022.<\/td>\n<td style=\"width: 7.72608%; height: 48px;\">02\/11\/2022<\/td>\n<td style=\"width: 30.1141%; height: 48px; text-align: center;\"><a href=\"https:\/\/www.bombersdv.es\/wp-content\/uploads\/2022\/11\/Actualizacion-unificada-bolsa-bomberos-conductor-2009-2018-Copia-autentica-1.pdf\" target=\"_blank\" rel=\"noopener\">Actualizaci\u00f3n<\/a><\/td>\n<\/tr>\n<tr style=\"height: 48px;\">\n<td style=\"width: 61.2818%; height: 48px;\">Actualizaci\u00f3n llamamientos Bolsa Unificada 2021 derivada procesos selectivos 2009 a 2018 para la provisi\u00f3n del puesto de trabajo de Bombero\/a Conductor\/a. Con fecha de efectos 12\/05\/2023.<\/td>\n<td style=\"width: 7.72608%; height: 48px;\">12\/05\/2023<\/td>\n<td style=\"width: 30.1141%; height: 48px; text-align: center;\"><a href=\"https:\/\/www.bombersdv.es\/wp-content\/uploads\/2023\/05\/2021_Actualizacion-Bolsa-Unificada-Bombero-conductor.pdf\" target=\"_blank\" rel=\"noopener\">Actualizaci\u00f3n<\/a><\/td>\n<\/tr>\n<tr style=\"height: 48px;\">\n<td style=\"width: 61.2818%; height: 48px;\">Actualizaci\u00f3n llamamientos Bolsa Unificada 2021 derivada procesos selectivos 2009 a 2018 para la provisi\u00f3n del puesto de trabajo de Bombero\/a Conductor\/a. Con fecha de efectos 21\/06\/2023.<\/td>\n<td style=\"width: 7.72608%; height: 48px;\">21\/06\/2023<\/td>\n<td style=\"width: 30.1141%; height: 48px; text-align: center;\"><a href=\"https:\/\/www.bombersdv.es\/wp-content\/uploads\/2023\/06\/Actualizacion-Bolsa-Unificada-Bombero-conductor-19_06_2023-Copia-autentica-1.pdf\" target=\"_blank\" rel=\"noopener\">Actualizaci\u00f3n<\/a><\/td>\n<\/tr>\n<tr>\n<td style=\"width: 61.2818%;\">Instancia orden de preferencia por Parques<\/td>\n<td style=\"width: 7.72608%;\">20\/07\/2023<\/td>\n<td style=\"width: 30.1141%; text-align: center;\"><a href=\"https:\/\/www.bombersdv.es\/wp-content\/uploads\/2023\/07\/Instancia-GENERICA-destinos-bomberos-interinos.pdf\" target=\"_blank\" rel=\"noopener\">Instancia<\/a><\/td>\n<\/tr>\n<tr>\n<td style=\"width: 61.2818%;\">Actualizaci\u00f3n llamamientos Bolsa Unificada 2021 derivada procesos selectivos 2009 a 2018 para la provisi\u00f3n del puesto de trabajo de Bombero\/a Conductor\/a.\u00a0 Con fecha de efectos 16\/10\/2023.<\/td>\n<td style=\"width: 7.72608%;\">16\/10\/2023<\/td>\n<td style=\"width: 30.1141%; text-align: center;\"><a href=\"https:\/\/www.bombersdv.es\/wp-content\/uploads\/2023\/10\/Actualizacion-unificada-bolsa-bomberos-conductor-2009-2018-Copia-autentica.pdf\" target=\"_blank\" rel=\"noopener\">Actualizaci\u00f3n<\/a><\/td>\n<\/tr>\n<tr>\n<td style=\"width: 61.2818%;\">Actualizaci\u00f3n llamamientos Bolsa Unificada 2021 derivada procesos selectivos 2009 a 2018 para la provisi\u00f3n del puesto de trabajo de Bombero\/a Conductor\/a.\u00a0 Con fecha de efectos 16\/01\/2024.<\/td>\n<td style=\"width: 7.72608%;\">17\/01\/2024<\/td>\n<td style=\"width: 30.1141%; text-align: center;\"><a href=\"https:\/\/www.bombersdv.es\/wp-content\/uploads\/2024\/01\/2021_Actualizacion-Bolsa-Unificada-Bomberos-16_01_2023-Copia-autentica.pdf\" target=\"_blank\" rel=\"noopener\">Actualizaci\u00f3n<\/a><\/td>\n<\/tr>\n<tr>\n<td style=\"width: 61.2818%;\">Actualizaci\u00f3n llamamientos Bolsa Unificada 2021 derivada procesos selectivos 2009 a 2018 para la provisi\u00f3n del puesto de trabajo de Bombero\/a Conductor\/a.\u00a0 Con fecha de efectos 12\/02\/2024.<\/td>\n<td style=\"width: 7.72608%;\">19\/02\/2024<\/td>\n<td style=\"width: 30.1141%; text-align: center;\"><a href=\"https:\/\/www.bombersdv.es\/wp-content\/uploads\/2024\/02\/ACTUALITZACIO-BORSA-BOMBERS-Copia-autentica-1.pdf\" target=\"_blank\" rel=\"noopener\">Actualizaci\u00f3n<\/a><\/td>\n<\/tr>\n<tr>\n<td style=\"width: 61.2818%;\">Actualizaci\u00f3n llamamientos Bolsa Unificada 2021 derivada procesos selectivos 2009 a 2018 para la provisi\u00f3n del puesto de trabajo de Bombero\/a Conductor\/a.\u00a0 Con fecha de efectos 12\/03\/2024.<\/td>\n<td style=\"width: 7.72608%;\">12\/03\/2024<\/td>\n<td style=\"width: 30.1141%; text-align: center;\"><a href=\"https:\/\/www.bombersdv.es\/wp-content\/uploads\/2024\/03\/2021-BOLSA-UNIF-BOMBERO-CONDUCTOR-12_03_2024.pdf\" target=\"_blank\" rel=\"noopener\">Actualizaci\u00f3n<\/a><\/td>\n<\/tr>\n<tr>\n<td style=\"width: 61.2818%;\">Tr\u00e1mite de Audiencia en el Expediente sobre la modificaci\u00f3n parcial de los Criterios de Creaci\u00f3n y Funcionamiento de las Bolsas de trabajo Temporales Derivadas de procesos Selectivos del Consorcio.<\/td>\n<td style=\"width: 7.72608%;\">04\/04\/2024<\/td>\n<td style=\"width: 30.1141%; text-align: center;\"><a href=\"https:\/\/www.bombersdv.es\/wp-content\/uploads\/2024\/04\/TRAMITE-DE-AUDIENCIA-Copia-autentica.pdf\" target=\"_blank\" rel=\"noopener\">Tramite Audiencia<\/a><\/td>\n<\/tr>\n<tr>\n<td style=\"width: 61.2818%;\">Actualizaci\u00f3n llamamientos Bolsa Unificada 2021 derivada procesos selectivos 2009 a 2018 para la provisi\u00f3n del puesto de trabajo de Bombero\/a Conductor\/a.\u00a0 Con fecha de efectos 09\/04\/2024.<\/td>\n<td style=\"width: 7.72608%;\">09\/04\/2024<\/td>\n<td style=\"width: 30.1141%; text-align: center;\"><a href=\"https:\/\/www.bombersdv.es\/wp-content\/uploads\/2024\/04\/Actualizacion-Bolsa-Bomberos-conductores-09-04-2024.pdf\" target=\"_blank\" rel=\"noopener\">Actualizaci\u00f3n<\/a><\/td>\n<\/tr>\n<tr>\n<td style=\"width: 61.2818%;\">Actualizaci\u00f3n llamamientos Bolsa Unificada 2021 derivada procesos selectivos 2009 a 2018 para la provisi\u00f3n del puesto de trabajo de Bombero\/a Conductor\/a.\u00a0 Con fecha de efectos 07\/05\/2024.<\/td>\n<td style=\"width: 7.72608%;\">08\/05\/2024<\/td>\n<td style=\"width: 30.1141%; text-align: center;\"><a href=\"https:\/\/www.bombersdv.es\/wp-content\/uploads\/2024\/05\/2021-bolsa-unificada-Actualizacion-Bolsa-Bomberos-07_05_2024-Copia-autentica.pdf\" target=\"_blank\" rel=\"noopener\">Actualizaci\u00f3n<\/a><\/td>\n<\/tr>\n<tr>\n<td style=\"width: 61.2818%;\">Actualizaci\u00f3n llamamientos Bolsa Unificada 2021 derivada procesos selectivos 2009 a 2018 para la provisi\u00f3n del puesto de trabajo de Bombero\/a Conductor\/a.\u00a0 Con fecha de efectos 06\/06\/2024.<\/td>\n<td style=\"width: 7.72608%;\">19\/06\/2024<\/td>\n<td style=\"width: 30.1141%; text-align: center;\"><a href=\"https:\/\/www.bombersdv.es\/wp-content\/uploads\/2024\/06\/Actualizacion-bolsa-unificada-bombero-conductor-a-06_06_2024-Copia-autentica.pdf\" target=\"_blank\" rel=\"noopener\">Actualizaci\u00f3n<\/a><\/td>\n<\/tr>\n<tr>\n<td style=\"width: 61.2818%;\">Actualizaci\u00f3n llamamientos Bolsa Unificada 2021 derivada procesos selectivos 2009 a 2018 para la provisi\u00f3n del puesto de trabajo de Bombero\/a Conductor\/a.\u00a0 Con fecha de efectos 30\/07\/2024.<\/td>\n<td style=\"width: 7.72608%;\">30\/07\/2024<\/td>\n<td style=\"width: 30.1141%; text-align: center;\"><a href=\"https:\/\/www.bombersdv.es\/wp-content\/uploads\/2024\/07\/ACTUALITZACIO-BORSA-UNIFICADA-BOMBERS_-30_07_2024-Copia-autentica.pdf\" target=\"_blank\" rel=\"noopener\">Actualizaci\u00f3n<\/a><\/td>\n<\/tr>\n<tr>\n<td style=\"width: 61.2818%;\">Actualizaci\u00f3n llamamientos Bolsa Unificada 2021 derivada procesos selectivos 2009 a 2018 para la provisi\u00f3n del puesto de trabajo de Bombero\/a Conductor\/a.\u00a0 Con fecha de efectos 12\/12\/2024.<\/td>\n<td style=\"width: 7.72608%;\">13\/12\/2024<\/td>\n<td style=\"width: 30.1141%; text-align: center;\"><a href=\"https:\/\/www.bombersdv.es\/wp-content\/uploads\/2024\/12\/2021_Act-Bolsa-unif-Bomberos-12_12_2024.pdf\" target=\"_blank\" rel=\"noopener\">Actualizacion<\/a><\/td>\n<\/tr>\n<tr>\n<td style=\"width: 61.2818%;\">Actualizaci\u00f3n llamamientos Bolsa Unificada 2021 derivada procesos selectivos 2009 a 2018 para la provisi\u00f3n del puesto de trabajo de Bombero\/a Conductor\/a.\u00a0 Con fecha de efectos 12\/05\/2025.<\/td>\n<td style=\"width: 7.72608%;\">13\/05\/2025<\/td>\n<td style=\"width: 30.1141%; text-align: center;\"><a href=\"https:\/\/www.bombersdv.es\/wp-content\/uploads\/2025\/05\/ACTUALIZACION-BOLSA-UNIFICADA-PUESTO-BOMBERO-CONDUCTOR-Copia-autentica.pdf\" target=\"_blank\" rel=\"noopener\">Actualizaci\u00f3n<\/a><\/td>\n<\/tr>\n<tr>\n<td style=\"width: 61.2818%;\">\n<p>Actualizaci\u00f3n Bolsa Unificada de Bombero\/a Conductor\/a por incorporaci\u00f3n de la Bolsa de trabajo derivada del proceso selectivo 2023\/Op001.<\/p>\n<p>(En aplicaci\u00f3n del art. 39.2 y 40.3 de la Ley 39\/2015 de Procedimiento Administrativo, dicha notificaci\u00f3n se entender\u00e1 practicada con efectos de su publicaci\u00f3n).<\/td>\n<td style=\"width: 7.72608%;\">21\/11\/2025<\/td>\n<td style=\"width: 30.1141%; text-align: center;\"><a href=\"https:\/\/www.bombersdv.es\/wp-content\/uploads\/2025\/11\/aCTUALIZACION-BOLSA-UNIFICADA.pdf\" target=\"_blank\" rel=\"noopener\">Decreto n\u00fam 2025\/1620, de 22\/10.<\/a><\/td>\n<\/tr>\n<tr>\n<td style=\"width: 61.2818%;\">Actualizaci\u00f3n\u00a0 Bolsa Unificada 2021 derivada procesos selectivos 2009 a 2023 para la provisi\u00f3n del puesto de trabajo de Bombero\/a Conductor\/a.\u00a0 Con fecha de efectos 05\/03\/2026.<\/td>\n<td style=\"width: 7.72608%;\">05\/03\/2026<\/td>\n<td style=\"width: 30.1141%; text-align: center;\"><a href=\"https:\/\/www.bombersdv.es\/wp-content\/uploads\/2026\/03\/Actualizacion-Bolsa-UNIFICADA-Bombero-Conductor-2009-2023-Copia-autentica.pdf\" target=\"_blank\" rel=\"noopener\">Actualizaci\u00f3n<\/a><\/td>\n<\/tr>\n<tr>\n<td style=\"width: 61.2818%;\">Actualizaci\u00f3n\u00a0 Bolsa Unificada 2021 derivada procesos selectivos 2009 a 2023 para la provisi\u00f3n del puesto de trabajo de Bombero\/a Conductor\/a.<\/td>\n<td style=\"width: 7.72608%;\">31\/03\/2026<\/td>\n<td style=\"width: 30.1141%; text-align: center;\"><a href=\"https:\/\/www.bombersdv.es\/wp-content\/uploads\/2026\/03\/Actualizacion-Bolsa-UNIFICADA-BOMBERO_A-CONDUCTOR_A-Copia-autentica.pdf\" target=\"_blank\" rel=\"noopener\">Actualizaci\u00f3n<\/a><\/td>\n<\/tr>\n<\/tbody>\n<\/table>\n<\/div>\n<\/div><div class=\"fusion-clearfix\"><\/div><\/div><\/div><\/div><\/div>\n","protected":false},"excerpt":{"rendered":"","protected":false},"author":192,"featured_media":0,"parent":75864,"menu_order":0,"comment_status":"closed","ping_status":"closed","template":"","meta":{"footnotes":""},"class_list":["post-56110","page","type-page","status-publish","hentry"],"_links":{"self":[{"href":"https:\/\/www.bombersdv.es\/es\/wp-json\/wp\/v2\/pages\/56110"}],"collection":[{"href":"https:\/\/www.bombersdv.es\/es\/wp-json\/wp\/v2\/pages"}],"about":[{"href":"https:\/\/www.bombersdv.es\/es\/wp-json\/wp\/v2\/types\/page"}],"author":[{"embeddable":true,"href":"https:\/\/www.bombersdv.es\/es\/wp-json\/wp\/v2\/users\/192"}],"replies":[{"embeddable":true,"href":"https:\/\/www.bombersdv.es\/es\/wp-json\/wp\/v2\/comments?post=56110"}],"version-history":[{"count":52,"href":"https:\/\/www.bombersdv.es\/es\/wp-json\/wp\/v2\/pages\/56110\/revisions"}],"predecessor-version":[{"id":76177,"href":"https:\/\/www.bombersdv.es\/es\/wp-json\/wp\/v2\/pages\/56110\/revisions\/76177"}],"up":[{"embeddable":true,"href":"https:\/\/www.bombersdv.es\/es\/wp-json\/wp\/v2\/pages\/75864"}],"wp:attachment":[{"href":"https:\/\/www.bombersdv.es\/es\/wp-json\/wp\/v2\/media?parent=56110"}],"curies":[{"name":"wp","href":"https:\/\/api.w.org\/{rel}","templated":true}]}}