{"id":57867,"date":"2022-03-23T23:43:03","date_gmt":"2022-03-23T22:43:03","guid":{"rendered":"https:\/\/www.bombersdv.es\/?page_id=57867"},"modified":"2024-12-02T09:50:22","modified_gmt":"2024-12-02T08:50:22","slug":"brigadas","status":"publish","type":"page","link":"https:\/\/www.bombersdv.es\/es\/areas-operativas\/brigadas\/","title":{"rendered":"Brigadas"},"content":{"rendered":"<p><div class=\"fusion-fullwidth fullwidth-box fusion-builder-row-1 nonhundred-percent-fullwidth non-hundred-percent-height-scrolling\" style=\"--awb-background-position:left top;--awb-border-sizes-top:0px;--awb-border-sizes-bottom:0px;--awb-border-sizes-left:0px;--awb-border-sizes-right:0px;--awb-border-radius-top-left:0px;--awb-border-radius-top-right:0px;--awb-border-radius-bottom-right:0px;--awb-border-radius-bottom-left:0px;--awb-padding-top:30px;--awb-padding-bottom:80px;--awb-flex-wrap:wrap;\" ><div class=\"fusion-builder-row fusion-row\"><div class=\"fusion-layout-column fusion_builder_column fusion-builder-column-0 fusion_builder_column_1_1 1_1 fusion-one-full fusion-column-first fusion-column-last\" style=\"--awb-padding-top:20px;--awb-padding-right:20px;--awb-padding-bottom:20px;--awb-padding-left:20px;--awb-bg-size:cover;--awb-margin-bottom:0px;\"><div class=\"fusion-column-wrapper fusion-flex-column-wrapper-legacy\"><div class=\"fusion-clearfix\"><\/div><\/div><\/div><div class=\"fusion-layout-column fusion_builder_column fusion-builder-column-1 fusion_builder_column_3_4 3_4 fusion-three-fourth fusion-column-first\" style=\"--awb-padding-top:20px;--awb-padding-right:20px;--awb-padding-bottom:20px;--awb-padding-left:20px;--awb-bg-size:cover;--awb-margin-bottom:0px;width:74%; margin-right: 4%;\"><div class=\"fusion-column-wrapper fusion-flex-column-wrapper-legacy\"><div class=\"fusion-text fusion-text-1\"><p align=\"justify\">Las Brigadas Forestales del Consorcio Provincial de Bomberos de Valencia tienen como objetivo principal desarrollar trabajos de prevenci\u00f3n de incendios forestales, entre los que se incluyen especialmente la silvicultura y la vigilancia preventiva. De igual forma, interviene como servicio complementario en otras emergencias, con especial menci\u00f3n a la extinci\u00f3n de incendios forestales.<\/p>\n<p align=\"justify\">Los principales trabajos desarrollados por las Brigadas Forestales se centran en labores de silvicultura preventiva relacionados con la protecci\u00f3n poblacional, como son las intervenciones en la interfaz-urbano forestal, as\u00ed como en las v\u00edas de acceso que permiten el uso seguro de \u00e9stas por parte de los medios de extinci\u00f3n y la poblaci\u00f3n.<\/p>\n<p align=\"justify\">Adem\u00e1s de los trabajos selv\u00edcolas, las Brigadas Forestales realizan una importante labor de vigilancia preventiva y disuasoria, principalmente en los periodos de mayor riesgo como son la Semana Santa y Pascua, as\u00ed como durante la \u00e9poca estival.<\/p>\n<p align=\"justify\">Por \u00faltimo, estas polivalentes brigadas intervienen en emergencias en entornos rurales como servicio complementario. Principalmente dedicadas a las tareas de extinci\u00f3n de incendios forestales, tambi\u00e9n apoyan otras intervenciones como las relacionadas con la b\u00fasqueda de personas o fen\u00f3menos meteorol\u00f3gicos (inundaciones, nevadas, temporales de viento, etc.).<\/p>\n<p align=\"justify\">Anualmente, las Brigadas Forestales realizan cerca de 400 actuaciones silv\u00edcolas y participan en m\u00e1s de 350 servicios de emergencias, lo que muestra la importancia de este colectivo para la prevenci\u00f3n y la extinci\u00f3n de incendios forestales en la provincia de Valencia.<\/p>\n<\/div><div class=\"fusion-clearfix\"><\/div><\/div><\/div><div class=\"fusion-layout-column fusion_builder_column fusion-builder-column-2 fusion_builder_column_1_4 1_4 fusion-one-fourth fusion-column-last\" style=\"--awb-padding-top:20px;--awb-padding-right:20px;--awb-padding-bottom:20px;--awb-padding-left:20px;--awb-bg-size:cover;--awb-margin-bottom:0px;width:22%;\"><div class=\"fusion-column-wrapper fusion-flex-column-wrapper-legacy\"><div class=\"fusion-image-element in-legacy-container\" style=\"--awb-caption-title-font-family:var(--h2_typography-font-family);--awb-caption-title-font-weight:var(--h2_typography-font-weight);--awb-caption-title-font-style:var(--h2_typography-font-style);--awb-caption-title-size:var(--h2_typography-font-size);--awb-caption-title-transform:var(--h2_typography-text-transform);--awb-caption-title-line-height:var(--h2_typography-line-height);--awb-caption-title-letter-spacing:var(--h2_typography-letter-spacing);\"><span class=\" fusion-imageframe imageframe-none imageframe-1 hover-type-none\"><a class=\"fusion-no-lightbox\" href=\"https:\/\/www.bombersdv.es\/wp-content\/uploads\/2024\/12\/PARQUE-BOMBEROS-Y-BASES-BRIFO_OSM-scaled.jpg\" target=\"_blank\" aria-label=\"PARQUE BOMBEROS Y BASES BRIFO_OSM\" rel=\"noopener noreferrer\"><img decoding=\"async\" width=\"1808\" height=\"2560\" src=\"https:\/\/www.bombersdv.es\/wp-content\/uploads\/2024\/12\/PARQUE-BOMBEROS-Y-BASES-BRIFO_OSM-scaled.jpg\" alt class=\"img-responsive wp-image-71409\" srcset=\"https:\/\/www.bombersdv.es\/wp-content\/uploads\/2024\/12\/PARQUE-BOMBEROS-Y-BASES-BRIFO_OSM-200x283.jpg 200w, https:\/\/www.bombersdv.es\/wp-content\/uploads\/2024\/12\/PARQUE-BOMBEROS-Y-BASES-BRIFO_OSM-400x566.jpg 400w, https:\/\/www.bombersdv.es\/wp-content\/uploads\/2024\/12\/PARQUE-BOMBEROS-Y-BASES-BRIFO_OSM-600x850.jpg 600w, https:\/\/www.bombersdv.es\/wp-content\/uploads\/2024\/12\/PARQUE-BOMBEROS-Y-BASES-BRIFO_OSM-800x1133.jpg 800w, https:\/\/www.bombersdv.es\/wp-content\/uploads\/2024\/12\/PARQUE-BOMBEROS-Y-BASES-BRIFO_OSM-1200x1699.jpg 1200w, https:\/\/www.bombersdv.es\/wp-content\/uploads\/2024\/12\/PARQUE-BOMBEROS-Y-BASES-BRIFO_OSM-scaled.jpg 1808w\" sizes=\"(max-width: 800px) 100vw, 400px\" \/><\/a><\/span><\/div><div class=\"fusion-clearfix\"><\/div><\/div><\/div><\/div><\/div><div class=\"fusion-fullwidth fullwidth-box fusion-builder-row-2 hundred-percent-fullwidth non-hundred-percent-height-scrolling fusion-equal-height-columns\" style=\"--awb-background-position:left top;--awb-border-sizes-top:0px;--awb-border-sizes-bottom:0px;--awb-border-sizes-left:0px;--awb-border-sizes-right:0px;--awb-border-radius-top-left:0px;--awb-border-radius-top-right:0px;--awb-border-radius-bottom-right:0px;--awb-border-radius-bottom-left:0px;--awb-padding-top:30px;--awb-padding-right:0px;--awb-padding-bottom:0px;--awb-padding-left:0px;--awb-flex-wrap:wrap;\" ><div class=\"fusion-builder-row fusion-row\"><div class=\"fusion-layout-column fusion_builder_column fusion-builder-column-3 fusion_builder_column_1_1 1_1 fusion-one-full fusion-column-first fusion-column-last fusion-column-no-min-height\" style=\"--awb-bg-size:cover;--awb-margin-bottom:0px;\"><div class=\"fusion-column-wrapper fusion-flex-column-wrapper-legacy\"><div class=\"fusion-clearfix\"><\/div><\/div><\/div><\/div><\/div><\/p>\n","protected":false},"excerpt":{"rendered":"","protected":false},"author":643,"featured_media":0,"parent":12188,"menu_order":0,"comment_status":"closed","ping_status":"closed","template":"100-width.php","meta":{"footnotes":""},"class_list":["post-57867","page","type-page","status-publish","hentry"],"_links":{"self":[{"href":"https:\/\/www.bombersdv.es\/es\/wp-json\/wp\/v2\/pages\/57867"}],"collection":[{"href":"https:\/\/www.bombersdv.es\/es\/wp-json\/wp\/v2\/pages"}],"about":[{"href":"https:\/\/www.bombersdv.es\/es\/wp-json\/wp\/v2\/types\/page"}],"author":[{"embeddable":true,"href":"https:\/\/www.bombersdv.es\/es\/wp-json\/wp\/v2\/users\/643"}],"replies":[{"embeddable":true,"href":"https:\/\/www.bombersdv.es\/es\/wp-json\/wp\/v2\/comments?post=57867"}],"version-history":[{"count":5,"href":"https:\/\/www.bombersdv.es\/es\/wp-json\/wp\/v2\/pages\/57867\/revisions"}],"predecessor-version":[{"id":71411,"href":"https:\/\/www.bombersdv.es\/es\/wp-json\/wp\/v2\/pages\/57867\/revisions\/71411"}],"up":[{"embeddable":true,"href":"https:\/\/www.bombersdv.es\/es\/wp-json\/wp\/v2\/pages\/12188"}],"wp:attachment":[{"href":"https:\/\/www.bombersdv.es\/es\/wp-json\/wp\/v2\/media?parent=57867"}],"curies":[{"name":"wp","href":"https:\/\/api.w.org\/{rel}","templated":true}]}}