{"id":57960,"date":"2022-03-25T13:11:34","date_gmt":"2022-03-25T12:11:34","guid":{"rendered":"https:\/\/www.bombersdv.es\/?page_id=57960"},"modified":"2022-03-25T13:11:34","modified_gmt":"2022-03-25T12:11:34","slug":"actividad-de-tratamiento-transparencia-acceso-a-la-informacion","status":"publish","type":"page","link":"https:\/\/www.bombersdv.es\/es\/portal-de-transparencia\/atencion-e-informacion-al-ciudadano\/formularios-y-solicitudes\/actividad-de-tratamiento-transparencia-acceso-a-la-informacion\/","title":{"rendered":"ACTIVIDAD DE TRATAMIENTO Transparencia: acceso a la informaci\u00f3n"},"content":{"rendered":"<table style=\"border-collapse: collapse; width: 100%;\" border=\"1\">\n<tbody>\n<tr style=\"height: 24px;\">\n<td style=\"width: 21.1385%; height: 24px; background-color: #000000;\">\n<h1 class=\"western\" align=\"center\"><span style=\"color: #ffffff;\"><span style=\"font-family: Arial, sans-serif;\"><span style=\"font-size: medium;\"><b>ACTIVIDAD DE TRATAMIENTO<\/b><\/span><\/span><\/span><\/h1>\n<\/td>\n<td style=\"width: 78.8615%; height: 24px; background-color: #000000;\">\n<h1 class=\"western\" align=\"center\"><span style=\"color: #ffffff;\"><span style=\"font-family: Arial, sans-serif;\"><span style=\"font-size: medium;\"><b>Transparencia: acceso a la informaci\u00f3n<\/b><\/span><\/span><\/span><\/h1>\n<\/td>\n<\/tr>\n<tr style=\"height: 24px;\">\n<td style=\"width: 21.1385%; height: 24px;\">\n<p style=\"text-align: center;\"><strong><span style=\"color: #000000;\"><span style=\"font-family: Arial, sans-serif;\"><b>Base jur\u00eddica<\/b><\/span><\/span><\/strong><\/p>\n<\/td>\n<td style=\"width: 78.8615%; height: 24px;\">\n<p align=\"justify\"><span style=\"color: #000000;\"><span style=\"font-family: Arial, sans-serif;\">La base legal para tratar los datos personales se corresponde con el RGPD: 6.1.c) Tratamiento necesario para el cumplimiento de una obligaci\u00f3n legal aplicable al responsable del tratamiento: <\/span><\/span><\/p>\n<p align=\"justify\"><span style=\"color: #000000;\"><span style=\"font-family: Arial, sans-serif;\">Ley 19\/2013, de 9 de diciembre, de Transparencia, Acceso a la Informaci\u00f3n P\u00fablica y Buen Gobierno.<\/span><\/span><\/p>\n<\/td>\n<\/tr>\n<tr style=\"height: 24px;\">\n<td style=\"width: 21.1385%; height: 24px;\">\n<p style=\"text-align: center;\"><strong><span style=\"color: #000000;\"><span style=\"font-family: Arial, sans-serif;\"><b>Fines del tratamiento<\/b><\/span><\/span><\/strong><\/p>\n<\/td>\n<td style=\"width: 78.8615%; height: 24px;\">\n<p align=\"justify\"><span style=\"color: #000000;\"><span style=\"font-family: Arial, sans-serif;\">Registrar y tramitar las peticiones de acceso a la informaci\u00f3n realizadas por la ciudadan\u00eda al amparo de la Ley 19\/2013, de 9 de diciembre, de transparencia, acceso a la informaci\u00f3n y buen gobierno.<\/span><\/span><\/p>\n<\/td>\n<\/tr>\n<tr style=\"height: 24px;\">\n<td style=\"width: 21.1385%; height: 24px; text-align: center;\"><strong><span style=\"color: #000000;\"><span style=\"font-family: Arial, sans-serif;\"><b>Colectivo<\/b><\/span><\/span><\/strong><\/td>\n<td style=\"width: 78.8615%; height: 24px;\">\n<p align=\"justify\"><span style=\"color: #000000;\"><span style=\"font-family: Arial, sans-serif;\">Solicitantes de informaci\u00f3n p\u00fablica.<\/span><\/span><\/p>\n<p align=\"justify\"><span style=\"color: #000000;\"><span style=\"font-family: Arial, sans-serif;\">Terceros: Pueden afectar a los datos de otras personas que se incluyen en las solicitudes de transparencia y a los que se considera terceros de acuerdo al art\u00edculo 19.3 de la citada Ley.<\/span><\/span><\/p>\n<\/td>\n<\/tr>\n<tr style=\"height: 24px;\">\n<td style=\"width: 21.1385%; height: 24px; text-align: center;\"><strong><span style=\"color: #000000;\"><span style=\"font-family: Arial, sans-serif;\">Procedencia de los datos <\/span><\/span><\/strong><\/td>\n<td style=\"width: 78.8615%; height: 24px;\">\n<p align=\"justify\"><span style=\"color: #000000;\"><span style=\"font-family: Arial, sans-serif;\">Los datos tratados proceden de los solicitantes. Si no se oponen podr\u00e1n proceder de los diferentes sistemas de verificaci\u00f3n de datos de la administraci\u00f3n.<\/span><\/span><\/p>\n<\/td>\n<\/tr>\n<tr style=\"height: 24px;\">\n<td style=\"width: 21.1385%; height: 24px; text-align: center;\"><strong><span style=\"color: #000000;\"><span style=\"font-family: Arial, sans-serif;\"><b>Categor\u00edas de Datos<\/b><\/span><\/span><\/strong><\/td>\n<td style=\"width: 78.8615%; height: 24px;\">\n<p align=\"justify\"><span style=\"color: #000000;\"><span style=\"font-family: Arial, sans-serif;\">De car\u00e1cter identificativo: Nombre y apellidos, NIF\/DNI, direcci\u00f3n postal y o correo electr\u00f3nico, tel\u00e9fono y firma.<\/span><\/span><\/p>\n<\/td>\n<\/tr>\n<tr style=\"height: 24px;\">\n<td style=\"width: 21.1385%; height: 24px;\">\n<p style=\"text-align: center;\"><strong><span style=\"color: #000000;\"><span style=\"font-family: Arial, sans-serif;\"><b>Categor\u00eda personas destinatarias<\/b><\/span><\/span><\/strong><\/p>\n<\/td>\n<td style=\"width: 78.8615%; height: 24px;\">\n<p align=\"justify\"><span style=\"color: #000000;\"><span style=\"font-family: Arial, sans-serif;\">Los datos se comunicar\u00e1n a las unidades del Consorcio competentes en la materia sobre la que verse la petici\u00f3n de informaci\u00f3n.<\/span><\/span><\/p>\n<p align=\"justify\"><span style=\"color: #000000;\"><span style=\"font-family: Arial, sans-serif;\">Hacia el exterior del Consorcio no se prev\u00e9n. <\/span><\/span><\/p>\n<p align=\"justify\"><span style=\"color: #000000;\"><span style=\"font-family: Arial, sans-serif;\">En cualquier caso podr\u00edan tratarse a requerimiento de Defensor del Pueblo u hom\u00f3logo en C.V.; Autoridad de control de Protecci\u00f3n de Datos; Otros \u00f3rganos de la Administraci\u00f3n de la Comunidad Aut\u00f3noma; Otros \u00f3rganos de la Administraci\u00f3n del Estado; \u00d3rganos legislativos y jurisdiccionales. <\/span><\/span><\/p>\n<\/td>\n<\/tr>\n<tr style=\"height: 24px;\">\n<td style=\"width: 21.1385%; height: 24px; text-align: center;\"><strong><span style=\"color: #000000;\"><span style=\"font-family: Arial, sans-serif;\"><b>Transferencias Internacionales<\/b><\/span><\/span><\/strong><\/td>\n<td style=\"width: 78.8615%; height: 24px;\">\n<p align=\"justify\"><span style=\"color: #000000;\"><span style=\"font-family: Arial, sans-serif;\">No est\u00e1n previstas transferencias internacionales de los datos.<\/span><\/span><\/p>\n<\/td>\n<\/tr>\n<tr style=\"height: 24px;\">\n<td style=\"width: 21.1385%; height: 24px; text-align: center;\"><strong><span style=\"color: #000000;\"><span style=\"font-family: Arial, sans-serif;\"><b>Plazo supresi\u00f3n<\/b><\/span><\/span><\/strong><\/td>\n<td style=\"width: 78.8615%; height: 24px;\">\n<p align=\"justify\"><span style=\"color: #000000;\"><span style=\"font-family: Arial, sans-serif;\">Se conservar\u00e1n durante el tiempo que sea necesario para cumplir con la finalidad para la que se recabaron y para determinar las posibles responsabilidades que se pudieran derivar de dicha finalidad y del tratamiento de los datos. Ser\u00e1 de aplicaci\u00f3n lo dispuesto en la normativa de archivos y documentaci\u00f3n.<\/span><\/span><\/p>\n<\/td>\n<\/tr>\n<tr>\n<td style=\"width: 21.1385%; text-align: center;\"><strong><span style=\"color: #000000;\"><span style=\"font-family: Arial, sans-serif;\"><b>Medidas de seguridad<\/b><\/span><\/span><\/strong><\/td>\n<td style=\"width: 78.8615%;\" width=\"639\">\n<p align=\"justify\"><span style=\"color: #000000;\"><span style=\"font-family: Arial, sans-serif;\">Las medidas de seguridad garantizar\u00e1n la confidencialidad, integridad, disponibilidad y resiliencia permanentes de los sistemas y servicios de tratamiento que resulten apropiadas para garantizar un nivel de seguridad adecuado al riesgo del tratamiento, en los t\u00e9rminos exigidos por el art\u00edculo 32.1 del RGPD.<\/span><\/span><\/p>\n<p align=\"justify\"><span style=\"color: #000000;\"><span style=\"font-family: Arial, sans-serif;\">Se corresponden con las previstas en el Anexo II (Medidas de seguridad) del Real Decreto 3\/2010, de 8 de enero, por el que se regula el Esquema Nacional de Seguridad en el \u00e1mbito de la Administraci\u00f3n Electr\u00f3nica y en el marco de los documentos que conforman la Pol\u00edtica de protecci\u00f3n de seguridad de la informaci\u00f3n del Consorcio <\/span><\/span><\/p>\n<\/td>\n<\/tr>\n<tr>\n<td style=\"width: 21.1385%; text-align: center;\"><strong><span style=\"color: #000000;\"><span style=\"font-family: Arial, sans-serif;\"><b>Entidad responsable<\/b><\/span><\/span><\/strong><\/td>\n<td style=\"width: 78.8615%;\">\n<p align=\"justify\"><span style=\"color: #000000;\"><span style=\"font-family: Arial, sans-serif;\"><b>Responsable del tratamiento<\/b> :<\/span><\/span><\/p>\n<p align=\"justify\"><span style=\"color: #000000;\"><span style=\"font-family: Arial, sans-serif;\"><b>Identidad<\/b>: Consorcio para el Servicio de Prevenci\u00f3n y Extinci\u00f3n de Incendios y de Salvamento de la provincia de Valencia<\/span><\/span><\/p>\n<p align=\"justify\"><span style=\"color: #000000;\"><span style=\"font-family: Arial, sans-serif;\"><b>Forma de contactar con el responsable:<\/b> Por correo electr\u00f3nico en la direcci\u00f3n infobombers@bombersdv.es Por correo postal, en la direcci\u00f3n Avellanas 14, 46003 Val\u00e8ncia.<\/span><\/span><\/p>\n<p align=\"justify\"><span style=\"color: #000000;\"><span style=\"font-family: Arial, sans-serif;\"><b>Datos de Contacto del Delegado de protecci\u00f3n de datos<\/b>: Para cualquier consulta o queja relacionada con el tratamiento de estos datos, el Consorcio pone a disposici\u00f3n de los interesados el buz\u00f3n del delegado de protecci\u00f3n de datos dpd@bombersdv.es<\/span><\/span><\/p>\n<p align=\"justify\"><span style=\"color: #000000;\"><span style=\"font-family: Arial, sans-serif;\">Para solicitar el <\/span><\/span><span style=\"color: #000000;\"><span style=\"font-family: Arial, sans-serif;\"><b>acceso, la rectificaci\u00f3n, supresi\u00f3n o limitaci\u00f3n del tratamiento de los datos personales o para oponerse al tratamiento,<\/b><\/span><\/span><span style=\"color: #000000;\"><span style=\"font-family: Arial, sans-serif;\"> en el caso de se den los requisitos establecidos en el Reglamento General de Protecci\u00f3n de Datos, as\u00ed como en la Ley Org\u00e1nica 3\/2018, de 5 de diciembre, de Protecci\u00f3n de Datos Personal y garant\u00eda de los derechos digitales, <\/span><\/span><span style=\"color: #000000;\"><span style=\"font-family: Arial, sans-serif;\">se <\/span><\/span><span style=\"color: #000000;\"><span style=\"font-family: Arial, sans-serif;\">puede dirigir un escrito a<\/span><\/span><span style=\"color: #000000;\"><span style=\"font-family: Arial, sans-serif;\">l Consorcio en la direcci\u00f3n indicada m\u00e1s arriba <\/span><\/span><span style=\"color: #000000;\"><span style=\"font-family: Arial, sans-serif;\"> o en el <\/span><\/span><span style=\"color: #000000;\"><span style=\"font-family: Arial, sans-serif;\">registro electr\u00f3nico https:\/\/sede.bombersdv.es\/<\/span><\/span><\/p>\n<\/td>\n<\/tr>\n<tr style=\"height: 24px;\">\n<td style=\"width: 21.1385%; height: 24px;\">\n<p style=\"text-align: center;\"><strong><span style=\"color: #000000;\"><span style=\"font-family: Arial, sans-serif;\">Unidad responsable de la tramitaci\u00f3n<\/span><\/span><\/strong><\/p>\n<\/td>\n<td style=\"width: 78.8615%; height: 24px;\">\n<p align=\"justify\"><span style=\"color: #000000;\"><span style=\"font-family: Arial, sans-serif;\">Transparencia, Comunicaci\u00f3n y Protecci\u00f3n de Datos del Consorcio.<\/span><\/span><\/p>\n<\/td>\n<\/tr>\n<\/tbody>\n<\/table>\n<p>&nbsp;<\/p>\n","protected":false},"excerpt":{"rendered":"<p>ACTIVIDAD DE TRATAMIENTO Transparencia: acceso a la informaci\u00f3n Base jur\u00eddica La base legal para tratar los datos personales se corresponde con el RGPD: 6.1.c) Tratamiento necesario para el cumplimiento de una obligaci\u00f3n legal aplicable al responsable del tratamiento: Ley 19\/2013, de 9 de diciembre, de Transparencia, Acceso a la Informaci\u00f3n P\u00fablica y Buen Gobierno. Fines [&hellip;]<\/p>\n","protected":false},"author":183,"featured_media":0,"parent":18476,"menu_order":0,"comment_status":"closed","ping_status":"closed","template":"","meta":{"footnotes":""},"class_list":["post-57960","page","type-page","status-publish","hentry"],"_links":{"self":[{"href":"https:\/\/www.bombersdv.es\/es\/wp-json\/wp\/v2\/pages\/57960"}],"collection":[{"href":"https:\/\/www.bombersdv.es\/es\/wp-json\/wp\/v2\/pages"}],"about":[{"href":"https:\/\/www.bombersdv.es\/es\/wp-json\/wp\/v2\/types\/page"}],"author":[{"embeddable":true,"href":"https:\/\/www.bombersdv.es\/es\/wp-json\/wp\/v2\/users\/183"}],"replies":[{"embeddable":true,"href":"https:\/\/www.bombersdv.es\/es\/wp-json\/wp\/v2\/comments?post=57960"}],"version-history":[{"count":2,"href":"https:\/\/www.bombersdv.es\/es\/wp-json\/wp\/v2\/pages\/57960\/revisions"}],"predecessor-version":[{"id":57962,"href":"https:\/\/www.bombersdv.es\/es\/wp-json\/wp\/v2\/pages\/57960\/revisions\/57962"}],"up":[{"embeddable":true,"href":"https:\/\/www.bombersdv.es\/es\/wp-json\/wp\/v2\/pages\/18476"}],"wp:attachment":[{"href":"https:\/\/www.bombersdv.es\/es\/wp-json\/wp\/v2\/media?parent=57960"}],"curies":[{"name":"wp","href":"https:\/\/api.w.org\/{rel}","templated":true}]}}