{"id":58138,"date":"2022-04-04T09:09:59","date_gmt":"2022-04-04T07:09:59","guid":{"rendered":"https:\/\/www.bombersdv.es\/?page_id=58138"},"modified":"2025-02-06T14:29:48","modified_gmt":"2025-02-06T13:29:48","slug":"2022-op002-proceso-para-la-cobertura-de-4-plazas-de-oficial-en-el-consorcio-provincial-de-bomberos-de-valencia-promocion-interna-turno-libre-y-movilidad","status":"publish","type":"page","link":"https:\/\/www.bombersdv.es\/es\/oposiciones\/procesos-finalizados\/2022-op002-proceso-para-la-cobertura-de-4-plazas-de-oficial-en-el-consorcio-provincial-de-bomberos-de-valencia-promocion-interna-turno-libre-y-movilidad\/","title":{"rendered":"2022\/OP002: Proceso para la cobertura de 4 plazas de Oficial en el Consorcio Provincial de Bomberos de Valencia. Promoci\u00f3n Interna, Turno libre y Movilidad"},"content":{"rendered":"<div class=\"fusion-fullwidth fullwidth-box fusion-builder-row-1 nonhundred-percent-fullwidth non-hundred-percent-height-scrolling\" style=\"--awb-background-position:left top;--awb-border-radius-top-left:0px;--awb-border-radius-top-right:0px;--awb-border-radius-bottom-right:0px;--awb-border-radius-bottom-left:0px;--awb-padding-top:20px;--awb-padding-bottom:20px;--awb-border-sizes-top:0px;--awb-border-sizes-bottom:0px;--awb-flex-wrap:wrap;\" ><div class=\"fusion-builder-row fusion-row\"><div class=\"fusion-layout-column fusion_builder_column fusion-builder-column-0 fusion_builder_column_1_1 1_1 fusion-one-full fusion-column-first fusion-column-last fusion-column-no-min-height\" style=\"--awb-bg-size:cover;--awb-margin-bottom:0px;\"><div class=\"fusion-column-wrapper fusion-flex-column-wrapper-legacy\"><div class=\"fusion-title title fusion-title-1 fusion-sep-none fusion-title-text fusion-title-size-two\"><h2 class=\"fusion-title-heading title-heading-left fusion-responsive-typography-calculated\" style=\"margin:0;--fontSize:34;line-height:1.09;\">2022\/OP002: Proceso para la cobertura de 4 plazas de Oficial en el Consorcio Provincial de Bomberos de Valencia. Promoci\u00f3n Interna, Turno libre y Movilidad<\/h2><\/div><div class=\"fusion-text fusion-text-1\"><div class=\"table-2\">\n<table style=\"height: 240px;\" width=\"100%\">\n<thead>\n<tr style=\"height: 24px;\">\n<th style=\"height: 24px; width: 76.1421%;\">Tr\u00e1mite<\/th>\n<th style=\"height: 24px; width: 6.59899%;\">Fecha<\/th>\n<th style=\"height: 24px; width: 16.0986%;\">Documento(s)<\/th>\n<td style=\"height: 24px; width: 0.290065%;\"><\/td>\n<\/tr>\n<\/thead>\n<tbody>\n<tr style=\"height: 48px;\">\n<td style=\"height: 48px; width: 76.1421%;\">Publicaci\u00f3n BOPV de las Bases que regulan el proceso 2022\/OP002 para la cobertura de 4 plazas de Oficial en el Consorcio Provincial de Bomberos de Valencia. Promoci\u00f3n Interna, Turno libre y Movilidad<\/td>\n<td style=\"height: 48px; width: 6.59899%;\">04\/04\/2022<\/td>\n<td style=\"height: 48px; width: 16.0986%;\"><a href=\"https:\/\/www.bombersdv.es\/wp-content\/uploads\/2022\/04\/bases-publicadas-04042022-Oficial-cast.pdf\" target=\"_blank\" rel=\"noopener\">Bases<\/a><\/td>\n<td style=\"height: 48px; width: 0.290065%;\"><\/td>\n<\/tr>\n<tr style=\"height: 48px;\">\n<td style=\"height: 48px; width: 76.1421%;\"><strong><span style=\"color: #800000;\"><span style=\"font-size: small;\">El plazo de presentaci\u00f3n de instancias comienza a partir de la publicaci\u00f3n del extracto de las bases en el Bolet\u00edn Oficial del Estado. Cualquier instancia presentada antes o despu\u00e9s de este plazo ser\u00e1 extempor\u00e1nea, as\u00ed como cualquier pago de la tasa por derechos de examen realizado antes o despu\u00e9s del t\u00e9rmino de presentaci\u00f3n de instancias.<\/span><\/span><\/strong><\/td>\n<td style=\"height: 48px; width: 6.59899%;\"><\/td>\n<td style=\"height: 48px; width: 16.0986%;\"><\/td>\n<td style=\"height: 48px; width: 0.290065%;\"><\/td>\n<\/tr>\n<tr style=\"height: 24px;\">\n<td style=\"width: 76.1421%; height: 24px;\">Publicaci\u00f3n DOGV<strong><span style=\"color: #800000;\"><span style=\"font-size: small;\"><br \/>\n<\/span><\/span><\/strong><\/td>\n<td style=\"width: 6.59899%; height: 24px;\">21\/04\/2022<\/td>\n<td style=\"width: 16.0986%; height: 24px;\"><a href=\"https:\/\/www.bombersdv.es\/wp-content\/uploads\/2022\/04\/PUBLICACION-DOGV-OFICIAL.pdf\" target=\"_blank\" rel=\"noopener\">Publicaci\u00f3n DOGV<\/a><\/td>\n<td style=\"width: 0.290065%; height: 24px;\"><\/td>\n<\/tr>\n<tr style=\"height: 24px;\">\n<td style=\"width: 76.1421%; height: 24px;\">Publicaci\u00f3n BOE<\/td>\n<td style=\"width: 6.59899%; height: 24px;\">04\/05\/2022<\/td>\n<td style=\"width: 16.0986%; height: 24px;\"><a href=\"https:\/\/www.bombersdv.es\/wp-content\/uploads\/2022\/05\/BOE-publicacion-convocatoria-OFICIAL-Y-SARGENTOS.pdf\" target=\"_blank\" rel=\"noopener\">Publicaci\u00f3n BOE<\/a><\/td>\n<td style=\"width: 0.290065%; height: 24px;\"><\/td>\n<\/tr>\n<tr style=\"height: 256px;\">\n<td style=\"width: 76.1421%; height: 256px;\">\n<p>Modelo solicitud (Tuno Libre y Promoci\u00f3n Interna)<\/p>\n<p><span style=\"color: #ff0000;\">De acuerdo con las Bases de la convocatoria (Turno Libre y Promoci\u00f3n Interna): \u201cLas persones aspirantes que hubieron superado la fase de oposici\u00f3n presentar\u00e1n por sede electr\u00f3nica, en el plazo de 10 d\u00edas h\u00e1biles a partir del d\u00eda siguiente de la publicaci\u00f3n en el Tabl\u00f3n de edictos\/p\u00e1gina Web de la relaci\u00f3n de personas aprobadas de esta fase, los m\u00e9ritos a valorar debidamente acreditados. La valoraci\u00f3n de los m\u00e9ritos vendr\u00e1 referida a la fecha de finalizaci\u00f3n del plazo de presentaci\u00f3n de solicitudes. <\/span><br \/>\n<span style=\"color: #ff0000;\">Se tendr\u00e1 que rellenar la Tabla de Autobaremaci\u00f3n\u201c.<\/span><\/p>\n<p><strong>En consecuencia y de acuerdo con el indicado en las Bases para el Turno Libre y Promoci\u00f3n Interna, en esta fase del proceso no se presentar\u00e1n ni la Tabla de Autobaremaci\u00f3n ni los m\u00e9ritos a valorar.<\/strong><\/td>\n<td style=\"width: 6.59899%; height: 256px;\">04\/05\/2022<\/td>\n<td style=\"width: 16.0986%; height: 256px;\"><a href=\"https:\/\/www.bombersdv.es\/wp-content\/uploads\/2022\/05\/INSTANCIA-OFICIAL-LIBRE-castellano.pdf\" target=\"_blank\" rel=\"noopener\"><span style=\"color: #800080;\">Solicitud turno libre y promoci\u00f3n interna<\/span><\/a><\/td>\n<td style=\"width: 0.290065%; height: 256px;\"><\/td>\n<\/tr>\n<tr style=\"height: 120px;\">\n<td style=\"width: 76.1421%; height: 120px;\">Modelo solicitud Turno Movilidad<\/td>\n<td style=\"width: 6.59899%; height: 120px;\">04\/05\/2022<\/td>\n<td style=\"width: 16.0986%; height: 120px;\">\n<p><a href=\"https:\/\/www.bombersdv.es\/wp-content\/uploads\/2022\/05\/INSTANCIA-OFICIAL-MOVILIDAD-castellano.pdf\" target=\"_blank\" rel=\"noopener\"><span style=\"color: #800080;\">Solicitud turno movilidad<\/span><\/a><\/p>\n<p><span style=\"color: #800080;\"><a style=\"color: #800080;\" href=\"https:\/\/www.bombersdv.es\/wp-content\/uploads\/2022\/05\/AUTOBAREMACION-OFICIAL-MOVILIDAD-castellano.pdf\" target=\"_blank\" rel=\"noopener\">Autobaremaci\u00f3n turno movilidad<\/a><\/span><\/td>\n<td style=\"width: 0.290065%; height: 120px;\"><\/td>\n<\/tr>\n<tr style=\"height: 72px;\">\n<td style=\"width: 76.1421%; height: 72px;\">El ingreso de la tasa se realizar\u00e1 mediante transferencia bancaria a la cuenta ES14 2100 4337 8802 0004 5460 o mediante tarjeta bancaria de cualquier entidad en los cajeros autom\u00e1ticos de CaixaBank indicando el C\u00f3digo de Entidad 0596366, Concepto \u201c2022\/OP002 OFICIAL\u201d y el nombre y apellidos del aspirante, utilizando el c\u00f3digo de barras que se adjunta.<\/td>\n<td style=\"width: 6.59899%; height: 72px;\">04\/05\/2022<\/td>\n<td style=\"width: 16.0986%; height: 72px;\"><a href=\"https:\/\/www.bombersdv.es\/wp-content\/uploads\/2022\/05\/Cod-barras-OFICIAL.pdf\" target=\"_blank\" rel=\"noopener\">C\u00f3digo barras <\/a><\/td>\n<td style=\"width: 0.290065%; height: 72px;\"><\/td>\n<\/tr>\n<tr style=\"height: 48px;\">\n<td style=\"width: 76.1421%; height: 48px;\">Modificaci\u00f3n Decreto 317, de fecha 24 de marzo de 2022, relativo a la correcci\u00f3n de erratas en las Bases para la regulaci\u00f3n del proceso para la cobertura de 4 plazas de Oficial<\/td>\n<td style=\"width: 6.59899%; height: 48px;\">01\/06\/2022<\/td>\n<td style=\"width: 16.0986%; height: 48px;\"><a href=\"https:\/\/www.bombersdv.es\/wp-content\/uploads\/2022\/06\/NOTIF-DTO-CORRECCION-ERRATAS-BASES-OFICIAL.pdf\" target=\"_blank\" rel=\"noopener\">Decreto<\/a><\/td>\n<td style=\"width: 0.290065%; height: 48px;\"><\/td>\n<\/tr>\n<tr style=\"height: 24px;\">\n<td style=\"width: 76.1421%; height: 24px;\">Anuncio BOP lista provisional admitidos y excluidos y designaci\u00f3n miembros OTS.<\/td>\n<td style=\"width: 6.59899%; height: 24px;\">29\/06\/2022<\/td>\n<td style=\"width: 16.0986%; height: 24px;\"><a href=\"https:\/\/www.bombersdv.es\/wp-content\/uploads\/2022\/06\/bop-oficial-castellano-lista-admitidos.pdf\" target=\"_blank\" rel=\"noopener\">Publicaci\u00f3n BOP<\/a><\/td>\n<td style=\"width: 0.290065%; height: 24px;\"><\/td>\n<\/tr>\n<tr style=\"height: 24px;\">\n<td style=\"width: 76.1421%; height: 24px;\">Decreto lista definitiva y convocatoria primer ejercicio \u201cPruebas f\u00edsicas\u201d.<\/td>\n<td style=\"width: 6.59899%; height: 24px;\">24\/08\/2022<\/td>\n<td style=\"width: 16.0986%; height: 24px;\"><a href=\"https:\/\/www.bombersdv.es\/wp-content\/uploads\/2022\/08\/DECRETO-APROBAC-LISTA-DEF-Y-FECHA-EXAMEN-OFICIAL.pdf\" target=\"_blank\" rel=\"noopener\">Decreto<\/a><\/td>\n<td style=\"width: 0.290065%; height: 24px;\"><\/td>\n<\/tr>\n<tr style=\"height: 24px;\">\n<td style=\"width: 76.1421%; height: 24px;\">Anuncio BOP lista definitivo y excluidos.<\/td>\n<td style=\"width: 6.59899%; height: 24px;\">25\/08\/2022<\/td>\n<td style=\"width: 16.0986%; height: 24px;\"><a href=\"https:\/\/www.bombersdv.es\/wp-content\/uploads\/2022\/09\/lista-oficial.pdf\" target=\"_blank\" rel=\"noopener\">Publicaci\u00f3n BOP<\/a><\/td>\n<td style=\"width: 0.290065%; height: 24px;\"><\/td>\n<\/tr>\n<tr style=\"height: 48px;\">\n<td style=\"width: 76.1421%; height: 48px;\">Anuncio OTS por el que hace p\u00fablica la Estimaci\u00f3n Temporal del proceso, designaci\u00f3n del personal asesor para la realizaci\u00f3n de las pruebas f\u00edsicas y orden de las mismas.<\/td>\n<td style=\"width: 6.59899%; height: 48px;\">26\/09\/2022<\/td>\n<td style=\"width: 16.0986%; height: 48px;\"><a href=\"https:\/\/www.bombersdv.es\/wp-content\/uploads\/2022\/09\/Anuncio-26-de-septiembre-de-2022-Copia-autentica.pdf\" target=\"_blank\" rel=\"noopener\">Anuncio<\/a><\/td>\n<td style=\"width: 0.290065%; height: 48px;\"><\/td>\n<\/tr>\n<tr style=\"height: 24px;\">\n<td style=\"width: 76.1421%; height: 24px;\">Anuncio OTS por el que hace p\u00fablico los resultados del Primer Ejercicio. Pruebas f\u00edsicas y convocatoria al 2\u00ba ejercicio.<\/td>\n<td style=\"width: 6.59899%; height: 24px;\">06\/10\/2022<\/td>\n<td style=\"width: 16.0986%; height: 24px;\"><a href=\"https:\/\/www.bombersdv.es\/wp-content\/uploads\/2022\/10\/Anuncio-resultados-pruebas-fisicas-y-convocatoria-segundo-ejercicio-Copia-autentica.pdf\" target=\"_blank\" rel=\"noopener\">Anuncio OTS<\/a><\/td>\n<td style=\"width: 0.290065%; height: 24px;\"><\/td>\n<\/tr>\n<tr style=\"height: 24px;\">\n<td style=\"width: 76.1421%; height: 24px;\">Anuncio OTS por el que hace p\u00fablico la hora y lugar del 2\u00ba ejercicio.<\/td>\n<td style=\"width: 6.59899%; height: 24px;\">10\/10\/2022<\/td>\n<td style=\"width: 16.0986%; height: 24px;\"><a href=\"https:\/\/www.bombersdv.es\/wp-content\/uploads\/2022\/10\/Anunci-oficial-hora-i-lloc-2on-exercici-Copia-autentica.pdf\" target=\"_blank\" rel=\"noopener\">Anuncio OTS<\/a><\/td>\n<td style=\"width: 0.290065%; height: 24px;\"><\/td>\n<\/tr>\n<tr style=\"height: 24px;\">\n<td style=\"width: 76.1421%; height: 24px;\">Anuncio OTS por el que hace p\u00fablico el enunciado del ejercicio de la Segunda Prueba y su plantilla de respuestas.<\/td>\n<td style=\"width: 6.59899%; height: 24px;\">31\/10\/2022<\/td>\n<td style=\"width: 16.0986%; height: 24px;\"><a href=\"https:\/\/www.bombersdv.es\/wp-content\/uploads\/2022\/10\/Anunci-examen-i-plantilla-respostes-segona-prova-Copia-autentica.pdf\" target=\"_blank\" rel=\"noopener\">Anuncio OTS<\/a><\/td>\n<td style=\"width: 0.290065%; height: 24px;\"><\/td>\n<\/tr>\n<tr style=\"height: 24px;\">\n<td style=\"width: 76.1421%; height: 24px;\">Anuncio OTS por el que hace p\u00fablico los resultados del Segundo Ejercicio y convocatoria al Tercer Ejercicio.<\/td>\n<td style=\"width: 6.59899%; height: 24px;\">25\/11\/2022<\/td>\n<td style=\"width: 16.0986%; height: 24px;\"><a href=\"https:\/\/www.bombersdv.es\/wp-content\/uploads\/2022\/11\/2022_OP002Anuncio-resultados-tipo-test-y-fecha-3er-examen-OFICIAL.pdf\" target=\"_blank\" rel=\"noopener\">Anuncio OTS<\/a><\/td>\n<td style=\"width: 0.290065%; height: 24px;\"><\/td>\n<\/tr>\n<tr style=\"height: 24px;\">\n<td style=\"width: 76.1421%; height: 24px;\">Decreto de la Presidencia-Delegada sobre adici\u00f3n de plazas vacantes<\/td>\n<td style=\"width: 6.59899%; height: 24px;\">29\/11\/2022<\/td>\n<td style=\"width: 16.0986%; height: 24px;\"><a href=\"https:\/\/www.bombersdv.es\/wp-content\/uploads\/2022\/11\/2022_OP002_ADICION-PLAZAS-VACANTES-oficial.pdf\" target=\"_blank\" rel=\"noopener\">Decreto<\/a><\/td>\n<td style=\"width: 0.290065%; height: 24px;\"><\/td>\n<\/tr>\n<tr style=\"height: 24px;\">\n<td style=\"width: 76.1421%; height: 24px;\">Publicaci\u00f3n BOP adici\u00f3n de plazas vacantes<\/td>\n<td style=\"width: 6.59899%; height: 24px;\">09\/12\/2022<\/td>\n<td style=\"width: 16.0986%; height: 24px;\"><a href=\"https:\/\/www.bombersdv.es\/wp-content\/uploads\/2022\/12\/2022_OP002_ADICION-PLAZAS-VACANTES-oficial.pdf\" target=\"_blank\" rel=\"noopener\">Publicaci\u00f3n BOP<\/a><\/td>\n<td style=\"width: 0.290065%; height: 24px;\"><\/td>\n<\/tr>\n<tr style=\"height: 24px;\">\n<td style=\"width: 76.1421%; height: 24px;\"><span style=\"color: #ff0000;\">Anuncio OTS\u00a0 por el que se Anula la realizaci\u00f3n del Segundo Ejercicio. Procediendo a\u00a0 realizar una nueva convocatoria.<\/span><\/td>\n<td style=\"width: 6.59899%; height: 24px;\"><span style=\"color: #ff0000;\">21\/12\/2022<\/span><\/td>\n<td style=\"width: 16.0986%; height: 24px;\"><span style=\"color: #ff0000;\"><a style=\"color: #ff0000;\" href=\"https:\/\/www.bombersdv.es\/wp-content\/uploads\/2023\/01\/Anuncio-repeticion-segundo-examen-20-12-22-anonimizado-1.pdf\" target=\"_blank\" rel=\"noopener\">Anuncio<\/a><\/span><\/td>\n<td style=\"width: 0.290065%; height: 24px;\"><\/td>\n<\/tr>\n<tr style=\"height: 256px;\">\n<td style=\"width: 76.1421%; height: 256px;\"><span style=\"color: #ff0000;\">Tr\u00e1mite de audiencia relativo a los Recursos de Alzada presentados por diferentes aspirantes en relaci\u00f3n a la Anulaci\u00f3n de la realizaci\u00f3n del Segundo Ejercicio<br \/>\n<\/span><\/td>\n<td style=\"width: 6.59899%; height: 256px;\"><span style=\"color: #ff0000;\">17\/01\/2023<br \/>\n<\/span><\/td>\n<td style=\"width: 16.0986%; height: 256px;\">\n<p><span style=\"color: #ff0000;\"><a style=\"color: #ff0000;\" href=\"https:\/\/www.bombersdv.es\/wp-content\/uploads\/2023\/01\/Anuncio-tramite-audiencia-recursos-alzada-17-enero-2023-anonimizado1.pdf\" target=\"_blank\" rel=\"noopener\">Anuncio<\/a><\/span><\/p>\n<p><a href=\"https:\/\/www.bombersdv.es\/wp-content\/uploads\/2023\/01\/Documento-no-1-tramite-audiencia.pdf\" target=\"_blank\" rel=\"noopener\"><span style=\"color: #ff0000;\">Documento 1<\/span><\/a><\/p>\n<p><a href=\"https:\/\/www.bombersdv.es\/wp-content\/uploads\/2023\/01\/Documento-no-2-tramite-audiencia.pdf\" target=\"_blank\" rel=\"noopener\"><span style=\"color: #ff0000;\">Documento 2<\/span><\/a><\/p>\n<p><a href=\"https:\/\/www.bombersdv.es\/wp-content\/uploads\/2023\/01\/Documento-no-3-tramite-audiencia.pdf\" target=\"_blank\" rel=\"noopener\"><span style=\"color: #ff0000;\">Documento 3<\/span><\/a><\/p>\n<p><a href=\"https:\/\/www.bombersdv.es\/wp-content\/uploads\/2023\/01\/Diligencia-tramite-audiencia-23-enero-Copia-autentica-1.pdf\" target=\"_blank\" rel=\"noopener\"><span style=\"color: #ff0000;\">Diligencia<\/span><\/a><\/p>\n<p><a href=\"https:\/\/www.bombersdv.es\/wp-content\/uploads\/2023\/01\/Documento-no-4.pdf\" target=\"_blank\" rel=\"noopener\"><span style=\"color: #ff0000;\">Documento 4<\/span><\/a><\/td>\n<td style=\"width: 0.290065%; height: 256px;\"><\/td>\n<\/tr>\n<tr style=\"height: 24px;\">\n<td style=\"width: 76.1421%; height: 24px;\"><span style=\"color: #000000;\">Anuncio OTS por el que se hace p\u00fablica la incorporaci\u00f3n como personal asesor : especialista\u00a0 en derecho administrativo.<\/span><span style=\"color: #ff0000;\"><br \/>\n<\/span><\/td>\n<td style=\"width: 6.59899%; height: 24px;\"><span style=\"color: #000000;\">24\/02\/2023<br \/>\n<\/span><\/td>\n<td style=\"width: 16.0986%; height: 24px;\"><span style=\"color: #000000;\"><a href=\"https:\/\/www.bombersdv.es\/wp-content\/uploads\/2023\/02\/Anuncio-publicacion-asesor-recursos-alzada.-Copia-autentica.pdf\" target=\"_blank\" rel=\"noopener\">Anuncio<\/a><br \/>\n<\/span><\/td>\n<td style=\"width: 0.290065%; height: 24px;\"><\/td>\n<\/tr>\n<tr style=\"height: 24px;\">\n<td style=\"width: 76.1421%; height: 24px;\">Anuncio OTS por el que se hace p\u00fablica la continuidad del proceso selectivo y se convoca a la realizaci\u00f3n del Tercer Ejercicio.<\/td>\n<td style=\"width: 6.59899%; height: 24px;\">27\/03\/2023<\/td>\n<td style=\"width: 16.0986%; height: 24px;\"><a href=\"https:\/\/www.bombersdv.es\/wp-content\/uploads\/2023\/03\/Anuncio-27-marzo-continuacion-proceso-selectivo-Copia-autentica.pdf\" target=\"_blank\" rel=\"noopener\">Anuncio<\/a><\/td>\n<td style=\"width: 0.290065%; height: 24px;\"><\/td>\n<\/tr>\n<tr style=\"height: 24px;\">\n<td style=\"width: 76.1421%; height: 24px;\">Anuncio OTS por el que se hace p\u00fablico el Lugar y hora de la realizaci\u00f3n del Tercer Ejercicio.<\/td>\n<td style=\"width: 6.59899%; height: 24px;\">21\/04\/2023<\/td>\n<td style=\"width: 16.0986%; height: 24px;\"><a href=\"https:\/\/www.bombersdv.es\/wp-content\/uploads\/2023\/04\/Anuncio-2023_2022_OP002_S265_00079-Copia-autentica.pdf\" target=\"_blank\" rel=\"noopener\">Anuncio<\/a><\/td>\n<td style=\"width: 0.290065%; height: 24px;\"><\/td>\n<\/tr>\n<tr style=\"height: 24px;\">\n<td style=\"width: 76.1421%; height: 24px;\">Anuncio OTS por el que se publican los supuestos pr\u00e1cticos y\u00a0 criterios de correcci\u00f3n<\/td>\n<td style=\"width: 6.59899%; height: 24px;\">03\/05\/2023<\/td>\n<td style=\"width: 16.0986%; height: 24px;\"><a href=\"https:\/\/www.bombersdv.es\/wp-content\/uploads\/2023\/05\/Anuncio-OTS-Oficial-2022_OP002-03_05_2023-Copia-autentica-3.pdf\" target=\"_blank\" rel=\"noopener\">Anuncio<\/a><\/td>\n<td style=\"width: 0.290065%; height: 24px;\"><\/td>\n<\/tr>\n<tr style=\"height: 24px;\">\n<td style=\"width: 76.1421%; height: 24px;\">Anuncio OTS por el que se publican los resultado del Tercer Ejercicio y la convocatoria al Cuarto Ejercicio.<\/td>\n<td style=\"width: 6.59899%; height: 24px;\">01\/06\/2023<\/td>\n<td style=\"width: 16.0986%; height: 24px;\"><a href=\"https:\/\/www.bombersdv.es\/wp-content\/uploads\/2023\/06\/Anuncio-OTS-Oficial-2022_OP002-01_06_2023-Copia-autentica.pdf\" target=\"_blank\" rel=\"noopener\">Anuncio<\/a><\/td>\n<td style=\"width: 0.290065%; height: 24px;\"><\/td>\n<\/tr>\n<tr style=\"height: 24px;\">\n<td style=\"width: 76.1421%; height: 24px;\">Anuncio OTS por el que se convoca a los aspirantes que solicitaron la revisi\u00f3n presencial del Tercer Ejercicio Supuesto Pr\u00e1ctico.<\/td>\n<td style=\"width: 6.59899%; height: 24px;\">09\/06\/2023<\/td>\n<td style=\"width: 16.0986%; height: 24px;\"><a href=\"https:\/\/www.bombersdv.es\/wp-content\/uploads\/2023\/06\/Anuncio-OTS-Oficial-2022_OP002-09_06_2023-Copia-autentica.pdf\" target=\"_blank\" rel=\"noopener\">Anuncio<\/a><\/td>\n<td style=\"width: 0.290065%; height: 24px;\"><\/td>\n<\/tr>\n<tr style=\"height: 24px;\">\n<td style=\"width: 76.1421%; height: 24px;\">Anuncio OTS por el se publican los Resultados Definitivos Tercer ejercicio y Resoluci\u00f3n convalidaciones prueba psicot\u00e9cnica.<\/td>\n<td style=\"width: 6.59899%; height: 24px;\">15\/06\/2023<\/td>\n<td style=\"width: 16.0986%; height: 24px;\"><a href=\"https:\/\/www.bombersdv.es\/wp-content\/uploads\/2023\/06\/Anuncio-2023_2022_OP002_S265_00079-Copia-autentica-3.pdf\" target=\"_blank\" rel=\"noopener\">Anuncio<\/a><\/td>\n<td style=\"width: 0.290065%; height: 24px;\"><\/td>\n<\/tr>\n<tr style=\"height: 48px;\">\n<td style=\"width: 76.1421%; height: 48px;\">Anuncio OTS por el se publican los Resultados Cuarto ejercicio.Prueba psicot\u00e9cnica\u00a0 y Convocatoria al Quinto Ejercicio. Revisi\u00f3n M\u00e9dica.<\/td>\n<td style=\"width: 6.59899%; height: 48px;\">27\/06\/2023<\/td>\n<td style=\"width: 16.0986%; height: 48px;\"><a href=\"https:\/\/www.bombersdv.es\/wp-content\/uploads\/2023\/06\/Anuncio-OTS-Oficial-2022_OP002-27_06_2023-Copia-autentica.pdf\" target=\"_blank\" rel=\"noopener\">Anuncio<\/a><\/td>\n<td style=\"width: 0.290065%; height: 48px;\"><\/td>\n<\/tr>\n<tr style=\"height: 24px;\">\n<td style=\"width: 76.1421%; height: 24px;\">Anuncio OTS por el que se publica el horario de citaci\u00f3n de la Revisi\u00f3n medica y convalidaciones.<\/td>\n<td style=\"width: 6.59899%; height: 24px;\">28\/06\/2023<\/td>\n<td style=\"width: 16.0986%; height: 24px;\"><a href=\"https:\/\/www.bombersdv.es\/wp-content\/uploads\/2023\/06\/Anuncio-OTS-Oficial-2022_OP002-28_06_2023-Copia-autentica.pdf\" target=\"_blank\" rel=\"noopener\">Anuncio<\/a><\/td>\n<td style=\"width: 0.290065%; height: 24px;\"><\/td>\n<\/tr>\n<tr style=\"height: 24px;\">\n<td style=\"width: 76.1421%; height: 24px;\">Anuncio OTS por el que se publican\u00a0<span id=\"ep1\"><span id=\"et2\"> los resultados del Quinto Ejercicio Revisi\u00f3n M\u00e9dica, la Relaci\u00f3n provisional de la fase oposici\u00f3n y se apertura el plazo de presentaci\u00f3n de m\u00e9ritos.<\/span><\/span><\/td>\n<td style=\"width: 6.59899%; height: 24px;\">18\/07\/2023<\/td>\n<td style=\"width: 16.0986%; height: 24px;\"><a href=\"https:\/\/www.bombersdv.es\/wp-content\/uploads\/2023\/07\/Anuncio-OTS-Oficial-2022_OP002-18_07_2023-Copia-autentica-4.pdf\" target=\"_blank\" rel=\"noopener\">Anuncio<\/a><\/td>\n<td style=\"width: 0.290065%; height: 24px;\"><\/td>\n<\/tr>\n<tr style=\"height: 24px;\">\n<td style=\"width: 76.1421%; height: 24px;\">Modelo solicitud presentaci\u00f3n m\u00e9ritos<\/td>\n<td style=\"width: 6.59899%; height: 24px;\">19\/07\/2023<\/td>\n<td style=\"width: 16.0986%; height: 24px;\"><a href=\"https:\/\/www.bombersdv.es\/wp-content\/uploads\/2023\/07\/2022_OP001_Anexo-I-instancias-para-concurso.pdf\" target=\"_blank\" rel=\"noopener\">Modelo<\/a><\/td>\n<td style=\"width: 0.290065%; height: 24px;\"><\/td>\n<\/tr>\n<tr>\n<td style=\"width: 76.1421%;\">Anuncio OTS Oficial 2022\/OP002, por el que se hace p\u00fablica la Relaci\u00f3n provisional de la fase del concurso y la Relaci\u00f3n provisional personas aprobadas.<\/td>\n<td style=\"width: 6.59899%;\">04\/10\/2023<\/td>\n<td style=\"width: 16.0986%;\"><a href=\"https:\/\/www.bombersdv.es\/wp-content\/uploads\/2023\/10\/Anuncio-OTS-Oficial-2022_OP002-04_10_2023-Copia-autentica-1.pdf\" target=\"_blank\" rel=\"noopener\">Anuncio<\/a><\/td>\n<td style=\"width: 0.290065%;\"><\/td>\n<\/tr>\n<tr>\n<td style=\"width: 76.1421%;\">Anuncio OTS Oficial 2022\/OP002, por el que se hace p\u00fablica la Resoluci\u00f3n de Alegaciones,\u00a0 Relaci\u00f3n Provisional de Aprobados y propuesta realizaci\u00f3n curso Selectivo.<\/td>\n<td style=\"width: 6.59899%;\">25\/10\/2023<\/td>\n<td style=\"width: 16.0986%;\"><a href=\"https:\/\/www.bombersdv.es\/wp-content\/uploads\/2023\/10\/Anuncio-OTS-Oficial-2022_OP002-24_10_2023-Copia-autentica.pdf\" target=\"_blank\" rel=\"noopener\">Anuncio<\/a><\/td>\n<td style=\"width: 0.290065%;\"><\/td>\n<\/tr>\n<tr>\n<td style=\"width: 76.1421%;\">Anuncio OTS Oficial 2022\/OP002, por el que se publica la\u00a0 Relaci\u00f3n definitiva de personas aprobadas y se emplaza a las mismas a la presentaci\u00f3n de los documentos requeridos en la base A.5<\/td>\n<td style=\"width: 6.59899%;\">20\/12\/2024<\/td>\n<td style=\"width: 16.0986%;\"><a href=\"https:\/\/www.bombersdv.es\/wp-content\/uploads\/2024\/12\/Anuncio-OTS-Oficial-2023_OP001-20_12_2024-Turno-Libre-Copia-autentica.pdf\" target=\"_blank\" rel=\"noopener\">Anuncio<\/a><\/td>\n<td style=\"width: 0.290065%;\"><\/td>\n<\/tr>\n<tr>\n<td style=\"width: 76.1421%;\">Anuncio del servicio de Recursos Humanos<\/td>\n<td style=\"width: 6.59899%;\">20\/12\/2024<\/td>\n<td style=\"width: 16.0986%;\"><a href=\"https:\/\/www.bombersdv.es\/wp-content\/uploads\/2024\/12\/DECLARACION-JURADA.pdf\" target=\"_blank\" rel=\"noopener\">Declaraci\u00f3n Jurada<\/a><br \/>\n<a href=\"https:\/\/www.bombersdv.es\/wp-content\/uploads\/2024\/12\/DESTINOS-OFICIALS.pdf\" target=\"_blank\" rel=\"noopener\">Solicitud de destinos<\/a><\/td>\n<td style=\"width: 0.290065%;\"><\/td>\n<\/tr>\n<tr>\n<td style=\"width: 76.1421%;\">Publicaci\u00f3n BOP nombramiento funcionarios de carrera<\/td>\n<td style=\"width: 6.59899%;\">03\/02\/2025<\/td>\n<td style=\"width: 16.0986%;\"><a href=\"https:\/\/www.bombersdv.es\/wp-content\/uploads\/2025\/02\/2025_OP002-nomb-Oficiales-ES.pdf\" target=\"_blank\" rel=\"noopener\">Publicaci\u00f3n BOP<\/a><\/td>\n<td style=\"width: 0.290065%;\"><\/td>\n<\/tr>\n<\/tbody>\n<\/table>\n<\/div>\n<\/div><div class=\"fusion-clearfix\"><\/div><\/div><\/div><\/div><\/div>\n","protected":false},"excerpt":{"rendered":"","protected":false},"author":192,"featured_media":0,"parent":15127,"menu_order":0,"comment_status":"closed","ping_status":"closed","template":"","meta":{"footnotes":""},"class_list":["post-58138","page","type-page","status-publish","hentry"],"_links":{"self":[{"href":"https:\/\/www.bombersdv.es\/es\/wp-json\/wp\/v2\/pages\/58138"}],"collection":[{"href":"https:\/\/www.bombersdv.es\/es\/wp-json\/wp\/v2\/pages"}],"about":[{"href":"https:\/\/www.bombersdv.es\/es\/wp-json\/wp\/v2\/types\/page"}],"author":[{"embeddable":true,"href":"https:\/\/www.bombersdv.es\/es\/wp-json\/wp\/v2\/users\/192"}],"replies":[{"embeddable":true,"href":"https:\/\/www.bombersdv.es\/es\/wp-json\/wp\/v2\/comments?post=58138"}],"version-history":[{"count":57,"href":"https:\/\/www.bombersdv.es\/es\/wp-json\/wp\/v2\/pages\/58138\/revisions"}],"predecessor-version":[{"id":72267,"href":"https:\/\/www.bombersdv.es\/es\/wp-json\/wp\/v2\/pages\/58138\/revisions\/72267"}],"up":[{"embeddable":true,"href":"https:\/\/www.bombersdv.es\/es\/wp-json\/wp\/v2\/pages\/15127"}],"wp:attachment":[{"href":"https:\/\/www.bombersdv.es\/es\/wp-json\/wp\/v2\/media?parent=58138"}],"curies":[{"name":"wp","href":"https:\/\/api.w.org\/{rel}","templated":true}]}}