{"id":58149,"date":"2022-04-04T09:25:18","date_gmt":"2022-04-04T07:25:18","guid":{"rendered":"https:\/\/www.bombersdv.es\/?page_id=58149"},"modified":"2025-02-18T12:30:10","modified_gmt":"2025-02-18T11:30:10","slug":"2022-pi001-proceso-para-la-cobertura-de-15-plazas-de-sargento-en-el-consorcio-provincial-de-bomberos-de-valencia-promocion-interna-y-movilidad","status":"publish","type":"page","link":"https:\/\/www.bombersdv.es\/es\/oposiciones\/procesos-finalizados\/2022-pi001-proceso-para-la-cobertura-de-15-plazas-de-sargento-en-el-consorcio-provincial-de-bomberos-de-valencia-promocion-interna-y-movilidad\/","title":{"rendered":"2022\/PI001: Proceso para la cobertura de 15 plazas de Sargento en el Consorcio Provincial de Bomberos de Val\u00e8ncia. Promoci\u00f3n Interna y Movilidad"},"content":{"rendered":"<div class=\"fusion-fullwidth fullwidth-box fusion-builder-row-1 nonhundred-percent-fullwidth non-hundred-percent-height-scrolling\" style=\"--awb-background-position:left top;--awb-border-radius-top-left:0px;--awb-border-radius-top-right:0px;--awb-border-radius-bottom-right:0px;--awb-border-radius-bottom-left:0px;--awb-padding-top:20px;--awb-padding-bottom:20px;--awb-border-sizes-top:0px;--awb-border-sizes-bottom:0px;--awb-flex-wrap:wrap;\" ><div class=\"fusion-builder-row fusion-row\"><div class=\"fusion-layout-column fusion_builder_column fusion-builder-column-0 fusion_builder_column_1_1 1_1 fusion-one-full fusion-column-first fusion-column-last fusion-column-no-min-height\" style=\"--awb-bg-size:cover;--awb-margin-bottom:0px;\"><div class=\"fusion-column-wrapper fusion-flex-column-wrapper-legacy\"><div class=\"fusion-title title fusion-title-1 fusion-sep-none fusion-title-text fusion-title-size-two\"><h2 class=\"fusion-title-heading title-heading-left fusion-responsive-typography-calculated\" style=\"margin:0;--fontSize:34;line-height:1.09;\">2022\/PI001: Proceso para la cobertura de 15 plazas de Sargento en el Consorcio Provincial de Bomberos de Val\u00e8ncia. Promoci\u00f3n Interna y Movilidad<\/h2><\/div><div class=\"fusion-text fusion-text-1\"><div class=\"table-2\">\n<table style=\"height: 240px;\" width=\"100%\">\n<thead>\n<tr style=\"height: 24px;\">\n<th style=\"height: 24px; width: 76.1421%;\">Tr\u00e1mite<\/th>\n<th style=\"height: 24px; width: 6.59899%;\">Fecha<\/th>\n<th style=\"height: 24px; width: 16.0986%;\">Documento(s)<\/th>\n<td style=\"height: 24px; width: 0.290065%;\"><\/td>\n<\/tr>\n<\/thead>\n<tbody>\n<tr style=\"height: 48px;\">\n<td style=\"height: 48px; width: 76.1421%;\">Publicaci\u00f3n BOPV de las Bases que regulan el proceso 2022\/PI001 para la cobertura de 15 plazas de Sargento en el Consorcio Provincial de Bomberos de Val\u00e8ncia. Promoci\u00f3n Interna y Movilidad<\/td>\n<td style=\"height: 48px; width: 6.59899%;\">04\/04\/2022<\/td>\n<td style=\"height: 48px; width: 16.0986%;\"><a href=\"https:\/\/www.bombersdv.es\/wp-content\/uploads\/2022\/04\/bases-publicadas-04042022-sargento-cast.pdf\" target=\"_blank\" rel=\"noopener\">Bases<\/a><\/td>\n<td style=\"height: 48px; width: 0.290065%;\"><\/td>\n<\/tr>\n<tr style=\"height: 48px;\">\n<td style=\"height: 48px; width: 76.1421%;\"><strong><span style=\"color: #800000;\"><span style=\"font-size: small;\">El plazo de presentaci\u00f3n de instancias comienza a partir de la publicaci\u00f3n del extracto de las bases en el Bolet\u00edn Oficial del Estado. Cualquier instancia presentada antes o despu\u00e9s de este plazo ser\u00e1 extempor\u00e1nea, as\u00ed como cualquier pago de la tasa por derechos de examen realizado antes o despu\u00e9s del t\u00e9rmino de presentaci\u00f3n de instancias.<\/span><\/span><\/strong><\/td>\n<td style=\"height: 48px; width: 6.59899%;\"><\/td>\n<td style=\"height: 48px; width: 16.0986%;\"><\/td>\n<td style=\"height: 48px; width: 0.290065%;\"><\/td>\n<\/tr>\n<tr style=\"height: 24px;\">\n<td style=\"width: 76.1421%; height: 24px;\">Publicaci\u00f3n DOGV<strong><span style=\"color: #800000;\"><span style=\"font-size: small;\"><br \/>\n<\/span><\/span><\/strong><\/td>\n<td style=\"width: 6.59899%; height: 24px;\">21\/04\/2022<\/td>\n<td style=\"width: 16.0986%; height: 24px;\"><a href=\"https:\/\/www.bombersdv.es\/wp-content\/uploads\/2022\/04\/PUBLICACION-DOGV-SARGENTOS.pdf\" target=\"_blank\" rel=\"noopener\">Publicaci\u00f3n DOGV<\/a><\/td>\n<td style=\"width: 0.290065%; height: 24px;\"><\/td>\n<\/tr>\n<tr style=\"height: 24px;\">\n<td style=\"width: 76.1421%; height: 24px;\">Publicaci\u00f3n BOE<\/td>\n<td style=\"width: 6.59899%; height: 24px;\">04\/05\/2022<\/td>\n<td style=\"width: 16.0986%; height: 24px;\"><a href=\"https:\/\/www.bombersdv.es\/wp-content\/uploads\/2022\/05\/BOE-publicacion-convocatoria-OFICIAL-Y-SARGENTOS.pdf\" target=\"_blank\" rel=\"noopener\">Publicaci\u00f3n BOE<\/a><\/td>\n<td style=\"width: 0.290065%; height: 24px;\"><\/td>\n<\/tr>\n<tr style=\"height: 296px;\">\n<td style=\"width: 76.1421%; height: 296px;\">\n<p>Modelo solicitud Turno Promoci\u00f3n Interna<\/p>\n<p><span style=\"color: #ff0000;\">De acuerdo con las Bases de la convocatoria (Turno Promoci\u00f3n Interna):<\/span><\/p>\n<p><span style=\"color: #ff0000;\">\u201cLas persones aspirantes que hubieron superado la fase de oposici\u00f3n presentar\u00e1n por sede electr\u00f3nica, en el plazo de 10 d\u00edas h\u00e1biles a partir del d\u00eda siguiente de la publicaci\u00f3n en el Tabl\u00f3n de edictos\/p\u00e1gina Web de la relaci\u00f3n de personas aprobadas de esta fase, los m\u00e9ritos a valorar debidamente acreditados. La valoraci\u00f3n de los m\u00e9ritos vendr\u00e1 referida a la fecha de finalizaci\u00f3n del plazo de presentaci\u00f3n de solicitudes. <\/span><br \/>\n<span style=\"color: #ff0000;\">Se tendr\u00e1 que rellenar la Tabla de Autobaremaci\u00f3n\u201c.<\/span><\/p>\n<p><strong>En consecuencia y de acuerdo con el indicado en las Bases, en esta fase del proceso no se presentar\u00e1n ni la Tabla de Autobaremaci\u00f3n ni los m\u00e9ritos a valorar.<\/strong><\/td>\n<td style=\"width: 6.59899%; height: 296px;\">04\/05\/2022<\/td>\n<td style=\"width: 16.0986%; height: 296px;\"><a href=\"https:\/\/www.bombersdv.es\/wp-content\/uploads\/2022\/05\/INSTANCIA-SARGENTO_PROMOC-INTERNA-castellano.pdf\" target=\"_blank\" rel=\"noopener\">Solicitud turno promoci\u00f3n interna<\/a><\/td>\n<td style=\"width: 0.290065%; height: 296px;\"><\/td>\n<\/tr>\n<tr style=\"height: 120px;\">\n<td style=\"width: 76.1421%; height: 120px;\">Modelo Solicitud Turno Movilidad<\/td>\n<td style=\"width: 6.59899%; height: 120px;\">04\/05\/2022<\/td>\n<td style=\"width: 16.0986%; height: 120px;\">\n<p><a href=\"https:\/\/www.bombersdv.es\/wp-content\/uploads\/2022\/05\/INSTANCIA-SARGENTO_MOVILIDAD-castellano.pdf\" target=\"_blank\" rel=\"noopener\">Solicitud turno movilidad<\/a><\/p>\n<p><a href=\"https:\/\/www.bombersdv.es\/wp-content\/uploads\/2022\/05\/AUTOBAREMACION-C-SARGENTO-MOVILIDAD-castellano.pdf\" target=\"_blank\" rel=\"noopener\">Autobaremaci\u00f3n turno movilidad<\/a><\/td>\n<td style=\"width: 0.290065%; height: 120px;\"><\/td>\n<\/tr>\n<tr style=\"height: 72px;\">\n<td style=\"width: 76.1421%; height: 72px;\">El ingreso de la tasa se realizar\u00e1 mediante transferencia bancaria a la cuenta ES14 2100 4337 8802 0004 5460 o mediante tarjeta bancaria de cualquier entidad en los cajeros autom\u00e1ticos de CaixaBank indicando el C\u00f3digo de Entidad 0596378, Concepto \u201c2022\/PI001 SARGENTO\u201d y el nombre y apellidos del aspirante, utilizando el c\u00f3digo de barras que se adjunta.<\/td>\n<td style=\"width: 6.59899%; height: 72px;\">04\/05\/2022<\/td>\n<td style=\"width: 16.0986%; height: 72px;\"><a href=\"https:\/\/www.bombersdv.es\/wp-content\/uploads\/2022\/05\/Cod-barras-SARGENTO-1.pdf\" target=\"_blank\" rel=\"noopener\">Codigo de barras<\/a><\/td>\n<td style=\"width: 0.290065%; height: 72px;\"><\/td>\n<\/tr>\n<tr style=\"height: 24px;\">\n<td style=\"width: 76.1421%; height: 24px;\">Anuncio BOP lista provisional admitidos y excluidos y designaci\u00f3n miembros OTS.<\/td>\n<td style=\"width: 6.59899%; height: 24px;\">29\/06\/2022<\/td>\n<td style=\"width: 16.0986%; height: 24px;\"><a href=\"https:\/\/www.bombersdv.es\/wp-content\/uploads\/2022\/06\/bop-sargento-castellano-lista-admitidos.pdf\" target=\"_blank\" rel=\"noopener\">Publicaci\u00f3n BOP<\/a><\/td>\n<td style=\"width: 0.290065%; height: 24px;\"><\/td>\n<\/tr>\n<tr style=\"height: 48px;\">\n<td style=\"width: 76.1421%; height: 48px;\">Anuncio BOP lista definitiva admitidos y excluidos, convocatoria primer ejercicio \u00abPruebas f\u00edsicas\u00bb y revisi\u00f3n m\u00e9dica aspirante por movilidad.<\/td>\n<td style=\"width: 6.59899%; height: 48px;\">28\/09\/2022<\/td>\n<td style=\"width: 16.0986%; height: 48px;\"><a href=\"https:\/\/www.bombersdv.es\/wp-content\/uploads\/2022\/09\/lista-definitiva-i-primer-examen-sargento-1.pdf\" target=\"_blank\" rel=\"noopener\">Publicaci\u00f3n BOP<\/a><\/td>\n<td style=\"width: 0.290065%; height: 48px;\"><\/td>\n<\/tr>\n<tr style=\"height: 336px;\">\n<td style=\"width: 76.1421%; height: 336px;\">Anuncio del \u00d3rgano T\u00e9cnico de Selecci\u00f3n, relativo al primer ejercicio \u00abPruebas f\u00edsicas\u00bb y revisi\u00f3n m\u00e9dica aspirante por movilidad.<\/td>\n<td style=\"width: 6.59899%; height: 336px;\">28\/09\/2022<\/td>\n<td style=\"width: 16.0986%; height: 336px;\">\n<p><a href=\"https:\/\/www.bombersdv.es\/wp-content\/uploads\/2022\/09\/Anuncio-OTS-Sargento-2022-28_09_2022-Copia-autentica.pdf\" target=\"_blank\" rel=\"noopener\">Normas y consideraciones pruebas f\u00edsicas <\/a><\/p>\n<p><a href=\"https:\/\/www.bombersdv.es\/wp-content\/uploads\/2022\/10\/Anexo-I-tablas-Decreto-163-2019-Consell-sargento.pdf\" target=\"_blank\" rel=\"noopener\">Anexo I- Tablas Decreto 163\/2019<\/a><\/p>\n<p><a href=\"https:\/\/www.bombersdv.es\/wp-content\/uploads\/2022\/09\/Anexo-II-Declaracion-responsable.pdf\" target=\"_blank\" rel=\"noopener\">Anexo II- Documento Declaraci\u00f3n Responsable<\/a><\/p>\n<p><a href=\"https:\/\/www.bombersdv.es\/wp-content\/uploads\/2022\/09\/Anexo-III-plano-ubicacion.pdf\" target=\"_blank\" rel=\"noopener\">Anexo III- Plano ubicaci\u00f3n <\/a><\/p>\n<p><a href=\"https:\/\/www.bombersdv.es\/wp-content\/uploads\/2022\/09\/Anuncio-OTS-Sargento-2022-28_09_2022-revision-medica.pdf\" target=\"_blank\" rel=\"noopener\"> Normas realizaci\u00f3n revisi\u00f3n m\u00e9dica, aspirante por Movilidad <\/a><\/td>\n<td style=\"width: 0.290065%; height: 336px;\"><\/td>\n<\/tr>\n<tr style=\"height: 24px;\">\n<td style=\"width: 76.1421%; height: 24px;\">Anuncio personal asessor designado para la realizaci\u00f3n del primer ejercicio \u00abPruebas f\u00edsicas\u00bb<\/td>\n<td style=\"width: 6.59899%; height: 24px;\">28\/10\/2022<\/td>\n<td style=\"width: 16.0986%; height: 24px;\"><a href=\"https:\/\/www.bombersdv.es\/wp-content\/uploads\/2022\/10\/Anuncio-2022_S202_2022_PI001_00001-Copia-autentica.pdf\" target=\"_blank\" rel=\"noopener\">Anunci OTS<\/a><\/td>\n<td style=\"width: 0.290065%; height: 24px;\"><\/td>\n<\/tr>\n<tr style=\"height: 24px;\">\n<td style=\"width: 76.1421%; height: 24px;\">Anuncio OTS relativo al Resultado pruebas f\u00edsicas y convocatoria del segundo ejercicio. Prueba Te\u00f3rica.<\/td>\n<td style=\"width: 6.59899%; height: 24px;\">1.9\/11\/2022<\/td>\n<td style=\"width: 16.0986%; height: 24px;\"><a href=\"https:\/\/www.bombersdv.es\/wp-content\/uploads\/2022\/11\/Anuncio-OTS-Sargento-2022_PI001-09_11_2022-Copia-autentica.pdf\" target=\"_blank\" rel=\"noopener\">Anuncio OTS<\/a><\/td>\n<td style=\"width: 0.290065%; height: 24px;\"><\/td>\n<\/tr>\n<tr style=\"height: 48px;\">\n<td style=\"width: 76.1421%; height: 48px;\">Anuncio del \u00d3rgano T\u00e9cnico de Selecci\u00f3n relativo a designaci\u00f3n asesor segundo ejercicio &#8220;Prueba escrita de preguntas con respuestas alternativas sobre conocimientos del temario&#8221;<\/td>\n<td style=\"width: 6.59899%; height: 48px;\">14\/11\/2022<\/td>\n<td style=\"width: 16.0986%; height: 48px;\"><a href=\"https:\/\/www.bombersdv.es\/wp-content\/uploads\/2022\/11\/2022_PI001-ANUNCIO-OTS-designacion-asesor-especialista-RAFA-NAVARRO-sargentos-.pdf\" target=\"_blank\" rel=\"noopener\">Anuncio<\/a><\/td>\n<td style=\"width: 0.290065%; height: 48px;\"><\/td>\n<\/tr>\n<tr style=\"height: 24px;\">\n<td style=\"width: 76.1421%; height: 24px;\">Publicaci\u00f3n Examen examen segundo ejercicio. Prueba Te\u00f3rica y plantilla de resultados<\/td>\n<td style=\"width: 6.59899%; height: 24px;\">22\/12\/2022<\/td>\n<td style=\"width: 16.0986%; height: 24px;\"><a href=\"https:\/\/www.bombersdv.es\/wp-content\/uploads\/2022\/12\/Anuncio-2022_2022_PI001_S265_00202-Copia-autentica.pdf\" target=\"_blank\" rel=\"noopener\">Anuncio OTS<\/a><\/td>\n<td style=\"width: 0.290065%; height: 24px;\"><\/td>\n<\/tr>\n<tr style=\"height: 48px;\">\n<td style=\"width: 76.1421%; height: 48px;\">Anuncio del \u00d3rgano T\u00e9cnico de Selecci\u00f3n relativo a la\u00a0 Resoluci\u00f3n de las\u00a0 alegaciones al 2\u00ba ejercicio.- Resultado provisional 2\u00aa ejercicio &#8211; Prueba Te\u00f3rica.- Convocatoria 3er ejercicio Supuesto Pr\u00e1ctico y Resultado Revisi\u00f3n m\u00e9dica turno de movilidad<\/td>\n<td style=\"width: 6.59899%; height: 48px;\">02\/01\/2023<\/td>\n<td style=\"width: 16.0986%; height: 48px;\"><a href=\"https:\/\/www.bombersdv.es\/wp-content\/uploads\/2023\/01\/Anuncio-OTS-Sargento-2022_PI001-02_01_2023-Copia-autentica-3.pdf\" target=\"_blank\" rel=\"noopener\">Anuncio<\/a><\/td>\n<td style=\"width: 0.290065%; height: 48px;\"><\/td>\n<\/tr>\n<tr style=\"height: 24px;\">\n<td style=\"width: 76.1421%; height: 24px;\">Anuncio del \u00d3rgano T\u00e9cnico de Selecci\u00f3n: Convocatoria entrevista curricular aspirante Turno Movilidad<\/td>\n<td style=\"width: 6.59899%; height: 24px;\">14\/02\/2023<\/td>\n<td style=\"width: 16.0986%; height: 24px;\"><a href=\"https:\/\/www.bombersdv.es\/wp-content\/uploads\/2023\/02\/Anuncio-OTS-Sargento-2022_PI001-14_02_2023-Copia-autentica.pdf\" target=\"_blank\" rel=\"noopener\">Anuncio<\/a><\/td>\n<td style=\"width: 0.290065%; height: 24px;\"><\/td>\n<\/tr>\n<tr style=\"height: 24px;\">\n<td style=\"width: 76.1421%; height: 24px;\">Anuncio del \u00d3rgano T\u00e9cnico de Selecci\u00f3n: Publicaci\u00f3n supuestos pr\u00e1cticos y criterios de correcci\u00f3n.<\/td>\n<td style=\"width: 6.59899%; height: 24px;\">16\/02\/2023<\/td>\n<td style=\"width: 16.0986%; height: 24px;\"><a href=\"https:\/\/www.bombersdv.es\/wp-content\/uploads\/2023\/02\/Anuncio-OTS-Sargento-2022_PI001-16_02_2023-Copia-autentica-3.pdf\" target=\"_blank\" rel=\"noopener\">Anuncio<\/a><\/td>\n<td style=\"width: 0.290065%; height: 24px;\"><\/td>\n<\/tr>\n<tr style=\"height: 48px;\">\n<td style=\"width: 76.1421%; height: 48px;\">Anuncio del \u00d3rgano T\u00e9cnico de Selecci\u00f3n: Resultados Fase concurso turno movilidad, Relaci\u00f3n Definitiva de Aspirantes y Emplazamiento acreditaci\u00f3n cumplimiento requisitos.<\/td>\n<td style=\"width: 6.59899%; height: 48px;\">17\/02\/2023<\/td>\n<td style=\"width: 16.0986%; height: 48px;\"><a href=\"https:\/\/www.bombersdv.es\/wp-content\/uploads\/2023\/02\/Anuncio-OTS-Sargento-2022_PI001-17_02_2023-Copia-autentica.pdf\" target=\"_blank\" rel=\"noopener\">Anuncio<\/a><\/td>\n<td style=\"width: 0.290065%; height: 48px;\"><\/td>\n<\/tr>\n<tr style=\"height: 24px;\">\n<td style=\"width: 76.1421%; height: 24px;\">Publicaci\u00f3n BOP adici\u00f3n de plazas vacantes<\/td>\n<td style=\"width: 6.59899%; height: 24px;\">01\/03\/2023<\/td>\n<td style=\"width: 16.0986%; height: 24px;\"><a href=\"https:\/\/www.bombersdv.es\/wp-content\/uploads\/2023\/03\/2022_PI001-sargento-ES.pdf\">Publicaci\u00f3n BOP<\/a><\/td>\n<td style=\"width: 0.290065%; height: 24px;\"><\/td>\n<\/tr>\n<tr style=\"height: 96px;\">\n<td style=\"width: 76.1421%; height: 96px;\">Diligencia del Servicio de Recursos Humanos aspirante Turno movilidad e Instancia solicitud Destinos Sargentos.<\/td>\n<td style=\"width: 6.59899%; height: 96px;\">09\/03\/2023<\/td>\n<td style=\"width: 16.0986%; height: 96px;\">\n<p><a href=\"https:\/\/www.bombersdv.es\/wp-content\/uploads\/2023\/03\/Diligencia-RRHH-cumplimiento-requisitos-Boira-Martinez-Copia-autentica-1.pdf\" target=\"_blank\" rel=\"noopener\">Diligencia<\/a><\/p>\n<p><a href=\"https:\/\/www.bombersdv.es\/wp-content\/uploads\/2023\/03\/Instancia-Solicitud-Destino-SARGENTOS.pdf\" target=\"_blank\" rel=\"noopener\">Instancia<\/a><\/td>\n<td style=\"width: 0.290065%; height: 96px;\"><\/td>\n<\/tr>\n<tr style=\"height: 48px;\">\n<td style=\"width: 76.1421%; height: 48px;\">Anuncio del \u00d3rgano T\u00e9cnico de Selecci\u00f3n: Resultados provisionales 3 ejercicio Supuesto practico y convocatoria al 4\u00ba Ejercicio Pruebas psicol\u00f3gicas.<\/td>\n<td style=\"width: 6.59899%; height: 48px;\">09\/03\/2023<\/td>\n<td style=\"width: 16.0986%; height: 48px;\"><a href=\"https:\/\/www.bombersdv.es\/wp-content\/uploads\/2023\/03\/Anuncio-OTS-Sargento-2022_PI001-09_03_2023-Copia-autentica.pdf\" target=\"_blank\" rel=\"noopener\">Anuncio<\/a><\/td>\n<td style=\"width: 0.290065%; height: 48px;\"><\/td>\n<\/tr>\n<tr style=\"height: 24px;\">\n<td style=\"width: 76.1421%; height: 24px;\">Anuncio del Servicio de Recursos Humanos: Oferta de Vacantes Turno Movilidad<\/td>\n<td style=\"width: 6.59899%; height: 24px;\">10\/03\/2023<\/td>\n<td style=\"width: 16.0986%; height: 24px;\"><a href=\"https:\/\/www.bombersdv.es\/wp-content\/uploads\/2023\/03\/Anuncio-Vacantes-turno-movilidad-Copia-autentica.pdf\" target=\"_blank\" rel=\"noopener\">Anuncio<\/a><\/td>\n<td style=\"width: 0.290065%; height: 24px;\"><\/td>\n<\/tr>\n<tr style=\"height: 24px;\">\n<td style=\"width: 76.1421%; height: 24px;\">Publicaci\u00f3n BOP nombramiento Turno Movilidad<\/td>\n<td style=\"width: 6.59899%; height: 24px;\">13\/04\/2023<\/td>\n<td style=\"width: 16.0986%; height: 24px;\"><a href=\"https:\/\/www.bombersdv.es\/wp-content\/uploads\/2023\/04\/2022_PI_NOMB-SARGENTO-MOV-cast.pdf\" target=\"_blank\" rel=\"noopener\">Anuncio BOP<\/a><\/td>\n<td style=\"width: 0.290065%; height: 24px;\"><\/td>\n<\/tr>\n<tr style=\"height: 24px;\">\n<td style=\"width: 76.1421%; height: 24px;\"><span id=\"ep1\"><span id=\"et2\">Anuncio del \u00d3rgano T\u00e9cnico de Selecci\u00f3n: Resultados del 4\u00aa ejercicio Prueba psicotecnica y convocatoria al 5\u00ba ejercicio Revisi\u00f3n M\u00e9dica<\/span><\/span><\/td>\n<td style=\"width: 6.59899%; height: 24px;\">25\/04\/2023<\/td>\n<td style=\"width: 16.0986%; height: 24px;\"><a href=\"https:\/\/www.bombersdv.es\/wp-content\/uploads\/2023\/04\/Anuncio-OTS-Sargento-2022_PI001-25_04_2023-Copia-autentica-2.pdf\" target=\"_blank\" rel=\"noopener\">Anuncio<\/a><\/td>\n<td style=\"width: 0.290065%; height: 24px;\"><\/td>\n<\/tr>\n<tr style=\"height: 24px;\">\n<td style=\"width: 76.1421%; height: 24px;\"><span id=\"ep1\"><span id=\"et2\">Anuncio del \u00d3rgano T\u00e9cnico de Selecci\u00f3n: Resultado Revisi\u00f3n M\u00e9dica y Relaci\u00f3n Provisional Fase Oposici\u00f3n <\/span><\/span><\/td>\n<td style=\"width: 6.59899%; height: 24px;\">19\/05\/2023<\/td>\n<td style=\"width: 16.0986%; height: 24px;\"><a href=\"https:\/\/www.bombersdv.es\/wp-content\/uploads\/2023\/05\/Anuncio-OTS-Sargento-2022_PI001-19_05_2023-Copia-autentica.pdf\" target=\"_blank\" rel=\"noopener\">Anuncio<\/a><\/td>\n<td style=\"width: 0.290065%; height: 24px;\"><\/td>\n<\/tr>\n<tr style=\"height: 24px;\">\n<td style=\"width: 76.1421%; height: 24px;\"><span id=\"ep1\"><span id=\"et2\">Anuncio del \u00d3rgano T\u00e9cnico de Selecci\u00f3n: Resultado Definitivo Fase Oposici\u00f3n y Relaci\u00f3n Provisional Fase Concurso <\/span><\/span><\/td>\n<td style=\"width: 6.59899%; height: 24px;\">28\/06\/2023<\/td>\n<td style=\"width: 16.0986%; height: 24px;\"><a href=\"https:\/\/www.bombersdv.es\/wp-content\/uploads\/2023\/06\/Anuncio-OTS-Sargento-2022_PI001-28_06_2023-Copia-autentica-1.pdf\" target=\"_blank\" rel=\"noopener\">Anuncio<\/a><\/td>\n<td style=\"width: 0.290065%; height: 24px;\"><\/td>\n<\/tr>\n<tr style=\"height: 24px;\">\n<td style=\"width: 76.1421%; height: 24px;\"><span id=\"ep1\"><span id=\"et2\">Anuncio del \u00d3rgano T\u00e9cnico de Selecci\u00f3n: Resultado Definitivo Fase Concurso y Relaci\u00f3n Provisional de Aprobados<\/span><\/span><span id=\"ep1\"><span id=\"et2\"><br \/>\n<\/span><\/span><\/td>\n<td style=\"width: 6.59899%; height: 24px;\">07\/07\/2023<\/td>\n<td style=\"width: 16.0986%; height: 24px;\"><a href=\"https:\/\/www.bombersdv.es\/wp-content\/uploads\/2023\/07\/Anuncio-OTS-Sargento-2022_PI001-07_07_2023-Copia-autentica.pdf\" target=\"_blank\" rel=\"noopener\">Anuncio<\/a><\/td>\n<td style=\"width: 0.290065%; height: 24px;\"><\/td>\n<\/tr>\n<tr style=\"height: 48px;\">\n<td style=\"width: 76.1421%; height: 48px;\"><span id=\"ep1\"><span id=\"et2\">Anuncio del \u00d3rgano T\u00e9cnico de Selecci\u00f3n <\/span><\/span><span id=\"ep1\"><span id=\"et2\">por el que se publica la\u00a0 Relaci\u00f3n definitiva de personas aprobadas y se emplaza a las mismas a la presentaci\u00f3n de los documentos requeridos en la base A.5<\/span><\/span><\/td>\n<td style=\"width: 6.59899%; height: 48px;\">20\/12\/2024<\/td>\n<td style=\"width: 16.0986%; height: 48px;\"><a href=\"https:\/\/www.bombersdv.es\/wp-content\/uploads\/2024\/12\/Anuncio-OTS-Sargento-2022_PI001-19_12-Copia-autentica.pdf\" target=\"_blank\" rel=\"noopener\">Anuncio<\/a><\/td>\n<td style=\"width: 0.290065%; height: 48px;\"><\/td>\n<\/tr>\n<tr style=\"height: 24px;\">\n<td style=\"width: 76.1421%; height: 24px;\">Anuncio del servicio de Recursos Humanos <span id=\"ep1\"><span id=\"et2\"><br \/>\n<\/span><\/span><\/td>\n<td style=\"width: 6.59899%; height: 24px;\">20\/12\/2024<\/td>\n<td style=\"width: 16.0986%; height: 24px;\"><a href=\"https:\/\/www.bombersdv.es\/wp-content\/uploads\/2024\/12\/DECLARACION-JURADA.pdf\" target=\"_blank\" rel=\"noopener\">Declaraci\u00f3n Jurada<\/a><br \/>\n<a href=\"https:\/\/www.bombersdv.es\/wp-content\/uploads\/2024\/12\/DESTINOS-SARGENTOS.pdf\" target=\"_blank\" rel=\"noopener\">Solicitud de destinos<\/a><\/td>\n<td style=\"width: 0.290065%; height: 24px;\"><\/td>\n<\/tr>\n<tr>\n<td style=\"width: 76.1421%;\">Publicaci\u00f3n BOP nombramiento funcionarios de carrera<\/td>\n<td style=\"width: 6.59899%;\">18\/02\/2025<\/td>\n<td style=\"width: 16.0986%;\"><a href=\"https:\/\/www.bombersdv.es\/wp-content\/uploads\/2025\/02\/2022_PI001-nomb-FC-SARGENTOS_ES.pdf\" target=\"_blank\" rel=\"noopener\">Publicaci\u00f3n BOP<\/a><\/td>\n<td style=\"width: 0.290065%;\"><\/td>\n<\/tr>\n<\/tbody>\n<\/table>\n<\/div>\n<\/div><div class=\"fusion-clearfix\"><\/div><\/div><\/div><\/div><\/div>\n","protected":false},"excerpt":{"rendered":"","protected":false},"author":192,"featured_media":0,"parent":15127,"menu_order":0,"comment_status":"closed","ping_status":"closed","template":"","meta":{"footnotes":""},"class_list":["post-58149","page","type-page","status-publish","hentry"],"_links":{"self":[{"href":"https:\/\/www.bombersdv.es\/es\/wp-json\/wp\/v2\/pages\/58149"}],"collection":[{"href":"https:\/\/www.bombersdv.es\/es\/wp-json\/wp\/v2\/pages"}],"about":[{"href":"https:\/\/www.bombersdv.es\/es\/wp-json\/wp\/v2\/types\/page"}],"author":[{"embeddable":true,"href":"https:\/\/www.bombersdv.es\/es\/wp-json\/wp\/v2\/users\/192"}],"replies":[{"embeddable":true,"href":"https:\/\/www.bombersdv.es\/es\/wp-json\/wp\/v2\/comments?post=58149"}],"version-history":[{"count":47,"href":"https:\/\/www.bombersdv.es\/es\/wp-json\/wp\/v2\/pages\/58149\/revisions"}],"predecessor-version":[{"id":72365,"href":"https:\/\/www.bombersdv.es\/es\/wp-json\/wp\/v2\/pages\/58149\/revisions\/72365"}],"up":[{"embeddable":true,"href":"https:\/\/www.bombersdv.es\/es\/wp-json\/wp\/v2\/pages\/15127"}],"wp:attachment":[{"href":"https:\/\/www.bombersdv.es\/es\/wp-json\/wp\/v2\/media?parent=58149"}],"curies":[{"name":"wp","href":"https:\/\/api.w.org\/{rel}","templated":true}]}}