{"id":58158,"date":"2022-04-04T09:39:54","date_gmt":"2022-04-04T07:39:54","guid":{"rendered":"https:\/\/www.bombersdv.es\/?page_id=58158"},"modified":"2022-07-12T08:23:20","modified_gmt":"2022-07-12T06:23:20","slug":"2022-ld001-proceso-para-la-cobertura-del-puesto-de-trabajo-cb-01-inspector-a-jefe-a-del-cuerpo-de-bomberos-del-consorcio-provincial-de-bomberos-de-valencia-por-el-sistema-de-libre-designacion","status":"publish","type":"page","link":"https:\/\/www.bombersdv.es\/es\/oposiciones\/procesos-finalizados\/2022-ld001-proceso-para-la-cobertura-del-puesto-de-trabajo-cb-01-inspector-a-jefe-a-del-cuerpo-de-bomberos-del-consorcio-provincial-de-bomberos-de-valencia-por-el-sistema-de-libre-designacion\/","title":{"rendered":"2022\/LD001: Proceso para la cobertura del  puesto de trabajo CB-01 Inspector\/a Jefe\/a del Cuerpo de Bomberos del Consorcio Provincial de Bomberos de Valencia por el sistema de Libre Designaci\u00f3n."},"content":{"rendered":"<div class=\"fusion-fullwidth fullwidth-box fusion-builder-row-1 nonhundred-percent-fullwidth non-hundred-percent-height-scrolling\" style=\"--awb-background-position:left top;--awb-border-radius-top-left:0px;--awb-border-radius-top-right:0px;--awb-border-radius-bottom-right:0px;--awb-border-radius-bottom-left:0px;--awb-padding-top:20px;--awb-padding-bottom:20px;--awb-border-sizes-top:0px;--awb-border-sizes-bottom:0px;--awb-flex-wrap:wrap;\" ><div class=\"fusion-builder-row fusion-row\"><div class=\"fusion-layout-column fusion_builder_column fusion-builder-column-0 fusion_builder_column_1_1 1_1 fusion-one-full fusion-column-first fusion-column-last fusion-column-no-min-height\" style=\"--awb-bg-size:cover;--awb-margin-bottom:0px;\"><div class=\"fusion-column-wrapper fusion-flex-column-wrapper-legacy\"><div class=\"fusion-title title fusion-title-1 fusion-sep-none fusion-title-text fusion-title-size-two\"><h2 class=\"fusion-title-heading title-heading-left fusion-responsive-typography-calculated\" style=\"margin:0;--fontSize:34;line-height:1.09;\">2022\/LD001: Proceso para la cobertura del puesto de trabajo CB-01 Inspector\/a Jefe\/a del Cuerpo de Bomberos del Consorcio Provincial de Bomberos de Valencia por el sistema de Libre Designaci\u00f3n.<\/h2><\/div><div class=\"fusion-text fusion-text-1\"><div class=\"table-2\">\n<table style=\"height: 240px;\" width=\"100%\">\n<thead>\n<tr style=\"height: 24px;\">\n<th style=\"height: 24px; width: 76.1421%;\">Tr\u00e1mite<\/th>\n<th style=\"height: 24px; width: 6.59899%;\">Fecha<\/th>\n<th style=\"height: 24px; width: 16.0986%;\">Documento(s)<\/th>\n<td style=\"height: 24px; width: 0.290065%;\"><\/td>\n<\/tr>\n<\/thead>\n<tbody>\n<tr style=\"height: 48px;\">\n<td style=\"height: 48px; width: 76.1421%;\">Publicaci\u00f3n BOPV de las Bases que regulan el proceso 2022\/LD001 para la cobertura del puesto de trabajo CB-01 Inspector\/a Jefe\/a del Cuerpo de Bomberos del Consorcio Provincial de Bomberos de Valencia por el sistema de Libre Designaci\u00f3n.<\/td>\n<td style=\"height: 48px; width: 6.59899%;\">04\/04\/2022<\/td>\n<td style=\"height: 48px; width: 16.0986%;\"><a href=\"https:\/\/www.bombersdv.es\/wp-content\/uploads\/2022\/04\/bases-publicadas-04042022-Inspector-Jefe-cast.pdf\" target=\"_blank\" rel=\"noopener\">Bases<\/a><\/td>\n<td style=\"height: 48px; width: 0.290065%;\"><\/td>\n<\/tr>\n<tr style=\"height: 48px;\">\n<td style=\"height: 48px; width: 76.1421%;\"><strong><span style=\"color: #800000;\"><span style=\"font-size: small;\">El plazo de presentaci\u00f3n de instancias comienza a partir de la publicaci\u00f3n del extracto de las bases en el Bolet\u00edn Oficial del Estado. Cualquier instancia presentada antes o despu\u00e9s de este plazo ser\u00e1 extempor\u00e1nea, as\u00ed como cualquier pago de la tasa por derechos de examen realizado antes o despu\u00e9s del t\u00e9rmino de presentaci\u00f3n de instancias.<\/span><\/span><\/strong><\/td>\n<td style=\"height: 48px; width: 6.59899%;\"><\/td>\n<td style=\"height: 48px; width: 16.0986%;\"><\/td>\n<td style=\"height: 48px; width: 0.290065%;\"><\/td>\n<\/tr>\n<tr>\n<td style=\"width: 76.1421%;\">Publicaci\u00f3n DOGV<strong><span style=\"color: #800000;\"><span style=\"font-size: small;\"><br \/>\n<\/span><\/span><\/strong><\/td>\n<td style=\"width: 6.59899%;\">21\/04\/2022<\/td>\n<td style=\"width: 16.0986%;\"><a href=\"https:\/\/www.bombersdv.es\/wp-content\/uploads\/2022\/04\/PUBLICACION-DOGV-INSPECTOR-JEFE.pdf\" target=\"_blank\" rel=\"noopener\">Publicaci\u00f3n DOGV<\/a><\/td>\n<td style=\"width: 0.290065%;\"><\/td>\n<\/tr>\n<tr>\n<td style=\"width: 76.1421%;\">Publicaci\u00f3n BOE (Abre plazo presentaci\u00f3n instancias)<\/td>\n<td style=\"width: 6.59899%;\">02\/05\/2022<\/td>\n<td style=\"width: 16.0986%;\"><a href=\"https:\/\/www.bombersdv.es\/wp-content\/uploads\/2022\/05\/2022_LD001_BOE-extracto-convocatoria-Inspector-Jefe-Cuerpo-de-Bomberos.pdf\" target=\"_blank\" rel=\"noopener\">Publicaci\u00f3n BOE<\/a><\/td>\n<td style=\"width: 0.290065%;\"><\/td>\n<\/tr>\n<tr>\n<td style=\"width: 76.1421%;\">Modelo solicitud<\/td>\n<td style=\"width: 6.59899%;\">02\/05\/2022<\/td>\n<td style=\"width: 16.0986%;\"><a href=\"https:\/\/www.bombersdv.es\/wp-content\/uploads\/2022\/05\/2022_LD001_INSTANCIA-INSPECTOR-JEFE-fomulario.pdf\" target=\"_blank\" rel=\"noopener\">Solicitud<\/a><\/td>\n<td style=\"width: 0.290065%;\"><\/td>\n<\/tr>\n<tr>\n<td style=\"width: 76.1421%;\">Publicaci\u00f3n BOP declaraci\u00f3n Convocatoria 2022\/LD001 desierta<\/td>\n<td style=\"width: 6.59899%;\">10\/06\/2022<\/td>\n<td style=\"width: 16.0986%;\"><a href=\"https:\/\/www.bombersdv.es\/wp-content\/uploads\/2022\/06\/Publicacion-BOP-declaracon-Convocatoria-Inspector-Jefe-desierta.pdf\" target=\"_blank\" rel=\"noopener\">Publicaci\u00f3n BOP<\/a><\/td>\n<td style=\"width: 0.290065%;\"><\/td>\n<\/tr>\n<\/tbody>\n<\/table>\n<\/div>\n<\/div><div class=\"fusion-clearfix\"><\/div><\/div><\/div><\/div><\/div>\n","protected":false},"excerpt":{"rendered":"","protected":false},"author":192,"featured_media":0,"parent":15127,"menu_order":0,"comment_status":"closed","ping_status":"closed","template":"","meta":{"footnotes":""},"class_list":["post-58158","page","type-page","status-publish","hentry"],"_links":{"self":[{"href":"https:\/\/www.bombersdv.es\/es\/wp-json\/wp\/v2\/pages\/58158"}],"collection":[{"href":"https:\/\/www.bombersdv.es\/es\/wp-json\/wp\/v2\/pages"}],"about":[{"href":"https:\/\/www.bombersdv.es\/es\/wp-json\/wp\/v2\/types\/page"}],"author":[{"embeddable":true,"href":"https:\/\/www.bombersdv.es\/es\/wp-json\/wp\/v2\/users\/192"}],"replies":[{"embeddable":true,"href":"https:\/\/www.bombersdv.es\/es\/wp-json\/wp\/v2\/comments?post=58158"}],"version-history":[{"count":8,"href":"https:\/\/www.bombersdv.es\/es\/wp-json\/wp\/v2\/pages\/58158\/revisions"}],"predecessor-version":[{"id":59130,"href":"https:\/\/www.bombersdv.es\/es\/wp-json\/wp\/v2\/pages\/58158\/revisions\/59130"}],"up":[{"embeddable":true,"href":"https:\/\/www.bombersdv.es\/es\/wp-json\/wp\/v2\/pages\/15127"}],"wp:attachment":[{"href":"https:\/\/www.bombersdv.es\/es\/wp-json\/wp\/v2\/media?parent=58158"}],"curies":[{"name":"wp","href":"https:\/\/api.w.org\/{rel}","templated":true}]}}