{"id":58531,"date":"2022-04-12T08:07:50","date_gmt":"2022-04-12T06:07:50","guid":{"rendered":"https:\/\/www.bombersdv.es\/?page_id=58531"},"modified":"2023-11-06T08:20:46","modified_gmt":"2023-11-06T07:20:46","slug":"2022-op003-proceso-para-la-cobertura-de-1-plaza-de-ingeniero-de-infraestructuras-en-el-consorcio-provincial-de-bomberos-de-valencia-turno-libre","status":"publish","type":"page","link":"https:\/\/www.bombersdv.es\/es\/oposiciones\/procesos-finalizados\/2022-op003-proceso-para-la-cobertura-de-1-plaza-de-ingeniero-de-infraestructuras-en-el-consorcio-provincial-de-bomberos-de-valencia-turno-libre\/","title":{"rendered":"2022\/OP003: Proceso para la cobertura de 1 plaza de Ingeniero\/a de Infraestructuras en el Consorcio Provincial de Bomberos de Valencia. Turno libre"},"content":{"rendered":"<div class=\"fusion-fullwidth fullwidth-box fusion-builder-row-1 nonhundred-percent-fullwidth non-hundred-percent-height-scrolling\" style=\"--awb-background-position:left top;--awb-border-radius-top-left:0px;--awb-border-radius-top-right:0px;--awb-border-radius-bottom-right:0px;--awb-border-radius-bottom-left:0px;--awb-padding-top:20px;--awb-padding-bottom:20px;--awb-border-sizes-top:0px;--awb-border-sizes-bottom:0px;--awb-flex-wrap:wrap;\" ><div class=\"fusion-builder-row fusion-row\"><div class=\"fusion-layout-column fusion_builder_column fusion-builder-column-0 fusion_builder_column_1_1 1_1 fusion-one-full fusion-column-first fusion-column-last fusion-column-no-min-height\" style=\"--awb-bg-size:cover;--awb-margin-bottom:0px;\"><div class=\"fusion-column-wrapper fusion-flex-column-wrapper-legacy\"><div class=\"fusion-title title fusion-title-1 fusion-sep-none fusion-title-text fusion-title-size-two\"><h2 class=\"fusion-title-heading title-heading-left fusion-responsive-typography-calculated\" style=\"margin:0;--fontSize:34;line-height:1.09;\">2022\/OP003: Proceso para la cobertura de 1 plaza de Ingeniero de Infraestructuras en el Consorcio Provincial de Bomberos de Valencia. Turno libre<\/h2><\/div><div class=\"fusion-text fusion-text-1\"><div class=\"table-2\">\n<table style=\"height: 240px;\" width=\"100%\">\n<thead>\n<tr style=\"height: 24px;\">\n<th style=\"height: 24px; width: 76.1421%;\">Tr\u00e1mite<\/th>\n<th style=\"height: 24px; width: 6.59899%;\">Fecha<\/th>\n<th style=\"height: 24px; width: 16.0986%;\">Documento(s)<\/th>\n<td style=\"height: 24px; width: 0.290065%;\"><\/td>\n<\/tr>\n<\/thead>\n<tbody>\n<tr style=\"height: 48px;\">\n<td style=\"height: 48px; width: 76.1421%;\">Publicaci\u00f3n BOPV de las Bases que regulan el proceso 2022\/OP003 para la cobertura de 1 plaza de Ingeniero de Infraestructuras en el Consorcio Provincial de Bomberos de Valencia. Turno libre<\/td>\n<td style=\"height: 48px; width: 6.59899%;\">12\/04\/2022<\/td>\n<td style=\"height: 48px; width: 16.0986%;\"><a href=\"https:\/\/www.bombersdv.es\/wp-content\/uploads\/2022\/04\/Ingeniero-infraestructuras.pdf\" target=\"_blank\" rel=\"noopener\">Bases<\/a><\/td>\n<td style=\"height: 48px; width: 0.290065%;\"><\/td>\n<\/tr>\n<tr style=\"height: 48px;\">\n<td style=\"height: 48px; width: 76.1421%;\"><strong><span style=\"color: #800000;\"><span style=\"font-size: small;\">El plazo de presentaci\u00f3n de instancias comienza a partir del d\u00eda siguiente al de la publicaci\u00f3n del extracto de las bases en el Bolet\u00edn Oficial del Estado. Cualquier instancia presentada antes o despu\u00e9s de este plazo ser\u00e1 extempor\u00e1nea, as\u00ed como cualquier pago de la tasa por derechos de examen realizado antes o despu\u00e9s del t\u00e9rmino de presentaci\u00f3n de instancias.<\/span><\/span><\/strong><\/td>\n<td style=\"height: 48px; width: 6.59899%;\"><\/td>\n<td style=\"height: 48px; width: 16.0986%;\"><\/td>\n<td style=\"height: 48px; width: 0.290065%;\"><\/td>\n<\/tr>\n<tr style=\"height: 24px;\">\n<td style=\"width: 76.1421%; height: 24px;\">Publicaci\u00f3n DOGV<strong><span style=\"color: #800000;\"><span style=\"font-size: small;\"><br \/>\n<\/span><\/span><\/strong><\/td>\n<td style=\"width: 6.59899%; height: 24px;\">09\/05\/2022<\/td>\n<td style=\"width: 16.0986%; height: 24px;\"><a href=\"https:\/\/www.bombersdv.es\/wp-content\/uploads\/2022\/05\/Publicacion-DOGV-INGENIERO-TEC-INDUSTRIAL.pdf\" target=\"_blank\" rel=\"noopener\">Publicaci\u00f3n DOGV<\/a><\/td>\n<td style=\"width: 0.290065%; height: 24px;\"><\/td>\n<\/tr>\n<tr style=\"height: 24px;\">\n<td style=\"width: 76.1421%; height: 24px;\">Publicaci\u00f3n BOE<\/td>\n<td style=\"width: 6.59899%; height: 24px;\">16\/05\/2022<\/td>\n<td style=\"width: 16.0986%; height: 24px;\"><a href=\"https:\/\/www.bombersdv.es\/wp-content\/uploads\/2022\/05\/PUBLICACION-BOE-ingeniero-infraestructuras-y-tec-esp-informatica.pdf\" target=\"_blank\" rel=\"noopener\">Publicaci\u00f3n BOE<\/a><\/td>\n<td style=\"width: 0.290065%; height: 24px;\"><\/td>\n<\/tr>\n<tr style=\"height: 233px;\">\n<td style=\"width: 76.1421%; height: 233px;\">\n<p>Modelo Solicitud<\/p>\n<p><span style=\"color: #ff0000;\">De acuerdo con las Bases de la convocatoria<\/span>:<span style=\"color: #ff0000;\"> &#8220;<span style=\"font-family: serif;\"><span style=\"font-size: medium;\">Finalizada la fase de oposici\u00f3n y publicada la Relaci\u00f3n Provisional de resultados de la misma, se emplazar\u00e1 a los\/las aspirantes que l<\/span><\/span><span style=\"font-family: serif;\"><span style=\"font-size: medium;\">a <\/span><\/span><span style=\"font-family: serif;\"><span style=\"font-size: medium;\">hayan superado, para que en el plazo de diez d\u00edas h\u00e1biles aporten por Registro General de Entrada en el Consorcio o en la forma que determina el art\u00edculo 16 de la Ley 39\/2015, de 1 de octubre, del Procedimiento Administrativo Com\u00fan de las Administraciones P\u00fablicas, la documentaci\u00f3n acreditativa para evaluar los m\u00e9ritos y experiencia previstos en la convocatoria.&#8221;<\/span><\/span><\/span><\/p>\n<p>En consecuencia, y de acuerdo con lo indicado en las Bases, en esta fase del proceso no se presentar\u00e1n ni la Tabla de Autobaremaci\u00f3n, ni los m\u00e9ritos a valorar.<\/td>\n<td style=\"width: 6.59899%; height: 233px;\">16\/05\/2022<\/td>\n<td style=\"width: 16.0986%; height: 233px;\"><span style=\"color: #800080;\"><a style=\"color: #800080;\" href=\"https:\/\/www.bombersdv.es\/wp-content\/uploads\/2022\/05\/INSTANCIA-PROCESOS_SELECTIVOS_modelo-generico.pdf\" target=\"_blank\" rel=\"noopener\">Solicitud<\/a><\/span><\/td>\n<td style=\"width: 0.290065%; height: 233px;\"><\/td>\n<\/tr>\n<tr style=\"height: 72px;\">\n<td style=\"width: 76.1421%; height: 72px;\">El ingreso de la tasa se realizar\u00e1 mediante transferencia bancaria a la cuenta ES14 2100 4337 8802 0004 5460 o mediante tarjeta bancaria de cualquier entidad en los cajeros autom\u00e1ticos de CaixaBank indicando el C\u00f3digo de Entidad 776680, Concepto \u201c2022\/OP003 INGENIERO INFRAESTRUCTURAS\u201d y el nombre y apellidos del aspirante, utilizando el c\u00f3digo de barras que se adjunta.<\/td>\n<td style=\"width: 6.59899%; height: 72px;\">16\/05\/2022<\/td>\n<td style=\"width: 16.0986%; height: 72px;\"><span style=\"color: #800080;\"><a href=\"https:\/\/www.bombersdv.es\/wp-content\/uploads\/2022\/05\/Codigo-Barras_ingeniero-infraestructuras.pdf\" target=\"_blank\" rel=\"noopener\">C\u00f3digo de barras<\/a><\/span><\/td>\n<td style=\"width: 0.290065%; height: 72px;\"><\/td>\n<\/tr>\n<tr style=\"height: 24px;\">\n<td style=\"width: 76.1421%; height: 24px;\">Publicaci\u00f3n BOP lista provisional de admitidos y excluidos en el proceso y designaci\u00f3n de los miembros de \u00d3rgano T\u00e9cnico de Selecci\u00f3n.<\/td>\n<td style=\"width: 6.59899%; height: 24px;\">03\/11\/2022<\/td>\n<td style=\"width: 16.0986%; height: 24px;\"><span style=\"color: #800080;\"><a href=\"https:\/\/www.bombersdv.es\/wp-content\/uploads\/2022\/11\/LISTA-PROVISIONAL-Y-OTS-INGENIERO-INDUSTRIAL.pdf\" target=\"_blank\" rel=\"noopener\">Publicaci\u00f3n BOP<\/a><\/span><\/td>\n<td style=\"width: 0.290065%; height: 24px;\"><\/td>\n<\/tr>\n<tr style=\"height: 24px;\">\n<td style=\"width: 76.1421%; height: 24px;\">Decreto aprobaci\u00f3n lista definitiva, fecha de examen y establecimiento estimaci\u00f3n temporal desarrollo prueba selectiva<\/td>\n<td style=\"width: 6.59899%; height: 24px;\">28\/11\/2022<\/td>\n<td style=\"width: 16.0986%; height: 24px;\"><span style=\"color: #800080;\"><a href=\"https:\/\/www.bombersdv.es\/wp-content\/uploads\/2022\/11\/2022_OP003_-Decreto-LISTA-DEF.pdf\" target=\"_blank\" rel=\"noopener\">Decreto<\/a><\/span><\/td>\n<td style=\"width: 0.290065%; height: 24px;\"><\/td>\n<\/tr>\n<tr style=\"height: 24px;\">\n<td style=\"width: 76.1421%; height: 24px;\">Publicaci\u00f3n BOP lista definitiva, fecha de examen y establecimiento estimaci\u00f3n temporal desarrollo prueba selectiva<\/td>\n<td style=\"width: 6.59899%; height: 24px;\">05\/12\/2022<\/td>\n<td style=\"width: 16.0986%; height: 24px;\"><a href=\"https:\/\/www.bombersdv.es\/wp-content\/uploads\/2022\/12\/2022_OP003-PUBLICACION-BOP-LISTA-DEF-castellano.pdf\" target=\"_blank\" rel=\"noopener\">Publicaci\u00f3n BOP<\/a><\/td>\n<td style=\"width: 0.290065%; height: 24px;\"><\/td>\n<\/tr>\n<tr style=\"height: 24px;\">\n<td style=\"width: 76.1421%; height: 24px;\">Anuncio OTS: publicaci\u00f3n examen y\u00a0 plantilla de correcci\u00f3n<\/td>\n<td style=\"width: 6.59899%; height: 24px;\">13\/01\/2023<\/td>\n<td style=\"width: 16.0986%; height: 24px;\"><a href=\"https:\/\/www.bombersdv.es\/wp-content\/uploads\/2023\/01\/2022_OP003-Anuncio-primera-prueba_examen_plantilla-resp-INGENIERO.pdf\" target=\"_blank\" rel=\"noopener\">Anuncio<\/a><\/td>\n<td style=\"width: 0.290065%; height: 24px;\"><\/td>\n<\/tr>\n<tr style=\"height: 24px;\">\n<td style=\"width: 76.1421%; height: 24px;\">Anuncio OTS: Resultados primera prueba y convocatoria segundo ejercicio<\/td>\n<td style=\"width: 6.59899%; height: 24px;\">30\/01\/2023<\/td>\n<td style=\"width: 16.0986%; height: 24px;\"><a href=\"https:\/\/www.bombersdv.es\/wp-content\/uploads\/2023\/01\/Anuncio-resultados-tipo-test-y-convo-segunda-prueba-Copia-autentica-1.pdf\" target=\"_blank\" rel=\"noopener\">Anuncio<\/a><\/td>\n<td style=\"width: 0.290065%; height: 24px;\"><\/td>\n<\/tr>\n<tr style=\"height: 24px;\">\n<td style=\"width: 76.1421%; height: 24px;\">Anuncio OTS: Suspensi\u00f3n convocatoria segundo ejercicio<\/td>\n<td style=\"width: 6.59899%; height: 24px;\">14\/02\/2023<\/td>\n<td style=\"width: 16.0986%; height: 24px;\"><a href=\"https:\/\/www.bombersdv.es\/wp-content\/uploads\/2023\/02\/Anuncio-suspension-ejercicio-17-2-23-Copia-autentica-3.pdf\" target=\"_blank\" rel=\"noopener\">Anuncio<\/a><\/td>\n<td style=\"width: 0.290065%; height: 24px;\"><\/td>\n<\/tr>\n<tr style=\"height: 24px;\">\n<td style=\"width: 76.1421%; height: 24px;\">Anuncio OTS: Resoluci\u00f3n Recursos de Alzada<\/td>\n<td style=\"width: 6.59899%; height: 24px;\">28\/03\/2023<\/td>\n<td style=\"width: 16.0986%; height: 24px;\"><a href=\"https:\/\/www.bombersdv.es\/wp-content\/uploads\/2023\/03\/Anuncio-resolucion-recursos-y-continuidad-del-proceso-Copia-autentica.pdf\" target=\"_blank\" rel=\"noopener\">Anuncio<\/a><\/td>\n<td style=\"width: 0.290065%; height: 24px;\"><\/td>\n<\/tr>\n<tr style=\"height: 24px;\">\n<td style=\"width: 76.1421%; height: 24px;\">Anuncio OTS: Correcci\u00f3n primera prueba tras recursos de alzada, resultados y convocatoria segundo ejercicio<\/td>\n<td style=\"width: 6.59899%; height: 24px;\">03\/04\/2023<\/td>\n<td style=\"width: 16.0986%; height: 24px;\"><a href=\"https:\/\/www.bombersdv.es\/wp-content\/uploads\/2023\/04\/Anuncio-31-3-2023-INGENIERO-Copia-autentica.pdf\" target=\"_blank\" rel=\"noopener\">Anuncio<\/a><\/td>\n<td style=\"width: 0.290065%; height: 24px;\"><\/td>\n<\/tr>\n<tr style=\"height: 24px;\">\n<td style=\"width: 76.1421%; height: 24px;\">Anuncio OTS: Anulaci\u00f3n convocatoria segundo ejercicio<\/td>\n<td style=\"width: 6.59899%; height: 24px;\">04\/05\/2023<\/td>\n<td style=\"width: 16.0986%; height: 24px;\"><a href=\"https:\/\/www.bombersdv.es\/wp-content\/uploads\/2023\/05\/Anuncio-4-5-2023_-Suspension-del-proceso-por-recurso-Copia-autentica.pdf\" target=\"_blank\" rel=\"noopener\">Anuncio<\/a><\/td>\n<td style=\"width: 0.290065%; height: 24px;\"><\/td>\n<\/tr>\n<tr style=\"height: 24px;\">\n<td style=\"width: 76.1421%; height: 24px;\">Anuncio OTS:\u00a0 Convocatoria segundo ejercicio<\/td>\n<td style=\"width: 6.59899%; height: 24px;\">24\/05\/2023<\/td>\n<td style=\"width: 16.0986%; height: 24px;\">A<a href=\"https:\/\/www.bombersdv.es\/wp-content\/uploads\/2023\/05\/Anuncio-continuidad-del-proceso-y-convocatoria-segundo-ejercicio.pdf\" target=\"_blank\" rel=\"noopener\">nuncio<\/a><\/td>\n<td style=\"width: 0.290065%; height: 24px;\"><\/td>\n<\/tr>\n<tr style=\"height: 24px;\">\n<td style=\"width: 76.1421%; height: 24px;\">Anuncio OTS: publicaci\u00f3n examen y criterios de correcci\u00f3n<\/td>\n<td style=\"width: 6.59899%; height: 24px;\">02\/06\/2023<\/td>\n<td style=\"width: 16.0986%; height: 24px;\"><a href=\"https:\/\/www.bombersdv.es\/wp-content\/uploads\/2023\/06\/2022_OP001_Anuncio-public-supo-segundo-ejercicio-y-criterios-correccion-1_6_3-Ingeniero.pdf\" target=\"_blank\" rel=\"noopener\">Anuncio<\/a><\/td>\n<td style=\"width: 0.290065%; height: 24px;\"><\/td>\n<\/tr>\n<tr style=\"height: 24px;\">\n<td style=\"width: 76.1421%; height: 24px;\">Anuncio OTS: Resultado segundo ejercicio y Relaci\u00f3n provisional fase oposici\u00f3n<\/td>\n<td style=\"width: 6.59899%; height: 24px;\">09\/06\/2023<\/td>\n<td style=\"width: 16.0986%; height: 24px;\"><a href=\"https:\/\/www.bombersdv.es\/wp-content\/uploads\/2023\/06\/Anuncio-publicacion-lista-provisional-y-apertura-concurso-Copia-autentica.pdf\" target=\"_blank\" rel=\"noopener\">Anuncio<\/a><\/td>\n<td style=\"width: 0.290065%; height: 24px;\"><\/td>\n<\/tr>\n<tr style=\"height: 24px;\">\n<td style=\"width: 76.1421%; height: 24px;\">Anuncio OTS: Relaci\u00f3n definitiva fase oposici\u00f3n<\/td>\n<td style=\"width: 6.59899%; height: 24px;\">27\/06\/2023<\/td>\n<td style=\"width: 16.0986%; height: 24px;\"><a href=\"https:\/\/www.bombersdv.es\/wp-content\/uploads\/2023\/06\/Anuncio-publicacion-lista-definitiva-Copia-autentica-1.pdf\" target=\"_blank\" rel=\"noopener\">Anuncio<\/a><\/td>\n<td style=\"width: 0.290065%; height: 24px;\"><\/td>\n<\/tr>\n<tr style=\"height: 24px;\">\n<td style=\"width: 76.1421%; height: 24px;\">Anuncio OTS: Relaci\u00f3n definitiva fase concurso y Relaci\u00f3n provisional oposici\u00f3n<\/td>\n<td style=\"width: 6.59899%; height: 24px;\">12\/07\/2023<\/td>\n<td style=\"width: 16.0986%; height: 24px;\"><a href=\"https:\/\/www.bombersdv.es\/wp-content\/uploads\/2023\/07\/Anuncio-fase-concurso-y-relacion-provisional-oposicion-Copia-autentica.pdf\" target=\"_blank\" rel=\"noopener\">Anuncio<\/a><\/td>\n<td style=\"width: 0.290065%; height: 24px;\"><\/td>\n<\/tr>\n<tr style=\"height: 24px;\">\n<td style=\"width: 76.1421%; height: 24px;\">Anuncio OTS: Relaci\u00f3n Definitiva aspirante Seleccionado y emplazamiento acreditaci\u00f3n requisitos.<\/td>\n<td style=\"width: 6.59899%; height: 24px;\">27\/07\/2023<\/td>\n<td style=\"width: 16.0986%; height: 24px;\"><a href=\"https:\/\/www.bombersdv.es\/wp-content\/uploads\/2023\/07\/Anuncio-resultados-concurso-y-relacion-defintiva-oposicion-Copia-autentica-1.pdf\" target=\"_blank\" rel=\"noopener\">Anuncio<\/a><\/td>\n<td style=\"width: 0.290065%; height: 24px;\"><\/td>\n<\/tr>\n<tr style=\"height: 24px;\">\n<td style=\"width: 76.1421%; height: 24px;\">Anuncio OTS: Diligencia RRHH<\/td>\n<td style=\"width: 6.59899%; height: 24px;\">07\/09\/2023<\/td>\n<td style=\"width: 16.0986%; height: 24px;\"><a href=\"https:\/\/www.bombersdv.es\/wp-content\/uploads\/2023\/09\/Diligencia-proceso-Ingeniero.pdf\" target=\"_blank\" rel=\"noopener\">Anuncio<\/a><\/td>\n<td style=\"width: 0.290065%; height: 24px;\"><\/td>\n<\/tr>\n<tr>\n<td style=\"width: 76.1421%;\">Anuncio BOP: nombramiento funcionario de carrera<\/td>\n<td style=\"width: 6.59899%;\">06\/11\/2023<\/td>\n<td style=\"width: 16.0986%;\"><a href=\"https:\/\/www.bombersdv.es\/wp-content\/uploads\/2023\/11\/2022_OP003_PUBLIC-BOP-NOMB-INGENIERO-CASTELLANO.pdf\" target=\"_blank\" rel=\"noopener\">Publicaci\u00f3n BOP<\/a><\/td>\n<td style=\"width: 0.290065%;\"><\/td>\n<\/tr>\n<\/tbody>\n<\/table>\n<\/div>\n<\/div><div class=\"fusion-clearfix\"><\/div><\/div><\/div><\/div><\/div>\n","protected":false},"excerpt":{"rendered":"","protected":false},"author":192,"featured_media":0,"parent":15127,"menu_order":0,"comment_status":"closed","ping_status":"closed","template":"","meta":{"footnotes":""},"class_list":["post-58531","page","type-page","status-publish","hentry"],"_links":{"self":[{"href":"https:\/\/www.bombersdv.es\/es\/wp-json\/wp\/v2\/pages\/58531"}],"collection":[{"href":"https:\/\/www.bombersdv.es\/es\/wp-json\/wp\/v2\/pages"}],"about":[{"href":"https:\/\/www.bombersdv.es\/es\/wp-json\/wp\/v2\/types\/page"}],"author":[{"embeddable":true,"href":"https:\/\/www.bombersdv.es\/es\/wp-json\/wp\/v2\/users\/192"}],"replies":[{"embeddable":true,"href":"https:\/\/www.bombersdv.es\/es\/wp-json\/wp\/v2\/comments?post=58531"}],"version-history":[{"count":36,"href":"https:\/\/www.bombersdv.es\/es\/wp-json\/wp\/v2\/pages\/58531\/revisions"}],"predecessor-version":[{"id":66912,"href":"https:\/\/www.bombersdv.es\/es\/wp-json\/wp\/v2\/pages\/58531\/revisions\/66912"}],"up":[{"embeddable":true,"href":"https:\/\/www.bombersdv.es\/es\/wp-json\/wp\/v2\/pages\/15127"}],"wp:attachment":[{"href":"https:\/\/www.bombersdv.es\/es\/wp-json\/wp\/v2\/media?parent=58531"}],"curies":[{"name":"wp","href":"https:\/\/api.w.org\/{rel}","templated":true}]}}