{"id":58543,"date":"2022-04-12T08:18:56","date_gmt":"2022-04-12T06:18:56","guid":{"rendered":"https:\/\/www.bombersdv.es\/?page_id=58543"},"modified":"2023-10-17T07:43:59","modified_gmt":"2023-10-17T05:43:59","slug":"2022-op004-proceso-para-la-cobertura-de-2-plazas-de-tecnico-a-especialista-en-informatica-en-el-consorcio-provincial-de-bomberos-de-valencia-turno-libre","status":"publish","type":"page","link":"https:\/\/www.bombersdv.es\/es\/oposiciones\/procesos-finalizados\/2022-op004-proceso-para-la-cobertura-de-2-plazas-de-tecnico-a-especialista-en-informatica-en-el-consorcio-provincial-de-bomberos-de-valencia-turno-libre\/","title":{"rendered":"2022\/OP004: Proceso para la cobertura de 2 plazas de T\u00e9cnico\/a Especialista en Inform\u00e1tica en el Consorcio Provincial de Bomberos de Valencia. Turno libre"},"content":{"rendered":"<p><a href=\"https:\/\/www.bombersdv.es\/wp-content\/uploads\/2022\/10\/Anuncio-19_10_22-ok-modif_signed.pdf\">Anuncio 19_10_22 ok modif_signed<\/a><div class=\"fusion-fullwidth fullwidth-box fusion-builder-row-1 nonhundred-percent-fullwidth non-hundred-percent-height-scrolling\" style=\"--awb-background-position:left top;--awb-border-radius-top-left:0px;--awb-border-radius-top-right:0px;--awb-border-radius-bottom-right:0px;--awb-border-radius-bottom-left:0px;--awb-padding-top:20px;--awb-padding-bottom:20px;--awb-border-sizes-top:0px;--awb-border-sizes-bottom:0px;--awb-flex-wrap:wrap;\" ><div class=\"fusion-builder-row fusion-row\"><div class=\"fusion-layout-column fusion_builder_column fusion-builder-column-0 fusion_builder_column_1_1 1_1 fusion-one-full fusion-column-first fusion-column-last fusion-column-no-min-height\" style=\"--awb-bg-size:cover;--awb-margin-bottom:0px;\"><div class=\"fusion-column-wrapper fusion-flex-column-wrapper-legacy\"><div class=\"fusion-title title fusion-title-1 fusion-sep-none fusion-title-text fusion-title-size-two\"><h2 class=\"fusion-title-heading title-heading-left fusion-responsive-typography-calculated\" style=\"margin:0;--fontSize:34;line-height:1.09;\">2022\/OP004: Proceso para la cobertura de 2 plazas de T\u00e9cnico\/a Especialista en Inform\u00e1tica en el Consorcio Provincial de Bomberos de Valencia. Turno libre<\/h2><\/div><div class=\"fusion-text fusion-text-1\"><div class=\"table-2\">\n<table style=\"height: 240px;\" width=\"100%\">\n<thead>\n<tr style=\"height: 24px;\">\n<th style=\"height: 24px; width: 76.1421%;\">Tr\u00e1mite<\/th>\n<th style=\"height: 24px; width: 6.75931%;\">Fecha<\/th>\n<th style=\"height: 24px; width: 15.9383%;\">Documento(s)<\/th>\n<td style=\"height: 24px; width: 0.290065%;\"><\/td>\n<\/tr>\n<\/thead>\n<tbody>\n<tr style=\"height: 48px;\">\n<td style=\"height: 48px; width: 76.1421%;\">Publicaci\u00f3n BOPV de las Bases que regulan el proceso 2022\/OP004 para la cobertura de 2 plazas de T\u00e9cnico\/a Especialista en Inform\u00e1tica en el Consorcio Provincial de Bomberos de Valencia. Turno libre<\/td>\n<td style=\"height: 48px; width: 6.75931%;\">12\/04\/2022<\/td>\n<td style=\"height: 48px; width: 15.9383%;\"><a href=\"https:\/\/www.bombersdv.es\/wp-content\/uploads\/2022\/04\/Tecnico-especialita-informatica-cas.pdf\" target=\"_blank\" rel=\"noopener\">Bases<\/a><\/td>\n<td style=\"height: 48px; width: 0.290065%;\"><\/td>\n<\/tr>\n<tr style=\"height: 48px;\">\n<td style=\"height: 48px; width: 76.1421%;\"><strong><span style=\"color: #800000;\"><span style=\"font-size: small;\">El plazo de presentaci\u00f3n de instancias comienza a partir del d\u00eda siguiente al de la publicaci\u00f3n del extracto de las bases en el Bolet\u00edn Oficial del Estado. Cualquier instancia presentada antes o despu\u00e9s de este plazo ser\u00e1 extempor\u00e1nea, as\u00ed como cualquier pago de la tasa por derechos de examen realizado antes o despu\u00e9s del t\u00e9rmino de presentaci\u00f3n de instancias.<\/span><\/span><\/strong><\/td>\n<td style=\"height: 48px; width: 6.75931%;\"><\/td>\n<td style=\"height: 48px; width: 15.9383%;\"><\/td>\n<td style=\"height: 48px; width: 0.290065%;\"><\/td>\n<\/tr>\n<tr style=\"height: 24px;\">\n<td style=\"width: 76.1421%; height: 24px;\">Publicaci\u00f3n DOGV<strong><span style=\"color: #800000;\"><span style=\"font-size: small;\"><br \/>\n<\/span><\/span><\/strong><\/td>\n<td style=\"width: 6.75931%; height: 24px;\">09\/05\/2022<\/td>\n<td style=\"width: 15.9383%; height: 24px;\"><a href=\"https:\/\/www.bombersdv.es\/wp-content\/uploads\/2022\/05\/Publicacion-DOGV-TEC-ESP-INFORMATICA.pdf\" target=\"_blank\" rel=\"noopener\">Publicaci\u00f3n DOGV <\/a><\/td>\n<td style=\"width: 0.290065%; height: 24px;\"><\/td>\n<\/tr>\n<tr style=\"height: 24px;\">\n<td style=\"width: 76.1421%; height: 24px;\">Publicaci\u00f3n BOE<\/td>\n<td style=\"width: 6.75931%; height: 24px;\">16\/05\/2022<\/td>\n<td style=\"width: 15.9383%; height: 24px;\"><a href=\"https:\/\/www.bombersdv.es\/wp-content\/uploads\/2022\/05\/PUBLICACION-BOE-ingeniero-infraestructuras-y-tec-esp-informatica.pdf\" target=\"_blank\" rel=\"noopener\">Publicaci\u00f3n BOE<\/a><\/td>\n<td style=\"width: 0.290065%; height: 24px;\"><\/td>\n<\/tr>\n<tr style=\"height: 232px;\">\n<td style=\"width: 76.1421%; height: 232px;\">Modelo Solicitud<\/p>\n<p align=\"justify\"><span style=\"color: #ff0000;\">De acuerdo con las Bases de la convocatoria: &#8220;Finalizada la fase de oposici\u00f3n y publicada la Relaci\u00f3n Provisional de resultados de la misma, se emplazar\u00e1 a los\/las aspirantes que la hayan superado, para que en el plazo de diez d\u00edas h\u00e1biles aporten por Registro General de Entrada en el Consorcio o en la forma que determina el art\u00edculo 16 de la Ley 39\/2015, de 1 de octubre, del Procedimiento Administrativo Com\u00fan de las Administraciones P\u00fablicas, la documentaci\u00f3n acreditativa para evaluar los m\u00e9ritos y experiencia previstos en la convocatoria.&#8221;<\/span><\/p>\n<p>En consecuencia, y de acuerdo con lo indicado en las Bases, en esta fase del proceso no se presentar\u00e1n ni la Tabla de Autobaremaci\u00f3n, ni los m\u00e9ritos a valorar.<\/td>\n<td style=\"width: 6.75931%; height: 232px;\">16\/05\/2022<\/td>\n<td style=\"width: 15.9383%; height: 232px;\"><span style=\"color: #800080;\"><a style=\"color: #800080;\" href=\"https:\/\/www.bombersdv.es\/wp-content\/uploads\/2022\/05\/INSTANCIA-PROCESOS_SELECTIVOS_modelo-generico.pdf\" target=\"_blank\" rel=\"noopener\">Solicitud<\/a><\/span><\/td>\n<td style=\"width: 0.290065%; height: 232px;\"><\/td>\n<\/tr>\n<tr style=\"height: 104px;\">\n<td style=\"width: 76.1421%; height: 104px;\">\n<p align=\"justify\">El ingreso de la tasa se realizar\u00e1 mediante transferencia bancaria a la cuenta ES14 2100 4337 8802 0004 5460 o mediante tarjeta bancaria de cualquier entidad en los cajeros autom\u00e1ticos de CaixaBank indicando el C\u00f3digo de Entidad 776691, Concepto \u201c2022\/OP004 ESPECIALISTA INFORM\u00c1TICA\u201d y el nombre y apellidos del aspirante, utilizando el c\u00f3digo de barras que se adjunta.<\/p>\n<\/td>\n<td style=\"width: 6.75931%; height: 104px;\">16\/05\/2022<\/td>\n<td style=\"width: 15.9383%; height: 104px;\"><span style=\"color: #800080;\"><a href=\"https:\/\/www.bombersdv.es\/wp-content\/uploads\/2022\/05\/Codigo-Barras_-tec-esp-informatica.pdf\" target=\"_blank\" rel=\"noopener\"><span style=\"color: #800080;\">C\u00f3digo de barras<\/span><\/a><\/span><\/td>\n<td style=\"width: 0.290065%; height: 104px;\"><\/td>\n<\/tr>\n<tr style=\"height: 24px;\">\n<td style=\"width: 76.1421%; height: 24px;\">Anuncio BOP lista provisional personas admitidas y excluidas y designaci\u00f3n miembros OTS<\/td>\n<td style=\"width: 6.75931%; height: 24px;\">04\/07\/2022<\/td>\n<td style=\"width: 15.9383%; height: 24px;\"><span style=\"color: #800080;\"><span style=\"color: #800080;\"><a href=\"https:\/\/www.bombersdv.es\/wp-content\/uploads\/2022\/07\/2022_OP004_PUBLICACION-BOP-LISTA-PROV-Y-DESIGNAC-OTS-TEC-ESP-INFORMATICA.pdf\" target=\"_blank\" rel=\"noopener\">Publicaci\u00f3n BOP<\/a><\/span><\/span><\/td>\n<td style=\"width: 0.290065%; height: 24px;\"><\/td>\n<\/tr>\n<tr style=\"height: 24px;\">\n<td style=\"width: 76.1421%; height: 24px;\">Anuncio BOP lista defintiva personas admitidas y excluidas<\/td>\n<td style=\"width: 6.75931%; height: 24px;\">06\/09\/2022<\/td>\n<td style=\"width: 15.9383%; height: 24px;\"><span style=\"color: #800080;\"><span style=\"color: #800080;\"><a href=\"https:\/\/www.bombersdv.es\/wp-content\/uploads\/2022\/09\/lista-definitiva-informa-cast-1.pdf\" target=\"_blank\" rel=\"noopener\">Publicaci\u00f3n BOP<\/a><\/span><\/span><\/td>\n<td style=\"width: 0.290065%; height: 24px;\"><\/td>\n<\/tr>\n<tr style=\"height: 136px;\">\n<td style=\"width: 76.1421%; height: 136px;\">Anuncio OTS: publicaci\u00f3n examen, plantilla de correcci\u00f3n y sustituci\u00f3n pregunta 3<\/td>\n<td style=\"width: 6.75931%; height: 136px;\">07\/10\/2022<\/td>\n<td style=\"width: 15.9383%; height: 136px;\">\n<p><span style=\"color: #800080;\"><span style=\"color: #800080;\"><a href=\"https:\/\/www.bombersdv.es\/wp-content\/uploads\/2022\/10\/Anuncio-OTS-7_10_22.pdf\" target=\"_blank\" rel=\"noopener\">Anuncio<\/a><\/span><\/span><\/p>\n<p><a href=\"https:\/\/www.bombersdv.es\/wp-content\/uploads\/2022\/10\/Examen-2-Castellano.pdf\" target=\"_blank\" rel=\"noopener\">Examen<\/a><\/p>\n<p><a href=\"https:\/\/www.bombersdv.es\/wp-content\/uploads\/2022\/10\/Plantilla-respuestas-EXAMEN-2.pdf\" target=\"_blank\" rel=\"noopener\">Plantilla correcci\u00f3n<\/a><\/td>\n<td style=\"width: 0.290065%; height: 136px;\"><\/td>\n<\/tr>\n<tr style=\"height: 24px;\">\n<td style=\"width: 76.1421%; height: 24px;\">Anuncio OTS: resultados primer ejercicio: prueba teorica sobre conocimientos del temario<\/td>\n<td style=\"width: 6.75931%; height: 24px;\">25\/10\/2022<\/td>\n<td style=\"width: 15.9383%; height: 24px;\"><a href=\"https:\/\/www.bombersdv.es\/wp-content\/uploads\/2022\/10\/Anuncio-19_10_22-ok-modif_signed.pdf\" target=\"_blank\" rel=\"noopener\">Anuncio<\/a><\/td>\n<td style=\"width: 0.290065%; height: 24px;\"><\/td>\n<\/tr>\n<tr style=\"height: 24px;\">\n<td style=\"width: 76.1421%; height: 24px;\">Anuncio OTS: resultados definitivos primer examen y convocatoria segundo ejercicio<\/td>\n<td style=\"width: 6.75931%; height: 24px;\">28\/11\/2022<\/td>\n<td style=\"width: 15.9383%; height: 24px;\"><a href=\"https:\/\/www.bombersdv.es\/wp-content\/uploads\/2022\/11\/2022_O004_Anuncio-24_11_22-S-DNI.pdf\" target=\"_blank\" rel=\"noopener\">Anuncio<\/a><\/td>\n<td style=\"width: 0.290065%; height: 24px;\"><\/td>\n<\/tr>\n<tr style=\"height: 24px;\">\n<td style=\"width: 76.1421%; height: 24px;\">Decreto de la Presidencia-Delegada sobre adici\u00f3n de plazas vacantes<\/td>\n<td style=\"width: 6.75931%; height: 24px;\">29\/11\/2022<\/td>\n<td style=\"width: 15.9383%; height: 24px;\"><a href=\"https:\/\/www.bombersdv.es\/wp-content\/uploads\/2022\/11\/2022_OP004_ADICION-PLAZAS-VACANTES-tec-esp-informatica.pdf\" target=\"_blank\" rel=\"noopener\">Decreto<\/a><\/td>\n<td style=\"width: 0.290065%; height: 24px;\"><\/td>\n<\/tr>\n<tr style=\"height: 24px;\">\n<td style=\"width: 76.1421%; height: 24px;\">Publicaci\u00f3n BOP adici\u00f3n de plazas vacantes<\/td>\n<td style=\"width: 6.75931%; height: 24px;\">09\/12\/2022<\/td>\n<td style=\"width: 15.9383%; height: 24px;\"><a href=\"https:\/\/www.bombersdv.es\/wp-content\/uploads\/2022\/12\/2022_OP004-ADICION-PLAZAS-CONVOCAT-TEC-ESP-INFORMATICA.pdf\" target=\"_blank\" rel=\"noopener\">Publicaci\u00f3n BOP<\/a><\/td>\n<td style=\"width: 0.290065%; height: 24px;\"><\/td>\n<\/tr>\n<tr style=\"height: 136px;\">\n<td style=\"width: 76.1421%; height: 136px;\">Anuncio OTS: publicaci\u00f3n examen y plantilla de correcci\u00f3n<\/td>\n<td style=\"width: 6.75931%; height: 136px;\">16\/12\/2022<\/td>\n<td style=\"width: 15.9383%; height: 136px;\">\n<p><a href=\"https:\/\/www.bombersdv.es\/wp-content\/uploads\/2022\/12\/2022_op004_ANUNCIO-OTS-SESION-15_12_2022-Copia-autentica.pdf\" target=\"_blank\" rel=\"noopener\">Anuncio<\/a><\/p>\n<p><a href=\"https:\/\/www.bombersdv.es\/wp-content\/uploads\/2022\/12\/2022_op004_Ejer2.pdf\" target=\"_blank\" rel=\"noopener\">Examen<\/a><\/p>\n<p><a href=\"https:\/\/www.bombersdv.es\/wp-content\/uploads\/2022\/12\/Hoja-de-Soluciones-EXAMEN-DIA-15_12_22.pdf\" target=\"_blank\" rel=\"noopener\">Plantilla correcci\u00f3n<\/a><\/td>\n<td style=\"width: 0.290065%; height: 136px;\"><\/td>\n<\/tr>\n<tr style=\"height: 24px;\">\n<td style=\"width: 76.1421%; height: 24px;\">Anuncio OTS: resultados segundo ejercicio (supuesto pr\u00e1ctico) y Relaci\u00f3n Provisional Resultados Fase de Oposici\u00f3n<\/td>\n<td style=\"width: 6.75931%; height: 24px;\">17\/01\/2023<\/td>\n<td style=\"width: 15.9383%; height: 24px;\"><a href=\"https:\/\/www.bombersdv.es\/wp-content\/uploads\/2023\/01\/Anuncio-17_1_23-Copia-autentica-1.pdf\" target=\"_blank\" rel=\"noopener\">Anuncio<\/a><\/td>\n<td style=\"width: 0.290065%; height: 24px;\"><\/td>\n<\/tr>\n<tr style=\"height: 48px;\">\n<td style=\"width: 76.1421%; height: 48px;\">Anuncio OTS: apertura plazo presentaci\u00f3n documentaci\u00f3n acreditativa m\u00e9ritos y experiencia previstos en la Convocatoria<\/td>\n<td style=\"width: 6.75931%; height: 48px;\">30\/01\/2023<\/td>\n<td style=\"width: 15.9383%; height: 48px;\"><a href=\"https:\/\/www.bombersdv.es\/wp-content\/uploads\/2023\/01\/2022_OP004_ANUNCIO-OTS-SESION-30_01_2023-Copia-autentica-1.pdf\" target=\"_blank\" rel=\"noopener\">Anuncio<\/a><\/td>\n<td style=\"width: 0.290065%; height: 48px;\"><\/td>\n<\/tr>\n<tr style=\"height: 24px;\">\n<td style=\"width: 76.1421%; height: 24px;\">Modelo solicitud Anexo III. Tabla Autobaremaci\u00f3n<\/td>\n<td style=\"width: 6.75931%; height: 24px;\">30\/01\/2023<\/td>\n<td style=\"width: 15.9383%; height: 24px;\"><a href=\"https:\/\/www.bombersdv.es\/wp-content\/uploads\/2023\/01\/2022_OP004_-Anexo-III-Tabla-Autobaremacion-Fase-concurso.pdf\" target=\"_blank\" rel=\"noopener\">Solicitud<\/a><\/td>\n<td style=\"width: 0.290065%; height: 24px;\"><\/td>\n<\/tr>\n<tr style=\"height: 24px;\">\n<td style=\"width: 76.1421%; height: 24px;\">Anuncio OTS: resultados Fase de Concurso y Relaci\u00f3n Provisional personas aprobadas del Proceso Selectivo<\/td>\n<td style=\"width: 6.75931%; height: 24px;\">15\/02\/2023<\/td>\n<td style=\"width: 15.9383%; height: 24px;\"><a href=\"https:\/\/www.bombersdv.es\/wp-content\/uploads\/2023\/02\/ANUNCIO-OTS-SESION-15_02_2023-Copia-autentica.pdf\" target=\"_blank\" rel=\"noopener\">Anuncio<\/a><\/td>\n<td style=\"width: 0.290065%; height: 24px;\"><\/td>\n<\/tr>\n<tr>\n<td style=\"width: 76.1421%;\">Anuncio OTS: publicaci\u00f3n listado puntuaciones definitivas y emplazamiento presentaci\u00f3n documentaci\u00f3n para nombramiento como funcionarios de carrera<\/td>\n<td style=\"width: 6.75931%;\">01\/03\/2023<\/td>\n<td style=\"width: 15.9383%;\"><a href=\"https:\/\/www.bombersdv.es\/wp-content\/uploads\/2023\/03\/ANUNCIO_OP004_-28_02_2023-2.pdf\" target=\"_blank\" rel=\"noopener\">Anuncio<\/a><\/td>\n<td style=\"width: 0.290065%;\"><\/td>\n<\/tr>\n<tr>\n<td style=\"width: 76.1421%;\">\n<p>Diligencia RH: Instancia solicitud destinos<\/p>\n<p><span style=\"color: #ff0000;\">Se emplaza a las personas seleccionadas para que en el t\u00e9rmino de 10 d\u00edas naturales presenten por Registre General de Entrada la solicitud de destinos debidamente cumplimentada.<\/span><\/td>\n<td style=\"width: 6.75931%;\">09\/03\/2023<\/td>\n<td style=\"width: 15.9383%;\"><a href=\"https:\/\/www.bombersdv.es\/wp-content\/uploads\/2023\/03\/MODELO-SOLICITUD-DESTINOS.pdf\" target=\"_blank\" rel=\"noopener\">Solicitud<\/a><\/td>\n<td style=\"width: 0.290065%;\"><\/td>\n<\/tr>\n<tr>\n<td style=\"width: 76.1421%;\">Anuncio OTS: nueva propuesta de nombramiento como funcionario de carrera por renuncia y emplazamiento presentaci\u00f3n documentaci\u00f3n<\/td>\n<td style=\"width: 6.75931%;\">14\/04\/2023<\/td>\n<td style=\"width: 15.9383%;\"><a href=\"https:\/\/www.bombersdv.es\/wp-content\/uploads\/2023\/04\/Anuncio-14-de-abril-de-2023-relativa-a-propuesta-nuevo-nombramiento-con-ocasion-de-la-renuncia-del-aspirante-Carles-Llacer-Paredes-Copia-autentica.pdf\" target=\"_blank\" rel=\"noopener\">Anunci<\/a><\/td>\n<td style=\"width: 0.290065%;\"><\/td>\n<\/tr>\n<tr>\n<td style=\"width: 76.1421%;\">Diligencia RRHH: dejando sin efecto propuesta de nombramiento como funcionario de carrera por renuncia<\/td>\n<td style=\"width: 6.75931%;\">16\/05\/2023<\/td>\n<td style=\"width: 15.9383%;\"><a href=\"https:\/\/www.bombersdv.es\/wp-content\/uploads\/2023\/05\/2022_OP004_DILIGENCIA-dejar-sin-efectos-prop-nuevo-nomb-FC-VERA-MELCHOR.pdf\" target=\"_blank\" rel=\"noopener\">Diligencia<\/a><\/td>\n<td style=\"width: 0.290065%;\"><\/td>\n<\/tr>\n<tr>\n<td style=\"width: 76.1421%;\">Anuncio BOP: nombramiento funcionarios de carrera<\/td>\n<td style=\"width: 6.75931%;\">19\/05\/2023<\/td>\n<td style=\"width: 15.9383%;\"><a href=\"https:\/\/www.bombersdv.es\/wp-content\/uploads\/2023\/05\/2022_op005_Publicacio-BOP-nombram-FC-Tec-Esp-Informatica-VAL.pdf\" target=\"_blank\" rel=\"noopener\">Anunci<\/a><\/td>\n<td style=\"width: 0.290065%;\"><\/td>\n<\/tr>\n<\/tbody>\n<\/table>\n<\/div>\n<\/div><div class=\"fusion-clearfix\"><\/div><\/div><\/div><\/div><\/div><\/p>\n","protected":false},"excerpt":{"rendered":"<p>Anuncio 19_10_22 ok modif_signed<\/p>\n","protected":false},"author":192,"featured_media":0,"parent":15127,"menu_order":0,"comment_status":"closed","ping_status":"closed","template":"","meta":{"footnotes":""},"class_list":["post-58543","page","type-page","status-publish","hentry"],"_links":{"self":[{"href":"https:\/\/www.bombersdv.es\/es\/wp-json\/wp\/v2\/pages\/58543"}],"collection":[{"href":"https:\/\/www.bombersdv.es\/es\/wp-json\/wp\/v2\/pages"}],"about":[{"href":"https:\/\/www.bombersdv.es\/es\/wp-json\/wp\/v2\/types\/page"}],"author":[{"embeddable":true,"href":"https:\/\/www.bombersdv.es\/es\/wp-json\/wp\/v2\/users\/192"}],"replies":[{"embeddable":true,"href":"https:\/\/www.bombersdv.es\/es\/wp-json\/wp\/v2\/comments?post=58543"}],"version-history":[{"count":32,"href":"https:\/\/www.bombersdv.es\/es\/wp-json\/wp\/v2\/pages\/58543\/revisions"}],"predecessor-version":[{"id":65205,"href":"https:\/\/www.bombersdv.es\/es\/wp-json\/wp\/v2\/pages\/58543\/revisions\/65205"}],"up":[{"embeddable":true,"href":"https:\/\/www.bombersdv.es\/es\/wp-json\/wp\/v2\/pages\/15127"}],"wp:attachment":[{"href":"https:\/\/www.bombersdv.es\/es\/wp-json\/wp\/v2\/media?parent=58543"}],"curies":[{"name":"wp","href":"https:\/\/api.w.org\/{rel}","templated":true}]}}