{"id":59211,"date":"2022-06-17T11:56:09","date_gmt":"2022-06-17T09:56:09","guid":{"rendered":"https:\/\/www.bombersdv.es\/?page_id=59211"},"modified":"2025-10-20T13:41:53","modified_gmt":"2025-10-20T11:41:53","slug":"2022-op005-proceso-para-la-cobertura-de-1-plaza-vacante-de-operador-a-de-comunicaciones","status":"publish","type":"page","link":"https:\/\/www.bombersdv.es\/es\/oposiciones\/procesos-finalizados\/2022-op005-proceso-para-la-cobertura-de-1-plaza-vacante-de-operador-a-de-comunicaciones\/","title":{"rendered":"2022\/OP005: Proceso para la cobertura de 1 plaza vacante de Operador\/a de Comunicaciones"},"content":{"rendered":"<div class=\"fusion-fullwidth fullwidth-box fusion-builder-row-1 nonhundred-percent-fullwidth non-hundred-percent-height-scrolling\" style=\"--awb-background-position:left top;--awb-border-sizes-top:0px;--awb-border-sizes-bottom:0px;--awb-border-sizes-left:0px;--awb-border-sizes-right:0px;--awb-border-radius-top-left:0px;--awb-border-radius-top-right:0px;--awb-border-radius-bottom-right:0px;--awb-border-radius-bottom-left:0px;--awb-padding-top:20px;--awb-padding-bottom:20px;--awb-flex-wrap:wrap;\" ><div class=\"fusion-builder-row fusion-row\"><div class=\"fusion-layout-column fusion_builder_column fusion-builder-column-0 fusion_builder_column_1_1 1_1 fusion-one-full fusion-column-first fusion-column-last fusion-column-no-min-height\" style=\"--awb-bg-size:cover;--awb-margin-bottom:0px;\"><div class=\"fusion-column-wrapper fusion-flex-column-wrapper-legacy\"><div class=\"fusion-title title fusion-title-1 fusion-sep-none fusion-title-text fusion-title-size-two\"><h2 class=\"fusion-title-heading title-heading-left fusion-responsive-typography-calculated\" style=\"margin:0;--fontSize:34;line-height:1.09;\">2022\/OP005: Proceso para la cobertura de 1 plaza de Operador\/a de Comunicaciones, vacante en la plantilla del Consorcio Provincial de Bomberos de Val\u00e8ncia<\/h2><\/div><div class=\"fusion-text fusion-text-1\"><div class=\"table-2\">\n<table style=\"height: 1064px;\" width=\"100%\">\n<thead>\n<tr style=\"height: 24px;\">\n<th style=\"height: 24px; width: 79.1164%;\">Tr\u00e1mite<\/th>\n<th style=\"height: 24px; width: 10.5422%;\">Fecha<\/th>\n<th style=\"height: 24px; width: 9.33727%;\">Documento(s)<\/th>\n<\/tr>\n<\/thead>\n<tbody>\n<tr style=\"height: 24px;\">\n<td style=\"height: 24px; width: 79.1164%;\">Publicaci\u00f3n BOP Bases para la cobertura de 1 plaza vacante de Operador\/a de Comunicaciones<\/td>\n<td style=\"height: 24px; width: 10.5422%;\">17\/06\/2022<\/td>\n<td style=\"height: 24px; width: 9.33727%;\"><a href=\"https:\/\/www.bombersdv.es\/wp-content\/uploads\/2022\/06\/PUBLICACION-BOP-BASES-OPERADOR-COMUNICACIONES-1.pdf\" target=\"_blank\" rel=\"noopener\">Bases<\/a><\/td>\n<\/tr>\n<tr style=\"height: 24px;\">\n<td style=\"height: 24px; width: 79.1164%;\"><span style=\"color: #ff0000;\"><strong>El plazo de presentaci\u00f3n de instancias comienza a partir del d\u00eda siguiente al de la publicaci\u00f3n del extracto de las bases en el Bolet\u00edn Oficial del Estado. Cualquier instancia presentada antes o despu\u00e9s de este plazo ser\u00e1 extempor\u00e1nea, as\u00ed como cualquier pago de la tasa por derechos de examen realizado antes o despu\u00e9s del t\u00e9rmino de presentaci\u00f3n de instancias.<\/strong><\/span><\/td>\n<td style=\"height: 24px; width: 10.5422%;\">17\/06\/2022<\/td>\n<td style=\"height: 24px; width: 9.33727%;\"><\/td>\n<\/tr>\n<tr style=\"height: 24px;\">\n<td style=\"width: 79.1164%; height: 24px;\">Publicaci\u00f3n DOGV<\/td>\n<td style=\"width: 10.5422%; height: 24px;\">04\/07\/2022<\/td>\n<td style=\"width: 9.33727%; height: 24px;\"><a href=\"https:\/\/www.bombersdv.es\/wp-content\/uploads\/2022\/07\/2022_OP005_PUBLICACION-DOGV-BASES-OPERADOR-COMUNICACIONES.pdf\" target=\"_blank\" rel=\"noopener\">Publicaci\u00f3n DOGV<\/a><\/td>\n<\/tr>\n<tr style=\"height: 24px;\">\n<td style=\"width: 79.1164%; height: 24px;\">Publicaci\u00f3n BOE<\/td>\n<td style=\"width: 10.5422%; height: 24px;\">14\/07\/2022<\/td>\n<td style=\"width: 9.33727%; height: 24px;\"><a href=\"https:\/\/www.bombersdv.es\/wp-content\/uploads\/2022\/07\/PUBLICACION-BOE-operador-de-comunicaciones.pdf\" target=\"_blank\" rel=\"noopener\">Publicaci\u00f3n BOE<\/a><\/td>\n<\/tr>\n<tr style=\"height: 272px;\">\n<td style=\"width: 79.1164%; height: 272px;\">Modelo Solicitud<\/p>\n<p align=\"justify\"><span style=\"color: #ff0000;\">De acuerdo con las Bases de la convocatoria para el <strong>TURNO LIBRE<\/strong>: \u00abLas personas aspirantes que hubieran superado la fase de oposici\u00f3n presentar\u00e1n por Sede Electr\u00f3nica, en el plazo de 10 d\u00edas h\u00e1biles a partir del d\u00eda siguiente de la publicaci\u00f3n en el Tabl\u00f3n de Edictos\/P\u00e1gina Web de la relaci\u00f3n de personas aprobadas de dicha fase, los m\u00e9ritos a valorar debidamente acreditados\u00bb.<\/span><\/p>\n<p>En consecuencia, y de acuerdo con lo indicado en las Bases, en esta fase del proceso no se presentar\u00e1n ni la Tabla de Autobaremaci\u00f3n, ni los m\u00e9ritos a valorar para las personas aspirantes del Turno Libre.<\/p>\n<p>&nbsp;<\/td>\n<td style=\"width: 10.5422%; height: 272px;\">14\/07\/2022<\/td>\n<td style=\"width: 9.33727%; height: 272px;\"><a href=\"https:\/\/www.bombersdv.es\/wp-content\/uploads\/2022\/07\/INSTANCIA-PROCESOS_SELECTIVOS_modelo-generico.pdf\" target=\"_blank\" rel=\"noopener\">Solicitud<\/a><\/td>\n<\/tr>\n<tr style=\"height: 96px;\">\n<td style=\"width: 79.1164%; height: 96px;\">El ingreso de la tasa se realizar\u00e1 mediante transferencia bancaria a la cuenta ES14 2100 4337 8802 0004 5460 o mediante tarjeta bancaria de cualquier entidad en los cajeros autom\u00e1ticos de CaixaBank indicando el C\u00f3digo de Entidad 0783373, Concepto \u201c2022\/OP005 OPERADOR DE COMUNICACIONES\u201d y el nombre y apellidos del aspirante, utilizando, en su caso, el c\u00f3digo de barras que se adjunta.<\/td>\n<td style=\"width: 10.5422%; height: 96px;\">15\/07\/2022<\/td>\n<td style=\"width: 9.33727%; height: 96px;\"><a href=\"https:\/\/www.bombersdv.es\/wp-content\/uploads\/2022\/07\/Codigo-barras-OPERADOR-COMUNICACIONES.pdf\" target=\"_blank\" rel=\"noopener\">C\u00f3digo de barras<\/a><\/td>\n<\/tr>\n<tr style=\"height: 48px;\">\n<td style=\"width: 79.1164%; height: 48px;\">Publicaci\u00f3n BOP lista provisional de admitidos y excluidos en el proceso y designaci\u00f3n de los miembros de \u00d3rgano T\u00e9cnico de Selecci\u00f3n.<\/td>\n<td style=\"width: 10.5422%; height: 48px;\">03\/10\/2022<\/td>\n<td style=\"width: 9.33727%; height: 48px;\"><a href=\"https:\/\/www.bombersdv.es\/wp-content\/uploads\/2022\/10\/Llista-provisional-persones-admeses-i-designacio-OTS-operador.pdf\" target=\"_blank\" rel=\"noopener\">Publicacion BOP<\/a><\/td>\n<\/tr>\n<tr style=\"height: 48px;\">\n<td style=\"width: 79.1164%; height: 48px;\">Decreto aprobaci\u00f3n lista definitiva,\u00a0 fecha de examen y establecimiento estimaci\u00f3n temporal para el desarrollo de las pruebas selectivas Operador Comunicaciones<\/td>\n<td style=\"width: 10.5422%; height: 48px;\">14\/11\/2022<\/td>\n<td style=\"width: 9.33727%; height: 48px;\"><a href=\"https:\/\/www.bombersdv.es\/wp-content\/uploads\/2022\/11\/2022_OP005_DECRETO-APROBACION-LISTA-DEF-Y-FECHA-EXAMEN-OPERADOR-COMUNICACIONES.pdf\" target=\"_blank\" rel=\"noopener\">Decreto<\/a><\/td>\n<\/tr>\n<tr style=\"height: 48px;\">\n<td style=\"width: 79.1164%; height: 48px;\">Anuncio del \u00d3rgano T\u00e9cnico de Selecci\u00f3n relativo a designaci\u00f3n asesor primer ejercicio &#8220;Prueba escrita de preguntas con respuestas alternativas sobre conocimientos del temario&#8221;<\/td>\n<td style=\"width: 10.5422%; height: 48px;\">15\/11\/2022<\/td>\n<td style=\"width: 9.33727%; height: 48px;\"><a href=\"https:\/\/www.bombersdv.es\/wp-content\/uploads\/2022\/11\/ANUNCIO-OTS-designacion-asesor-especialista-RAFA-NAVARRO-1_signed.pdf\" target=\"_blank\" rel=\"noopener\">Anuncio<\/a><\/td>\n<\/tr>\n<tr style=\"height: 48px;\">\n<td style=\"width: 79.1164%; height: 48px;\">Publicaci\u00f3n BOP lista definitiva,\u00a0 fecha de examen y establecimiento estimaci\u00f3n temporal para el desarrollo de las pruebas selectivas Operador Comunicaciones<\/td>\n<td style=\"width: 10.5422%; height: 48px;\">21\/11\/2022<\/td>\n<td style=\"width: 9.33727%; height: 48px;\"><a href=\"https:\/\/www.bombersdv.es\/wp-content\/uploads\/2022\/11\/2022_005_PUBLICACION-BOP-LISTA-DEFINITIVA.pdf\" target=\"_blank\" rel=\"noopener\">Publicaci\u00f3n BOP<\/a><\/td>\n<\/tr>\n<tr style=\"height: 24px;\">\n<td style=\"width: 79.1164%; height: 24px;\">Decreto de la Presidencia-Delegada sobre adici\u00f3n de plazas vacantes<\/td>\n<td style=\"width: 10.5422%; height: 24px;\">29\/11\/2022<\/td>\n<td style=\"width: 9.33727%; height: 24px;\"><a href=\"https:\/\/www.bombersdv.es\/wp-content\/uploads\/2022\/11\/2022_OP005_ADICION-PLAZAS-VACANTES-operador-comunicaciones.pdf\" target=\"_blank\" rel=\"noopener\">Decreto<\/a><\/td>\n<\/tr>\n<tr style=\"height: 24px;\">\n<td style=\"width: 79.1164%; height: 24px;\">Publicaci\u00f3n BOP adici\u00f3n de plazas vacantes<\/td>\n<td style=\"width: 10.5422%; height: 24px;\">09\/12\/2022<\/td>\n<td style=\"width: 9.33727%; height: 24px;\"><a href=\"https:\/\/www.bombersdv.es\/wp-content\/uploads\/2022\/12\/2022_OP005-ADICION-PLAZAS-CONVOCAT-OPERADOR-COMUNICACIONES.pdf\" target=\"_blank\" rel=\"noopener\">Publicaci\u00f3n BOP<\/a><\/td>\n<\/tr>\n<tr style=\"height: 136px;\">\n<td style=\"width: 79.1164%; height: 136px;\">Anuncio OTS: publicaci\u00f3n examen y plantilla de correcci\u00f3n<\/td>\n<td style=\"width: 10.5422%; height: 136px;\">23\/12\/2022<\/td>\n<td style=\"width: 9.33727%; height: 136px;\">\n<p><a href=\"https:\/\/www.bombersdv.es\/wp-content\/uploads\/2022\/12\/Anuncio-OTS-primer-examen-dia-22_12_22-y-plantilla-de-correccion-Copia-autentica.pdf\" target=\"_blank\" rel=\"noopener\">Anuncio<\/a><\/p>\n<p><a href=\"https:\/\/www.bombersdv.es\/wp-content\/uploads\/2022\/12\/Examen-1-Castellano.pdf\" target=\"_blank\" rel=\"noopener\">Examen<\/a><\/p>\n<p><a href=\"https:\/\/www.bombersdv.es\/wp-content\/uploads\/2022\/12\/examen1_respuestas-REVISADAS.pdf\" target=\"_blank\" rel=\"noopener\">Plantilla correcci\u00f3n<\/a><\/td>\n<\/tr>\n<tr style=\"height: 24px;\">\n<td style=\"width: 79.1164%; height: 24px;\">Anuncio OTS: resultados primer ejercicio (Prueba escrita de preguntas con respuestas alternativas)<\/td>\n<td style=\"width: 10.5422%; height: 24px;\">18\/01\/2023<\/td>\n<td style=\"width: 9.33727%; height: 24px;\"><a href=\"https:\/\/www.bombersdv.es\/wp-content\/uploads\/2023\/01\/2022_OP005_Anuncio-OTS-alegaciones-y-resultados-primer-examen.pdf\" target=\"_blank\" rel=\"noopener\">Anuncio<\/a><\/td>\n<\/tr>\n<tr style=\"height: 24px;\">\n<td style=\"width: 79.1164%; height: 24px;\">Anuncio OTS: fecha, hora y lugar de realizaci\u00f3n del segundo ejercicio<\/td>\n<td style=\"width: 10.5422%; height: 24px;\">27\/02\/2023<\/td>\n<td style=\"width: 9.33727%; height: 24px;\"><a href=\"https:\/\/www.bombersdv.es\/wp-content\/uploads\/2023\/02\/2022_OP005_Anuncio-OTS-FECHA-EX-SUP-PRACT-2.pdf\" target=\"_blank\" rel=\"noopener\">Anuncio<\/a><\/td>\n<\/tr>\n<tr style=\"height: 96px;\">\n<td style=\"width: 79.1164%; height: 96px;\">Anuncio OTS: publicaci\u00f3n examen y criterios de correcci\u00f3n<\/td>\n<td style=\"width: 10.5422%; height: 96px;\">08\/03\/2023<\/td>\n<td style=\"width: 9.33727%; height: 96px;\">\n<p><a href=\"https:\/\/www.bombersdv.es\/wp-content\/uploads\/2023\/03\/ANUNCIO-OTS-sesion-8-de-marzo-de-2023-Copia-autentica.pdf\" target=\"_blank\" rel=\"noopener\">Anuncio<\/a><\/p>\n<p><a href=\"https:\/\/www.bombersdv.es\/wp-content\/uploads\/2023\/03\/SUPUESTO-PRACTICO-A-op-comunic-Copia-autentica-1.pdf\" target=\"_blank\" rel=\"noopener\">Examen<\/a><\/td>\n<\/tr>\n<tr style=\"height: 56px;\">\n<td style=\"width: 79.1164%; height: 56px;\">Anuncio OTS: resultados segundo ejercicio(Supuesto pr\u00e1ctico)<\/td>\n<td style=\"width: 10.5422%; height: 56px;\">04\/04\/2023<\/td>\n<td style=\"width: 9.33727%; height: 56px;\"><a href=\"https:\/\/www.bombersdv.es\/wp-content\/uploads\/2023\/04\/2022_OP005_Anuncio-OTS-3-de-abril-de-2023-Resultados-examen-2.pdf\" target=\"_blank\" rel=\"noopener\">Anuncio<\/a><\/td>\n<\/tr>\n<tr style=\"height: 24px;\">\n<td style=\"width: 79.1164%; height: 24px;\">Anuncio OTS: fecha, hora y lugar de revisi\u00f3n segundo ejercicio<\/td>\n<td style=\"width: 10.5422%; height: 24px;\">21\/04\/2023<\/td>\n<td style=\"width: 9.33727%; height: 24px;\"><a href=\"https:\/\/www.bombersdv.es\/wp-content\/uploads\/2023\/04\/Anuncio-OTS-21-de-abril-2023-prog-rev-ex-2-iniciales-Copia-autentica-2.pdf\" target=\"_blank\" rel=\"noopener\">Anuncio<\/a><\/td>\n<\/tr>\n<tr style=\"height: 24px;\">\n<td style=\"width: 79.1164%; height: 24px;\">Anuncio OTS: apertura plazo presentaci\u00f3n solicitud convalidaci\u00f3n pruebas f\u00edsicas<\/td>\n<td style=\"width: 10.5422%; height: 24px;\">28\/04\/2023<\/td>\n<td style=\"width: 9.33727%; height: 24px;\"><a href=\"https:\/\/www.bombersdv.es\/wp-content\/uploads\/2023\/04\/2022_OP005_Anunci-OTS-27-abril-23-present-sol-conv-p-fisicas.pdf\" target=\"_blank\" rel=\"noopener\">Anuncio<\/a><\/td>\n<\/tr>\n<tr style=\"height: 120px;\">\n<td style=\"width: 79.1164%; height: 120px;\">Anuncio OTS: resultados definitivos segundo ejercicio, fecha, hora y lugar de realizaci\u00f3n de la tercera prueba<\/td>\n<td style=\"width: 10.5422%; height: 120px;\">09\/05\/2023<\/td>\n<td style=\"width: 9.33727%; height: 120px;\">\n<p><a href=\"https:\/\/www.bombersdv.es\/wp-content\/uploads\/2023\/05\/2022_OP005_ANUNCIO-sesiones-27-abril-y-4-mayo-rev-sup-pract-ANONIMIZADO.pdf\" target=\"_blank\" rel=\"noopener\">Anuncio<\/a><\/p>\n<p><a href=\"https:\/\/www.bombersdv.es\/wp-content\/uploads\/2023\/05\/2022_op005-DECLARACION-RESPONSABLE-PRUEBAS-FISICAS-generico.pdf\" target=\"_blank\" rel=\"noopener\">Declaraci\u00f3n responsable aptitud f\u00edsica<\/a><\/td>\n<\/tr>\n<tr style=\"height: 24px;\">\n<td style=\"width: 79.1164%; height: 24px;\">Anuncio OTS: convalidaci\u00f3n pruebas f\u00edsicas<\/td>\n<td style=\"width: 10.5422%; height: 24px;\">11\/05\/2023<\/td>\n<td style=\"width: 9.33727%; height: 24px;\"><a href=\"https:\/\/www.bombersdv.es\/wp-content\/uploads\/2023\/05\/2022_OP005_Anuncio-OTS-11-de-mayo-de-2023-Convalidacion-pruebas-fisicas-FIRMADO.pdf\" target=\"_blank\" rel=\"noopener\">Anuncio<\/a><\/td>\n<\/tr>\n<tr style=\"height: 152px;\">\n<td style=\"width: 79.1164%; height: 152px;\">\n<p align=\"justify\">Comunicaci\u00f3n OTS: La empresa cronometradora contratada por este CPBV, certificada por la Real Federaci\u00f3n Espa\u00f1ola de Atletismo, ser\u00e1 H&amp;J fitness , que utilizar\u00e1 el Sistema de cronometraje MDG &#8211; Carreras timing Sistem (pie), de la marca <span style=\"font-family: Calibri, Verdana, Arial, Helvetica, sans-serif;\"><span style=\"font-size: small;\">IdeSoftware Catalonia, S.L.<\/span><\/span>,www.mdgcarreras.com, tecnolog\u00eda homologada por la Real Federaci\u00f3n Espa\u00f1ola de Atletismo, con el fin de contar con un correcto sistema de cronometraje.<\/p>\n<\/td>\n<td style=\"width: 10.5422%; height: 152px;\">11\/05\/2023<\/td>\n<td style=\"width: 9.33727%; height: 152px;\"><\/td>\n<\/tr>\n<tr style=\"height: 72px;\">\n<td style=\"width: 79.1164%; height: 72px;\">Anuncio OTS: resultados tercer ejercicio (Pruebas F\u00edsicas), apertura plazo presentaci\u00f3n solicitud convalidaci\u00f3n pruebas psicot\u00e9cnicas, y comunicaci\u00f3n fecha, hora y lugar de realizaci\u00f3n de la cuarta prueba<\/td>\n<td style=\"width: 10.5422%; height: 72px;\">19\/05\/2023<\/td>\n<td style=\"width: 9.33727%; height: 72px;\"><a href=\"https:\/\/www.bombersdv.es\/wp-content\/uploads\/2023\/05\/2022_OP005_-Anuncio-OTS-17-mayo-2023-Resultados-pruebas-fisicas-inicio-plazo-solicitud-convalidacion-psicotecnico-y-fecha-examen-psicotec.pdf\" target=\"_blank\" rel=\"noopener\">Anunci<\/a><\/td>\n<\/tr>\n<tr style=\"height: 24px;\">\n<td style=\"width: 79.1164%; height: 24px;\"><span id=\"ep1\"><span id=\"et1\">Anuncio OTS: Designaci\u00f3n personal asesor prueba psicot\u00e9cnica<\/span><\/span><\/td>\n<td style=\"width: 10.5422%; height: 24px;\">19\/05\/2023<\/td>\n<td style=\"width: 9.33727%; height: 24px;\"><a href=\"https:\/\/www.bombersdv.es\/wp-content\/uploads\/2023\/05\/2022_OP005ANUNCIO-OTS-sesion-19-mayo-de-2023.pdf\" target=\"_blank\" rel=\"noopener\">Anuncio<\/a><\/td>\n<\/tr>\n<tr style=\"height: 24px;\">\n<td style=\"width: 79.1164%; height: 24px;\"><span id=\"ep1\"><span id=\"et1\">Anuncio OTS: desestimaci\u00f3n convalidaci\u00f3n pruebas psicot\u00e9cnicas<\/span><\/span><\/td>\n<td style=\"width: 10.5422%; height: 24px;\">29\/05\/2023<\/td>\n<td style=\"width: 9.33727%; height: 24px;\"><a href=\"https:\/\/www.bombersdv.es\/wp-content\/uploads\/2023\/05\/2022_op005_Anuncio-OTS-26-de-2023-Desestimac-sol-conv-psicotec.pdf\" target=\"_blank\" rel=\"noopener\">Anuncio<\/a><\/td>\n<\/tr>\n<tr style=\"height: 24px;\">\n<td style=\"width: 79.1164%; height: 24px;\"><span id=\"ep1\"><span id=\"et1\">Anuncio OTS: resultados cuarto ejercicio (Pruebas psicot\u00e9cnicas)<\/span><\/span><\/td>\n<td style=\"width: 10.5422%; height: 24px;\">04\/07\/2023<\/td>\n<td style=\"width: 9.33727%; height: 24px;\"><a href=\"https:\/\/www.bombersdv.es\/wp-content\/uploads\/2023\/07\/2022_OP005_ANUNCIO-OTS-sesion-3-de-julio-2023-RESULT-PSICOTEC.pdf\" target=\"_blank\" rel=\"noopener\">Anuncio<\/a><\/td>\n<\/tr>\n<tr style=\"height: 24px;\">\n<td style=\"width: 79.1164%; height: 24px;\"><span id=\"ep1\"><span id=\"et1\">Publicaci\u00f3n BOP adici\u00f3n de plazas vacantes<\/span><\/span><\/td>\n<td style=\"width: 10.5422%; height: 24px;\">17\/07\/2023<\/td>\n<td style=\"width: 9.33727%; height: 24px;\"><a href=\"https:\/\/www.bombersdv.es\/wp-content\/uploads\/2023\/07\/2022_OP005-operador-comunic-amplac-plazas-CS.pdf\" target=\"_blank\" rel=\"noopener\">Publicaci\u00f3n BOP<\/a><\/td>\n<\/tr>\n<tr style=\"height: 24px;\">\n<td style=\"width: 79.1164%; height: 24px;\">Anuncio OTS: fecha, hora y lugar de revisi\u00f3n cuarto ejercicio<\/td>\n<td style=\"width: 10.5422%; height: 24px;\">24\/07\/2023<\/td>\n<td style=\"width: 9.33727%; height: 24px;\"><a href=\"https:\/\/www.bombersdv.es\/wp-content\/uploads\/2023\/07\/2022_OP005_ANUNCIO-convocatoria-revision-prueba-psicotec-Copia-autentica.pdf\" target=\"_blank\" rel=\"noopener\">Anuncio<\/a><\/td>\n<\/tr>\n<tr style=\"height: 72px;\">\n<td style=\"width: 79.1164%; height: 72px;\"><span id=\"ep1\"><span id=\"et1\">Anuncio OTS: resultados definitivos cuarto ejercicio (Pruebas psicot\u00e9cnicas), apertura plazo presentaci\u00f3n solicitud convalidaci\u00f3n reconocimiento m\u00e9dico, y comunicaci\u00f3n fecha, hora y lugar de realizaci\u00f3n de la quinta prueba<br \/>\n<\/span><\/span><\/td>\n<td style=\"width: 10.5422%; height: 72px;\">04\/08\/2023<\/td>\n<td style=\"width: 9.33727%; height: 72px;\"><a href=\"https:\/\/www.bombersdv.es\/wp-content\/uploads\/2023\/08\/2022_OP005_ANUNCIO-convocatoria_convalidacion-revision-medica.pdf\" target=\"_blank\" rel=\"noopener\">Anuncio<\/a><\/td>\n<\/tr>\n<tr style=\"height: 48px;\">\n<td style=\"width: 79.1164%; height: 48px;\">Anuncio OTS: Comunicaci\u00f3n suspensi\u00f3n realizaci\u00f3n 5\u00ba ejercicio &#8220;Reconocimiento M\u00e9dico&#8221; previsto el d\u00eda 1 de septiembre de 2023<span id=\"ep1\"><span id=\"et1\"><br \/>\n<\/span><\/span><\/td>\n<td style=\"width: 10.5422%; height: 48px;\">25\/08\/2023<\/td>\n<td style=\"width: 9.33727%; height: 48px;\"><a href=\"https:\/\/www.bombersdv.es\/wp-content\/uploads\/2023\/08\/2022_OP005_ANUNCIO-Sesion-22-agosto-SUSPENSION-REVISION-MEDICA.pdf\" target=\"_blank\" rel=\"noopener\">Anuncio<\/a><\/td>\n<\/tr>\n<tr style=\"height: 48px;\">\n<td style=\"width: 79.1164%; height: 48px;\">Anuncio OTS: Comunicaci\u00f3n convalidaciones y\u00a0 determinaci\u00f3n fecha, hora y lugar de realizaci\u00f3n del 5\u00ba ejercicio \u201cReconocimiento m\u00e9dico\u201d<\/td>\n<td style=\"width: 10.5422%; height: 48px;\">13\/11\/2023<\/td>\n<td style=\"width: 9.33727%; height: 48px;\"><a href=\"https:\/\/www.bombersdv.es\/wp-content\/uploads\/2023\/11\/2022_OP005_Anuncio-convalidacion-y-fecha-para-la-realizacion-5a-ejercicio-_Reconocimiento-Medico_-Copia-autentica.pdf\" target=\"_blank\" rel=\"noopener\">Anuncio<\/a><\/td>\n<\/tr>\n<tr style=\"height: 24px;\">\n<td style=\"width: 79.1164%; height: 24px;\">Anuncio OTS: resultados quinto ejercicio (&#8220;Reconocimiento M\u00e9dico&#8221;)<\/td>\n<td style=\"width: 10.5422%; height: 24px;\">07\/12\/2023<\/td>\n<td style=\"width: 9.33727%; height: 24px;\"><a href=\"https:\/\/www.bombersdv.es\/wp-content\/uploads\/2023\/12\/2022_op005_-Anuncio-7-dic-23-result-5-Ejerc-Rec-Med.pdf\" target=\"_blank\" rel=\"noopener\">Anuncio<\/a><\/td>\n<\/tr>\n<tr style=\"height: 33px;\">\n<td style=\"width: 79.1164%; height: 33px;\">Anuncio OTS: Relaci\u00f3n Provisional Fase Oposici\u00f3n<\/td>\n<td style=\"width: 10.5422%; height: 33px;\">14\/12\/2023<\/td>\n<td style=\"width: 9.33727%; height: 33px;\"><a href=\"https:\/\/www.bombersdv.es\/wp-content\/uploads\/2023\/12\/2022_OP005_-Anuncio-14-dic-23-Relacion-Provisional-de-Resultados-Fase-de-Oposicion-Copia-autentica-2.pdf\" target=\"_blank\" rel=\"noopener\">Anuncio<\/a><\/td>\n<\/tr>\n<tr style=\"height: 24px;\">\n<td style=\"width: 79.1164%; height: 24px;\">Model Annex II<\/td>\n<td style=\"width: 10.5422%; height: 24px;\">18\/12\/2023<\/td>\n<td style=\"width: 9.33727%; height: 24px;\"><a href=\"https:\/\/www.bombersdv.es\/wp-content\/uploads\/2023\/12\/2022_OP005_Modelo-Anexo-II.pdf\" target=\"_blank\" rel=\"noopener\">Annex II<\/a><\/td>\n<\/tr>\n<tr style=\"height: 24px;\">\n<td style=\"width: 79.1164%; height: 24px;\">Anuncio OTS: resultados Fase Concurso<\/td>\n<td style=\"width: 10.5422%; height: 24px;\">09\/04\/2024<\/td>\n<td style=\"width: 9.33727%; height: 24px;\"><a href=\"https:\/\/www.bombersdv.es\/wp-content\/uploads\/2024\/04\/Anuncio-9-de-abril-de-2024-finalizacion-baremacion-y-listado-provisional-puntuaciones-Fase-de-Concurso-Copia-autentica.pdf\" target=\"_blank\" rel=\"noopener\">Anuncio<\/a><\/td>\n<\/tr>\n<tr style=\"height: 23px;\">\n<td style=\"width: 79.1164%; height: 23px;\">Anuncio OTS: Resultados de las alegaciones a la Fase Concurso, Resultados definitivos del proceso y convocatoria para realizaci\u00f3n el indicado curso en el IVASPE.<\/td>\n<td style=\"width: 10.5422%; height: 23px;\">02\/05\/2024<\/td>\n<td style=\"width: 9.33727%; height: 23px;\"><a href=\"https:\/\/www.bombersdv.es\/wp-content\/uploads\/2024\/05\/ANUNCIO-resultados-PROCESO-SELECTIVO-18-abril-2024-Copia-autentica.pdf\" target=\"_blank\" rel=\"noopener\">Anuncio<\/a><\/td>\n<\/tr>\n<tr>\n<td style=\"width: 79.1164%;\">Anuncio OTS: Relaci\u00f3n definitiva de personas aprobadas y apertura de plazo para presentar documentaci\u00f3n<\/td>\n<td style=\"width: 10.5422%;\">11\/07\/2025<\/td>\n<td style=\"width: 9.33727%;\"><a href=\"https:\/\/www.bombersdv.es\/wp-content\/uploads\/2025\/07\/2022_OP005_ANUNCIO-OTS-resultados-PROCESO-SELECTIVO-30-junio-2025-Copia-autentica.pdf\" target=\"_blank\" rel=\"noopener\">Anuncio<\/a><\/td>\n<\/tr>\n<tr>\n<td style=\"width: 79.1164%;\">Publicaci\u00f3n BOP nombramiento funcionarios de carrera<\/td>\n<td style=\"width: 10.5422%;\">17\/10\/2025<\/td>\n<td style=\"width: 9.33727%;\"><a href=\"https:\/\/www.bombersdv.es\/wp-content\/uploads\/2025\/10\/2022_OP005-PUBLICA-BOP-NOMBR-FC-11-OPERADORES-COMUNIC-ES.pdf\" target=\"_blank\" rel=\"noopener\">Publicaci\u00f3n BOP<\/a><\/td>\n<\/tr>\n<\/tbody>\n<\/table>\n<\/div>\n<\/div><div class=\"fusion-clearfix\"><\/div><\/div><\/div><\/div><\/div>\n","protected":false},"excerpt":{"rendered":"","protected":false},"author":643,"featured_media":0,"parent":15127,"menu_order":0,"comment_status":"closed","ping_status":"closed","template":"","meta":{"footnotes":""},"class_list":["post-59211","page","type-page","status-publish","hentry"],"_links":{"self":[{"href":"https:\/\/www.bombersdv.es\/es\/wp-json\/wp\/v2\/pages\/59211"}],"collection":[{"href":"https:\/\/www.bombersdv.es\/es\/wp-json\/wp\/v2\/pages"}],"about":[{"href":"https:\/\/www.bombersdv.es\/es\/wp-json\/wp\/v2\/types\/page"}],"author":[{"embeddable":true,"href":"https:\/\/www.bombersdv.es\/es\/wp-json\/wp\/v2\/users\/643"}],"replies":[{"embeddable":true,"href":"https:\/\/www.bombersdv.es\/es\/wp-json\/wp\/v2\/comments?post=59211"}],"version-history":[{"count":54,"href":"https:\/\/www.bombersdv.es\/es\/wp-json\/wp\/v2\/pages\/59211\/revisions"}],"predecessor-version":[{"id":74357,"href":"https:\/\/www.bombersdv.es\/es\/wp-json\/wp\/v2\/pages\/59211\/revisions\/74357"}],"up":[{"embeddable":true,"href":"https:\/\/www.bombersdv.es\/es\/wp-json\/wp\/v2\/pages\/15127"}],"wp:attachment":[{"href":"https:\/\/www.bombersdv.es\/es\/wp-json\/wp\/v2\/media?parent=59211"}],"curies":[{"name":"wp","href":"https:\/\/api.w.org\/{rel}","templated":true}]}}