{"id":59527,"date":"2022-07-12T23:39:02","date_gmt":"2022-07-12T21:39:02","guid":{"rendered":"https:\/\/www.bombersdv.es\/?page_id=59527"},"modified":"2022-07-12T23:39:02","modified_gmt":"2022-07-12T21:39:02","slug":"normativa-rrhh-v-ext","status":"publish","type":"page","link":"https:\/\/www.bombersdv.es\/es\/normativa-rrhh-v-ext\/","title":{"rendered":"Normativa RRHH V. EXT"},"content":{"rendered":"\n<table id=\"tablepress-54\" class=\"tablepress tablepress-id-54\">\n<thead>\n<tr class=\"row-1\">\n\t<th class=\"column-1\">Fecha<\/th><th class=\"column-2\">Denominaci\u00f3n<\/th><th class=\"column-3\">Enlace 1<\/th><th class=\"column-4\">Enlace 2<\/th><th class=\"column-5\">Observaciones<\/th>\n<\/tr>\n<\/thead>\n<tbody class=\"row-striping row-hover\">\n<tr class=\"row-2\">\n\t<td class=\"column-1\">2024_03_01<\/td><td class=\"column-2\">Reglament de criteris objectius per a l'assignaci\u00f3 del complement de productivitat al personal empleat p\u00fablic del Consorci \/\/ Reglamento de criterios objetivos para la asignaci\u00f3n del complemento de productividad al personal empleado p\u00fablico del Consorcio<\/td><td class=\"column-3\"><a href=\"https:\/\/www.bombersdv.es\/wp-content\/uploads\/2024\/03\/Publicacio-BOP-aprovacio-definitiva-modificacio-reglament-productivitat-Copia-autentica.pdf\" rel=\"noopener\" target=\"_blank\">BOP Valenciano<\/a><\/td><td class=\"column-4\"><a href=\"https:\/\/www.bombersdv.es\/wp-content\/uploads\/2024\/03\/Publicacion-BOP-aprobacion-definitiva-modificacion-reglamento-productividad-Copia-autentica-2-copia.pdf\" rel=\"noopener\" target=\"_blank\">BOP Castellano<\/a><\/td><td class=\"column-5\">Versi\u00f3n anterior: <a href=\"https:\/\/www.bombersdv.es\/wp-content\/uploads\/2022\/04\/bopreglamernto-productividad.pdf\" rel=\"noopener\" target=\"_blank\">B.O.P.<\/a><br \/>\nSe da una nueva redacci\u00f3n al Cap\u00edtulo III, Pertenencia a grupos especiales, Art\u00edculos 7 y 8.<\/td>\n<\/tr>\n<tr class=\"row-3\">\n\t<td class=\"column-1\">2022_03_31<\/td><td class=\"column-2\">Guia de <strong>permisos i llic\u00e8ncies<\/strong>: criteris de gesti\u00f3 \/ Gu\u00eda de <strong>permisos y licencias<\/strong>: criterios de gesti\u00f3n<\/td><td class=\"column-3\"><a href=\"https:\/\/www.bombersdv.es\/download\/guia-permisos-y-licencias-2022\/\" rel=\"noopener\" target=\"_blank\">Decret 352\/22 PDF<\/a><\/td><td class=\"column-4\"><a href=\"https:\/\/www.bombersdv.es\/es\/portal-de-lempleat\/gestio-rrhh\/normativa-de-recursos-humanos\/guia-de-permisos-y-licencias\/\" rel=\"noopener\" target=\"_blank\">Web (Texto)<\/a><\/td><td class=\"column-5\"><\/td>\n<\/tr>\n<tr class=\"row-4\">\n\t<td class=\"column-1\">2022_03_03<\/td><td class=\"column-2\">Acord sobre condicions comunes de treball del personal empleat p\u00fablic al Servei del Consorci Provincial de Bombers de Val\u00e8ncia \/ Acuerdo sobre condiciones comunes de trabajo del personal empleado p\u00fablico al Servicio del Consorcio Provincial de Bomberos de Valencia<\/td><td class=\"column-3\"><a href=\"https:\/\/www.bombersdv.es\/wp-content\/uploads\/2022\/03\/acuerdo-de-condiciones-de-trabajo.pdf\" rel=\"noopener\" target=\"_blank\">B.O.P.<\/a><\/td><td class=\"column-4\"><\/td><td class=\"column-5\"><\/td>\n<\/tr>\n<tr class=\"row-5\">\n\t<td class=\"column-1\">2022_03_02<\/td><td class=\"column-2\">Protocol de Prevenci\u00f3 i Actuaci\u00f3 Aut\u00f2noma davant la Viol\u00e8ncia Laboral del Consorci\/ Protocolo de Prevenci\u00f3n y Actuaci\u00f3n Aut\u00f3noma ante la Violencia Laboral del Consorcio <\/td><td class=\"column-3\"><a href=\"https:\/\/www.bombersdv.es\/wp-content\/uploads\/2022\/03\/protocolo_prevencion_acoso_bop.pdf\" rel=\"noopener\" target=\"_blank\">BOP<\/a><\/td><td class=\"column-4\"><a href=\"https:\/\/www.bombersdv.es\/wp-content\/uploads\/2022\/03\/Envio-TRANSPARENCIA-Y-PROTECCION-DE-DATOS-Copia-autentica-4.pdf\" rel=\"noopener\" target=\"_blank\">Decreto<\/a><\/td><td class=\"column-5\"><a href=\"https:\/\/www.bombersdv.es\/portal-de-lempleat\/prevencio-de-riscos-laborals\/formulario-de-comunicado-de-riesgos\/\" rel=\"noopener\" target=\"_blank\">Enlla\u00e7 formulari comunicaci\u00f3<\/a><br \/>\n<a href=\"https:\/\/www.bombersdv.es\/es\/portal-de-lempleat\/prevencion-de-riesgos-laborales\/formulario-de-comunicado-de-riesgos\/\" rel=\"noopener\" target=\"_blank\">Enlace formulario comunicaci\u00f3n<\/a><br \/>\n<a href=\"https:\/\/www.bombersdv.es\/download\/comunicacion-equipo-mediacion\/\" rel=\"noopener\" target=\"_blank\">Equipo mediador \/ Equip mediador<\/a><\/td>\n<\/tr>\n<tr class=\"row-6\">\n\t<td class=\"column-1\">2021_09_21<\/td><td class=\"column-2\">Reglament de les Relacions Electr\u00f2niques dels empleats i empleades p\u00fabliques amb el Consorci \/ Reglamento de las Relaciones Electr\u00f3nicas de los empleados y empleadas p\u00fablicas con el Consorcio<\/td><td class=\"column-3\"><a href=\"https:\/\/www.bombersdv.es\/wp-content\/uploads\/2021\/08\/anuncio-bop-reglamento-r-ee.pdf\">B.O.P.<\/a><\/td><td class=\"column-4\"><a href=\"https:\/\/www.bombersdv.es\/es\/consorcio\/normativas\/reglamento-de-las-relaciones-electronicas-de-los-empleados-y-empleadas-publicas-con-el-consorcio-provincial-de-bomberos-de-valencia\/\">Web (Texto)<\/a><\/td><td class=\"column-5\"><\/td>\n<\/tr>\n<tr class=\"row-7\">\n\t<td class=\"column-1\">2024_03_01<\/td><td class=\"column-2\">Reglament del Sistema de Carrera Professional Horitzontal i Avaluaci\u00f3 de l'Acompliment del personal del Consorci \/ Reglamento del Sistema de Carrera Profesional Horizontal y Evaluaci\u00f3n del Desempe\u00f1o del personal del Consorcio<\/td><td class=\"column-3\"><a href=\"https:\/\/www.bombersdv.es\/wp-content\/uploads\/2024\/03\/Publicacio-BOP-aprovacio-definitiva-modificacio-reglament-carrera-Copia-autentica-copia.pdf\" rel=\"noopener\" target=\"_blank\">BOP Valenciano<\/a><\/td><td class=\"column-4\"><a href=\"https:\/\/www.bombersdv.es\/wp-content\/uploads\/2024\/03\/Publicacion-BOP-aprobacion-definitiva-modificacion-reglamento-carrera-Copia-autentica-3.pdf\" rel=\"noopener\" target=\"_blank\">BOP Castellano<\/a><\/td><td class=\"column-5\">Versi\u00f3n anterior:<br \/>\n<a href=\"https:\/\/www.bombersdv.es\/wp-content\/uploads\/2021\/01\/reglamento-publicado.pdf\">B.O.P.<\/a><br \/>\nLa modificaci\u00f3n afecta al art\u00edculo 12 sobre la metodolog\u00eda de valoraci\u00f3n incorporando los cursos de formaci\u00f3n y perfeccionamiento que hayan sido cursados o impartidos por la persona interesada, y que hayan sido convocados por el Consorcio siempre que re\u00fanan una serie de caracter\u00edsticas y requisitos que se detallan en la reforma<\/td>\n<\/tr>\n<tr class=\"row-8\">\n\t<td class=\"column-1\">2017_10_20<\/td><td class=\"column-2\">Modificaci\u00f3 del conveni col\u00b7lectiu de treball de l'empresa Divalterra, S.A. \/ Modificaci\u00f3n del convenio colectivo de trabajo de la empresa Divalterra, S.A.<\/td><td class=\"column-3\"><a href=\"https:\/\/www.bombersdv.es\/wp-content\/uploads\/2022\/03\/modificacion-convenio-colectivo-divalterra.pdf\">B.O.P.<\/a><\/td><td class=\"column-4\"><\/td><td class=\"column-5\"><\/td>\n<\/tr>\n<tr class=\"row-9\">\n\t<td class=\"column-1\">2015_08_07<\/td><td class=\"column-2\">Conveni col\u00b7lectiu de treball de l'empresa Divalterra, S.A. (abans IMELSA) \/ Convenio colectivo de trabajo de la empresa Divalterra, S.A. (antes IMELSA)<\/td><td class=\"column-3\"><a href=\"https:\/\/www.bombersdv.es\/wp-content\/uploads\/2022\/03\/convenio-colectivo-divalterra.pdf\">B.O.P.<\/a><\/td><td class=\"column-4\"><\/td><td class=\"column-5\"><\/td>\n<\/tr>\n<tr class=\"row-10\">\n\t<td class=\"column-1\">2015_01_22<\/td><td class=\"column-2\">Reglamento de Funcionamiento Interno del Comit\u00e9 de Seguridad y Salud Laboral del Consorcio<\/td><td class=\"column-3\"><a href=\"https:\/\/www.bombersdv.es\/download\/reglamento-cssl\/\">B.O.P.<\/a><\/td><td class=\"column-4\"><\/td><td class=\"column-5\"><\/td>\n<\/tr>\n<tr class=\"row-11\">\n\t<td class=\"column-1\">2020_04_16<\/td><td class=\"column-2\">Reglament de Mesa General de Negociaci\u00f3 de Mat\u00e8ries Comunes del Consorci \/ Reglamento de Mesa General de Negociaci\u00f3n de Materias Comunes del Consorcio<\/td><td class=\"column-3\"><a href=\"https:\/\/www.bombersdv.es\/wp-content\/uploads\/2021\/01\/reglamento-publicado-mesa-de-negociacion.pdf\">B.O.P.<\/a><\/td><td class=\"column-4\"><\/td><td class=\"column-5\"><\/td>\n<\/tr>\n<tr class=\"row-12\">\n\t<td class=\"column-1\">2022_07_10<\/td><td class=\"column-2\">Instruccions per al lliurament dels comunicats de baixa, comunicats de confirmaci\u00f3 i altes m\u00e8diques  \/Instrucciones para la entrega de los partes de baja, partes de confirmaci\u00f3n y altas m\u00e9dicas <\/td><td class=\"column-3\"><a href=\"https:\/\/www.bombersdv.es\/download\/instrucciones-para-la-comunicacion-de-las-altas-y-bajas-medicas-30-de-marzo-de-2023\/\" rel=\"noopener\" target=\"_blank\">PDF Desde 30 de marzo de 2023<\/a><\/td><td class=\"column-4\"><a href=\"https:\/\/www.bombersdv.es\/download\/instruccions-per-al-lliurament-dels-comunicats-de-baixa-comunicats-de-confirmacio-i-altes-mediques-instrucciones-para-la-entrega-de-los-partes-de-baja-partes-de-confirmacion-y-altas-medicas\/\">Hasta  30\/03\/2023 PDF<\/a><\/td><td class=\"column-5\"><\/td>\n<\/tr>\n<tr class=\"row-13\">\n\t<td class=\"column-1\">2005_11_02<\/td><td class=\"column-2\">Reglament regulador de la mobilitat professional per ra\u00f3 d'edat o salut en el cos de bombers del Consorci \/ Reglamento regulador de la movilidad profesional por raz\u00f3n de edad o salud en el cuerpo de bomberos del Consorcio<\/td><td class=\"column-3\"><a href=\"https:\/\/www.bombersdv.es\/wp-content\/uploads\/2020\/01\/reglamento-segunda-actividad.pdf\" rel=\"noopener\" target=\"_blank\">B.O.P.<\/a><\/td><td class=\"column-4\"><\/td><td class=\"column-5\">Art. 11 modificado<br \/>\nArt. 16 a\u00f1adido <br \/>\nAmbos por Plan de Reordenaci\u00f3n de la Segunda Actividad<\/td>\n<\/tr>\n<tr class=\"row-14\">\n\t<td class=\"column-1\">2011_03_12<\/td><td class=\"column-2\"> Pla de Reordenaci\u00f3 de la Segona Activitat en el Consorci \/ Plan de Reordenaci\u00f3n de la Segunda Actividad en el Consorcio<\/td><td class=\"column-3\"><a href=\"https:\/\/www.bombersdv.es\/wp-content\/uploads\/2020\/01\/plan-de-reordenacion-de-la-segunda-actividad.pdf\" rel=\"noopener\" target=\"_blank\">B.O.P.<\/a><\/td><td class=\"column-4\"><\/td><td class=\"column-5\">Entre otras medidas modifica art 11 y a\u00f1ade art. 16 al Reglamento de la 2\u00aa actividad<\/td>\n<\/tr>\n<tr class=\"row-15\">\n\t<td class=\"column-1\">2015_00_00<\/td><td class=\"column-2\">Reglament de funcionament intern del Comit\u00e9 de Seguretat i Salut de Imelsa \/ Reglamento de funcionamiento interno del Comit\u00e9 de Seguridad y Salud de Imelsa<\/td><td class=\"column-3\"><a href=\"https:\/\/www.bombersdv.es\/wp-content\/uploads\/2022\/10\/Reglamento-CSSL-subrogados-2.pdf\" rel=\"noopener\" target=\"_blank\">Pdf firmado<\/a><\/td><td class=\"column-4\"><\/td><td class=\"column-5\"><\/td>\n<\/tr>\n<tr class=\"row-16\">\n\t<td class=\"column-1\">2023_07_30<\/td><td class=\"column-2\">Relaci\u00f3 de llocs de treball \/ Relaci\u00f3n Puestos de Trabajo<\/td><td class=\"column-3\"><a href=\"https:\/\/www.bombersdv.es\/es\/portal-de-transparencia\/organizacion-administrativa-y-personal-v2\/relacion-de-puestos-de-trabajo-2022\/\" rel=\"noopener\" target=\"_blank\">web<\/a><\/td><td class=\"column-4\"><\/td><td class=\"column-5\">En el enlace pueden consultarse versiones anteriores<\/td>\n<\/tr>\n<tr class=\"row-17\">\n\t<td class=\"column-1\">2022_09_19<\/td><td class=\"column-2\">Plantilla 2022 (actualitzada 20\/09\/2022) \/ Plantilla 2022 (actualizada 20\/09\/2022)<br \/>\n<\/td><td class=\"column-3\"><a href=\"https:\/\/www.bombersdv.es\/es\/plantilla-del-consorcio\/\" rel=\"noopener\" target=\"_blank\">WEB (Cas)<\/a><br \/>\n<a href=\"https:\/\/www.bombersdv.es\/plantilla-del-consorcio\/\" rel=\"noopener\" target=\"_blank\">WEB (Val)<\/a><\/td><td class=\"column-4\"><\/td><td class=\"column-5\"><\/td>\n<\/tr>\n<tr class=\"row-18\">\n\t<td class=\"column-1\">2002_05_24<\/td><td class=\"column-2\">Conveni col\u00b7lectiu personal laboral (empleat p\u00fablic) \/ Convenio colectivo personal laboral (empleado p\u00fablico)<\/td><td class=\"column-3\"><a href=\"https:\/\/www.bombersdv.es\/wp-content\/uploads\/2022\/12\/convenio-colectivo-personal-laboral-2002.pdf\" rel=\"noopener\" target=\"_blank\">B.O.P.<\/a><\/td><td class=\"column-4\"><\/td><td class=\"column-5\"><\/td>\n<\/tr>\n<tr class=\"row-19\">\n\t<td class=\"column-1\">2023_12_27<\/td><td class=\"column-2\">Calendari laboral 2024 \/ Calendario laboral 2024<\/td><td class=\"column-3\"><a href=\"https:\/\/www.bombersdv.es\/es\/portal-de-lempleat\/gestio-rrhh\/calendario-laboral\/\" rel=\"noopener\" target=\"_blank\">WEB (Cas)<\/a><a href=\"https:\/\/www.bombersdv.es\/portal-de-lempleat\/gestio-rrhh\/calendari-laboral\/\" rel=\"noopener\" target=\"_blank\"><br \/>\nWEB (Val)<\/a><\/td><td class=\"column-4\"><\/td><td class=\"column-5\">En l'enlla\u00e7 es poden consultar els d'anys anteriors<\/td>\n<\/tr>\n<tr class=\"row-20\">\n\t<td class=\"column-1\">2022_10_21<\/td><td class=\"column-2\">Ofertes d\u2019ocupaci\u00f3 p\u00fablica \/ Ofertas de empleo p\u00fablico<\/td><td class=\"column-3\"><a href=\"https:\/\/www.bombersdv.es\/es\/ofertas-de-empleo-publico\/\" rel=\"noopener\" target=\"_blank\">Web<\/a><\/td><td class=\"column-4\"><\/td><td class=\"column-5\"><\/td>\n<\/tr>\n<tr class=\"row-21\">\n\t<td class=\"column-1\">9999 sin fecha<\/td><td class=\"column-2\">Reconeixement de serveis previs \/ Reconocimiento de servicios previos<\/td><td class=\"column-3\"><a href=\"https:\/\/sede.bombersdv.es\/ficha-procedimiento\/43\" rel=\"noopener\" target=\"_blank\">Sede electr\u00f3nica<\/a><\/td><td class=\"column-4\"><\/td><td class=\"column-5\"><\/td>\n<\/tr>\n<tr class=\"row-22\">\n\t<td class=\"column-1\">2016_03_07<\/td><td class=\"column-2\"> Reglament de Gesti\u00f3 de la Relaci\u00f3 de Llocs<br \/>\nde Treball \/\/ Reglamento de Gesti\u00f3n de la Relaci\u00f3n de Puestos de Trabajo<\/td><td class=\"column-3\"><a href=\"https:\/\/www.bombersdv.es\/wp-content\/uploads\/2023\/02\/Reglamento-gestion-RPT.pdf\" rel=\"noopener\" target=\"_blank\">B.O.P.<\/a><\/td><td class=\"column-4\"><\/td><td class=\"column-5\"><\/td>\n<\/tr>\n<tr class=\"row-23\">\n\t<td class=\"column-1\">2024_04_30<\/td><td class=\"column-2\">Aprovaci\u00f3 acorde de modificaci\u00f3 del preu de les hores extraordin\u00e0ries del personal BRIFO \/\/ Aprobaci\u00f3n acuerdo de modificaci\u00f3n del precio de las horas extraordinarias del personal BRIFO<\/td><td class=\"column-3\"><a href=\"https:\/\/www.bombersdv.es\/wp-content\/uploads\/2024\/05\/Decreto-importe-horas-extraordinarias-BRIFO.pdf\" rel=\"noopener\" target=\"_blank\">Decreto 493\/2024<\/a><\/td><td class=\"column-4\"><\/td><td class=\"column-5\"><\/td>\n<\/tr>\n<tr class=\"row-24\">\n\t<td class=\"column-1\">2024_07_29<\/td><td class=\"column-2\">Resoluci\u00f3n de la Presidencia 2024\/00962 por la que aprueban los objetivos generales del Consorcio para el ejercicio 2024<\/td><td class=\"column-3\"><a href=\"https:\/\/www.bombersdv.es\/download\/decreto-de-objetivos-2024\/?tmstv=1727336884\" rel=\"noopener\" target=\"_blank\">PDF<\/a><\/td><td class=\"column-4\"><\/td><td class=\"column-5\"><\/td>\n<\/tr>\n<tr class=\"row-25\">\n\t<td class=\"column-1\">2024_10_10<\/td><td class=\"column-2\">Decret n\u00famero 2024\/01216, de 10 d'octubre de 2024, sobre correspond\u00e8ncia d'objectius per a l'exercici 2024, amb els indicadors de compliment establits en el Reglament de Carrera Professional \/\/ Decreto n\u00famero 2024\/01216, de 10 de octubre de 2024, sobre correspondencia de objetivos para el ejercicio 2024, con los indicadores de cumplimiento establecidos en el Reglamento de Carrera Profesional<\/td><td class=\"column-3\"><a href=\"https:\/\/www.bombersdv.es\/download\/decreto-numero-2024-01216-de-10-de-octubre-de-2024-correspondencia-de-objetivos-para-el-ejercicio-2024-con-los-indicadores-de-carrera-profesional\/?tmstv=1728888584\" rel=\"noopener\" target=\"_blank\">PDF<\/a><\/td><td class=\"column-4\"><\/td><td class=\"column-5\"><\/td>\n<\/tr>\n<tr class=\"row-26\">\n\t<td class=\"column-1\">2024_11_07<\/td><td class=\"column-2\">Comunicat de la Presid\u00e8ncia sobre obligatorietat de pres\u00e8ncia f\u00edsica en el lloc de treball i les seues excepcions despr\u00e9s de la DANA octubre\/novembre 2024 \/\/ Comunicado de la Presidencia sobre obligatoriedad de presencia f\u00edsica en el puesto de trabajo y sus excepciones tras la DANA octubre\/noviembre 2024<\/td><td class=\"column-3\"><a href=\"https:\/\/www.bombersdv.es\/download\/comunicado-de-la-presidencia-sobre-poresencia-fisica-en-pueto-de-trabajo-en-relacion-dana-noviembre-2024\/?tmstv=1731065973\" rel=\"noopener\" target=\"_blank\">PDF<\/a><\/td><td class=\"column-4\"><\/td><td class=\"column-5\"><\/td>\n<\/tr>\n<tr class=\"row-27\">\n\t<td class=\"column-1\">2024_11_07<\/td><td class=\"column-2\">IDT-2024-020 De la Direcci\u00f3 de Recursos Humans i de la Direcci\u00f3 del Cos de Bombers sobre modificaci\u00f3 temporal de l'horari de parcs despr\u00e9s de la DANA octubre\/novembre 2024 \/\/ De la Direcci\u00f3n de Recursos Humanos y de la Jefatura del Cuerpo de Bomberos sobre modificaci\u00f3n temporal del horario de parques tras la DANA octubre\/noviembre 2024<\/td><td class=\"column-3\"><a href=\"https:\/\/www.bombersdv.es\/download\/comunicado-modificacion-temporal-horario-parques\/?tmstv=1731066659\" rel=\"noopener\" target=\"_blank\">PDF<\/a><\/td><td class=\"column-4\"><a href=\"https:\/\/www.bombersdv.es\/download\/nota-aclaratoria-comunicado-modificacion-temporal-horario-parques\/?tmstv=1731066886\" rel=\"noopener\" target=\"_blank\">Nota aclaratoria de 08\/11\/2024<\/a><br \/>\nModificada por <a href=\"https:\/\/www.bombersdv.es\/download\/idt-2024-22-ajustes-horario\/?tmstv=1732090629\" rel=\"noopener\" target=\"_blank\">IDT 2024 22<\/a><\/td><td class=\"column-5\"><\/td>\n<\/tr>\n<tr class=\"row-28\">\n\t<td class=\"column-1\">2024_12_11<\/td><td class=\"column-2\">Circular informativa relativa a les sol\u00b7licituds de progressi\u00f3 de grau de la carrera professional \/\/ Circular informativa relativa a las solicitudes de progresi\u00f3n de grado de la carrera profesional<\/td><td class=\"column-3\"><a href=\"https:\/\/www.bombersdv.es\/download\/circular-informativa-relativa-a-las-solicitudes-de-progresion-de-grado-de-la-carrera-profesional\/?tmstv=1734940935\" rel=\"noopener\" target=\"_blank\">PDF<\/a><\/td><td class=\"column-4\"><\/td><td class=\"column-5\"><\/td>\n<\/tr>\n<tr class=\"row-29\">\n\t<td class=\"column-1\">2025_01_09<\/td><td class=\"column-2\">Calendari laboral 2025 \/ Calendario laboral 2025<\/td><td class=\"column-3\"><a href=\"https:\/\/www.bombersdv.es\/es\/portal-de-lempleat\/gestio-rrhh\/calendario-laboral\/\" rel=\"noopener\" target=\"_blank\">WEB (Cas)<\/a><a href=\"https:\/\/www.bombersdv.es\/portal-de-lempleat\/gestio-rrhh\/calendari-laboral\/\" rel=\"noopener\" target=\"_blank\"><br \/>\nWEB (Val)<\/a><\/td><td class=\"column-4\"><\/td><td class=\"column-5\"><\/td>\n<\/tr>\n<tr class=\"row-30\">\n\t<td class=\"column-1\">2025_05_14<\/td><td class=\"column-2\">Actualitzaci\u00f3 de l\u2019organigrama dels Serveis Administratius del Consorci \/\/ Actualizaci\u00f3n del organigrama de los Servicios Administrativos del Consorcio<\/td><td class=\"column-3\"><a href=\"https:\/\/www.bombersdv.es\/wp-content\/uploads\/2025\/06\/2025_RHG_S380_00001-Decreto-Copia-autentica-2.pdf\" rel=\"noopener\" target=\"_blank\">PDF<\/a><\/td><td class=\"column-4\"><\/td><td class=\"column-5\">N\u00ba Decreto: 2025\/00725<\/td>\n<\/tr>\n<tr class=\"row-31\">\n\t<td class=\"column-1\">2025_05_19<\/td><td class=\"column-2\">Decret n\u00famero 2025\/00751, de 19 de maig de 2025, sobre aprovaci\u00f3 dels objectius generals del Consorci per a l'exercici 2025 \/\/ Decret0 n\u00famero 2025\/00751, de 19 de mayo de 2025, sobre aprobaci\u00f3n de los objetivos generales del Consorcio para el ejercicio 2025<\/td><td class=\"column-3\"><a href=\"https:\/\/www.bombersdv.es\/download\/resolucion-aprobando-obvjetivos-2025\/?tmstv=1747742976\" rel=\"noopener\" target=\"_blank\">PDF<\/a><\/td><td class=\"column-4\"><\/td><td class=\"column-5\"><\/td>\n<\/tr>\n<tr class=\"row-32\">\n\t<td class=\"column-1\">2026_01_29<\/td><td class=\"column-2\">Circular Informativa Nou sistema de control de pres\u00e8ncia del personal.\/\/ Nuevo sistema de control de presencia del personal<\/td><td class=\"column-3\"><a href=\"https:\/\/www.bombersdv.es\/download\/comunicado-nuevo-sistema-de-control-de-presencia\/?tmstv=1769706596\" rel=\"noopener\" target=\"_blank\">PDF<\/a><\/td><td class=\"column-4\"><\/td><td class=\"column-5\"><\/td>\n<\/tr>\n<tr class=\"row-33\">\n\t<td class=\"column-1\">2026_01_29<\/td><td class=\"column-2\">Circular Informativa Canvis en el sistema de teletreball 2026 \/\/ Cambios en el sistema de teletrabajo 2026<\/td><td class=\"column-3\"><a href=\"https:\/\/www.bombersdv.es\/download\/circular-cambios-sistema-de-teletrabajo\/?tmstv=1769706596\" rel=\"noopener\" target=\"_blank\">PDF<\/a><\/td><td class=\"column-4\"><\/td><td class=\"column-5\"><\/td>\n<\/tr>\n<\/tbody>\n<\/table>\n<!-- #tablepress-54 from cache -->\n","protected":false},"excerpt":{"rendered":"","protected":false},"author":183,"featured_media":0,"parent":0,"menu_order":0,"comment_status":"closed","ping_status":"closed","template":"","meta":{"footnotes":""},"class_list":["post-59527","page","type-page","status-publish","hentry"],"_links":{"self":[{"href":"https:\/\/www.bombersdv.es\/es\/wp-json\/wp\/v2\/pages\/59527"}],"collection":[{"href":"https:\/\/www.bombersdv.es\/es\/wp-json\/wp\/v2\/pages"}],"about":[{"href":"https:\/\/www.bombersdv.es\/es\/wp-json\/wp\/v2\/types\/page"}],"author":[{"embeddable":true,"href":"https:\/\/www.bombersdv.es\/es\/wp-json\/wp\/v2\/users\/183"}],"replies":[{"embeddable":true,"href":"https:\/\/www.bombersdv.es\/es\/wp-json\/wp\/v2\/comments?post=59527"}],"version-history":[{"count":1,"href":"https:\/\/www.bombersdv.es\/es\/wp-json\/wp\/v2\/pages\/59527\/revisions"}],"predecessor-version":[{"id":59528,"href":"https:\/\/www.bombersdv.es\/es\/wp-json\/wp\/v2\/pages\/59527\/revisions\/59528"}],"wp:attachment":[{"href":"https:\/\/www.bombersdv.es\/es\/wp-json\/wp\/v2\/media?parent=59527"}],"curies":[{"name":"wp","href":"https:\/\/api.w.org\/{rel}","templated":true}]}}