{"id":59533,"date":"2022-07-12T23:47:08","date_gmt":"2022-07-12T21:47:08","guid":{"rendered":"https:\/\/www.bombersdv.es\/?page_id=59533"},"modified":"2025-09-12T14:49:06","modified_gmt":"2025-09-12T12:49:06","slug":"compatibilidades-personal","status":"publish","type":"page","link":"https:\/\/www.bombersdv.es\/es\/compatibilidades-personal\/","title":{"rendered":"Compatibilidades personal"},"content":{"rendered":"<h5><span style=\"color: #ff0000;\">Compatibilidades<\/span><\/h5>\n<p style=\"text-align: justify;\">El personal del Consorcio que quiera ejercer una segunda actividad p\u00fablica, o una actividad privada, debe solicitar la autorizaci\u00f3n o el reconocimiento de la compatibilidad. Aqu\u00ed se encuentran publicadas las autorizaciones para el ejercicio de esta segunda actividad. (<span style=\"color: #ff0000;\">Actualizado en septiembre 2025<\/span>)<\/p>\n\n<table id=\"tablepress-93\" class=\"tablepress tablepress-id-93\">\n<thead>\n<tr class=\"row-1\">\n\t<th class=\"column-1\">Expediente<\/th><th class=\"column-2\">SOLICITANT\/SOLICITANTE<\/th><th class=\"column-3\">CENTRE\/CENTRO<\/th><th class=\"column-4\">PERIODE CONCEDIT\/<br \/>\nPERIODO CONCEDIDO<\/th><th class=\"column-5\">Acuerdo<\/th><th class=\"column-6\">Documento<\/th>\n<\/tr>\n<\/thead>\n<tbody class=\"row-striping row-hover\">\n<tr class=\"row-2\">\n\t<td class=\"column-1\">2023\/RHG\/S359\/00002<\/td><td class=\"column-2\">David  Couso Permuy<\/td><td class=\"column-3\">Cursos de formaci\u00f3n en el propio CPBV<\/td><td class=\"column-4\">s\/d 75 horas \/a\u00f1o<\/td><td class=\"column-5\">Junta de Gobierno<br \/>\n29\/03\/2023<\/td><td class=\"column-6\"><a href=\"https:\/\/www.bombersdv.es\/wp-content\/uploads\/2025\/09\/couso-compatibilidad-Certificado-2023_RHG_S359_00002-Copia-autentica-1.pdf\" rel=\"noopener\" target=\"_blank\">Enlace<\/a><\/td>\n<\/tr>\n<tr class=\"row-3\">\n\t<td class=\"column-1\">2023\/RHG\/S359\/00003<\/td><td class=\"column-2\">Daniel Samper S\u00e1nchez<\/td><td class=\"column-3\">Copropietario de la empresa INNCOVER<\/td><td class=\"column-4\">s\/d 4 horas semanales<\/td><td class=\"column-5\">Junta de Gobierno 29\/03\/2023<\/td><td class=\"column-6\"><a href=\"https:\/\/www.bombersdv.es\/wp-content\/uploads\/2025\/09\/samper-compatibilidad-Certificado-2023_RHG_S359_00003-Copia-autentica-2.pdf\" rel=\"noopener\" target=\"_blank\">Enlace<\/a><\/td>\n<\/tr>\n<tr class=\"row-4\">\n\t<td class=\"column-1\">2025\/RHG\/S359\/00001<\/td><td class=\"column-2\">Hermenegildo Aguilera Muriel<\/td><td class=\"column-3\">Formador en el IVASPE<\/td><td class=\"column-4\">s\/d max 75 horas\/a\u00f1o<\/td><td class=\"column-5\">Junta de Gobierno<br \/>\n01\/04\/2025<\/td><td class=\"column-6\"><a href=\"https:\/\/www.bombersdv.es\/wp-content\/uploads\/2025\/09\/hermenegildo-Certificado-2025_RHG_S359_00001-Copia-autentica.pdf\" rel=\"noopener\" target=\"_blank\">Enlace<\/a><\/td>\n<\/tr>\n<tr class=\"row-5\">\n\t<td class=\"column-1\">2025\/RHG\/S359\/00003<\/td><td class=\"column-2\">Antonio Segovia Romani<\/td><td class=\"column-3\">Preparaci\u00f3n clases acceso funci\u00f3n p\u00fablica <\/td><td class=\"column-4\">01\/05\/2025 a 30\/04\/2026<\/td><td class=\"column-5\">Junta de Gobierno<br \/>\n28\/07\/2025<\/td><td class=\"column-6\"><a href=\"https:\/\/www.bombersdv.es\/wp-content\/uploads\/2025\/09\/segovia-Certificado-2025_RHG_S359_00003-Copia-autentica.pdf\" rel=\"noopener\" target=\"_blank\">Enlace<\/a><\/td>\n<\/tr>\n<tr class=\"row-6\">\n\t<td class=\"column-1\">2025\/RHG\/S359\/00004<\/td><td class=\"column-2\">Marc Boix Miralles<\/td><td class=\"column-3\">Preparaci\u00f3n clases acceso funci\u00f3n p\u00fablica<\/td><td class=\"column-4\">13\/05\/2025 a 13\/05\/2026<\/td><td class=\"column-5\">Junta de Gobierno 28\/07\/2025<\/td><td class=\"column-6\"><a href=\"https:\/\/www.bombersdv.es\/wp-content\/uploads\/2025\/09\/marc-Certificado-2025_RHG_S359_00004-Copia-autentica-1.pdf\" rel=\"noopener\" target=\"_blank\">Enlace<\/a><\/td>\n<\/tr>\n<tr class=\"row-7\">\n\t<td class=\"column-1\">2025\/RHG\/S359\/00005<\/td><td class=\"column-2\">Jaume P\u00e9rez S\u00e1nchez<\/td><td class=\"column-3\">Copropietario de la empresa Olimpic Gandia SL<\/td><td class=\"column-4\">s\/d 12 horas semanales<\/td><td class=\"column-5\">Junta de Gobierno 28\/07\/2025<\/td><td class=\"column-6\"><a href=\"https:\/\/www.bombersdv.es\/wp-content\/uploads\/2025\/09\/jaumep-Certificado-2025_RHG_S359_00005-Copia-autentica.pdf\" rel=\"noopener\" target=\"_blank\">Enlace<\/a><\/td>\n<\/tr>\n<tr class=\"row-8\">\n\t<td class=\"column-1\">2025\/RHG\/S359\/00006<\/td><td class=\"column-2\">Andr\u00e9s Aspas Hig\u00f3n<\/td><td class=\"column-3\">Actividad privada,por cuenta propia, como autor de la publicaci\u00f3n t\u00e9cnica titulada \u201cMando y Control en el rescate en accidentes de tr\u00e1fico\u201d,<\/td><td class=\"column-4\">s\/d<\/td><td class=\"column-5\">Junta de Gobierno 28\/07\/2025<\/td><td class=\"column-6\"><a href=\"https:\/\/www.bombersdv.es\/wp-content\/uploads\/2025\/09\/Aspas-Certificado-2025_RHG_S359_00006-Copia-autentica.pdf\" rel=\"noopener\" target=\"_blank\">Enlace<\/a><\/td>\n<\/tr>\n<tr class=\"row-9\">\n\t<td class=\"column-1\">2021\/RHG\/S359\/00003<\/td><td class=\"column-2\">Diego Ortega Diez<\/td><td class=\"column-3\">Cursos de formaci\u00f3n en el propio CPBV<\/td><td class=\"column-4\">s\/d<\/td><td class=\"column-5\">Junta de Gobierno 06\/10\/2021<\/td><td class=\"column-6\"><a href=\"https:\/\/www.bombersdv.es\/wp-content\/uploads\/2021\/10\/Certificado-2021_RHG_S359_00003-Copia-autentica1.pdf\" rel=\"noopener\" target=\"_blank\">Enlace<\/a><\/td>\n<\/tr>\n<tr class=\"row-10\">\n\t<td class=\"column-1\">2021\/RHG\/S359\/00003<\/td><td class=\"column-2\">Antonio Asturiano Alfonso<\/td><td class=\"column-3\">Cursos de formaci\u00f3n en el propio CPBV<\/td><td class=\"column-4\">s\/d<\/td><td class=\"column-5\">Junta de Gobierno 06\/10\/2021<\/td><td class=\"column-6\"><a href=\"https:\/\/www.bombersdv.es\/wp-content\/uploads\/2021\/10\/Certificado-2021_RHG_S359_00003-Copia-autentica1.pdf\" rel=\"noopener\" target=\"_blank\">Enlace<\/a><\/td>\n<\/tr>\n<tr class=\"row-11\">\n\t<td class=\"column-1\">2021\/RHG\/S359\/00003<\/td><td class=\"column-2\">Jose Vte Garcia Ostbye<\/td><td class=\"column-3\">Cursos de formaci\u00f3n en el propio CPBV<\/td><td class=\"column-4\">s\/d<\/td><td class=\"column-5\">Junta de Gobierno 06\/10\/2021<\/td><td class=\"column-6\"><a href=\"https:\/\/www.bombersdv.es\/wp-content\/uploads\/2021\/10\/Certificado-2021_RHG_S359_00003-Copia-autentica1.pdf\" rel=\"noopener\" target=\"_blank\">Enlace<\/a><\/td>\n<\/tr>\n<tr class=\"row-12\">\n\t<td class=\"column-1\">2022\/RHG\/S359\/00003<\/td><td class=\"column-2\">Enrique Latorre Hueso<\/td><td class=\"column-3\">Formador en la sociedad ACTESER, S.L<\/td><td class=\"column-4\">s\/d; 1 hora, excepcionalmente 1,5 horas semanales<\/td><td class=\"column-5\">Junta de Gobierno 13\/07\/2022<\/td><td class=\"column-6\"><a href=\"https:\/\/www.bombersdv.es\/wp-content\/uploads\/2022\/07\/Certificado-Acuerdo-Junta.pdf\" rel=\"noopener\" target=\"_blank\">Acuerdo<\/a><\/td>\n<\/tr>\n<tr class=\"row-13\">\n\t<td class=\"column-1\">2022\/RHG\/S359\/00012<br \/>\n<\/td><td class=\"column-2\">Omar Ramos Alcaide <br \/>\n<\/td><td class=\"column-3\">Acad\u00e8mia Clockwork<br \/>\n<\/td><td class=\"column-4\">Anual<br \/>\n<\/td><td class=\"column-5\">Junta de Gobierno 30\/11\/2022<br \/>\n<\/td><td class=\"column-6\"><a href=\"https:\/\/www.bombersdv.es\/wp-content\/uploads\/2023\/01\/Certificado-2022_RHG_S359_00012-Copia-autentica.pdf\" rel=\"noopener\" target=\"_blank\">Acuerdo<\/a><\/td>\n<\/tr>\n<tr class=\"row-14\">\n\t<td class=\"column-1\">2022\/RHG\/S359\/00012<br \/>\n<\/td><td class=\"column-2\">Jos\u00e9 Luis Pa\u00f1os Sena <br \/>\n<\/td><td class=\"column-3\">Acad\u00e8mia Clockwork<br \/>\n<\/td><td class=\"column-4\">Anual<br \/>\n<\/td><td class=\"column-5\">Junta de Gobierno 30\/11\/2022<br \/>\n<\/td><td class=\"column-6\"><a href=\"https:\/\/www.bombersdv.es\/wp-content\/uploads\/2023\/01\/Certificado-2022_RHG_S359_00012-Copia-autentica.pdf\" rel=\"noopener\" target=\"_blank\">Acuerdo<\/a><\/td>\n<\/tr>\n<\/tbody>\n<\/table>\n<!-- #tablepress-93 from cache -->\n","protected":false},"excerpt":{"rendered":"<p>Compatibilidades El personal del Consorcio que quiera ejercer una segunda actividad p\u00fablica, o una actividad privada, debe solicitar la autorizaci\u00f3n o el reconocimiento de la compatibilidad. Aqu\u00ed se encuentran publicadas las autorizaciones para el ejercicio de esta segunda actividad. (Actualizado en septiembre 2025)<\/p>\n","protected":false},"author":183,"featured_media":0,"parent":0,"menu_order":0,"comment_status":"closed","ping_status":"closed","template":"","meta":{"footnotes":""},"class_list":["post-59533","page","type-page","status-publish","hentry"],"_links":{"self":[{"href":"https:\/\/www.bombersdv.es\/es\/wp-json\/wp\/v2\/pages\/59533"}],"collection":[{"href":"https:\/\/www.bombersdv.es\/es\/wp-json\/wp\/v2\/pages"}],"about":[{"href":"https:\/\/www.bombersdv.es\/es\/wp-json\/wp\/v2\/types\/page"}],"author":[{"embeddable":true,"href":"https:\/\/www.bombersdv.es\/es\/wp-json\/wp\/v2\/users\/183"}],"replies":[{"embeddable":true,"href":"https:\/\/www.bombersdv.es\/es\/wp-json\/wp\/v2\/comments?post=59533"}],"version-history":[{"count":6,"href":"https:\/\/www.bombersdv.es\/es\/wp-json\/wp\/v2\/pages\/59533\/revisions"}],"predecessor-version":[{"id":74181,"href":"https:\/\/www.bombersdv.es\/es\/wp-json\/wp\/v2\/pages\/59533\/revisions\/74181"}],"wp:attachment":[{"href":"https:\/\/www.bombersdv.es\/es\/wp-json\/wp\/v2\/media?parent=59533"}],"curies":[{"name":"wp","href":"https:\/\/api.w.org\/{rel}","templated":true}]}}