{"id":59540,"date":"2022-07-12T23:57:21","date_gmt":"2022-07-12T21:57:21","guid":{"rendered":"https:\/\/www.bombersdv.es\/?page_id=59540"},"modified":"2025-09-04T12:50:31","modified_gmt":"2025-09-04T10:50:31","slug":"ofertas-de-empleo-publico","status":"publish","type":"page","link":"https:\/\/www.bombersdv.es\/es\/portal-de-transparencia\/ofertas-de-empleo-publico\/","title":{"rendered":"Ofertas de empleo p\u00fablico"},"content":{"rendered":"<p style=\"text-align: justify;\">Las Ofertas de Empleo P\u00fablico (OEP) contienen las previsiones de incorporaci\u00f3n de nuevos recursos humanos que tiene una Administraci\u00f3n p\u00fablica, en funci\u00f3n de sus necesidades y prioridades, as\u00ed como de su disponibilidad presupuestaria.<\/p>\n<p style=\"text-align: justify;\">Posteriormente se van publicando las convocatorias de los <a href=\"https:\/\/www.bombersdv.es\/es\/oposiciones\/\" target=\"_blank\" rel=\"noopener\">correspondientes procesos selectivos<\/a>.<\/p>\n<ul>\n<li><a href=\"https:\/\/www.bombersdv.es\/wp-content\/uploads\/2025\/09\/ope-2025-castellano.pdf\" target=\"_blank\" rel=\"noopener\">Oferta de empleo p\u00fablico 2025<\/a><\/li>\n<li><a href=\"https:\/\/www.bombersdv.es\/wp-content\/uploads\/2024\/07\/PUBLICACION-DOGV-oferta-empleo-pco-2024.pdf\" target=\"_blank\" rel=\"noopener\">Oferta de empleo p\u00fablico 2024<\/a>\n<ul>\n<li><a href=\"https:\/\/www.bombersdv.es\/wp-content\/uploads\/2024\/09\/Public-DOGV-RECTIF-ERROR-OEP-2024_es.pdf\" target=\"_blank\" rel=\"noopener\">Rectificaci\u00f3n<\/a><\/li>\n<\/ul>\n<\/li>\n<li><a href=\"https:\/\/www.bombersdv.es\/wp-content\/uploads\/2023\/06\/oep-2023-solo.pdf\" target=\"_blank\" rel=\"noopener\">Oferta de empleo p\u00fablico 2023<\/a>\n<ul>\n<li><a href=\"https:\/\/www.bombersdv.es\/wp-content\/uploads\/2024\/09\/Public-DOGV-RECTIF-ERROR-OEP-2023_es.pdf\" target=\"_blank\" rel=\"noopener\">Rectificaci\u00f3n<\/a><\/li>\n<\/ul>\n<\/li>\n<li><a href=\"https:\/\/www.bombersdv.es\/wp-content\/uploads\/2022\/12\/PUBLICACION-DOGV-OFERTA-EMPLEO-PUBLICO-2022-Copia-autentica-2.pdf\" target=\"_blank\" rel=\"noopener\">Oferta de empleo p\u00fablico 2022<\/a><\/li>\n<li><a href=\"https:\/\/www.bombersdv.es\/wp-content\/uploads\/2022\/05\/2021_11502.pdf\" target=\"_blank\" rel=\"noopener\">Oferta de empleo p\u00fablico 2021\u00a0<\/a><\/li>\n<\/ul>\n","protected":false},"excerpt":{"rendered":"<p>Las Ofertas de Empleo P\u00fablico (OEP) contienen las previsiones de incorporaci\u00f3n de nuevos recursos humanos que tiene una Administraci\u00f3n p\u00fablica, en funci\u00f3n de sus necesidades y prioridades, as\u00ed como de su disponibilidad presupuestaria. Posteriormente se van publicando las convocatorias de los correspondientes procesos selectivos. Oferta de empleo p\u00fablico 2025 Oferta de empleo p\u00fablico 2024 Rectificaci\u00f3n [&hellip;]<\/p>\n","protected":false},"author":183,"featured_media":0,"parent":15159,"menu_order":0,"comment_status":"closed","ping_status":"closed","template":"","meta":{"footnotes":""},"class_list":["post-59540","page","type-page","status-publish","hentry"],"_links":{"self":[{"href":"https:\/\/www.bombersdv.es\/es\/wp-json\/wp\/v2\/pages\/59540"}],"collection":[{"href":"https:\/\/www.bombersdv.es\/es\/wp-json\/wp\/v2\/pages"}],"about":[{"href":"https:\/\/www.bombersdv.es\/es\/wp-json\/wp\/v2\/types\/page"}],"author":[{"embeddable":true,"href":"https:\/\/www.bombersdv.es\/es\/wp-json\/wp\/v2\/users\/183"}],"replies":[{"embeddable":true,"href":"https:\/\/www.bombersdv.es\/es\/wp-json\/wp\/v2\/comments?post=59540"}],"version-history":[{"count":12,"href":"https:\/\/www.bombersdv.es\/es\/wp-json\/wp\/v2\/pages\/59540\/revisions"}],"predecessor-version":[{"id":74103,"href":"https:\/\/www.bombersdv.es\/es\/wp-json\/wp\/v2\/pages\/59540\/revisions\/74103"}],"up":[{"embeddable":true,"href":"https:\/\/www.bombersdv.es\/es\/wp-json\/wp\/v2\/pages\/15159"}],"wp:attachment":[{"href":"https:\/\/www.bombersdv.es\/es\/wp-json\/wp\/v2\/media?parent=59540"}],"curies":[{"name":"wp","href":"https:\/\/api.w.org\/{rel}","templated":true}]}}