{"id":59548,"date":"2022-07-13T00:08:08","date_gmt":"2022-07-12T22:08:08","guid":{"rendered":"https:\/\/www.bombersdv.es\/?page_id=59548"},"modified":"2026-02-02T11:30:29","modified_gmt":"2026-02-02T10:30:29","slug":"rpt-anos-anteriores","status":"publish","type":"page","link":"https:\/\/www.bombersdv.es\/es\/portal-de-transparencia\/organizacion-administrativa-y-personal-v2\/relacion-de-puestos-de-trabajo-2022\/rpt-anos-anteriores\/","title":{"rendered":"RPT A\u00d1OS ANTERIORES"},"content":{"rendered":"<ul>\n<li><strong>Modificaci\u00f3n<\/strong> (Asamblea General 28\/11\/2024)\n<ul>\n<li><a href=\"https:\/\/www.bombersdv.es\/wp-content\/uploads\/2024\/12\/Certificado-2024_RHG_S346_00002-Copia-autentica-1.pdf\" target=\"_blank\" rel=\"noopener\">Acuerdo Asamblea General 28 de noviembre de 2024<\/a><\/li>\n<li><a href=\"https:\/\/www.bombersdv.es\/wp-content\/uploads\/2024\/12\/resolucion-recurso-reposicion-plantilla-2024-modificacion-acuerdo-28-noviembre-2024.pdf\" target=\"_blank\" rel=\"noopener\">Resolucion recurso de reposicion (Acuerdo 28\/11\/2024)<\/a><\/li>\n<\/ul>\n<\/li>\n<\/ul>\n<p>Afecta a :<\/p>\n<p><a href=\"https:\/\/www.bombersdv.es\/wp-content\/uploads\/2025\/03\/sg-39-cas.pdf\" target=\"_blank\" rel=\"noopener\">&#8211; Creaci\u00f3n del puesto de trabajo de Jefe\/a de Servicios Generales (Puesto SG-39)<\/a><br \/>\n<a href=\"https:\/\/www.bombersdv.es\/wp-content\/uploads\/2025\/03\/sg-40-cas.pdf\" target=\"_blank\" rel=\"noopener\">&#8211; Creaci\u00f3n del puesto de trabajo de Jefe\/a de Secci\u00f3n de Infraestructuras (Puesto SG-40)<\/a><br \/>\n<a href=\"https:\/\/www.bombersdv.es\/wp-content\/uploads\/2025\/03\/sg-41-cas.pdf\" target=\"_blank\" rel=\"noopener\">&#8211; Creaci\u00f3n del puesto de trabajo de Mec\u00e1nico\/a-Conductor\/a (Puesto SG-41)<\/a><br \/>\n<a href=\"https:\/\/www.bombersdv.es\/wp-content\/uploads\/2025\/03\/sg-04-cas.pdf\" target=\"_blank\" rel=\"noopener\">&#8211; Modificaci\u00f3n del puesto de trabajo de T\u00e9cnico\/a Responsable de Secretar\u00eda General (Puesto SG-04)<\/a><br \/>\n<a href=\"https:\/\/www.bombersdv.es\/wp-content\/uploads\/2025\/03\/sg-06_1-cas.pdf\" target=\"_blank\" rel=\"noopener\">&#8211; Modificaci\u00f3n del puesto de trabajo de Jefe de Secci\u00f3n de los Servicios Generales Operativos (Puesto SG-06.1)<\/a><br \/>\n<a href=\"https:\/\/www.bombersdv.es\/wp-content\/uploads\/2025\/03\/sg-13-cas.pdf\" target=\"_blank\" rel=\"noopener\">&#8211; Modificaci\u00f3n del puesto de trabajo de T\u00e9cnico\/a de Gesti\u00f3n (Puesto SG-13)<\/a><br \/>\n<a href=\"https:\/\/www.bombersdv.es\/wp-content\/uploads\/2025\/03\/sg-21_1-cas.pdf\" target=\"_blank\" rel=\"noopener\">&#8211; Modificaci\u00f3n del puesto de Trabajo de Jefe\/a de Secci\u00f3n de Contrataci\u00f3n y Patrimonio. (Puesto SG-21)<\/a><br \/>\n<a href=\"https:\/\/www.bombersdv.es\/wp-content\/uploads\/2025\/03\/cb-09-cas.pdf\" target=\"_blank\" rel=\"noopener\">&#8211; Modificaci\u00f3n del puesto de trabajo de Inspector\/a Oficial Jefe de Formaci\u00f3n y Entrenamiento (Puesto CB-09).<\/a><\/p>\n<p><a href=\"https:\/\/www.bombersdv.es\/wp-content\/uploads\/2025\/03\/bop-19_02_2025-todo-rpt-definitivo.pdf\" target=\"_blank\" rel=\"noopener\"><strong><em><span style=\"color: #ff0000;\">BOP 34, de 19\/02\/2025<\/span><\/em><\/strong><\/a><\/p>\n<p><a href=\"https:\/\/www.bombersdv.es\/wp-content\/uploads\/2024\/12\/anuncio-rpt-dic-24-cas.pdf\" target=\"_blank\" rel=\"noopener\"><strong><span style=\"color: #ff0000;\"><em>BOP 239, de 12\/12\/2024<\/em><\/span><\/strong><\/a><\/p>\n<ul>\n<li><strong>Modificaci\u00f3n<\/strong> (Asamblea General 28\/11\/2023)\n<ul>\n<li><a href=\"https:\/\/www.bombersdv.es\/wp-content\/uploads\/2024\/12\/Certificado-Exp-2023_RHG_S346_00006-RPT-Copia-autentica-2.pdf\" target=\"_blank\" rel=\"noopener\">Acuerdo Asamblea 28\/11\/23<\/a>\n<ul>\n<li>Afecta a al incremento de 11 dotaciones de la Categor\u00eda de Bombero Conductor, Ficha de Clasificaci\u00f3n del Puesto <a href=\"https:\/\/www.bombersdv.es\/wp-content\/uploads\/2024\/12\/Ficha-puesto-CB31-Bombero_conductor-Copia-autentica-1.pdf\" target=\"_blank\" rel=\"noopener\">CB 31 Bombero\/a -Conductor\/a<\/a><\/li>\n<\/ul>\n<\/li>\n<\/ul>\n<\/li>\n<li><strong>Modificaci\u00f3n<\/strong> (<em>Asamblea General 29\/03\/2023 y 31\/05\/23<\/em>)\n<ul>\n<li><a href=\"https:\/\/www.bombersdv.es\/wp-content\/uploads\/2023\/07\/Certificado-2023_RHG_S346_00001-RPT-Copia-autentica-1.pdf\" target=\"_blank\" rel=\"noopener\">Acuerdo 29\/03\/23<\/a><\/li>\n<li><a href=\"https:\/\/www.bombersdv.es\/wp-content\/uploads\/2024\/12\/Certificado-2023_RHG_S346_00004-Copia-autentica.pdf\" target=\"_blank\" rel=\"noopener\">Acuerdo 31\/05\/23<\/a><\/li>\n<li><a href=\"https:\/\/www.bombersdv.es\/wp-content\/uploads\/2023\/07\/anuncio-bop-castellano.pdf\" target=\"_blank\" rel=\"noopener\"><strong><span style=\"color: #ff0000;\"><em>BOP 111, de 9\/06\/2023<\/em><\/span><\/strong><\/a>\n<ul>\n<li>Afecta a\n<ul>\n<li>1. Crear 1 puesto de trabajo de Jefatura de secci\u00f3n tecnolog\u00edas de la informaci\u00f3n y comunicaciones, subgrupo A1 (SG-33).<\/li>\n<li>2. Crear 1 puesto de trabajo de T\u00e9cnico\/a Responsable en Sistemas y Redes, subgrupo A2 (SG-36).<\/li>\n<li>3. Crear 1 puesto de trabajo de T\u00e9cnico\/a Responsable en desarrollo, subgrupo A2 (SG-37).<\/li>\n<li>4. Ampliar una dotaci\u00f3n del puesto de T\u00e9cnico en Prevenci\u00f3n de Riesgos Laborales, subgrupo A1\/A2 (SG-10).<\/li>\n<li>5. Crear 1 puesto de trabajo de T\u00e9cnico en Prevenci\u00f3n de Riesgos Profesionales, grupo B (SG-34).<\/li>\n<li>6. Ampliar dos dotaciones del puesto de T\u00e9cnico\/a de gesti\u00f3n (SG-31), subgrupo A2 adscritas a n\u00f3minas y formaci\u00f3n operativa<\/li>\n<li>7. Ampliar una dotaci\u00f3n del puesto de Administrativo\/a, subgrupo C1 (SG-25).<\/li>\n<li>8. Ampliar una dotaci\u00f3n del puesto de t\u00e9cnico\/a especialista de mantenimiento de comunicaciones, grupo B\/C1, (SG-23)<\/li>\n<li>9. Modificar una dotaci\u00f3n del puesto SG23 en un puesto de t\u00e9cnico\/a especialista responsable de mantenimiento de comunicaciones, grupo B (SG-35).<\/li>\n<li>10. Ampliar dos dotaciones del puesto de trabajo de T\u00e9cnico Forestal, subgrupo A2 (CB-18).<\/li>\n<li>11. Ampliar siete dotaciones del puesto de trabajo de Coordinador Forestal, grupo B (CB-20).<\/li>\n<li>12. Crear de 20 puestos de Brigadista Conductor\/a, subgrupo C2 (SG-38).<\/li>\n<li>13. Modificar 5 puestos de Inspector\/aOficial\/a de apoyo log\u00edstico (CB-03), prevenci\u00f3n operativa (CB-12), unidad forestal (CB-15), formaci\u00f3n y entrenamiento<br \/>\n(CB-09) y operaciones (CB-06), en 5 puestos de Jefaturas de Secci\u00f3n de apoyo log\u00edstico (CB-03.1), prevenci\u00f3n operativa (CB-12.1), unidad forestal (CB-15.1),<br \/>\nformaci\u00f3n y entrenamiento (CB-09.1) y operaciones (CB-06.1). Las nuevas retribuciones complementarias de estos puestos de trabajo desplegar\u00e1n sus efectos<br \/>\nuna vez hayan sido definidas las fichas y hayan finalizado los correspondientes procesos selectivos de promoci\u00f3n interna y provisi\u00f3n de puestos, declarando<br \/>\namortizados los vigentes puestos CB.03, CB-12, CB-15, CB-09 y CB-06.<\/li>\n<li>14. Modificar 3 puestos de responsable servicios generales operativos (SG-06), responsable unidad econ\u00f3mica (SG-14) y responsable unidad de contrataci\u00f3n (CB-21),<br \/>\nen 3 puestos de Jefaturas de Secci\u00f3n de servicios generales operativos (SG-06.1), \u00e1rea econ\u00f3mica (SG-14.1) y contrataci\u00f3n y patrimonio (SG-21.1). Las nuevas retribuciones complementarias de estos puestos de trabajo desplegar\u00e1n sus efectos una vez hayan finalizado los correspondientes procesos selectivos de promoci\u00f3n interna, declarando amortizados los vigentes puestos SG-06, SG-14 y SG-21.<\/li>\n<li>15. Reconversi\u00f3n del puesto SG-12 responsable de la tasa, a responsable de la unidad de formaci\u00f3n operativa y entrenamiento.<\/li>\n<li>16. Ampliar 13 dotaciones del puesto Bombero\/a-conductor\/a, subgrupo C1 (CB31).<\/li>\n<li>17. Ampliar 5 dotaciones del puesto de Operador\/a de Comunicaciones, subgrupo C1 (CB-24).<\/li>\n<li>18. Modificaci\u00f3n del complemento espec\u00edfico por la variaci\u00f3n en el n\u00famero de efectivos asignados a 21 puestos de trabajo, consecuencia de la subrogaci\u00f3n del personal de la extinta Divalterra.<\/li>\n<\/ul>\n<\/li>\n<\/ul>\n<\/li>\n<\/ul>\n<\/li>\n<li><strong>Modificaci\u00f3n<\/strong> (<em>Asamblea General 13\/07\/2022<\/em>) <a href=\"https:\/\/www.bombersdv.es\/es\/?page_id=65879&amp;preview=true\" target=\"_blank\" rel=\"noopener\">Ver enlace<\/a><\/li>\n<li><strong>Modificaci\u00f3n<\/strong> (<em>Asamblea General 08\/04\/2022<\/em>) de la plantilla de plazas y relaci\u00f3n de puestos de trabajo y fichas de clasificaci\u00f3n 2022.\n<ul>\n<li><a href=\"https:\/\/www.bombersdv.es\/wp-content\/uploads\/2022\/06\/anuncio-bop-castellano.pdf\" target=\"_blank\" rel=\"noopener\">Bolet\u00edn oficial de la provincia de Val\u00e8ncia n\u00ba\u00a0 104 de 01\/06\/2022<\/a><\/li>\n<li>Fichas modificadas\n<ul>\n<li><a href=\"https:\/\/www.bombersdv.es\/wp-content\/uploads\/2022\/05\/Ficha-Administrativo_a-Copia-autentica.pdf\" target=\"_blank\" rel=\"noopener\">Administrativo\/a<\/a><\/li>\n<li><a href=\"https:\/\/www.bombersdv.es\/wp-content\/uploads\/2022\/05\/Ficha-Bombero_a-castellano-Copia-autentica.pdf\" target=\"_blank\" rel=\"noopener\">Bombero\/a<\/a><\/li>\n<li><a href=\"https:\/\/www.bombersdv.es\/wp-content\/uploads\/2022\/05\/Ficha-Cabo-castellano-Copia-autentica.pdf\" target=\"_blank\" rel=\"noopener\">Cabo<\/a><\/li>\n<li><a href=\"https:\/\/www.bombersdv.es\/wp-content\/uploads\/2022\/05\/Ficha-Tec.-Informatico_a-castellano-Copia-autentica.pdf\" target=\"_blank\" rel=\"noopener\">T\u00e9cnico\/a inform\u00e1tico<\/a><\/li>\n<\/ul>\n<\/li>\n<\/ul>\n<\/li>\n<li><strong>Modificaci\u00f3n<\/strong> (<em>Asamblea General 23\/07\/2021<\/em>) de la plantilla de plazas y relaci\u00f3n de puestos de trabajo y fichas de clasificaci\u00f3n 2021.\n<ul>\n<li><a href=\"https:\/\/www.bombersdv.es\/wp-content\/uploads\/2021\/10\/Publicacio-BOP-aprobacio-definitiva-modificacio-de-la-Plantilla-de-places-i-Relacio-de-Llocs-de-treball-i-fitxes-de-classificacio-2021.-Copia-autentica.pdf\" target=\"_blank\" rel=\"noopener\">Anuncio BOP 190 de 30\/09\/2021 que incluye Plantilla y Relaci\u00f3n de puestos de trabajo actualizadas y fichas modificadas<\/a><\/li>\n<\/ul>\n<\/li>\n<li>RPT 2021(Febrero 2021): <a href=\"https:\/\/www.bombersdv.es\/wp-content\/uploads\/2021\/02\/plantilla-y-rpt-2021.pdf\" target=\"_blank\" rel=\"noopener\">Plantilla y RPT<\/a>\n<ul>\n<li><a href=\"https:\/\/www.bombersdv.es\/wp-content\/uploads\/2021\/02\/drvisapi.pdf\" target=\"_blank\" rel=\"noopener\">Aprobaci\u00f3n definitiva<\/a><\/li>\n<li>Fichas modificadas\n<ul>\n<li><a href=\"https:\/\/www.bombersdv.es\/wp-content\/uploads\/2021\/02\/ficha-modificadasg-04-castellano.pdf\" target=\"_blank\" rel=\"noopener\">SG 04<\/a><\/li>\n<li><a href=\"https:\/\/www.bombersdv.es\/wp-content\/uploads\/2021\/02\/Fichas-modificadas-SG22-castellano.pdf\" target=\"_blank\" rel=\"noopener\">SG 22<\/a><\/li>\n<\/ul>\n<\/li>\n<\/ul>\n<\/li>\n<li>RPT 2020: <a href=\"https:\/\/www.bombersdv.es\/wp-content\/uploads\/2020\/04\/rlt-2020.pdf\" target=\"_blank\" rel=\"noopener noreferrer\">Aprobaci\u00f3n de plantilla, relaci\u00f3n de puestos de trabajo y fichas de clasificaci\u00f3n<\/a><a class=\"txto\">.<\/a><\/li>\n<li>RPT 2019\n<ul>\n<li><a href=\"https:\/\/www.bombersdv.es\/wp-content\/uploads\/2019\/06\/CLG_A-G-2018-12-10-Cert-Plantilla-2019.pdf\" target=\"_blank\" rel=\"noopener noreferrer\">Acuerdo Asamblea<\/a><\/li>\n<li><a href=\"https:\/\/www.bombersdv.es\/wp-content\/uploads\/2019\/06\/CLG_RPT-2019-RECTIFICADA-Diligencia1.pdf\" target=\"_blank\" rel=\"noopener noreferrer\">RPT diligenciada de aprobaci\u00f3n<\/a><\/li>\n<li><a href=\"https:\/\/www.bombersdv.es\/wp-content\/uploads\/2019\/06\/Publicacion-Plantilla-RPT-2019-BOP-12-02-2019.pdf\" target=\"_blank\" rel=\"noopener noreferrer\">Anuncio BOP (1)\u00a0 incluyendo fichas modificadas y plantilla<\/a><\/li>\n<li><a href=\"https:\/\/www.bombersdv.es\/wp-content\/uploads\/2019\/06\/bop-rpt-2019.pdf\" target=\"_blank\" rel=\"noopener noreferrer\">Anuncio BOP (2) RPT<\/a><\/li>\n<\/ul>\n<\/li>\n<li><a href=\"https:\/\/www.bombersdv.es\/wp-content\/uploads\/sites\/6\/2018\/04\/document9.pdf\" target=\"_blank\" rel=\"noopener noreferrer\">RPT 2018: Actualizaci\u00f3n de fichas modificadas y RPT consolidada<\/a><\/li>\n<li><a href=\"https:\/\/www.bombersdv.es\/wp-content\/uploads\/sites\/6\/2018\/04\/document10.pdf\" target=\"_blank\" rel=\"noopener noreferrer\">RPT 2017: RPT, plantilla y fichas de clasificaci\u00f3n<\/a><\/li>\n<li><span style=\"color: #999999;\"><a style=\"color: #999999;\" href=\"http:\/\/www.bombersdv.es\/wp-content\/uploads\/sites\/6\/2016\/07\/RPT2015_3.pdf\" target=\"_blank\" rel=\"noopener noreferrer\">Relaci\u00f3n de Puestos de Trabajo 2016<\/a><\/span><\/li>\n<\/ul>\n","protected":false},"excerpt":{"rendered":"<p>Modificaci\u00f3n (Asamblea General 28\/11\/2024) Acuerdo Asamblea General 28 de noviembre de 2024 Resolucion recurso de reposicion (Acuerdo 28\/11\/2024) Afecta a : &#8211; Creaci\u00f3n del puesto de trabajo de Jefe\/a de Servicios Generales (Puesto SG-39) &#8211; Creaci\u00f3n del puesto de trabajo de Jefe\/a de Secci\u00f3n de Infraestructuras (Puesto SG-40) &#8211; Creaci\u00f3n del puesto de trabajo de [&hellip;]<\/p>\n","protected":false},"author":183,"featured_media":0,"parent":59047,"menu_order":0,"comment_status":"closed","ping_status":"closed","template":"","meta":{"footnotes":""},"class_list":["post-59548","page","type-page","status-publish","hentry"],"_links":{"self":[{"href":"https:\/\/www.bombersdv.es\/es\/wp-json\/wp\/v2\/pages\/59548"}],"collection":[{"href":"https:\/\/www.bombersdv.es\/es\/wp-json\/wp\/v2\/pages"}],"about":[{"href":"https:\/\/www.bombersdv.es\/es\/wp-json\/wp\/v2\/types\/page"}],"author":[{"embeddable":true,"href":"https:\/\/www.bombersdv.es\/es\/wp-json\/wp\/v2\/users\/183"}],"replies":[{"embeddable":true,"href":"https:\/\/www.bombersdv.es\/es\/wp-json\/wp\/v2\/comments?post=59548"}],"version-history":[{"count":11,"href":"https:\/\/www.bombersdv.es\/es\/wp-json\/wp\/v2\/pages\/59548\/revisions"}],"predecessor-version":[{"id":75471,"href":"https:\/\/www.bombersdv.es\/es\/wp-json\/wp\/v2\/pages\/59548\/revisions\/75471"}],"up":[{"embeddable":true,"href":"https:\/\/www.bombersdv.es\/es\/wp-json\/wp\/v2\/pages\/59047"}],"wp:attachment":[{"href":"https:\/\/www.bombersdv.es\/es\/wp-json\/wp\/v2\/media?parent=59548"}],"curies":[{"name":"wp","href":"https:\/\/api.w.org\/{rel}","templated":true}]}}