{"id":59575,"date":"2022-07-13T07:27:18","date_gmt":"2022-07-13T05:27:18","guid":{"rendered":"https:\/\/www.bombersdv.es\/?page_id=59575"},"modified":"2025-03-04T14:21:17","modified_gmt":"2025-03-04T13:21:17","slug":"personal-de-confianza-y-p-directivo","status":"publish","type":"page","link":"https:\/\/www.bombersdv.es\/es\/personal-de-confianza-y-p-directivo\/","title":{"rendered":"Personal de confianza y P. directivo"},"content":{"rendered":"<div class=\"fusion-fullwidth fullwidth-box fusion-builder-row-1 fusion-flex-container nonhundred-percent-fullwidth non-hundred-percent-height-scrolling\" style=\"--awb-border-radius-top-left:0px;--awb-border-radius-top-right:0px;--awb-border-radius-bottom-right:0px;--awb-border-radius-bottom-left:0px;--awb-flex-wrap:wrap;\" ><div class=\"fusion-builder-row fusion-row fusion-flex-align-items-flex-start fusion-flex-content-wrap\" style=\"max-width:1248px;margin-left: calc(-4% \/ 2 );margin-right: calc(-4% \/ 2 );\"><div class=\"fusion-layout-column fusion_builder_column fusion-builder-column-0 fusion_builder_column_1_4 1_4 fusion-flex-column\" style=\"--awb-bg-size:cover;--awb-width-large:25%;--awb-margin-top-large:0px;--awb-spacing-right-large:7.68%;--awb-margin-bottom-large:20px;--awb-spacing-left-large:7.68%;--awb-width-medium:100%;--awb-order-medium:0;--awb-spacing-right-medium:1.92%;--awb-spacing-left-medium:1.92%;--awb-width-small:100%;--awb-order-small:0;--awb-spacing-right-small:1.92%;--awb-spacing-left-small:1.92%;\"><div class=\"fusion-column-wrapper fusion-column-has-shadow fusion-flex-justify-content-flex-start fusion-content-layout-column\"><div class=\"fusion-text fusion-text-1\"><h3 style=\"text-align: center;\"><strong><span style=\"color: #ff0000;\">Personal de Confianza: Inexistencia<\/span><\/strong><\/h3>\n<\/div><div class=\"fusion-text fusion-text-2\"><p style=\"text-align: justify;\">De acuerdo con la modificaci\u00f3n introducida en por la Ley 27\/2013, de Racionalizaci\u00f3n y Sostenibilidad de las Administraciones Locales, este Consorcio no puede incluir en su plantilla puestos de trabajo cuya cobertura corresponda a personal eventual.<\/p>\n<\/div><\/div><\/div><div class=\"fusion-layout-column fusion_builder_column fusion-builder-column-1 fusion_builder_column_3_4 3_4 fusion-flex-column\" style=\"--awb-bg-size:cover;--awb-width-large:75%;--awb-margin-top-large:0px;--awb-spacing-right-large:2.56%;--awb-margin-bottom-large:20px;--awb-spacing-left-large:2.56%;--awb-width-medium:100%;--awb-order-medium:0;--awb-spacing-right-medium:1.92%;--awb-spacing-left-medium:1.92%;--awb-width-small:100%;--awb-order-small:0;--awb-spacing-right-small:1.92%;--awb-spacing-left-small:1.92%;\"><div class=\"fusion-column-wrapper fusion-column-has-shadow fusion-flex-justify-content-flex-start fusion-content-layout-column\"><div class=\"fusion-text fusion-text-3\"><h3 style=\"text-align: center;\"><span style=\"color: #ff0000;\"><strong>\u00d3rganos Directivos<\/strong><\/span><\/h3>\n<\/div><div class=\"accordian fusion-accordian\" style=\"--awb-border-size:1px;--awb-icon-size:13px;--awb-content-font-size:15px;--awb-icon-alignment:left;--awb-hover-color:#f9f9f9;--awb-border-color:#cccccc;--awb-background-color:#ffffff;--awb-divider-color:#e0dede;--awb-divider-hover-color:#e0dede;--awb-icon-color:#ffffff;--awb-title-color:#333333;--awb-content-color:#747474;--awb-icon-box-color:#333333;--awb-toggle-hover-accent-color:#d32f13;--awb-title-font-family:&quot;Raleway&quot;;--awb-title-font-weight:500;--awb-title-font-style:normal;--awb-title-font-size:20px;--awb-title-letter-spacing:0px;--awb-title-line-height:1.1;--awb-content-font-family:&quot;Raleway&quot;;--awb-content-font-style:normal;--awb-content-font-weight:500;\"><div class=\"panel-group fusion-toggle-icon-boxed\" id=\"accordion-59575-1\"><div class=\"fusion-panel panel-default panel-7fce973fb5f1f7b14 fusion-toggle-has-divider\"><div class=\"panel-heading\"><h4 class=\"panel-title toggle\" id=\"toggle_7fce973fb5f1f7b14\"><a aria-expanded=\"false\" aria-controls=\"7fce973fb5f1f7b14\" role=\"button\" data-toggle=\"collapse\" data-parent=\"#accordion-59575-1\" data-target=\"#7fce973fb5f1f7b14\" href=\"#7fce973fb5f1f7b14\"><span class=\"fusion-toggle-icon-wrapper\" aria-hidden=\"true\"><i class=\"fa-fusion-box active-icon awb-icon-minus\" aria-hidden=\"true\"><\/i><i class=\"fa-fusion-box inactive-icon awb-icon-plus\" aria-hidden=\"true\"><\/i><\/span><span class=\"fusion-toggle-heading\">Funciones de la Gerencia del Consorcio<\/span><\/a><\/h4><\/div><div id=\"7fce973fb5f1f7b14\" class=\"panel-collapse collapse \" aria-labelledby=\"toggle_7fce973fb5f1f7b14\"><div class=\"panel-body toggle-content fusion-clearfix\">\n<h4 class=\"fusion-responsive-typography-calculated\" style=\"text-align: justify;\" data-fontsize=\"20\" data-lineheight=\"22px\">Art\u00edculo 37 (Estatutos del Consorcio).-La persona titular de la gerencia y sus funciones<\/h4>\n<p style=\"text-align: justify;\">1.- El cargo de titular de la gerencia recaer\u00e1 en la persona designada por el Presidente o la Presidenta conforme a principios de m\u00e9rito y capacidad y a criterios de idoneidad profesional, a trav\u00e9s de un procedimiento que garantice la publicidad de la convocatoria y la concurrencia de candidatos. La persona titular de este \u00f3rgano de direcci\u00f3n deber\u00e1 ser un funcionario o una funcionaria de carrera o laboral de cualquiera de las Administraciones P\u00fablicas o un profesional del sector privado, titulados superiores en ambos casos y con m\u00e1s de cinco a\u00f1os de ejercicio profesional en el segundo.<br \/>\n2.- La relaci\u00f3n de servicios podr\u00e1 ser formalizada a trav\u00e9s de contrato mercantil o de alta direcci\u00f3n. La estructura de sus retribuciones se fijar\u00e1 de conformidad con lo que establezca la Diputaci\u00f3n de Valencia para los contratos mercantiles o de alta direcci\u00f3n de los entes de su sector publico local.<\/p>\n<p style=\"text-align: justify;\">Corresponder\u00e1 a la Presidencia del Consorcio fijar las retribuciones anuales de la persona titular de la gerencia, determinando las caracter\u00edsticas de los conceptos que la integran as\u00ed como su cuant\u00eda, sin excederse en computo anual los l\u00edmites establecidos por la Diputaci\u00f3n de Valencia para las entidades de su sector p\u00fablico.<\/p>\n<p style=\"text-align: justify;\">3.- Como personal directivo profesional desempe\u00f1ar\u00e1 las funciones de gesti\u00f3n, ejecuci\u00f3n y coordinaci\u00f3n de nivel superior, ajust\u00e1ndose a las directrices generales fijadas por los \u00f3rganos de gobierno del Consorcio, adoptando al efecto las decisiones oportunas y disponiendo para ello de un margen de autonom\u00eda dentro de esas directrices generales.<\/p>\n<p style=\"text-align: justify;\">4.- Con car\u00e1cter general corresponde a este cargo la direcci\u00f3n inmediata de los servicios del Consorcio en el orden econ\u00f3mico, administrativo y t\u00e9cnico, bajo la autoridad de la Asamblea General y de su Presidente o Presidenta. De modo espec\u00edfico tiene como cometidos los siguientes:<\/p>\n<ul style=\"text-align: justify;\">\n<li>\n<ul>\n<li>a) Velar por el cumplimiento de los acuerdo de los \u00f3rganos colegiados del Consorcio y de las resoluciones de la Presidencia.<\/li>\n<li>b) Asistir a las reuniones de la Asamblea General y de la Junta de Gobierno, con voz pero sin voto.<\/li>\n<li>c) Coordinar el desarrollo de las actividades del Consorcio de acuerdo a las directrices emanadas de los \u00f3rganos competentes del mismo.<\/li>\n<li>d) Supervisar el funcionamiento de las dependencias y personal a su cargo.<\/li>\n<li>e) Proponer e impulsar la adquisici\u00f3n de suministros y la contrataci\u00f3n de obras y servicios, necesarios para las actividades del Consorcio, respetando la normativa sobre contrataci\u00f3n, con los l\u00edmites y en las circunstancias que se fijen en las bases de presentar al Presidente o Presidenta.<\/li>\n<li>f) La elaboraci\u00f3n de proyectos o planes de actuaci\u00f3n y programas de necesidades del Consorcio.<\/li>\n<li>g) Asistencia t\u00e9cnica al Presidente o Presidenta y a los \u00f3rganos de gobierno.<\/li>\n<li>h) Elaborar el anteproyecto de Reglamento de R\u00e9gimen Interior del Servicio, as\u00ed como todos aquellos que sean necesarios para el buen funcionamiento del Consorcio.<\/li>\n<li>i) Preparaci\u00f3n de la memoria anual que deber\u00e1 presentar al Presidente o Presidenta.<\/li>\n<li>j) Elaborar el anteproyecto anual del presupuesto para entregarlo a la Presidencia.<\/li>\n<li>k) Proponer aquellos gastos y pagos que excedan sus atribuciones.<\/li>\n<li>l) Velar especialmente por el cumplimiento en plazo de los derechos del Consorcio, adoptando las medidas a su alcance para su exigencia y, en su caso, proponiendo a la Presidencia la adopci\u00f3n de aquellas otras medidas que puedan rebasar sus atribuciones.<\/li>\n<li>m) Informar los asuntos que deban tratarse en las sesiones de los \u00f3rganos de Gobierno referidos al servicio y sin perjuicio de las funciones que correspondan a los funcionarios y las funcionarias de habilitaci\u00f3n nacional.<\/li>\n<li>n) Proponer las medidas y reformas que estime convenientes para mejor cumplimiento de los fines del Consorcio.<\/li>\n<li>o) Las dem\u00e1s funciones de gesti\u00f3n ordinaria que los \u00d3rganos de Gobierno le confieran.<\/li>\n<\/ul>\n<\/li>\n<\/ul>\n<p style=\"text-align: justify;\">5.-Asimismo su desempe\u00f1o estar\u00e1 sometido a evaluaci\u00f3n, con arreglo a los criterios de eficacia y eficiencia, responsabilidad por la gesti\u00f3n y control de resultados, en relaci\u00f3n con los objetivos fijados por los \u00f3rganos de gobierno del Consorcio.<\/p>\n<p style=\"text-align: justify;\">8.-Le ser\u00e1 de aplicaci\u00f3n al cargo las limitaciones que para el ejercicio de actividades privadas establecen para los directivos locales los apartados 7 y 8 del art\u00edculo 75 de la Ley de Bases de R\u00e9gimen Local.<\/p>\n<\/div><\/div><\/div><div class=\"fusion-panel panel-default panel-4be1d25fca66a4cf8 fusion-toggle-has-divider\" style=\"--awb-title-color:#333333;\"><div class=\"panel-heading\"><h4 class=\"panel-title toggle\" id=\"toggle_4be1d25fca66a4cf8\"><a aria-expanded=\"false\" aria-controls=\"4be1d25fca66a4cf8\" role=\"button\" data-toggle=\"collapse\" data-parent=\"#accordion-59575-1\" data-target=\"#4be1d25fca66a4cf8\" href=\"#4be1d25fca66a4cf8\"><span class=\"fusion-toggle-icon-wrapper\" aria-hidden=\"true\"><i class=\"fa-fusion-box active-icon awb-icon-minus\" aria-hidden=\"true\"><\/i><i class=\"fa-fusion-box inactive-icon awb-icon-plus\" aria-hidden=\"true\"><\/i><\/span><span class=\"fusion-toggle-heading\">Datos y Perfil del Gerente del Consorcio<\/span><\/a><\/h4><\/div><div id=\"4be1d25fca66a4cf8\" class=\"panel-collapse collapse \" aria-labelledby=\"toggle_4be1d25fca66a4cf8\"><div class=\"panel-body toggle-content fusion-clearfix\">\n<p style=\"text-align: justify;\"><a href=\"https:\/\/www.bombersdv.es\/wp-content\/uploads\/2024\/12\/cv-gerencia.pdf\" target=\"_blank\" rel=\"noopener\">Experiencia profesional y datos acad\u00e9micos<\/a><\/p>\n<p><a href=\"https:\/\/www.bombersdv.es\/wp-content\/uploads\/2024\/12\/titulos-gerencia.pdf\" target=\"_blank\" rel=\"noopener\">T\u00edtulos<\/a><\/p>\n<\/div><\/div><\/div><div class=\"fusion-panel panel-default panel-cf5622d52dcd2e222 fusion-toggle-has-divider\" style=\"--awb-title-color:#333333;\"><div class=\"panel-heading\"><h4 class=\"panel-title toggle\" id=\"toggle_cf5622d52dcd2e222\"><a aria-expanded=\"false\" aria-controls=\"cf5622d52dcd2e222\" role=\"button\" data-toggle=\"collapse\" data-parent=\"#accordion-59575-1\" data-target=\"#cf5622d52dcd2e222\" href=\"#cf5622d52dcd2e222\"><span class=\"fusion-toggle-icon-wrapper\" aria-hidden=\"true\"><i class=\"fa-fusion-box active-icon awb-icon-minus\" aria-hidden=\"true\"><\/i><i class=\"fa-fusion-box inactive-icon awb-icon-plus\" aria-hidden=\"true\"><\/i><\/span><span class=\"fusion-toggle-heading\">Declaraci\u00f3n de actividades y bienes<\/span><\/a><\/h4><\/div><div id=\"cf5622d52dcd2e222\" class=\"panel-collapse collapse \" aria-labelledby=\"toggle_cf5622d52dcd2e222\"><div class=\"panel-body toggle-content fusion-clearfix\">\n<p><strong>Nombre y Apellidos:<\/strong> Marcial D\u00edaz Garrigues<\/p>\n<p><strong>Cargo p\u00fablico origen de la declaraci\u00f3n<\/strong>: Gerente Consorcio Provincial de Bomberos de Valencia<\/p>\n<p><strong>Motivo de la Declaraci\u00f3n<\/strong>: Contrataci\u00f3n<\/p>\n<ul>\n<li><strong>I Activo<\/strong>\n<ul>\n<li>Valor de bienes inmuebles: 43.792,09<\/li>\n<li>Valor Total de otros bienes: 21.000<\/li>\n<li>Total: 64.792,09<\/li>\n<\/ul>\n<\/li>\n<li><strong>II Pasivo\u00a0<\/strong>\n<ul>\n<li>Cr\u00e9ditos, pr\u00e9stamos, deudas: 0<\/li>\n<\/ul>\n<\/li>\n<li><strong>III Actividades\u00a0<\/strong>\n<ul>\n<li>Suma de ingresos netos percibidos en el ejercicio anterior (2023) : 52.200,04<\/li>\n<\/ul>\n<\/li>\n<\/ul>\n<p><a href=\"https:\/\/www.bombersdv.es\/wp-content\/uploads\/2025\/03\/2025_02054_ES.pdf\" target=\"_blank\" rel=\"noopener\">Publicaci\u00f3n BOP Val\u00e8ncia N\u00fam. 38 de 25\/02\/2025<\/a><\/p>\n<\/div><\/div><\/div><div class=\"fusion-panel panel-default panel-f4b332fc28811c07f fusion-toggle-has-divider\" style=\"--awb-title-color:#333333;\"><div class=\"panel-heading\"><h4 class=\"panel-title toggle\" id=\"toggle_f4b332fc28811c07f\"><a aria-expanded=\"false\" aria-controls=\"f4b332fc28811c07f\" role=\"button\" data-toggle=\"collapse\" data-parent=\"#accordion-59575-1\" data-target=\"#f4b332fc28811c07f\" href=\"#f4b332fc28811c07f\"><span class=\"fusion-toggle-icon-wrapper\" aria-hidden=\"true\"><i class=\"fa-fusion-box active-icon awb-icon-minus\" aria-hidden=\"true\"><\/i><i class=\"fa-fusion-box inactive-icon awb-icon-plus\" aria-hidden=\"true\"><\/i><\/span><span class=\"fusion-toggle-heading\">Agenda<\/span><\/a><\/h4><\/div><div id=\"f4b332fc28811c07f\" class=\"panel-collapse collapse \" aria-labelledby=\"toggle_f4b332fc28811c07f\"><div class=\"panel-body toggle-content fusion-clearfix\">\n<p><span style=\"color: #ff6600;\"><strong>21 de enero de 2025<\/strong><\/span><\/p>\n<p style=\"padding-left: 40px;\"><strong>Mesa de Negociaci\u00f3n de materias comunes del CPBV<\/strong><\/p>\n<p style=\"padding-left: 80px;\">1.- Negociaci\u00f3n del acuerdo de condiciones de trabajo del personal empleado p\u00fablico del Consorcio Provincial de Bomberos de Valencia: Continuaci\u00f3n de la negociaci\u00f3n.<br \/>\n2.- Condiciones laborales del personal subrogado adscrito a las Brigadas Forestales: Continuaci\u00f3n de la negociaci\u00f3n.<\/p>\n<p style=\"padding-left: 120px;\">Calendario reuniones:<br \/>\n\u2022 21 y 23 de enero.<br \/>\n\u2022 5, 6, 19 y 20 de febrero.<br \/>\n\u2022 5 y 6 de marzo.<\/p>\n<p><span style=\"color: #ff6600;\"><strong>15-17 de enero\u00a0 de 2025<\/strong><\/span><\/p>\n<p style=\"padding-left: 40px;\">Asistencia en C\u00f3rdoba a la <strong>XX\u00aa ASAMBLEA DE LA ASOCIACI\u00d3N DE CONSORCIOS Y SERVICIOS DE BOMBEROS DE ESPA\u00d1A (Conb\u00e9)<\/strong>.<\/p>\n<p style=\"padding-left: 40px;\">En compa\u00f1\u00eda del Presidente Delegado del Consorcio (16-17\/01\/2025),\u00a0 del Jefe del Servicio de Recursos Humanos y del Inspector Jefe del Cuerpo de Bomberos .<\/p>\n<p style=\"padding-left: 40px;\"><a href=\"https:\/\/conbe.org\/\" target=\"_blank\" rel=\"noopener\">CONB\u00c9 es la Asociaci\u00f3n de las Administraciones P\u00fablicas que, gestionan la prestaci\u00f3n de los servicios de prevenci\u00f3n, extinci\u00f3n de incendios y salvamentos\u00a0 (SEPEIS) en el territorio nacional<\/a>.<\/p>\n<p style=\"padding-left: 80px;\"><a href=\"https:\/\/www.bombersdv.es\/wp-content\/uploads\/2025\/01\/Mesa-Trabajo-Asamblea-Cordoba-160125.pdf\" target=\"_blank\" rel=\"noopener\">Enlace Orden del D\u00eda de la Mesa de Trabajo<\/a><\/p>\n<p style=\"padding-left: 80px;\"><a href=\"https:\/\/www.bombersdv.es\/wp-content\/uploads\/2025\/01\/Orden-dia-XXAsamblea-de-Cordoba_anonimizado.pdf\" target=\"_blank\" rel=\"noopener\">Enlace Orden del Dia de la Asamblea General<\/a><\/p>\n<\/div><\/div><\/div><div class=\"fusion-panel panel-default panel-343efd01e3fa94ffd fusion-toggle-has-divider\" style=\"--awb-title-color:#333333;\"><div class=\"panel-heading\"><h4 class=\"panel-title toggle\" id=\"toggle_343efd01e3fa94ffd\"><a aria-expanded=\"false\" aria-controls=\"343efd01e3fa94ffd\" role=\"button\" data-toggle=\"collapse\" data-parent=\"#accordion-59575-1\" data-target=\"#343efd01e3fa94ffd\" href=\"#343efd01e3fa94ffd\"><span class=\"fusion-toggle-icon-wrapper\" aria-hidden=\"true\"><i class=\"fa-fusion-box active-icon awb-icon-minus\" aria-hidden=\"true\"><\/i><i class=\"fa-fusion-box inactive-icon awb-icon-plus\" aria-hidden=\"true\"><\/i><\/span><span class=\"fusion-toggle-heading\">Obsequios recibidos<\/span><\/a><\/h4><\/div><div id=\"343efd01e3fa94ffd\" class=\"panel-collapse collapse \" aria-labelledby=\"toggle_343efd01e3fa94ffd\"><div class=\"panel-body toggle-content fusion-clearfix\"><\/div><\/div><\/div><\/div><\/div><\/div><\/div><\/div><\/div>\n","protected":false},"excerpt":{"rendered":"","protected":false},"author":183,"featured_media":0,"parent":0,"menu_order":0,"comment_status":"closed","ping_status":"closed","template":"","meta":{"footnotes":""},"class_list":["post-59575","page","type-page","status-publish","hentry"],"_links":{"self":[{"href":"https:\/\/www.bombersdv.es\/es\/wp-json\/wp\/v2\/pages\/59575"}],"collection":[{"href":"https:\/\/www.bombersdv.es\/es\/wp-json\/wp\/v2\/pages"}],"about":[{"href":"https:\/\/www.bombersdv.es\/es\/wp-json\/wp\/v2\/types\/page"}],"author":[{"embeddable":true,"href":"https:\/\/www.bombersdv.es\/es\/wp-json\/wp\/v2\/users\/183"}],"replies":[{"embeddable":true,"href":"https:\/\/www.bombersdv.es\/es\/wp-json\/wp\/v2\/comments?post=59575"}],"version-history":[{"count":29,"href":"https:\/\/www.bombersdv.es\/es\/wp-json\/wp\/v2\/pages\/59575\/revisions"}],"predecessor-version":[{"id":72487,"href":"https:\/\/www.bombersdv.es\/es\/wp-json\/wp\/v2\/pages\/59575\/revisions\/72487"}],"wp:attachment":[{"href":"https:\/\/www.bombersdv.es\/es\/wp-json\/wp\/v2\/media?parent=59575"}],"curies":[{"name":"wp","href":"https:\/\/api.w.org\/{rel}","templated":true}]}}