{"id":59775,"date":"2022-07-28T10:26:52","date_gmt":"2022-07-28T08:26:52","guid":{"rendered":"https:\/\/www.bombersdv.es\/?page_id=59775"},"modified":"2022-12-02T11:42:59","modified_gmt":"2022-12-02T10:42:59","slug":"2022-concurso-de-traslados-8a-edicion-bombero-cp001","status":"publish","type":"page","link":"https:\/\/www.bombersdv.es\/es\/oposiciones\/procesos-finalizados\/2022-concurso-de-traslados-8a-edicion-bombero-cp001\/","title":{"rendered":"2022 Concurso de Traslados 8\u00aa edici\u00f3n BOMBERO\/CP001"},"content":{"rendered":"<div class=\"fusion-fullwidth fullwidth-box fusion-builder-row-1 nonhundred-percent-fullwidth non-hundred-percent-height-scrolling\" style=\"--awb-background-position:left top;--awb-border-radius-top-left:0px;--awb-border-radius-top-right:0px;--awb-border-radius-bottom-right:0px;--awb-border-radius-bottom-left:0px;--awb-padding-top:20px;--awb-padding-bottom:20px;--awb-border-sizes-top:0px;--awb-border-sizes-bottom:0px;--awb-flex-wrap:wrap;\" ><div class=\"fusion-builder-row fusion-row\"><div class=\"fusion-layout-column fusion_builder_column fusion-builder-column-0 fusion_builder_column_1_1 1_1 fusion-one-full fusion-column-first fusion-column-last fusion-column-no-min-height\" style=\"--awb-bg-size:cover;--awb-margin-bottom:0px;\"><div class=\"fusion-column-wrapper fusion-flex-column-wrapper-legacy\"><div class=\"fusion-title title fusion-title-1 fusion-sep-none fusion-title-text fusion-title-size-two\"><h2 class=\"fusion-title-heading title-heading-left fusion-responsive-typography-calculated\" style=\"margin:0;--fontSize:34;line-height:1.09;\">2022 Concurso de Traslados 8\u00aa edici\u00f3n BOMBERO\/CP001<\/h2><\/div><div class=\"fusion-text fusion-text-1\"><div class=\"table-2\">\n<p>&nbsp;<\/p>\n<table style=\"width: 99.2748%;\" width=\"100%\">\n<thead>\n<tr style=\"height: 24px;\">\n<th style=\"width: 68.2379%; height: 24px;\">Tramite<\/th>\n<th style=\"width: 7.1066%; height: 24px;\">Fecha<\/th>\n<th style=\"width: 23.9304%; height: 24px;\">Documento(s)<\/th>\n<\/tr>\n<\/thead>\n<tbody>\n<tr style=\"height: 24px;\">\n<td style=\"width: 68.2379%; height: 24px;\">Bases BOP<\/td>\n<td style=\"width: 7.1066%; height: 24px;\">28\/07\/2022<\/td>\n<td style=\"width: 23.9304%; height: 24px;\"><a href=\"https:\/\/www.bombersdv.es\/wp-content\/uploads\/2020\/08\/BOMBERO-_CP001_-ED2019_BASES.pdf\">Anuncio BOP<\/a><\/td>\n<\/tr>\n<tr style=\"height: 24px;\">\n<td style=\"width: 68.2379%; height: 24px;\">Modificaci\u00f3n Base Segunda convocatoria permanente concurso traslados puestos de Bombero, Cabo y Sargento<\/td>\n<td style=\"width: 7.1066%; height: 24px;\">28\/07\/2022<\/td>\n<td style=\"width: 23.9304%; height: 24px;\"><a href=\"https:\/\/www.bombersdv.es\/wp-content\/uploads\/2020\/07\/BOMBERO-CP001-MODIFICACION-BASES.pdf\" target=\"_blank\" rel=\"noopener noreferrer\">Anuncio BOP<\/a><\/td>\n<\/tr>\n<tr>\n<td style=\"width: 68.2379%;\">\n<p><span style=\"color: #000000;\">Anuncio convocatoria, vacantes y candidatos que no han obtenido destino en edici\u00f3n anterior<\/span><\/p>\n<p><span style=\"color: #ce181e;\">Plazo presentaci\u00f3n de instancias desde el 1 de septiembre al 14 de septiembre de 2022<\/span><\/td>\n<td style=\"width: 7.1066%;\">09\/08\/2022<\/td>\n<td style=\"width: 23.9304%;\"><a href=\"https:\/\/www.bombersdv.es\/wp-content\/uploads\/2022\/08\/2022_CT-BOMBEROS-anuncio-vacantes-9-de-agosto-de-2022.pdf\" target=\"_blank\" rel=\"noopener\">Anuncio RRHH<\/a><\/td>\n<\/tr>\n<tr>\n<td style=\"width: 68.2379%;\">\n<p>Instancia<\/p>\n<p><span style=\"color: #000000;\">\u00a0<\/span><\/td>\n<td style=\"width: 7.1066%;\">31\/08\/2022<\/td>\n<td style=\"width: 23.9304%;\"><a href=\"https:\/\/www.bombersdv.es\/wp-content\/uploads\/2022\/08\/2021-CT-CP001-SOL-ADMISION-BOMBEROS-castellano-ok-1.pdf\" target=\"_blank\" rel=\"noopener\">Instancia<\/a><\/td>\n<\/tr>\n<tr>\n<td style=\"width: 68.2379%;\">Autobaremaci\u00f3n<\/td>\n<td style=\"width: 7.1066%;\">31\/08\/2022<\/td>\n<td style=\"width: 23.9304%;\"><a href=\"https:\/\/www.bombersdv.es\/wp-content\/uploads\/2022\/08\/2021-CT-CP001-AUTOBAREMACION-BOMBERO-castellano-ok-1.pdf\" target=\"_blank\" rel=\"noopener\">Autobaremaci\u00f3n<\/a><\/td>\n<\/tr>\n<tr>\n<td style=\"width: 68.2379%;\">Lista Definitiva admitidos al Concurso de Traslados de Bomberos 8a edici\u00f3n y nombramiento miembros de la comisi\u00f3n.<\/td>\n<td style=\"width: 7.1066%;\">26\/09\/2023<\/td>\n<td style=\"width: 23.9304%;\"><a href=\"https:\/\/www.bombersdv.es\/wp-content\/uploads\/2022\/09\/Envio-GESTION-lista-CT-bombero.pdf\" target=\"_blank\" rel=\"noopener\">Anuncio<\/a><\/td>\n<\/tr>\n<tr>\n<td style=\"width: 68.2379%;\">Anuncio Comisi\u00f3n de Valoraci\u00f3n: Puntuaciones definitivas y propuesta de adjudicaci\u00f3n destinos definitivos<\/td>\n<td style=\"width: 7.1066%;\">04\/11\/2022<\/td>\n<td style=\"width: 23.9304%;\">\n<p><a href=\"https:\/\/www.bombersdv.es\/wp-content\/uploads\/2022\/11\/Criterios-valoracion-Copia-autentica.pdf\" target=\"_blank\" rel=\"noopener\">Criterios valoraci\u00f3n cursos<\/a><\/p>\n<p><a href=\"https:\/\/www.bombersdv.es\/wp-content\/uploads\/2022\/11\/Anuncio-Copia-autentica-1.pdf\" target=\"_blank\" rel=\"noopener\">Anuncio<\/a><\/p>\n<p><a href=\"https:\/\/www.bombersdv.es\/wp-content\/uploads\/2022\/11\/Anuncio-Copia-autentica.pdf\" target=\"_blank\" rel=\"noopener\">Anexo<\/a><\/td>\n<\/tr>\n<tr>\n<td style=\"width: 68.2379%;\">Anuncio Comisi\u00f3n de Valoraci\u00f3n: Puntuaciones definitivas y propuesta de adjudicaci\u00f3n destinos definitivos<\/td>\n<td style=\"width: 7.1066%;\">16\/11\/2022<\/td>\n<td style=\"width: 23.9304%;\">\n<p><a href=\"https:\/\/www.bombersdv.es\/wp-content\/uploads\/2022\/11\/Anuncio-Copia-autentica-2.pdf\" target=\"_blank\" rel=\"noopener\">Anuncio<\/a><\/p>\n<p><a href=\"https:\/\/www.bombersdv.es\/wp-content\/uploads\/2022\/11\/Anexo-I-Copia-autentica.pdf\" target=\"_blank\" rel=\"noopener\">Anexo I<\/a><\/td>\n<\/tr>\n<tr>\n<td style=\"width: 68.2379%;\">Por Decreto de la Presidencia num 1278, de 21\/11\/2022 , se procede a adjudicar el destino Definitivo, con efectos del 01\/01\/2023, de los concursantes de la\u00a0 8\u00aa edici\u00f3n del Concurso de traslado de Bombero.<\/td>\n<td style=\"width: 7.1066%;\"><\/td>\n<td style=\"width: 23.9304%;\"><\/td>\n<\/tr>\n<\/tbody>\n<\/table>\n<\/div>\n<\/div><div class=\"fusion-clearfix\"><\/div><\/div><\/div><\/div><\/div>\n","protected":false},"excerpt":{"rendered":"","protected":false},"author":192,"featured_media":0,"parent":15127,"menu_order":0,"comment_status":"closed","ping_status":"closed","template":"","meta":{"footnotes":""},"class_list":["post-59775","page","type-page","status-publish","hentry"],"_links":{"self":[{"href":"https:\/\/www.bombersdv.es\/es\/wp-json\/wp\/v2\/pages\/59775"}],"collection":[{"href":"https:\/\/www.bombersdv.es\/es\/wp-json\/wp\/v2\/pages"}],"about":[{"href":"https:\/\/www.bombersdv.es\/es\/wp-json\/wp\/v2\/types\/page"}],"author":[{"embeddable":true,"href":"https:\/\/www.bombersdv.es\/es\/wp-json\/wp\/v2\/users\/192"}],"replies":[{"embeddable":true,"href":"https:\/\/www.bombersdv.es\/es\/wp-json\/wp\/v2\/comments?post=59775"}],"version-history":[{"count":11,"href":"https:\/\/www.bombersdv.es\/es\/wp-json\/wp\/v2\/pages\/59775\/revisions"}],"predecessor-version":[{"id":62293,"href":"https:\/\/www.bombersdv.es\/es\/wp-json\/wp\/v2\/pages\/59775\/revisions\/62293"}],"up":[{"embeddable":true,"href":"https:\/\/www.bombersdv.es\/es\/wp-json\/wp\/v2\/pages\/15127"}],"wp:attachment":[{"href":"https:\/\/www.bombersdv.es\/es\/wp-json\/wp\/v2\/media?parent=59775"}],"curies":[{"name":"wp","href":"https:\/\/api.w.org\/{rel}","templated":true}]}}