{"id":60000,"date":"2022-09-13T09:23:59","date_gmt":"2022-09-13T07:23:59","guid":{"rendered":"https:\/\/www.bombersdv.es\/?page_id=60000"},"modified":"2025-01-14T14:01:43","modified_gmt":"2025-01-14T13:01:43","slug":"viajes-de-la-presidencia-fuera-de-la-comunitat-valenciana-2022","status":"publish","type":"page","link":"https:\/\/www.bombersdv.es\/es\/portal-de-transparencia\/cargos-electos-y-organos-de-gobierno\/viajes-de-la-presidencia-fuera-de-la-comunitat-valenciana-2022\/","title":{"rendered":"VIAJES DE LA PRESIDENCIA FUERA DE LA COMUNITAT VALENCIANA (2023\/2024)"},"content":{"rendered":"<p><span style=\"color: #ff6600;\"><strong>16-17 de enero\u00a0 de 2025:\u00a0<\/strong><\/span><\/p>\n<p style=\"padding-left: 40px;\">Asistencia en C\u00f3rdoba a la <strong>XX\u00aa ASAMBLEA DE LA ASOCIACI\u00d3N DE CONSORCIOS Y SERVICIOS DE BOMBEROS DE ESPA\u00d1A (Conb\u00e9)<\/strong>.<\/p>\n<p style=\"padding-left: 40px;\">En compa\u00f1\u00eda del Gerente del Consorcio, del Jefe del Servicio de Recursos Humanos y del Inspector Jefe del Cuerpo de Bomberos .<\/p>\n<p style=\"padding-left: 40px;\"><a href=\"https:\/\/conbe.org\/\" target=\"_blank\" rel=\"noopener\">CONB\u00c9 es la Asociaci\u00f3n de las Administraciones P\u00fablicas que, gestionan la prestaci\u00f3n de los servicios de prevenci\u00f3n, extinci\u00f3n de incendios y salvamentos\u00a0 (SEPEIS) en el territorio nacional<\/a>.<\/p>\n<p style=\"padding-left: 80px;\"><a href=\"https:\/\/www.bombersdv.es\/wp-content\/uploads\/2025\/01\/Orden-dia-XXAsamblea-de-Cordoba_anonimizado.pdf\" target=\"_blank\" rel=\"noopener\">Enlace Orden del Dia de la Asamblea General<\/a><\/p>\n<p><strong>23\/01\/2024:<\/strong> Desplazamiento a la\u00a0 empresa Agr\u00edcola Castellana (Valladolid) distribuidora de la marca TATRA\u00a0 para la visita de sus instalaciones y flota de veh\u00edculos para su\u00a0 estudio en relaci\u00f3n con las necesidades de veh\u00edculos del Consorcio.<\/p>\n<p>Se desplaza una delegaci\u00f3n del Consorcio compuesta por su Presidente-Delegado; el Inspector Jefe del Cuerpo de Bomberos; el Jefe de Apoyo Log\u00edstico y otro miembro del cuerpo de bomberos. (4 personas).<\/p>\n<p>Los gastos ocasionados por toda la delegaci\u00f3n responden al siguiente resumen:<\/p>\n<ul>\n<li>Desplazamiento (ferrocarril) : 538,45 \u20ac<\/li>\n<li>Taxi: 56 \u20ac<\/li>\n<li>Manutenci\u00f3n: 184,36 \u20ac<\/li>\n<\/ul>\n<p><strong>21\/10\/2023<\/strong>: Asistencia a la clausura del mundial de excarcelaci\u00f3n y trauma de Lanzarote en el que el Consorcio participa con \u00a0dos equipos de excarcelaci\u00f3n y dos de trauma.<\/p>\n<p style=\"padding-left: 40px;\">Mas informaci\u00f3n: <a href=\"https:\/\/www.bombersdv.es\/es\/el-consorcio-de-valencia-participa-en-el-mundial-de-excarcelacion-y-trauma-de-lanzarote\/\" target=\"_blank\" rel=\"noopener\">Enlace<\/a><\/p>\n<p>&nbsp;<\/p>\n<p>&nbsp;<\/p>\n<p>&nbsp;<\/p>\n","protected":false},"excerpt":{"rendered":"<p>16-17 de enero\u00a0 de 2025:\u00a0 Asistencia en C\u00f3rdoba a la XX\u00aa ASAMBLEA DE LA ASOCIACI\u00d3N DE CONSORCIOS Y SERVICIOS DE BOMBEROS DE ESPA\u00d1A (Conb\u00e9). En compa\u00f1\u00eda del Gerente del Consorcio, del Jefe del Servicio de Recursos Humanos y del Inspector Jefe del Cuerpo de Bomberos . CONB\u00c9 es la Asociaci\u00f3n de las Administraciones P\u00fablicas que, [&hellip;]<\/p>\n","protected":false},"author":183,"featured_media":0,"parent":15162,"menu_order":0,"comment_status":"closed","ping_status":"closed","template":"","meta":{"footnotes":""},"class_list":["post-60000","page","type-page","status-publish","hentry"],"_links":{"self":[{"href":"https:\/\/www.bombersdv.es\/es\/wp-json\/wp\/v2\/pages\/60000"}],"collection":[{"href":"https:\/\/www.bombersdv.es\/es\/wp-json\/wp\/v2\/pages"}],"about":[{"href":"https:\/\/www.bombersdv.es\/es\/wp-json\/wp\/v2\/types\/page"}],"author":[{"embeddable":true,"href":"https:\/\/www.bombersdv.es\/es\/wp-json\/wp\/v2\/users\/183"}],"replies":[{"embeddable":true,"href":"https:\/\/www.bombersdv.es\/es\/wp-json\/wp\/v2\/comments?post=60000"}],"version-history":[{"count":15,"href":"https:\/\/www.bombersdv.es\/es\/wp-json\/wp\/v2\/pages\/60000\/revisions"}],"predecessor-version":[{"id":71977,"href":"https:\/\/www.bombersdv.es\/es\/wp-json\/wp\/v2\/pages\/60000\/revisions\/71977"}],"up":[{"embeddable":true,"href":"https:\/\/www.bombersdv.es\/es\/wp-json\/wp\/v2\/pages\/15162"}],"wp:attachment":[{"href":"https:\/\/www.bombersdv.es\/es\/wp-json\/wp\/v2\/media?parent=60000"}],"curies":[{"name":"wp","href":"https:\/\/api.w.org\/{rel}","templated":true}]}}