{"id":61130,"date":"2022-10-24T16:58:57","date_gmt":"2022-10-24T14:58:57","guid":{"rendered":"https:\/\/www.bombersdv.es\/?page_id=61130"},"modified":"2024-06-13T13:24:18","modified_gmt":"2024-06-13T11:24:18","slug":"2016-op001-49-plazas-de-bombero-conductor-ejecucion-sentencia-n-444-2020-de-3-09-2020-del-juzgado-de-lo-contenciosa-administrativo-n-o-10-de-valencia","status":"publish","type":"page","link":"https:\/\/www.bombersdv.es\/es\/oposiciones\/procesos-finalizados\/2016-op001-49-plazas-de-bombero-conductor-ejecucion-sentencia-n-444-2020-de-3-09-2020-del-juzgado-de-lo-contenciosa-administrativo-n-o-10-de-valencia\/","title":{"rendered":"2016\/OP001: 49 Plazas de bombero-conductor. Ejecuci\u00f3n sentencia n\u00b0 444\/2020 de 3\/09\/2020 del Juzgado de lo Contenciosa Administrativo n.\u00ba 10 de Valencia."},"content":{"rendered":"<div class=\"fusion-fullwidth fullwidth-box fusion-builder-row-1 nonhundred-percent-fullwidth non-hundred-percent-height-scrolling\" style=\"--awb-background-position:left top;--awb-border-radius-top-left:0px;--awb-border-radius-top-right:0px;--awb-border-radius-bottom-right:0px;--awb-border-radius-bottom-left:0px;--awb-padding-top:20px;--awb-padding-bottom:20px;--awb-border-sizes-top:0px;--awb-border-sizes-bottom:0px;--awb-flex-wrap:wrap;\" ><div class=\"fusion-builder-row fusion-row\"><div class=\"fusion-layout-column fusion_builder_column fusion-builder-column-0 fusion_builder_column_1_1 1_1 fusion-one-full fusion-column-first fusion-column-last fusion-column-no-min-height\" style=\"--awb-bg-size:cover;--awb-margin-bottom:0px;\"><div class=\"fusion-column-wrapper fusion-flex-column-wrapper-legacy\"><div class=\"fusion-title title fusion-title-1 fusion-sep-none fusion-title-text fusion-title-size-two\"><h2 class=\"fusion-title-heading title-heading-left fusion-responsive-typography-calculated\" style=\"margin:0;--fontSize:34;line-height:1.09;\">2016\/OP001: 49 plazas de bombero-conductor. Ejecuci\u00f3n sentencia n\u00b0 444\/2020 de 3\/09\/2020 del Juzgado de lo Contenciosa Administrativo n.\u00ba 10 de Valencia.<\/h2><\/div><div class=\"fusion-text fusion-text-1\"><div class=\"table-2\">\n<table width=\"100%\">\n<thead>\n<tr>\n<th>Tr\u00e1mite<\/th>\n<th>Fecha<\/th>\n<th>Documento(s)<\/th>\n<\/tr>\n<\/thead>\n<tbody>\n<tr>\n<td>Bases<\/td>\n<td>13\/10\/2016<\/td>\n<td style=\"text-align: center;\"><a href=\"https:\/\/www.bombersdv.es\/wp-content\/uploads\/2018\/04\/Rectificaci\u00f3n-bases-Bombero.pdf\" target=\"_blank\" rel=\"noopener noreferrer\">Rectificaci\u00f3n<\/a><\/td>\n<\/tr>\n<tr>\n<td>Texto definitivo de las bases<\/td>\n<td>13\/10\/2016<\/td>\n<td style=\"text-align: center;\">\n<p><a href=\"https:\/\/www.bombersdv.es\/wp-content\/uploads\/2018\/04\/Bases-rectificadas-castellano.pdf\" target=\"_blank\" rel=\"noopener noreferrer\">Bases definitivas<\/a><\/p>\n<p><a href=\"https:\/\/www.bombersdv.es\/wp-content\/uploads\/2018\/04\/Anexo-III-castellano.pdf\" target=\"_blank\" rel=\"noopener noreferrer\">Anexo III<\/a><\/p>\n<p><a href=\"https:\/\/www.bombersdv.es\/wp-content\/uploads\/2018\/04\/Anexo-VII-castellano.pdf\" target=\"_blank\" rel=\"noopener noreferrer\">Anexo VII<\/a><\/p>\n<p><a href=\"https:\/\/www.bombersdv.es\/wp-content\/uploads\/2018\/04\/Anexo-VIII-castellano.pdf\" target=\"_blank\" rel=\"noopener noreferrer\">Anexo VIII<\/a><\/td>\n<\/tr>\n<tr>\n<td><strong><span style=\"color: #800000;\"> Ejecuci\u00f3n sentencia n\u00b0 444\/2020 de 3\/09\/2020 del Juzgado de lo Contenciosa Administrativo n.\u00ba 10 de Valencia. <\/span><br \/>\n<\/strong><\/td>\n<td><\/td>\n<td style=\"text-align: center;\"><\/td>\n<\/tr>\n<tr>\n<td>Anuncio del \u00d3rgano T\u00e9cnico de Selecci\u00f3n sobre la baremaci\u00f3n de los m\u00e9ritos del demandante. Resoluci\u00f3n Definitiva Concurso y Propuesta del aspirate curso IVASPE<\/td>\n<td>24\/10\/2022<\/td>\n<td style=\"text-align: center;\"><a href=\"https:\/\/www.bombersdv.es\/wp-content\/uploads\/2022\/10\/20221024_Publicacion_Anuncio-concurso-y-orden-aprobados-tras-ejecucion-sentencia.pdf\" target=\"_blank\" rel=\"noopener noreferrer\">Anuncio<\/a><a href=\"https:\/\/www.bombersdv.es\/wp-content\/uploads\/2022\/10\/20221024_Publicacion_Anexo-1-Orden-por-nota-aprobados-fase-oposicion-fase-concurso-tras-ejecucion-sentencia.pdf\" target=\"_blank\" rel=\"noopener noreferrer\">Anexo I Resoluci\u00f3n Definitiva Concurso <\/a><\/td>\n<\/tr>\n<tr>\n<td>Anuncio de Recursos Humanos &#8211; Apertura plazo para presentaci\u00f3n cursos, en referencia al m\u00f3dulo IVASPE proceso 2016\/OP001<\/td>\n<td>26\/10\/2022<\/td>\n<td style=\"text-align: center;\"><a href=\"https:\/\/www.bombersdv.es\/wp-content\/uploads\/2022\/10\/Envio-CESAR-BOU-MARTI-Copia-autentica.pdf\" target=\"_blank\" rel=\"noopener noreferrer\">Anuncio RRHH<\/a><\/td>\n<\/tr>\n<tr>\n<td>Anuncio del \u00d3rgano T\u00e9cnico de Selecci\u00f3n sobre la Relaci\u00f3n definitiva de aprobado y Presentaci\u00f3n de documentaci\u00f3n<\/td>\n<td>22\/04\/2024<\/td>\n<td style=\"text-align: center;\">\n<p><a href=\"https:\/\/www.bombersdv.es\/wp-content\/uploads\/2024\/04\/Anuncio-OTS-2016-OP001-22-abril-2024_signed.pdf\" target=\"_blank\" rel=\"noopener\">Anuncio<\/a><\/p>\n<p><a href=\"https:\/\/www.bombersdv.es\/wp-content\/uploads\/2024\/04\/Resolucion-IVASPE-2024-ocultos-datos-personales.pdf\" target=\"_blank\" rel=\"noopener\">Anexo<\/a><\/td>\n<\/tr>\n<tr>\n<td>Anuncio del Servicio de Recursos Humanos sobre las vacantes ofertadas<\/td>\n<td>22\/04\/2024<\/td>\n<td style=\"text-align: center;\"><a href=\"https:\/\/www.bombersdv.es\/wp-content\/uploads\/2024\/04\/2018_OP001_Anuncio-RRHH-vacantes-para-nomb-FC-1.pdf-Copia-autentica-1.pdf\" target=\"_blank\" rel=\"noopener\">Anuncio RRHH<\/a><\/td>\n<\/tr>\n<tr>\n<td>Instancia aportaci\u00f3n requisitos y solicitud de Destino. Turno Libre<\/td>\n<td>22\/04\/2024<\/td>\n<td style=\"text-align: center;\"><a href=\"https:\/\/www.bombersdv.es\/wp-content\/uploads\/2024\/04\/Instancia-Solicitud-Destino-y-requisitos-Turno-lIBRE.pdf\" target=\"_blank\" rel=\"noopener\">Anuncio RRHH<\/a><\/td>\n<\/tr>\n<tr>\n<td>Publicaci\u00f3n BOP nombramiento funcionario de carrera<\/td>\n<td>03\/06\/2024<\/td>\n<td style=\"text-align: center;\"><a href=\"https:\/\/www.bombersdv.es\/wp-content\/uploads\/2024\/06\/2016_OP001-NOMB-FUNC-CARRERA-SENTENCIA_ES.pdf\" target=\"_blank\" rel=\"noopener\">Publicaci\u00f3n BOP<\/a><\/td>\n<\/tr>\n<\/tbody>\n<\/table>\n<\/div>\n<\/div><div class=\"fusion-clearfix\"><\/div><\/div><\/div><\/div><\/div>\n","protected":false},"excerpt":{"rendered":"","protected":false},"author":192,"featured_media":0,"parent":15127,"menu_order":0,"comment_status":"closed","ping_status":"closed","template":"","meta":{"footnotes":""},"class_list":["post-61130","page","type-page","status-publish","hentry"],"_links":{"self":[{"href":"https:\/\/www.bombersdv.es\/es\/wp-json\/wp\/v2\/pages\/61130"}],"collection":[{"href":"https:\/\/www.bombersdv.es\/es\/wp-json\/wp\/v2\/pages"}],"about":[{"href":"https:\/\/www.bombersdv.es\/es\/wp-json\/wp\/v2\/types\/page"}],"author":[{"embeddable":true,"href":"https:\/\/www.bombersdv.es\/es\/wp-json\/wp\/v2\/users\/192"}],"replies":[{"embeddable":true,"href":"https:\/\/www.bombersdv.es\/es\/wp-json\/wp\/v2\/comments?post=61130"}],"version-history":[{"count":14,"href":"https:\/\/www.bombersdv.es\/es\/wp-json\/wp\/v2\/pages\/61130\/revisions"}],"predecessor-version":[{"id":69443,"href":"https:\/\/www.bombersdv.es\/es\/wp-json\/wp\/v2\/pages\/61130\/revisions\/69443"}],"up":[{"embeddable":true,"href":"https:\/\/www.bombersdv.es\/es\/wp-json\/wp\/v2\/pages\/15127"}],"wp:attachment":[{"href":"https:\/\/www.bombersdv.es\/es\/wp-json\/wp\/v2\/media?parent=61130"}],"curies":[{"name":"wp","href":"https:\/\/api.w.org\/{rel}","templated":true}]}}