{"id":61189,"date":"2022-10-26T09:05:51","date_gmt":"2022-10-26T07:05:51","guid":{"rendered":"https:\/\/www.bombersdv.es\/?page_id=61189"},"modified":"2022-10-26T09:53:47","modified_gmt":"2022-10-26T07:53:47","slug":"urec","status":"publish","type":"page","link":"https:\/\/www.bombersdv.es\/es\/areas-operativas\/urec\/urec\/","title":{"rendered":"UREC Desarrollo"},"content":{"rendered":"<div class=\"fusion-fullwidth fullwidth-box fusion-builder-row-1 nonhundred-percent-fullwidth non-hundred-percent-height-scrolling\" style=\"--awb-border-radius-top-left:0px;--awb-border-radius-top-right:0px;--awb-border-radius-bottom-right:0px;--awb-border-radius-bottom-left:0px;--awb-flex-wrap:wrap;\" ><div class=\"fusion-builder-row fusion-row\"><div class=\"fusion-layout-column fusion_builder_column fusion-builder-column-0 fusion_builder_column_1_1 1_1 fusion-one-full fusion-column-first fusion-column-last\" style=\"--awb-bg-size:cover;\"><div class=\"fusion-column-wrapper fusion-flex-column-wrapper-legacy\"><div class=\"fusion-text fusion-text-1\"><p style=\"text-align: justify;\">Creada a finales del 2014 tras un proceso de desarrollo de grupos especiales, el Consorcio realiz\u00f3 un proceso selectivo entre el personal operativo del cuerpo de bomberos. Despu\u00e9s de un periodo de implantaci\u00f3n y formaci\u00f3n de la Unidad, el 1 de enero del 2018 se aprueban las Instrucciones de funcionamiento Interno.<\/p>\n<p style=\"text-align: justify;\">Actualmente la Unidad la componen 30 especialistas. Un equipo humano altamente preparado y que actualiza sus conocimientos continuamente a trav\u00e9s de la formaci\u00f3n m\u00e1s especializada.<\/p>\n<p style=\"text-align: justify;\">Su misi\u00f3n principal es el rescate urbano en estructuras colapsadas y la estabilizaci\u00f3n de estructuras inestables mediante apuntalamientos de urgencia. Se enmarcan en su \u00e1mbito de intervenci\u00f3n situaciones como los derrumbes, los corrimientos de tierra o grandes cat\u00e1strofes como terremotos.<\/p>\n<p style=\"text-align: justify;\">El \u00e1mbito de actuaci\u00f3n se circunscribe a la provincia de Valencia , asimismo, se podr\u00e1 activar para hacer frente a todas aquellas emergencias de r\u00e9gimen auton\u00f3mico o nacional que sean autorizadas por la Direcci\u00f3n Operativa y ratificadas por la Presidencia-Delegada.<\/p>\n<p style=\"text-align: justify;\">En el caso de la la colaboraci\u00f3n dentro o fuera del territorio nacional, adem\u00e1s de ser autorizadas por la direcci\u00f3n del Consorcio, estas situaciones se regir\u00e1n por las<br \/>\nnormas internacionales marcadas al respecto como equipo USAR. ( B\u00fasqueda y Salvamento Urbano)<\/p>\n<\/div><div class=\"fusion-clearfix\"><\/div><\/div><\/div><div class=\"fusion-layout-column fusion_builder_column fusion-builder-column-1 fusion_builder_column_1_1 1_1 fusion-one-full fusion-column-first fusion-column-last\" style=\"--awb-bg-size:cover;\"><div class=\"fusion-column-wrapper fusion-flex-column-wrapper-legacy\"><div class=\"fusion-image-carousel fusion-image-carousel-fixed fusion-image-carousel-1 lightbox-enabled fusion-carousel-border\"><div class=\"awb-carousel awb-swiper awb-swiper-carousel\" data-autoplay=\"no\" data-columns=\"5\" data-itemmargin=\"13\" data-itemwidth=\"180\" data-touchscroll=\"no\" data-imagesize=\"fixed\"><div class=\"swiper-wrapper awb-image-carousel-wrapper fusion-flex-align-items-center\"><div class=\"swiper-slide\"><div class=\"fusion-carousel-item-wrapper\"><div class=\"fusion-image-wrapper hover-type-none\"><a data-rel=\"iLightbox[image_carousel_1]\" data-title=\"urec_galeria1\" aria-label=\"urec_galeria1\" href=\"https:\/\/www.bombersdv.es\/wp-content\/uploads\/2022\/10\/urec_galeria1.jpg\" target=\"_self\"><img decoding=\"async\" width=\"320\" height=\"202\" src=\"https:\/\/www.bombersdv.es\/wp-content\/uploads\/2022\/10\/urec_galeria1-320x202.jpg\" class=\"attachment-blog-medium size-blog-medium\" alt=\"\" \/><\/a><\/div><\/div><\/div><div class=\"swiper-slide\"><div class=\"fusion-carousel-item-wrapper\"><div class=\"fusion-image-wrapper hover-type-none\"><a data-rel=\"iLightbox[image_carousel_1]\" data-title=\"IMG20220628211328_01\" aria-label=\"IMG20220628211328_01\" href=\"https:\/\/www.bombersdv.es\/wp-content\/uploads\/2022\/10\/IMG20220628211328_01.jpg\" target=\"_self\"><img decoding=\"async\" width=\"320\" height=\"202\" src=\"https:\/\/www.bombersdv.es\/wp-content\/uploads\/2022\/10\/IMG20220628211328_01-320x202.jpg\" class=\"attachment-blog-medium size-blog-medium\" alt=\"\" \/><\/a><\/div><\/div><\/div><div class=\"swiper-slide\"><div class=\"fusion-carousel-item-wrapper\"><div class=\"fusion-image-wrapper hover-type-none\"><a data-rel=\"iLightbox[image_carousel_1]\" data-title=\"IMG20220628210335\" aria-label=\"IMG20220628210335\" href=\"https:\/\/www.bombersdv.es\/wp-content\/uploads\/2022\/10\/IMG20220628210335.jpg\" target=\"_self\"><img decoding=\"async\" width=\"320\" height=\"202\" src=\"https:\/\/www.bombersdv.es\/wp-content\/uploads\/2022\/10\/IMG20220628210335-320x202.jpg\" class=\"attachment-blog-medium size-blog-medium\" alt=\"\" \/><\/a><\/div><\/div><\/div><div class=\"swiper-slide\"><div class=\"fusion-carousel-item-wrapper\"><div class=\"fusion-image-wrapper hover-type-none\"><a data-rel=\"iLightbox[image_carousel_1]\" data-title=\"IMG20220624193546_01\" aria-label=\"IMG20220624193546_01\" href=\"https:\/\/www.bombersdv.es\/wp-content\/uploads\/2022\/10\/IMG20220624193546_01.jpg\" target=\"_self\"><img decoding=\"async\" width=\"320\" height=\"202\" src=\"https:\/\/www.bombersdv.es\/wp-content\/uploads\/2022\/10\/IMG20220624193546_01-320x202.jpg\" class=\"attachment-blog-medium size-blog-medium\" alt=\"\" \/><\/a><\/div><\/div><\/div><div class=\"swiper-slide\"><div class=\"fusion-carousel-item-wrapper\"><div class=\"fusion-image-wrapper hover-type-none\"><a data-rel=\"iLightbox[image_carousel_1]\" data-title=\"IMG20220624193038_01\" aria-label=\"IMG20220624193038_01\" href=\"https:\/\/www.bombersdv.es\/wp-content\/uploads\/2022\/10\/IMG20220624193038_01.jpg\" target=\"_self\"><img decoding=\"async\" width=\"320\" height=\"202\" src=\"https:\/\/www.bombersdv.es\/wp-content\/uploads\/2022\/10\/IMG20220624193038_01-320x202.jpg\" class=\"attachment-blog-medium size-blog-medium\" alt=\"\" \/><\/a><\/div><\/div><\/div><div class=\"swiper-slide\"><div class=\"fusion-carousel-item-wrapper\"><div class=\"fusion-image-wrapper hover-type-none\"><a data-rel=\"iLightbox[image_carousel_1]\" data-title=\"IMG20220513215614\" aria-label=\"IMG20220513215614\" href=\"https:\/\/www.bombersdv.es\/wp-content\/uploads\/2022\/10\/IMG20220513215614.jpg\" target=\"_self\"><img decoding=\"async\" width=\"320\" height=\"202\" src=\"https:\/\/www.bombersdv.es\/wp-content\/uploads\/2022\/10\/IMG20220513215614-320x202.jpg\" class=\"attachment-blog-medium size-blog-medium\" alt=\"\" \/><\/a><\/div><\/div><\/div><div class=\"swiper-slide\"><div class=\"fusion-carousel-item-wrapper\"><div class=\"fusion-image-wrapper hover-type-none\"><a data-rel=\"iLightbox[image_carousel_1]\" data-title=\"IMG20220513215403\" aria-label=\"IMG20220513215403\" href=\"https:\/\/www.bombersdv.es\/wp-content\/uploads\/2022\/10\/IMG20220513215403.jpg\" target=\"_self\"><img decoding=\"async\" width=\"320\" height=\"202\" src=\"https:\/\/www.bombersdv.es\/wp-content\/uploads\/2022\/10\/IMG20220513215403-320x202.jpg\" class=\"attachment-blog-medium size-blog-medium\" alt=\"\" \/><\/a><\/div><\/div><\/div><div class=\"swiper-slide\"><div class=\"fusion-carousel-item-wrapper\"><div class=\"fusion-image-wrapper hover-type-none\"><a data-rel=\"iLightbox[image_carousel_1]\" data-title=\"IMG20220513212124\" aria-label=\"IMG20220513212124\" href=\"https:\/\/www.bombersdv.es\/wp-content\/uploads\/2022\/10\/IMG20220513212124.jpg\" target=\"_self\"><img decoding=\"async\" width=\"320\" height=\"202\" src=\"https:\/\/www.bombersdv.es\/wp-content\/uploads\/2022\/10\/IMG20220513212124-320x202.jpg\" class=\"attachment-blog-medium size-blog-medium\" alt=\"\" \/><\/a><\/div><\/div><\/div><div class=\"swiper-slide\"><div class=\"fusion-carousel-item-wrapper\"><div class=\"fusion-image-wrapper hover-type-none\"><a data-rel=\"iLightbox[image_carousel_1]\" data-title=\"IMG20220429145736_01\" aria-label=\"IMG20220429145736_01\" href=\"https:\/\/www.bombersdv.es\/wp-content\/uploads\/2022\/10\/IMG20220429145736_01.jpg\" target=\"_self\"><img decoding=\"async\" width=\"320\" height=\"202\" src=\"https:\/\/www.bombersdv.es\/wp-content\/uploads\/2022\/10\/IMG20220429145736_01-320x202.jpg\" class=\"attachment-blog-medium size-blog-medium\" alt=\"\" \/><\/a><\/div><\/div><\/div><div class=\"swiper-slide\"><div class=\"fusion-carousel-item-wrapper\"><div class=\"fusion-image-wrapper hover-type-none\"><a data-rel=\"iLightbox[image_carousel_1]\" data-title=\"IMG20220429145008\" aria-label=\"IMG20220429145008\" href=\"https:\/\/www.bombersdv.es\/wp-content\/uploads\/2022\/10\/IMG20220429145008.jpg\" target=\"_self\"><img decoding=\"async\" width=\"320\" height=\"202\" src=\"https:\/\/www.bombersdv.es\/wp-content\/uploads\/2022\/10\/IMG20220429145008-320x202.jpg\" class=\"attachment-blog-medium size-blog-medium\" alt=\"\" \/><\/a><\/div><\/div><\/div><div class=\"swiper-slide\"><div class=\"fusion-carousel-item-wrapper\"><div class=\"fusion-image-wrapper hover-type-none\"><a data-rel=\"iLightbox[image_carousel_1]\" data-title=\"IMG-20211007-WA0025\" aria-label=\"IMG-20211007-WA0025\" href=\"https:\/\/www.bombersdv.es\/wp-content\/uploads\/2022\/10\/IMG-20211007-WA0025.jpg\" target=\"_self\"><img decoding=\"async\" width=\"320\" height=\"202\" src=\"https:\/\/www.bombersdv.es\/wp-content\/uploads\/2022\/10\/IMG-20211007-WA0025-320x202.jpg\" class=\"attachment-blog-medium size-blog-medium\" alt=\"\" \/><\/a><\/div><\/div><\/div><div class=\"swiper-slide\"><div class=\"fusion-carousel-item-wrapper\"><div class=\"fusion-image-wrapper hover-type-none\"><a data-rel=\"iLightbox[image_carousel_1]\" data-title=\"IMG-20211007-WA0013\" aria-label=\"IMG-20211007-WA0013\" href=\"https:\/\/www.bombersdv.es\/wp-content\/uploads\/2022\/10\/IMG-20211007-WA0013.jpg\" target=\"_self\"><img decoding=\"async\" width=\"320\" height=\"202\" src=\"https:\/\/www.bombersdv.es\/wp-content\/uploads\/2022\/10\/IMG-20211007-WA0013-320x202.jpg\" class=\"attachment-blog-medium size-blog-medium\" alt=\"\" \/><\/a><\/div><\/div><\/div><div class=\"swiper-slide\"><div class=\"fusion-carousel-item-wrapper\"><div class=\"fusion-image-wrapper hover-type-none\"><a data-rel=\"iLightbox[image_carousel_1]\" data-title=\"IMG-20211007-WA0011\" aria-label=\"IMG-20211007-WA0011\" href=\"https:\/\/www.bombersdv.es\/wp-content\/uploads\/2022\/10\/IMG-20211007-WA0011.jpg\" target=\"_self\"><img decoding=\"async\" width=\"320\" height=\"202\" src=\"https:\/\/www.bombersdv.es\/wp-content\/uploads\/2022\/10\/IMG-20211007-WA0011-320x202.jpg\" class=\"attachment-blog-medium size-blog-medium\" alt=\"\" \/><\/a><\/div><\/div><\/div><div class=\"swiper-slide\"><div class=\"fusion-carousel-item-wrapper\"><div class=\"fusion-image-wrapper hover-type-none\"><a data-rel=\"iLightbox[image_carousel_1]\" data-title=\"IMG-20211007-WA0007\" aria-label=\"IMG-20211007-WA0007\" href=\"https:\/\/www.bombersdv.es\/wp-content\/uploads\/2022\/10\/IMG-20211007-WA0007.jpg\" target=\"_self\"><img decoding=\"async\" width=\"320\" height=\"202\" src=\"https:\/\/www.bombersdv.es\/wp-content\/uploads\/2022\/10\/IMG-20211007-WA0007-320x202.jpg\" class=\"attachment-blog-medium size-blog-medium\" alt=\"\" \/><\/a><\/div><\/div><\/div><div class=\"swiper-slide\"><div class=\"fusion-carousel-item-wrapper\"><div class=\"fusion-image-wrapper hover-type-none\"><a data-rel=\"iLightbox[image_carousel_1]\" data-title=\"IMG_20210826_092843\" aria-label=\"IMG_20210826_092843\" href=\"https:\/\/www.bombersdv.es\/wp-content\/uploads\/2022\/10\/IMG_20210826_092843.jpg\" target=\"_self\"><img decoding=\"async\" width=\"320\" height=\"202\" src=\"https:\/\/www.bombersdv.es\/wp-content\/uploads\/2022\/10\/IMG_20210826_092843-320x202.jpg\" class=\"attachment-blog-medium size-blog-medium\" alt=\"\" \/><\/a><\/div><\/div><\/div><div class=\"swiper-slide\"><div class=\"fusion-carousel-item-wrapper\"><div class=\"fusion-image-wrapper hover-type-none\"><a data-rel=\"iLightbox[image_carousel_1]\" data-title=\"IMG_20210826_092409\" aria-label=\"IMG_20210826_092409\" href=\"https:\/\/www.bombersdv.es\/wp-content\/uploads\/2022\/10\/IMG_20210826_092409.jpg\" target=\"_self\"><img decoding=\"async\" width=\"320\" height=\"202\" src=\"https:\/\/www.bombersdv.es\/wp-content\/uploads\/2022\/10\/IMG_20210826_092409-320x202.jpg\" class=\"attachment-blog-medium size-blog-medium\" alt=\"\" \/><\/a><\/div><\/div><\/div><div class=\"swiper-slide\"><div class=\"fusion-carousel-item-wrapper\"><div class=\"fusion-image-wrapper hover-type-none\"><a data-rel=\"iLightbox[image_carousel_1]\" data-title=\"IMG_20210826_034833\" aria-label=\"IMG_20210826_034833\" href=\"https:\/\/www.bombersdv.es\/wp-content\/uploads\/2022\/10\/IMG_20210826_034833.jpg\" target=\"_self\"><img decoding=\"async\" width=\"320\" height=\"202\" src=\"https:\/\/www.bombersdv.es\/wp-content\/uploads\/2022\/10\/IMG_20210826_034833-320x202.jpg\" class=\"attachment-blog-medium size-blog-medium\" alt=\"\" \/><\/a><\/div><\/div><\/div><div class=\"swiper-slide\"><div class=\"fusion-carousel-item-wrapper\"><div class=\"fusion-image-wrapper hover-type-none\"><a data-rel=\"iLightbox[image_carousel_1]\" data-title=\"IMG_20201223_170901\" aria-label=\"IMG_20201223_170901\" href=\"https:\/\/www.bombersdv.es\/wp-content\/uploads\/2022\/10\/IMG_20201223_170901.jpg\" target=\"_self\"><img decoding=\"async\" width=\"320\" height=\"202\" src=\"https:\/\/www.bombersdv.es\/wp-content\/uploads\/2022\/10\/IMG_20201223_170901-320x202.jpg\" class=\"attachment-blog-medium size-blog-medium\" alt=\"\" \/><\/a><\/div><\/div><\/div><div class=\"swiper-slide\"><div class=\"fusion-carousel-item-wrapper\"><div class=\"fusion-image-wrapper hover-type-none\"><a data-rel=\"iLightbox[image_carousel_1]\" data-title=\"IMG_20201223_163717\" aria-label=\"IMG_20201223_163717\" href=\"https:\/\/www.bombersdv.es\/wp-content\/uploads\/2022\/10\/IMG_20201223_163717.jpg\" target=\"_self\"><img decoding=\"async\" width=\"320\" height=\"202\" src=\"https:\/\/www.bombersdv.es\/wp-content\/uploads\/2022\/10\/IMG_20201223_163717-320x202.jpg\" class=\"attachment-blog-medium size-blog-medium\" alt=\"\" \/><\/a><\/div><\/div><\/div><\/div><div class=\"awb-swiper-button awb-swiper-button-prev\"><i class=\"awb-icon-angle-left\" aria-hidden=\"true\"><\/i><\/div><div class=\"awb-swiper-button awb-swiper-button-next\"><i class=\"awb-icon-angle-right\" aria-hidden=\"true\"><\/i><\/div><\/div><\/div><div class=\"fusion-clearfix\"><\/div><\/div><\/div><\/div><\/div>\n","protected":false},"excerpt":{"rendered":"","protected":false},"author":183,"featured_media":0,"parent":60865,"menu_order":0,"comment_status":"closed","ping_status":"closed","template":"","meta":{"footnotes":""},"class_list":["post-61189","page","type-page","status-publish","hentry"],"_links":{"self":[{"href":"https:\/\/www.bombersdv.es\/es\/wp-json\/wp\/v2\/pages\/61189"}],"collection":[{"href":"https:\/\/www.bombersdv.es\/es\/wp-json\/wp\/v2\/pages"}],"about":[{"href":"https:\/\/www.bombersdv.es\/es\/wp-json\/wp\/v2\/types\/page"}],"author":[{"embeddable":true,"href":"https:\/\/www.bombersdv.es\/es\/wp-json\/wp\/v2\/users\/183"}],"replies":[{"embeddable":true,"href":"https:\/\/www.bombersdv.es\/es\/wp-json\/wp\/v2\/comments?post=61189"}],"version-history":[{"count":7,"href":"https:\/\/www.bombersdv.es\/es\/wp-json\/wp\/v2\/pages\/61189\/revisions"}],"predecessor-version":[{"id":61216,"href":"https:\/\/www.bombersdv.es\/es\/wp-json\/wp\/v2\/pages\/61189\/revisions\/61216"}],"up":[{"embeddable":true,"href":"https:\/\/www.bombersdv.es\/es\/wp-json\/wp\/v2\/pages\/60865"}],"wp:attachment":[{"href":"https:\/\/www.bombersdv.es\/es\/wp-json\/wp\/v2\/media?parent=61189"}],"curies":[{"name":"wp","href":"https:\/\/api.w.org\/{rel}","templated":true}]}}