{"id":61369,"date":"2022-10-31T12:07:38","date_gmt":"2022-10-31T11:07:38","guid":{"rendered":"https:\/\/www.bombersdv.es\/?page_id=61369"},"modified":"2022-10-31T12:07:38","modified_gmt":"2022-10-31T11:07:38","slug":"contratos-ejercicio-corriente","status":"publish","type":"page","link":"https:\/\/www.bombersdv.es\/es\/portal-de-transparencia\/contratacion\/contratos-ejercicio-corriente\/","title":{"rendered":"Contratos ejercicio corriente"},"content":{"rendered":"<div class=\"fusion-fullwidth fullwidth-box fusion-builder-row-1 nonhundred-percent-fullwidth non-hundred-percent-height-scrolling\" style=\"--awb-border-radius-top-left:0px;--awb-border-radius-top-right:0px;--awb-border-radius-bottom-right:0px;--awb-border-radius-bottom-left:0px;--awb-flex-wrap:wrap;\" ><div class=\"fusion-builder-row fusion-row\"><div class=\"fusion-layout-column fusion_builder_column fusion-builder-column-0 fusion_builder_column_1_1 1_1 fusion-one-full fusion-column-first fusion-column-last\" style=\"--awb-bg-size:cover;\"><div class=\"fusion-column-wrapper fusion-column-has-shadow fusion-flex-column-wrapper-legacy\"><style type='text\/css'>.reading-box-container-1 .element-bottomshadow:before,.reading-box-container-1 .element-bottomshadow:after{opacity:0.7;}<\/style><div class=\"fusion-reading-box-container reading-box-container-1\" style=\"--awb-title-color:#333333;--awb-margin-top:0px;--awb-margin-bottom:84px;\"><div class=\"reading-box\" style=\"background-color:#f6f6f6;border-width:1px;border-color:#f6f6f6;border-left-width:3px;border-left-color:var(--primary_color);border-style:solid;\"><a class=\"button fusion-button button-default fusion-button-default-size button-default-size button-flat fusion-desktop-button fusion-tagline-button continue fusion-desktop-button-margin continue-right\" style=\"-webkit-box-shadow:none;-moz-box-shadow:none;box-shadow:none;border-radius:2px 2px 2px 2px\" href=\"https:\/\/contrataciondelestado.es\/wps\/portal\/!ut\/p\/b0\/04_Sj9CPykssy0xPLMnMz0vMAfIjU1JTC3Iy87KtClKL0jJznPPzSooSSxLzSlL1w_Wj9KMyU5wK9CMLqlxNfEtMs1INPQO9jUJc0yLcK7UdbW31C3JzHQFGXzVg\/\" target=\"_blank\" rel=\"noopener noreferrer\"><span>Enlace a la informaci\u00f3n del Consorcio en la Plataforma de Contratos<\/span><\/a><h2>Ejercicio en curso <\/h2><div class=\"reading-box-description fusion-reading-box-additional\">La informaci\u00f3n actualizada del ejercicio en curso se encuentra en la Plataforma de Contratos del Sector P\u00fablico<\/div><div class=\"reading-box-additional\">\n<ul>\n<li style=\"text-align: justify;\">En la pesta\u00f1a &#8220;<span style=\"color: #ff0000;\"><strong>Licitaciones<\/strong><\/span>&#8221; se encuentra la informaci\u00f3n de los contratos gestionados por el Consorcio con expresi\u00f3n, entre otros datos, de su objeto, duraci\u00f3n, el importe de la licitaci\u00f3n y de adjudicaci\u00f3n, el procedimiento utilizado para su celebraci\u00f3n, los instrumentos a trav\u00e9s de los que, en su caso, se ha publicitado, los licitadores participantes en el procedimiento y la identidad del adjudicatario, as\u00ed como las modificaciones del contrato. Igualmente son objeto de publicaci\u00f3n las decisiones de desistimiento y renuncia de los contratos.<\/li>\n<li style=\"text-align: justify;\">En su pesta\u00f1a &#8220;<span style=\"color: #ff0000;\"><strong>Documentos<\/strong><\/span>&#8221; puede encontrar, entre otras,\u00a0 la informaci\u00f3n sobre los contratos menores separados los de importe inferior a 5000 euros y los comprendidos en el tramo de 5.000 a 15.000 euros (<strong>por trimestres<\/strong>). En la pesta\u00f1a &#8220;<span style=\"color: #ff0000;\"><strong>C<\/strong><strong><span style=\"color: #ff0000;\">on<\/span>tratos menores<\/strong><\/span>&#8221; se pueden consultar los expedientes \u00edntegros de estos \u00faltimos.<\/li>\n<\/ul>\n<\/div><div class=\"fusion-clearfix\"><\/div><a class=\"button fusion-button button-default fusion-button-default-size button-default-size button-flat fusion-mobile-button continue-right\" style=\"-webkit-box-shadow:none;-moz-box-shadow:none;box-shadow:none;border-radius:2px 2px 2px 2px\" href=\"https:\/\/contrataciondelestado.es\/wps\/portal\/!ut\/p\/b0\/04_Sj9CPykssy0xPLMnMz0vMAfIjU1JTC3Iy87KtClKL0jJznPPzSooSSxLzSlL1w_Wj9KMyU5wK9CMLqlxNfEtMs1INPQO9jUJc0yLcK7UdbW31C3JzHQFGXzVg\/\" target=\"_blank\" rel=\"noopener noreferrer\"><span>Enlace a la informaci\u00f3n del Consorcio en la Plataforma de Contratos<\/span><\/a><\/div><\/div><div class=\"fusion-clearfix\"><\/div><\/div><\/div><\/div><\/div>\n","protected":false},"excerpt":{"rendered":"","protected":false},"author":183,"featured_media":0,"parent":15170,"menu_order":0,"comment_status":"closed","ping_status":"closed","template":"","meta":{"footnotes":""},"class_list":["post-61369","page","type-page","status-publish","hentry"],"_links":{"self":[{"href":"https:\/\/www.bombersdv.es\/es\/wp-json\/wp\/v2\/pages\/61369"}],"collection":[{"href":"https:\/\/www.bombersdv.es\/es\/wp-json\/wp\/v2\/pages"}],"about":[{"href":"https:\/\/www.bombersdv.es\/es\/wp-json\/wp\/v2\/types\/page"}],"author":[{"embeddable":true,"href":"https:\/\/www.bombersdv.es\/es\/wp-json\/wp\/v2\/users\/183"}],"replies":[{"embeddable":true,"href":"https:\/\/www.bombersdv.es\/es\/wp-json\/wp\/v2\/comments?post=61369"}],"version-history":[{"count":19,"href":"https:\/\/www.bombersdv.es\/es\/wp-json\/wp\/v2\/pages\/61369\/revisions"}],"predecessor-version":[{"id":61397,"href":"https:\/\/www.bombersdv.es\/es\/wp-json\/wp\/v2\/pages\/61369\/revisions\/61397"}],"up":[{"embeddable":true,"href":"https:\/\/www.bombersdv.es\/es\/wp-json\/wp\/v2\/pages\/15170"}],"wp:attachment":[{"href":"https:\/\/www.bombersdv.es\/es\/wp-json\/wp\/v2\/media?parent=61369"}],"curies":[{"name":"wp","href":"https:\/\/api.w.org\/{rel}","templated":true}]}}