{"id":62287,"date":"2022-11-28T08:18:17","date_gmt":"2022-11-28T07:18:17","guid":{"rendered":"https:\/\/www.bombersdv.es\/?page_id=62287"},"modified":"2025-02-06T14:28:13","modified_gmt":"2025-02-06T13:28:13","slug":"2022-pi003-proceso-para-la-cobertura-de-5-plazas-de-suboficial-en-el-consorcio-provincial-de-bomberos-de-valencia-promocion-interna-y-movilidad","status":"publish","type":"page","link":"https:\/\/www.bombersdv.es\/es\/oposiciones\/procesos-finalizados\/2022-pi003-proceso-para-la-cobertura-de-5-plazas-de-suboficial-en-el-consorcio-provincial-de-bomberos-de-valencia-promocion-interna-y-movilidad\/","title":{"rendered":"2022\/PI003: Proceso para la cobertura de 5 plazas de Suboficial en el Consorcio Provincial de Bomberos de Val\u00e8ncia. Promoci\u00f3n Interna y Movilidad"},"content":{"rendered":"<div class=\"fusion-fullwidth fullwidth-box fusion-builder-row-1 nonhundred-percent-fullwidth non-hundred-percent-height-scrolling\" style=\"--awb-background-position:left top;--awb-border-radius-top-left:0px;--awb-border-radius-top-right:0px;--awb-border-radius-bottom-right:0px;--awb-border-radius-bottom-left:0px;--awb-padding-top:20px;--awb-padding-bottom:20px;--awb-border-sizes-top:0px;--awb-border-sizes-bottom:0px;--awb-flex-wrap:wrap;\" ><div class=\"fusion-builder-row fusion-row\"><div class=\"fusion-layout-column fusion_builder_column fusion-builder-column-0 fusion_builder_column_1_1 1_1 fusion-one-full fusion-column-first fusion-column-last fusion-column-no-min-height\" style=\"--awb-bg-size:cover;--awb-margin-bottom:0px;\"><div class=\"fusion-column-wrapper fusion-flex-column-wrapper-legacy\"><div class=\"fusion-title title fusion-title-1 fusion-sep-none fusion-title-text fusion-title-size-two\"><h2 class=\"fusion-title-heading title-heading-left fusion-responsive-typography-calculated\" style=\"margin:0;--fontSize:34;line-height:1.09;\">2022\/PI003: Proceso para la cobertura de 5 plazas de Suboficial en el Consorcio Provincial de Bomberos de Val\u00e8ncia. Promoci\u00f3n Interna y Movilidad<\/h2><\/div><div class=\"fusion-text fusion-text-1\"><div class=\"table-2\">\n<table style=\"height: 240px;\" width=\"100%\">\n<thead>\n<tr style=\"height: 24px;\">\n<th style=\"height: 24px; width: 76.1421%;\">Tr\u00e1mite<\/th>\n<th style=\"height: 24px; width: 6.59899%;\">Fecha<\/th>\n<th style=\"height: 24px; width: 16.0986%;\">Documento(s)<\/th>\n<td style=\"height: 24px; width: 0.290065%;\"><\/td>\n<\/tr>\n<\/thead>\n<tbody>\n<tr style=\"height: 48px;\">\n<td style=\"height: 48px; width: 76.1421%;\">Publicaci\u00f3n BOPV de las Bases que regulan el proceso 2022\/PI003: para la cobertura de 5 plazas de Suboficial\u00a0 en el Consorcio Provincial de Bomberos de Val\u00e8ncia. Promoci\u00f3n Interna y Movilidad<\/td>\n<td style=\"height: 48px; width: 6.59899%;\">28\/11\/2022<\/td>\n<td style=\"height: 48px; width: 16.0986%;\"><a href=\"https:\/\/www.bombersdv.es\/wp-content\/uploads\/2022\/11\/2022_PI003_PUBLICACION-BOP-BASES-SUBOFICIAL-CASTELLANO.pdf\" target=\"_blank\" rel=\"noopener\">Bases<\/a><\/td>\n<td style=\"height: 48px; width: 0.290065%;\"><\/td>\n<\/tr>\n<tr style=\"height: 48px;\">\n<td style=\"height: 48px; width: 76.1421%;\"><strong><span style=\"color: #800000;\"><span style=\"font-size: small;\">El plazo de presentaci\u00f3n de instancias comienza a partir de la publicaci\u00f3n del extracto de las bases en el Bolet\u00edn Oficial del Estado. Cualquier instancia presentada antes o despu\u00e9s de este plazo ser\u00e1 extempor\u00e1nea, as\u00ed como cualquier pago de la tasa por derechos de examen realizado antes o despu\u00e9s del t\u00e9rmino de presentaci\u00f3n de instancias.<\/span><\/span><\/strong><\/td>\n<td style=\"height: 48px; width: 6.59899%;\"><\/td>\n<td style=\"height: 48px; width: 16.0986%;\"><\/td>\n<td style=\"height: 48px; width: 0.290065%;\"><\/td>\n<\/tr>\n<tr style=\"height: 24px;\">\n<td style=\"width: 76.1421%; height: 24px;\">Publicaci\u00f3n DOGV<strong><span style=\"color: #800000;\"><span style=\"font-size: small;\"><br \/>\n<\/span><\/span><\/strong><\/td>\n<td style=\"width: 6.59899%; height: 24px;\">01\/12\/2022<\/td>\n<td style=\"width: 16.0986%; height: 24px;\"><a href=\"https:\/\/www.bombersdv.es\/wp-content\/uploads\/2022\/12\/2022_PI003_PUBLICACION-DOGV-EXTRACTO-BASES-SUBOFICIAL.pdf\" target=\"_blank\" rel=\"noopener\">Publicaci\u00f3n DOGV<\/a><\/td>\n<td style=\"width: 0.290065%; height: 24px;\"><\/td>\n<\/tr>\n<tr style=\"height: 24px;\">\n<td style=\"width: 76.1421%; height: 24px;\">Publicaci\u00f3n BOE<\/td>\n<td style=\"width: 6.59899%; height: 24px;\">13\/12\/2022<\/td>\n<td style=\"width: 16.0986%; height: 24px;\"><a href=\"https:\/\/www.bombersdv.es\/wp-content\/uploads\/2022\/12\/PUBLICACION-BOE-PLAZAS-SUBOFICIAL.pdf\" target=\"_blank\" rel=\"noopener\">Publicaci\u00f3n BOE<\/a><\/td>\n<td style=\"width: 0.290065%; height: 24px;\"><\/td>\n<\/tr>\n<tr style=\"height: 24px;\">\n<td style=\"width: 76.1421%; height: 24px;\">Modelo Instancia<\/td>\n<td style=\"width: 6.59899%; height: 24px;\"><\/td>\n<td style=\"width: 16.0986%; height: 24px;\"><a href=\"https:\/\/www.bombersdv.es\/wp-content\/uploads\/2022\/12\/INSTANCIA-SUBOFICIAL.pdf\" target=\"_blank\" rel=\"noopener\">Instancia<\/a><\/td>\n<td style=\"width: 0.290065%; height: 24px;\"><\/td>\n<\/tr>\n<tr style=\"height: 24px;\">\n<td style=\"width: 76.1421%; height: 24px;\">Anuncio BOP lista provisional personas admitidas y excluidas<\/td>\n<td style=\"width: 6.59899%; height: 24px;\">28\/02\/2023<\/td>\n<td style=\"width: 16.0986%; height: 24px;\"><a href=\"https:\/\/www.bombersdv.es\/wp-content\/uploads\/2023\/02\/public-bop-lista-subofic-cast.pdf\" target=\"_blank\" rel=\"noopener\">Publicaci\u00f3n BOP<\/a><\/td>\n<td style=\"width: 0.290065%; height: 24px;\"><\/td>\n<\/tr>\n<tr style=\"height: 24px;\">\n<td style=\"width: 76.1421%; height: 24px;\">Anuncio BOP lista definitiva personas admitidas y excluidas y\u00a0 designaci\u00f3n miembros OTS<\/td>\n<td style=\"width: 6.59899%; height: 24px;\">13\/06\/2023<\/td>\n<td style=\"width: 16.0986%; height: 24px;\"><a href=\"https:\/\/www.bombersdv.es\/wp-content\/uploads\/2023\/06\/2022_PI003_Public-BOP-lista-def-suboficiales-CAS.pdf\" target=\"_blank\" rel=\"noopener\">Publicaci\u00f3n BOP<\/a><\/td>\n<td style=\"width: 0.290065%; height: 24px;\"><\/td>\n<\/tr>\n<tr style=\"height: 72px;\">\n<td style=\"width: 76.1421%; height: 72px;\"><span style=\"color: #993300;\">Por Decreto de la Presidencia N\u00ba 1009, de 26\/07\/2023,\u00a0 se dispone ejecutar lo dispuesto en el auto n\u00ba 96\/2023, de 07\/07\/2023,\u00a0 del Juzgado de Contencioso Administrativo n\u00ba 7 de valencia, en la que se estima parcialmente la medida cautelar, debiendo permitir al aspirante Sr. A.G.P, continuar en la convocatoria y realizar las pruebas correspondientes.<\/span><\/td>\n<td style=\"width: 6.59899%; height: 72px;\">02\/10\/2023<\/td>\n<td style=\"width: 16.0986%; height: 72px;\"><\/td>\n<td style=\"width: 0.290065%; height: 72px;\"><\/td>\n<\/tr>\n<tr style=\"height: 24px;\">\n<td style=\"width: 76.1421%; height: 24px;\">Normas y consideraciones a tener en cuenta el d\u00eda de la celebraci\u00f3n del Primer ejercicio:\u00a0 Pruebas F\u00edsicas<span style=\"color: #993300;\"><br \/>\n<\/span><\/td>\n<td style=\"width: 6.59899%; height: 24px;\">02\/10\/2023<\/td>\n<td style=\"width: 16.0986%; height: 24px;\">\u00a0<a href=\"https:\/\/www.bombersdv.es\/wp-content\/uploads\/2023\/10\/Normas-y-consideraciones-pruebas-fisicas-Copia-autentica-3.pdf\" target=\"_blank\" rel=\"noopener\">Anuncio OTS<\/a><\/td>\n<td style=\"width: 0.290065%; height: 24px;\"><\/td>\n<\/tr>\n<tr style=\"height: 48px;\">\n<td style=\"width: 76.1421%; height: 48px;\">Anuncio del OTS por el que se hacen p\u00fablicos los resultados del primer ejercicio pruebas f\u00edsicas y se procede a convocar la realizaci\u00f3n del Segundo Ejercicio. Prueba Te\u00f3rica.<\/td>\n<td style=\"width: 6.59899%; height: 48px;\">13\/11\/2023<\/td>\n<td style=\"width: 16.0986%; height: 48px;\"><a href=\"https:\/\/www.bombersdv.es\/wp-content\/uploads\/2023\/11\/Anuncio-OTS-Suboficial-2023_PI003-13_11_2023-Copia-autentica.pdf\" target=\"_blank\" rel=\"noopener\">Anuncio OTS<\/a><\/td>\n<td style=\"width: 0.290065%; height: 48px;\"><\/td>\n<\/tr>\n<tr style=\"height: 24px;\">\n<td style=\"width: 76.1421%; height: 24px;\">Anuncio del OTS relativo a designaci\u00f3n asesor\u00a0 Segundo Ejercicio \u00abPrueba Te\u00f3rica\u00bb.<\/td>\n<td style=\"width: 6.59899%; height: 24px;\">23\/11\/2023<\/td>\n<td style=\"width: 16.0986%; height: 24px;\"><a href=\"https:\/\/www.bombersdv.es\/wp-content\/uploads\/2023\/11\/2022_PI003_ANUNCIO-OTS-designac-asesor-esp-FERNANDO-BELTRAN-EXAMEN-2.pdf\" target=\"_blank\" rel=\"noopener\">Anuncio OTS<\/a><\/td>\n<td style=\"width: 0.290065%; height: 24px;\"><\/td>\n<\/tr>\n<tr style=\"height: 48px;\">\n<td style=\"width: 76.1421%; height: 48px;\">Anuncio OTS por el que se publica el enunciado y la plantilla de correcci\u00f3n del Supuesto Te\u00f3rico Tipo 1, correspondiente a la Prueba Te\u00f3rica realizada el 22\/12\/2023.<\/td>\n<td style=\"width: 6.59899%; height: 48px;\">23\/12\/2023<\/td>\n<td style=\"width: 16.0986%; height: 48px;\"><a href=\"https:\/\/www.bombersdv.es\/wp-content\/uploads\/2023\/12\/Anuncio-OTS-Suboficial-2023_PI003-23_12_2023-Copia-autentica-2.pdf\" target=\"_blank\" rel=\"noopener\">Anuncio OTS<\/a><\/td>\n<td style=\"width: 0.290065%; height: 48px;\"><\/td>\n<\/tr>\n<tr style=\"height: 48px;\">\n<td style=\"width: 76.1421%; height: 48px;\">Anuncio OTS por el cual se hacen p\u00fablicas las Resoluciones de las alegaciones presentadas al 2\u00ba ejercicio, plantilla definitiva del Supuesto Te\u00f3rica Tipo 1 y Convocatoria al\u00a0 3 er Ejercicio Supuesto Pr\u00e1ctico.<\/td>\n<td style=\"width: 6.59899%; height: 48px;\">31\/01\/2024<\/td>\n<td style=\"width: 16.0986%; height: 48px;\"><a href=\"https:\/\/www.bombersdv.es\/wp-content\/uploads\/2024\/01\/Anuncio-OTS-Suboficial-2023_PI003-31_01_2024-Copia-autentica.pdf\" target=\"_blank\" rel=\"noopener\">Anuncio OTS<\/a><\/td>\n<td style=\"width: 0.290065%; height: 48px;\"><\/td>\n<\/tr>\n<tr style=\"height: 72px;\">\n<td style=\"width: 76.1421%; height: 72px;\">Anuncio OTS por el cual se desconvoca la realizaci\u00f3n del Tercer Ejercicio. Supuesto Practico, tras remisi\u00f3n del\u00a0 Decreto n\u00fam. 00187 de la Presidencia-Delegada, de fecha 22\/02\/2024, en referencia a la Sentencia n\u00fam 34\/2024, de 20 de febrero de 2024, del Juzgado Contencioso 5 de Valencia.<\/td>\n<td style=\"width: 6.59899%; height: 72px;\">23\/02\/2024<\/td>\n<td style=\"width: 16.0986%; text-align: center; height: 72px;\"><a href=\"https:\/\/www.bombersdv.es\/wp-content\/uploads\/2024\/02\/Anuncio-OTS-Suboficial-2023_PI003-23_02_2024-Copia-autentica-1.pdf\" target=\"_blank\" rel=\"noopener\">Anuncio OTS<\/a><\/td>\n<td style=\"width: 0.290065%; height: 72px;\"><\/td>\n<\/tr>\n<tr style=\"height: 72px;\">\n<td style=\"width: 76.1421%; height: 72px;\">Anuncio OTS por el cual se convoca la realizaci\u00f3n del Primer Ejercicio. Pruebas f\u00edsicas , en aplicaci\u00f3n del\u00a0 Decreto n\u00fam. 0187 de la Presidencia-Delegada, de fecha 22\/02\/2024, en referencia a la Sentencia n\u00fam 34\/2024, de 20 de febrero de 2024, del Juzgado Contencioso 5 de Valencia.<\/td>\n<td style=\"width: 6.59899%; height: 72px;\">11\/04\/2024<\/td>\n<td style=\"width: 16.0986%; text-align: center; height: 72px;\"><a href=\"https:\/\/www.bombersdv.es\/wp-content\/uploads\/2024\/04\/Anuncio-OTS-Suboficial-2023_PI003-10_04_2024-Copia-autentica-1.pdf\" target=\"_blank\" rel=\"noopener\">Anuncio OTS<\/a><\/td>\n<td style=\"width: 0.290065%; height: 72px;\"><\/td>\n<\/tr>\n<tr style=\"height: 72px;\">\n<td style=\"width: 76.1421%; height: 72px;\"><span id=\"ep1\"><span id=\"et2\">Anuncio del OTS por el que se hacen p\u00fablicos los resultados del primer ejercicio pruebas f\u00edsicas y se procede a convocar la realizaci\u00f3n del Segundo Ejercicio. Prueba Te\u00f3rica, en referencia a la Sentencia n\u00fam 34\/2024, de 20 de febrero de 2024, del Juzgado Contencioso 5 de Valencia.<\/span><\/span><\/td>\n<td style=\"width: 6.59899%; height: 72px;\">22\/05\/2024<\/td>\n<td style=\"width: 16.0986%; text-align: center; height: 72px;\"><a href=\"https:\/\/www.bombersdv.es\/wp-content\/uploads\/2024\/05\/Anuncio-OTS-Suboficial-2023_PI003-22_05_2024-Copia-autentica-1.pdf\" target=\"_blank\" rel=\"noopener\">Anuncio OTS<\/a><\/td>\n<td style=\"width: 0.290065%; height: 72px;\"><\/td>\n<\/tr>\n<tr style=\"height: 48px;\">\n<td style=\"width: 76.1421%; height: 48px;\"><span id=\"ep1\"><span id=\"et2\">Anuncio OTS por el que se publica el enunciado y la plantilla de correcci\u00f3n del Supuesto Te\u00f3rico Tipo 1, correspondiente a la Prueba Te\u00f3rica realizada el 27\/05\/2024.<\/span><\/span><\/td>\n<td style=\"width: 6.59899%; height: 48px;\">27\/05\/2024<\/td>\n<td style=\"width: 16.0986%; text-align: center; height: 48px;\"><a href=\"https:\/\/www.bombersdv.es\/wp-content\/uploads\/2024\/05\/Anuncio-OTS-Suboficial-2023_PI003-examen-teorico-Copia-autentica-4.pdf\" target=\"_blank\" rel=\"noopener\">Anuncio OTS<\/a><\/td>\n<td style=\"width: 0.290065%; height: 48px;\"><\/td>\n<\/tr>\n<tr style=\"height: 48px;\">\n<td style=\"width: 76.1421%; height: 48px;\">Anuncio OTS por el cual se hacen p\u00fablicas los resultados del segundo ejercicio Prueba Escrita y\u00a0 Convocatoria al\u00a0 3 er Ejercicio Supuesto Pr\u00e1ctico.<\/td>\n<td style=\"width: 6.59899%; height: 48px;\">27\/05\/2024<\/td>\n<td style=\"width: 16.0986%; text-align: center; height: 48px;\"><a href=\"https:\/\/www.bombersdv.es\/wp-content\/uploads\/2024\/05\/Anuncio-OTS-Suboficial-2023_PI003-Convocatoria-Sup.-Practico-Copia-autentica-1.pdf\" target=\"_blank\" rel=\"noopener\">Anuncio OTS<\/a><\/td>\n<td style=\"width: 0.290065%; height: 48px;\"><\/td>\n<\/tr>\n<tr style=\"height: 48px;\">\n<td style=\"width: 76.1421%; height: 48px;\">Anuncio OTS por el que se publica el enunciado y criterios de correcci\u00f3n del Supuesto Practico Tipo 2 y Tipo 3, correspondiente a la Prueba Supuesto Pr\u00e1ctico realizada el 14\/06\/2024.<\/td>\n<td style=\"width: 6.59899%; height: 48px;\">14\/06\/2024<\/td>\n<td style=\"width: 16.0986%; text-align: center; height: 48px;\"><a href=\"https:\/\/www.bombersdv.es\/wp-content\/uploads\/2024\/06\/Anuncio-OTS-Suboficial-2023_PI003-Copia-autentica-1.pdf\" target=\"_blank\" rel=\"noopener\">Anuncio OTS<\/a><\/td>\n<td style=\"width: 0.290065%; height: 48px;\"><\/td>\n<\/tr>\n<tr style=\"height: 48px;\">\n<td style=\"width: 76.1421%; height: 48px;\">Anuncio OTS por el que se publica la Resoluci\u00f3n de la alegaci\u00f3n al supuesto Te\u00f3rico Tipo 1, Resultados del Tercer Ejercicio Supuesto Practico y convocatoria al Cuarto Ejercicio. Prueba Psicot\u00e9cnica.<\/td>\n<td style=\"width: 6.59899%; height: 48px;\">05\/07\/2024<\/td>\n<td style=\"width: 16.0986%; text-align: center; height: 48px;\"><a href=\"https:\/\/www.bombersdv.es\/wp-content\/uploads\/2024\/07\/Anuncio-OTS-Suboficial-2023_PI003-Convocatoria-psicotecnico-Copia-autentica-1.pdf\" target=\"_blank\" rel=\"noopener\">Anuncio OTS<\/a><\/td>\n<td style=\"width: 0.290065%; height: 48px;\"><\/td>\n<\/tr>\n<tr style=\"height: 48px;\">\n<td style=\"width: 76.1421%; height: 48px;\">Anuncio OTS por el que se publican\u00a0 los Resultados del Cuarto Ejercicio prueba psicot\u00e9cnica\u00a0 y convocatoria al Quinto\u00a0 Ejercicio. Revisi\u00f3n M\u00e9dica.<\/td>\n<td style=\"width: 6.59899%; height: 48px;\">17\/07\/2024<\/td>\n<td style=\"width: 16.0986%; text-align: center; height: 48px;\"><a href=\"https:\/\/www.bombersdv.es\/wp-content\/uploads\/2024\/07\/Anuncio-OTS-Suboficial-2023_PI003-pagina-web-RM-Copia-autentica.pdf\" target=\"_blank\" rel=\"noopener\">Anuncio OTS<\/a><\/td>\n<td style=\"width: 0.290065%; height: 48px;\"><\/td>\n<\/tr>\n<tr style=\"height: 96px;\">\n<td style=\"width: 76.1421%; height: 96px;\">Anuncio OTS por el que se publican\u00a0 los Resultados del Quinto Ejercicio. Reconocimiento M\u00e9dico, Puntuaci\u00f3n Fase Oposici\u00f3n y apertura Fase Concurso .<\/td>\n<td style=\"width: 6.59899%; height: 96px;\">29\/07\/2024<\/td>\n<td style=\"width: 16.0986%; text-align: center; height: 96px;\">\n<p><a href=\"https:\/\/www.bombersdv.es\/wp-content\/uploads\/2024\/07\/Anuncio-OTS-Suboficial-2023_PI003-pagina-web-Copia-autentica.pdf\" target=\"_blank\" rel=\"noopener\">Anuncio OTS<\/a><\/p>\n<p><a href=\"https:\/\/www.bombersdv.es\/wp-content\/uploads\/2024\/07\/Anexo-II-Instancia-CONCURSO-turno-promoc-int.pdf\" target=\"_blank\" rel=\"noopener\">Anexo II<\/a><\/td>\n<td style=\"width: 0.290065%; height: 96px;\"><\/td>\n<\/tr>\n<tr style=\"height: 48px;\">\n<td style=\"width: 76.1421%; height: 48px;\">Anuncio OTS\u00a0 por el que se publican la Relaci\u00f3n provisional fase concurso, la\u00a0 Relaci\u00f3n provisional personas aprobadas y propuesta convocatoria curso IVASPE<\/td>\n<td style=\"width: 6.59899%; height: 48px;\">10\/09\/2024<\/td>\n<td style=\"width: 16.0986%; text-align: center; height: 48px;\"><a href=\"https:\/\/www.bombersdv.es\/wp-content\/uploads\/2024\/09\/Anuncio-OTS-Suboficial-2023_PI003-pagina-web-Copia-autentica-2.pdf\" target=\"_blank\" rel=\"noopener\">Anuncio OTS<\/a><\/td>\n<td style=\"width: 0.290065%; height: 48px;\"><\/td>\n<\/tr>\n<tr>\n<td style=\"width: 76.1421%;\">Anuncio OTS\u00a0 por el que se publican la Relaci\u00f3n Definitiva y Ratificaci\u00f3n propuesta convocatoria curso IVASPE formulada el 10\/09\/2024<\/td>\n<td style=\"width: 6.59899%;\">20\/09\/2024<\/td>\n<td style=\"width: 16.0986%; text-align: center;\"><a href=\"https:\/\/www.bombersdv.es\/wp-content\/uploads\/2024\/09\/Anuncio-OTS-Suboficial-2023_PI003-Web-20_09-Copia-autentica.pdf\" target=\"_blank\" rel=\"noopener\">Anuncio OTS<\/a><\/td>\n<td style=\"width: 0.290065%;\"><\/td>\n<\/tr>\n<tr>\n<td style=\"width: 76.1421%;\">Anuncio OTS por el que se publica la\u00a0 Relaci\u00f3n definitiva de personas aprobadas y se emplaza a las mismas a la presentaci\u00f3n de los documentos requeridos en la base A.5<\/td>\n<td style=\"width: 6.59899%;\">20\/12\/2024<\/td>\n<td style=\"width: 16.0986%; text-align: center;\"><a href=\"https:\/\/www.bombersdv.es\/wp-content\/uploads\/2024\/12\/Anuncio-OTS-Suboficial-2023_PI003-20_12_2024-Copia-autentica-1.pdf\" target=\"_blank\" rel=\"noopener\">Anuncio OTS<\/a><\/td>\n<td style=\"width: 0.290065%; height: 24px;\"><\/td>\n<\/tr>\n<tr>\n<td style=\"width: 76.1421%;\">Anuncio del servicio de Recursos Humanos<\/td>\n<td style=\"width: 6.59899%;\">20\/12\/2024<\/td>\n<td style=\"width: 16.0986%; text-align: center;\"><a href=\"https:\/\/www.bombersdv.es\/wp-content\/uploads\/2024\/12\/DECLARACION-JURADA.pdf\" target=\"_blank\" rel=\"noopener\">Declaraci\u00f3n Jurada<\/a><br \/>\n<a href=\"https:\/\/www.bombersdv.es\/wp-content\/uploads\/2024\/12\/DESTINOS-SUBOFICIAL.pdf\" target=\"_blank\" rel=\"noopener\">Solicitud de destinos<\/a><\/td>\n<td style=\"width: 0.290065%;\"><\/td>\n<\/tr>\n<tr>\n<td style=\"width: 76.1421%;\">Publicaci\u00f3n BOP nombramiento funcionario de carrera<\/td>\n<td style=\"width: 6.59899%;\">03\/02\/2025<\/td>\n<td style=\"width: 16.0986%; text-align: center;\"><a href=\"https:\/\/www.bombersdv.es\/wp-content\/uploads\/2025\/02\/2025_PI002-nomb-Suboficiales-ES.pdf\" target=\"_blank\" rel=\"noopener\">Publicaci\u00f3n BOP<\/a><\/td>\n<td style=\"width: 0.290065%;\"><\/td>\n<\/tr>\n<\/tbody>\n<\/table>\n<\/div>\n<\/div><div class=\"fusion-clearfix\"><\/div><\/div><\/div><\/div><\/div>\n","protected":false},"excerpt":{"rendered":"","protected":false},"author":192,"featured_media":0,"parent":15127,"menu_order":0,"comment_status":"closed","ping_status":"closed","template":"","meta":{"footnotes":""},"class_list":["post-62287","page","type-page","status-publish","hentry"],"_links":{"self":[{"href":"https:\/\/www.bombersdv.es\/es\/wp-json\/wp\/v2\/pages\/62287"}],"collection":[{"href":"https:\/\/www.bombersdv.es\/es\/wp-json\/wp\/v2\/pages"}],"about":[{"href":"https:\/\/www.bombersdv.es\/es\/wp-json\/wp\/v2\/types\/page"}],"author":[{"embeddable":true,"href":"https:\/\/www.bombersdv.es\/es\/wp-json\/wp\/v2\/users\/192"}],"replies":[{"embeddable":true,"href":"https:\/\/www.bombersdv.es\/es\/wp-json\/wp\/v2\/comments?post=62287"}],"version-history":[{"count":43,"href":"https:\/\/www.bombersdv.es\/es\/wp-json\/wp\/v2\/pages\/62287\/revisions"}],"predecessor-version":[{"id":72270,"href":"https:\/\/www.bombersdv.es\/es\/wp-json\/wp\/v2\/pages\/62287\/revisions\/72270"}],"up":[{"embeddable":true,"href":"https:\/\/www.bombersdv.es\/es\/wp-json\/wp\/v2\/pages\/15127"}],"wp:attachment":[{"href":"https:\/\/www.bombersdv.es\/es\/wp-json\/wp\/v2\/media?parent=62287"}],"curies":[{"name":"wp","href":"https:\/\/api.w.org\/{rel}","templated":true}]}}