{"id":63440,"date":"2023-01-10T15:14:47","date_gmt":"2023-01-10T14:14:47","guid":{"rendered":"https:\/\/www.bombersdv.es\/?page_id=63440"},"modified":"2024-06-13T13:23:07","modified_gmt":"2024-06-13T11:23:07","slug":"2018-op001-41-plazas-de-bombero-conductor-ejecucion-sentencia-n-164-2022-de-29-07-2022-del-juzgado-de-lo-contencioso-administrativo-n-o-8-de-valencia","status":"publish","type":"page","link":"https:\/\/www.bombersdv.es\/es\/oposiciones\/procesos-finalizados\/2018-op001-41-plazas-de-bombero-conductor-ejecucion-sentencia-n-164-2022-de-29-07-2022-del-juzgado-de-lo-contencioso-administrativo-n-o-8-de-valencia\/","title":{"rendered":"2018\/OP001: 41 Plazas de bombero-conductor. Ejecuci\u00f3n sentencia n\u00b0 164\/2022 de 29\/07\/2022 del Juzgado de lo Contencioso Administrativo n.\u00ba 8 de Valencia."},"content":{"rendered":"<div class=\"fusion-fullwidth fullwidth-box fusion-builder-row-1 nonhundred-percent-fullwidth non-hundred-percent-height-scrolling\" style=\"--awb-background-position:left top;--awb-border-radius-top-left:0px;--awb-border-radius-top-right:0px;--awb-border-radius-bottom-right:0px;--awb-border-radius-bottom-left:0px;--awb-padding-top:20px;--awb-padding-bottom:20px;--awb-border-sizes-top:0px;--awb-border-sizes-bottom:0px;--awb-flex-wrap:wrap;\" ><div class=\"fusion-builder-row fusion-row\"><div class=\"fusion-layout-column fusion_builder_column fusion-builder-column-0 fusion_builder_column_1_1 1_1 fusion-one-full fusion-column-first fusion-column-last fusion-column-no-min-height\" style=\"--awb-bg-size:cover;--awb-margin-bottom:0px;\"><div class=\"fusion-column-wrapper fusion-flex-column-wrapper-legacy\"><div class=\"fusion-title title fusion-title-1 fusion-sep-none fusion-title-text fusion-title-size-two\"><h2 class=\"fusion-title-heading title-heading-left fusion-responsive-typography-calculated\" style=\"margin:0;--fontSize:34;line-height:1.09;\">2018\/OP001: 41 Plazas de bombero-conductor. Ejecuci\u00f3n sentencia n\u00b0 164\/2022 de 29\/07\/2022 del Juzgado de lo Contencioso Administrativo n.\u00ba 8 de Valencia.<\/h2><\/div><div class=\"fusion-text fusion-text-1\"><div class=\"table-2\">\n<table width=\"100%\">\n<thead>\n<tr>\n<th>Tr\u00e1mite<\/th>\n<th>Fecha<\/th>\n<th>Documento(s)<\/th>\n<\/tr>\n<\/thead>\n<tbody>\n<tr>\n<td>Bases<\/td>\n<td><\/td>\n<td><a href=\"https:\/\/www.bombersdv.es\/wp-content\/uploads\/2023\/01\/2018OP001_Bases-OK-cast.pdf\" target=\"_blank\" rel=\"noopener\">Bases<\/a><\/td>\n<\/tr>\n<tr>\n<td><strong><span style=\"color: #800000;\"> Ejecuci\u00f3n sentencia n\u00b0 164\/2022,\u00a0 de 29\/07\/2022 del Juzgado de lo Contenciosa Administrativo n.\u00ba 8 de Valencia. <\/span><br \/>\n<\/strong><\/td>\n<td><\/td>\n<td><\/td>\n<\/tr>\n<tr>\n<td>Anuncio del \u00d3rgano T\u00e9cnico de Selecci\u00f3n relativo a la repetici\u00f3n de la prueba &#8220;Subida a Torre&#8221;<\/td>\n<td>10\/01\/2023<\/td>\n<td><a href=\"https:\/\/www.bombersdv.es\/wp-content\/uploads\/2023\/01\/Anunci-repeticio-prova-pujada-a-la-torre-Copia-autentica.pdf\" target=\"_blank\" rel=\"noopener\">Anuncio<\/a><\/td>\n<\/tr>\n<tr>\n<td>Anuncio resultados subida torre y convocatoria \u00faltimo ejercicio<\/td>\n<td>02\/02\/2023<\/td>\n<td><a href=\"https:\/\/www.bombersdv.es\/wp-content\/uploads\/2023\/02\/Anuncio-resultados-subida-torre-por-ejecucion-sentencia-y-convocatoria-ultimo-ejercicio.pdf\" target=\"_blank\" rel=\"noopener\">Anuncio<\/a><\/td>\n<\/tr>\n<tr>\n<td>Anuncio del Tribunal: Resultados sexto ejercicio \u00abReconocimiento M\u00e9dico\u00bb y Fase de Oposici\u00f3n. Inicio plazo Fase Concurso<\/p>\n<p align=\"justify\"><span style=\"color: #ff0000;\"><strong>Para proceder a la correcta valoraci\u00f3n de los m\u00e9ritos en el \u201dApartado Titulaciones Acad\u00e9\u00admicas\u201d, se deber\u00e1 aportar, adem\u00e1s de la titulaci\u00f3n que se pretende que sea computada como m\u00e9ri\u00adto, la titulaci\u00f3n exigida como requisito para poder participar en el presente proceso selectivo (T\u00edtulo de Bachiller o de T\u00e9cnico de Formaci\u00f3n Profesio\u00adnal o equivalente).<\/strong><\/span><\/p>\n<\/td>\n<td>14\/02\/2023<\/td>\n<td>\n<p><a href=\"https:\/\/www.bombersdv.es\/wp-content\/uploads\/2023\/02\/Anuncio-resultados-rcto-medico-y-apertura-meritos-tras-sentencia.pdf\" target=\"_blank\" rel=\"noopener\">Anuncio<\/a><\/p>\n<p><a href=\"https:\/\/www.bombersdv.es\/wp-content\/uploads\/2023\/02\/ANEXO-I-resultados-rev-medica.pdf\" target=\"_blank\" rel=\"noopener\">ANEXO I <\/a><\/p>\n<p><a href=\"https:\/\/www.bombersdv.es\/wp-content\/uploads\/2023\/02\/Rel-f-opo-Anexo-2.pdf\" target=\"_blank\" rel=\"noopener\">ANEXO II<\/a><\/p>\n<p><a href=\"https:\/\/www.bombersdv.es\/wp-content\/uploads\/2023\/02\/2018OP001_Anexo-VIII-cast-val.pdf\" target=\"_blank\" rel=\"noopener\">ANEXO VIII<\/a><\/td>\n<\/tr>\n<tr>\n<td>Anuncio del Tribunal: Resultados Fase de Concurso y Relaci\u00f3n Provisional Resultados Proceso Selectivo previos al curso selectivo, Turno Libre.<\/td>\n<td>03\/03\/2023<\/td>\n<td><a href=\"https:\/\/www.bombersdv.es\/wp-content\/uploads\/2023\/03\/2018_OP001_Anuncio-resultados-Concurso-y-Concurso-Oposicion-ejecucion-sentencia-subida-a-torre.pdf\" target=\"_blank\" rel=\"noopener\">Anuncio<\/a><\/td>\n<\/tr>\n<tr>\n<td>Anuncio del Tribunal: Anuncio por el que se eleva a definitiva la Relaci\u00f3n de Resultados Proceso Selectivo previos al curso selectivo, Turno Libre.<\/td>\n<td>03\/04\/2023<\/td>\n<td><a href=\"https:\/\/www.bombersdv.es\/wp-content\/uploads\/2023\/04\/2018_OP001_Anuncio-resolucion-definitiva-ejecucion-sentencia-torre-Copia-autentica.pdf\" target=\"_blank\" rel=\"noopener\">Anuncio<\/a><\/td>\n<\/tr>\n<tr>\n<td>Anuncio del Tribunal: Relaci\u00f3n Definitiva de personas aspirantes Seleccionados Aprobados por Turno Libre<\/td>\n<td>16\/04\/2024<\/td>\n<td><a href=\"https:\/\/www.bombersdv.es\/wp-content\/uploads\/2024\/04\/2018_OP001_ANUNCIO-12-ABRIL-2024_signed-Copia-autentica-1.pdf\" target=\"_blank\" rel=\"noopener\">Anuncio<\/a><\/td>\n<\/tr>\n<tr>\n<td>Anuncio del Servicio de Recursos Humanos sobre las vacantes ofertadas<\/td>\n<td>16\/04\/2024<\/td>\n<td><a href=\"https:\/\/www.bombersdv.es\/wp-content\/uploads\/2024\/04\/2018_OP001_Anuncio-RRHH-vacantes-para-nomb-FC.pdf-Copia-autentica.pdf\" target=\"_blank\" rel=\"noopener\">Anuncio RRHH<\/a><\/td>\n<\/tr>\n<tr>\n<td>Instancia aportaci\u00f3n requisitos y solicitud de Destino. Turno Libre<\/td>\n<td>16\/04\/2024<\/td>\n<td><a href=\"https:\/\/www.bombersdv.es\/wp-content\/uploads\/2024\/04\/2018_OP001_Instancia-Solicitud-Destino-y-requisitos-Turno-lIBRE.pdf\" target=\"_blank\" rel=\"noopener\">Instancia<\/a><\/td>\n<\/tr>\n<tr>\n<td>Anuncio del Tribunal: Inclusi\u00f3n candidato en Relaci\u00f3n Definitiva de personas aspirantes Seleccionados Aprobados por Turno Libre<\/td>\n<td>30\/04\/2024<\/td>\n<td><a href=\"https:\/\/www.bombersdv.es\/wp-content\/uploads\/2024\/04\/2018_OP001_ANUNCIO-29-ABRIL-2024-Pedro-Manuel_signed.pdf\" target=\"_blank\" rel=\"noopener\">Anuncio<\/a><\/td>\n<\/tr>\n<tr>\n<td>Publicaci\u00f3n BOP nombramientos funcionarios de carrera<\/td>\n<td>03\/06\/2024<\/td>\n<td><a href=\"https:\/\/www.bombersdv.es\/wp-content\/uploads\/2024\/06\/2018_OP001-NOMBR-FUNC-CARRERA-SENTENCIA-CAST.pdf\" target=\"_blank\" rel=\"noopener\">Publicaci\u00f3n BOP<\/a><\/td>\n<\/tr>\n<\/tbody>\n<\/table>\n<\/div>\n<\/div><div class=\"fusion-clearfix\"><\/div><\/div><\/div><\/div><\/div>\n","protected":false},"excerpt":{"rendered":"","protected":false},"author":192,"featured_media":0,"parent":15127,"menu_order":0,"comment_status":"closed","ping_status":"closed","template":"","meta":{"footnotes":""},"class_list":["post-63440","page","type-page","status-publish","hentry"],"_links":{"self":[{"href":"https:\/\/www.bombersdv.es\/es\/wp-json\/wp\/v2\/pages\/63440"}],"collection":[{"href":"https:\/\/www.bombersdv.es\/es\/wp-json\/wp\/v2\/pages"}],"about":[{"href":"https:\/\/www.bombersdv.es\/es\/wp-json\/wp\/v2\/types\/page"}],"author":[{"embeddable":true,"href":"https:\/\/www.bombersdv.es\/es\/wp-json\/wp\/v2\/users\/192"}],"replies":[{"embeddable":true,"href":"https:\/\/www.bombersdv.es\/es\/wp-json\/wp\/v2\/comments?post=63440"}],"version-history":[{"count":13,"href":"https:\/\/www.bombersdv.es\/es\/wp-json\/wp\/v2\/pages\/63440\/revisions"}],"predecessor-version":[{"id":69450,"href":"https:\/\/www.bombersdv.es\/es\/wp-json\/wp\/v2\/pages\/63440\/revisions\/69450"}],"up":[{"embeddable":true,"href":"https:\/\/www.bombersdv.es\/es\/wp-json\/wp\/v2\/pages\/15127"}],"wp:attachment":[{"href":"https:\/\/www.bombersdv.es\/es\/wp-json\/wp\/v2\/media?parent=63440"}],"curies":[{"name":"wp","href":"https:\/\/api.w.org\/{rel}","templated":true}]}}