{"id":63516,"date":"2023-01-12T10:12:57","date_gmt":"2023-01-12T09:12:57","guid":{"rendered":"https:\/\/www.bombersdv.es\/?page_id=63516"},"modified":"2024-01-29T13:13:00","modified_gmt":"2024-01-29T12:13:00","slug":"informacion-economica-anos-anteriores-2022","status":"publish","type":"page","link":"https:\/\/www.bombersdv.es\/es\/portal-de-transparencia\/informacion-economica\/informacion-presupuestaria-anos-anteriores\/informacion-economica-anos-anteriores-2022\/","title":{"rendered":"Informaci\u00f3n Econ\u00f3mica a\u00f1os anteriores 2022"},"content":{"rendered":"<p><div class=\"fusion-fullwidth fullwidth-box fusion-builder-row-1 nonhundred-percent-fullwidth non-hundred-percent-height-scrolling\" style=\"--awb-border-radius-top-left:0px;--awb-border-radius-top-right:0px;--awb-border-radius-bottom-right:0px;--awb-border-radius-bottom-left:0px;--awb-flex-wrap:wrap;\" ><div class=\"fusion-builder-row fusion-row\"><div class=\"fusion-layout-column fusion_builder_column fusion-builder-column-0 fusion_builder_column_1_1 1_1 fusion-one-full fusion-column-first fusion-column-last\" style=\"--awb-bg-size:cover;--awb-margin-bottom:0px;\"><div class=\"fusion-column-wrapper fusion-flex-column-wrapper-legacy\"><div class=\"fusion-text fusion-text-1\"><\/div><div class=\"fusion-clearfix\"><\/div><\/div><\/div><\/div><\/div><div class=\"fusion-fullwidth fullwidth-box fusion-builder-row-2 nonhundred-percent-fullwidth non-hundred-percent-height-scrolling\" style=\"--awb-background-position:left top;--awb-border-sizes-top:0px;--awb-border-sizes-bottom:0px;--awb-border-sizes-left:0px;--awb-border-sizes-right:0px;--awb-border-radius-top-left:0px;--awb-border-radius-top-right:0px;--awb-border-radius-bottom-right:0px;--awb-border-radius-bottom-left:0px;--awb-padding-top:30px;--awb-padding-bottom:0px;--awb-flex-wrap:wrap;\" ><div class=\"fusion-builder-row fusion-row\"><div class=\"fusion-layout-column fusion_builder_column fusion-builder-column-1 fusion_builder_column_1_1 1_1 fusion-one-full fusion-column-first fusion-column-last\" style=\"--awb-bg-size:cover;--awb-margin-bottom:0px;\"><div class=\"fusion-column-wrapper fusion-flex-column-wrapper-legacy\"><div class=\"fusion-content-boxes content-boxes columns row fusion-columns-1 fusion-columns-total-1 fusion-content-boxes-1 content-boxes-icon-on-side content-left\" style=\"--awb-title-color:#d32f13;--awb-margin-bottom:0px;--awb-hover-accent-color:#d32f13;--awb-circle-hover-accent-color:#d32f13;--awb-item-margin-bottom:40px;\" data-animationOffset=\"top-into-view\"><div style=\"--awb-backgroundcolor:rgba(255,255,255,0);--awb-content-padding-left:140px;\" class=\"fusion-column content-box-column content-box-column content-box-column-1 col-lg-12 col-md-12 col-sm-12 fusion-content-box-hover content-box-column-last content-box-column-last-in-row\"><div class=\"col content-box-wrapper content-wrapper link-area-link-icon icon-hover-animation-fade\" data-animationOffset=\"top-into-view\"><div class=\"heading heading-with-icon icon-left\"><div aria-hidden=\"true\" class=\"image\"><img decoding=\"async\" src=\"http:\/\/www.bombersdv.es\/wp-content\/uploads\/2014\/11\/visitas-a-colegios-icon.png\" width=\"120\" height=\"120\" alt=\"\" \/><\/div><h2 class=\"content-box-heading fusion-responsive-typography-calculated\" style=\"--h2_typography-font-size:34px;--fontSize:34;line-height:1.09;padding-left:140px;\"><strong>Informaci\u00f3n Econ\u00f3mica a\u00f1os anteriores 2022<\/strong><\/h2><\/div><div class=\"fusion-clearfix\"><\/div><div class=\"content-container\">\n<h4 style=\"text-align: justify;\">Los documentos disponibles en este apartado son los siguientes:<\/h4>\n<\/div><\/div><\/div><div class=\"fusion-clearfix\"><\/div><\/div><div class=\"fusion-clearfix\"><\/div><\/div><\/div><\/div><\/div><div class=\"fusion-fullwidth fullwidth-box fusion-builder-row-3 nonhundred-percent-fullwidth non-hundred-percent-height-scrolling\" style=\"--awb-background-position:left top;--awb-border-sizes-top:0px;--awb-border-sizes-bottom:0px;--awb-border-sizes-left:0px;--awb-border-sizes-right:0px;--awb-border-radius-top-left:0px;--awb-border-radius-top-right:0px;--awb-border-radius-bottom-right:0px;--awb-border-radius-bottom-left:0px;--awb-padding-top:20px;--awb-padding-bottom:20px;--awb-flex-wrap:wrap;\" ><div class=\"fusion-builder-row fusion-row\"><div class=\"fusion-layout-column fusion_builder_column fusion-builder-column-2 fusion_builder_column_1_1 1_1 fusion-one-full fusion-column-first fusion-column-last\" style=\"--awb-padding-top:20px;--awb-padding-right:20px;--awb-padding-bottom:20px;--awb-padding-left:20px;--awb-bg-size:cover;--awb-margin-top:30px;\"><div class=\"fusion-column-wrapper fusion-flex-column-wrapper-legacy\"><div class=\"accordian fusion-accordian\" style=\"--awb-border-size:1px;--awb-icon-size:13px;--awb-content-font-size:15px;--awb-icon-alignment:left;--awb-hover-color:#f9f9f9;--awb-border-color:#cccccc;--awb-background-color:#ffffff;--awb-divider-color:#e0dede;--awb-divider-hover-color:#e0dede;--awb-icon-color:#ffffff;--awb-title-color:#333333;--awb-content-color:#747474;--awb-icon-box-color:#333333;--awb-toggle-hover-accent-color:#d32f13;--awb-title-font-family:&quot;Raleway&quot;;--awb-title-font-weight:500;--awb-title-font-style:normal;--awb-title-font-size:20px;--awb-title-letter-spacing:0px;--awb-title-line-height:1.1;--awb-content-font-family:&quot;Raleway&quot;;--awb-content-font-style:normal;--awb-content-font-weight:500;\"><div class=\"panel-group fusion-toggle-icon-boxed\" id=\"accordion-63516-1\"><div class=\"fusion-panel panel-default panel-7237ddcbf12f54f2d fusion-toggle-has-divider\"><div class=\"panel-heading\"><h4 class=\"panel-title toggle\" id=\"toggle_7237ddcbf12f54f2d\"><a aria-expanded=\"false\" aria-controls=\"7237ddcbf12f54f2d\" role=\"button\" data-toggle=\"collapse\" data-parent=\"#accordion-63516-1\" data-target=\"#7237ddcbf12f54f2d\" href=\"#7237ddcbf12f54f2d\"><span class=\"fusion-toggle-icon-wrapper\" aria-hidden=\"true\"><i class=\"fa-fusion-box active-icon awb-icon-minus\" aria-hidden=\"true\"><\/i><i class=\"fa-fusion-box inactive-icon awb-icon-plus\" aria-hidden=\"true\"><\/i><\/span><span class=\"fusion-toggle-heading\">Presupuesto<\/span><\/a><\/h4><\/div><div id=\"7237ddcbf12f54f2d\" class=\"panel-collapse collapse \" aria-labelledby=\"toggle_7237ddcbf12f54f2d\"><div class=\"panel-body toggle-content fusion-clearfix\">\n<h3><strong><span style=\"color: #ff0000;\">Presupuesto del Consorcio para el ejercicio 2022 <\/span><\/strong><\/h3>\n<p><em>Actualizado 23\/09\/2022<\/em><\/p>\n<p style=\"text-align: justify;\">La<strong> Asamblea General <\/strong>del Consorcio en sesi\u00f3n celebrada el d\u00eda <strong>17 de diciembre de 2021<\/strong>\u00a0acord\u00f3 aprobar el Presupuesto del Consorcio para 2022 y remitirlo a\u00a0 la Diputaci\u00f3n de Valencia a los efectos de conformar el Presupuesto General del Grupo Diputaci\u00f3n de Valencia para ser aprobado por el procedimiento legalmente establecido.<\/p>\n<p style=\"text-align: justify;\">El <strong>Pleno de la Diputaci\u00f3n Provincial de Valencia<\/strong> en sesi\u00f3n celebrada el <strong>d\u00eda 21 de diciembre de 2021<\/strong>, adopt\u00f3 acuerdo aprobando inicialmente el Presupuesto General para el ejercicio 2022, integrado por el Presupuesto de la propia Diputaci\u00f3n, el <strong>Presupuesto del Consorcio de Bomberos<\/strong> y los estados previsionales de la empresa provincial Divalterra SA, igualmente han sido aprobadas las Bases de Ejecuci\u00f3n de los Presupuestos, los anexos de los mismos y las plantillas de personal.<\/p>\n<p style=\"text-align: justify;\">Esta aprobaci\u00f3n se hizo p\u00fablica mediante anuncio insertado en el <a href=\"https:\/\/www.bombersdv.es\/wp-content\/uploads\/2021\/12\/anuncio-aprobacion-incial.pdf\" target=\"_blank\" rel=\"noopener\">Bolet\u00edn Oficial de la provincia de Valencia n\u00famero 245, de 22 de diciembre de 2021<\/a>, indic\u00e1ndose que, durante el plazo de quince d\u00edas de exposici\u00f3n al p\u00fablico, contados a partir del siguiente al de esa publicaci\u00f3n podr\u00e1n los interesados examinar los expedientes que se encuentran de manifiesto en la Oficina Presupuestaria de la Intervenci\u00f3n General de la Diputaci\u00f3n, durante cuyo plazo podr\u00e1n presentarse reclamaciones ante el Pleno de la Corporaci\u00f3n, consider\u00e1ndose definitivamente adoptado el acuerdo en el supuesto de que no se hubiera formulado reclamaci\u00f3n alguna.<\/p>\n<p><a href=\"https:\/\/www.bombersdv.es\/wp-content\/uploads\/2022\/04\/aprobacion-definitiva-presupuesto-diputacion-2022.pdf\" target=\"_blank\" rel=\"noopener\">Anuncio de aprobaci\u00f3n definitiva<\/a><\/p>\n<p style=\"text-align: justify;\">Los documentos del expediente aprobado por la Asamblea General del Consorcio son:<\/p>\n<ul>\n<li><a href=\"https:\/\/www.bombersdv.es\/wp-content\/uploads\/2021\/12\/1.-Memoria-del-presupuesto-2022-Copia-autentica.pdf\" target=\"_blank\" rel=\"noopener\">Memoria<\/a><\/li>\n<li><a href=\"https:\/\/www.bombersdv.es\/wp-content\/uploads\/2021\/12\/7.-Estado-de-gastos-2022-Copia-autentica.pdf\" target=\"_blank\" rel=\"noopener\">Estado de gastos<\/a><\/li>\n<li><a href=\"https:\/\/www.bombersdv.es\/wp-content\/uploads\/2021\/12\/8.-Estado-de-ingresos-2022-Copia-autentica.pdf\" target=\"_blank\" rel=\"noopener\">Estado de ingresos<\/a><\/li>\n<li><a href=\"https:\/\/www.bombersdv.es\/wp-content\/uploads\/2021\/12\/2.-Anexo-de-inversiones-2022-Copia-autentica.pdf\" target=\"_blank\" rel=\"noopener\">Anexo de Inversiones<\/a><\/li>\n<li><a href=\"https:\/\/www.bombersdv.es\/wp-content\/uploads\/2021\/12\/6.-Bases-de-ejecucion-Copia-autentica.pdf\" target=\"_blank\" rel=\"noopener\">Bases de ejecuci\u00f3n<\/a><\/li>\n<li><a href=\"https:\/\/www.bombersdv.es\/wp-content\/uploads\/2021\/12\/9.-Percentatge-de-vots-2022-Copia-autentica.pdf\" target=\"_blank\" rel=\"noopener\">Porcentaje de votos entidades consorciadas<\/a><\/li>\n<li><a href=\"https:\/\/www.bombersdv.es\/wp-content\/uploads\/2021\/12\/10.-Liquidacion-2020-y-avance-2021-Copia-autentica.pdf\" target=\"_blank\" rel=\"noopener\">Liquidaci\u00f3n 2020 y avance 2021<\/a><\/li>\n<li><a href=\"https:\/\/www.bombersdv.es\/wp-content\/uploads\/2021\/12\/5.Informe-sobre-la-carga-financiera-y-la-evolucion-de-la-deuda-Copia-autentica.pdf\" target=\"_blank\" rel=\"noopener\">Informe sobre la carga financiera<\/a><\/li>\n<li><a href=\"https:\/\/www.bombersdv.es\/wp-content\/uploads\/2021\/12\/4.-Informe-de-Intervencion-Copia-autentica.pdf\" target=\"_blank\" rel=\"noopener\">Informe de Intervenci\u00f3n<\/a><\/li>\n<li><a href=\"https:\/\/www.bombersdv.es\/wp-content\/uploads\/2021\/12\/3.-Informe-economico-financiero-Copia-autentica.pdf\" target=\"_blank\" rel=\"noopener\">Informe Econ\u00f3mico Financiero<\/a><\/li>\n<li><a href=\"https:\/\/www.bombersdv.es\/wp-content\/uploads\/2021\/12\/Anexo-de-Personal-CPBV-2022-Copia-autentica.pdf\" target=\"_blank\" rel=\"noopener\">Anexo de personal 2022<\/a><\/li>\n<li><a href=\"https:\/\/www.bombersdv.es\/wp-content\/uploads\/2021\/12\/Isocronas-2022-Copia-autentica.pdf\" target=\"_blank\" rel=\"noopener\">Isocronas<\/a><\/li>\n<li><a href=\"https:\/\/www.bombersdv.es\/wp-content\/uploads\/2021\/12\/Certificado-2021_SEE_S339_00001-Copia-autentica.pdf\" target=\"_blank\" rel=\"noopener\">Acuerdo<\/a><\/li>\n<li><a href=\"https:\/\/www.bombersdv.es\/wp-content\/uploads\/2021\/12\/Plantilla-Organica-CPBV-2022-Copia-autentica.pdf\" target=\"_blank\" rel=\"noopener\">Plantilla 2022<\/a><\/li>\n<li><a href=\"https:\/\/www.bombersdv.es\/wp-content\/uploads\/2021\/12\/Certificado-2021_RHG_S346_00004-Copia-autentica.pdf\" target=\"_blank\" rel=\"noopener\">Acuerdo aprobaci\u00f3n plantilla<\/a><\/li>\n<\/ul>\n<h3><span style=\"color: #ff0000;\">Municipios con poblaci\u00f3n inferior a 20000 habitantes: Acuerdo Junta de Gobierno de la Diputaci\u00f3n Provincial sobre subvenci\u00f3n para la financiaci\u00f3n de sus cuotas.<\/span><\/h3>\n<p style=\"padding-left: 40px;\"><a href=\"https:\/\/www.bombersdv.es\/wp-content\/uploads\/2023\/01\/2023_00001_ES.pdf\" target=\"_blank\" rel=\"noopener\">PDF\/BOP<\/a><\/p>\n<h3><span style=\"color: #ff0000;\">Modificaci\u00f3n presupuestaria n\u00fam. 2\/2022\/7 por suplementos de cr\u00e9dito<\/span><\/h3>\n<p><a href=\"https:\/\/www.bombersdv.es\/wp-content\/uploads\/2022\/09\/anuncio-expte-2-2o22.pdf\" target=\"_blank\" rel=\"noopener\">Aprobaci\u00f3n definitiva BOP 178, de 15\/09\/2022<\/a><\/p>\n<p style=\"text-align: justify;\">La Asamblea General del Consorcio Provincial de Bomberos de Valencia, en sesi\u00f3n celebrada el d\u00eda 13 de julio de 2022 aprob\u00f3 inicialmente el expediente de Modificaci\u00f3n Presupuestaria, n\u00famero 2\/2022\/7 por suplementos de cr\u00e9dito cuyo importe total asciende a 188.077,53 \u20ac<\/p>\n<p style=\"text-align: justify;\">Con el mismo se pretenden dotar los cr\u00e9ditos necesarios para modificaci\u00f3n de la Plantilla y Relaci\u00f3n de puestos de trabajo del personal del a\u00f1o 2022 con ocasi\u00f3n del estudio y dimensionado de la plantilla y RPT elaborado por parte de la Universitat de Val\u00e8ncia, as\u00ed como otras necesidades estructurales de esta Administraci\u00f3n (<a href=\"https:\/\/www.bombersdv.es\/wp-content\/uploads\/2022\/07\/informe-modificacion-julio-2022.pdf\" target=\"_blank\" rel=\"noopener\">Ver informe<\/a>)<\/p>\n<h3 class=\"fusion-responsive-typography-calculated\" data-fontsize=\"24\" data-lineheight=\"25.92px\"><span style=\"color: #ff0000;\">Modificaci\u00f3n presupuestaria 1\/2022\/7 por suplementos de cr\u00e9dito<\/span><\/h3>\n<p><a href=\"https:\/\/www.bombersdv.es\/wp-content\/uploads\/2022\/06\/anuncio-aprobacion-nodificaion-presupuestaria.pdf\" target=\"_blank\" rel=\"noopener\"><em><strong>Aprobaci\u00f3n definitiva: BOP n\u00famero 97, de 23\/05\/2022<\/strong><\/em><\/a><\/p>\n<p>La Asamblea General del Consorcio, en sesi\u00f3n celebrada el d\u00eda 8 de abril de 2022 aprob\u00f3 inicialmente el expediente de Modificaci\u00f3n Presupuestaria n\u00famero 1\/2022\/7 por suplementos de cr\u00e9dito. El anuncio de aprobaci\u00f3n incial fue publicado en el\u00a0<a href=\"https:\/\/www.bombersdv.es\/wp-content\/uploads\/2022\/05\/anuncio-incial-bop.pdf\" target=\"_blank\" rel=\"noopener\">Bolet\u00edn Oficial de la provincia de Val\u00e8ncia n\u00ba 75, de 21 de abril de 2022<\/a>.<\/p>\n<p>El expediente asciende a 6.082.678,25 \u20ac y se financia con cargo al remanente de tesorer\u00eda para la atenci\u00f3n de las siguientes necesidades:<\/p>\n<ul>\n<li>Reparaci\u00f3n y mantenimiento de edificios 126.076,57\u00a0 \u20ac: Circuitos de descontaminaci\u00f3n y otros en parques de bomberos<\/li>\n<li>Suministro combustible veh\u00edculo\/maquinaria 162.500,00 \u20ac<\/li>\n<li>Edificios y otras construcciones 3.866.101,68\u20ac: Suplementar los cr\u00e9ditos para la ampliaci\u00f3n y reforma integral de los parques de Sagunto y Gand\u00eda<\/li>\n<li>Maquinaria, instalaciones y utillaje 303.000,00\u20ac:\u00a0Suministro de equipos de comprobaci\u00f3n de herramientas de excarcelaci\u00f3n; suministro de equipo de excarcelaci\u00f3n a bater\u00edas para su emplazamiento en helic\u00f3ptero de rescate; suministro de bombas de achique y generadores el\u00e9ctricos y suministro de trajes de intervenci\u00f3n en incendios para reposiciones y necesidades derivadas de personal de nuevo ingreso.<\/li>\n<li>Veh\u00edculos 1.625.000,00\u20ac: Una (1) autoescalera extensible de 39 m; una (1) bomba forestal pesada; dos (2) unidades ligeras de mando y jefatura; una (1) unidad de personal y carga; un (1) cami\u00f3n de transporte de bombas de achique; dos (2) veh\u00edculos el\u00e9ctricos peque\u00f1os para servicios internos en Central; sistema de gr\u00faa y multilift para montaje sobre chasis antiguo autobrazo con destino a la Unidad de Rescate y Cat\u00e1strofes (UREC).<\/li>\n<\/ul>\n<h3><span style=\"color: #ff0000;\">Modificaci\u00f3n presupuestaria 1\/2022\/ 1 por transferencia de cr\u00e9ditos (364.269,94\u20ac)<\/span><\/h3>\n<p style=\"padding-left: 40px;\"><a href=\"https:\/\/www.bombersdv.es\/wp-content\/uploads\/2022\/10\/Decret_Decreto-Copia-autentica.pdf\" target=\"_blank\" rel=\"noopener\">Decreto 387 \/2022<\/a><\/p>\n<h3><span style=\"color: #ff0000;\">Modificaci\u00f3n presupuestaria 2\/2022\/ 2 por incorporaci\u00f3n de remanentes (11.477,08)<\/span><\/h3>\n<p style=\"padding-left: 40px;\"><a href=\"https:\/\/www.bombersdv.es\/wp-content\/uploads\/2022\/10\/Decreto-Copia-autentica-4.pdf\" target=\"_blank\" rel=\"noopener\">Decreto 245 \/2022<\/a><\/p>\n<h3><span style=\"color: #ff0000;\">Modificaci\u00f3n presupuestaria 1\/2022\/ 2 por incorporaci\u00f3n de remanentes (4.600.998,62\u20ac)<\/span><\/h3>\n<p style=\"padding-left: 40px;\">D<a href=\"https:\/\/www.bombersdv.es\/wp-content\/uploads\/2022\/10\/Decreto-Copia-autentica-3.pdf\" target=\"_blank\" rel=\"noopener\">ecreto 178 \/2022<\/a><\/p>\n<\/div><\/div><\/div><div class=\"fusion-panel panel-default panel-d695cd098ff402268 fusion-toggle-has-divider\" style=\"--awb-title-color:#333333;\"><div class=\"panel-heading\"><h4 class=\"panel-title toggle\" id=\"toggle_d695cd098ff402268\"><a aria-expanded=\"false\" aria-controls=\"d695cd098ff402268\" role=\"button\" data-toggle=\"collapse\" data-parent=\"#accordion-63516-1\" data-target=\"#d695cd098ff402268\" href=\"#d695cd098ff402268\"><span class=\"fusion-toggle-icon-wrapper\" aria-hidden=\"true\"><i class=\"fa-fusion-box active-icon awb-icon-minus\" aria-hidden=\"true\"><\/i><i class=\"fa-fusion-box inactive-icon awb-icon-plus\" aria-hidden=\"true\"><\/i><\/span><span class=\"fusion-toggle-heading\">Cuentas Anuales<\/span><\/a><\/h4><\/div><div id=\"d695cd098ff402268\" class=\"panel-collapse collapse \" aria-labelledby=\"toggle_d695cd098ff402268\"><div class=\"panel-body toggle-content fusion-clearfix\">\n\n<table id=\"tablepress-88\" class=\"tablepress tablepress-id-88\">\n<thead>\n<tr class=\"row-1\">\n\t<th class=\"column-1\">Contenido<strong><\/th><th class=\"column-2\">Enlace<\/th>\n<\/tr>\n<\/thead>\n<tbody class=\"row-striping row-hover\">\n<tr class=\"row-2\">\n\t<td class=\"column-1\">- BALANCE<\/td><td class=\"column-2\"><a href=\"https:\/\/www.bombersdv.es\/wp-content\/uploads\/2024\/01\/01_PDFsamCuentas-anuales-balance-Copia-autentica.pdf\" rel=\"noopener\" target=\"_blank\">PDF<\/a><\/td>\n<\/tr>\n<tr class=\"row-3\">\n\t<td class=\"column-1\">- CUENTA DEL RESULTADO ECON\u00d3MICO-PATRIMONIAL<\/td><td class=\"column-2\"><a href=\"https:\/\/www.bombersdv.es\/wp-content\/uploads\/2024\/01\/02_PDFsamCuentas-anuales-resultado-ec-pat-Copia-autentica.pdf\" rel=\"noopener\" target=\"_blank\">PDF<\/a><\/td>\n<\/tr>\n<tr class=\"row-4\">\n\t<td class=\"column-1\">- ESTADO DE CAMBIOS EN EL PATRIMONIO NETO<\/td><td class=\"column-2\"><a href=\"https:\/\/www.bombersdv.es\/wp-content\/uploads\/2024\/01\/03_CG2023Cuentas-anuales-cambios-patrimonio-Copia-autentica.pdf\" rel=\"noopener\" target=\"_blank\">PDF<\/a><\/td>\n<\/tr>\n<tr class=\"row-5\">\n\t<td class=\"column-1\">- ESTADO DE FLUJOS DE EFECTIVO<\/td><td class=\"column-2\"><a href=\"https:\/\/www.bombersdv.es\/wp-content\/uploads\/2024\/01\/04_CG2023Cuentas-anuales-flujos-Copia-autentica.pdf\" rel=\"noopener\" target=\"_blank\">PDF<\/a><\/td>\n<\/tr>\n<tr class=\"row-6\">\n\t<td class=\"column-1\">- ESTADO DE LIQUIDACI\u00d3N DEL PRESUPUESTO (Res\u00famenes)<\/td><td class=\"column-2\"><a href=\"https:\/\/www.bombersdv.es\/wp-content\/uploads\/2024\/01\/05_CG2023Cuentas-anuales-liquidacion-resum-Copia-autentica.pdf\" rel=\"noopener\" target=\"_blank\">PDF<\/a><\/td>\n<\/tr>\n<tr class=\"row-7\">\n\t<td class=\"column-1\">- MEMORIA<\/td><td class=\"column-2\"><\/td>\n<\/tr>\n<tr class=\"row-8\">\n\t<td class=\"column-1\">1. Organizaci\u00f3n y actividad<\/td><td class=\"column-2\"><a href=\"https:\/\/www.bombersdv.es\/wp-content\/uploads\/2024\/01\/1_61_CG2023Cuentas-anuales-mem-organizacion-y-actividad-Copia-autentica.pdf\" rel=\"noopener\" target=\"_blank\">PDF<\/a><\/td>\n<\/tr>\n<tr class=\"row-9\">\n\t<td class=\"column-1\">2. Gesti\u00f3n indirecta de servicios p\u00fablicos, convenios y otras formas de colaboraci\u00f3n<br \/>\n3. Bases de presentaci\u00f3n de las cuentas<br \/>\n4. Normas de reconocimiento y valoraci\u00f3n<br \/>\n5. Inmovilizado material<br \/>\n6. Patrimonio p\u00fablico del suelo<br \/>\n7. Inversiones inmobiliarias<br \/>\n8. Inmovilizado intangible<br \/>\n9. Arrendamientos financieros y otras operaciones de naturaleza similar<\/td><td class=\"column-2\"><a href=\"https:\/\/www.bombersdv.es\/wp-content\/uploads\/2024\/01\/2_-80_CG2023Cuentas-anuales-mem-2-a-9-Copia-autentica.pdf\" rel=\"noopener\" target=\"_blank\">PDF<\/a><\/td>\n<\/tr>\n<tr class=\"row-10\">\n\t<td class=\"column-1\">10. Activos financieros<br \/>\n11. Pasivos financieros<br \/>\n12. Coberturas contables<br \/>\n13. Activos construidos o adquiridos para otras entidades y otras existencias<br \/>\n14. Moneda extranjera<br \/>\n15. Transferencias, subvenciones y otros ingresos y gastos<br \/>\n16. Provisiones y contingencias<br \/>\n17. Informaci\u00f3n sobre medio ambiente<br \/>\n<\/td><td class=\"column-2\"><a href=\"https:\/\/www.bombersdv.es\/wp-content\/uploads\/2024\/01\/10_-96_CG2023Cuentas-anuales-mem-10-a-17-Copia-autentica.pdf\" rel=\"noopener\" target=\"_blank\">PDF<\/a><\/td>\n<\/tr>\n<tr class=\"row-11\">\n\t<td class=\"column-1\">18. Activos en estado de venta<br \/>\n19. Presentaci\u00f3n por actividades de la cuenta del resultado econ\u00f3mico patrimonial<br \/>\n20. Operaciones por administraci\u00f3n de recursos por cuenta de otros entes p\u00fablicos<br \/>\n21. Operaciones no presupuestarias de tesorer\u00eda<br \/>\n22. Contrataci\u00f3n administrativa. Procedimientos de adjudicaci\u00f3n.<br \/>\n23. Valores recibidos en dep\u00f3sito<br \/>\n<\/td><td class=\"column-2\"><a href=\"https:\/\/www.bombersdv.es\/wp-content\/uploads\/2024\/01\/18_140_CG2023Cuentas-anuales-mem-18-a-23-Copia-autentica.pdf\" rel=\"noopener\" target=\"_blank\">PDF<\/a><\/td>\n<\/tr>\n<tr class=\"row-12\">\n\t<td class=\"column-1\">24. Informaci\u00f3n presupuestaria<br \/>\n24.1 Ejercicio corriente<br \/>\n1) Presupuesto de gastos<br \/>\na. Modificaciones de cr\u00e9dito<br \/>\n2) Presupuesto de ingresos<br \/>\na. Proceso de gesti\u00f3n<br \/>\na.1 Derechos anulados<br \/>\na.2 Derechos cancelados<br \/>\na.3 Recaudaci\u00f3n neta<br \/>\nb. Devoluciones de ingresos<br \/>\nc. Compromisos de ingreso<br \/>\n24.2 Ejercicios cerrados<br \/>\n1) Presupuesto de gastos. Obligaciones de presupuestos cerrados.<br \/>\n2) Derechos a cobrar de presupuestos cerrados<br \/>\na. Derechos pendientes de cobro totales<br \/>\nb. Derechos anulados<br \/>\nc. Derechos cancelados<br \/>\n3) Variaci\u00f3n de resultados presupuestarios de ejercicios anteriores<br \/>\n24.3 Ejercicios posteriores<br \/>\n1) Compromisos de gasto con cargo a presupuestos de ejercicios posteriores<br \/>\n2) Compromisos de ingreso con cargo a presupuestos de ejercicios posteriores<br \/>\n24.4 Ejecuci\u00f3n de proyectos de gasto<br \/>\n24.5 Gastos con financiaci\u00f3n afectada<br \/>\n24.6 Remanente de tesorer\u00eda<br \/>\n24.7 Acreedores por operaciones devengadas<\/td><td class=\"column-2\"><a href=\"https:\/\/www.bombersdv.es\/wp-content\/uploads\/2024\/01\/24_156_CG2023Cuentas-anuales-informacion-presupuestaria-Copia-autentica.pdf\" rel=\"noopener\" target=\"_blank\">PDF<\/a><\/td>\n<\/tr>\n<tr class=\"row-13\">\n\t<td class=\"column-1\">25. Indicadores financieros, patrimoniales y presupuestarios<br \/>\n25.1 Indicadores financieros y patrimoniales<br \/>\n25.2 Indicadores presupuestarios<\/td><td class=\"column-2\"><a href=\"https:\/\/www.bombersdv.es\/wp-content\/uploads\/2024\/01\/25_248_CG2023Cuentas-anuales-indicadores-1FPP-Copia-autentica.pdf\" rel=\"noopener\" target=\"_blank\">PDF<\/a><\/td>\n<\/tr>\n<tr class=\"row-14\">\n\t<td class=\"column-1\">26. Informaci\u00f3n sobre el coste de las actividades<br \/>\n26.1 Resumen general de costes de la entidad<br \/>\n26.2 Resumen del coste por elementos de las actividades<br \/>\n26.3 Resumen de costes por actividad<br \/>\n26.4 Resumen relacionando costes e ingresos de las actividades<\/td><td class=\"column-2\"><a href=\"https:\/\/www.bombersdv.es\/wp-content\/uploads\/2024\/01\/26_253_CG2023Cuentas-anuales-coste-actividades-Copia-autentica.pdf\" rel=\"noopener\" target=\"_blank\">PDF<\/a><\/td>\n<\/tr>\n<tr class=\"row-15\">\n\t<td class=\"column-1\">27. Indicadores de gesti\u00f3n<br \/>\n28. Hechos posteriores al cierre<br \/>\n29. Aspectos derivados de la transici\u00f3n a las nuevas normas<br \/>\n<\/td><td class=\"column-2\"><a href=\"https:\/\/www.bombersdv.es\/wp-content\/uploads\/2024\/01\/27_CG2022Cuentas-anuales-indicadores-2-gestion-Copia-autentica.pdf\" rel=\"noopener\" target=\"_blank\">PDF<\/a><\/td>\n<\/tr>\n<tr class=\"row-16\">\n\t<td class=\"column-1\">30. Estado de Conciliaci\u00f3n bancaria<\/td><td class=\"column-2\"><a href=\"https:\/\/www.bombersdv.es\/wp-content\/uploads\/2024\/01\/30_261_CG2022Cuentas-anuales-conciliacion-bancaria-3-Copia-autentica_compressed-1.pdf\" rel=\"noopener\" target=\"_blank\">PDF<\/a><\/td>\n<\/tr>\n<tr class=\"row-17\">\n\t<td class=\"column-1\">31. Balance de comprobaci\u00f3n<\/td><td class=\"column-2\"><a href=\"https:\/\/www.bombersdv.es\/wp-content\/uploads\/2024\/01\/31_301_CG2023Cuentas-anuales-Balance-comprobacion-Copia-autentica.pdf\" rel=\"noopener\" target=\"_blank\">PDF<\/a><\/td>\n<\/tr>\n<tr class=\"row-18\">\n\t<td class=\"column-1\">Informe de Intervenci\u00f3n<\/td><td class=\"column-2\"><a href=\"https:\/\/www.bombersdv.es\/wp-content\/uploads\/2024\/01\/Informe-de-Intervencion-Copia-autentica.pdf\" rel=\"noopener\" target=\"_blank\">PDF<\/a><\/td>\n<\/tr>\n<tr class=\"row-19\">\n\t<td class=\"column-1\">Acuerdo Asamblea General<\/td><td class=\"column-2\"><a href=\"https:\/\/www.bombersdv.es\/wp-content\/uploads\/2024\/01\/Certificado-2023_SEE_S158_00001-Copia-autentica.pdf\" rel=\"noopener\" target=\"_blank\">PDF<\/a><\/td>\n<\/tr>\n<\/tbody>\n<\/table>\n<!-- #tablepress-88 from cache -->\n<\/div><\/div><\/div><\/div><\/div><div class=\"fusion-clearfix\"><\/div><\/div><\/div><\/div><\/div><\/p>\n","protected":false},"excerpt":{"rendered":"","protected":false},"author":183,"featured_media":0,"parent":63494,"menu_order":0,"comment_status":"closed","ping_status":"closed","template":"100-width.php","meta":{"footnotes":""},"class_list":["post-63516","page","type-page","status-publish","hentry"],"_links":{"self":[{"href":"https:\/\/www.bombersdv.es\/es\/wp-json\/wp\/v2\/pages\/63516"}],"collection":[{"href":"https:\/\/www.bombersdv.es\/es\/wp-json\/wp\/v2\/pages"}],"about":[{"href":"https:\/\/www.bombersdv.es\/es\/wp-json\/wp\/v2\/types\/page"}],"author":[{"embeddable":true,"href":"https:\/\/www.bombersdv.es\/es\/wp-json\/wp\/v2\/users\/183"}],"replies":[{"embeddable":true,"href":"https:\/\/www.bombersdv.es\/es\/wp-json\/wp\/v2\/comments?post=63516"}],"version-history":[{"count":3,"href":"https:\/\/www.bombersdv.es\/es\/wp-json\/wp\/v2\/pages\/63516\/revisions"}],"predecessor-version":[{"id":68285,"href":"https:\/\/www.bombersdv.es\/es\/wp-json\/wp\/v2\/pages\/63516\/revisions\/68285"}],"up":[{"embeddable":true,"href":"https:\/\/www.bombersdv.es\/es\/wp-json\/wp\/v2\/pages\/63494"}],"wp:attachment":[{"href":"https:\/\/www.bombersdv.es\/es\/wp-json\/wp\/v2\/media?parent=63516"}],"curies":[{"name":"wp","href":"https:\/\/api.w.org\/{rel}","templated":true}]}}