{"id":63525,"date":"2023-01-12T11:45:19","date_gmt":"2023-01-12T10:45:19","guid":{"rendered":"https:\/\/www.bombersdv.es\/?page_id=63525"},"modified":"2023-01-12T13:44:10","modified_gmt":"2023-01-12T12:44:10","slug":"informacion-economica-anos-anteriores-2021","status":"publish","type":"page","link":"https:\/\/www.bombersdv.es\/es\/portal-de-transparencia\/informacion-economica\/informacion-presupuestaria-anos-anteriores\/informacion-economica-anos-anteriores-2021\/","title":{"rendered":"Informaci\u00f3n Econ\u00f3mica a\u00f1os anteriores 2021"},"content":{"rendered":"<p><div class=\"fusion-fullwidth fullwidth-box fusion-builder-row-1 nonhundred-percent-fullwidth non-hundred-percent-height-scrolling\" style=\"--awb-border-radius-top-left:0px;--awb-border-radius-top-right:0px;--awb-border-radius-bottom-right:0px;--awb-border-radius-bottom-left:0px;--awb-flex-wrap:wrap;\" ><div class=\"fusion-builder-row fusion-row\"><div class=\"fusion-layout-column fusion_builder_column fusion-builder-column-0 fusion_builder_column_1_1 1_1 fusion-one-full fusion-column-first fusion-column-last\" style=\"--awb-bg-size:cover;--awb-margin-bottom:0px;\"><div class=\"fusion-column-wrapper fusion-flex-column-wrapper-legacy\"><div class=\"fusion-text fusion-text-1\"><\/div><div class=\"fusion-clearfix\"><\/div><\/div><\/div><\/div><\/div><div class=\"fusion-fullwidth fullwidth-box fusion-builder-row-2 nonhundred-percent-fullwidth non-hundred-percent-height-scrolling\" style=\"--awb-background-position:left top;--awb-border-sizes-top:0px;--awb-border-sizes-bottom:0px;--awb-border-sizes-left:0px;--awb-border-sizes-right:0px;--awb-border-radius-top-left:0px;--awb-border-radius-top-right:0px;--awb-border-radius-bottom-right:0px;--awb-border-radius-bottom-left:0px;--awb-padding-top:30px;--awb-padding-bottom:0px;--awb-flex-wrap:wrap;\" ><div class=\"fusion-builder-row fusion-row\"><div class=\"fusion-layout-column fusion_builder_column fusion-builder-column-1 fusion_builder_column_1_1 1_1 fusion-one-full fusion-column-first fusion-column-last\" style=\"--awb-bg-size:cover;--awb-margin-bottom:0px;\"><div class=\"fusion-column-wrapper fusion-flex-column-wrapper-legacy\"><div class=\"fusion-content-boxes content-boxes columns row fusion-columns-1 fusion-columns-total-1 fusion-content-boxes-1 content-boxes-icon-on-side content-left\" style=\"--awb-title-color:#d32f13;--awb-margin-bottom:0px;--awb-hover-accent-color:#d32f13;--awb-circle-hover-accent-color:#d32f13;--awb-item-margin-bottom:40px;\" data-animationOffset=\"top-into-view\"><div style=\"--awb-backgroundcolor:rgba(255,255,255,0);--awb-content-padding-left:140px;\" class=\"fusion-column content-box-column content-box-column content-box-column-1 col-lg-12 col-md-12 col-sm-12 fusion-content-box-hover content-box-column-last content-box-column-last-in-row\"><div class=\"col content-box-wrapper content-wrapper link-area-link-icon icon-hover-animation-fade\" data-animationOffset=\"top-into-view\"><div class=\"heading heading-with-icon icon-left\"><div aria-hidden=\"true\" class=\"image\"><img decoding=\"async\" src=\"http:\/\/www.bombersdv.es\/wp-content\/uploads\/2014\/11\/visitas-a-colegios-icon.png\" width=\"120\" height=\"120\" alt=\"\" \/><\/div><h2 class=\"content-box-heading fusion-responsive-typography-calculated\" style=\"--h2_typography-font-size:34px;--fontSize:34;line-height:1.09;padding-left:140px;\"><strong>Informaci\u00f3n Econ\u00f3mica a\u00f1os anteriores: 2021<\/strong><\/h2><\/div><div class=\"fusion-clearfix\"><\/div><div class=\"content-container\">\n<h4 style=\"text-align: justify;\">Los documentos disponibles en este apartado son los siguientes:<\/h4>\n<\/div><\/div><\/div><div class=\"fusion-clearfix\"><\/div><\/div><div class=\"fusion-clearfix\"><\/div><\/div><\/div><\/div><\/div><div class=\"fusion-fullwidth fullwidth-box fusion-builder-row-3 nonhundred-percent-fullwidth non-hundred-percent-height-scrolling\" style=\"--awb-background-position:left top;--awb-border-sizes-top:0px;--awb-border-sizes-bottom:0px;--awb-border-sizes-left:0px;--awb-border-sizes-right:0px;--awb-border-radius-top-left:0px;--awb-border-radius-top-right:0px;--awb-border-radius-bottom-right:0px;--awb-border-radius-bottom-left:0px;--awb-padding-top:20px;--awb-padding-bottom:20px;--awb-flex-wrap:wrap;\" ><div class=\"fusion-builder-row fusion-row\"><div class=\"fusion-layout-column fusion_builder_column fusion-builder-column-2 fusion_builder_column_1_1 1_1 fusion-one-full fusion-column-first fusion-column-last\" style=\"--awb-padding-top:20px;--awb-padding-right:20px;--awb-padding-bottom:20px;--awb-padding-left:20px;--awb-bg-size:cover;--awb-margin-top:30px;\"><div class=\"fusion-column-wrapper fusion-flex-column-wrapper-legacy\"><div class=\"accordian fusion-accordian\" style=\"--awb-border-size:1px;--awb-icon-size:13px;--awb-content-font-size:15px;--awb-icon-alignment:left;--awb-hover-color:#f9f9f9;--awb-border-color:#cccccc;--awb-background-color:#ffffff;--awb-divider-color:#e0dede;--awb-divider-hover-color:#e0dede;--awb-icon-color:#ffffff;--awb-title-color:#333333;--awb-content-color:#747474;--awb-icon-box-color:#333333;--awb-toggle-hover-accent-color:#d32f13;--awb-title-font-family:&quot;Raleway&quot;;--awb-title-font-weight:500;--awb-title-font-style:normal;--awb-title-font-size:20px;--awb-content-font-family:&quot;Raleway&quot;;--awb-content-font-style:normal;--awb-content-font-weight:500;\"><div class=\"panel-group fusion-toggle-icon-boxed\" id=\"accordion-63525-1\"><div class=\"fusion-panel panel-default panel-981ebf6fe90590ea1 fusion-toggle-has-divider\"><div class=\"panel-heading\"><h4 class=\"panel-title toggle\" id=\"toggle_981ebf6fe90590ea1\"><a aria-expanded=\"false\" aria-controls=\"981ebf6fe90590ea1\" role=\"button\" data-toggle=\"collapse\" data-parent=\"#accordion-63525-1\" data-target=\"#981ebf6fe90590ea1\" href=\"#981ebf6fe90590ea1\"><span class=\"fusion-toggle-icon-wrapper\" aria-hidden=\"true\"><i class=\"fa-fusion-box active-icon awb-icon-minus\" aria-hidden=\"true\"><\/i><i class=\"fa-fusion-box inactive-icon awb-icon-plus\" aria-hidden=\"true\"><\/i><\/span><span class=\"fusion-toggle-heading\">Presupuesto<\/span><\/a><\/h4><\/div><div id=\"981ebf6fe90590ea1\" class=\"panel-collapse collapse \" aria-labelledby=\"toggle_981ebf6fe90590ea1\"><div class=\"panel-body toggle-content fusion-clearfix\">\n<h4><span style=\"color: #ff0000;\">Presupuesto del Consorcio para el ejercicio 2021<\/span><\/h4>\n<p style=\"text-align: justify; padding-left: 40px;\">La<strong><span style=\"color: #ff6600;\"> Asamblea General<\/span> <\/strong>del Consorcio en sesi\u00f3n celebrada el d\u00eda <strong><span style=\"color: #ff6600;\">21 de diciembre de 2020<\/span><\/strong> acord\u00f3 aprobar el Presupuesto del Consorcio para 2021 y remitirlo a\u00a0 la Diputaci\u00f3n de Valencia a los efectos de conformar el Presupuesto General del Grupo Diputaci\u00f3n de Valencia para ser aprobado por el procedimiento legalmente establecido.<\/p>\n<p style=\"text-align: justify; padding-left: 40px;\">El <span style=\"color: #ff6600;\"><strong>Pleno de la Diputaci\u00f3n Provincial de Valencia<\/strong><\/span> en sesi\u00f3n celebrada el <strong><span style=\"color: #ff6600;\">d\u00eda 31 de diciembre de 2020<\/span><\/strong>, adopt\u00f3 acuerdo aprobando inicialmente el Presupuesto General para el ejercicio 2021, integrado por el Presupuesto de la propia Diputaci\u00f3n, el Presupuesto del Organismo Aut\u00f3nomo Patronato de Turismo, el <span style=\"color: #ff0000;\"><strong>Presupuesto del Consorcio de Bomberos<\/strong> <\/span>y los estados previsionales de la empresa provincial Divalterra SA, igualmente han sido aprobadas las Bases de Ejecuci\u00f3n de los Presupuestos, los anexos de los mismos y las plantillas de personal.<\/p>\n<p style=\"text-align: justify; padding-left: 40px;\">Esta aprobaci\u00f3n se hizo p\u00fablica mediante <a href=\"https:\/\/www.bombersdv.es\/wp-content\/uploads\/2021\/01\/anuncio-aprobacion-inicial.pdf\" target=\"_blank\" rel=\"noopener\">anuncio insertado en el Bolet\u00edn Oficial de la provincia de Valencia n\u00famero 251, de 31 de diciembre de 2020<\/a>, indic\u00e1ndose que, durante el plazo de quince d\u00edas de exposici\u00f3n al p\u00fablico, contados a partir del siguiente al de esa publicaci\u00f3n podr\u00e1n los interesados examinar los expedientes que se encuentran de manifiesto en la Oficina Presupuestaria de la Intervenci\u00f3n General de la Diputaci\u00f3n, durante cuyo plazo podr\u00e1n presentarse reclamaciones ante el Pleno de la Corporaci\u00f3n, consider\u00e1ndose definitivamente adoptado el acuerdo en el supuesto de que no se hubiera formulado reclamaci\u00f3n alguna.<\/p>\n<p style=\"padding-left: 40px;\"><a href=\"https:\/\/www.bombersdv.es\/wp-content\/uploads\/2021\/02\/drvisapi.pdf\" target=\"_blank\" rel=\"noopener\">Publicaci\u00f3n aprobaci\u00f3n definitiva<\/a>.<\/p>\n<p style=\"padding-left: 40px;\">En el expediente aprobado por la Asamblea del Consorcio constan los siguientes documentos:<\/p>\n<ul>\n<li style=\"list-style-type: none;\">\n<ul>\n<li style=\"list-style-type: none;\">\n<ul>\n<li><a href=\"https:\/\/www.bombersdv.es\/wp-content\/uploads\/2021\/01\/1.Memoria-Copia-autentica.pdf\" target=\"_blank\" rel=\"noopener\">Memoria<\/a><\/li>\n<li><a href=\"https:\/\/www.bombersdv.es\/wp-content\/uploads\/2021\/01\/7_Estado-de-gastos-Copia-autentica.pdf\" target=\"_blank\" rel=\"noopener\">Estado de gastos<\/a><\/li>\n<li><a href=\"https:\/\/www.bombersdv.es\/wp-content\/uploads\/2021\/01\/8.Estado-de-ingresos-Copia-autentica.pdf\" target=\"_blank\" rel=\"noopener\">Estado de ingresos<\/a><\/li>\n<li><a href=\"https:\/\/www.bombersdv.es\/wp-content\/uploads\/2021\/01\/2.-Anexo-de-Inversiones-Copia-autentica.pdf\" target=\"_blank\" rel=\"noopener\">Anexo de Inversiones<\/a><\/li>\n<li><a href=\"https:\/\/www.bombersdv.es\/wp-content\/uploads\/2021\/01\/6_Bases-de-ejecucion-Copia-autentica.pdf\" target=\"_blank\" rel=\"noopener\">Bases de ejecuci\u00f3n<\/a><\/li>\n<li><a href=\"https:\/\/www.bombersdv.es\/wp-content\/uploads\/2021\/01\/9.-Porcentaje-de-votos-Copia-autentica.pdf\" target=\"_blank\" rel=\"noopener\">Porcentaje de votos entidades consorciadas<\/a><\/li>\n<li><a href=\"https:\/\/www.bombersdv.es\/wp-content\/uploads\/2021\/01\/10.-Liquidacion-2019-y-avance-2020-Copia-autentica.pdf\" target=\"_blank\" rel=\"noopener\">Liquidaci\u00f3n 2019 y avance 2020<\/a><\/li>\n<li><a href=\"https:\/\/www.bombersdv.es\/wp-content\/uploads\/2021\/01\/5.-Informe-sobre-la-carga-financiera-Copia-autentica.pdf\" target=\"_blank\" rel=\"noopener\">Informe sobre la carga financiera<\/a><\/li>\n<li><a href=\"https:\/\/www.bombersdv.es\/wp-content\/uploads\/2021\/01\/4.-Informe-de-Intervencion-Copia-autentica.pdf\" target=\"_blank\" rel=\"noopener\">Informe de Intervenci\u00f3n<\/a><\/li>\n<li><a href=\"https:\/\/www.bombersdv.es\/wp-content\/uploads\/2021\/01\/3.-Informe-economico-financiero-Copia-autentica.pdf\" target=\"_blank\" rel=\"noopener\">Informe Econ\u00f3mico Financiero<\/a><\/li>\n<li><a href=\"https:\/\/www.bombersdv.es\/wp-content\/uploads\/2021\/01\/11.-Anexo_Annex-de-Personal-2021-Copia-autentica.pdf\" target=\"_blank\" rel=\"noopener\">Anexo de personal<\/a><\/li>\n<li><a href=\"https:\/\/www.bombersdv.es\/wp-content\/uploads\/2021\/01\/Isocronas-2021-Copia-autentica.pdf\" target=\"_blank\" rel=\"noopener\">Isocronas<\/a><\/li>\n<li><a href=\"https:\/\/www.bombersdv.es\/wp-content\/uploads\/2021\/01\/Proposta-d_acord-_Propuesta-de-acuerdo-Copia-autentica.pdf\" target=\"_blank\" rel=\"noopener\">Propuesta de Acuerdo<\/a><\/li>\n<\/ul>\n<\/li>\n<\/ul>\n<\/li>\n<li><span style=\"color: #ff0000;\">Modificaciones presupuestarias 2021<\/span>\n<ul>\n<li>1\/2021\/2 Incorporaci\u00f3n remanentes (5.211.449,94); <a href=\"https:\/\/www.bombersdv.es\/wp-content\/uploads\/2022\/10\/Incorporacion-de-remanentes-Copia-autentica.pdf\" target=\"_blank\" rel=\"noopener\">Decreto 215\/2021<\/a><\/li>\n<li>2\/2021\/2 Incorporaci\u00f3n remanentes (259.652,19); <a href=\"https:\/\/www.bombersdv.es\/wp-content\/uploads\/2022\/10\/Decreto-incorporacion-de-remanentes-Copia-autentica.pdf\" target=\"_blank\" rel=\"noopener\">Decreto 271\/2021<\/a><\/li>\n<li>1\/2021\/1 Transferencia entre aplicaciones de gastos (139.440,08); <a href=\"https:\/\/www.bombersdv.es\/wp-content\/uploads\/2022\/10\/Decreto-Copia-autentica-7.pdf\" target=\"_blank\" rel=\"noopener\">Decreto 510\/2021<\/a><\/li>\n<li>2\/2021\/1 Transferencia entre aplicaciones de gastos (150.000); <a href=\"https:\/\/www.bombersdv.es\/wp-content\/uploads\/2022\/10\/Decreto-Copia-autentica-6.pdf\" target=\"_blank\" rel=\"noopener\">Decreto 782\/2021<\/a><\/li>\n<li>3\/2021\/1 Transferencia entre aplicaciones de gastos (173.812,67); <a href=\"https:\/\/www.bombersdv.es\/wp-content\/uploads\/2022\/10\/Decret-modificacio-pressupostaria-Copia-autentica.pdf\" target=\"_blank\" rel=\"noopener\">Decreto 1051\/2021<\/a><\/li>\n<li>4\/2021\/1 Transferencia entre aplicaciones de gastos (174.136,92); <a href=\"https:\/\/www.bombersdv.es\/wp-content\/uploads\/2022\/10\/Decreto-Copia-autentica-5.pdf\" target=\"_blank\" rel=\"noopener\">Decreto 1262\/2021<\/a><\/li>\n<\/ul>\n<\/li>\n<\/ul>\n<ul>\n<li style=\"list-style-type: none;\"><\/li>\n<\/ul>\n<\/div><\/div><\/div><div class=\"fusion-panel panel-default panel-1127b7a5d2264697a fusion-toggle-has-divider\"><div class=\"panel-heading\"><h4 class=\"panel-title toggle\" id=\"toggle_1127b7a5d2264697a\"><a aria-expanded=\"false\" aria-controls=\"1127b7a5d2264697a\" role=\"button\" data-toggle=\"collapse\" data-parent=\"#accordion-63525-1\" data-target=\"#1127b7a5d2264697a\" href=\"#1127b7a5d2264697a\"><span class=\"fusion-toggle-icon-wrapper\" aria-hidden=\"true\"><i class=\"fa-fusion-box active-icon awb-icon-minus\" aria-hidden=\"true\"><\/i><i class=\"fa-fusion-box inactive-icon awb-icon-plus\" aria-hidden=\"true\"><\/i><\/span><span class=\"fusion-toggle-heading\">Cuentas Anuales<\/span><\/a><\/h4><\/div><div id=\"1127b7a5d2264697a\" class=\"panel-collapse collapse \" aria-labelledby=\"toggle_1127b7a5d2264697a\"><div class=\"panel-body toggle-content fusion-clearfix\">\n<ul>\n<li>\n<h3><span style=\"color: #ff0000;\">Cuentas anuales 2021<\/span><\/h3>\n<ul>\n<li><a href=\"https:\/\/www.bombersdv.es\/wp-content\/uploads\/2022\/09\/cuentas-21-pt.pdf\" target=\"_blank\" rel=\"noopener\">Documento de la cuenta<\/a><\/li>\n<li><a href=\"https:\/\/www.bombersdv.es\/wp-content\/uploads\/2022\/09\/Informe-de-Intervencion-cg-2021-Copia-autentica-10.pdf\" target=\"_blank\" rel=\"noopener\">Informe de Intervenci\u00f3n<\/a><\/li>\n<li><a href=\"https:\/\/www.bombersdv.es\/wp-content\/uploads\/2022\/09\/anuncio-cuenta-2021.pdf\" target=\"_blank\" rel=\"noopener\">Anuncio BOP<\/a><\/li>\n<\/ul>\n<\/li>\n<li>\n<h3><span style=\"color: #ff0000;\">Liquidaci\u00f3n 2021<\/span><\/h3>\n<ul>\n<li><a href=\"https:\/\/www.bombersdv.es\/wp-content\/uploads\/2022\/04\/Decret-Copia-autentica.pdf\" target=\"_blank\" rel=\"noopener\">Decreto de aprobaci\u00f3n<\/a><\/li>\n<li><a href=\"https:\/\/www.bombersdv.es\/wp-content\/uploads\/2022\/04\/Liquidacion-del-presupuesto-ejercicio-2021-Copia-autentica.pdf\" target=\"_blank\" rel=\"noopener\">Documento liquidaci\u00f3n<\/a><\/li>\n<li><a href=\"https:\/\/www.bombersdv.es\/wp-content\/uploads\/2022\/04\/Informe-de-Intervencion-Copia-autentica-1.pdf\" target=\"_blank\" rel=\"noopener\">Informe de Intervenci\u00f3n<\/a><\/li>\n<li><a href=\"https:\/\/www.bombersdv.es\/wp-content\/uploads\/2022\/04\/Informe-de-la-Unidad-Economica-Copia-autentica.pdf\" target=\"_blank\" rel=\"noopener\">Informe de la Unidad Econ\u00f3mica<\/a><\/li>\n<\/ul>\n<\/li>\n<li>\n<h3><a href=\"https:\/\/www.bombersdv.es\/wp-content\/uploads\/2022\/12\/20221201-DIP00-Informe-Aud-Cuenta-21-DEF-CONSORCI-BOMBERS-VALNCIA-v0.pdf\" target=\"_blank\" rel=\"noopener\"><span style=\"color: #ff0000;\">Informe de auditor\u00eda 2021<\/span><\/a><\/h3>\n<\/li>\n<\/ul>\n<\/div><\/div><\/div><\/div><\/div><div class=\"fusion-clearfix\"><\/div><\/div><\/div><\/div><\/div><\/p>\n","protected":false},"excerpt":{"rendered":"","protected":false},"author":183,"featured_media":0,"parent":63494,"menu_order":0,"comment_status":"closed","ping_status":"closed","template":"100-width.php","meta":{"footnotes":""},"class_list":["post-63525","page","type-page","status-publish","hentry"],"_links":{"self":[{"href":"https:\/\/www.bombersdv.es\/es\/wp-json\/wp\/v2\/pages\/63525"}],"collection":[{"href":"https:\/\/www.bombersdv.es\/es\/wp-json\/wp\/v2\/pages"}],"about":[{"href":"https:\/\/www.bombersdv.es\/es\/wp-json\/wp\/v2\/types\/page"}],"author":[{"embeddable":true,"href":"https:\/\/www.bombersdv.es\/es\/wp-json\/wp\/v2\/users\/183"}],"replies":[{"embeddable":true,"href":"https:\/\/www.bombersdv.es\/es\/wp-json\/wp\/v2\/comments?post=63525"}],"version-history":[{"count":2,"href":"https:\/\/www.bombersdv.es\/es\/wp-json\/wp\/v2\/pages\/63525\/revisions"}],"predecessor-version":[{"id":63581,"href":"https:\/\/www.bombersdv.es\/es\/wp-json\/wp\/v2\/pages\/63525\/revisions\/63581"}],"up":[{"embeddable":true,"href":"https:\/\/www.bombersdv.es\/es\/wp-json\/wp\/v2\/pages\/63494"}],"wp:attachment":[{"href":"https:\/\/www.bombersdv.es\/es\/wp-json\/wp\/v2\/media?parent=63525"}],"curies":[{"name":"wp","href":"https:\/\/api.w.org\/{rel}","templated":true}]}}