{"id":63541,"date":"2023-01-12T12:07:08","date_gmt":"2023-01-12T11:07:08","guid":{"rendered":"https:\/\/www.bombersdv.es\/?page_id=63541"},"modified":"2023-01-12T13:53:37","modified_gmt":"2023-01-12T12:53:37","slug":"informacion-economica-anos-anteriores-2020","status":"publish","type":"page","link":"https:\/\/www.bombersdv.es\/es\/portal-de-transparencia\/informacion-economica\/informacion-presupuestaria-anos-anteriores\/informacion-economica-anos-anteriores-2020\/","title":{"rendered":"Informaci\u00f3n Econ\u00f3mica a\u00f1os anteriores 2020"},"content":{"rendered":"<p><div class=\"fusion-fullwidth fullwidth-box fusion-builder-row-1 nonhundred-percent-fullwidth non-hundred-percent-height-scrolling\" style=\"--awb-border-radius-top-left:0px;--awb-border-radius-top-right:0px;--awb-border-radius-bottom-right:0px;--awb-border-radius-bottom-left:0px;--awb-flex-wrap:wrap;\" ><div class=\"fusion-builder-row fusion-row\"><div class=\"fusion-layout-column fusion_builder_column fusion-builder-column-0 fusion_builder_column_1_1 1_1 fusion-one-full fusion-column-first fusion-column-last\" style=\"--awb-bg-size:cover;--awb-margin-bottom:0px;\"><div class=\"fusion-column-wrapper fusion-flex-column-wrapper-legacy\"><div class=\"fusion-text fusion-text-1\"><\/div><div class=\"fusion-clearfix\"><\/div><\/div><\/div><\/div><\/div><div class=\"fusion-fullwidth fullwidth-box fusion-builder-row-2 nonhundred-percent-fullwidth non-hundred-percent-height-scrolling\" style=\"--awb-background-position:left top;--awb-border-sizes-top:0px;--awb-border-sizes-bottom:0px;--awb-border-sizes-left:0px;--awb-border-sizes-right:0px;--awb-border-radius-top-left:0px;--awb-border-radius-top-right:0px;--awb-border-radius-bottom-right:0px;--awb-border-radius-bottom-left:0px;--awb-padding-top:30px;--awb-padding-bottom:0px;--awb-flex-wrap:wrap;\" ><div class=\"fusion-builder-row fusion-row\"><div class=\"fusion-layout-column fusion_builder_column fusion-builder-column-1 fusion_builder_column_1_1 1_1 fusion-one-full fusion-column-first fusion-column-last\" style=\"--awb-bg-size:cover;--awb-margin-bottom:0px;\"><div class=\"fusion-column-wrapper fusion-flex-column-wrapper-legacy\"><div class=\"fusion-content-boxes content-boxes columns row fusion-columns-1 fusion-columns-total-1 fusion-content-boxes-1 content-boxes-icon-on-side content-left\" style=\"--awb-title-color:#d32f13;--awb-margin-bottom:0px;--awb-hover-accent-color:#d32f13;--awb-circle-hover-accent-color:#d32f13;--awb-item-margin-bottom:40px;\" data-animationOffset=\"top-into-view\"><div style=\"--awb-backgroundcolor:rgba(255,255,255,0);--awb-content-padding-left:140px;\" class=\"fusion-column content-box-column content-box-column content-box-column-1 col-lg-12 col-md-12 col-sm-12 fusion-content-box-hover content-box-column-last content-box-column-last-in-row\"><div class=\"col content-box-wrapper content-wrapper link-area-link-icon icon-hover-animation-fade\" data-animationOffset=\"top-into-view\"><div class=\"heading heading-with-icon icon-left\"><div aria-hidden=\"true\" class=\"image\"><img decoding=\"async\" src=\"http:\/\/www.bombersdv.es\/wp-content\/uploads\/2014\/11\/visitas-a-colegios-icon.png\" width=\"120\" height=\"120\" alt=\"\" \/><\/div><h2 class=\"content-box-heading fusion-responsive-typography-calculated\" style=\"--h2_typography-font-size:34px;--fontSize:34;line-height:1.09;padding-left:140px;\"><strong>Informaci\u00f3n Econ\u00f3mica a\u00f1os anteriores: 2020<\/strong><\/h2><\/div><div class=\"fusion-clearfix\"><\/div><div class=\"content-container\">\n<h4 style=\"text-align: justify;\">Los documentos disponibles en este apartado son los siguientes:<\/h4>\n<\/div><\/div><\/div><div class=\"fusion-clearfix\"><\/div><\/div><div class=\"fusion-clearfix\"><\/div><\/div><\/div><\/div><\/div><div class=\"fusion-fullwidth fullwidth-box fusion-builder-row-3 nonhundred-percent-fullwidth non-hundred-percent-height-scrolling\" style=\"--awb-background-position:left top;--awb-border-sizes-top:0px;--awb-border-sizes-bottom:0px;--awb-border-sizes-left:0px;--awb-border-sizes-right:0px;--awb-border-radius-top-left:0px;--awb-border-radius-top-right:0px;--awb-border-radius-bottom-right:0px;--awb-border-radius-bottom-left:0px;--awb-padding-top:20px;--awb-padding-bottom:20px;--awb-flex-wrap:wrap;\" ><div class=\"fusion-builder-row fusion-row\"><div class=\"fusion-layout-column fusion_builder_column fusion-builder-column-2 fusion_builder_column_1_1 1_1 fusion-one-full fusion-column-first fusion-column-last\" style=\"--awb-padding-top:20px;--awb-padding-right:20px;--awb-padding-bottom:20px;--awb-padding-left:20px;--awb-bg-size:cover;--awb-margin-top:30px;\"><div class=\"fusion-column-wrapper fusion-flex-column-wrapper-legacy\"><div class=\"accordian fusion-accordian\" style=\"--awb-border-size:1px;--awb-icon-size:13px;--awb-content-font-size:15px;--awb-icon-alignment:left;--awb-hover-color:#f9f9f9;--awb-border-color:#cccccc;--awb-background-color:#ffffff;--awb-divider-color:#e0dede;--awb-divider-hover-color:#e0dede;--awb-icon-color:#ffffff;--awb-title-color:#333333;--awb-content-color:#747474;--awb-icon-box-color:#333333;--awb-toggle-hover-accent-color:#d32f13;--awb-title-font-family:&quot;Raleway&quot;;--awb-title-font-weight:500;--awb-title-font-style:normal;--awb-title-font-size:20px;--awb-content-font-family:&quot;Raleway&quot;;--awb-content-font-style:normal;--awb-content-font-weight:500;\"><div class=\"panel-group fusion-toggle-icon-boxed\" id=\"accordion-63541-1\"><div class=\"fusion-panel panel-default panel-7714312df98427193 fusion-toggle-has-divider\"><div class=\"panel-heading\"><h4 class=\"panel-title toggle\" id=\"toggle_7714312df98427193\"><a aria-expanded=\"false\" aria-controls=\"7714312df98427193\" role=\"button\" data-toggle=\"collapse\" data-parent=\"#accordion-63541-1\" data-target=\"#7714312df98427193\" href=\"#7714312df98427193\"><span class=\"fusion-toggle-icon-wrapper\" aria-hidden=\"true\"><i class=\"fa-fusion-box active-icon awb-icon-minus\" aria-hidden=\"true\"><\/i><i class=\"fa-fusion-box inactive-icon awb-icon-plus\" aria-hidden=\"true\"><\/i><\/span><span class=\"fusion-toggle-heading\">Presupuesto<\/span><\/a><\/h4><\/div><div id=\"7714312df98427193\" class=\"panel-collapse collapse \" aria-labelledby=\"toggle_7714312df98427193\"><div class=\"panel-body toggle-content fusion-clearfix\">\n<h3><span style=\"color: #ff0000;\">Presupuesto del Consorcio para el ejercicio 2020<\/span><\/h3>\n<p style=\"text-align: justify;\">La Asamblea General del Consorcio en sesi\u00f3n celebrada el d\u00eda 20 de diciembre de 2019 acord\u00f3 aprobar el Presupuesto del Consorcio para 2020 y remitirlo a\u00a0 la Diputaci\u00f3n de Valencia a los efectos de conformar el Presupuesto General del Grupo Diputaci\u00f3n de Valencia para ser aprobado por el procedimiento legalmente establecido.<\/p>\n<p style=\"text-align: justify;\">El Pleno de la Diputaci\u00f3n Provincial de Valencia en sesi\u00f3n celebrada el d\u00eda 30 de diciembre de 2019, adopt\u00f3 acuerdo aprobando inicialmente el Presupuesto General para el ejercicio 2020, integrado por el Presupuesto de la propia Diputaci\u00f3n, el Presupuesto del Organismo Aut\u00f3nomo Patronato de Turismo, el Presupuesto del Consorcio de Bomberos y los estados previsionales de la empresa provincial Divalterra SA, igualmente han sido aprobadas las Bases de Ejecuci\u00f3n de los Presupuestos, los anexos de los mismos y las plantillas de personal.<\/p>\n<p style=\"text-align: justify;\">Esta aprobaci\u00f3n se hizo p\u00fablica mediante anuncio insertado en el Bolet\u00edn Oficial de la provincia de Valencia n\u00famero 250, de 31 de diciembre de 2019, indic\u00e1ndose que, durante el plazo de quince d\u00edas de exposici\u00f3n al p\u00fablico, contados a partir del siguiente al de esa publicaci\u00f3n podr\u00e1n los interesados examinar los expedientes que se encuentran de manifiesto en la Oficina Presupuestaria de la Intervenci\u00f3n General de la Diputaci\u00f3n, durante cuyo plazo podr\u00e1n presentarse reclamaciones ante el Pleno de la Corporaci\u00f3n, consider\u00e1ndose definitivamente adoptado el acuerdo en el supuesto de que no se hubiera formulado reclamaci\u00f3n alguna.<\/p>\n<p><a href=\"https:\/\/www.bombersdv.es\/wp-content\/uploads\/2020\/03\/document.pdf\" target=\"_blank\" rel=\"noopener noreferrer\">Publicaci\u00f3n aprobaci\u00f3n definitiva.<\/a><\/p>\n<p style=\"text-align: justify;\">En el expediente aprobado por la Asamblea del Consorcio constan los siguientes documentos:<\/p>\n<ul>\n<li><a href=\"https:\/\/www.bombersdv.es\/wp-content\/uploads\/2020\/01\/memoria.pdf\" target=\"_blank\" rel=\"noopener noreferrer\">Memoria<\/a><\/li>\n<li><a href=\"https:\/\/www.bombersdv.es\/wp-content\/uploads\/2020\/01\/estado-de-gastos.pdf\" target=\"_blank\" rel=\"noopener noreferrer\">Estado de gastos<\/a><\/li>\n<li><a href=\"https:\/\/www.bombersdv.es\/wp-content\/uploads\/2020\/01\/estado-de-ingresos.pdf\" target=\"_blank\" rel=\"noopener noreferrer\">Estado de ingresos<\/a><\/li>\n<li><a href=\"https:\/\/www.bombersdv.es\/wp-content\/uploads\/2020\/01\/anexo-inversiones.pdf\" target=\"_blank\" rel=\"noopener noreferrer\">Anexo de Inversiones<\/a><\/li>\n<li><a href=\"https:\/\/www.bombersdv.es\/wp-content\/uploads\/2020\/01\/bases-de-ejecucion-2020.pdf\" target=\"_blank\" rel=\"noopener noreferrer\">Bases de ejecuci\u00f3n<\/a><\/li>\n<li><a href=\"https:\/\/www.bombersdv.es\/wp-content\/uploads\/2020\/01\/porcentaje-voros-entidades-consorciadas.pdf\" target=\"_blank\" rel=\"noopener noreferrer\">Porcentaje de votos entidades consorciadas<\/a><\/li>\n<li><a href=\"https:\/\/www.bombersdv.es\/wp-content\/uploads\/2020\/01\/liquidacio-18-y-avance-19.pdf\" target=\"_blank\" rel=\"noopener noreferrer\">Liquidaci\u00f3n 2018 y avance 2019<\/a><\/li>\n<li><a href=\"https:\/\/www.bombersdv.es\/wp-content\/uploads\/2020\/01\/informe-sobre-la-carga-financiera.pdf\" target=\"_blank\" rel=\"noopener noreferrer\">Informe sobre la carga financiera<\/a><\/li>\n<li><a href=\"https:\/\/www.bombersdv.es\/wp-content\/uploads\/2020\/01\/informe-de-intervencion.pdf\" target=\"_blank\" rel=\"noopener noreferrer\">Informe de Intervenci\u00f3n<\/a><\/li>\n<li><a href=\"https:\/\/www.bombersdv.es\/wp-content\/uploads\/2020\/01\/informe-economico-financiero.pdf\" target=\"_blank\" rel=\"noopener noreferrer\">Informe Econ\u00f3mico Financiero<\/a><\/li>\n<\/ul>\n<h4>Presupuesto 2020 Expediente de modificaci\u00f3n de cr\u00e9ditos 1\/2020\/6 mediante cr\u00e9ditos extraordinarios<\/h4>\n<p style=\"padding-left: 30px;\">Documentos:<\/p>\n<p style=\"padding-left: 60px;\">0.- Anuncio de exposici\u00f3n del expediente en el bop\u00a0 de Val\u00e8ncia 90, de 13\/05\/2020.\u00a0<a href=\"https:\/\/www.bombersdv.es\/wp-content\/uploads\/2020\/05\/CREDITOS-EXTRAORDINARIOS.pdf\" target=\"_blank\" rel=\"noopener noreferrer\">PDF<\/a>. Se somete el expediente a informaci\u00f3n p\u00fablica por plazo de quince d\u00edas, a contar desde el d\u00eda siguiente de la publicaci\u00f3n de este anuncio en el Bolet\u00edn Oficial de la Provincia de Val\u00e8ncia.\u00a0Si en el plazo expresado no se presentan reclamaciones, se considerar\u00e1 aprobado el expediente de modificaci\u00f3n presupuestaria con car\u00e1cter definitivo.<\/p>\n<p style=\"padding-left: 60px;\">1.- <a href=\"https:\/\/www.bombersdv.es\/wp-content\/uploads\/2020\/05\/1_Solicitud-del-Servicio-de-RRHH_cr\u00e9dito-extraordinario_1_2020_6.pdf\" target=\"_blank\" rel=\"noopener noreferrer\">Solicitud Servicio RRHH<\/a><\/p>\n<p style=\"padding-left: 60px;\">2.-\u00a0<a href=\"https:\/\/www.bombersdv.es\/wp-content\/uploads\/2020\/05\/2_Diligencia-a-la-solicitud-presentada-por-RRHH_cr\u00e9dito-extraordinario_1_2020_6.pdf\" target=\"_blank\" rel=\"noopener noreferrer\">Diligencia a la anterior solicitud<\/a><\/p>\n<p style=\"padding-left: 60px;\">3.- <a href=\"https:\/\/www.bombersdv.es\/wp-content\/uploads\/2020\/05\/3_Informe-de-la-Unidad-Econ\u00f3mica_cr\u00e9dito-extraordinario_1_2020_6.pdf\" target=\"_blank\" rel=\"noopener noreferrer\">Informe Unidad Econ\u00f3mica<\/a><\/p>\n<p style=\"padding-left: 60px;\">4.- <a href=\"https:\/\/www.bombersdv.es\/wp-content\/uploads\/2020\/05\/4_Memoria-de-la-Unidad-Econ\u00f3mica_cr\u00e9dito-extraordinario_1_2020_6.pdf\" target=\"_blank\" rel=\"noopener noreferrer\">Memoria de la Unidad Econ\u00f3mica<\/a><\/p>\n<p style=\"padding-left: 60px;\">5.- <a href=\"https:\/\/www.bombersdv.es\/wp-content\/uploads\/2020\/05\/5_Informe-de-Intervenci\u00f3n_cr\u00e9dito-extraordinario_1_2020_6.pdf\" target=\"_blank\" rel=\"noopener noreferrer\">Informe de Intervenci\u00f3n<\/a><\/p>\n<p style=\"padding-left: 60px;\">6.- <a href=\"https:\/\/www.bombersdv.es\/wp-content\/uploads\/2020\/05\/6_Propuesta-de-gerencia_cr\u00e9dito-extraordinario_1_2020_6.pdf\" target=\"_blank\" rel=\"noopener noreferrer\">Propuesta de la Gerencia<\/a><\/p>\n<p style=\"padding-left: 60px;\">7.- <a href=\"https:\/\/www.bombersdv.es\/wp-content\/uploads\/2020\/05\/7_Decreto-aprobaci\u00f3n-modificaci\u00f3n-presupuestaria_cr\u00e9dito-extraordinario_1_2020_6.pdf\" target=\"_blank\" rel=\"noopener noreferrer\">Decreto de Aprobaci\u00f3n<\/a><\/p>\n<h4>Presupuesto 2020 Expediente de modificaci\u00f3n de cr\u00e9ditos 1\/2020\/7 mediante suplemento de cr\u00e9ditos financiados con el Remanente L\u00edquido de Tesorer\u00eda para Gastos Generales<\/h4>\n<p style=\"padding-left: 30px;\">Documentos:<\/p>\n<p style=\"padding-left: 60px;\">0.- Anuncio de exposici\u00f3n del expediente en el bop\u00a0 de Val\u00e8ncia 90, de 13\/05\/2020.\u00a0<a href=\"https:\/\/www.bombersdv.es\/wp-content\/uploads\/2020\/05\/SUPLEMENTOS-DE-CREDITOS.pdf\" target=\"_blank\" rel=\"noopener noreferrer\">PDF.<\/a> Se somete el expediente a informaci\u00f3n p\u00fablica por plazo de quince d\u00edas, a contar desde el d\u00eda siguiente de la publicaci\u00f3n de este anuncio en el Bolet\u00edn Oficial de la Provincia de Val\u00e8ncia.\u00a0Si en el plazo expresado no se presentan reclamaciones, se considerar\u00e1 aprobado el expediente de modificaci\u00f3n presupuestaria con car\u00e1cter definitivo.<\/p>\n<p style=\"padding-left: 60px;\">1.- <a href=\"https:\/\/www.bombersdv.es\/wp-content\/uploads\/2020\/05\/1_informe20029_credit_extra_C_19_010_Suplemento-de-cr\u00e9dito_1_2020_7.pdf\" target=\"_blank\" rel=\"noopener noreferrer\">Informe<\/a><\/p>\n<p style=\"padding-left: 60px;\">2.-<a href=\"https:\/\/www.bombersdv.es\/wp-content\/uploads\/2020\/05\/2_Memoria-de-la-Unidad-Econ\u00f3mica_Suplemento-de-cr\u00e9dito_1_2020_7.pdf\" target=\"_blank\" rel=\"noopener noreferrer\"> Memoria de la Unidad Econ\u00f3mica<\/a><\/p>\n<p style=\"padding-left: 60px;\">3.- <a href=\"https:\/\/www.bombersdv.es\/wp-content\/uploads\/2020\/05\/3_Informe-de-Intervenci\u00f3n_Suplemento-de-cr\u00e9dito_1_2020_7.pdf\" target=\"_blank\" rel=\"noopener noreferrer\">Informe de Intervenci\u00f3n<\/a><\/p>\n<p style=\"padding-left: 60px;\">4.- <a href=\"https:\/\/www.bombersdv.es\/wp-content\/uploads\/2020\/05\/4_Propuesta-Gerencia_Suplemento-de-cr\u00e9dito_1_2020_7.pdf\" target=\"_blank\" rel=\"noopener noreferrer\">Propuesta de la Gerencia<\/a><\/p>\n<p style=\"padding-left: 60px;\">5.- <a href=\"https:\/\/www.bombersdv.es\/wp-content\/uploads\/2020\/05\/5_Decreto_Suplemento-de-cr\u00e9dito_1_2020_7.pdf\" target=\"_blank\" rel=\"noopener noreferrer\">Decreto de Aprobaci\u00f3n.<\/a><\/p>\n<h3><\/h3>\n<\/div><\/div><\/div><div class=\"fusion-panel panel-default panel-fc83334f875aed0fc fusion-toggle-has-divider\"><div class=\"panel-heading\"><h4 class=\"panel-title toggle\" id=\"toggle_fc83334f875aed0fc\"><a aria-expanded=\"false\" aria-controls=\"fc83334f875aed0fc\" role=\"button\" data-toggle=\"collapse\" data-parent=\"#accordion-63541-1\" data-target=\"#fc83334f875aed0fc\" href=\"#fc83334f875aed0fc\"><span class=\"fusion-toggle-icon-wrapper\" aria-hidden=\"true\"><i class=\"fa-fusion-box active-icon awb-icon-minus\" aria-hidden=\"true\"><\/i><i class=\"fa-fusion-box inactive-icon awb-icon-plus\" aria-hidden=\"true\"><\/i><\/span><span class=\"fusion-toggle-heading\">Cuentas Anuales<\/span><\/a><\/h4><\/div><div id=\"fc83334f875aed0fc\" class=\"panel-collapse collapse \" aria-labelledby=\"toggle_fc83334f875aed0fc\"><div class=\"panel-body toggle-content fusion-clearfix\">\n<ul>\n<li>\n<h3><span style=\"color: #ff0000;\">Cuentas anuales 2020. Aprobadas por la Asamblea General el 23 de julio de 2021<\/span><\/h3>\n<ul>\n<li><a href=\"https:\/\/www.bombersdv.es\/wp-content\/uploads\/2021\/12\/Cuentas-anuales-Copia-autentica.pdf\" target=\"_blank\" rel=\"noopener\">Documento Cuenta General\u00a0<\/a><\/li>\n<li><a href=\"https:\/\/www.bombersdv.es\/wp-content\/uploads\/2021\/12\/Informe-de-Intervencion-Copia-autentica.pdf\" target=\"_blank\" rel=\"noopener\">Informe de Intervenci\u00f3n<\/a><\/li>\n<li><a href=\"https:\/\/www.bombersdv.es\/wp-content\/uploads\/2021\/12\/Certificado-2021_SEE_S146_00001-Copia-autentica.pdf\" target=\"_blank\" rel=\"noopener\">Acuerdo de aprobaci\u00f3n Asamblea General<\/a><\/li>\n<li><span style=\"color: #333399;\"><strong><a style=\"color: #333399;\" href=\"https:\/\/www.bombersdv.es\/wp-content\/uploads\/2021\/12\/Informe-definitivo-auditoria-firmado-Copia-autentica.pdf\" target=\"_blank\" rel=\"noopener\">Informe de auditor\u00eda<\/a><\/strong><\/span><\/li>\n<\/ul>\n<\/li>\n<li>\n<h3><span style=\"color: #ff0000;\">Liquidaci\u00f3n 2020<\/span><\/h3>\n<ul>\n<li><a href=\"https:\/\/www.bombersdv.es\/wp-content\/uploads\/2021\/12\/Decreto-Copia-autentica.pdf\" target=\"_blank\" rel=\"noopener\">Decreto de aprobaci\u00f3n (15\/02\/2021)<\/a><\/li>\n<li><a href=\"https:\/\/www.bombersdv.es\/wp-content\/uploads\/2021\/12\/Liquidacion-2020-Copia-autentica.pdf\" target=\"_blank\" rel=\"noopener\">Documento Liquidaci\u00f3n 2020<\/a><\/li>\n<\/ul>\n<\/li>\n<\/ul>\n<\/div><\/div><\/div><div class=\"fusion-panel panel-default panel-d78d5a094701a407f fusion-toggle-has-divider\"><div class=\"panel-heading\"><h4 class=\"panel-title toggle\" id=\"toggle_d78d5a094701a407f\"><a aria-expanded=\"false\" aria-controls=\"d78d5a094701a407f\" role=\"button\" data-toggle=\"collapse\" data-parent=\"#accordion-63541-1\" data-target=\"#d78d5a094701a407f\" href=\"#d78d5a094701a407f\"><span class=\"fusion-toggle-icon-wrapper\" aria-hidden=\"true\"><i class=\"fa-fusion-box active-icon awb-icon-minus\" aria-hidden=\"true\"><\/i><i class=\"fa-fusion-box inactive-icon awb-icon-plus\" aria-hidden=\"true\"><\/i><\/span><span class=\"fusion-toggle-heading\">Ayudas y Subvenciones<\/span><\/a><\/h4><\/div><div id=\"d78d5a094701a407f\" class=\"panel-collapse collapse \" aria-labelledby=\"toggle_d78d5a094701a407f\"><div class=\"panel-body toggle-content fusion-clearfix\">\n<p><strong>Regulaci\u00f3n subvenciones en el Consorcio:<\/strong> <a href=\"https:\/\/www.bombersdv.es\/es\/?page_id=50681&amp;preview=true\" target=\"_blank\" rel=\"noopener noreferrer\"><span style=\"color: #0000ff;\">Base 52 de las de ejecuci\u00f3n del presupuesto (2020) en vigor<\/span><\/a><\/p>\n<p style=\"text-align: justify;\"><strong>Programa 2020.<\/strong> Memoria presupuesto: .&#8221; Cap\u00edtulo IV Transferencias corrientes. El Consorcio consigna en sus presupuestos cr\u00e9ditos por importe de <strong>48.000,00 \u20ac<\/strong> para la concesi\u00f3n de subvenciones de inter\u00e9s p\u00fablico, social y humanitario. Anualmente suelen concederse peque\u00f1as subvenciones para financiar actividades deportivas y culturales del personal (que se canalizan a trav\u00e9s de las distintas Asociaciones Deportivo Culturales de Bomberos), colaborar con la Asociaci\u00f3n de Bomberos Veteranos y otras causas solidarias.&#8221;<\/p>\n<\/div><\/div><\/div><\/div><\/div><div class=\"fusion-clearfix\"><\/div><\/div><\/div><\/div><\/div><\/p>\n","protected":false},"excerpt":{"rendered":"","protected":false},"author":183,"featured_media":0,"parent":63494,"menu_order":0,"comment_status":"closed","ping_status":"closed","template":"100-width.php","meta":{"footnotes":""},"class_list":["post-63541","page","type-page","status-publish","hentry"],"_links":{"self":[{"href":"https:\/\/www.bombersdv.es\/es\/wp-json\/wp\/v2\/pages\/63541"}],"collection":[{"href":"https:\/\/www.bombersdv.es\/es\/wp-json\/wp\/v2\/pages"}],"about":[{"href":"https:\/\/www.bombersdv.es\/es\/wp-json\/wp\/v2\/types\/page"}],"author":[{"embeddable":true,"href":"https:\/\/www.bombersdv.es\/es\/wp-json\/wp\/v2\/users\/183"}],"replies":[{"embeddable":true,"href":"https:\/\/www.bombersdv.es\/es\/wp-json\/wp\/v2\/comments?post=63541"}],"version-history":[{"count":3,"href":"https:\/\/www.bombersdv.es\/es\/wp-json\/wp\/v2\/pages\/63541\/revisions"}],"predecessor-version":[{"id":63584,"href":"https:\/\/www.bombersdv.es\/es\/wp-json\/wp\/v2\/pages\/63541\/revisions\/63584"}],"up":[{"embeddable":true,"href":"https:\/\/www.bombersdv.es\/es\/wp-json\/wp\/v2\/pages\/63494"}],"wp:attachment":[{"href":"https:\/\/www.bombersdv.es\/es\/wp-json\/wp\/v2\/media?parent=63541"}],"curies":[{"name":"wp","href":"https:\/\/api.w.org\/{rel}","templated":true}]}}