{"id":63955,"date":"2023-02-09T09:32:12","date_gmt":"2023-02-09T08:32:12","guid":{"rendered":"https:\/\/www.bombersdv.es\/?page_id=63955"},"modified":"2023-02-16T11:47:22","modified_gmt":"2023-02-16T10:47:22","slug":"instrucciones-de-contratacion-2023-v2","status":"publish","type":"page","link":"https:\/\/www.bombersdv.es\/es\/banco-normativo-interno\/instrucciones-de-contratacion-2023-v2\/","title":{"rendered":"Instrucciones de contrataci\u00f3n 2023 (v2)"},"content":{"rendered":"<p><div class=\"fusion-fullwidth fullwidth-box fusion-builder-row-1 fusion-flex-container nonhundred-percent-fullwidth non-hundred-percent-height-scrolling\" style=\"--awb-border-radius-top-left:0px;--awb-border-radius-top-right:0px;--awb-border-radius-bottom-right:0px;--awb-border-radius-bottom-left:0px;--awb-flex-wrap:wrap;\" ><div class=\"fusion-builder-row fusion-row fusion-flex-align-items-flex-start fusion-flex-content-wrap\" style=\"max-width:1248px;margin-left: calc(-4% \/ 2 );margin-right: calc(-4% \/ 2 );\"><div class=\"fusion-layout-column fusion_builder_column fusion-builder-column-0 fusion_builder_column_1_1 1_1 fusion-flex-column\" style=\"--awb-bg-size:cover;--awb-width-large:100%;--awb-margin-top-large:0px;--awb-spacing-right-large:1.92%;--awb-margin-bottom-large:20px;--awb-spacing-left-large:1.92%;--awb-width-medium:100%;--awb-order-medium:0;--awb-spacing-right-medium:1.92%;--awb-spacing-left-medium:1.92%;--awb-width-small:100%;--awb-order-small:0;--awb-spacing-right-small:1.92%;--awb-spacing-left-small:1.92%;\"><div class=\"fusion-column-wrapper fusion-column-has-shadow fusion-flex-justify-content-flex-start fusion-content-layout-column\"><div class=\"fusion-text fusion-text-1\"><h2><span style=\"color: #ff0000;\">INSTRUCCIONES DE CONTRATACION 2023<\/span><\/h2>\n<p>P\u00e1gina informativa. El texto aprobado puede consultarse \u00edntegro en <a href=\"https:\/\/www.bombersdv.es\/download\/instrucciones-de-contratacion-2023\/\" target=\"_blank\" rel=\"noopener\">este enlace.<\/a><\/p>\n<p>Esta Instrucci\u00f3n se dicta con la pretensi\u00f3n de que los Servicios y Departamentos conozcan la documentaci\u00f3n que debe ser remitida a la Unidad de Contrataci\u00f3n para la tramitaci\u00f3n de los expedientes de contrataci\u00f3n, sus plazos, as\u00ed como su contenido. Asimismo, transmitir a los distintos Departamentos Gestores las principales novedades legislativas en materia de contrataci\u00f3n administrativa que pueden afectar a los contratos a tramitar en el ejercicio 2023, as\u00ed como las directrices sobre determinados aspectos y especialidades internas adoptadas a fin de facilitar la tramitaci\u00f3n de los expedientes de contrataci\u00f3n.<\/p>\n<\/div><\/div><\/div><\/div><\/div><div class=\"fusion-fullwidth fullwidth-box fusion-builder-row-2 fusion-flex-container nonhundred-percent-fullwidth non-hundred-percent-height-scrolling\" style=\"--awb-border-radius-top-left:0px;--awb-border-radius-top-right:0px;--awb-border-radius-bottom-right:0px;--awb-border-radius-bottom-left:0px;--awb-flex-wrap:wrap;\" ><div class=\"fusion-builder-row fusion-row fusion-flex-align-items-flex-start fusion-flex-content-wrap\" style=\"max-width:1248px;margin-left: calc(-4% \/ 2 );margin-right: calc(-4% \/ 2 );\"><div class=\"fusion-layout-column fusion_builder_column fusion-builder-column-1 fusion_builder_column_1_4 1_4 fusion-flex-column\" style=\"--awb-bg-size:cover;--awb-width-large:25%;--awb-margin-top-large:0px;--awb-spacing-right-large:7.68%;--awb-margin-bottom-large:20px;--awb-spacing-left-large:7.68%;--awb-width-medium:100%;--awb-order-medium:0;--awb-spacing-right-medium:1.92%;--awb-spacing-left-medium:1.92%;--awb-width-small:100%;--awb-order-small:0;--awb-spacing-right-small:1.92%;--awb-spacing-left-small:1.92%;\"><div class=\"fusion-column-wrapper fusion-column-has-shadow fusion-flex-justify-content-flex-start fusion-content-layout-column\"><div class=\"fusion-text fusion-text-2\"><p><strong><span style=\"color: #d32f13;\">1.- Novedades<\/span><\/strong><\/p>\n<p>Se contienen en este apartado las principales novedades en materia de contrataci\u00f3n introducidas en la materia por las normas de \u00e1mbito estatal (Ley de Presupuestos para 2023, Calidad de la Arquitectura, Creaci\u00f3n y crecimiento de empresas, etc)\u00a0 y auton\u00f3mico.<\/p>\n<div class=\"fusion-alignleft\"><a class=\"fusion-button button-flat button-medium button-default fusion-button-default button-1 fusion-button-default-span \" target=\"_self\" href=\"\/es\/novedades-de-contratacion-2023\/\"><span class=\"fusion-button-text\">Leer M\u00e1s<\/span><\/a><\/div>\n<\/div><\/div><\/div><div class=\"fusion-layout-column fusion_builder_column fusion-builder-column-2 fusion_builder_column_1_4 1_4 fusion-flex-column\" style=\"--awb-bg-size:cover;--awb-width-large:25%;--awb-margin-top-large:0px;--awb-spacing-right-large:7.68%;--awb-margin-bottom-large:20px;--awb-spacing-left-large:7.68%;--awb-width-medium:100%;--awb-order-medium:0;--awb-spacing-right-medium:1.92%;--awb-spacing-left-medium:1.92%;--awb-width-small:100%;--awb-order-small:0;--awb-spacing-right-small:1.92%;--awb-spacing-left-small:1.92%;\"><div class=\"fusion-column-wrapper fusion-column-has-shadow fusion-flex-justify-content-flex-start fusion-content-layout-column\"><div class=\"fusion-text fusion-text-3\"><p><strong><span style=\"color: #d32f13;\">2.- Cuestiones generales, contratos menores y basados\u00a0<\/span><\/strong><\/p>\n<p>Se agrupan en este apartado la informaci\u00f3n sobre umbrales por tipos de contrato, plazos\u00a0 para entregar la documentaci\u00f3n de inicio en Contrataci\u00f3n, contratos menores y contratos basados en un acuerdo marco<\/p>\n<div class=\"fusion-alignleft\"><a class=\"fusion-button button-flat button-medium button-default fusion-button-default button-2 fusion-button-default-span \" target=\"_self\" href=\"\/es\/cuestiones-generales-contratacion-2023\/\"><span class=\"fusion-button-text\">Leer M\u00e1s<\/span><\/a><\/div>\n<\/div><\/div><\/div><div class=\"fusion-layout-column fusion_builder_column fusion-builder-column-3 fusion_builder_column_1_4 1_4 fusion-flex-column\" style=\"--awb-bg-size:cover;--awb-width-large:25%;--awb-margin-top-large:0px;--awb-spacing-right-large:7.68%;--awb-margin-bottom-large:20px;--awb-spacing-left-large:7.68%;--awb-width-medium:100%;--awb-order-medium:0;--awb-spacing-right-medium:1.92%;--awb-spacing-left-medium:1.92%;--awb-width-small:100%;--awb-order-small:0;--awb-spacing-right-small:1.92%;--awb-spacing-left-small:1.92%;\"><div class=\"fusion-column-wrapper fusion-column-has-shadow fusion-flex-justify-content-flex-start fusion-content-layout-column\"><div class=\"fusion-text fusion-text-4\"><p><strong><span style=\"color: #ff0000;\">3.- Documentaci\u00f3n a remitir para el inicio del expediente<\/span><\/strong><\/p>\n<p>Enumera y detalla los documentos de necesarios para el inicio de los expedientes de contrataci\u00f3n como son memoria justificativa, solicitud de retenci\u00f3n de cr\u00e9dito, pliegos, Informe de insuficiencia de medios y otros informes &#8230;<\/p>\n<div class=\"fusion-alignleft\"><a class=\"fusion-button button-flat button-medium button-default fusion-button-default button-3 fusion-button-default-span \" target=\"_self\" href=\"\/es\/documentacion-a-remitir-para-el-inicio-del-expediente-de-contratacion\/\"><span class=\"fusion-button-text\">Leer M\u00e1s<\/span><\/a><\/div>\n<\/div><\/div><\/div><div class=\"fusion-layout-column fusion_builder_column fusion-builder-column-4 fusion_builder_column_1_4 1_4 fusion-flex-column\" style=\"--awb-bg-size:cover;--awb-width-large:25%;--awb-margin-top-large:0px;--awb-spacing-right-large:7.68%;--awb-margin-bottom-large:20px;--awb-spacing-left-large:7.68%;--awb-width-medium:100%;--awb-order-medium:0;--awb-spacing-right-medium:1.92%;--awb-spacing-left-medium:1.92%;--awb-width-small:100%;--awb-order-small:0;--awb-spacing-right-small:1.92%;--awb-spacing-left-small:1.92%;\"><div class=\"fusion-column-wrapper fusion-column-has-shadow fusion-flex-justify-content-flex-start fusion-content-layout-column\"><div class=\"fusion-text fusion-text-5\"><p><strong><span style=\"color: #d32f13;\">4.- Ejecuci\u00f3n de los contratos<\/span><\/strong><\/p>\n<p>Informaci\u00f3n sobre<\/p>\n<ul>\n<li>actas de recepci\u00f3n,<\/li>\n<li>informes de ejecuci\u00f3n,<\/li>\n<li>factura y visado y<\/li>\n<li>devoluci\u00f3n de de garant\u00eda definitiva.<\/li>\n<\/ul>\n<div class=\"fusion-alignleft\"><a class=\"fusion-button button-flat button-medium button-default fusion-button-default button-4 fusion-button-default-span \" target=\"_self\" href=\"\/es\/ejecucion-de-los-contratos\/\"><span class=\"fusion-button-text\">Leer M\u00e1s<\/span><\/a><\/div>\n<\/div><\/div><\/div><div class=\"fusion-layout-column fusion_builder_column fusion-builder-column-5 fusion_builder_column_1_4 1_4 fusion-flex-column\" style=\"--awb-bg-size:cover;--awb-width-large:25%;--awb-margin-top-large:0px;--awb-spacing-right-large:7.68%;--awb-margin-bottom-large:20px;--awb-spacing-left-large:7.68%;--awb-width-medium:100%;--awb-order-medium:0;--awb-spacing-right-medium:1.92%;--awb-spacing-left-medium:1.92%;--awb-width-small:100%;--awb-order-small:0;--awb-spacing-right-small:1.92%;--awb-spacing-left-small:1.92%;\"><div class=\"fusion-column-wrapper fusion-column-has-shadow fusion-flex-justify-content-flex-start fusion-content-layout-column\"><div class=\"fusion-text fusion-text-6\"><p><strong><span style=\"color: #ff0000;\">Modelo de Memoria justificativa de contratos de suministros<\/span><\/strong><\/p>\n<div class=\"fusion-alignleft\"><a class=\"fusion-button button-flat button-medium button-default fusion-button-default button-5 fusion-button-default-span \" target=\"_self\" href=\"\/es\/modelo-memoria-contratos-de-suministros\/\"><span class=\"fusion-button-text\">Leer M\u00e1s<\/span><\/a><\/div>\n<\/div><\/div><\/div><div class=\"fusion-layout-column fusion_builder_column fusion-builder-column-6 fusion_builder_column_1_4 1_4 fusion-flex-column\" style=\"--awb-bg-size:cover;--awb-width-large:25%;--awb-margin-top-large:0px;--awb-spacing-right-large:7.68%;--awb-margin-bottom-large:20px;--awb-spacing-left-large:7.68%;--awb-width-medium:100%;--awb-order-medium:0;--awb-spacing-right-medium:1.92%;--awb-spacing-left-medium:1.92%;--awb-width-small:100%;--awb-order-small:0;--awb-spacing-right-small:1.92%;--awb-spacing-left-small:1.92%;\"><div class=\"fusion-column-wrapper fusion-column-has-shadow fusion-flex-justify-content-flex-start fusion-content-layout-column\"><div class=\"fusion-text fusion-text-7\"><p><strong><span style=\"color: #ff0000;\">Modelo de Memoria justificativa de contratos de obras<\/span><\/strong><\/p>\n<div class=\"fusion-alignleft\"><a class=\"fusion-button button-flat button-medium button-default fusion-button-default button-6 fusion-button-default-span \" target=\"_self\" href=\"https:\/\/www.bombersdv.es\/es\/modelo-memoria-contratos-de-obras\/\"><span class=\"fusion-button-text\">Leer M\u00e1s<\/span><\/a><\/div>\n<\/div><\/div><\/div><div class=\"fusion-layout-column fusion_builder_column fusion-builder-column-7 fusion_builder_column_1_4 1_4 fusion-flex-column\" style=\"--awb-bg-size:cover;--awb-width-large:25%;--awb-margin-top-large:0px;--awb-spacing-right-large:7.68%;--awb-margin-bottom-large:20px;--awb-spacing-left-large:7.68%;--awb-width-medium:100%;--awb-order-medium:0;--awb-spacing-right-medium:1.92%;--awb-spacing-left-medium:1.92%;--awb-width-small:100%;--awb-order-small:0;--awb-spacing-right-small:1.92%;--awb-spacing-left-small:1.92%;\"><div class=\"fusion-column-wrapper fusion-column-has-shadow fusion-flex-justify-content-flex-start fusion-content-layout-column\"><div class=\"fusion-text fusion-text-8\"><p><strong><span style=\"color: #ff0000;\">Modelo de Memoria justificativa de contratos de servicios<\/span><\/strong><\/p>\n<div class=\"fusion-alignleft\"><a class=\"fusion-button button-flat button-medium button-default fusion-button-default button-7 fusion-button-default-span \" target=\"_self\" href=\"\/es\/modelo-memoria-contratos-de-servicios\/\"><span class=\"fusion-button-text\">Leer M\u00e1s<\/span><\/a><\/div>\n<\/div><\/div><\/div><div class=\"fusion-layout-column fusion_builder_column fusion-builder-column-8 fusion_builder_column_1_4 1_4 fusion-flex-column\" style=\"--awb-bg-size:cover;--awb-width-large:25%;--awb-margin-top-large:0px;--awb-spacing-right-large:7.68%;--awb-margin-bottom-large:20px;--awb-spacing-left-large:7.68%;--awb-width-medium:100%;--awb-order-medium:0;--awb-spacing-right-medium:1.92%;--awb-spacing-left-medium:1.92%;--awb-width-small:100%;--awb-order-small:0;--awb-spacing-right-small:1.92%;--awb-spacing-left-small:1.92%;\"><div class=\"fusion-column-wrapper fusion-column-has-shadow fusion-flex-justify-content-flex-start fusion-content-layout-column\"><div class=\"fusion-text fusion-text-9\"><p><strong><span style=\"color: #ff0000;\">Modelos de Memorias justificativas de contratos menores y contratos basados en acuerdos marco<\/span><\/strong><\/p>\n<div class=\"fusion-alignleft\"><a class=\"fusion-button button-flat button-medium button-default fusion-button-default button-8 fusion-button-default-span \" target=\"_self\" href=\"\/es\/modelos-memoria-menores-y-basados\/\"><span class=\"fusion-button-text\">Leer M\u00e1s<\/span><\/a><\/div>\n<\/div><\/div><\/div><\/div><\/div><\/p>\n","protected":false},"excerpt":{"rendered":"","protected":false},"author":183,"featured_media":0,"parent":59342,"menu_order":0,"comment_status":"closed","ping_status":"closed","template":"","meta":{"footnotes":""},"class_list":["post-63955","page","type-page","status-publish","hentry"],"_links":{"self":[{"href":"https:\/\/www.bombersdv.es\/es\/wp-json\/wp\/v2\/pages\/63955"}],"collection":[{"href":"https:\/\/www.bombersdv.es\/es\/wp-json\/wp\/v2\/pages"}],"about":[{"href":"https:\/\/www.bombersdv.es\/es\/wp-json\/wp\/v2\/types\/page"}],"author":[{"embeddable":true,"href":"https:\/\/www.bombersdv.es\/es\/wp-json\/wp\/v2\/users\/183"}],"replies":[{"embeddable":true,"href":"https:\/\/www.bombersdv.es\/es\/wp-json\/wp\/v2\/comments?post=63955"}],"version-history":[{"count":44,"href":"https:\/\/www.bombersdv.es\/es\/wp-json\/wp\/v2\/pages\/63955\/revisions"}],"predecessor-version":[{"id":64172,"href":"https:\/\/www.bombersdv.es\/es\/wp-json\/wp\/v2\/pages\/63955\/revisions\/64172"}],"up":[{"embeddable":true,"href":"https:\/\/www.bombersdv.es\/es\/wp-json\/wp\/v2\/pages\/59342"}],"wp:attachment":[{"href":"https:\/\/www.bombersdv.es\/es\/wp-json\/wp\/v2\/media?parent=63955"}],"curies":[{"name":"wp","href":"https:\/\/api.w.org\/{rel}","templated":true}]}}