{"id":64060,"date":"2023-02-08T12:54:11","date_gmt":"2023-02-08T11:54:11","guid":{"rendered":"https:\/\/www.bombersdv.es\/?page_id=64060"},"modified":"2023-02-09T09:37:14","modified_gmt":"2023-02-09T08:37:14","slug":"ejecucion-de-los-contratos","status":"publish","type":"page","link":"https:\/\/www.bombersdv.es\/es\/banco-normativo-interno\/instrucciones-de-contratacion-2023-v2\/ejecucion-de-los-contratos\/","title":{"rendered":"Ejecuci\u00f3n de los contratos"},"content":{"rendered":"<p><div class=\"fusion-fullwidth fullwidth-box fusion-builder-row-1 fusion-flex-container nonhundred-percent-fullwidth non-hundred-percent-height-scrolling\" style=\"--awb-border-radius-top-left:0px;--awb-border-radius-top-right:0px;--awb-border-radius-bottom-right:0px;--awb-border-radius-bottom-left:0px;--awb-flex-wrap:wrap;\" ><div class=\"fusion-builder-row fusion-row fusion-flex-align-items-flex-start fusion-flex-content-wrap\" style=\"max-width:1248px;margin-left: calc(-4% \/ 2 );margin-right: calc(-4% \/ 2 );\"><div class=\"fusion-layout-column fusion_builder_column fusion-builder-column-0 fusion_builder_column_1_1 1_1 fusion-flex-column\" style=\"--awb-bg-size:cover;--awb-width-large:100%;--awb-margin-top-large:0px;--awb-spacing-right-large:1.92%;--awb-margin-bottom-large:20px;--awb-spacing-left-large:1.92%;--awb-width-medium:100%;--awb-order-medium:0;--awb-spacing-right-medium:1.92%;--awb-spacing-left-medium:1.92%;--awb-width-small:100%;--awb-order-small:0;--awb-spacing-right-small:1.92%;--awb-spacing-left-small:1.92%;\"><div class=\"fusion-column-wrapper fusion-column-has-shadow fusion-flex-justify-content-flex-start fusion-content-layout-column\"><div class=\"fusion-text fusion-text-1\"><h3 style=\"text-align: center;\"><span style=\"color: #ff0000;\"><strong>EJECUCION DE LOS CONTRATOS<\/strong><\/span><\/h3>\n<\/div><\/div><\/div><\/div><\/div><div class=\"fusion-fullwidth fullwidth-box fusion-builder-row-2 nonhundred-percent-fullwidth non-hundred-percent-height-scrolling\" style=\"--awb-border-radius-top-left:0px;--awb-border-radius-top-right:0px;--awb-border-radius-bottom-right:0px;--awb-border-radius-bottom-left:0px;--awb-flex-wrap:wrap;\" ><div class=\"fusion-builder-row fusion-row\"><div class=\"fusion-layout-column fusion_builder_column fusion-builder-column-1 fusion_builder_column_1_2 1_2 fusion-one-half fusion-column-first\" style=\"--awb-bg-size:cover;--awb-margin-bottom:0px;width:48%; margin-right: 4%;\"><div class=\"fusion-column-wrapper fusion-flex-column-wrapper-legacy\"><div class=\"fusion-text fusion-text-2\"><p>4.5.- <strong>Actas de recepci\u00f3n y devoluci\u00f3n de garant\u00edas.<\/strong> Se recuerda asimismo a los departamentos que la constataci\u00f3n del cumplimiento del contrato requerir\u00e1 de la <strong>realizaci\u00f3n por parte del Servicio gestor de un acto formal y positivo de recepci\u00f3n o conformidad con la concurrencia del Interventor o persona en quien haya delegado, dentro del mes siguiente a la entrega o realizaci\u00f3n del objeto del contrato<\/strong>, o en el plazo diferente que se fije en el pliego de cl\u00e1usulas administrativas particulares por raz\u00f3n de sus caracter\u00edsticas (art. 210.2 LCSP).<\/p>\n<p>Aprobada la liquidaci\u00f3n del contrato y transcurrido el plazo de garant\u00eda fijado en el pliego de cl\u00e1usulas administrativas, si no resultaren responsabilidades se debe proceder a la devoluci\u00f3n de la garant\u00eda constituida o se cancelar\u00e1 el aval o seguro de cauci\u00f3n (art. 111.2 LCSP).<\/p>\n<p>El acuerdo de devoluci\u00f3n debe adoptarse y notificarse al interesado en el plazo de dos meses desde la finalizaci\u00f3n del plazo de garant\u00eda. Transcurrido el mismo, la Administraci\u00f3n deber\u00e1 abonar al contratista la cantidad adeudada incrementada con el inter\u00e9s legal del dinero correspondiente al per\u00edodo transcurrido desde el vencimiento del citado plazo hasta la fecha de devoluci\u00f3n de la garant\u00eda, si \u00e9sta no se hubiese hecho efectiva por causa imputable a la Administraci\u00f3n (art. 111.2, 2\u00ba p\u00e1rrafo).<\/p>\n<p>Pero, en todo caso y de conformidad con el art. 111.5:<\/p>\n<p style=\"padding-left: 40px;\">\u201cTranscurrido un a\u00f1o desde la fecha de terminaci\u00f3n del contrato, y vencido el plazo de garant\u00eda, sin que la recepci\u00f3n formal y la liquidaci\u00f3n hubiesen tenido lugar por causas no imputables al contratista, se proceder\u00e1, sin m\u00e1s demora, a la devoluci\u00f3n o cancelaci\u00f3n de las garant\u00edas una vez depuradas las responsabilidades a que se refiere el art\u00edculo 110.<\/p>\n<p style=\"padding-left: 40px;\">Cuando el valor estimado del contrato sea inferior a 1.000.000 de euros, si se trata de contratos de obras, o a 100.000 euros, en el caso de otros contratos, o cuando las empresas licitadoras re\u00fanan los requisitos de peque\u00f1a o mediana empresa, definida seg\u00fan lo establecido en el Reglamento (CE) n.\u00ba 800\/2008, de la Comisi\u00f3n, de 6 de agosto de 2008, por el que se declaran determinadas categor\u00edas de ayuda compatibles con el mercado com\u00fan en aplicaci\u00f3n de los art\u00edculos 107 y 108 del Tratado de Funcionamiento de la Uni\u00f3n Europea y no est\u00e9n controladas directa o indirectamente por otra empresa que no cumpla tales requisitos, el plazo se reducir\u00e1 a seis meses\u201d.<\/p>\n<p><strong>Si la recepci\u00f3n formal o liquidaci\u00f3n no ha tenido lugar por causas no imputables al contratista deben remitir el informe t\u00e9cnico sobre la devoluci\u00f3n en los plazos y condiciones se\u00f1alados en el art. 111.5 de la LCSP.<\/strong><\/p>\n<\/div><div class=\"fusion-clearfix\"><\/div><\/div><\/div><div class=\"fusion-layout-column fusion_builder_column fusion-builder-column-2 fusion_builder_column_1_2 1_2 fusion-one-half fusion-column-last\" style=\"--awb-bg-size:cover;width:48%;\"><div class=\"fusion-column-wrapper fusion-column-has-shadow fusion-flex-column-wrapper-legacy\"><div class=\"accordian fusion-accordian\" style=\"--awb-border-size:1px;--awb-icon-size:13px;--awb-content-font-size:15px;--awb-icon-alignment:left;--awb-hover-color:#f9f9f9;--awb-border-color:#cccccc;--awb-background-color:#ffffff;--awb-divider-color:#e0dede;--awb-divider-hover-color:#e0dede;--awb-icon-color:#ffffff;--awb-title-color:#333333;--awb-content-color:#747474;--awb-icon-box-color:#333333;--awb-toggle-hover-accent-color:#d32f13;--awb-title-font-family:&quot;Raleway&quot;;--awb-title-font-weight:500;--awb-title-font-style:normal;--awb-title-font-size:20px;--awb-content-font-family:&quot;Raleway&quot;;--awb-content-font-style:normal;--awb-content-font-weight:500;\"><div class=\"panel-group fusion-toggle-icon-boxed\" id=\"accordion-64060-1\"><div class=\"fusion-panel panel-default panel-b7e168a8392bb7dd1 fusion-toggle-has-divider\"><div class=\"panel-heading\"><h4 class=\"panel-title toggle\" id=\"toggle_b7e168a8392bb7dd1\"><a aria-expanded=\"false\" aria-controls=\"b7e168a8392bb7dd1\" role=\"button\" data-toggle=\"collapse\" data-parent=\"#accordion-64060-1\" data-target=\"#b7e168a8392bb7dd1\" href=\"#b7e168a8392bb7dd1\"><span class=\"fusion-toggle-icon-wrapper\" aria-hidden=\"true\"><i class=\"fa-fusion-box active-icon awb-icon-minus\" aria-hidden=\"true\"><\/i><i class=\"fa-fusion-box inactive-icon awb-icon-plus\" aria-hidden=\"true\"><\/i><\/span><span class=\"fusion-toggle-heading\">Acta de recepci\u00f3n o de conformidad<\/span><\/a><\/h4><\/div><div id=\"b7e168a8392bb7dd1\" class=\"panel-collapse collapse \" aria-labelledby=\"toggle_b7e168a8392bb7dd1\"><div class=\"panel-body toggle-content fusion-clearfix\">\n<p>8.1.-ACTA DE RECEPCI\u00d3N O CONFORMIDAD.<\/p>\n<p>Art. 210 LCSP y <a href=\"https:\/\/www.bombersdv.es\/wp-content\/uploads\/2023\/01\/6-Bases-de-ejecucion-del-presupuesto-Copia-autentica-1.pdf\" target=\"_blank\" rel=\"noopener\">Base 37 de Ejecuci\u00f3n del Presupuesto 2023<\/a>.<\/p>\n<p>El contrato se entender\u00e1 cumplido por el contratista cuando este haya realizado, de acuerdo con los t\u00e9rminos del mismo y a satisfacci\u00f3n de la Administraci\u00f3n, la totalidad de la prestaci\u00f3n. En todo caso, su constataci\u00f3n exigir\u00e1 por parte de la Administraci\u00f3n un acto formal y positivo de recepci\u00f3n o conformidad dentro del mes siguiente a la entrega o realizaci\u00f3n del objeto del contrato.<\/p>\n<p>Se proceder\u00e1 en la forma prevista en la <a href=\"https:\/\/www.bombersdv.es\/wp-content\/uploads\/2023\/01\/6-Bases-de-ejecucion-del-presupuesto-Copia-autentica-1.pdf\" target=\"_blank\" rel=\"noopener\">Base 37 de Ejecuci\u00f3n del Presupuesto 2023<\/a>.<\/p>\n<\/div><\/div><\/div><div class=\"fusion-panel panel-default panel-9191e929f0d5f67a8 fusion-toggle-has-divider\"><div class=\"panel-heading\"><h4 class=\"panel-title toggle\" id=\"toggle_9191e929f0d5f67a8\"><a aria-expanded=\"false\" aria-controls=\"9191e929f0d5f67a8\" role=\"button\" data-toggle=\"collapse\" data-parent=\"#accordion-64060-1\" data-target=\"#9191e929f0d5f67a8\" href=\"#9191e929f0d5f67a8\"><span class=\"fusion-toggle-icon-wrapper\" aria-hidden=\"true\"><i class=\"fa-fusion-box active-icon awb-icon-minus\" aria-hidden=\"true\"><\/i><i class=\"fa-fusion-box inactive-icon awb-icon-plus\" aria-hidden=\"true\"><\/i><\/span><span class=\"fusion-toggle-heading\">Informe final sobre ejecuci\u00f3n<\/span><\/a><\/h4><\/div><div id=\"9191e929f0d5f67a8\" class=\"panel-collapse collapse \" aria-labelledby=\"toggle_9191e929f0d5f67a8\"><div class=\"panel-body toggle-content fusion-clearfix\">\n<p><strong>8.2.- INFORME FINAL SOBRE EJECUCI\u00d3N <\/strong><\/p>\n<p><a href=\"https:\/\/www.bombersdv.es\/wp-content\/uploads\/2023\/01\/6-Bases-de-ejecucion-del-presupuesto-Copia-autentica-1.pdf\" target=\"_blank\" rel=\"noopener\">BASE 33.4 de Ejecuci\u00f3n del Presupuesto 2023<\/a>.<\/p>\n<p><em>Base 33.4 \u201cLos responsables del contrato tendr\u00e1n las funciones previstas en los pliegos de conformidad con el art\u00edculo 62 de la Ley 9\/2017 LCSP.<\/em><\/p>\n<p style=\"padding-left: 40px;\"><em>Al efecto deber\u00e1n informar sobre el estado de ejecuci\u00f3n y cumplimiento del contrato con la periodicidad que se determine en las instrucciones de contrataci\u00f3n para el ejercicio correspondiente.\u201d<\/em><\/p>\n<p><span style=\"color: #ff0000;\"><strong>Contenido del informe sobre la ejecuci\u00f3n del contrato:<\/strong> <\/span><\/p>\n<ul>\n<li>Cumplimiento de las condiciones especiales de ejecuci\u00f3n; cumplimiento de las mejoras ofertadas por el contratista; cumplimiento de las obligaciones relativas a la subcontrataci\u00f3n; plazo de ejecuci\u00f3n y plazos parciales, programa de trabajo en su caso, ajuste a los requerimientos del pliego, etc.<\/li>\n<li>A los efectos previstos en la <a href=\"https:\/\/www.bombersdv.es\/wp-content\/uploads\/2023\/01\/6-Bases-de-ejecucion-del-presupuesto-Copia-autentica-1.pdf\" target=\"_blank\" rel=\"noopener\">Base 33.4 de Ejecuci\u00f3n del Presupuesto<\/a>, ser\u00e1 suficiente con un informe final de ejecuci\u00f3n del contrato. Los responsables del contrato deber\u00e1n emitir el referido informe con el contenido se\u00f1alado en el apartado anterior que se adicionar\u00e1 al acta de recepci\u00f3n o conformidad del suministro, servicio u obra.<\/li>\n<li>Se recuerda asimismo que de conformidad con el apartado 1.2.B) y C) de esta Instrucci\u00f3n, con la factura final la empresa adjudicataria deber\u00e1 aportar una declaraci\u00f3n responsable de haber cumplido con todos los compromisos y condiciones especiales de ejecuci\u00f3n que le fueran exigibles de acuerdo con la ley o con el contrato as\u00ed como un informe relativo al cumplimiento de dichas condiciones tanto por parte de ella como por parte de las entidades con las que subcontrate prestaciones del contrato, acompa\u00f1ado de una declaraci\u00f3n responsable de veracidad.<\/li>\n<\/ul>\n<\/div><\/div><\/div><div class=\"fusion-panel panel-default panel-2662a79a47ccb0f5a fusion-toggle-has-divider\"><div class=\"panel-heading\"><h4 class=\"panel-title toggle\" id=\"toggle_2662a79a47ccb0f5a\"><a aria-expanded=\"false\" aria-controls=\"2662a79a47ccb0f5a\" role=\"button\" data-toggle=\"collapse\" data-parent=\"#accordion-64060-1\" data-target=\"#2662a79a47ccb0f5a\" href=\"#2662a79a47ccb0f5a\"><span class=\"fusion-toggle-icon-wrapper\" aria-hidden=\"true\"><i class=\"fa-fusion-box active-icon awb-icon-minus\" aria-hidden=\"true\"><\/i><i class=\"fa-fusion-box inactive-icon awb-icon-plus\" aria-hidden=\"true\"><\/i><\/span><span class=\"fusion-toggle-heading\">Factura y visado<\/span><\/a><\/h4><\/div><div id=\"2662a79a47ccb0f5a\" class=\"panel-collapse collapse \" aria-labelledby=\"toggle_2662a79a47ccb0f5a\"><div class=\"panel-body toggle-content fusion-clearfix\">\n<p><strong>8.3 FACTURA Y VISADO.<\/strong><\/p>\n<p>Una vez realizado el acto formal y positivo de recepci\u00f3n o conformidad, se visar\u00e1 la factura correspondiente que necesariamente debe incluir el n\u00famero del expediente de contrataci\u00f3n y ajustarse a lo indicado por los pliegos en cuanto a la facturaci\u00f3n. En los servicios y contratos de prestaci\u00f3n sucesiva se ir\u00e1n visando las facturas peri\u00f3dicas que se vayan emitiendo previa comprobaci\u00f3n y conformidad de los servicios prestados.<\/p>\n<p>Trat\u00e1ndose de facturas de bienes inventariables, una vez visada la factura se procede al registro de los BIENES en la aplicaci\u00f3n GPA con el siguiente contenido de informaci\u00f3n m\u00ednima:<\/p>\n<ul>\n<li><strong>Clasificaci\u00f3n<\/strong> a la que pertenece el bien.<\/li>\n<li><strong>Descripci\u00f3n del bien<\/strong>, seg\u00fan la denominaci\u00f3n recogida en el apartado de \u2018B<a href=\"https:\/\/www.bombersdv.es\/download\/normas-de-gestion-patrimonial-criterios-para-la-gestion-de-bienes\/\" target=\"_blank\" rel=\"noopener\">ienes objeto de Inventario\u2019 de la Clasificaci\u00f3n que corresponda contenida en el TOMO II (Criterios de Gesti\u00f3n de Bienes)<\/a>.<\/li>\n<li><strong>Marca, modelo y n\u00ba de serie,<\/strong> en caso que proceda.<\/li>\n<li><strong>Fecha de alta<\/strong>, la de la de factura.<\/li>\n<li><strong>Localizaci\u00f3n f\u00edsica<\/strong> en la que se encuentre el bien.<\/li>\n<li><strong>Valor:<\/strong> seg\u00fan factura (desglosada en conceptos inventariables) m\u00e1s IVA salvo que \u00e9ste sea deducible.<\/li>\n<\/ul>\n<p>Se obtienen dos ejemplares del documento \u2018<a href=\"https:\/\/www.bombersdv.es\/download\/modelo-alta-de-bienes-inventariables\/\" target=\"_blank\" rel=\"noopener\">Alta de Bienes<\/a>\u2019 en estado de propuesta. El Servicio Gestor env\u00eda a Patrimonio los dos ejemplares del documento \u201cAlta de Bienes\u201d y fotocopia de la factura conformada para env\u00edar a la Unidad Econ\u00f3mica el ejemplar restante junto con la factura conformada para su contabilizaci\u00f3n.<\/p>\n<\/div><\/div><\/div><div class=\"fusion-panel panel-default panel-1c0af0f6d09b5cd7a fusion-toggle-has-divider\"><div class=\"panel-heading\"><h4 class=\"panel-title toggle\" id=\"toggle_1c0af0f6d09b5cd7a\"><a aria-expanded=\"false\" aria-controls=\"1c0af0f6d09b5cd7a\" role=\"button\" data-toggle=\"collapse\" data-parent=\"#accordion-64060-1\" data-target=\"#1c0af0f6d09b5cd7a\" href=\"#1c0af0f6d09b5cd7a\"><span class=\"fusion-toggle-icon-wrapper\" aria-hidden=\"true\"><i class=\"fa-fusion-box active-icon awb-icon-minus\" aria-hidden=\"true\"><\/i><i class=\"fa-fusion-box inactive-icon awb-icon-plus\" aria-hidden=\"true\"><\/i><\/span><span class=\"fusion-toggle-heading\">Informe de devoluci\u00f3n de la garant\u00eda definitiva<\/span><\/a><\/h4><\/div><div id=\"1c0af0f6d09b5cd7a\" class=\"panel-collapse collapse \" aria-labelledby=\"toggle_1c0af0f6d09b5cd7a\"><div class=\"panel-body toggle-content fusion-clearfix\">\n<p>Si en el contrato se ha fijado un plazo de garant\u00eda a contar de la fecha de recepci\u00f3n o conformidad, transcurrido \u00e9ste sin objeciones por parte de la Administraci\u00f3n, quedar\u00e1 extinguida la responsabilidad del contratista y debe proceder el responsable del contrato a emitir un informe favorable a la devoluci\u00f3n de la garant\u00eda definitiva y remitirlo a la Unidad de Contrataci\u00f3n.<\/p>\n<p>Si no hay plazo de garant\u00eda, una vez finalizado el contrato y recibidos de conformidad los servicios , suministros u obras mediante el otorgamiento del acta de recepci\u00f3n \/ conformidad, debe proceder el responsable del contrato a emitir un informe favorable a la devoluci\u00f3n de la garant\u00eda definitiva y remitirlo a la Unidad de Contrataci\u00f3n.<\/p>\n<\/div><\/div><\/div><\/div><\/div><div class=\"fusion-clearfix\"><\/div><\/div><\/div><\/div><\/div><\/p>\n","protected":false},"excerpt":{"rendered":"","protected":false},"author":183,"featured_media":0,"parent":63955,"menu_order":0,"comment_status":"closed","ping_status":"closed","template":"","meta":{"footnotes":""},"class_list":["post-64060","page","type-page","status-publish","hentry"],"_links":{"self":[{"href":"https:\/\/www.bombersdv.es\/es\/wp-json\/wp\/v2\/pages\/64060"}],"collection":[{"href":"https:\/\/www.bombersdv.es\/es\/wp-json\/wp\/v2\/pages"}],"about":[{"href":"https:\/\/www.bombersdv.es\/es\/wp-json\/wp\/v2\/types\/page"}],"author":[{"embeddable":true,"href":"https:\/\/www.bombersdv.es\/es\/wp-json\/wp\/v2\/users\/183"}],"replies":[{"embeddable":true,"href":"https:\/\/www.bombersdv.es\/es\/wp-json\/wp\/v2\/comments?post=64060"}],"version-history":[{"count":14,"href":"https:\/\/www.bombersdv.es\/es\/wp-json\/wp\/v2\/pages\/64060\/revisions"}],"predecessor-version":[{"id":64077,"href":"https:\/\/www.bombersdv.es\/es\/wp-json\/wp\/v2\/pages\/64060\/revisions\/64077"}],"up":[{"embeddable":true,"href":"https:\/\/www.bombersdv.es\/es\/wp-json\/wp\/v2\/pages\/63955"}],"wp:attachment":[{"href":"https:\/\/www.bombersdv.es\/es\/wp-json\/wp\/v2\/media?parent=64060"}],"curies":[{"name":"wp","href":"https:\/\/api.w.org\/{rel}","templated":true}]}}