{"id":64505,"date":"2023-03-13T08:04:55","date_gmt":"2023-03-13T07:04:55","guid":{"rendered":"https:\/\/www.bombersdv.es\/?page_id=64505"},"modified":"2023-07-27T13:50:55","modified_gmt":"2023-07-27T11:50:55","slug":"2023-cm001-1-plaza-responsable-de-la-unidad-de-sistemas-e-innovacion-tecnologica-sertic-forma-de-provision-concurso-de-meritos","status":"publish","type":"page","link":"https:\/\/www.bombersdv.es\/es\/oposiciones\/procesos-finalizados\/2023-cm001-1-plaza-responsable-de-la-unidad-de-sistemas-e-innovacion-tecnologica-sertic-forma-de-provision-concurso-de-meritos\/","title":{"rendered":"2023\/CM001: 1 plaza Responsable\u00a0de\u00a0la Unidad\u00a0de\u00a0Sistemas\u00a0e\u00a0Innovaci\u00f3n\u00a0Tecnol\u00f3gica\u00a0(SERTIC),\u00a0 forma\u00a0de provisi\u00f3n\u00a0Concurso\u00a0de\u00a0M\u00e9ritos\u00a0abierto\u00a0a\u00a0otras\u00a0Administraciones P\u00fablicas."},"content":{"rendered":"<div class=\"fusion-fullwidth fullwidth-box fusion-builder-row-1 nonhundred-percent-fullwidth non-hundred-percent-height-scrolling\" style=\"--awb-background-position:left top;--awb-border-radius-top-left:0px;--awb-border-radius-top-right:0px;--awb-border-radius-bottom-right:0px;--awb-border-radius-bottom-left:0px;--awb-padding-top:20px;--awb-padding-bottom:20px;--awb-border-sizes-top:0px;--awb-border-sizes-bottom:0px;--awb-flex-wrap:wrap;\" ><div class=\"fusion-builder-row fusion-row\"><div class=\"fusion-layout-column fusion_builder_column fusion-builder-column-0 fusion_builder_column_1_1 1_1 fusion-one-full fusion-column-first fusion-column-last fusion-column-no-min-height\" style=\"--awb-bg-size:cover;--awb-margin-bottom:0px;\"><div class=\"fusion-column-wrapper fusion-flex-column-wrapper-legacy\"><div class=\"fusion-title title fusion-title-1 fusion-sep-none fusion-title-text fusion-title-size-two\"><h2 class=\"fusion-title-heading title-heading-left fusion-responsive-typography-calculated\" style=\"margin:0;--fontSize:34;line-height:1.09;\">2023\/CM001: 1 plaza Responsable de la Unidad de Sistemas e Innovaci\u00f3n Tecnol\u00f3gica (SERTIC),\u00a0 forma de provisi\u00f3n Concurso de M\u00e9ritos abierto a otras Administraciones P\u00fablicas.<\/h2><\/div><div class=\"fusion-text fusion-text-1\"><div class=\"table-2\">\n<table width=\"100%\">\n<thead>\n<tr>\n<th style=\"width: 70.4858%;\">Tr\u00e1mite<\/th>\n<th style=\"width: 7.97685%;\">Fecha<\/th>\n<th style=\"width: 20.8847%;\">Documento(s)<\/th>\n<\/tr>\n<\/thead>\n<tbody>\n<tr>\n<td style=\"width: 70.4858%;\">Publicaci\u00f3n BOP Bases para la cobertura de 1 plaza de Responsable de la Unidad de Sistemas e Innovaci\u00f3n Tecnol\u00f3gica (SERTIC)<\/td>\n<td style=\"width: 7.97685%; text-align: center;\">13\/03\/2023<\/td>\n<td style=\"width: 20.8847%; text-align: center;\"><a href=\"https:\/\/www.bombersdv.es\/wp-content\/uploads\/2023\/03\/2023_CM001_BASES-SERTIC.pdf\" target=\"_blank\" rel=\"noopener\">Bases<\/a><\/td>\n<\/tr>\n<tr>\n<td style=\"width: 70.4858%;\">Anuncio DOGV<\/td>\n<td style=\"width: 7.97685%; text-align: center;\">31\/03\/2023<\/td>\n<td style=\"width: 20.8847%; text-align: center;\"><a href=\"https:\/\/www.bombersdv.es\/wp-content\/uploads\/2023\/03\/2023_CM001_PUBLICACION-DOGV.pdf\" target=\"_blank\" rel=\"noopener\">Anuncio<\/a><\/td>\n<\/tr>\n<tr>\n<td style=\"width: 70.4858%;\">Publicaci\u00f3n BOE<\/td>\n<td style=\"width: 7.97685%; text-align: center;\">25\/04\/2023<\/td>\n<td style=\"width: 20.8847%; text-align: center;\"><a href=\"https:\/\/www.bombersdv.es\/wp-content\/uploads\/2023\/04\/2023_CM001_Public-BOE-responsable-SERTIC.pdf\" target=\"_blank\" rel=\"noopener\">Anuncio<\/a><\/td>\n<\/tr>\n<tr>\n<td style=\"width: 70.4858%;\">Publicaci\u00f3n BOP declaraci\u00f3n Convocatoria 2023\/CM001 desierta<\/td>\n<td style=\"width: 7.97685%;\">17\/07\/2023<\/td>\n<td style=\"width: 20.8847%;\"><a href=\"https:\/\/www.bombersdv.es\/wp-content\/uploads\/2023\/07\/2023_CM001-convoc-responsable-SERTIC-desierta-CS.pdf\" target=\"_blank\" rel=\"noopener\">Publicaci\u00f3n BOP<\/a><\/td>\n<\/tr>\n<tr>\n<td style=\"width: 70.4858%;\"><\/td>\n<td style=\"width: 7.97685%;\"><\/td>\n<td style=\"width: 20.8847%;\"><\/td>\n<\/tr>\n<tr>\n<td style=\"width: 70.4858%;\"><\/td>\n<td style=\"width: 7.97685%;\"><\/td>\n<td style=\"width: 20.8847%;\"><\/td>\n<\/tr>\n<\/tbody>\n<\/table>\n<\/div>\n<\/div><div class=\"fusion-clearfix\"><\/div><\/div><\/div><\/div><\/div>\n","protected":false},"excerpt":{"rendered":"","protected":false},"author":192,"featured_media":0,"parent":15127,"menu_order":0,"comment_status":"closed","ping_status":"closed","template":"","meta":{"footnotes":""},"class_list":["post-64505","page","type-page","status-publish","hentry"],"_links":{"self":[{"href":"https:\/\/www.bombersdv.es\/es\/wp-json\/wp\/v2\/pages\/64505"}],"collection":[{"href":"https:\/\/www.bombersdv.es\/es\/wp-json\/wp\/v2\/pages"}],"about":[{"href":"https:\/\/www.bombersdv.es\/es\/wp-json\/wp\/v2\/types\/page"}],"author":[{"embeddable":true,"href":"https:\/\/www.bombersdv.es\/es\/wp-json\/wp\/v2\/users\/192"}],"replies":[{"embeddable":true,"href":"https:\/\/www.bombersdv.es\/es\/wp-json\/wp\/v2\/comments?post=64505"}],"version-history":[{"count":9,"href":"https:\/\/www.bombersdv.es\/es\/wp-json\/wp\/v2\/pages\/64505\/revisions"}],"predecessor-version":[{"id":66173,"href":"https:\/\/www.bombersdv.es\/es\/wp-json\/wp\/v2\/pages\/64505\/revisions\/66173"}],"up":[{"embeddable":true,"href":"https:\/\/www.bombersdv.es\/es\/wp-json\/wp\/v2\/pages\/15127"}],"wp:attachment":[{"href":"https:\/\/www.bombersdv.es\/es\/wp-json\/wp\/v2\/media?parent=64505"}],"curies":[{"name":"wp","href":"https:\/\/api.w.org\/{rel}","templated":true}]}}