{"id":64566,"date":"2023-03-20T13:45:56","date_gmt":"2023-03-20T12:45:56","guid":{"rendered":"https:\/\/www.bombersdv.es\/?page_id=64566"},"modified":"2023-03-20T13:45:56","modified_gmt":"2023-03-20T12:45:56","slug":"informacion-para-el-tratamiento-de-imagenes-en-campanas-preventivas-del-consorcio","status":"publish","type":"page","link":"https:\/\/www.bombersdv.es\/es\/informacion-para-el-tratamiento-de-imagenes-en-campanas-preventivas-del-consorcio\/","title":{"rendered":"Informaci\u00f3n para el tratamiento de im\u00e1genes en campa\u00f1as preventivas del Consorcio"},"content":{"rendered":"<h2><strong>Informaci\u00f3n sobre el tratamiento de datos (im\u00e1genes y voz) como consecuencia de la participaci\u00f3n en una actividad preventiva o divulgativa del Consorcio<\/strong><\/h2>\n<p align=\"justify\">Aqu\u00ed podr\u00e1 encontrar la informaci\u00f3n sobre el tratamiento de los datos personales con motivo del tratamiento de im\u00e1genes y la voz de las personas que participan en actividades preventivas o divulgativas por parte del Consorcio para el Servicio de Prevenci\u00f3n y Extinci\u00f3n de Incendios y de Salvamento de la provincia de Valencia.<\/p>\n<p align=\"justify\">Se facilita esta informaci\u00f3n en cumplimiento del art\u00edculo 13 del Reglamento (UE) 2016\/679 del Parlamento Europeo y del Consejo de 27 de abril de 2016, relativo a la protecci\u00f3n de las personas f\u00edsicas en lo que respecta al tratamiento de datos personales y a la libre circulaci\u00f3n de estos datos (Reglamento general de protecci\u00f3n de datos), en lo sucesivo RGPD<\/p>\n<p align=\"justify\"><b>Responsable del tratamiento de sus datos: <\/b><\/p>\n<p align=\"justify\"><u>Identidad:<\/u> Consorcio para el Servicio de Prevenci\u00f3n y Extinci\u00f3n de Incendios y de Salvamento de la provincia de Valencia<\/p>\n<p align=\"justify\"><u>Forma de contactar con el responsable<\/u>: Por correo electr\u00f3nico en la direcci\u00f3n <u><a href=\"mailto:infobombers@bombersdv.es\">infobombers@bombersdv.es<\/a><\/u> Por correo postal, en la direcci\u00f3n Avellanas 14, 46003 Val\u00e8ncia.<\/p>\n<p align=\"justify\"><u>Datos de Contacto del Delegado de protecci\u00f3n de datos<\/u>: Para cualquier consulta o queja relacionada con el tratamiento de estos datos, el Consorcio pone a su disposici\u00f3n el buz\u00f3n del delegado de protecci\u00f3n de datos <u><a href=\"mailto:dpd@bombersdv.es\">dpd@bombersdv.es<\/a><\/u><\/p>\n<p align=\"justify\"><b>Finalidad del tratamiento: <\/b><\/p>\n<p align=\"justify\">Divulgar las actividades del Consorcio mediante la toma de im\u00e1genes y voz de las personas que participan en las mismas y su difusi\u00f3n o publicaci\u00f3n en nuestra p\u00e1gina web, redes sociales, memorias y otros documentos informativos de la actividad, como cartas de servicio, tr\u00edpticos informativos, carteles, documentos promocionales de la actividad, etc.\u00a0 as\u00ed como su remisi\u00f3n a los medios de comunicaci\u00f3n.<\/p>\n<p align=\"justify\">Estas actividades preventivas est\u00e1n orientadas a incrementar el conocimiento de la ciudadan\u00eda sobre la normativa de prevenci\u00f3n de incendios y otras emergencias de acuerdo con las competencias definidas en la Ley 7\/2011, de 1 de abril, de los Servicios de Prevenci\u00f3n, Extinci\u00f3n de Incendios y Salvamento de la Comunitat Valenciana as\u00ed como promover la autoprotecci\u00f3n mediante la informaci\u00f3n y sensibilizaci\u00f3n de los ciudadanos, empresas e instituciones tal y como dispone la Ley 13\/2010, de 23 de noviembre, de Protecci\u00f3n Civil y Gesti\u00f3n de Emergencias.<\/p>\n<p align=\"justify\"><b>Tiempo de conservaci\u00f3n de sus datos<\/b><\/p>\n<p align=\"justify\">Sus datos ser\u00e1n conservados siguiendo las normas de gesti\u00f3n documental y archivo que resulten de aplicaci\u00f3n al Consorcio. En ausencia de estas normas se\u00a0conservar\u00e1n durante el tiempo necesario para cumplir con la finalidad para la que se han solicitado y para determinar las posibles responsabilidades que se pudieran derivar de dicha finalidad y del tratamiento de los datos.<\/p>\n<p align=\"justify\"><b>Legitimaci\u00f3n para el tratamiento de tus datos<\/b><\/p>\n<p align=\"justify\">La legitimaci\u00f3n para tomar y publicar im\u00e1genes y voz de las personas que participan en nuestras actividades preventivas y divulgativas ( entre ellas los alumnos de centros escolares)\u00a0 en las que\u00a0 puedan ser claramente identificadas se basa en el <strong>consentimiento de los interesados<\/strong> o sus tutores legales en el caso de que sean menores de edad.<\/p>\n<p align=\"justify\">El consentimiento de los padres, madres o tutores se exige, teniendo en cuenta lo establecido en el punto 1 del art\u00edculo 7 de la Ley Org\u00e1nica 3\/2018, de 5 de diciembre, de Protecci\u00f3n de Datos Personales y garant\u00eda de los derechos digitales.<\/p>\n<p align=\"justify\">Todo sin perjuicio de las excepciones previstas en la Ley Org\u00e1nica 1\/1982, de 5 de mayo, de protecci\u00f3n civil del derecho al honor, a la intimidad personal y familiar y a la propia imagen.<\/p>\n<p align=\"justify\"><b>Cesi\u00f3n de datos:<\/b><\/p>\n<p align=\"justify\">Salvo la difusi\u00f3n objeto de esta actividad no se ceder\u00e1n ni se transferir\u00e1n sin su consentimiento salvo que exista una previsi\u00f3n legal o a requerimiento de jueces o tribunales.<\/p>\n<p align=\"justify\"><b>Derechos<\/b><\/p>\n<p align=\"justify\">Cualquier persona tiene derecho a obtener confirmaci\u00f3n sobre los tratamientos de sus datos que se llevan a cabo por el Consorcio para el Servicio de Prevenci\u00f3n y Extinci\u00f3n de Incendios y de Salvamento de la provincia de Valencia.<\/p>\n<p align=\"justify\">Puede ejercer sus derechos de acceso, rectificaci\u00f3n, supresi\u00f3n y portabilidad de sus datos, de limitaci\u00f3n y oposici\u00f3n a su tratamiento, as\u00ed como a no ser objeto de decisiones basadas \u00fanicamente en el tratamiento automatizado de sus datos, cuando procedan, ante el Consorcio, Cam\u00ed de Moncada 24, 46009 Val\u00e8ncia.<\/p>\n<p align=\"justify\">Para el ejercicio de estos derechos puede usar este mismo modelo de instancia general.<\/p>\n<p align=\"justify\"><u>Posibilidad de presentar una reclamaci\u00f3n ante la Agencia de protecci\u00f3n de Datos<\/u>: Si considera que el tratamiento de datos personales no se ajusta a lo previsto en la normativa de aplicaci\u00f3n y sus peticiones al Responsable y al Delegado de protecci\u00f3n de Datos no han sido debidamente atendidas, puede presentar la oportuna reclamaci\u00f3n ante la Agencia Espa\u00f1ola de Protecci\u00f3n de Datos. En su p\u00e1gina web <span style=\"color: #808080;\"><a style=\"color: #808080;\" href=\"https:\/\/www.aepd.es\/\">https:\/\/www.aepd.es\/<\/a><\/span> encontrar\u00e1 m\u00e1s informaci\u00f3n sobre la forma de hacerlo.<\/p>\n<p align=\"justify\"><strong>Antes de presentar una reclamaci\u00f3n ante la Agencia puede dirigirse al Delegado de Protecci\u00f3n de Datos (DPD) del Consorcio para que la atienda. El DPD le comunicar\u00e1\u00a0 la decisi\u00f3n que se hubiera adoptado en el plazo m\u00e1ximo de dos meses.<\/strong><\/p>\n","protected":false},"excerpt":{"rendered":"<p>Informaci\u00f3n sobre el tratamiento de datos (im\u00e1genes y voz) como consecuencia de la participaci\u00f3n en una actividad preventiva o divulgativa del Consorcio Aqu\u00ed podr\u00e1 encontrar la informaci\u00f3n sobre el tratamiento de los datos personales con motivo del tratamiento de im\u00e1genes y la voz de las personas que participan en actividades preventivas o divulgativas por parte [&hellip;]<\/p>\n","protected":false},"author":183,"featured_media":0,"parent":0,"menu_order":0,"comment_status":"closed","ping_status":"closed","template":"","meta":{"footnotes":""},"class_list":["post-64566","page","type-page","status-publish","hentry"],"_links":{"self":[{"href":"https:\/\/www.bombersdv.es\/es\/wp-json\/wp\/v2\/pages\/64566"}],"collection":[{"href":"https:\/\/www.bombersdv.es\/es\/wp-json\/wp\/v2\/pages"}],"about":[{"href":"https:\/\/www.bombersdv.es\/es\/wp-json\/wp\/v2\/types\/page"}],"author":[{"embeddable":true,"href":"https:\/\/www.bombersdv.es\/es\/wp-json\/wp\/v2\/users\/183"}],"replies":[{"embeddable":true,"href":"https:\/\/www.bombersdv.es\/es\/wp-json\/wp\/v2\/comments?post=64566"}],"version-history":[{"count":3,"href":"https:\/\/www.bombersdv.es\/es\/wp-json\/wp\/v2\/pages\/64566\/revisions"}],"predecessor-version":[{"id":64570,"href":"https:\/\/www.bombersdv.es\/es\/wp-json\/wp\/v2\/pages\/64566\/revisions\/64570"}],"wp:attachment":[{"href":"https:\/\/www.bombersdv.es\/es\/wp-json\/wp\/v2\/media?parent=64566"}],"curies":[{"name":"wp","href":"https:\/\/api.w.org\/{rel}","templated":true}]}}