{"id":64801,"date":"2023-04-05T11:56:47","date_gmt":"2023-04-05T09:56:47","guid":{"rendered":"https:\/\/www.bombersdv.es\/?page_id=64801"},"modified":"2025-01-15T07:19:31","modified_gmt":"2025-01-15T06:19:31","slug":"2023-pi001-op002-proceso-para-la-cobertura-de-4-plazas-de-tecnico-a-de-administracion-general-vacantes-en-la-plantilla-3-mediante-concurso-oposicion-por-turno-de-promocion-interna-y-1-por-turno-lib-2","status":"publish","type":"page","link":"https:\/\/www.bombersdv.es\/es\/oposiciones\/procesos-finalizados\/2023-pi001-op002-proceso-para-la-cobertura-de-4-plazas-de-tecnico-a-de-administracion-general-vacantes-en-la-plantilla-3-mediante-concurso-oposicion-por-turno-de-promocion-interna-y-1-por-turno-lib-2\/","title":{"rendered":"2023\/PI001-OP002: Proceso para  la cobertura de 4 plazas de T\u00e9cnico\/a de Administraci\u00f3n General vacantes en la plantilla, 3 mediante concurso oposici\u00f3n por turno de promoci\u00f3n interna y 1 por turno libre."},"content":{"rendered":"<div class=\"fusion-fullwidth fullwidth-box fusion-builder-row-1 nonhundred-percent-fullwidth non-hundred-percent-height-scrolling\" style=\"--awb-background-position:left top;--awb-border-radius-top-left:0px;--awb-border-radius-top-right:0px;--awb-border-radius-bottom-right:0px;--awb-border-radius-bottom-left:0px;--awb-padding-top:20px;--awb-padding-bottom:20px;--awb-border-sizes-top:0px;--awb-border-sizes-bottom:0px;--awb-flex-wrap:wrap;\" ><div class=\"fusion-builder-row fusion-row\"><div class=\"fusion-layout-column fusion_builder_column fusion-builder-column-0 fusion_builder_column_1_1 1_1 fusion-one-full fusion-column-first fusion-column-last fusion-column-no-min-height\" style=\"--awb-bg-size:cover;--awb-margin-bottom:0px;\"><div class=\"fusion-column-wrapper fusion-flex-column-wrapper-legacy\"><div class=\"fusion-title title fusion-title-1 fusion-sep-none fusion-title-text fusion-title-size-two\"><h2 class=\"fusion-title-heading title-heading-left fusion-responsive-typography-calculated\" style=\"margin:0;--fontSize:34;line-height:1.09;\">2023\/PI001-OP002: Proceso para la cobertura de 4 plazas de T\u00e9cnico\/a de Administraci\u00f3n General vacantes en la plantilla, 3 mediante concurso oposici\u00f3n por turno de promoci\u00f3n interna y 1 por turno libre.<\/h2><\/div><div class=\"fusion-text fusion-text-1\"><div class=\"table-2\">\n<table style=\"height: 240px;\" width=\"100%\">\n<thead>\n<tr style=\"height: 24px;\">\n<th style=\"height: 24px; width: 76.4933%;\">Tr\u00e1mite<\/th>\n<th style=\"height: 24px; width: 8.8817%;\">Fecha<\/th>\n<th style=\"height: 24px; width: 13.4647%;\">Documento(s)<\/th>\n<td style=\"height: 24px; width: 0.290065%;\"><\/td>\n<\/tr>\n<\/thead>\n<tbody>\n<tr style=\"height: 48px;\">\n<td style=\"height: 48px; width: 76.4933%;\">Publicaci\u00f3n BOPV de las Bases que regulan el Proceso2023\/PI001-OP002: Proceso para la cobertura de 4 plazas de T\u00e9cnico\/a de Administraci\u00f3n General vacantes en la plantilla, 3 mediante concurso oposici\u00f3n por turno de promoci\u00f3n interna y 1 por turno libre.<\/p>\n<p align=\"justify\"><span style=\"color: #f44336;\"><span style=\"font-family: Times New Roman, serif;\"><b>El plazo de presentaci\u00f3n de instancias empieza a partir de la publicaci\u00f3n del extracto de las bases en el Bolet\u00edn Oficial del Estado. Cualquier instancia presentada antes o despu\u00e9s de este plazo ser\u00e1 extempor\u00e1nea, as\u00ed como cualquier pago de la tasa por derechos de examen realizado antes o despu\u00e9s del t\u00e9rmino de presentaci\u00f3n de instancias. En consecuencia, tanto la instancia como el pago presentados en las circunstancias indicadas, ser\u00e1n no admitidos. <\/b><\/span><\/span><\/p>\n<p align=\"justify\"><span style=\"color: #f44336;\"><span style=\"font-family: Times New Roman, serif;\"><b>De acuerdo con las Bases de la convocatoria, se debe tener en cuenta que cuando se inicie el plazo de presentaci\u00f3n de instancias, los m\u00e9ritos NO se presentar\u00e1n junto a la misma, ya que el plazo oportuno para ello se abrir\u00e1 posteriormente solo para los aspirantes que superen la Fase de Oposici\u00f3n. <\/b><\/span><\/span><\/p>\n<p>&nbsp;<\/td>\n<td style=\"height: 48px; width: 8.8817%;\">05\/04\/2023<\/td>\n<td style=\"height: 48px; width: 13.4647%; text-align: center;\"><a href=\"https:\/\/www.bombersdv.es\/wp-content\/uploads\/2023\/04\/2023_PI001_OP002_public-BOP-bases-tac-val.pdf\" target=\"_blank\" rel=\"noopener\">Bases<\/a><\/td>\n<td style=\"height: 48px; width: 0.290065%;\"><\/td>\n<\/tr>\n<tr style=\"height: 24px;\">\n<td style=\"width: 76.4933%; height: 24px;\">Publicaci\u00f3n DOGV<\/td>\n<td style=\"width: 8.8817%; height: 24px;\">14\/04\/2023<\/td>\n<td style=\"width: 13.4647%; text-align: center; height: 24px;\"><a href=\"https:\/\/www.bombersdv.es\/wp-content\/uploads\/2023\/04\/2023_PI001-OP002-EXTRACTO-TAD-dogv.pdf\" target=\"_blank\" rel=\"noopener\">Anuncio<\/a><\/td>\n<td style=\"width: 0.290065%; height: 24px;\"><\/td>\n<\/tr>\n<tr style=\"height: 24px;\">\n<td style=\"width: 76.4933%; height: 24px;\">Publicaci\u00f3n BOE<\/td>\n<td style=\"width: 8.8817%; height: 24px;\">22\/05\/2023<\/td>\n<td style=\"width: 13.4647%; text-align: center; height: 24px;\"><a href=\"https:\/\/www.bombersdv.es\/wp-content\/uploads\/2023\/05\/2023_PI001_OP002-PUBLICACION-BOE-PLAZAS-TAC.pdf\" target=\"_blank\" rel=\"noopener\">Anuncio<\/a><\/td>\n<td style=\"width: 0.290065%; height: 24px;\"><\/td>\n<\/tr>\n<tr style=\"height: 280px;\">\n<td style=\"width: 76.4933%; height: 280px;\">Modelo de solicitud<\/p>\n<p align=\"justify\"><span style=\"color: #ff0000;\">De acuerdo con las Bases de la convocatoria: \u00abFinalizada la fase de oposici\u00f3n y publicada la Relaci\u00f3n Provisional de resultados de la misma, se emplazar\u00e1 a los\/las aspirantes que lo hayan superado, para que en el plazo de diez d\u00edas h\u00e1biles aporten por Registro General de Entrada en el Consorcio o en la forma que determina el art\u00edculo 16 de la Ley 39\/2015, de 1 de octubre, del Procedimiento Administrativo Com\u00fan de las Administraciones P\u00fablicas, la documentaci\u00f3n acreditativa para evaluar los m\u00e9ritos y experiencia previstos en la convocatoria\u00bb.<\/span><\/p>\n<p><span style=\"color: #ff0000;\">En consecuencia, y de acuerdo con lo indicado en las Bases, en esta fase del proceso no se presentar\u00e1n ni la Tabla de Autobaremaci\u00f3n, ni los m\u00e9ritos a valorar.<\/span><\/td>\n<td style=\"width: 8.8817%; height: 280px;\">22\/05\/2023<\/td>\n<td style=\"width: 13.4647%; text-align: center; height: 280px;\"><a href=\"https:\/\/www.bombersdv.es\/wp-content\/uploads\/2023\/05\/INSTANCIA-ANEXO-I-TAG.pdf\" target=\"_blank\" rel=\"noopener\">Solicitud<\/a><\/td>\n<td style=\"width: 0.290065%; height: 280px;\"><\/td>\n<\/tr>\n<tr style=\"height: 128px;\">\n<td style=\"width: 76.4933%; height: 128px;\">\n<p align=\"justify\">El ingreso de la tasa se realizar\u00e1 mediante transferencia bancaria a la cuenta ES14 2100 4337 8802 0004 5460 o mediante tarjeta bancaria de cualquier entidad en los cajeros autom\u00e1ticos de CaixaBank indicando el C\u00f3digo de Entidad 0810418 Concepto: 2023\/PI001-OP002 y el nombre y apellidos de la persona aspirante, utilizando, en su caso, el c\u00f3digo de barras que se adjunta.<\/p>\n<\/td>\n<td style=\"width: 8.8817%; height: 128px;\">22\/05\/2023<\/td>\n<td style=\"width: 13.4647%; text-align: center; height: 128px;\">\n<p><a href=\"https:\/\/www.bombersdv.es\/wp-content\/uploads\/2023\/05\/2023_PI001_OP002_COD-BARRAS-TAC.pdf\" target=\"_blank\" rel=\"noopener\">C\u00f3digo de barras<\/a><\/p>\n<p><a href=\"https:\/\/www.bombersdv.es\/wp-content\/uploads\/2023\/05\/2023_OP001-Intrucciones-PAGO-DERECHOS-EXAMEN.pdf\" target=\"_blank\" rel=\"noopener\">Instrucciones<\/a><\/td>\n<td style=\"width: 0.290065%; height: 128px;\"><\/td>\n<\/tr>\n<tr style=\"height: 56px;\">\n<td style=\"width: 76.4933%; height: 56px;\">\n<p align=\"justify\">Anuncio BOP lista provisional personas admitidas y excluidas y designaci\u00f3n miembros OTS<\/p>\n<\/td>\n<td style=\"width: 8.8817%; height: 56px;\">14\/07\/2023<\/td>\n<td style=\"width: 13.4647%; text-align: center; height: 56px;\"><a href=\"https:\/\/www.bombersdv.es\/wp-content\/uploads\/2023\/07\/2023_PI001_OP002_ANUNCIO-BOP-TAG-cast.pdf\" target=\"_blank\" rel=\"noopener\">Publicaci\u00f3n BOP<\/a><\/td>\n<td style=\"width: 0.290065%; height: 56px;\"><\/td>\n<\/tr>\n<tr style=\"height: 46px;\">\n<td style=\"width: 76.4933%; height: 46px;\">Anuncio BOP lista definitiva personas admitidas y excluidas, y fecha realizaci\u00f3n Examen 1<\/p>\n<p align=\"justify\"><span style=\"color: #ff0000;\">Debido a necesidades organizativas del Campus de Burjassot Aularios Interfacultativos, se modifica el Aula de realizaci\u00f3n del \u201c&#8221;Primer Ejercicio, Turno Libre. Prueba te\u00f3rica sobre conocimientos relativos a la parte de materias comunes del programa (Anexo II)&#8221;, pasando a ser AI-4 en lugar de AI-9.<\/span><\/p>\n<\/td>\n<td style=\"width: 8.8817%; height: 46px;\">23\/11\/2023<\/td>\n<td style=\"width: 13.4647%; text-align: center; height: 46px;\"><a href=\"https:\/\/www.bombersdv.es\/wp-content\/uploads\/2023\/11\/2023_PI001_OP002-LISTA-DEF-Y-FECHA-EXAMEN.pdf\" target=\"_blank\" rel=\"noopener\">Publicaci\u00f3n BOP<\/a><\/td>\n<td style=\"width: 0.290065%; height: 46px;\"><\/td>\n<\/tr>\n<tr style=\"height: 48px;\">\n<td style=\"width: 76.4933%; height: 48px;\">Anuncio del \u00d3rgano T\u00e9cnico de Selecci\u00f3n relativo a designaci\u00f3n asesor primero ejercicio \u201cPrueba te\u00f3rica sobre conocimientos del temario, materias comunes, Turno Libre\u201d<\/td>\n<td style=\"width: 8.8817%; height: 48px;\">20\/12\/2023<\/td>\n<td style=\"width: 13.4647%; text-align: center; height: 48px;\"><a href=\"https:\/\/www.bombersdv.es\/wp-content\/uploads\/2023\/12\/2023_PI001_OP002_ANUNCIO-OTS-designacion-asesor-especialista_RAFA-TORRES_signed.pdf\" target=\"_blank\" rel=\"noopener\">Anuncio OTS<\/a><\/td>\n<td style=\"width: 0.290065%; height: 48px;\"><\/td>\n<\/tr>\n<tr style=\"height: 144px;\">\n<td style=\"width: 76.4933%; height: 144px;\">Anuncio del \u00d3rgano T\u00e9cnico de Selecci\u00f3n relativo a la publicaci\u00f3n del examen y plantilla de correcci\u00f3n y Notas provisionales primer ejercicio.<\/td>\n<td style=\"width: 8.8817%; height: 144px;\">26\/12\/2023<\/td>\n<td style=\"width: 13.4647%; text-align: center; height: 144px;\">\n<p><a href=\"https:\/\/www.bombersdv.es\/wp-content\/uploads\/2023\/12\/Anuncio-Examen-plantilla-i-notas_signed.pdf\" target=\"_blank\" rel=\"noopener\">Anuncio OTS<\/a><\/p>\n<p><a href=\"https:\/\/www.bombersdv.es\/wp-content\/uploads\/2023\/12\/NOTES-PRIMER-EXERCICI_signed-1.pdf\" target=\"_blank\" rel=\"noopener\">Notas provisionales<\/a><br \/>\n<a href=\"https:\/\/www.bombersdv.es\/wp-content\/uploads\/2023\/12\/PDFsam_merge1.pdf\" target=\"_blank\" rel=\"noopener\">Examen y Plantilla de correcci\u00f3n<\/a><\/td>\n<td style=\"width: 0.290065%; height: 144px;\"><\/td>\n<\/tr>\n<tr style=\"height: 160px;\">\n<td style=\"width: 76.4933%; height: 160px;\">Anuncio del \u00d3rgano T\u00e9cnico de Selecci\u00f3n relativo al acuerdo sobre las alegaciones presentadas al primer ejercicio y convocatoria segundo ejercicio. Hoja de soluciones definitiva. Notas definitivas primer ejercicio.<\/td>\n<td style=\"width: 8.8817%; height: 160px;\">17\/01\/2024<\/td>\n<td style=\"width: 13.4647%; text-align: center; height: 160px;\">\n<p><a href=\"https:\/\/www.bombersdv.es\/wp-content\/uploads\/2024\/01\/2023_PI001_OP002_acuerdos-OTS-15-enero-24_signed.pdf\" target=\"_blank\" rel=\"noopener\">Anuncio OTS<\/a><\/p>\n<p><a href=\"https:\/\/www.bombersdv.es\/wp-content\/uploads\/2024\/01\/2023_PI001_OP002_HOJA-SOLUCIONES-DEFINITIVA_signed.pdf\" target=\"_blank\" rel=\"noopener\">Plantilla de correcci\u00f3n definitiva<\/a><\/p>\n<p><a href=\"https:\/\/www.bombersdv.es\/wp-content\/uploads\/2024\/01\/2023_PI001_OP002-NOTAS.pdf\" target=\"_blank\" rel=\"noopener\">Puntuaciones<\/a><\/td>\n<td style=\"width: 0.290065%; height: 160px;\"><\/td>\n<\/tr>\n<tr style=\"height: 96px;\">\n<td style=\"width: 76.4933%; height: 96px;\">Anuncio del \u00d3rgano T\u00e9cnico de Selecci\u00f3n\u00a0 y publicaci\u00f3n Notas definitivas primer ejercicio.<\/td>\n<td style=\"width: 8.8817%; height: 96px;\">29\/02\/2024<\/td>\n<td style=\"width: 13.4647%; text-align: center; height: 96px;\">\n<p><a href=\"https:\/\/www.bombersdv.es\/wp-content\/uploads\/2024\/02\/Anuncio-OTS-28-febrero-24_signed.pdf\" target=\"_blank\" rel=\"noopener\">Anuncio OTS<\/a><\/p>\n<p><a href=\"https:\/\/www.bombersdv.es\/wp-content\/uploads\/2024\/02\/Notas-definitivas-primer-ejercicio_signed.pdf\" target=\"_blank\" rel=\"noopener\">Notas definitivas<\/a><\/td>\n<td style=\"width: 0.290065%; height: 96px;\"><\/td>\n<\/tr>\n<tr style=\"height: 24px;\">\n<td style=\"width: 76.4933%; height: 24px;\">Anuncio del \u00d3rgano T\u00e9cnico de Selecci\u00f3n &#8211; convocatoria lectura p\u00fablica<\/td>\n<td style=\"width: 8.8817%; height: 24px;\">05\/03\/2024<\/td>\n<td style=\"width: 13.4647%; text-align: center; height: 24px;\"><a href=\"https:\/\/www.bombersdv.es\/wp-content\/uploads\/2024\/03\/Anuncio-OTS-4-marzo-24_signed.pdf\">Anuncio OTS<\/a><\/td>\n<td style=\"width: 0.290065%; height: 24px;\"><\/td>\n<\/tr>\n<tr style=\"height: 96px;\">\n<td style=\"width: 76.4933%; height: 96px;\">Anuncio del \u00d3rgano T\u00e9cnico de Selecci\u00f3n &#8211; Calificaciones provisionales\u00a0 resultado de la correcci\u00f3n del segundo ejercicio,<\/td>\n<td style=\"width: 8.8817%; height: 96px;\">05\/04\/2024<\/td>\n<td style=\"width: 13.4647%; text-align: center; height: 96px;\">\n<p><a href=\"https:\/\/www.bombersdv.es\/wp-content\/uploads\/2024\/04\/acuerdos-OTS-25-marzo-24_signed.pdf\" target=\"_blank\" rel=\"noopener\">Anuncio OTS<\/a><\/p>\n<p><a href=\"https:\/\/www.bombersdv.es\/wp-content\/uploads\/2024\/04\/Notas-provisionales-segundo-ejercicio_signed.pdf\" target=\"_blank\" rel=\"noopener\">Puntuaciones<\/a><\/td>\n<td style=\"width: 0.290065%; height: 96px;\"><\/td>\n<\/tr>\n<tr style=\"height: 96px;\">\n<td style=\"width: 76.4933%; height: 96px;\">Anuncio del \u00d3rgano T\u00e9cnico de Selecci\u00f3n &#8211; Resoluci\u00f3n alegaciones, Resultados definitivos segundo ejercicio y convocatoria al tercer ejercicio.<\/td>\n<td style=\"width: 8.8817%; height: 96px;\">03\/05\/2024<\/td>\n<td style=\"width: 13.4647%; height: 96px;\">\n<p style=\"text-align: center;\"><a href=\"https:\/\/www.bombersdv.es\/wp-content\/uploads\/2024\/05\/acuerdos-OTS-3-mayo-24_signed.pdf\" target=\"_blank\" rel=\"noopener\">Anuncio OTS<\/a><\/p>\n<p style=\"text-align: center;\"><a href=\"https:\/\/www.bombersdv.es\/wp-content\/uploads\/2024\/05\/Notas-definitivas-segundo-ejercicio_signed.pdf\" target=\"_blank\" rel=\"noopener\">Puntuaciones<\/a><\/p>\n<\/td>\n<td style=\"width: 0.290065%; height: 96px;\"><\/td>\n<\/tr>\n<tr style=\"height: 56px;\">\n<td style=\"width: 76.4933%; height: 56px;\">Anuncio del \u00d3rgano T\u00e9cnico de Selecci\u00f3n &#8211; Modificaci\u00f3n fecha de realizaci\u00f3n del tercer ejercicio.<\/td>\n<td style=\"width: 8.8817%; height: 56px;\">17\/05\/2024<\/td>\n<td style=\"width: 13.4647%; height: 56px;\">\n<p style=\"text-align: center;\"><a href=\"https:\/\/www.bombersdv.es\/wp-content\/uploads\/2024\/05\/Anuncio-OTS-16-mayo-24_signed.pdf\" target=\"_blank\" rel=\"noopener\">Anuncio OTS<\/a><\/p>\n<\/td>\n<td style=\"width: 0.290065%; height: 56px;\"><\/td>\n<\/tr>\n<tr style=\"height: 56px;\">\n<td style=\"width: 76.4933%; height: 56px;\">Anuncio del \u00d3rgano T\u00e9cnico de Selecci\u00f3n &#8211; Convocatoria lectura del tercer ejercicio.<\/td>\n<td style=\"width: 8.8817%; height: 56px;\">14\/06\/2024<\/td>\n<td style=\"width: 13.4647%; height: 56px;\">\n<p style=\"text-align: center;\"><a href=\"https:\/\/www.bombersdv.es\/wp-content\/uploads\/2024\/06\/Anuncio-OTS-14-junio-24_signed.pdf\" target=\"_blank\" rel=\"noopener\">Anuncio OTS<\/a><\/p>\n<\/td>\n<td style=\"width: 0.290065%; height: 56px;\"><\/td>\n<\/tr>\n<tr style=\"height: 56px;\">\n<td style=\"width: 76.4933%; height: 56px;\">Anuncio del \u00d3rgano T\u00e9cnico de Selecci\u00f3n &#8211; Resultados provisionales Tercer Ejercicio.<\/td>\n<td style=\"width: 8.8817%; height: 56px;\">04\/07\/2024<\/td>\n<td style=\"width: 13.4647%; height: 56px;\">\n<p style=\"text-align: center;\"><a href=\"https:\/\/www.bombersdv.es\/wp-content\/uploads\/2024\/07\/Anuncio-OTS-4-julio-24_signed.pdf\" target=\"_blank\" rel=\"noopener\">Anuncio OTS<\/a><\/p>\n<\/td>\n<td style=\"width: 0.290065%; height: 56px;\"><\/td>\n<\/tr>\n<tr style=\"height: 56px;\">\n<td style=\"width: 76.4933%; height: 56px;\">Anuncio del \u00d3rgano T\u00e9cnico de Selecci\u00f3n &#8211; Convocatoria revisi\u00f3n Tercer Ejercicio.<\/td>\n<td style=\"width: 8.8817%; height: 56px;\">11\/07\/2024<\/td>\n<td style=\"width: 13.4647%; height: 56px;\">\n<p style=\"text-align: center;\"><a href=\"https:\/\/www.bombersdv.es\/wp-content\/uploads\/2024\/07\/Anuncio-revision-presencial_signed.pdf\" target=\"_blank\" rel=\"noopener\">Anuncio OTS<\/a><\/p>\n<\/td>\n<td style=\"width: 0.290065%; height: 56px;\"><\/td>\n<\/tr>\n<tr style=\"height: 33px;\">\n<td style=\"width: 76.4933%; height: 33px;\">Anuncio del \u00d3rgano T\u00e9cnico de Selecci\u00f3n &#8211; Apertura concurso de m\u00e9ritos Promoci\u00f3n Interna.<\/td>\n<td style=\"width: 8.8817%; height: 33px;\">12\/07\/2024<\/td>\n<td style=\"width: 13.4647%; height: 33px;\">\n<p style=\"text-align: center;\"><a href=\"https:\/\/www.bombersdv.es\/wp-content\/uploads\/2024\/07\/Anuncio-OTS-11-julio-24_signed.pdf\" target=\"_blank\" rel=\"noopener\">Anuncio OTS<\/a><\/p>\n<\/td>\n<td style=\"width: 0.290065%; height: 33px;\"><\/td>\n<\/tr>\n<tr>\n<td style=\"width: 76.4933%;\">Anuncio del \u00d3rgano T\u00e9cnico de Selecci\u00f3n &#8211; Resultados definitivos Tercer Ejercicio, Resultados fase oposici\u00f3n y\u00a0 Apertura concurso de m\u00e9ritos Turno Libre.<\/td>\n<td style=\"width: 8.8817%;\">16\/07\/2024<\/td>\n<td style=\"width: 13.4647%;\">\n<p style=\"text-align: center;\"><a href=\"https:\/\/www.bombersdv.es\/wp-content\/uploads\/2024\/07\/Anuncio-ots-tag-15-julio-24_signed.pdf\" target=\"_blank\" rel=\"noopener\">Anuncio OTS<\/a><\/p>\n<\/td>\n<td style=\"width: 0.290065%;\"><\/td>\n<\/tr>\n<tr>\n<td style=\"width: 76.4933%;\">Modelo de solicitud presentaci\u00f3n de m\u00e9ritos<\/td>\n<td style=\"width: 8.8817%;\">17\/07\/2024<\/td>\n<td style=\"width: 13.4647%;\">\n<p style=\"text-align: center;\"><a href=\"https:\/\/www.bombersdv.es\/wp-content\/uploads\/2024\/07\/2023_PI001_OP002_INSTANCIA-ANEXO-IV-TAG.pdf\" target=\"_blank\" rel=\"noopener\">Solicitud<\/a><\/p>\n<\/td>\n<td style=\"width: 0.290065%;\"><\/td>\n<\/tr>\n<tr>\n<td style=\"width: 76.4933%;\"><span style=\"font-size: medium;\">Relaci\u00f3n Definitiva personas que han superado proceso selectivo turno de promoci\u00f3n interna<\/span><\/td>\n<td style=\"width: 8.8817%;\">23\/07\/2024<\/td>\n<td style=\"width: 13.4647%;\">\n<p style=\"text-align: center;\"><a href=\"https:\/\/www.bombersdv.es\/wp-content\/uploads\/2024\/07\/2023_PI001_OP002_Anunc-22-jul-24_signed.pdf\" target=\"_blank\" rel=\"noopener\">Anuncio OTS<\/a><\/p>\n<\/td>\n<td style=\"width: 0.290065%;\"><\/td>\n<\/tr>\n<tr>\n<td style=\"width: 76.4933%;\">Anuncio del \u00d3rgano T\u00e9cnico de Selecci\u00f3n &#8211; Puntuaci\u00f3n\u00a0 fase Concurso Turno Libre.<\/td>\n<td style=\"width: 8.8817%;\">03\/10\/2024<\/td>\n<td style=\"width: 13.4647%;\">\n<p style=\"text-align: center;\"><a href=\"https:\/\/www.bombersdv.es\/wp-content\/uploads\/2024\/10\/Anuncio-OTS-2-octubre-24_signed.pdf\" target=\"_blank\" rel=\"noopener\">Anuncio OTS<\/a><\/p>\n<\/td>\n<td style=\"width: 0.290065%;\"><\/td>\n<\/tr>\n<tr>\n<td style=\"width: 76.4933%;\">Anuncio del \u00d3rgano T\u00e9cnico de Selecci\u00f3n &#8211; Resoluci\u00f3n Alegaciones y\u00a0\u00a0 Relaci\u00f3n Definitiva de las personas que han resultado seleccionadas Turno Libre<\/td>\n<td style=\"width: 8.8817%;\">18\/10\/2024<\/td>\n<td style=\"width: 13.4647%;\">\n<p style=\"text-align: center;\"><a href=\"https:\/\/www.bombersdv.es\/wp-content\/uploads\/2024\/10\/Anuncio-OTS-18-octubre-24_signed-TAG.pdf\" target=\"_blank\" rel=\"noopener\">Anuncio OTS<\/a><\/p>\n<\/td>\n<td style=\"width: 0.290065%;\"><\/td>\n<\/tr>\n<tr>\n<td style=\"width: 76.4933%;\">Publicaci\u00f3n BOP nombramientos funcionarios\/as de carrera Turno Promoci\u00f3n Interna<\/td>\n<td style=\"width: 8.8817%;\">21\/10\/2024<\/td>\n<td style=\"width: 13.4647%;\"><a href=\"https:\/\/www.bombersdv.es\/wp-content\/uploads\/2024\/10\/2023_PI001_OP002_Nomb-FC-3-TAG-PI-castellano.pdf\" target=\"_blank\" rel=\"noopener\">Publicaci\u00f3n BOP<\/a><\/td>\n<td style=\"width: 0.290065%;\"><\/td>\n<\/tr>\n<tr>\n<td style=\"width: 76.4933%;\">Publicaci\u00f3n BOP nombramiento funcionario\u00a0 de carrera Turno Libre<\/td>\n<td style=\"width: 8.8817%;\">13\/01\/2025<\/td>\n<td style=\"width: 13.4647%;\"><a href=\"https:\/\/www.bombersdv.es\/wp-content\/uploads\/2025\/01\/2023_PI001_OP002_ES.pdf\" target=\"_blank\" rel=\"noopener\">Publicaci\u00f3n BOP<\/a><\/td>\n<td style=\"width: 0.290065%;\"><\/td>\n<\/tr>\n<\/tbody>\n<\/table>\n<\/div>\n<\/div><div class=\"fusion-clearfix\"><\/div><\/div><\/div><\/div><\/div>\n","protected":false},"excerpt":{"rendered":"","protected":false},"author":192,"featured_media":0,"parent":15127,"menu_order":0,"comment_status":"closed","ping_status":"closed","template":"","meta":{"footnotes":""},"class_list":["post-64801","page","type-page","status-publish","hentry"],"_links":{"self":[{"href":"https:\/\/www.bombersdv.es\/es\/wp-json\/wp\/v2\/pages\/64801"}],"collection":[{"href":"https:\/\/www.bombersdv.es\/es\/wp-json\/wp\/v2\/pages"}],"about":[{"href":"https:\/\/www.bombersdv.es\/es\/wp-json\/wp\/v2\/types\/page"}],"author":[{"embeddable":true,"href":"https:\/\/www.bombersdv.es\/es\/wp-json\/wp\/v2\/users\/192"}],"replies":[{"embeddable":true,"href":"https:\/\/www.bombersdv.es\/es\/wp-json\/wp\/v2\/comments?post=64801"}],"version-history":[{"count":46,"href":"https:\/\/www.bombersdv.es\/es\/wp-json\/wp\/v2\/pages\/64801\/revisions"}],"predecessor-version":[{"id":71949,"href":"https:\/\/www.bombersdv.es\/es\/wp-json\/wp\/v2\/pages\/64801\/revisions\/71949"}],"up":[{"embeddable":true,"href":"https:\/\/www.bombersdv.es\/es\/wp-json\/wp\/v2\/pages\/15127"}],"wp:attachment":[{"href":"https:\/\/www.bombersdv.es\/es\/wp-json\/wp\/v2\/media?parent=64801"}],"curies":[{"name":"wp","href":"https:\/\/api.w.org\/{rel}","templated":true}]}}