{"id":65488,"date":"2023-06-14T11:50:02","date_gmt":"2023-06-14T09:50:02","guid":{"rendered":"https:\/\/www.bombersdv.es\/?page_id=65488"},"modified":"2023-06-20T18:30:22","modified_gmt":"2023-06-20T16:30:22","slug":"canales-de-informacion","status":"publish","type":"page","link":"https:\/\/www.bombersdv.es\/es\/portal-de-transparencia\/canales-de-informacion\/","title":{"rendered":"Canales de Informaci\u00f3n"},"content":{"rendered":"<p><div class=\"fusion-fullwidth fullwidth-box fusion-builder-row-1 fusion-flex-container nonhundred-percent-fullwidth non-hundred-percent-height-scrolling\" style=\"--awb-border-radius-top-left:0px;--awb-border-radius-top-right:0px;--awb-border-radius-bottom-right:0px;--awb-border-radius-bottom-left:0px;--awb-flex-wrap:wrap;\" ><div class=\"fusion-builder-row fusion-row fusion-flex-align-items-flex-start fusion-flex-content-wrap\" style=\"max-width:1248px;margin-left: calc(-4% \/ 2 );margin-right: calc(-4% \/ 2 );\"><div class=\"fusion-layout-column fusion_builder_column fusion-builder-column-0 fusion_builder_column_1_1 1_1 fusion-flex-column\" style=\"--awb-bg-size:cover;--awb-box-shadow: 0px 0px #ffffff;;--awb-width-large:100%;--awb-margin-top-large:0px;--awb-spacing-right-large:1.92%;--awb-margin-bottom-large:20px;--awb-spacing-left-large:1.92%;--awb-width-medium:100%;--awb-order-medium:0;--awb-spacing-right-medium:1.92%;--awb-spacing-left-medium:1.92%;--awb-width-small:100%;--awb-order-small:0;--awb-spacing-right-small:1.92%;--awb-spacing-left-small:1.92%;\"><div class=\"fusion-column-wrapper fusion-column-has-shadow fusion-flex-justify-content-center fusion-content-layout-column\"><div class=\"fusion-title title fusion-title-1 fusion-sep-none fusion-title-center fusion-title-text fusion-title-size-three\"><h3 class=\"fusion-title-heading title-heading-center fusion-responsive-typography-calculated\" style=\"margin:0;--fontSize:24;line-height:1.08;\"><h2 style=\"text-align: center;\"><span style=\"color: #ff0000;\">Sistema interno de informaci\u00f3n<\/span><\/h2><\/h3><\/div><\/div><\/div><\/div><\/div><div class=\"fusion-fullwidth fullwidth-box fusion-builder-row-2 fusion-flex-container nonhundred-percent-fullwidth non-hundred-percent-height-scrolling\" style=\"--awb-border-radius-top-left:0px;--awb-border-radius-top-right:0px;--awb-border-radius-bottom-right:0px;--awb-border-radius-bottom-left:0px;--awb-flex-wrap:wrap;\" ><div class=\"fusion-builder-row fusion-row fusion-flex-align-items-flex-start fusion-flex-content-wrap\" style=\"max-width:1248px;margin-left: calc(-4% \/ 2 );margin-right: calc(-4% \/ 2 );\"><div class=\"fusion-layout-column fusion_builder_column fusion-builder-column-1 fusion_builder_column_4_5 4_5 fusion-flex-column\" style=\"--awb-bg-size:cover;--awb-width-large:80%;--awb-margin-top-large:0px;--awb-spacing-right-large:2.4%;--awb-margin-bottom-large:20px;--awb-spacing-left-large:2.4%;--awb-width-medium:100%;--awb-order-medium:0;--awb-spacing-right-medium:1.92%;--awb-spacing-left-medium:1.92%;--awb-width-small:100%;--awb-order-small:0;--awb-spacing-right-small:1.92%;--awb-spacing-left-small:1.92%;\"><div class=\"fusion-column-wrapper fusion-column-has-shadow fusion-flex-justify-content-flex-start fusion-content-layout-column\"><div class=\"fusion-text fusion-text-1\"><p style=\"text-align: justify;\">El Sistema Interno de Informaci\u00f3n del Consorcio pretende ser el <strong>cauce preferente<\/strong> para la comunicaci\u00f3n de las <strong>infracciones normativas graves o muy graves detectadas en el Consorcio por las personas empleadas en el mismo<\/strong> o quienes guarden alg\u00fan otro tipo de relaci\u00f3n (voluntarios, opositores, contratistas, etc.). Es una v\u00eda de comunicaci\u00f3n segura y garantiza el cumplimiento de las exigencias de <strong>confidencialidad<\/strong> y la <strong>protecci\u00f3n de la identidad<\/strong> de la persona informante quien podr\u00e1 conservar su anonimato.<\/p>\n<p style=\"text-align: justify;\">Tambi\u00e9n pretende <strong>favorecer la cultura de la comunicaci\u00f3n de informaciones como medio para fortalecer la integridad institucional.<\/strong><\/p>\n<p style=\"text-align: justify;\">Se garantiza la protecci\u00f3n de las personas informantes frente a posibles represalias, de acuerdo con los principios, derechos y garant\u00edas que se detallan en la pol\u00edtica y en el procedimiento aprobados \u00a0por la Asamblea General del Consorcio. Pueden consultarse al margen.<\/p>\n<p style=\"text-align: justify;\">Las informaciones sobre esos hechos podr\u00e1n ser presentadas por las <strong>personas f\u00edsicas vinculadas con el Consorcio<\/strong> a trav\u00e9s de diferentes canales: Electr\u00f3nico; correo electr\u00f3nico; correo postal y presencialmente.<\/p>\n<p style=\"text-align: justify;\">Esta p\u00e1gina es el acceso al primero de esos canales, el electr\u00f3nico.<\/p>\n<p style=\"text-align: justify;\">Sin perjuicio del car\u00e1cter preferente del canal Interno toda persona f\u00edsica podr\u00e1 informar de la comisi\u00f3n de cualesquiera acciones u omisiones, incluidas en el \u00e1mbito de aplicaci\u00f3n de la <a href=\"https:\/\/www.boe.es\/eli\/es\/l\/2023\/02\/20\/2\/con\" target=\"_blank\" rel=\"noopener\">Ley 2\/2023<\/a>\u00a0 (LPI) a trav\u00e9s de un <strong>canal externo: <\/strong>\u00a0el buz\u00f3n de la Agencia de Prevenci\u00f3n y Lucha contra el Fraude y la Corrupci\u00f3n de la Comunitat Valenciana.<\/p>\n<p style=\"text-align: justify;\">En esta p\u00e1gina <strong>se habilita el acceso a otros canales internos\u00a0<\/strong> como es el <a href=\"https:\/\/www.bombersdv.es\/wp-content\/uploads\/2022\/03\/protocolo_prevencion_acoso_bop.pdf\" target=\"_blank\" rel=\"noopener\"><strong>Protocolo de Prevenci\u00f3n y Actuaci\u00f3n Aut\u00f3noma ante la Violencia Laboral del Consorcio<\/strong><\/a>.\u00a0 \u00a0Estas comunicaciones y sus remitentes quedar\u00e1n fuera del \u00e1mbito de protecci\u00f3n de la LPI y del Sistema Interno de Informaci\u00f3n y se rigen por su normativa espec\u00edfica<\/p>\n<\/div><\/div><\/div><div class=\"fusion-layout-column fusion_builder_column fusion-builder-column-2 fusion_builder_column_1_5 1_5 fusion-flex-column\" style=\"--awb-bg-size:cover;--awb-width-large:20%;--awb-margin-top-large:0px;--awb-spacing-right-large:9.6%;--awb-margin-bottom-large:20px;--awb-spacing-left-large:9.6%;--awb-width-medium:100%;--awb-order-medium:0;--awb-spacing-right-medium:1.92%;--awb-spacing-left-medium:1.92%;--awb-width-small:100%;--awb-order-small:0;--awb-spacing-right-small:1.92%;--awb-spacing-left-small:1.92%;\"><div class=\"fusion-column-wrapper fusion-column-has-shadow fusion-flex-justify-content-flex-start fusion-content-layout-column\"><div class=\"fusion-text fusion-text-2\"><p style=\"text-align: center;\"><span style=\"color: #ff0000;\"><strong>Documentos:<\/strong><\/span><\/p>\n<\/div><div class=\"fusion-image-element \" style=\"text-align:center;--awb-liftup-border-radius:0px;--awb-caption-title-font-family:var(--h2_typography-font-family);--awb-caption-title-font-weight:var(--h2_typography-font-weight);--awb-caption-title-font-style:var(--h2_typography-font-style);--awb-caption-title-size:var(--h2_typography-font-size);--awb-caption-title-transform:var(--h2_typography-text-transform);--awb-caption-title-line-height:var(--h2_typography-line-height);--awb-caption-title-letter-spacing:var(--h2_typography-letter-spacing);\"><div class=\"awb-image-frame awb-image-frame-1 imageframe-liftup\"><span class=\" fusion-imageframe imageframe-none imageframe-1\"><a class=\"fusion-no-lightbox\" href=\"https:\/\/www.bombersdv.es\/es\/politica-del-sistema-interno-de-informacion-del-consorcio\/\" target=\"_self\" aria-label=\"carpeta roja\"><img decoding=\"async\" width=\"64\" height=\"64\" src=\"https:\/\/www.bombersdv.es\/wp-content\/uploads\/2023\/06\/carpeta-roja.png\" alt class=\"img-responsive wp-image-65725\"\/><\/a><\/span><\/div><\/div><div class=\"fusion-text fusion-text-3\"><p style=\"text-align: center;\">Pol\u00edtica del sistema<\/p>\n<\/div><div class=\"fusion-image-element \" style=\"text-align:center;--awb-liftup-border-radius:0px;--awb-caption-title-font-family:var(--h2_typography-font-family);--awb-caption-title-font-weight:var(--h2_typography-font-weight);--awb-caption-title-font-style:var(--h2_typography-font-style);--awb-caption-title-size:var(--h2_typography-font-size);--awb-caption-title-transform:var(--h2_typography-text-transform);--awb-caption-title-line-height:var(--h2_typography-line-height);--awb-caption-title-letter-spacing:var(--h2_typography-letter-spacing);\"><div class=\"awb-image-frame awb-image-frame-2 imageframe-liftup\"><span class=\" fusion-imageframe imageframe-none imageframe-2\"><a class=\"fusion-no-lightbox\" href=\"https:\/\/www.bombersdv.es\/es\/instruccion-procedimiento-de-gestion-informaciones-en-el-sistema-interno-de-informacion\/\" target=\"_self\" aria-label=\"carpetas_verd_10970 (1)\"><img decoding=\"async\" width=\"64\" height=\"64\" src=\"https:\/\/www.bombersdv.es\/wp-content\/uploads\/2023\/06\/carpetas_verd_10970-1.png\" alt class=\"img-responsive wp-image-65733\"\/><\/a><\/span><\/div><\/div><div class=\"fusion-text fusion-text-4\"><p style=\"text-align: center;\">Procedimiento<\/p>\n<\/div><div class=\"fusion-image-element \" style=\"text-align:center;--awb-liftup-border-radius:0px;--awb-caption-title-font-family:var(--h2_typography-font-family);--awb-caption-title-font-weight:var(--h2_typography-font-weight);--awb-caption-title-font-style:var(--h2_typography-font-style);--awb-caption-title-size:var(--h2_typography-font-size);--awb-caption-title-transform:var(--h2_typography-text-transform);--awb-caption-title-line-height:var(--h2_typography-line-height);--awb-caption-title-letter-spacing:var(--h2_typography-letter-spacing);\"><div class=\"awb-image-frame awb-image-frame-3 imageframe-liftup\"><span class=\" fusion-imageframe imageframe-none imageframe-3\"><a class=\"fusion-no-lightbox\" href=\"https:\/\/www.bombersdv.es\/es\/portal-de-transparencia\/atencion-e-informacion-al-ciudadano\/formularios-y-solicitudes\/actividad-de-tratamiento-de-datos-canal-interno-de-denuncias\/\" target=\"_self\" aria-label=\"carpetas_azu_10985\"><img decoding=\"async\" width=\"64\" height=\"64\" src=\"https:\/\/www.bombersdv.es\/wp-content\/uploads\/2023\/06\/carpetas_azu_10985.png\" alt class=\"img-responsive wp-image-65735\"\/><\/a><\/span><\/div><\/div><div class=\"fusion-text fusion-text-5\"><p style=\"text-align: center;\">Informaci\u00f3n protecci\u00f3n de datos<\/p>\n<\/div><\/div><\/div><\/div><\/div><div class=\"fusion-fullwidth fullwidth-box fusion-builder-row-3 fusion-flex-container nonhundred-percent-fullwidth non-hundred-percent-height-scrolling\" style=\"--awb-border-radius-top-left:0px;--awb-border-radius-top-right:0px;--awb-border-radius-bottom-right:0px;--awb-border-radius-bottom-left:0px;--awb-flex-wrap:wrap;\" ><div class=\"fusion-builder-row fusion-row fusion-flex-align-items-flex-start fusion-flex-content-wrap\" style=\"max-width:1248px;margin-left: calc(-4% \/ 2 );margin-right: calc(-4% \/ 2 );\"><div class=\"fusion-layout-column fusion_builder_column fusion-builder-column-3 fusion_builder_column_1_3 1_3 fusion-flex-column\" style=\"--awb-bg-size:cover;--awb-width-large:33.333333333333%;--awb-margin-top-large:0px;--awb-spacing-right-large:5.76%;--awb-margin-bottom-large:20px;--awb-spacing-left-large:5.76%;--awb-width-medium:100%;--awb-order-medium:0;--awb-spacing-right-medium:1.92%;--awb-spacing-left-medium:1.92%;--awb-width-small:100%;--awb-order-small:0;--awb-spacing-right-small:1.92%;--awb-spacing-left-small:1.92%;\"><div class=\"fusion-column-wrapper fusion-column-has-shadow fusion-flex-justify-content-flex-start fusion-content-layout-column\"><div class=\"fusion-text fusion-text-6\"><p><strong>Buz\u00f3n de denuncias de la Agencia Valenciana Antifraude<\/strong><\/p>\n<\/div><div ><a class=\"fusion-button button-flat fusion-button-default-size button-default fusion-button-default button-1 fusion-button-default-span fusion-button-default-type\" target=\"_blank\" rel=\"noopener noreferrer\" href=\"https:\/\/www.antifraucv.es\/buzon-de-denuncias-2\/\"><span class=\"fusion-button-text\">Buz\u00f3n Agencia Valenciana Antifraude<\/span><\/a><\/div><\/div><\/div><div class=\"fusion-layout-column fusion_builder_column fusion-builder-column-4 fusion_builder_column_1_3 1_3 fusion-flex-column\" style=\"--awb-bg-size:cover;--awb-width-large:33.333333333333%;--awb-margin-top-large:0px;--awb-spacing-right-large:5.76%;--awb-margin-bottom-large:20px;--awb-spacing-left-large:5.76%;--awb-width-medium:100%;--awb-order-medium:0;--awb-spacing-right-medium:1.92%;--awb-spacing-left-medium:1.92%;--awb-width-small:100%;--awb-order-small:0;--awb-spacing-right-small:1.92%;--awb-spacing-left-small:1.92%;\"><div class=\"fusion-column-wrapper fusion-column-has-shadow fusion-flex-justify-content-flex-start fusion-content-layout-column\"><div class=\"fusion-text fusion-text-7\"><p><strong>Buz\u00f3n interno del Consorcio Provincial de Bomberos de Valencia<\/strong><\/p>\n<\/div><div ><a class=\"fusion-button button-flat fusion-button-default-size button-default fusion-button-default button-2 fusion-button-default-span fusion-button-default-type\" target=\"_blank\" rel=\"noopener noreferrer\" href=\"https:\/\/buzon.bombersdv.es\"><span class=\"fusion-button-text\">Buz\u00f3n Consorcio Provincial de Bomberos de Valencia<\/span><\/a><\/div><\/div><\/div><div class=\"fusion-layout-column fusion_builder_column fusion-builder-column-5 fusion_builder_column_1_3 1_3 fusion-flex-column\" style=\"--awb-bg-size:cover;--awb-width-large:33.333333333333%;--awb-margin-top-large:0px;--awb-spacing-right-large:5.76%;--awb-margin-bottom-large:20px;--awb-spacing-left-large:5.76%;--awb-width-medium:100%;--awb-order-medium:0;--awb-spacing-right-medium:1.92%;--awb-spacing-left-medium:1.92%;--awb-width-small:100%;--awb-order-small:0;--awb-spacing-right-small:1.92%;--awb-spacing-left-small:1.92%;\"><div class=\"fusion-column-wrapper fusion-column-has-shadow fusion-flex-justify-content-flex-start fusion-content-layout-column\"><div class=\"fusion-text fusion-text-8\"><p>Protocolo de Prevenci\u00f3n y Actuaci\u00f3n Aut\u00f3noma ante la Violencia Laboral del Consorcio<\/p>\n<\/div><div ><a class=\"fusion-button button-flat fusion-button-default-size button-blue fusion-button-blue button-3 fusion-button-default-span fusion-button-default-type\" target=\"_blank\" rel=\"noopener noreferrer\" href=\"https:\/\/www.bombersdv.es\/es\/portal-de-lempleat\/prevencion-de-riesgos-laborales\/formulario-de-comunicado-de-riesgos\/\"><span class=\"fusion-button-text\">Enlace a formulario comunicaci\u00f3n de riesgos<\/span><\/a><\/div><\/div><\/div><\/div><\/div><\/p>\n","protected":false},"excerpt":{"rendered":"","protected":false},"author":1642,"featured_media":0,"parent":15159,"menu_order":0,"comment_status":"closed","ping_status":"closed","template":"","meta":{"footnotes":""},"class_list":["post-65488","page","type-page","status-publish","hentry"],"_links":{"self":[{"href":"https:\/\/www.bombersdv.es\/es\/wp-json\/wp\/v2\/pages\/65488"}],"collection":[{"href":"https:\/\/www.bombersdv.es\/es\/wp-json\/wp\/v2\/pages"}],"about":[{"href":"https:\/\/www.bombersdv.es\/es\/wp-json\/wp\/v2\/types\/page"}],"author":[{"embeddable":true,"href":"https:\/\/www.bombersdv.es\/es\/wp-json\/wp\/v2\/users\/1642"}],"replies":[{"embeddable":true,"href":"https:\/\/www.bombersdv.es\/es\/wp-json\/wp\/v2\/comments?post=65488"}],"version-history":[{"count":55,"href":"https:\/\/www.bombersdv.es\/es\/wp-json\/wp\/v2\/pages\/65488\/revisions"}],"predecessor-version":[{"id":65753,"href":"https:\/\/www.bombersdv.es\/es\/wp-json\/wp\/v2\/pages\/65488\/revisions\/65753"}],"up":[{"embeddable":true,"href":"https:\/\/www.bombersdv.es\/es\/wp-json\/wp\/v2\/pages\/15159"}],"wp:attachment":[{"href":"https:\/\/www.bombersdv.es\/es\/wp-json\/wp\/v2\/media?parent=65488"}],"curies":[{"name":"wp","href":"https:\/\/api.w.org\/{rel}","templated":true}]}}