{"id":65666,"date":"2023-06-19T13:36:49","date_gmt":"2023-06-19T11:36:49","guid":{"rendered":"https:\/\/www.bombersdv.es\/?page_id=65666"},"modified":"2023-11-30T11:09:43","modified_gmt":"2023-11-30T10:09:43","slug":"2023-bolsa-de-formadores-internos-para-el-modulo-de-actuaciones-en-tentativas-de-suicidio","status":"publish","type":"page","link":"https:\/\/www.bombersdv.es\/es\/oposiciones\/procesos-en-marcha\/borsa-de-formadors-interns\/2023-bolsa-de-formadores-internos-para-el-modulo-de-actuaciones-en-tentativas-de-suicidio\/","title":{"rendered":"2023 Bolsa de formadores internos para el m\u00f3dulo de actuaciones en tentativas de suicidio"},"content":{"rendered":"<div class=\"fusion-fullwidth fullwidth-box fusion-builder-row-1 nonhundred-percent-fullwidth non-hundred-percent-height-scrolling\" style=\"--awb-background-position:left top;--awb-border-radius-top-left:0px;--awb-border-radius-top-right:0px;--awb-border-radius-bottom-right:0px;--awb-border-radius-bottom-left:0px;--awb-padding-top:20px;--awb-padding-bottom:20px;--awb-border-sizes-top:0px;--awb-border-sizes-bottom:0px;--awb-flex-wrap:wrap;\" ><div class=\"fusion-builder-row fusion-row\"><div class=\"fusion-layout-column fusion_builder_column fusion-builder-column-0 fusion_builder_column_1_1 1_1 fusion-one-full fusion-column-first fusion-column-last fusion-column-no-min-height\" style=\"--awb-bg-size:cover;--awb-margin-bottom:0px;\"><div class=\"fusion-column-wrapper fusion-flex-column-wrapper-legacy\"><div class=\"fusion-title title fusion-title-1 fusion-sep-none fusion-title-text fusion-title-size-two\"><h2 class=\"fusion-title-heading title-heading-left fusion-responsive-typography-calculated\" style=\"margin:0;--fontSize:34;line-height:1.09;\">2023 Bolsa de formadores internos para el m\u00f3dulo de actuaciones en tentativas de suicidio<\/h2><\/div><div class=\"fusion-text fusion-text-1\"><div class=\"table-2\">\n<table style=\"height: 48px;\" width=\"100%\">\n<thead>\n<tr style=\"height: 24px;\">\n<th style=\"height: 24px; width: 68.7793%;\">Tr\u00e1mite<\/th>\n<th style=\"height: 24px; width: 13.6933%;\">D\u00eda<\/th>\n<th style=\"height: 24px; width: 16.7449%;\">Documento (s)<\/th>\n<\/tr>\n<\/thead>\n<tbody>\n<tr style=\"height: 24px;\">\n<td style=\"height: 24px; width: 68.7793%;\">Decreto bases creaci\u00f3n bolsa (Decreto 2023\/00752)<\/td>\n<td style=\"height: 24px; width: 13.6933%;\">19\/06\/2023<\/td>\n<td style=\"height: 24px; width: 16.7449%;\"><a href=\"https:\/\/www.bombersdv.es\/wp-content\/uploads\/2023\/06\/2023_FOR_S539_00003-Decreto-Copia-autentica.pdf\" target=\"_blank\" rel=\"noopener\">Decreto<\/a><\/td>\n<\/tr>\n<tr>\n<td style=\"width: 68.7793%;\">Tr\u00e1mite en sede electr\u00f3nica<\/td>\n<td style=\"width: 13.6933%;\">19\/09\/2023<\/td>\n<td style=\"width: 16.7449%;\"><a href=\"https:\/\/sede.bombersdv.es\/ficha-procedimiento\/49\" target=\"_blank\" rel=\"noopener\">Tr\u00e1mite<\/a><\/td>\n<\/tr>\n<tr>\n<td style=\"width: 68.7793%;\">Resoluci\u00f3n provisional Comisi\u00f3n de Valoraci\u00f3n<\/td>\n<td style=\"width: 13.6933%;\">30\/11\/2023<\/td>\n<td style=\"width: 16.7449%;\"><a href=\"https:\/\/www.bombersdv.es\/wp-content\/uploads\/2023\/11\/Resolucion-Comision-de-Valoracion-Copia-autentica.pdf\" target=\"_blank\" rel=\"noopener\">Resoluci\u00f3n<\/a><\/td>\n<\/tr>\n<\/tbody>\n<\/table>\n<\/div>\n<\/div><div class=\"fusion-clearfix\"><\/div><\/div><\/div><\/div><\/div>\n","protected":false},"excerpt":{"rendered":"","protected":false},"author":29,"featured_media":0,"parent":52537,"menu_order":0,"comment_status":"closed","ping_status":"closed","template":"","meta":{"footnotes":""},"class_list":["post-65666","page","type-page","status-publish","hentry"],"_links":{"self":[{"href":"https:\/\/www.bombersdv.es\/es\/wp-json\/wp\/v2\/pages\/65666"}],"collection":[{"href":"https:\/\/www.bombersdv.es\/es\/wp-json\/wp\/v2\/pages"}],"about":[{"href":"https:\/\/www.bombersdv.es\/es\/wp-json\/wp\/v2\/types\/page"}],"author":[{"embeddable":true,"href":"https:\/\/www.bombersdv.es\/es\/wp-json\/wp\/v2\/users\/29"}],"replies":[{"embeddable":true,"href":"https:\/\/www.bombersdv.es\/es\/wp-json\/wp\/v2\/comments?post=65666"}],"version-history":[{"count":4,"href":"https:\/\/www.bombersdv.es\/es\/wp-json\/wp\/v2\/pages\/65666\/revisions"}],"predecessor-version":[{"id":67476,"href":"https:\/\/www.bombersdv.es\/es\/wp-json\/wp\/v2\/pages\/65666\/revisions\/67476"}],"up":[{"embeddable":true,"href":"https:\/\/www.bombersdv.es\/es\/wp-json\/wp\/v2\/pages\/52537"}],"wp:attachment":[{"href":"https:\/\/www.bombersdv.es\/es\/wp-json\/wp\/v2\/media?parent=65666"}],"curies":[{"name":"wp","href":"https:\/\/api.w.org\/{rel}","templated":true}]}}