{"id":65676,"date":"2023-06-19T13:48:29","date_gmt":"2023-06-19T11:48:29","guid":{"rendered":"https:\/\/www.bombersdv.es\/?page_id=65676"},"modified":"2023-06-19T14:05:44","modified_gmt":"2023-06-19T12:05:44","slug":"2020-borses","status":"publish","type":"page","link":"https:\/\/www.bombersdv.es\/es\/oposiciones\/procesos-en-marcha\/borsa-de-formadors-interns\/2020-borses\/","title":{"rendered":"2020 Bolsas formadores"},"content":{"rendered":"<p><div class=\"fusion-fullwidth fullwidth-box fusion-builder-row-1 nonhundred-percent-fullwidth non-hundred-percent-height-scrolling\" style=\"--awb-background-position:left top;--awb-border-radius-top-left:0px;--awb-border-radius-top-right:0px;--awb-border-radius-bottom-right:0px;--awb-border-radius-bottom-left:0px;--awb-padding-top:20px;--awb-padding-bottom:20px;--awb-border-sizes-top:0px;--awb-border-sizes-bottom:0px;--awb-flex-wrap:wrap;\" ><div class=\"fusion-builder-row fusion-row\"><div class=\"fusion-layout-column fusion_builder_column fusion-builder-column-0 fusion_builder_column_1_1 1_1 fusion-one-full fusion-column-first fusion-column-last fusion-column-no-min-height\" style=\"--awb-bg-size:cover;--awb-margin-bottom:0px;\"><div class=\"fusion-column-wrapper fusion-flex-column-wrapper-legacy\"><div class=\"fusion-title title fusion-title-1 fusion-sep-none fusion-title-text fusion-title-size-two\"><h2 class=\"fusion-title-heading title-heading-left fusion-responsive-typography-calculated\" style=\"margin:0;--fontSize:34;line-height:1.09;\">Bolsa de formadores internos<\/h2><\/div><div class=\"fusion-text fusion-text-1\"><div class=\"fusion-text fusion-text-1\"><\/div>\n<div class=\"table-2\">\n<table style=\"width: 99.2759%;\" width=\"100%\">\n<thead>\n<tr>\n<th style=\"width: 31.4265%;\">Tr\u00e0mit<\/th>\n<th style=\"width: 7.53077%;\">Data<\/th>\n<th style=\"width: 60.3186%;\">Document(s)<\/th>\n<\/tr>\n<\/thead>\n<tbody>\n<tr>\n<td style=\"width: 31.4265%;\">Decreto aprobaci\u00f3n bases bolsa formadores<\/td>\n<td style=\"width: 7.53077%;\">16\/09\/2020<\/td>\n<td style=\"width: 60.3186%;\"><a href=\"https:\/\/www.bombersdv.es\/wp-content\/uploads\/2020\/09\/2020_FOR_S539_00003-Decreto_copia_autentica.pdf\" target=\"_blank\" rel=\"noopener noreferrer\">Decreto<\/a><\/td>\n<\/tr>\n<tr>\n<td style=\"width: 31.4265%;\">Bases bolsa formadores<\/td>\n<td style=\"width: 7.53077%;\">16\/09\/2020<\/td>\n<td style=\"width: 60.3186%;\"><a href=\"https:\/\/www.bombersdv.es\/wp-content\/uploads\/2020\/09\/Bases-val.pdf\" target=\"_blank\" rel=\"noopener noreferrer\">Bases<\/a><\/td>\n<\/tr>\n<tr>\n<td style=\"width: 31.4265%;\">Instancia<\/td>\n<td style=\"width: 7.53077%;\">16\/09\/2020<\/td>\n<td style=\"width: 60.3186%;\"><a href=\"https:\/\/www.bombersdv.es\/wp-content\/uploads\/2020\/09\/Instancia.pdf\" target=\"_blank\" rel=\"noopener noreferrer\">Instancia.<br \/>\n<\/a> El t\u00e9rmino de presentaci\u00f3n de solicitudes finaliza el <strong>26 de Septiembre<\/strong><\/td>\n<\/tr>\n<tr>\n<td style=\"width: 31.4265%;\">Decreto nombramiento comisi\u00f3n de valoraci\u00f3n<\/td>\n<td style=\"width: 7.53077%;\">29\/10\/2020<\/td>\n<td style=\"width: 60.3186%;\"><a href=\"https:\/\/www.bombersdv.es\/wp-content\/uploads\/2020\/10\/2020_FOR_S539_00003-Decret.pdf\" target=\"_blank\" rel=\"noopener noreferrer\">Decreto<\/a><\/td>\n<\/tr>\n<tr>\n<td style=\"width: 31.4265%;\">Anuncio comisi\u00f3n<\/td>\n<td style=\"width: 7.53077%;\">09\/12\/2020<\/td>\n<td style=\"width: 60.3186%;\"><a href=\"https:\/\/www.bombersdv.es\/wp-content\/uploads\/2020\/12\/anuncio_bolsa_formadores.pdf\" target=\"_blank\" rel=\"noopener noreferrer\">Actualizaci\u00f3n de la base de datos de formadores y coordinadores del<br \/>\nConsorcio Provincial de Bomberos de Val\u00e8ncia, y de acuerdo con el baremo<br \/>\nde m\u00e9ritos, establecidos en sus Bases, se hace publica su decisi\u00f3n,<br \/>\nindicando el personal que cumple los requisitos.<\/a><\/td>\n<\/tr>\n<tr>\n<td style=\"width: 31.4265%;\">Anuncio comisi\u00f3n<\/td>\n<td style=\"width: 7.53077%;\">23\/12\/2020<\/td>\n<td style=\"width: 60.3186%;\"><a href=\"https:\/\/www.bombersdv.es\/wp-content\/uploads\/2020\/12\/doc_22.pdf\" target=\"_blank\" rel=\"noopener noreferrer\">Reunida la Comisi\u00f3n de Valoraci\u00f3n de la actualizaci\u00f3n de la base de datos de formadores y coordinadores, del Servicio de Prevenci\u00f3n Extinci\u00f3n de Incendios y de Salvamento de la Provincia de Val\u00e8ncia en fecha 22\/12\/2020, una vez transcurrido el plazo de diez d\u00edas naturales previsto para formular alegaciones, y una vez revisadas las mismas, se hace p\u00fablica la lista definitiva de candidatos a formar parte de la Base de datos de Formadores del Consorcio.<\/a><\/td>\n<\/tr>\n<\/tbody>\n<\/table>\n<\/div>\n<\/div><div class=\"fusion-clearfix\"><\/div><\/div><\/div><\/div><\/div><div class=\"fusion-fullwidth fullwidth-box fusion-builder-row-2 nonhundred-percent-fullwidth non-hundred-percent-height-scrolling\" style=\"--awb-border-radius-top-left:0px;--awb-border-radius-top-right:0px;--awb-border-radius-bottom-right:0px;--awb-border-radius-bottom-left:0px;--awb-flex-wrap:wrap;\" ><\/div><\/p>\n","protected":false},"excerpt":{"rendered":"","protected":false},"author":643,"featured_media":0,"parent":52537,"menu_order":0,"comment_status":"closed","ping_status":"closed","template":"","meta":{"footnotes":""},"class_list":["post-65676","page","type-page","status-publish","hentry"],"_links":{"self":[{"href":"https:\/\/www.bombersdv.es\/es\/wp-json\/wp\/v2\/pages\/65676"}],"collection":[{"href":"https:\/\/www.bombersdv.es\/es\/wp-json\/wp\/v2\/pages"}],"about":[{"href":"https:\/\/www.bombersdv.es\/es\/wp-json\/wp\/v2\/types\/page"}],"author":[{"embeddable":true,"href":"https:\/\/www.bombersdv.es\/es\/wp-json\/wp\/v2\/users\/643"}],"replies":[{"embeddable":true,"href":"https:\/\/www.bombersdv.es\/es\/wp-json\/wp\/v2\/comments?post=65676"}],"version-history":[{"count":6,"href":"https:\/\/www.bombersdv.es\/es\/wp-json\/wp\/v2\/pages\/65676\/revisions"}],"predecessor-version":[{"id":65691,"href":"https:\/\/www.bombersdv.es\/es\/wp-json\/wp\/v2\/pages\/65676\/revisions\/65691"}],"up":[{"embeddable":true,"href":"https:\/\/www.bombersdv.es\/es\/wp-json\/wp\/v2\/pages\/52537"}],"wp:attachment":[{"href":"https:\/\/www.bombersdv.es\/es\/wp-json\/wp\/v2\/media?parent=65676"}],"curies":[{"name":"wp","href":"https:\/\/api.w.org\/{rel}","templated":true}]}}