{"id":65684,"date":"2023-06-19T13:56:17","date_gmt":"2023-06-19T11:56:17","guid":{"rendered":"https:\/\/www.bombersdv.es\/oposiciones\/procesos-en-marcha\/borsa-de-formadors-interns\/2021-borses-formadors\/"},"modified":"2023-06-19T13:59:24","modified_gmt":"2023-06-19T11:59:24","slug":"2021-bolsas-formadores","status":"publish","type":"page","link":"https:\/\/www.bombersdv.es\/es\/oposiciones\/procesos-en-marcha\/borsa-de-formadors-interns\/2021-bolsas-formadores\/","title":{"rendered":"2021 bolsas formadores"},"content":{"rendered":"<p><div class=\"fusion-fullwidth fullwidth-box fusion-builder-row-1 nonhundred-percent-fullwidth non-hundred-percent-height-scrolling\" style=\"--awb-background-position:left top;--awb-border-radius-top-left:0px;--awb-border-radius-top-right:0px;--awb-border-radius-bottom-right:0px;--awb-border-radius-bottom-left:0px;--awb-padding-top:20px;--awb-padding-bottom:20px;--awb-border-sizes-top:0px;--awb-border-sizes-bottom:0px;--awb-flex-wrap:wrap;\" ><div class=\"fusion-builder-row fusion-row\"><div class=\"fusion-layout-column fusion_builder_column fusion-builder-column-0 fusion_builder_column_1_1 1_1 fusion-one-full fusion-column-first fusion-column-last fusion-column-no-min-height\" style=\"--awb-bg-size:cover;--awb-margin-bottom:0px;\"><div class=\"fusion-column-wrapper fusion-flex-column-wrapper-legacy\"><div class=\"fusion-title title fusion-title-1 fusion-sep-none fusion-title-text fusion-title-size-two\"><h2 class=\"fusion-title-heading title-heading-left fusion-responsive-typography-calculated\" style=\"margin:0;--fontSize:34;line-height:1.09;\">Bolsa de formadores internos<\/h2><\/div><div class=\"fusion-text fusion-text-1\"><div class=\"fusion-text fusion-text-1\"><\/div>\n<div class=\"table-2\">\n<table style=\"height: 550px; width: 100.145%;\" width=\"1383\">\n<thead>\n<tr>\n<th style=\"width: 31.4534%;\">Tramite<\/th>\n<th style=\"width: 7.51988%;\">Fecha<\/th>\n<th style=\"width: 60.3037%;\">Documentos<\/th>\n<\/tr>\n<\/thead>\n<tbody>\n<tr>\n<td style=\"width: 31.4534%;\">Decreto bolsa de formadores en conducci\u00f3n y accesos<br \/>\nde emergencia<\/td>\n<td style=\"width: 7.51988%;\">02\/06\/2021<\/td>\n<td style=\"width: 60.3037%;\"><a href=\"https:\/\/www.bombersdv.es\/wp-content\/uploads\/2021\/06\/2021-06-02-creacion_dos_bolsas_formadores-decreto.pdf\" target=\"_blank\" rel=\"noopener\">Decreto<\/a><\/td>\n<\/tr>\n<tr>\n<td style=\"width: 31.4534%;\">Bases bolsa conducci\u00f3n y accesos<\/td>\n<td style=\"width: 7.51988%;\">02\/06\/2021<\/td>\n<td style=\"width: 60.3037%;\"><a href=\"https:\/\/www.bombersdv.es\/wp-content\/uploads\/2021\/06\/2021-06-02-creacion_dos_bolsas_formadores-bases.pdf\" target=\"_blank\" rel=\"noopener\">Bases<\/a><\/td>\n<\/tr>\n<tr>\n<td style=\"width: 31.4534%;\">Solicitud<\/td>\n<td style=\"width: 7.51988%;\">02\/06\/2021<\/td>\n<td style=\"width: 60.3037%;\"><a href=\"https:\/\/www.bombersdv.es\/wp-content\/uploads\/2021\/06\/2021-06-02-creacion_dos_bolsas_formadores-solicitud.pdf\" target=\"_blank\" rel=\"noopener\">Solicitud<\/a><br \/>\nLas solicitudes se pueden presentar en la <a href=\"https:\/\/sede.bombersdv.es\">Sede Electr\u00f3nica del CPBV<\/a> hasta el d\u00eda <strong>17 de junio<\/strong><\/td>\n<\/tr>\n<tr>\n<td style=\"width: 31.4534%;\">Anuncio creaci\u00f3n base de datos de formadores<\/td>\n<td style=\"width: 7.51988%;\">15\/07\/2021<\/td>\n<td style=\"width: 60.3037%;\"><a href=\"https:\/\/www.bombersdv.es\/wp-content\/uploads\/2021\/07\/2021_07_15-anuncio-comision-valoracion-bbdd-formacion.pdf\">Anuncio de la creaci\u00f3n de la base de datos de formadores del Consorcio de las \u00e1reas de accesos emergencia y conducci\u00f3n segura, de acuerdo con el baremo de m\u00e9ritos, establecidos en sus Bases, se hace p\u00fablica su decisi\u00f3n, indicando el personal que debe aportar la informaci\u00f3n requerida en el plazo de 10 d\u00edas naturales a partir de la publicaci\u00f3n del anuncio en la web del Consorcio.<\/a><br \/>\nLa informaci\u00f3n requerida se puede presentar en la <a href=\"https:\/\/sede.bombersdv.es\">Sede Electr\u00f3nica del CPBV<\/a> hasta el d\u00eda <strong>24 de julio<\/strong><\/td>\n<\/tr>\n<\/tbody>\n<\/table>\n<\/div>\n<\/div><div class=\"fusion-clearfix\"><\/div><\/div><\/div><\/div><\/div><div class=\"fusion-fullwidth fullwidth-box fusion-builder-row-2 nonhundred-percent-fullwidth non-hundred-percent-height-scrolling\" style=\"--awb-border-radius-top-left:0px;--awb-border-radius-top-right:0px;--awb-border-radius-bottom-right:0px;--awb-border-radius-bottom-left:0px;--awb-flex-wrap:wrap;\" ><\/div><\/p>\n","protected":false},"excerpt":{"rendered":"","protected":false},"author":643,"featured_media":0,"parent":52537,"menu_order":0,"comment_status":"closed","ping_status":"closed","template":"","meta":{"footnotes":""},"class_list":["post-65684","page","type-page","status-publish","hentry"],"_links":{"self":[{"href":"https:\/\/www.bombersdv.es\/es\/wp-json\/wp\/v2\/pages\/65684"}],"collection":[{"href":"https:\/\/www.bombersdv.es\/es\/wp-json\/wp\/v2\/pages"}],"about":[{"href":"https:\/\/www.bombersdv.es\/es\/wp-json\/wp\/v2\/types\/page"}],"author":[{"embeddable":true,"href":"https:\/\/www.bombersdv.es\/es\/wp-json\/wp\/v2\/users\/643"}],"replies":[{"embeddable":true,"href":"https:\/\/www.bombersdv.es\/es\/wp-json\/wp\/v2\/comments?post=65684"}],"version-history":[{"count":2,"href":"https:\/\/www.bombersdv.es\/es\/wp-json\/wp\/v2\/pages\/65684\/revisions"}],"predecessor-version":[{"id":65686,"href":"https:\/\/www.bombersdv.es\/es\/wp-json\/wp\/v2\/pages\/65684\/revisions\/65686"}],"up":[{"embeddable":true,"href":"https:\/\/www.bombersdv.es\/es\/wp-json\/wp\/v2\/pages\/52537"}],"wp:attachment":[{"href":"https:\/\/www.bombersdv.es\/es\/wp-json\/wp\/v2\/media?parent=65684"}],"curies":[{"name":"wp","href":"https:\/\/api.w.org\/{rel}","templated":true}]}}