{"id":66277,"date":"2023-07-31T09:14:06","date_gmt":"2023-07-31T07:14:06","guid":{"rendered":"https:\/\/www.bombersdv.es\/?page_id=66277"},"modified":"2024-03-27T09:32:00","modified_gmt":"2024-03-27T08:32:00","slug":"2023-concurso-de-traslados-9a-edicion-sargento-cp003","status":"publish","type":"page","link":"https:\/\/www.bombersdv.es\/es\/oposiciones\/procesos-finalizados\/2023-concurso-de-traslados-9a-edicion-sargento-cp003\/","title":{"rendered":"2023 Concurso de Traslados 9\u00aa edici\u00f3n SARGENTO\/CP003"},"content":{"rendered":"<div class=\"fusion-fullwidth fullwidth-box fusion-builder-row-1 nonhundred-percent-fullwidth non-hundred-percent-height-scrolling\" style=\"--awb-background-position:left top;--awb-border-radius-top-left:0px;--awb-border-radius-top-right:0px;--awb-border-radius-bottom-right:0px;--awb-border-radius-bottom-left:0px;--awb-padding-top:20px;--awb-padding-bottom:20px;--awb-border-sizes-top:0px;--awb-border-sizes-bottom:0px;--awb-flex-wrap:wrap;\" ><div class=\"fusion-builder-row fusion-row\"><div class=\"fusion-layout-column fusion_builder_column fusion-builder-column-0 fusion_builder_column_1_1 1_1 fusion-one-full fusion-column-first fusion-column-last fusion-column-no-min-height\" style=\"--awb-bg-size:cover;--awb-margin-bottom:0px;\"><div class=\"fusion-column-wrapper fusion-flex-column-wrapper-legacy\"><div class=\"fusion-title title fusion-title-1 fusion-sep-none fusion-title-text fusion-title-size-two\"><h2 class=\"fusion-title-heading title-heading-left fusion-responsive-typography-calculated\" style=\"margin:0;--fontSize:34;line-height:1.09;\">2023 Concurso de Traslados 9\u00aa edici\u00f3n SARGENTO\/CP003<\/h2><\/div><div class=\"fusion-text fusion-text-1\"><div class=\"table-2\">\n<table width=\"100%\">\n<thead>\n<tr>\n<th style=\"width: 60.3336%;\">Tramite<\/th>\n<th style=\"width: 14.1407%;\">Fecha<\/th>\n<th style=\"width: 24.8005%;\">Documento(s)<\/th>\n<\/tr>\n<\/thead>\n<tbody>\n<tr>\n<td style=\"width: 60.3336%;\">Bases BOP<\/td>\n<td style=\"width: 14.1407%;\">31\/07\/2023<\/td>\n<td style=\"width: 24.8005%;\"><a href=\"https:\/\/www.bombersdv.es\/wp-content\/uploads\/2020\/07\/SARGENTO_CP003_ED2019_BASES.pdf\" target=\"_blank\" rel=\"noopener noreferrer\">Anuncio BOP<\/a><\/td>\n<\/tr>\n<tr>\n<td style=\"width: 60.3336%;\">Modificaci\u00f3n Base Segunda convocatoria permanente concurso traslados puestos de bombero, cabo y sargento<\/td>\n<td style=\"width: 14.1407%;\">31\/07\/2023<\/td>\n<td style=\"width: 24.8005%;\"><a href=\"https:\/\/www.bombersdv.es\/wp-content\/uploads\/2020\/07\/BOMBERO-CP001-MODIFICACION-BASES.pdf\" target=\"_blank\" rel=\"noopener noreferrer\">Anuncio BOP<\/a><\/td>\n<\/tr>\n<tr>\n<td style=\"width: 60.3336%;\">\n<p><span style=\"color: #000000;\">Anuncio convocatoria, vacantes y candidatos que no han obtenido destino en edici\u00f3n anterior<\/span><\/p>\n<p><span style=\"color: #ce181e;\">Plazo presentaci\u00f3n de instancias desde el 1 de septiembre al 14 de septiembre de 2023<\/span><\/td>\n<td style=\"width: 14.1407%;\">31\/07\/2023<\/td>\n<td style=\"width: 24.8005%;\"><a href=\"https:\/\/www.bombersdv.es\/wp-content\/uploads\/2023\/07\/CT-2023_Anuncio-inicio-edicion-9-SARGENTO.pdf\" target=\"_blank\" rel=\"noopener\">Anunci RRHH<\/a><\/td>\n<\/tr>\n<tr>\n<td style=\"width: 60.3336%;\">Instancia<span style=\"color: #000000;\">\u00a0<\/span><\/td>\n<td style=\"width: 14.1407%;\">31\/07\/2023<\/td>\n<td style=\"width: 24.8005%;\"><a href=\"https:\/\/www.bombersdv.es\/wp-content\/uploads\/2023\/07\/2023-CT-SARGENTOS-instancia-castellano.pdf\" target=\"_blank\" rel=\"noopener\">Solicitud<\/a><\/td>\n<\/tr>\n<tr>\n<td style=\"width: 60.3336%;\">Autobaremaci\u00f3n<\/td>\n<td style=\"width: 14.1407%;\">31\/07\/2023<\/td>\n<td style=\"width: 24.8005%;\"><a href=\"https:\/\/www.bombersdv.es\/wp-content\/uploads\/2023\/07\/2023-CT-SARGENTOS-AUTOBAREMACION-castellano.pdf\" target=\"_blank\" rel=\"noopener\">Autobaremaci\u00f3n<\/a><\/td>\n<\/tr>\n<tr>\n<td style=\"width: 60.3336%;\">Lista Definitiva admitidos al Concurso de Traslados de Sargentos 9\u00aa edici\u00f3n<\/td>\n<td style=\"width: 14.1407%;\">16\/10\/2023<\/td>\n<td style=\"width: 24.8005%;\"><a href=\"https:\/\/www.bombersdv.es\/wp-content\/uploads\/2023\/10\/Lista-definitiva-CT-Sargentos-2023.pdf\" target=\"_blank\" rel=\"noopener\">Anuncio<\/a><\/td>\n<\/tr>\n<tr>\n<td style=\"width: 60.3336%;\">Anuncio Comisi\u00f3n. Puntuaci\u00f3n provisional baremaci\u00f3n de m\u00e9ritos 9\u00aa edici\u00f3n Concurso Traslado<\/td>\n<td style=\"width: 14.1407%;\">07\/11\/2023<\/td>\n<td style=\"width: 24.8005%;\"><a href=\"https:\/\/www.bombersdv.es\/wp-content\/uploads\/2023\/11\/Anuncio-CT-sargentos-9a-Edicion-Copia-autentica-2.pdf\" target=\"_blank\" rel=\"noopener\">Anuncio<\/a><\/td>\n<\/tr>\n<tr>\n<td style=\"width: 60.3336%;\">Diligencia procediendo a elevar a DEFINITIVA la adscripci\u00f3n provisional de los destinos Obtenidos en la 9\u00aa edici\u00f3n del Concurso de Traslados de Sargento<\/td>\n<td style=\"width: 14.1407%;\">20\/11\/2023<\/td>\n<td style=\"width: 24.8005%;\"><a href=\"https:\/\/www.bombersdv.es\/wp-content\/uploads\/2023\/11\/Diligencia-elevar-a-Definitiva-adscripciones-CT-Sargento-Copia-autentica-1.pdf\" target=\"_blank\" rel=\"noopener\">Diligencia<\/a><\/td>\n<\/tr>\n<tr>\n<td style=\"width: 60.3336%;\">\n<p align=\"justify\"><span style=\"font-family: Times New Roman, serif;\"><span style=\"font-size: medium;\">Por Decreto de la Presidencia num 1440, de 23\/11\/2023, se procede a adjudicar el destino Definitivo, con efectos del 01\/01\/2024, de los concursantes de la 9\u00aa Edici\u00f3n del Concurso de traslado de Sargento. <\/span><\/span><\/p>\n<\/td>\n<td style=\"width: 14.1407%;\">23\/11\/2023<\/td>\n<td style=\"width: 24.8005%;\"><\/td>\n<\/tr>\n<\/tbody>\n<\/table>\n<\/div>\n<\/div><div class=\"fusion-clearfix\"><\/div><\/div><\/div><\/div><\/div>\n","protected":false},"excerpt":{"rendered":"","protected":false},"author":192,"featured_media":0,"parent":15127,"menu_order":0,"comment_status":"closed","ping_status":"closed","template":"","meta":{"footnotes":""},"class_list":["post-66277","page","type-page","status-publish","hentry"],"_links":{"self":[{"href":"https:\/\/www.bombersdv.es\/es\/wp-json\/wp\/v2\/pages\/66277"}],"collection":[{"href":"https:\/\/www.bombersdv.es\/es\/wp-json\/wp\/v2\/pages"}],"about":[{"href":"https:\/\/www.bombersdv.es\/es\/wp-json\/wp\/v2\/types\/page"}],"author":[{"embeddable":true,"href":"https:\/\/www.bombersdv.es\/es\/wp-json\/wp\/v2\/users\/192"}],"replies":[{"embeddable":true,"href":"https:\/\/www.bombersdv.es\/es\/wp-json\/wp\/v2\/comments?post=66277"}],"version-history":[{"count":12,"href":"https:\/\/www.bombersdv.es\/es\/wp-json\/wp\/v2\/pages\/66277\/revisions"}],"predecessor-version":[{"id":67434,"href":"https:\/\/www.bombersdv.es\/es\/wp-json\/wp\/v2\/pages\/66277\/revisions\/67434"}],"up":[{"embeddable":true,"href":"https:\/\/www.bombersdv.es\/es\/wp-json\/wp\/v2\/pages\/15127"}],"wp:attachment":[{"href":"https:\/\/www.bombersdv.es\/es\/wp-json\/wp\/v2\/media?parent=66277"}],"curies":[{"name":"wp","href":"https:\/\/api.w.org\/{rel}","templated":true}]}}