{"id":66285,"date":"2023-07-31T09:25:29","date_gmt":"2023-07-31T07:25:29","guid":{"rendered":"https:\/\/www.bombersdv.es\/?page_id=66285"},"modified":"2024-03-27T09:53:22","modified_gmt":"2024-03-27T08:53:22","slug":"2023-concurso-de-traslados-9a-edicion-cabo-cp002","status":"publish","type":"page","link":"https:\/\/www.bombersdv.es\/es\/oposiciones\/procesos-finalizados\/2023-concurso-de-traslados-9a-edicion-cabo-cp002\/","title":{"rendered":"2023 Concurso de Traslados 9\u00aa edici\u00f3n  CABO\/CP002"},"content":{"rendered":"<div class=\"fusion-fullwidth fullwidth-box fusion-builder-row-1 nonhundred-percent-fullwidth non-hundred-percent-height-scrolling\" style=\"--awb-background-position:left top;--awb-border-radius-top-left:0px;--awb-border-radius-top-right:0px;--awb-border-radius-bottom-right:0px;--awb-border-radius-bottom-left:0px;--awb-padding-top:20px;--awb-padding-bottom:20px;--awb-border-sizes-top:0px;--awb-border-sizes-bottom:0px;--awb-flex-wrap:wrap;\" ><div class=\"fusion-builder-row fusion-row\"><div class=\"fusion-layout-column fusion_builder_column fusion-builder-column-0 fusion_builder_column_1_1 1_1 fusion-one-full fusion-column-first fusion-column-last fusion-column-no-min-height\" style=\"--awb-bg-size:cover;--awb-margin-bottom:0px;\"><div class=\"fusion-column-wrapper fusion-flex-column-wrapper-legacy\"><div class=\"fusion-title title fusion-title-1 fusion-sep-none fusion-title-text fusion-title-size-two\"><h2 class=\"fusion-title-heading title-heading-left fusion-responsive-typography-calculated\" style=\"margin:0;--fontSize:34;line-height:1.09;\">2023 Concurso de Traslados 9\u00aa edici\u00f3n CABO\/CP002<\/h2><\/div><div class=\"fusion-text fusion-text-1\"><div class=\"table-2\">\n<table style=\"width: 99.2175%;\" width=\"100%\">\n<thead>\n<tr style=\"height: 24px;\">\n<th style=\"width: 58.9984%; height: 24px;\">Tramite<\/th>\n<th style=\"width: 10.7199%; height: 24px;\">Fecha<\/th>\n<th style=\"width: 29.4992%; height: 24px;\">Documento(s)<\/th>\n<\/tr>\n<\/thead>\n<tbody>\n<tr style=\"height: 24px;\">\n<td style=\"width: 58.9984%; height: 24px;\">Bases<\/td>\n<td style=\"width: 10.7199%; height: 24px;\">31\/07\/2022<\/td>\n<td style=\"width: 29.4992%; height: 24px;\"><a href=\"https:\/\/www.bombersdv.es\/wp-content\/uploads\/2020\/07\/CABO_CP002_ED2019_BASES.pdf\" target=\"_blank\" rel=\"noopener noreferrer\">Anuncio BOP<\/a><\/td>\n<\/tr>\n<tr style=\"height: 48px;\">\n<td style=\"width: 58.9984%; height: 48px;\">Modificaci\u00f3n Base Segunda convocatoria permanente concurso traslados puestos de bombero, cabo y sargento<\/td>\n<td style=\"width: 10.7199%; height: 48px;\">31\/07\/2022<\/td>\n<td style=\"width: 29.4992%; height: 48px;\"><a href=\"https:\/\/www.bombersdv.es\/wp-content\/uploads\/2020\/07\/BOMBERO-CP001-MODIFICACION-BASES.pdf\" target=\"_blank\" rel=\"noopener noreferrer\">Anuncio BOP<\/a><\/td>\n<\/tr>\n<tr style=\"height: 96px;\">\n<td style=\"width: 58.9984%; height: 96px;\">\n<p><span style=\"color: #000000;\">Anuncio convocatoria, vacantes y candidatos que no han obtenido destino en edici\u00f3n anterior<\/span><\/p>\n<p><span style=\"color: #ce181e;\">Plazo presentaci\u00f3n de instancias desde el 1 de septiembre al 14 de septiembre de 2023<\/span><\/td>\n<td style=\"width: 10.7199%; height: 96px;\">31\/07\/2023<\/td>\n<td style=\"width: 29.4992%; height: 96px;\"><a href=\"https:\/\/www.bombersdv.es\/wp-content\/uploads\/2023\/07\/CT-2023-Anuncio-inicio-edicion-9-CABOS.pdf\" target=\"_blank\" rel=\"noopener\">Anuncio RRHH<\/a><\/td>\n<\/tr>\n<tr style=\"height: 24px;\">\n<td style=\"width: 58.9984%; height: 24px;\">Instancia<span style=\"color: #000000;\">\u00a0<\/span><\/td>\n<td style=\"width: 10.7199%; height: 24px;\">31\/07\/2023<\/td>\n<td style=\"width: 29.4992%; height: 24px;\"><a href=\"https:\/\/www.bombersdv.es\/wp-content\/uploads\/2023\/07\/2023-CT-CABOS-instancia-castellano.pdf\" target=\"_blank\" rel=\"noopener\">Solicitud<\/a><\/td>\n<\/tr>\n<tr style=\"height: 24px;\">\n<td style=\"width: 58.9984%; height: 24px;\">Autobaremaci\u00f3n<\/td>\n<td style=\"width: 10.7199%; height: 24px;\">31\/07\/2023<\/td>\n<td style=\"width: 29.4992%; height: 24px;\"><a href=\"https:\/\/www.bombersdv.es\/wp-content\/uploads\/2023\/07\/2023-CT-CABOS-AUTOBAREMACION-castellano.pdf\" target=\"_blank\" rel=\"noopener\">Autobaremaci\u00f3n<\/a><\/td>\n<\/tr>\n<tr style=\"height: 24px;\">\n<td style=\"width: 58.9984%; height: 24px;\">Lista Provisional admitidos al Concurso de Traslados de Cabo 9\u00aa edici\u00f3n<\/td>\n<td style=\"width: 10.7199%; height: 24px;\">16\/10\/2023<\/td>\n<td style=\"width: 29.4992%; height: 24px;\"><a href=\"https:\/\/www.bombersdv.es\/wp-content\/uploads\/2023\/10\/Lista-provisional-CT-Cabos-2023.pdf\" target=\"_blank\" rel=\"noopener\">Anuncio<\/a><\/td>\n<\/tr>\n<tr style=\"height: 24px;\">\n<td style=\"width: 58.9984%; height: 24px;\">Anuncio Comisi\u00f3n. Puntuaci\u00f3n provisional baremaci\u00f3n de m\u00e9ritos 9\u00aa edici\u00f3n Concurso Traslados<\/td>\n<td style=\"width: 10.7199%; height: 24px;\">03\/11\/2023<\/td>\n<td style=\"width: 29.4992%; height: 24px;\"><a href=\"https:\/\/www.bombersdv.es\/wp-content\/uploads\/2023\/11\/Anuncio-Comision-9o-CT-Cabos-03_11_2023-Copia-autentica-1.pdf\" target=\"_blank\" rel=\"noopener\">Anuncio<\/a><\/td>\n<\/tr>\n<tr>\n<td style=\"width: 58.9984%;\">Diligencia procediendo a elevar a DEFINITIVA la Valoraci\u00f3n de M\u00e9ritos de la 9\u00aa edici\u00f3n del Concurso de Traslados de Cabo<\/td>\n<td style=\"width: 10.7199%;\">20\/11\/2023<\/td>\n<td style=\"width: 29.4992%;\"><a href=\"https:\/\/www.bombersdv.es\/wp-content\/uploads\/2023\/11\/Diligencia-elevar-a-Definitiva-Copia-autentica-1.pdf\" target=\"_blank\" rel=\"noopener\">Diligencia<\/a><\/td>\n<\/tr>\n<tr>\n<td style=\"width: 58.9984%;\">Por Decreto de la Presidencia n\u00fam 1442, de 23\/11\/2023, se procede a constituir la Bolsa derivada del\u00a0 la 9\u00aa Edici\u00f3n del Concurso de traslado de Cabos.<\/td>\n<td style=\"width: 10.7199%;\"><\/td>\n<td style=\"width: 29.4992%;\"><\/td>\n<\/tr>\n<\/tbody>\n<\/table>\n<\/div>\n<\/div><div class=\"fusion-clearfix\"><\/div><\/div><\/div><\/div><\/div>\n","protected":false},"excerpt":{"rendered":"","protected":false},"author":192,"featured_media":0,"parent":15127,"menu_order":0,"comment_status":"closed","ping_status":"closed","template":"","meta":{"footnotes":""},"class_list":["post-66285","page","type-page","status-publish","hentry"],"_links":{"self":[{"href":"https:\/\/www.bombersdv.es\/es\/wp-json\/wp\/v2\/pages\/66285"}],"collection":[{"href":"https:\/\/www.bombersdv.es\/es\/wp-json\/wp\/v2\/pages"}],"about":[{"href":"https:\/\/www.bombersdv.es\/es\/wp-json\/wp\/v2\/types\/page"}],"author":[{"embeddable":true,"href":"https:\/\/www.bombersdv.es\/es\/wp-json\/wp\/v2\/users\/192"}],"replies":[{"embeddable":true,"href":"https:\/\/www.bombersdv.es\/es\/wp-json\/wp\/v2\/comments?post=66285"}],"version-history":[{"count":13,"href":"https:\/\/www.bombersdv.es\/es\/wp-json\/wp\/v2\/pages\/66285\/revisions"}],"predecessor-version":[{"id":68837,"href":"https:\/\/www.bombersdv.es\/es\/wp-json\/wp\/v2\/pages\/66285\/revisions\/68837"}],"up":[{"embeddable":true,"href":"https:\/\/www.bombersdv.es\/es\/wp-json\/wp\/v2\/pages\/15127"}],"wp:attachment":[{"href":"https:\/\/www.bombersdv.es\/es\/wp-json\/wp\/v2\/media?parent=66285"}],"curies":[{"name":"wp","href":"https:\/\/api.w.org\/{rel}","templated":true}]}}