{"id":66423,"date":"2023-09-15T09:45:50","date_gmt":"2023-09-15T07:45:50","guid":{"rendered":"https:\/\/www.bombersdv.es\/?page_id=66423"},"modified":"2024-11-21T10:02:05","modified_gmt":"2024-11-21T09:02:05","slug":"actividad-de-tratamiento-de-datos-representantes-de-entidades-consorciadas-gestion-de-organos-colegiados-y-agenda-politica","status":"publish","type":"page","link":"https:\/\/www.bombersdv.es\/es\/portal-de-transparencia\/registro-de-actividades-de-tramamiento-de-datos\/actividad-de-tratamiento-de-datos-representantes-de-entidades-consorciadas-gestion-de-organos-colegiados-y-agenda-politica\/","title":{"rendered":"ACTIVIDAD DE TRATAMIENTO DE DATOS: REPRESENTANTES DE ENTIDADES CONSORCIADAS; GESTION DE ORGANOS COLEGIADOS Y AGENDA POLITICA"},"content":{"rendered":"<div class=\"fusion-fullwidth fullwidth-box fusion-builder-row-1 fusion-flex-container nonhundred-percent-fullwidth non-hundred-percent-height-scrolling\" style=\"--awb-border-radius-top-left:0px;--awb-border-radius-top-right:0px;--awb-border-radius-bottom-right:0px;--awb-border-radius-bottom-left:0px;--awb-flex-wrap:wrap;\" ><div class=\"fusion-builder-row fusion-row fusion-flex-align-items-flex-start fusion-flex-content-wrap\" style=\"max-width:1248px;margin-left: calc(-4% \/ 2 );margin-right: calc(-4% \/ 2 );\"><div class=\"fusion-layout-column fusion_builder_column fusion-builder-column-0 fusion_builder_column_1_1 1_1 fusion-flex-column\" style=\"--awb-bg-size:cover;--awb-width-large:100%;--awb-margin-top-large:0px;--awb-spacing-right-large:1.92%;--awb-margin-bottom-large:20px;--awb-spacing-left-large:1.92%;--awb-width-medium:100%;--awb-order-medium:0;--awb-spacing-right-medium:1.92%;--awb-spacing-left-medium:1.92%;--awb-width-small:100%;--awb-order-small:0;--awb-spacing-right-small:1.92%;--awb-spacing-left-small:1.92%;\"><div class=\"fusion-column-wrapper fusion-column-has-shadow fusion-flex-justify-content-flex-start fusion-content-layout-column\"><div class=\"fusion-text fusion-text-1\"><h3><span style=\"color: #ffcc00;\"><strong>ACTIVIDAD DE TRATAMIENTO: REPRESENTANTES DE ENTIDADES CONSORCIADAS; GESTION DE ORGANOS COLEGIADOS Y AGENDA POLITICA<\/strong><\/span><\/h3>\n<p><span style=\"color: #808080;\"><em>Ultima actualizaci\u00f3n septiembre 2023<\/em><\/span><\/p>\n<\/div><div class=\"fusion-separator fusion-full-width-sep\" style=\"align-self: center;margin-left: auto;margin-right: auto;width:100%;\"><div class=\"fusion-separator-border sep-single sep-solid\" style=\"--awb-height:20px;--awb-amount:20px;--awb-sep-color:#ffbf00;border-color:#ffbf00;border-top-width:2px;\"><\/div><\/div><div class=\"accordian fusion-accordian\" style=\"--awb-border-size:1px;--awb-icon-size:13px;--awb-content-font-size:15px;--awb-icon-alignment:left;--awb-hover-color:#f9f9f9;--awb-border-color:#cccccc;--awb-background-color:#ffffff;--awb-divider-color:#e0dede;--awb-divider-hover-color:#e0dede;--awb-icon-color:#ffffff;--awb-title-color:#333333;--awb-content-color:#747474;--awb-icon-box-color:#ffc107;--awb-toggle-hover-accent-color:#ffc107;--awb-title-font-family:&quot;Raleway&quot;;--awb-title-font-weight:500;--awb-title-font-style:normal;--awb-title-font-size:20px;--awb-content-font-family:&quot;Raleway&quot;;--awb-content-font-style:normal;--awb-content-font-weight:500;\"><div class=\"panel-group fusion-toggle-icon-boxed\" id=\"accordion-66423-1\"><div class=\"fusion-panel panel-default panel-f706c3d2355a71f99 fusion-toggle-has-divider\"><div class=\"panel-heading\"><h4 class=\"panel-title toggle\" id=\"toggle_f706c3d2355a71f99\"><a aria-expanded=\"false\" aria-controls=\"f706c3d2355a71f99\" role=\"button\" data-toggle=\"collapse\" data-parent=\"#accordion-66423-1\" data-target=\"#f706c3d2355a71f99\" href=\"#f706c3d2355a71f99\"><span class=\"fusion-toggle-icon-wrapper\" aria-hidden=\"true\"><i class=\"fa-fusion-box active-icon awb-icon-minus\" aria-hidden=\"true\"><\/i><i class=\"fa-fusion-box inactive-icon awb-icon-plus\" aria-hidden=\"true\"><\/i><\/span><span class=\"fusion-toggle-heading\">Identificaci\u00f3n del tratamiento<\/span><\/a><\/h4><\/div><div id=\"f706c3d2355a71f99\" class=\"panel-collapse collapse \" aria-labelledby=\"toggle_f706c3d2355a71f99\"><div class=\"panel-body toggle-content fusion-clearfix\">\n<table style=\"width: 100%; border-collapse: collapse; border-style: inset; border-color: #000000;\" border=\"1\">\n<tbody>\n<tr>\n<td style=\"width: 99.9129%; background-color: #ffc107;\" colspan=\"2\"><span style=\"color: #ffffff;\"><strong>Nombre y finalidad<\/strong><\/span><\/td>\n<\/tr>\n<tr>\n<td style=\"width: 18.4669%; text-align: right;\"><span style=\"color: #ffcc00;\"><strong>Nombre<\/strong><\/span><\/td>\n<td style=\"width: 81.446%;\">REPRESENTANTES DE ENTIDADES CONSORCIADAS; GESTION DE ORGANOS COLEGIADOS Y AGENDA POLITICA<\/td>\n<\/tr>\n<tr>\n<td style=\"width: 18.4669%; text-align: right;\"><span style=\"color: #ffcc00;\"><strong>Descripci\u00f3n finalidad<\/strong><\/span><\/td>\n<td style=\"width: 81.446%;\">El tratamiento se realiza con la finalidad de constituir los \u00f3rganos de gobierno del Consorcio y sus posteriores convocatorias y desarrollo de las sesiones incluida la grabaci\u00f3n de audio y video, as\u00ed como la elaboraci\u00f3n de las actas, dict\u00e1menes y acuerdos. Igualmente, el seguimiento y posible difusi\u00f3n de los distintos actos en los que participen y sus im\u00e1genes. En su caso el pago de remuneraciones y dietas por las funciones desempe\u00f1adas as\u00ed como la gesti\u00f3n y publicaci\u00f3n del registro de regalos recibidos y el de los viajes realizados en representaci\u00f3n del Consorcio.<\/td>\n<\/tr>\n<\/tbody>\n<\/table>\n<\/div><\/div><\/div><div class=\"fusion-panel panel-default panel-9281a00eadb7e3f74 fusion-toggle-has-divider\"><div class=\"panel-heading\"><h4 class=\"panel-title toggle\" id=\"toggle_9281a00eadb7e3f74\"><a aria-expanded=\"false\" aria-controls=\"9281a00eadb7e3f74\" role=\"button\" data-toggle=\"collapse\" data-parent=\"#accordion-66423-1\" data-target=\"#9281a00eadb7e3f74\" href=\"#9281a00eadb7e3f74\"><span class=\"fusion-toggle-icon-wrapper\" aria-hidden=\"true\"><i class=\"fa-fusion-box active-icon awb-icon-minus\" aria-hidden=\"true\"><\/i><i class=\"fa-fusion-box inactive-icon awb-icon-plus\" aria-hidden=\"true\"><\/i><\/span><span class=\"fusion-toggle-heading\">Identificaci\u00f3n del responsable del tratamiento<\/span><\/a><\/h4><\/div><div id=\"9281a00eadb7e3f74\" class=\"panel-collapse collapse \" aria-labelledby=\"toggle_9281a00eadb7e3f74\"><div class=\"panel-body toggle-content fusion-clearfix\">\n<table style=\"border-collapse: collapse; width: 100%;\" border=\"1\">\n<tbody>\n<tr style=\"background-color: #ffc107;\">\n<td style=\"width: 100%;\" colspan=\"2\"><span style=\"color: #ffffff;\"><strong>Responsable del tratamiento<\/strong><\/span><\/td>\n<\/tr>\n<tr>\n<td style=\"width: 30.6023%;\"><span style=\"color: #ffcc00;\"><strong>Identidad<\/strong><\/span><\/td>\n<td style=\"width: 69.3977%;\">Consorcio para el Servicio de Prevenci\u00f3n y Extinci\u00f3n de Incendios y de Salvamento de la provincia de Valencia<\/td>\n<\/tr>\n<tr>\n<td style=\"width: 30.6023%;\"><span style=\"color: #ffcc00;\"><strong>Forma de contactar con el responsable<\/strong><\/span><\/td>\n<td style=\"width: 69.3977%;\">\n<p>Por correo electr\u00f3nico en la direcci\u00f3n infobombers@bombersdv.es<\/p>\n<p>Por correo postal, en la direcci\u00f3n Avellanas 14, 46003 Val\u00e8ncia.<\/td>\n<\/tr>\n<tr>\n<td style=\"width: 30.6023%;\"><span style=\"color: #ffcc00;\"><strong>Forma de ejercitar derechos<\/strong><\/span><\/td>\n<td style=\"width: 69.3977%;\">Para solicitar el\u00a0<b>acceso, la rectificaci\u00f3n, supresi\u00f3n o limitaci\u00f3n del tratamiento de los datos personales o para oponerse al tratamiento,<\/b>\u00a0en el caso de se den los requisitos establecidos en el Reglamento General de Protecci\u00f3n de Datos, as\u00ed como en la Ley Org\u00e1nica 3\/2018, de 5 de diciembre, de Protecci\u00f3n de Datos Personal y garant\u00eda de los derechos digitales,\u00a0se\u00a0puede dirigir un escrito al Consorcio en la direcci\u00f3n indicada m\u00e1s arriba\u00a0o en el\u00a0registro electr\u00f3nico https:\/\/sede.bombersdv.es\/<\/td>\n<\/tr>\n<tr>\n<td style=\"width: 30.6023%;\"><span style=\"color: #ffcc00;\"><strong>Unidad responsable de la tramitaci\u00f3n<\/strong><\/span><\/td>\n<td style=\"width: 69.3977%;\">Secretar\u00eda General<\/td>\n<\/tr>\n<\/tbody>\n<\/table>\n<\/div><\/div><\/div><div class=\"fusion-panel panel-default panel-d375e850bd1eb1ee5 fusion-toggle-has-divider\"><div class=\"panel-heading\"><h4 class=\"panel-title toggle\" id=\"toggle_d375e850bd1eb1ee5\"><a aria-expanded=\"false\" aria-controls=\"d375e850bd1eb1ee5\" role=\"button\" data-toggle=\"collapse\" data-parent=\"#accordion-66423-1\" data-target=\"#d375e850bd1eb1ee5\" href=\"#d375e850bd1eb1ee5\"><span class=\"fusion-toggle-icon-wrapper\" aria-hidden=\"true\"><i class=\"fa-fusion-box active-icon awb-icon-minus\" aria-hidden=\"true\"><\/i><i class=\"fa-fusion-box inactive-icon awb-icon-plus\" aria-hidden=\"true\"><\/i><\/span><span class=\"fusion-toggle-heading\">Delegado de protecci\u00f3n de datos<\/span><\/a><\/h4><\/div><div id=\"d375e850bd1eb1ee5\" class=\"panel-collapse collapse \" aria-labelledby=\"toggle_d375e850bd1eb1ee5\"><div class=\"panel-body toggle-content fusion-clearfix\">\n<table style=\"border-collapse: collapse; width: 100%;\" border=\"1\">\n<tbody>\n<tr>\n<td style=\"width: 40.9408%;\"><span style=\"color: #ffcc00;\"><b>Datos de Contacto del Delegado de protecci\u00f3n de datos<\/b><\/span><\/td>\n<td style=\"width: 59.0592%;\">Para cualquier consulta o queja relacionada con el tratamiento de estos datos, el Consorcio pone a disposici\u00f3n de los interesados el buz\u00f3n del delegado de protecci\u00f3n de datos dpd@bombersdv.es<\/td>\n<\/tr>\n<\/tbody>\n<\/table>\n<\/div><\/div><\/div><div class=\"fusion-panel panel-default panel-c4bf4bc03f6f2f903 fusion-toggle-has-divider\"><div class=\"panel-heading\"><h4 class=\"panel-title toggle\" id=\"toggle_c4bf4bc03f6f2f903\"><a aria-expanded=\"false\" aria-controls=\"c4bf4bc03f6f2f903\" role=\"button\" data-toggle=\"collapse\" data-parent=\"#accordion-66423-1\" data-target=\"#c4bf4bc03f6f2f903\" href=\"#c4bf4bc03f6f2f903\"><span class=\"fusion-toggle-icon-wrapper\" aria-hidden=\"true\"><i class=\"fa-fusion-box active-icon awb-icon-minus\" aria-hidden=\"true\"><\/i><i class=\"fa-fusion-box inactive-icon awb-icon-plus\" aria-hidden=\"true\"><\/i><\/span><span class=\"fusion-toggle-heading\">Licitud del tratamiento<\/span><\/a><\/h4><\/div><div id=\"c4bf4bc03f6f2f903\" class=\"panel-collapse collapse \" aria-labelledby=\"toggle_c4bf4bc03f6f2f903\"><div class=\"panel-body toggle-content fusion-clearfix\">\n<table style=\"border-collapse: collapse; width: 100%;\" border=\"1\">\n<tbody>\n<tr>\n<td style=\"width: 100%; background-color: #ffc107;\"><span style=\"color: #ffffff;\">Base jur\u00eddica<\/span><\/td>\n<\/tr>\n<tr>\n<td style=\"width: 100%;\">El tratamiento de datos se basa en el art\u00edculo 6.1 c) del RGPD: cumplimiento de una obligaci\u00f3n legal de acuerdo con:<\/p>\n<ul>\n<li>Estatutos y Reglamento Org\u00e1nico del Consorcio para el Servicio de Prevenci\u00f3n y Extinci\u00f3n de Incendios y de Salvamento de la provincia de Val\u00e8ncia.<\/li>\n<li>Ley 7\/1985, de 2 de abril, reguladora de las Bases del R\u00e9gimen Local.<\/li>\n<li>Ley 8\/2010, de 23 de junio, de r\u00e9gimen local de la Comunitat Valenciana<\/li>\n<li>Ley 40\/2015, de 1 de octubre, de r\u00e9gimen jur\u00eddico del sector p\u00fablico<\/li>\n<li>Ley Org\u00e1nica 5\/1985, de 19 de junio, de R\u00e9gimen Electoral General<\/li>\n<li>Ley 19\/2013, de 9 de diciembre, de Transparencia, Acceso a la informaci\u00f3n y Buen Gobierno.<\/li>\n<li>Ley Org\u00e1nica 1\/1982, de 5 de mayo, de protecci\u00f3n civil del derecho al honor, a la intimidad personal y familiar y a la propia imagen.<\/li>\n<\/ul>\n<p>La base jur\u00eddica en el caso de categor\u00edas especiales es el art\u00edculo 6.1 c) del RGPD, en relaci\u00f3n con el art\u00edculo 9.2.g) del RGPD, por cual el tratamiento es necesario por razones de un inter\u00e9s p\u00fablico esencial. El tratamiento relativo a categor\u00edas especiales de datos sobre opiniones pol\u00edticas o pertenencia a un partido pol\u00edtico determinado se realiza de acuerdo con el mismo art\u00edculo anterior, en relaci\u00f3n con el art\u00edculo 9.2 e) del RGPD, referido a datos personales que el interesado haya hecho manifiestamente p\u00fablicos.<\/p>\n<p>La grabaci\u00f3n que se pueda realizar con la finalidad de elaborar las actas de las sesiones que se celebren los diferentes organos de gobierno y resto de\u00a0 organos colegiados se fundamentan en el la normativa de r\u00e9gimen local citada, en el Reglamento Org\u00e1nico del Consorcio\u00a0 y para el resto de casos en el art\u00edculo 18 de la Ley 40\/2015, de 1 de octubre, de r\u00e9gimen jur\u00eddico del sector p\u00fablico.<\/p>\n<p>El tratamiento de los datos correspondientes a los viajes y desplazamientos fuera de la Comunitat Valenciana realizados en el ejercicio de sus funciones y los de las agendas institucionales y de trabajo se fundamenta en la Ley 1\/2022, de 13 de abril, de Transparencia y Buen Gobierno de la Comunitat Valenciana (art. 15)<\/td>\n<\/tr>\n<\/tbody>\n<\/table>\n<\/div><\/div><\/div><div class=\"fusion-panel panel-default panel-d529a130717d49b9f fusion-toggle-has-divider\"><div class=\"panel-heading\"><h4 class=\"panel-title toggle\" id=\"toggle_d529a130717d49b9f\"><a aria-expanded=\"false\" aria-controls=\"d529a130717d49b9f\" role=\"button\" data-toggle=\"collapse\" data-parent=\"#accordion-66423-1\" data-target=\"#d529a130717d49b9f\" href=\"#d529a130717d49b9f\"><span class=\"fusion-toggle-icon-wrapper\" aria-hidden=\"true\"><i class=\"fa-fusion-box active-icon awb-icon-minus\" aria-hidden=\"true\"><\/i><i class=\"fa-fusion-box inactive-icon awb-icon-plus\" aria-hidden=\"true\"><\/i><\/span><span class=\"fusion-toggle-heading\">Plazos de conservaci\u00f3n<\/span><\/a><\/h4><\/div><div id=\"d529a130717d49b9f\" class=\"panel-collapse collapse \" aria-labelledby=\"toggle_d529a130717d49b9f\"><div class=\"panel-body toggle-content fusion-clearfix\">\n<table style=\"border-collapse: collapse; width: 100%;\" border=\"1\">\n<tbody>\n<tr style=\"background-color: #ffc107;\">\n<td style=\"width: 100%;\"><span style=\"color: #ffffff;\"><strong>Plazos de conservaci\u00f3n<\/strong><\/span><\/td>\n<\/tr>\n<tr>\n<td style=\"width: 100%;\">\n<p>Los datos se conservar\u00e1n el tiempo necesario para el cumplimiento de la finalidad se\u00f1alada y se almacenar\u00e1n mientras el Consorcio para el SPEIS de Val\u00e8ncia\u00a0 pueda tener responsabilidades derivadas de su tratamiento.<\/p>\n<p>Adem\u00e1s, se atender\u00e1 a lo regulado en la normativa de Archivos.<\/p>\n<p>Los datos econ\u00f3micos se conservar\u00e1n al amparo de lo dispuesto en la Ley 58\/2003, de 17 de diciembre, General Tributaria.<\/p>\n<p>En cualquier caso, los datos podr\u00e1n ser conservados, en su caso, con fines de archivo en inter\u00e9s p\u00fablico, fines de investigaci\u00f3n cient\u00edfica e hist\u00f3rica o fines estad\u00edsticos.<\/td>\n<\/tr>\n<\/tbody>\n<\/table>\n<\/div><\/div><\/div><div class=\"fusion-panel panel-default panel-9133e91bbb581855e fusion-toggle-has-divider\"><div class=\"panel-heading\"><h4 class=\"panel-title toggle\" id=\"toggle_9133e91bbb581855e\"><a aria-expanded=\"false\" aria-controls=\"9133e91bbb581855e\" role=\"button\" data-toggle=\"collapse\" data-parent=\"#accordion-66423-1\" data-target=\"#9133e91bbb581855e\" href=\"#9133e91bbb581855e\"><span class=\"fusion-toggle-icon-wrapper\" aria-hidden=\"true\"><i class=\"fa-fusion-box active-icon awb-icon-minus\" aria-hidden=\"true\"><\/i><i class=\"fa-fusion-box inactive-icon awb-icon-plus\" aria-hidden=\"true\"><\/i><\/span><span class=\"fusion-toggle-heading\">Descripci\u00f3n del tratamiento<\/span><\/a><\/h4><\/div><div id=\"9133e91bbb581855e\" class=\"panel-collapse collapse \" aria-labelledby=\"toggle_9133e91bbb581855e\"><div class=\"panel-body toggle-content fusion-clearfix\">\n<table style=\"border-collapse: collapse; width: 100%;\" border=\"1\">\n<tbody>\n<tr style=\"height: 24px; background-color: #ffc107;\">\n<td style=\"width: 100%; height: 24px;\"><span style=\"color: #ffffff;\"><strong>Origen y procedencia de los datos<\/strong><\/span><\/td>\n<\/tr>\n<tr style=\"height: 24px;\">\n<td style=\"width: 100%; height: 24px;\">\n<p>De los interesados o sus representantes legales.<\/p>\n<p>De las administraciones p\u00fablicas que representan<\/td>\n<\/tr>\n<tr style=\"height: 24px; background-color: #ffc107;\">\n<td style=\"width: 100%; height: 24px;\"><span style=\"color: #ffffff;\"><strong>Colectivos afectados<\/strong><\/span><\/td>\n<\/tr>\n<tr style=\"height: 23px;\">\n<td style=\"width: 100%; height: 23px;\">\n<p>Cargos p\u00fablicos y otros miembros de \u00f3rganos colegiados, as\u00ed como personas f\u00edsicas que asisten o forman parte de la Asamblea, Comisiones, Junta de Gobierno u otras sesiones de los \u00f3rganos colegiados del Consorcio.<\/p>\n<p>Tambi\u00e9n personas que formen parte de los expedientes a debatir en las sesiones de los \u00f3rganos colegiados.<\/td>\n<\/tr>\n<\/tbody>\n<\/table>\n<\/div><\/div><\/div><div class=\"fusion-panel panel-default panel-47e8ce6aac20addc2 fusion-toggle-has-divider\"><div class=\"panel-heading\"><h4 class=\"panel-title toggle\" id=\"toggle_47e8ce6aac20addc2\"><a aria-expanded=\"false\" aria-controls=\"47e8ce6aac20addc2\" role=\"button\" data-toggle=\"collapse\" data-parent=\"#accordion-66423-1\" data-target=\"#47e8ce6aac20addc2\" href=\"#47e8ce6aac20addc2\"><span class=\"fusion-toggle-icon-wrapper\" aria-hidden=\"true\"><i class=\"fa-fusion-box active-icon awb-icon-minus\" aria-hidden=\"true\"><\/i><i class=\"fa-fusion-box inactive-icon awb-icon-plus\" aria-hidden=\"true\"><\/i><\/span><span class=\"fusion-toggle-heading\">Categor\u00edas de los datos tratados<\/span><\/a><\/h4><\/div><div id=\"47e8ce6aac20addc2\" class=\"panel-collapse collapse \" aria-labelledby=\"toggle_47e8ce6aac20addc2\"><div class=\"panel-body toggle-content fusion-clearfix\">\n<table style=\"border-collapse: collapse; width: 100%;\" border=\"1\">\n<tbody>\n<tr style=\"height: 24px; background-color: #ffc107;\">\n<td style=\"width: 20.7317%; height: 24px;\" colspan=\"2\"><span style=\"color: #ffffff;\"><strong>Tipolog\u00edas de los datos<\/strong><\/span><\/td>\n<\/tr>\n<tr style=\"height: 24px;\">\n<td style=\"width: 20.7317%; height: 24px;\"><span style=\"color: #ffcc00;\"><strong>Infracciones<\/strong><\/span><\/td>\n<td style=\"width: 79.2683%; height: 24px;\">No est\u00e1n previstas<\/td>\n<\/tr>\n<tr style=\"height: 24px;\">\n<td style=\"width: 20.7317%; height: 24px;\"><span style=\"color: #ffcc00;\"><strong>Categor\u00edas especiales de datos<\/strong><\/span><\/td>\n<td style=\"width: 79.2683%; height: 24px;\">Opiniones pol\u00edticas y grupo pol\u00edtico. Afiliaci\u00f3n sindical.<\/td>\n<\/tr>\n<tr style=\"height: 24px;\">\n<td style=\"width: 20.7317%; height: 24px;\"><span style=\"color: #ffcc00;\"><strong>Datos identificativos<\/strong><\/span><\/td>\n<td style=\"width: 79.2683%; height: 24px;\">Nombre y apellidos; NIF (NIE, Pasaporte o n\u00famero de tarjeta de residencia) ; direcci\u00f3n; tel\u00e9fono, correo electr\u00f3nico y\/o domicilio; firma; imagen y voz.<\/td>\n<\/tr>\n<tr style=\"height: 24px;\">\n<td style=\"width: 20.7317%; height: 24px;\"><span style=\"color: #ffcc00;\"><strong>Otros<\/strong><\/span><\/td>\n<td style=\"width: 79.2683%; height: 24px;\">Caracter\u00edsticas personales; circunstancias sociales; acad\u00e9micos y profesionales; detalles del empleo; Econ\u00f3micos, finacieros y de seguros; matr\u00edcula veh\u00edculos particulares y permiso de circulaci\u00f3n para acceso a aparcamientos y puestos de mando, en su caso.<\/td>\n<\/tr>\n<\/tbody>\n<\/table>\n<\/div><\/div><\/div><div class=\"fusion-panel panel-default panel-37b4c12af90ee620c fusion-toggle-has-divider\"><div class=\"panel-heading\"><h4 class=\"panel-title toggle\" id=\"toggle_37b4c12af90ee620c\"><a aria-expanded=\"false\" aria-controls=\"37b4c12af90ee620c\" role=\"button\" data-toggle=\"collapse\" data-parent=\"#accordion-66423-1\" data-target=\"#37b4c12af90ee620c\" href=\"#37b4c12af90ee620c\"><span class=\"fusion-toggle-icon-wrapper\" aria-hidden=\"true\"><i class=\"fa-fusion-box active-icon awb-icon-minus\" aria-hidden=\"true\"><\/i><i class=\"fa-fusion-box inactive-icon awb-icon-plus\" aria-hidden=\"true\"><\/i><\/span><span class=\"fusion-toggle-heading\">Medidas de seguridad<\/span><\/a><\/h4><\/div><div id=\"37b4c12af90ee620c\" class=\"panel-collapse collapse \" aria-labelledby=\"toggle_37b4c12af90ee620c\"><div class=\"panel-body toggle-content fusion-clearfix\">\n<table style=\"border-collapse: collapse; width: 100%;\" border=\"1\">\n<tbody>\n<tr style=\"height: 24px; background-color: #ffc107;\">\n<td style=\"width: 100%; height: 24px;\"><span style=\"color: #ffffff;\"><strong>Medidas t\u00e9cnicas y organizativas aplicadas<\/strong><\/span><\/td>\n<\/tr>\n<tr style=\"height: 168px;\">\n<td style=\"width: 100%; height: 168px;\">\n<p>Las medidas de seguridad garantizar\u00e1n la confidencialidad, integridad, disponibilidad y resiliencia permanentes de los sistemas y servicios de tratamiento que resulten apropiadas para garantizar un nivel de seguridad adecuado al riesgo del tratamiento, en los t\u00e9rminos exigidos por el art\u00edculo 32.1 del RGPD.<\/p>\n<p>Se corresponden con las previstas y en el Anexo II del Real Decreto 3\/2010, de 8 de enero, por el que se regula el Esquema Nacional de Seguridad en el \u00e1mbito de la Administraci\u00f3n Electr\u00f3nica, sin perjuicio del plazo transitorio de adecuaci\u00f3n establecido en el Real Decreto 311\/2022, de 3 de mayo, por el que se regula el Esquema Nacional de Seguridad.\u00a0y en el marco de los documentos que conforman la Pol\u00edtica de protecci\u00f3n de seguridad de la informaci\u00f3n del Consorcio<\/td>\n<\/tr>\n<\/tbody>\n<\/table>\n<\/div><\/div><\/div><div class=\"fusion-panel panel-default panel-c32933b0ae90d47f8 fusion-toggle-has-divider\"><div class=\"panel-heading\"><h4 class=\"panel-title toggle\" id=\"toggle_c32933b0ae90d47f8\"><a aria-expanded=\"false\" aria-controls=\"c32933b0ae90d47f8\" role=\"button\" data-toggle=\"collapse\" data-parent=\"#accordion-66423-1\" data-target=\"#c32933b0ae90d47f8\" href=\"#c32933b0ae90d47f8\"><span class=\"fusion-toggle-icon-wrapper\" aria-hidden=\"true\"><i class=\"fa-fusion-box active-icon awb-icon-minus\" aria-hidden=\"true\"><\/i><i class=\"fa-fusion-box inactive-icon awb-icon-plus\" aria-hidden=\"true\"><\/i><\/span><span class=\"fusion-toggle-heading\">Comunicaciones de datos<\/span><\/a><\/h4><\/div><div id=\"c32933b0ae90d47f8\" class=\"panel-collapse collapse \" aria-labelledby=\"toggle_c32933b0ae90d47f8\"><div class=\"panel-body toggle-content fusion-clearfix\">\n<table style=\"border-collapse: collapse; width: 100%;\" border=\"1\">\n<tbody>\n<tr style=\"height: 24px; background-color: #ffc107;\">\n<td style=\"width: 100%; height: 24px;\"><span style=\"color: #ffffff;\"><strong>Categor\u00edas de destinatarios de comunaciones<\/strong><\/span><\/td>\n<\/tr>\n<tr style=\"height: 24px;\">\n<td style=\"width: 100%; height: 24px;\">Se podr\u00e1n realizar comunicaciones por obligaci\u00f3n legal y las que se deriven de la publicaci\u00f3n y transparencia de los acuerdos adoptados. Entre ellas las siguientes:<\/p>\n<ul>\n<li>Organos responsable de la Administraci\u00f3n Local y de la gesti\u00f3n de emergencias del Gobierno de la Comunitat Valenciana<\/li>\n<li>Delegaci\u00f3n del Gobierno<\/li>\n<li>Portal de Transparencia del Consorcio y de la Diputaci\u00f3n Provincial de Val\u00e8ncia<\/li>\n<li>Tabl\u00f3n de la Sede Electr\u00f3nica del Consorcio.<\/li>\n<li>Bolet\u00edn Oficial de la Provincia de Val\u00e8ncia.<\/li>\n<li>Portal web del Consorcio y de\u00a0 la Diputaci\u00f3n Provincial de Val\u00e8ncia<\/li>\n<li>Entidades bancarias en los supuestos de pagos ordenados por el Consorcio.<\/li>\n<li>\u00d3rganos Judiciales, Ministerio Fiscal o autoridad administrativa competente en el marco de una investigaci\u00f3n penal, disciplinaria o sancionadora.<\/li>\n<li>Autoridad Independiente de Protecci\u00f3n del Informante, as\u00ed como a la Agencia Valenciana Antifraude, en su caso.<\/li>\n<li>Tribunal de Cuentas y Sindicatura de Cuentas de la Comunitat Valenciana.<\/li>\n<\/ul>\n<\/td>\n<\/tr>\n<\/tbody>\n<\/table>\n<\/div><\/div><\/div><div class=\"fusion-panel panel-default panel-887c1d21c014f75aa fusion-toggle-has-divider\"><div class=\"panel-heading\"><h4 class=\"panel-title toggle\" id=\"toggle_887c1d21c014f75aa\"><a aria-expanded=\"false\" aria-controls=\"887c1d21c014f75aa\" role=\"button\" data-toggle=\"collapse\" data-parent=\"#accordion-66423-1\" data-target=\"#887c1d21c014f75aa\" href=\"#887c1d21c014f75aa\"><span class=\"fusion-toggle-icon-wrapper\" aria-hidden=\"true\"><i class=\"fa-fusion-box active-icon awb-icon-minus\" aria-hidden=\"true\"><\/i><i class=\"fa-fusion-box inactive-icon awb-icon-plus\" aria-hidden=\"true\"><\/i><\/span><span class=\"fusion-toggle-heading\">Transferencias internaciones de datos<\/span><\/a><\/h4><\/div><div id=\"887c1d21c014f75aa\" class=\"panel-collapse collapse \" aria-labelledby=\"toggle_887c1d21c014f75aa\"><div class=\"panel-body toggle-content fusion-clearfix\">\n<p>No est\u00e1n previstas<\/p>\n<\/div><\/div><\/div><\/div><\/div><\/div><\/div><\/div><\/div>\n","protected":false},"excerpt":{"rendered":"","protected":false},"author":183,"featured_media":0,"parent":67197,"menu_order":0,"comment_status":"closed","ping_status":"closed","template":"","meta":{"footnotes":""},"class_list":["post-66423","page","type-page","status-publish","hentry"],"_links":{"self":[{"href":"https:\/\/www.bombersdv.es\/es\/wp-json\/wp\/v2\/pages\/66423"}],"collection":[{"href":"https:\/\/www.bombersdv.es\/es\/wp-json\/wp\/v2\/pages"}],"about":[{"href":"https:\/\/www.bombersdv.es\/es\/wp-json\/wp\/v2\/types\/page"}],"author":[{"embeddable":true,"href":"https:\/\/www.bombersdv.es\/es\/wp-json\/wp\/v2\/users\/183"}],"replies":[{"embeddable":true,"href":"https:\/\/www.bombersdv.es\/es\/wp-json\/wp\/v2\/comments?post=66423"}],"version-history":[{"count":12,"href":"https:\/\/www.bombersdv.es\/es\/wp-json\/wp\/v2\/pages\/66423\/revisions"}],"predecessor-version":[{"id":66535,"href":"https:\/\/www.bombersdv.es\/es\/wp-json\/wp\/v2\/pages\/66423\/revisions\/66535"}],"up":[{"embeddable":true,"href":"https:\/\/www.bombersdv.es\/es\/wp-json\/wp\/v2\/pages\/67197"}],"wp:attachment":[{"href":"https:\/\/www.bombersdv.es\/es\/wp-json\/wp\/v2\/media?parent=66423"}],"curies":[{"name":"wp","href":"https:\/\/api.w.org\/{rel}","templated":true}]}}