{"id":66955,"date":"2023-11-08T13:34:04","date_gmt":"2023-11-08T12:34:04","guid":{"rendered":"https:\/\/www.bombersdv.es\/?page_id=66955"},"modified":"2025-10-16T11:31:35","modified_gmt":"2025-10-16T09:31:35","slug":"funciones-y-normativas-2023","status":"publish","type":"page","link":"https:\/\/www.bombersdv.es\/es\/portal-de-transparencia\/funciones-y-normativas-2023\/","title":{"rendered":"Funciones y Normativas 2023"},"content":{"rendered":"<p><div class=\"fusion-fullwidth fullwidth-box fusion-builder-row-1 nonhundred-percent-fullwidth non-hundred-percent-height-scrolling\" style=\"--awb-background-position:left top;--awb-border-sizes-top:0px;--awb-border-sizes-bottom:0px;--awb-border-sizes-left:0px;--awb-border-sizes-right:0px;--awb-border-radius-top-left:0px;--awb-border-radius-top-right:0px;--awb-border-radius-bottom-right:0px;--awb-border-radius-bottom-left:0px;--awb-padding-top:30px;--awb-padding-bottom:0px;--awb-flex-wrap:wrap;\" ><div class=\"fusion-builder-row fusion-row\"><div class=\"fusion-layout-column fusion_builder_column fusion-builder-column-0 fusion_builder_column_1_1 1_1 fusion-one-full fusion-column-first fusion-column-last\" style=\"--awb-bg-size:cover;--awb-margin-bottom:0px;\"><div class=\"fusion-column-wrapper fusion-flex-column-wrapper-legacy\"><div class=\"fusion-content-boxes content-boxes columns row fusion-columns-1 fusion-columns-total-1 fusion-content-boxes-1 content-boxes-icon-on-side content-left\" style=\"--awb-title-color:#d32f13;--awb-margin-bottom:0px;--awb-hover-accent-color:#d32f13;--awb-circle-hover-accent-color:#d32f13;--awb-item-margin-bottom:40px;\" data-animationOffset=\"top-into-view\"><div style=\"--awb-backgroundcolor:rgba(255,255,255,0);--awb-content-padding-left:140px;\" class=\"fusion-column content-box-column content-box-column content-box-column-1 col-lg-12 col-md-12 col-sm-12 fusion-content-box-hover content-box-column-last content-box-column-last-in-row\"><div class=\"col content-box-wrapper content-wrapper link-area-link-icon icon-hover-animation-fade\" data-animationOffset=\"top-into-view\"><div class=\"heading heading-with-icon icon-left\"><div aria-hidden=\"true\" class=\"image\"><img decoding=\"async\" src=\"http:\/\/www.bombersdv.es\/wp-content\/uploads\/2014\/11\/visitas-a-colegios-icon.png\" width=\"120\" height=\"120\" alt=\"\" \/><\/div><h2 class=\"content-box-heading fusion-responsive-typography-calculated\" style=\"--h2_typography-font-size:34px;--fontSize:34;line-height:1.09;padding-left:140px;\"><strong>Funciones y Normativas<\/strong><\/h2><\/div><\/div><\/div><div class=\"fusion-clearfix\"><\/div><\/div><div class=\"fusion-clearfix\"><\/div><\/div><\/div><\/div><\/div><div class=\"fusion-fullwidth fullwidth-box fusion-builder-row-2 nonhundred-percent-fullwidth non-hundred-percent-height-scrolling\" style=\"--awb-background-position:left top;--awb-border-sizes-top:0px;--awb-border-sizes-bottom:0px;--awb-border-sizes-left:0px;--awb-border-sizes-right:0px;--awb-border-radius-top-left:0px;--awb-border-radius-top-right:0px;--awb-border-radius-bottom-right:0px;--awb-border-radius-bottom-left:0px;--awb-padding-top:30px;--awb-padding-bottom:0px;--awb-flex-wrap:wrap;\" ><div class=\"fusion-builder-row fusion-row\"><div class=\"fusion-layout-column fusion_builder_column fusion-builder-column-1 fusion_builder_column_2_3 2_3 fusion-two-third fusion-column-first\" style=\"--awb-bg-size:cover;--awb-margin-bottom:0px;width:65.3333%; margin-right: 4%;\"><div class=\"fusion-column-wrapper fusion-flex-column-wrapper-legacy\"><div class=\"fusion-text fusion-text-1\"><ol>\n<li style=\"text-align: justify;\">La actividad del Consorcio se sujeta a lo dispuesto en sus <a href=\"https:\/\/www.bombersdv.es\/wp-content\/uploads\/2023\/03\/2021_14255-estatutos.pdf\" target=\"_blank\" rel=\"noopener\">Estatutos<\/a>. En lo no dispuesto en los mismos es de aplicaci\u00f3n la normativa de <a href=\"https:\/\/www.boe.es\/biblioteca_juridica\/codigos\/codigo.php?id=19&amp;modo=2&amp;nota=0&amp;tab=2\" target=\"_blank\" rel=\"noopener\">r\u00e9gimen local<\/a> y dem\u00e1s <a href=\"https:\/\/www.boe.es\/biblioteca_juridica\/codigos\/codigo.php?id=44&amp;modo=2&amp;nota=0&amp;tab=2\" target=\"_blank\" rel=\"noopener\">normas del derecho administrativo<\/a>, as\u00ed como lo previsto en el C\u00f3digo Civil sobre la sociedad civil, salvo el r\u00e9gimen de liquidaci\u00f3n, que se someter\u00e1 a lo dispuesto en el Real Decreto Legislativo 1\/2010, de 2 de julio, por el que se aprueba el Texto Refundido de la Ley de Sociedades de Capital.<\/li>\n<li style=\"text-align: justify;\">El r\u00e9gimen de <strong>contrataci\u00f3n<\/strong> se ajusta a la <a href=\"https:\/\/www.boe.es\/biblioteca_juridica\/codigos\/codigo.php?id=31&amp;modo=2&amp;nota=0&amp;tab=2\" target=\"_blank\" rel=\"noopener\">ley de contratos del sector p\u00fablico<\/a>.<\/li>\n<li style=\"text-align: justify;\">Los actos y resoluciones de los \u00f3rganos del Consorcio son susceptibles de los <strong>recursos administrativos<\/strong> previstos en las normas reguladoras del <a href=\"https:\/\/www.boe.es\/eli\/es\/l\/2015\/10\/01\/40\/con\" target=\"_blank\" rel=\"noopener\">R\u00e9gimen Jur\u00eddico de las Administraciones P\u00fablicas<\/a> y del <a href=\"https:\/\/www.boe.es\/eli\/es\/l\/2015\/10\/01\/39\/con\" target=\"_blank\" rel=\"noopener\">Procedimiento Administrativo Com\u00fan<\/a>.<\/li>\n<li style=\"text-align: justify;\">Los actos, acuerdos y resoluciones de los \u00f3rganos consorciales que se adopten en virtud de competencias propias, agotan la v\u00eda administrativa y podr\u00e1n ser recurridos ante la Jurisdicci\u00f3n ContenciosoAdministrativa. (Articulo 11 de los estatutos del Consorcio)<\/li>\n<li style=\"text-align: justify;\">En todo caso ser\u00e1 de aplicaci\u00f3n la <a href=\"https:\/\/www.bombersdv.es\/es\/portal-de-transparencia\/funciones-y-normativas\/normativa-generalitat-actualizacion-noviembre-2023\/\" target=\"_blank\" rel=\"noopener\">normativa que en materia de prevenci\u00f3n extinci\u00f3n de incendios y salvamento dicte la Generalitat, as\u00ed como para la coordinaci\u00f3n de los servicios.<\/a><\/li>\n<li style=\"text-align: justify;\">El Consorcio estar\u00e1 sujeto al r\u00e9gimen de <strong><a href=\"https:\/\/www.boe.es\/biblioteca_juridica\/codigos\/codigo.php?id=19&amp;modo=2&amp;nota=0&amp;tab=2\" target=\"_blank\" rel=\"noopener\">presupuestaci\u00f3n, contabilidad y control<\/a> <\/strong>de la Diputaci\u00f3n Provincial de Valencia, <strong>administraci\u00f3n a la que est\u00e1 adscrito<\/strong>, sin perjuicio de su sujeci\u00f3n a lo previsto en la Ley Org\u00e1nica 2\/2012, de 27 de abril, de Estabilidad Presupuestaria y Sostenibilidad Financiera. En todo caso, se llevar\u00e1 a cabo una auditor\u00eda de las cuentas anuales que ser\u00e1 responsabilidad del \u00f3rgano de control de la Diputaci\u00f3n Provincial de Valencia. El consorcio deber\u00e1 formar parte de los presupuestos de la Diputaci\u00f3n Provincial de Valencia e incluirse en la cuenta general de la misma. (Art\u00edculo 3 de los Estatutos del Consorcio)<\/li>\n<li style=\"text-align: justify;\"><strong>Transparencia de la actividad p\u00fablica del Consorcio.<\/strong> El Consorcio se ajustar\u00e1 a lo dispuesto en la <a href=\"https:\/\/www.boe.es\/eli\/es\/l\/2013\/12\/09\/19\/con\" target=\"_blank\" rel=\"noopener\">Ley 19\/2013, de 9 de diciembre, de transparencia, acceso a la informaci\u00f3n p\u00fablica y buen gobierno<\/a>, as\u00ed como a la <a href=\"https:\/\/dogv.gva.es\/es\/eli\/es-vc\/l\/2022\/04\/13\/1\/con\/\" target=\"_blank\" rel=\"noopener\">normativa que se dicte por la Generalitat<\/a> y en tal sentido publicar\u00e1 de forma peri\u00f3dica y actualizada la informaci\u00f3n cuyo conocimiento sea relevante para garantizar la transparencia de su actividad relacionada con el funcionamiento y control de la actuaci\u00f3n p\u00fablica.<\/li>\n<li style=\"text-align: justify;\">La <strong>estructura org\u00e1nica y funcional del Consorcio<\/strong> se regularan por lo dispuesto en sus <a href=\"https:\/\/www.bombersdv.es\/wp-content\/uploads\/2023\/03\/2021_14255-estatutos.pdf\" target=\"_blank\" rel=\"noopener\">Estatutos<\/a> y en el <a href=\"https:\/\/www.bombersdv.es\/wp-content\/uploads\/2019\/04\/10_PDFsam_2017_03_15-BOP-n%C2%BA-52-Reglamento-Organico-i-Funcionamento-CONSORCIO-cast.pdf\" target=\"_blank\" rel=\"noopener\">Reglamento Org\u00e1nico<\/a> , sin perjuicio de la aplicaci\u00f3n de las normas espec\u00edficas que puedan regular su establecimiento, organizaci\u00f3n y funcionamiento. (Art\u00edculo 4 del Reglamento Org\u00e1nico del Consorcio)<\/li>\n<\/ol>\n<\/div><div class=\"fusion-clearfix\"><\/div><\/div><\/div><div class=\"fusion-layout-column fusion_builder_column fusion-builder-column-2 fusion_builder_column_1_3 1_3 fusion-one-third fusion-column-last\" style=\"--awb-bg-size:cover;--awb-margin-bottom:0px;width:30.6666%;\"><div class=\"fusion-column-wrapper fusion-flex-column-wrapper-legacy\"><div class=\"fusion-sep-clear\"><\/div><div class=\"fusion-separator fusion-full-width-sep\" style=\"margin-left: auto;margin-right: auto;width:100%;\"><\/div><div class=\"fusion-sep-clear\"><\/div><div class=\"fusion-sep-clear\"><\/div><div class=\"fusion-separator fusion-full-width-sep\" style=\"margin-left: auto;margin-right: auto;width:100%;\"><\/div><div class=\"fusion-sep-clear\"><\/div><div class=\"fusion-sep-clear\"><\/div><div class=\"fusion-separator fusion-full-width-sep\" style=\"margin-left: auto;margin-right: auto;width:100%;\"><\/div><div class=\"fusion-sep-clear\"><\/div><div class=\"fusion-aligncenter\"><a class=\"fusion-button button-flat fusion-button-default-size button-default fusion-button-default button-1 fusion-button-default-span fusion-button-default-type\" target=\"_self\" href=\"https:\/\/www.bombersdv.es\/es\/portal-de-transparencia\/funciones-y-normativas-2023\/normativa-general-del-consorcio\/\"><span class=\"fusion-button-text\">Normativa General del Consorcio<\/span><\/a><\/div><div class=\"fusion-sep-clear\"><\/div><div class=\"fusion-separator fusion-full-width-sep\" style=\"margin-left: auto;margin-right: auto;width:100%;\"><\/div><div class=\"fusion-sep-clear\"><\/div><div class=\"fusion-sep-clear\"><\/div><div class=\"fusion-separator fusion-full-width-sep\" style=\"margin-left: auto;margin-right: auto;width:100%;\"><\/div><div class=\"fusion-sep-clear\"><\/div><div class=\"fusion-sep-clear\"><\/div><div class=\"fusion-separator fusion-full-width-sep\" style=\"margin-left: auto;margin-right: auto;width:100%;\"><\/div><div class=\"fusion-sep-clear\"><\/div><div class=\"fusion-aligncenter\"><a class=\"fusion-button button-flat fusion-button-default-size button-default fusion-button-default button-2 fusion-button-default-span fusion-button-default-type\" target=\"_self\" href=\"https:\/\/www.bombersdv.es\/es\/portal-de-transparencia\/funciones-y-normativas-2023\/normativa-generalitat-actualizacion-noviembre-2023\/\"><span class=\"fusion-button-text\">Normativa de la Generalitat<\/span><\/a><\/div><div class=\"fusion-sep-clear\"><\/div><div class=\"fusion-separator fusion-full-width-sep\" style=\"margin-left: auto;margin-right: auto;width:100%;\"><\/div><div class=\"fusion-sep-clear\"><\/div><div class=\"fusion-sep-clear\"><\/div><div class=\"fusion-separator fusion-full-width-sep\" style=\"margin-left: auto;margin-right: auto;width:100%;\"><\/div><div class=\"fusion-sep-clear\"><\/div><div class=\"fusion-sep-clear\"><\/div><div class=\"fusion-separator fusion-full-width-sep\" style=\"margin-left: auto;margin-right: auto;width:100%;\"><\/div><div class=\"fusion-sep-clear\"><\/div><div class=\"fusion-aligncenter\"><a class=\"fusion-button button-flat fusion-button-default-size button-default fusion-button-default button-3 fusion-button-default-span fusion-button-default-type\" target=\"_self\" href=\"https:\/\/www.bombersdv.es\/es\/protocolos-de-actuacion\/\"><span class=\"fusion-button-text\">Protocolos operativos<\/span><\/a><\/div><div class=\"fusion-sep-clear\"><\/div><div class=\"fusion-separator fusion-full-width-sep\" style=\"margin-left: auto;margin-right: auto;width:100%;\"><\/div><div class=\"fusion-sep-clear\"><\/div><div class=\"fusion-sep-clear\"><\/div><div class=\"fusion-separator fusion-full-width-sep\" style=\"margin-left: auto;margin-right: auto;width:100%;\"><\/div><div class=\"fusion-sep-clear\"><\/div><div class=\"fusion-sep-clear\"><\/div><div class=\"fusion-separator fusion-full-width-sep\" style=\"margin-left: auto;margin-right: auto;width:100%;\"><\/div><div class=\"fusion-sep-clear\"><\/div><div class=\"fusion-aligncenter\"><a class=\"fusion-button button-flat fusion-button-default-size button-default fusion-button-default button-4 fusion-button-default-span fusion-button-default-type\" target=\"_self\" href=\"https:\/\/www.bombersdv.es\/es\/portal-de-transparencia\/funciones-y-normativas-2023\/funciones-2023\/\"><span class=\"fusion-button-text\">FUNCIONES<\/span><\/a><\/div><div class=\"fusion-clearfix\"><\/div><\/div><\/div><\/div><\/div><\/p>\n","protected":false},"excerpt":{"rendered":"","protected":false},"author":183,"featured_media":0,"parent":15159,"menu_order":0,"comment_status":"closed","ping_status":"closed","template":"100-width.php","meta":{"footnotes":""},"class_list":["post-66955","page","type-page","status-publish","hentry"],"_links":{"self":[{"href":"https:\/\/www.bombersdv.es\/es\/wp-json\/wp\/v2\/pages\/66955"}],"collection":[{"href":"https:\/\/www.bombersdv.es\/es\/wp-json\/wp\/v2\/pages"}],"about":[{"href":"https:\/\/www.bombersdv.es\/es\/wp-json\/wp\/v2\/types\/page"}],"author":[{"embeddable":true,"href":"https:\/\/www.bombersdv.es\/es\/wp-json\/wp\/v2\/users\/183"}],"replies":[{"embeddable":true,"href":"https:\/\/www.bombersdv.es\/es\/wp-json\/wp\/v2\/comments?post=66955"}],"version-history":[{"count":59,"href":"https:\/\/www.bombersdv.es\/es\/wp-json\/wp\/v2\/pages\/66955\/revisions"}],"predecessor-version":[{"id":74348,"href":"https:\/\/www.bombersdv.es\/es\/wp-json\/wp\/v2\/pages\/66955\/revisions\/74348"}],"up":[{"embeddable":true,"href":"https:\/\/www.bombersdv.es\/es\/wp-json\/wp\/v2\/pages\/15159"}],"wp:attachment":[{"href":"https:\/\/www.bombersdv.es\/es\/wp-json\/wp\/v2\/media?parent=66955"}],"curies":[{"name":"wp","href":"https:\/\/api.w.org\/{rel}","templated":true}]}}