{"id":67202,"date":"2023-11-15T14:51:31","date_gmt":"2023-11-15T13:51:31","guid":{"rendered":"https:\/\/www.bombersdv.es\/?page_id=67202"},"modified":"2024-11-06T16:53:39","modified_gmt":"2024-11-06T15:53:39","slug":"actividad-de-tratamiento-de-datos-gestion-de-recursos-humanos","status":"publish","type":"page","link":"https:\/\/www.bombersdv.es\/es\/portal-de-transparencia\/actividad-de-tratamiento-de-datos-gestion-de-recursos-humanos\/","title":{"rendered":"ACTIVIDAD DE TRATAMIENTO DE DATOS: GESTI\u00d3N DE RECURSOS HUMANOS"},"content":{"rendered":"<div class=\"fusion-fullwidth fullwidth-box fusion-builder-row-1 fusion-flex-container nonhundred-percent-fullwidth non-hundred-percent-height-scrolling\" style=\"--awb-border-radius-top-left:0px;--awb-border-radius-top-right:0px;--awb-border-radius-bottom-right:0px;--awb-border-radius-bottom-left:0px;--awb-flex-wrap:wrap;\" ><div class=\"fusion-builder-row fusion-row fusion-flex-align-items-flex-start fusion-flex-content-wrap\" style=\"max-width:1248px;margin-left: calc(-4% \/ 2 );margin-right: calc(-4% \/ 2 );\"><div class=\"fusion-layout-column fusion_builder_column fusion-builder-column-0 fusion_builder_column_1_1 1_1 fusion-flex-column\" style=\"--awb-bg-size:cover;--awb-width-large:100%;--awb-margin-top-large:0px;--awb-spacing-right-large:1.92%;--awb-margin-bottom-large:20px;--awb-spacing-left-large:1.92%;--awb-width-medium:100%;--awb-order-medium:0;--awb-spacing-right-medium:1.92%;--awb-spacing-left-medium:1.92%;--awb-width-small:100%;--awb-order-small:0;--awb-spacing-right-small:1.92%;--awb-spacing-left-small:1.92%;\"><div class=\"fusion-column-wrapper fusion-column-has-shadow fusion-flex-justify-content-flex-start fusion-content-layout-column\"><div class=\"fusion-text fusion-text-1\"><h3><span style=\"color: #ffcc00;\"><strong>ACTIVIDAD DE TRATAMIENTO: GESTION DE RECURSOS HUMANOS<\/strong><\/span><\/h3>\n<p><span style=\"color: #808080;\"><em>Ultima actualizaci\u00f3n: 11\/24<\/em><\/span><\/p>\n<\/div><div class=\"fusion-separator fusion-full-width-sep\" style=\"align-self: center;margin-left: auto;margin-right: auto;width:100%;\"><div class=\"fusion-separator-border sep-single sep-solid\" style=\"--awb-height:20px;--awb-amount:20px;--awb-sep-color:#ffbf00;border-color:#ffbf00;border-top-width:2px;\"><\/div><\/div><div class=\"accordian fusion-accordian\" style=\"--awb-border-size:1px;--awb-icon-size:13px;--awb-content-font-size:15px;--awb-icon-alignment:left;--awb-hover-color:#f9f9f9;--awb-border-color:#cccccc;--awb-background-color:#ffffff;--awb-divider-color:#e0dede;--awb-divider-hover-color:#e0dede;--awb-icon-color:#ffffff;--awb-title-color:#333333;--awb-content-color:#747474;--awb-icon-box-color:#ffc107;--awb-toggle-hover-accent-color:#ffc107;--awb-title-font-family:&quot;Raleway&quot;;--awb-title-font-weight:500;--awb-title-font-style:normal;--awb-title-font-size:20px;--awb-title-letter-spacing:0px;--awb-title-line-height:1.1;--awb-content-font-family:&quot;Raleway&quot;;--awb-content-font-style:normal;--awb-content-font-weight:500;\"><div class=\"panel-group fusion-toggle-icon-boxed\" id=\"accordion-67202-1\"><div class=\"fusion-panel panel-default panel-e9834b54ae927c7ab fusion-toggle-has-divider\" style=\"--awb-title-color:#333333;\"><div class=\"panel-heading\"><h4 class=\"panel-title toggle\" id=\"toggle_e9834b54ae927c7ab\"><a aria-expanded=\"false\" aria-controls=\"e9834b54ae927c7ab\" role=\"button\" data-toggle=\"collapse\" data-parent=\"#accordion-67202-1\" data-target=\"#e9834b54ae927c7ab\" href=\"#e9834b54ae927c7ab\"><span class=\"fusion-toggle-icon-wrapper\" aria-hidden=\"true\"><i class=\"fa-fusion-box active-icon awb-icon-minus\" aria-hidden=\"true\"><\/i><i class=\"fa-fusion-box inactive-icon awb-icon-plus\" aria-hidden=\"true\"><\/i><\/span><span class=\"fusion-toggle-heading\">Identificaci\u00f3n del tratamiento<\/span><\/a><\/h4><\/div><div id=\"e9834b54ae927c7ab\" class=\"panel-collapse collapse \" aria-labelledby=\"toggle_e9834b54ae927c7ab\"><div class=\"panel-body toggle-content fusion-clearfix\">\n<table style=\"width: 100%; border-collapse: collapse; border-style: inset; border-color: #000000;\" border=\"1\">\n<tbody>\n<tr>\n<td style=\"width: 99.9129%; background-color: #ffc107;\" colspan=\"2\"><span style=\"color: #ffffff;\"><strong>Nombre y finalidad<\/strong><\/span><\/td>\n<\/tr>\n<tr>\n<td style=\"width: 18.4669%; text-align: right;\"><span style=\"color: #ffcc00;\"><strong>Nombre<\/strong><\/span><\/td>\n<td style=\"width: 81.446%;\">Gesti\u00f3n de recursos humanos<\/td>\n<\/tr>\n<tr>\n<td style=\"width: 18.4669%; text-align: right;\"><span style=\"color: #ffcc00;\"><strong>Descripci\u00f3n finalidad<\/strong><\/span><\/td>\n<td style=\"width: 81.446%;\">Tratamiento de datos para la gesti\u00f3n de los recursos humanos del Consorcio\u00a0 (vacaciones, expedientes disciplinarios, incompatibilidades, plan de pensiones, acci\u00f3n social, seguro colectivo de vida y accidentes , etc.)<\/td>\n<\/tr>\n<\/tbody>\n<\/table>\n<\/div><\/div><\/div><div class=\"fusion-panel panel-default panel-b0cf6184ab40fc86b fusion-toggle-has-divider\" style=\"--awb-title-color:#333333;\"><div class=\"panel-heading\"><h4 class=\"panel-title toggle\" id=\"toggle_b0cf6184ab40fc86b\"><a aria-expanded=\"false\" aria-controls=\"b0cf6184ab40fc86b\" role=\"button\" data-toggle=\"collapse\" data-parent=\"#accordion-67202-1\" data-target=\"#b0cf6184ab40fc86b\" href=\"#b0cf6184ab40fc86b\"><span class=\"fusion-toggle-icon-wrapper\" aria-hidden=\"true\"><i class=\"fa-fusion-box active-icon awb-icon-minus\" aria-hidden=\"true\"><\/i><i class=\"fa-fusion-box inactive-icon awb-icon-plus\" aria-hidden=\"true\"><\/i><\/span><span class=\"fusion-toggle-heading\">Identificaci\u00f3n del responsable del tratamiento<\/span><\/a><\/h4><\/div><div id=\"b0cf6184ab40fc86b\" class=\"panel-collapse collapse \" aria-labelledby=\"toggle_b0cf6184ab40fc86b\"><div class=\"panel-body toggle-content fusion-clearfix\">\n<table style=\"border-collapse: collapse; width: 100%;\" border=\"1\">\n<tbody>\n<tr style=\"background-color: #ffc107;\">\n<td style=\"width: 100%;\" colspan=\"2\"><span style=\"color: #ffffff;\"><strong>Responsable del tratamiento<\/strong><\/span><\/td>\n<\/tr>\n<tr>\n<td style=\"width: 30.6023%;\"><span style=\"color: #ffcc00;\"><strong>Identidad<\/strong><\/span><\/td>\n<td style=\"width: 69.3977%;\">Consorcio para el Servicio de Prevenci\u00f3n y Extinci\u00f3n de Incendios y de Salvamento de la provincia de Valencia<\/td>\n<\/tr>\n<tr>\n<td style=\"width: 30.6023%;\"><span style=\"color: #ffcc00;\"><strong>Forma de contactar con el responsable<\/strong><\/span><\/td>\n<td style=\"width: 69.3977%;\">\n<p>Por correo electr\u00f3nico en la direcci\u00f3n infobombers@bombersdv.es<\/p>\n<p>Por correo postal, en la direcci\u00f3n Avellanas 14, 46003 Val\u00e8ncia.<\/td>\n<\/tr>\n<tr>\n<td style=\"width: 30.6023%;\"><span style=\"color: #ffcc00;\"><strong>Forma de ejercitar derechos<\/strong><\/span><\/td>\n<td style=\"width: 69.3977%;\">Para solicitar el\u00a0<b>acceso, la rectificaci\u00f3n, supresi\u00f3n o limitaci\u00f3n del tratamiento de los datos personales o para oponerse al tratamiento,<\/b>\u00a0en el caso de se den los requisitos establecidos en el Reglamento General de Protecci\u00f3n de Datos, as\u00ed como en la Ley Org\u00e1nica 3\/2018, de 5 de diciembre, de Protecci\u00f3n de Datos Personal y garant\u00eda de los derechos digitales,\u00a0se\u00a0puede dirigir un escrito al Consorcio en la direcci\u00f3n indicada m\u00e1s arriba\u00a0o en el\u00a0registro electr\u00f3nico https:\/\/sede.bombersdv.es\/<\/td>\n<\/tr>\n<tr>\n<td style=\"width: 30.6023%;\"><span style=\"color: #ffcc00;\"><strong>Unidad responsable de la tramitaci\u00f3n<\/strong><\/span><\/td>\n<td style=\"width: 69.3977%;\">Servicio de Recursos Humanos<\/td>\n<\/tr>\n<\/tbody>\n<\/table>\n<\/div><\/div><\/div><div class=\"fusion-panel panel-default panel-659a1aa5c14f58373 fusion-toggle-has-divider\" style=\"--awb-title-color:#333333;\"><div class=\"panel-heading\"><h4 class=\"panel-title toggle\" id=\"toggle_659a1aa5c14f58373\"><a aria-expanded=\"false\" aria-controls=\"659a1aa5c14f58373\" role=\"button\" data-toggle=\"collapse\" data-parent=\"#accordion-67202-1\" data-target=\"#659a1aa5c14f58373\" href=\"#659a1aa5c14f58373\"><span class=\"fusion-toggle-icon-wrapper\" aria-hidden=\"true\"><i class=\"fa-fusion-box active-icon awb-icon-minus\" aria-hidden=\"true\"><\/i><i class=\"fa-fusion-box inactive-icon awb-icon-plus\" aria-hidden=\"true\"><\/i><\/span><span class=\"fusion-toggle-heading\">Delegado de protecci\u00f3n de datos<\/span><\/a><\/h4><\/div><div id=\"659a1aa5c14f58373\" class=\"panel-collapse collapse \" aria-labelledby=\"toggle_659a1aa5c14f58373\"><div class=\"panel-body toggle-content fusion-clearfix\">\n<table style=\"border-collapse: collapse; width: 100%;\" border=\"1\">\n<tbody>\n<tr>\n<td style=\"width: 40.9408%;\"><span style=\"color: #ffcc00;\"><b>Datos de Contacto del Delegado de protecci\u00f3n de datos<\/b><\/span><\/td>\n<td style=\"width: 59.0592%;\">Para cualquier consulta o queja relacionada con el tratamiento de estos datos, el Consorcio pone a disposici\u00f3n de los interesados el buz\u00f3n del delegado de protecci\u00f3n de datos dpd@bombersdv.es<\/td>\n<\/tr>\n<\/tbody>\n<\/table>\n<\/div><\/div><\/div><div class=\"fusion-panel panel-default panel-1903e7254f17cc122 fusion-toggle-has-divider\" style=\"--awb-title-color:#333333;\"><div class=\"panel-heading\"><h4 class=\"panel-title toggle\" id=\"toggle_1903e7254f17cc122\"><a aria-expanded=\"false\" aria-controls=\"1903e7254f17cc122\" role=\"button\" data-toggle=\"collapse\" data-parent=\"#accordion-67202-1\" data-target=\"#1903e7254f17cc122\" href=\"#1903e7254f17cc122\"><span class=\"fusion-toggle-icon-wrapper\" aria-hidden=\"true\"><i class=\"fa-fusion-box active-icon awb-icon-minus\" aria-hidden=\"true\"><\/i><i class=\"fa-fusion-box inactive-icon awb-icon-plus\" aria-hidden=\"true\"><\/i><\/span><span class=\"fusion-toggle-heading\">Licitud del tratamiento<\/span><\/a><\/h4><\/div><div id=\"1903e7254f17cc122\" class=\"panel-collapse collapse \" aria-labelledby=\"toggle_1903e7254f17cc122\"><div class=\"panel-body toggle-content fusion-clearfix\">\n<table style=\"border-collapse: collapse; width: 100%;\" border=\"1\">\n<tbody>\n<tr>\n<td style=\"width: 100%; background-color: #ffc107;\"><span style=\"color: #ffffff;\">Base jur\u00eddica<\/span><\/td>\n<\/tr>\n<tr>\n<td style=\"width: 100%;\">\n<p>La base jur\u00eddica es el art\u00edculo 6.1.b) del RGPD: el tratamiento es necesario para la ejecuci\u00f3n de un contrato en el que el interesado es parte (relaci\u00f3n empleado &#8211; empleador) o para la aplicaci\u00f3n, a petici\u00f3n de aqu\u00e9l, de medidas precontractuales. En determinados casos, la base de licitud es el art\u00edculo 6.1.c) del RGPD, el tratamiento es necesario para el cumplimiento de una obligaci\u00f3n legal aplicable al responsable del tratamiento, as\u00ed como el art\u00edculo 6.1.e) del RGPD por el que el tratamiento es necesario para el cumplimiento de una misi\u00f3n realizada en inter\u00e9s p\u00fablico o en el ejercicio de poderes p\u00fablicos conferidos al responsable, de acuerdo con:<\/p>\n<p>&#8211; Ley 30\/1984, de 2 de agosto, de medidas para la reforma de la Funci\u00f3n P\u00fablica.<br \/>\n&#8211; Ley 53\/1984, de 26 de diciembre, de Incompatibilidades del personal al servicio de las Administraciones P\u00fablicas.<br \/>\n&#8211; Ley 7\/1985, de 2 de abril, Reguladora de las Bases del R\u00e9gimen Local.<br \/>\n&#8211; Ley Org\u00e1nica 11\/1985, de 2 de agosto, de Libertad Sindical.<br \/>\n&#8211; Ley 31\/1995, de 8 de noviembre, de Prevenci\u00f3n de Riesgos Laborales.<br \/>\n<span style=\"font-family: inherit; font-size: inherit;\">&#8211; Ley 7\/2011, de 1 de abril, de la Generalitat, de los Servicios de Prevenci\u00f3n, Extinci\u00f3n de Incendios y Salvamento de la Comunitat Valenciana<\/span><br \/>\n&#8211; Ley Org\u00e1nica 3\/2007, de 22 de marzo, para la igualdad efectiva de hombres y mujeres.<br \/>\n&#8211; Real Decreto Legislativo 2\/2015, de 23 de octubre, por el que se aprueba el texto refundido de la Ley del Estatuto de los Trabajadores.<br \/>\n&#8211; Real Decreto Legislativo 5\/2015, de 30 de octubre, por el que se aprueba el texto refundido de la Ley del Estatuto B\u00e1sico del Empleado P\u00fablico.<\/p>\n<p>La base jur\u00eddica en el caso de categor\u00edas especiales, es el art\u00edculo 6.1.b) en relaci\u00f3n con el art\u00edculo 9.2.b) del RGPD: el tratamiento es necesario para el cumplimiento de obligaciones y el ejercicio de derechos espec\u00edficos del responsable del tratamiento o del interesado en el \u00e1mbito del derecho laboral, de acuerdo, entre otros, con el Real Decreto Legislativo 1\/2013, de 29 de noviembre, por el que se aprueba el Texto Refundido de la Ley General de derechos de las personas con discapacidad y de su inclusi\u00f3n social. En otro caso, la base ser\u00e1 el consentimiento del titular de los datos, que podr\u00e1 retirar en cualquier momento a trav\u00e9s de la sede electr\u00f3nica del Consorcio.<\/p>\n<p>Adem\u00e1s, en el caso de datos relativos a afiliaci\u00f3n sindical, la base de licitud, en determinados casos, ser\u00e1 el art\u00edculo 6.1 c) en relaci\u00f3n con el art\u00edculo 9.2 e) del RGPD referido a datos personales que el interesado haya hecho manifiestamente p\u00fablicos.<\/td>\n<\/tr>\n<\/tbody>\n<\/table>\n<\/div><\/div><\/div><div class=\"fusion-panel panel-default panel-363b44378d7b49884 fusion-toggle-has-divider\" style=\"--awb-title-color:#333333;\"><div class=\"panel-heading\"><h4 class=\"panel-title toggle\" id=\"toggle_363b44378d7b49884\"><a aria-expanded=\"false\" aria-controls=\"363b44378d7b49884\" role=\"button\" data-toggle=\"collapse\" data-parent=\"#accordion-67202-1\" data-target=\"#363b44378d7b49884\" href=\"#363b44378d7b49884\"><span class=\"fusion-toggle-icon-wrapper\" aria-hidden=\"true\"><i class=\"fa-fusion-box active-icon awb-icon-minus\" aria-hidden=\"true\"><\/i><i class=\"fa-fusion-box inactive-icon awb-icon-plus\" aria-hidden=\"true\"><\/i><\/span><span class=\"fusion-toggle-heading\">Plazos de conservaci\u00f3n<\/span><\/a><\/h4><\/div><div id=\"363b44378d7b49884\" class=\"panel-collapse collapse \" aria-labelledby=\"toggle_363b44378d7b49884\"><div class=\"panel-body toggle-content fusion-clearfix\">\n<table style=\"border-collapse: collapse; width: 100%;\" border=\"1\">\n<tbody>\n<tr style=\"background-color: #ffc107;\">\n<td style=\"width: 100%;\"><span style=\"color: #ffffff;\"><strong>Plazos de conservaci\u00f3n<\/strong><\/span><\/td>\n<\/tr>\n<tr>\n<td style=\"width: 100%;\">\n<p>Los datos se conservar\u00e1n el tiempo necesario para el cumplimiento de la finalidad se\u00f1alada y se almacenar\u00e1n mientras el Consorcio para el SPEIS de Val\u00e8ncia\u00a0 pueda tener responsabilidades derivadas de su tratamiento.<\/p>\n<p>Adem\u00e1s, se atender\u00e1 a lo regulado en la normativa de Archivos.<\/p>\n<p>Los datos econ\u00f3micos se conservar\u00e1n al amparo de lo dispuesto en la Ley 58\/2003, de 17 de diciembre, General Tributaria.<\/p>\n<p>En cualquier caso, los datos podr\u00e1n ser conservados, en su caso, con fines de archivo en inter\u00e9s p\u00fablico, fines de investigaci\u00f3n cient\u00edfica e hist\u00f3rica o fines estad\u00edsticos.<\/td>\n<\/tr>\n<\/tbody>\n<\/table>\n<\/div><\/div><\/div><div class=\"fusion-panel panel-default panel-2184a9ce17dfbc596 fusion-toggle-has-divider\" style=\"--awb-title-color:#333333;\"><div class=\"panel-heading\"><h4 class=\"panel-title toggle\" id=\"toggle_2184a9ce17dfbc596\"><a aria-expanded=\"false\" aria-controls=\"2184a9ce17dfbc596\" role=\"button\" data-toggle=\"collapse\" data-parent=\"#accordion-67202-1\" data-target=\"#2184a9ce17dfbc596\" href=\"#2184a9ce17dfbc596\"><span class=\"fusion-toggle-icon-wrapper\" aria-hidden=\"true\"><i class=\"fa-fusion-box active-icon awb-icon-minus\" aria-hidden=\"true\"><\/i><i class=\"fa-fusion-box inactive-icon awb-icon-plus\" aria-hidden=\"true\"><\/i><\/span><span class=\"fusion-toggle-heading\">Descripci\u00f3n del tratamiento<\/span><\/a><\/h4><\/div><div id=\"2184a9ce17dfbc596\" class=\"panel-collapse collapse \" aria-labelledby=\"toggle_2184a9ce17dfbc596\"><div class=\"panel-body toggle-content fusion-clearfix\">\n<table style=\"border-collapse: collapse; width: 100%;\" border=\"1\">\n<tbody>\n<tr style=\"height: 24px; background-color: #ffc107;\">\n<td style=\"width: 100%; height: 24px;\"><span style=\"color: #ffffff;\"><strong>Origen y procedencia de los datos<\/strong><\/span><\/td>\n<\/tr>\n<tr style=\"height: 24px;\">\n<td style=\"width: 100%; height: 24px;\">El propio interesado<\/td>\n<\/tr>\n<tr style=\"height: 24px; background-color: #ffc107;\">\n<td style=\"width: 100%; height: 24px;\"><span style=\"color: #ffffff;\"><strong>Colectivos afectados<\/strong><\/span><\/td>\n<\/tr>\n<tr style=\"height: 23px;\">\n<td style=\"width: 100%; height: 23px;\">Empleados p\u00fablicos y resto de personal laboral<br \/>\nFamiliares de los anteriores<\/td>\n<\/tr>\n<\/tbody>\n<\/table>\n<\/div><\/div><\/div><div class=\"fusion-panel panel-default panel-057e773746f27563e fusion-toggle-has-divider\" style=\"--awb-title-color:#333333;\"><div class=\"panel-heading\"><h4 class=\"panel-title toggle\" id=\"toggle_057e773746f27563e\"><a aria-expanded=\"false\" aria-controls=\"057e773746f27563e\" role=\"button\" data-toggle=\"collapse\" data-parent=\"#accordion-67202-1\" data-target=\"#057e773746f27563e\" href=\"#057e773746f27563e\"><span class=\"fusion-toggle-icon-wrapper\" aria-hidden=\"true\"><i class=\"fa-fusion-box active-icon awb-icon-minus\" aria-hidden=\"true\"><\/i><i class=\"fa-fusion-box inactive-icon awb-icon-plus\" aria-hidden=\"true\"><\/i><\/span><span class=\"fusion-toggle-heading\">Categor\u00edas de los datos tratados<\/span><\/a><\/h4><\/div><div id=\"057e773746f27563e\" class=\"panel-collapse collapse \" aria-labelledby=\"toggle_057e773746f27563e\"><div class=\"panel-body toggle-content fusion-clearfix\">\n<table style=\"border-collapse: collapse; width: 100%;\" border=\"1\">\n<tbody>\n<tr style=\"height: 24px; background-color: #ffc107;\">\n<td style=\"width: 20.7317%; height: 24px;\" colspan=\"2\"><span style=\"color: #ffffff;\"><strong>Tipolog\u00edas de los datos<\/strong><\/span><\/td>\n<\/tr>\n<tr style=\"height: 24px;\">\n<td style=\"width: 20.7317%; height: 24px;\"><span style=\"color: #ffcc00;\"><strong>Infracciones<\/strong><\/span><\/td>\n<td style=\"width: 79.2683%; height: 24px;\">Infracciones y sanciones penales y administrativas.<br \/>\nInexistencia de antecedentes penales en caso de puesto de trabajo con menores.<\/td>\n<\/tr>\n<tr style=\"height: 24px;\">\n<td style=\"width: 20.7317%; height: 24px;\"><span style=\"color: #ffcc00;\"><strong>Categor\u00edas especiales de datos<\/strong><\/span><\/td>\n<td style=\"width: 79.2683%; height: 24px;\">Afiliaci\u00f3n sindical; Datos relativos a la salud y discapacidad<\/td>\n<\/tr>\n<tr style=\"height: 24px;\">\n<td style=\"width: 20.7317%; height: 24px;\"><span style=\"color: #ffcc00;\"><strong>Datos identificativos<\/strong><\/span><\/td>\n<td style=\"width: 79.2683%; height: 24px;\">Nombre y apellidos; NIF (NIE, Pasaporte o n\u00famero de tarjeta de residencia) ; direcci\u00f3n; tel\u00e9fono, correo electr\u00f3nico y\/o domicilio; firma; usuario y contrase\u00f1a; imagen y voz.<\/td>\n<\/tr>\n<tr style=\"height: 24px;\">\n<td style=\"width: 20.7317%; height: 24px;\"><span style=\"color: #ffcc00;\"><strong>Otros<\/strong><\/span><\/td>\n<td style=\"width: 79.2683%; height: 24px;\">\n<p>Caracter\u00edsticas personales (sexo, estado civil, nacionalidad, designaci\u00f3n beneficiario en seguro colectivo, otros); Circunstancias Sociales; Acad\u00e9micos y Profesionales; Detalles de empleo (n\u00ba registro personal, turnos, guardias, cuerpo\/escala, puesto, cargo, historial, jornada, bolsa de horas); Econ\u00f3micos, Financieros y de Seguros. Otros: en caso del SPEIS, permisos de conducir (fecha obtenci\u00f3n y vencimiento) as\u00ed como datos de localizaci\u00f3n; y matr\u00edcula veh\u00edculo para uso de parking y, en su caso, compensaciones por su uso en comisiones de servicio u otras.<\/p>\n<p>Para la tramitaci\u00f3n de las solicitudes de acci\u00f3n social tambien se tratar\u00e1n datos relativos a familiares como grado de consanguinidad y\/o afinidad, fecha de nacimiento, nombre y apellidos, ingresos, certificado de dependencia funcional, certificado de empadronamiento (del familiar y del solicitante), fecha de fallecimiento y convivencia con el empleado p\u00fablico solicitante, as\u00ed como estudios cursados, nivel formativo, matr\u00edcula, desplazamiento y porcentaje de asignaturas superadas (en caso de ayuda para estudios). Cuando este tipo de ayudas se prevean en los planes de acci\u00f3n social del Consorcio\u00a0 los tratamientos bucodentales recibidos y uso de pr\u00f3tesis oculares, junto con la factura de los gastos soportados en cada caso.<\/td>\n<\/tr>\n<\/tbody>\n<\/table>\n<\/div><\/div><\/div><div class=\"fusion-panel panel-default panel-1b5672cd9f4117f9e fusion-toggle-has-divider\" style=\"--awb-title-color:#333333;\"><div class=\"panel-heading\"><h4 class=\"panel-title toggle\" id=\"toggle_1b5672cd9f4117f9e\"><a aria-expanded=\"false\" aria-controls=\"1b5672cd9f4117f9e\" role=\"button\" data-toggle=\"collapse\" data-parent=\"#accordion-67202-1\" data-target=\"#1b5672cd9f4117f9e\" href=\"#1b5672cd9f4117f9e\"><span class=\"fusion-toggle-icon-wrapper\" aria-hidden=\"true\"><i class=\"fa-fusion-box active-icon awb-icon-minus\" aria-hidden=\"true\"><\/i><i class=\"fa-fusion-box inactive-icon awb-icon-plus\" aria-hidden=\"true\"><\/i><\/span><span class=\"fusion-toggle-heading\">Medidas de seguridad<\/span><\/a><\/h4><\/div><div id=\"1b5672cd9f4117f9e\" class=\"panel-collapse collapse \" aria-labelledby=\"toggle_1b5672cd9f4117f9e\"><div class=\"panel-body toggle-content fusion-clearfix\">\n<table style=\"border-collapse: collapse; width: 100%;\" border=\"1\">\n<tbody>\n<tr style=\"height: 24px; background-color: #ffc107;\">\n<td style=\"width: 100%; height: 24px;\"><span style=\"color: #ffffff;\"><strong>Medidas t\u00e9cnicas y organizativas aplicadas<\/strong><\/span><\/td>\n<\/tr>\n<tr style=\"height: 168px;\">\n<td style=\"width: 100%; height: 168px;\">\n<p>Las medidas de seguridad garantizar\u00e1n la confidencialidad, integridad, disponibilidad y resiliencia permanentes de los sistemas y servicios de tratamiento que resulten apropiadas para garantizar un nivel de seguridad adecuado al riesgo del tratamiento, en los t\u00e9rminos exigidos por el art\u00edculo 32.1 del RGPD.<\/p>\n<p>Se corresponden con las previstas y en el Anexo II del Real Decreto 3\/2010, de 8 de enero, por el que se regula el Esquema Nacional de Seguridad en el \u00e1mbito de la Administraci\u00f3n Electr\u00f3nica, sin perjuicio del plazo transitorio de adecuaci\u00f3n establecido en el Real Decreto 311\/2022, de 3 de mayo, por el que se regula el Esquema Nacional de Seguridad.\u00a0y en el marco de los documentos que conforman la Pol\u00edtica de protecci\u00f3n de seguridad de la informaci\u00f3n del Consorcio<\/td>\n<\/tr>\n<\/tbody>\n<\/table>\n<\/div><\/div><\/div><div class=\"fusion-panel panel-default panel-44fc3164baf131673 fusion-toggle-has-divider\" style=\"--awb-title-color:#333333;\"><div class=\"panel-heading\"><h4 class=\"panel-title toggle\" id=\"toggle_44fc3164baf131673\"><a aria-expanded=\"false\" aria-controls=\"44fc3164baf131673\" role=\"button\" data-toggle=\"collapse\" data-parent=\"#accordion-67202-1\" data-target=\"#44fc3164baf131673\" href=\"#44fc3164baf131673\"><span class=\"fusion-toggle-icon-wrapper\" aria-hidden=\"true\"><i class=\"fa-fusion-box active-icon awb-icon-minus\" aria-hidden=\"true\"><\/i><i class=\"fa-fusion-box inactive-icon awb-icon-plus\" aria-hidden=\"true\"><\/i><\/span><span class=\"fusion-toggle-heading\">Comunicaciones de datos<\/span><\/a><\/h4><\/div><div id=\"44fc3164baf131673\" class=\"panel-collapse collapse \" aria-labelledby=\"toggle_44fc3164baf131673\"><div class=\"panel-body toggle-content fusion-clearfix\">\n<table style=\"border-collapse: collapse; width: 100%;\" border=\"1\">\n<tbody>\n<tr style=\"height: 24px; background-color: #ffc107;\">\n<td style=\"width: 100%; height: 24px;\"><span style=\"color: #ffffff;\"><strong>Categor\u00edas de destinatarios de comunaciones<\/strong><\/span><\/td>\n<\/tr>\n<tr style=\"height: 24px;\">\n<td style=\"width: 100%; height: 24px;\">\n<p>Cuando se pueda realizar la comunicaci\u00f3n de datos conforme al art\u00edculo 6 del RGPD, relativo a la legitimaci\u00f3n del tratamiento, se prev\u00e9n comunicaciones a entidades bancarias, entidad aseguradora de vida y accidentes\u00a0 y entidad gestora del Plan de Pensiones.<\/p>\n<p>Adem\u00e1s, se prev\u00e9n comunicaciones a la Mutua de Accidentes, servicio de prevenci\u00f3n ajeno , as\u00ed como a los representantes sindicales de acuerdo con lo establecido en la Ley 11\/1985, de 2 de agosto, de Libertad Sindical.<\/p>\n<p>Por obligaci\u00f3n legal, se comunicar\u00e1n a Tesorer\u00eda General de la Seguridad Social, Instituto Nacional de Seguridad Social, Administraci\u00f3n Tributaria y \u00f3rganos judiciales y otras administraciones con competencias en materia de recaudaci\u00f3n.<\/td>\n<\/tr>\n<\/tbody>\n<\/table>\n<\/div><\/div><\/div><div class=\"fusion-panel panel-default panel-fba5aef4694ed12ef fusion-toggle-has-divider\" style=\"--awb-title-color:#333333;\"><div class=\"panel-heading\"><h4 class=\"panel-title toggle\" id=\"toggle_fba5aef4694ed12ef\"><a aria-expanded=\"false\" aria-controls=\"fba5aef4694ed12ef\" role=\"button\" data-toggle=\"collapse\" data-parent=\"#accordion-67202-1\" data-target=\"#fba5aef4694ed12ef\" href=\"#fba5aef4694ed12ef\"><span class=\"fusion-toggle-icon-wrapper\" aria-hidden=\"true\"><i class=\"fa-fusion-box active-icon awb-icon-minus\" aria-hidden=\"true\"><\/i><i class=\"fa-fusion-box inactive-icon awb-icon-plus\" aria-hidden=\"true\"><\/i><\/span><span class=\"fusion-toggle-heading\">Transferencias internaciones de datos<\/span><\/a><\/h4><\/div><div id=\"fba5aef4694ed12ef\" class=\"panel-collapse collapse \" aria-labelledby=\"toggle_fba5aef4694ed12ef\"><div class=\"panel-body toggle-content fusion-clearfix\">\n<p>No est\u00e1n previstas<\/p>\n<\/div><\/div><\/div><\/div><\/div><\/div><\/div><\/div><\/div>\n","protected":false},"excerpt":{"rendered":"","protected":false},"author":183,"featured_media":0,"parent":15159,"menu_order":0,"comment_status":"closed","ping_status":"closed","template":"","meta":{"footnotes":""},"class_list":["post-67202","page","type-page","status-publish","hentry"],"_links":{"self":[{"href":"https:\/\/www.bombersdv.es\/es\/wp-json\/wp\/v2\/pages\/67202"}],"collection":[{"href":"https:\/\/www.bombersdv.es\/es\/wp-json\/wp\/v2\/pages"}],"about":[{"href":"https:\/\/www.bombersdv.es\/es\/wp-json\/wp\/v2\/types\/page"}],"author":[{"embeddable":true,"href":"https:\/\/www.bombersdv.es\/es\/wp-json\/wp\/v2\/users\/183"}],"replies":[{"embeddable":true,"href":"https:\/\/www.bombersdv.es\/es\/wp-json\/wp\/v2\/comments?post=67202"}],"version-history":[{"count":7,"href":"https:\/\/www.bombersdv.es\/es\/wp-json\/wp\/v2\/pages\/67202\/revisions"}],"predecessor-version":[{"id":70971,"href":"https:\/\/www.bombersdv.es\/es\/wp-json\/wp\/v2\/pages\/67202\/revisions\/70971"}],"up":[{"embeddable":true,"href":"https:\/\/www.bombersdv.es\/es\/wp-json\/wp\/v2\/pages\/15159"}],"wp:attachment":[{"href":"https:\/\/www.bombersdv.es\/es\/wp-json\/wp\/v2\/media?parent=67202"}],"curies":[{"name":"wp","href":"https:\/\/api.w.org\/{rel}","templated":true}]}}