{"id":67232,"date":"2024-06-25T10:01:26","date_gmt":"2024-06-25T08:01:26","guid":{"rendered":"https:\/\/www.bombersdv.es\/?page_id=67232"},"modified":"2024-06-25T10:01:26","modified_gmt":"2024-06-25T08:01:26","slug":"actividad-de-tratamiento-de-datos-servicios-del-cuerpo-de-bomberos-y-brigadas-forestales","status":"publish","type":"page","link":"https:\/\/www.bombersdv.es\/es\/portal-de-transparencia\/actividad-de-tratamiento-de-datos-servicios-del-cuerpo-de-bomberos-y-brigadas-forestales\/","title":{"rendered":"ACTIVIDAD DE TRATAMIENTO DE DATOS: SERVICIOS DEL CUERPO DE BOMBEROS Y BRIGADAS FORESTALES"},"content":{"rendered":"<div class=\"fusion-fullwidth fullwidth-box fusion-builder-row-1 fusion-flex-container nonhundred-percent-fullwidth non-hundred-percent-height-scrolling\" style=\"--awb-border-radius-top-left:0px;--awb-border-radius-top-right:0px;--awb-border-radius-bottom-right:0px;--awb-border-radius-bottom-left:0px;--awb-flex-wrap:wrap;\" ><div class=\"fusion-builder-row fusion-row fusion-flex-align-items-flex-start fusion-flex-content-wrap\" style=\"max-width:1248px;margin-left: calc(-4% \/ 2 );margin-right: calc(-4% \/ 2 );\"><div class=\"fusion-layout-column fusion_builder_column fusion-builder-column-0 fusion_builder_column_1_1 1_1 fusion-flex-column\" style=\"--awb-bg-size:cover;--awb-width-large:100%;--awb-margin-top-large:0px;--awb-spacing-right-large:1.92%;--awb-margin-bottom-large:20px;--awb-spacing-left-large:1.92%;--awb-width-medium:100%;--awb-order-medium:0;--awb-spacing-right-medium:1.92%;--awb-spacing-left-medium:1.92%;--awb-width-small:100%;--awb-order-small:0;--awb-spacing-right-small:1.92%;--awb-spacing-left-small:1.92%;\"><div class=\"fusion-column-wrapper fusion-column-has-shadow fusion-flex-justify-content-flex-start fusion-content-layout-column\"><div class=\"fusion-text fusion-text-1\"><h3><span style=\"color: #ffcc00;\"><strong>ACTIVIDAD DE TRATAMIENTO: SERVICIOS DEL CUERPO DE BOMBEROS Y BRIGADAS FORESTALES<\/strong><\/span><\/h3>\n<p><span style=\"color: #808080;\"><em>Ultima actualizaci\u00f3n: 11\/23<\/em><\/span><\/p>\n<\/div><div class=\"fusion-separator fusion-full-width-sep\" style=\"align-self: center;margin-left: auto;margin-right: auto;width:100%;\"><div class=\"fusion-separator-border sep-single sep-solid\" style=\"--awb-height:20px;--awb-amount:20px;--awb-sep-color:#ffbf00;border-color:#ffbf00;border-top-width:2px;\"><\/div><\/div><div class=\"accordian fusion-accordian\" style=\"--awb-border-size:1px;--awb-icon-size:13px;--awb-content-font-size:15px;--awb-icon-alignment:left;--awb-hover-color:#f9f9f9;--awb-border-color:#cccccc;--awb-background-color:#ffffff;--awb-divider-color:#e0dede;--awb-divider-hover-color:#e0dede;--awb-icon-color:#ffffff;--awb-title-color:#333333;--awb-content-color:#747474;--awb-icon-box-color:#ffc107;--awb-toggle-hover-accent-color:#ffc107;--awb-title-font-family:&quot;Raleway&quot;;--awb-title-font-weight:500;--awb-title-font-style:normal;--awb-title-font-size:20px;--awb-title-letter-spacing:0px;--awb-title-line-height:1.1;--awb-content-font-family:&quot;Raleway&quot;;--awb-content-font-style:normal;--awb-content-font-weight:500;\"><div class=\"panel-group fusion-toggle-icon-boxed\" id=\"accordion-67232-1\"><div class=\"fusion-panel panel-default panel-c32c8f5023c2f9a3a fusion-toggle-has-divider\" style=\"--awb-title-color:#333333;\"><div class=\"panel-heading\"><h4 class=\"panel-title toggle\" id=\"toggle_c32c8f5023c2f9a3a\"><a aria-expanded=\"false\" aria-controls=\"c32c8f5023c2f9a3a\" role=\"button\" data-toggle=\"collapse\" data-parent=\"#accordion-67232-1\" data-target=\"#c32c8f5023c2f9a3a\" href=\"#c32c8f5023c2f9a3a\"><span class=\"fusion-toggle-icon-wrapper\" aria-hidden=\"true\"><i class=\"fa-fusion-box active-icon awb-icon-minus\" aria-hidden=\"true\"><\/i><i class=\"fa-fusion-box inactive-icon awb-icon-plus\" aria-hidden=\"true\"><\/i><\/span><span class=\"fusion-toggle-heading\">Identificaci\u00f3n del tratamiento<\/span><\/a><\/h4><\/div><div id=\"c32c8f5023c2f9a3a\" class=\"panel-collapse collapse \" aria-labelledby=\"toggle_c32c8f5023c2f9a3a\"><div class=\"panel-body toggle-content fusion-clearfix\">\n<table style=\"width: 100%; border-collapse: collapse; border-style: inset; border-color: #000000;\" border=\"1\">\n<tbody>\n<tr>\n<td style=\"width: 99.9129%; background-color: #ffc107;\" colspan=\"2\"><span style=\"color: #ffffff;\"><strong>Nombre y finalidad<\/strong><\/span><\/td>\n<\/tr>\n<tr>\n<td style=\"width: 18.4669%; text-align: right;\"><span style=\"color: #ffcc00;\"><strong>Nombre<\/strong><\/span><\/td>\n<td style=\"width: 81.446%;\">Gesti\u00f3n de los servicios del Cuerpo de Bomberos y Brigadas Forestales<\/td>\n<\/tr>\n<tr>\n<td style=\"width: 18.4669%; text-align: right;\"><span style=\"color: #ffcc00;\"><strong>Descripci\u00f3n finalidad<\/strong><\/span><\/td>\n<td style=\"width: 81.446%;\">\n<p style=\"text-align: justify;\">Registar, documentar e informar sobre las actuaciones realizadas por el Cuerpo de Bomberos y por las Brigadas Forestales del Consorcio y su posterior utilizaci\u00f3n para:<\/p>\n<ul>\n<li style=\"text-align: justify;\">Estad\u00edsticas de incidentes, emergencias y resto de servicios prestados.<\/li>\n<li style=\"text-align: justify;\">Analisis y mejora de la calidad en la prestaci\u00f3n del servicio.<\/li>\n<li style=\"text-align: justify;\">Gesti\u00f3n de las actividades formativas dirigidas al personal.<\/li>\n<li>Difusi\u00f3n a la sociedad.<\/li>\n<\/ul>\n<p style=\"text-align: justify;\">El posible uso de drones se realiza con las mismas finalidades indicadas anteriormente:\u00a0 operaciones de emergencia, b\u00fasquedas y salvamento, as\u00ed como investigaci\u00f3n e inspecci\u00f3n de intervenciones. Tambi\u00e9n observaci\u00f3n en casos de cat\u00e1strofes, incendios o inundaciones, visualizaci\u00f3n de zonas de dif\u00edcil acceso y vuelos de pr\u00e1cticas para el personal del SPEIS. Se trata de una herramienta de soporte para la toma de decisiones t\u00e1cticas y estrat\u00e9gicas en el transcurso de las intervenciones del SPEIS.<\/p>\n<\/td>\n<\/tr>\n<\/tbody>\n<\/table>\n<\/div><\/div><\/div><div class=\"fusion-panel panel-default panel-6a4735b93486edd84 fusion-toggle-has-divider\" style=\"--awb-title-color:#333333;\"><div class=\"panel-heading\"><h4 class=\"panel-title toggle\" id=\"toggle_6a4735b93486edd84\"><a aria-expanded=\"false\" aria-controls=\"6a4735b93486edd84\" role=\"button\" data-toggle=\"collapse\" data-parent=\"#accordion-67232-1\" data-target=\"#6a4735b93486edd84\" href=\"#6a4735b93486edd84\"><span class=\"fusion-toggle-icon-wrapper\" aria-hidden=\"true\"><i class=\"fa-fusion-box active-icon awb-icon-minus\" aria-hidden=\"true\"><\/i><i class=\"fa-fusion-box inactive-icon awb-icon-plus\" aria-hidden=\"true\"><\/i><\/span><span class=\"fusion-toggle-heading\">Identificaci\u00f3n del responsable del tratamiento<\/span><\/a><\/h4><\/div><div id=\"6a4735b93486edd84\" class=\"panel-collapse collapse \" aria-labelledby=\"toggle_6a4735b93486edd84\"><div class=\"panel-body toggle-content fusion-clearfix\">\n<table style=\"border-collapse: collapse; width: 100%;\" border=\"1\">\n<tbody>\n<tr style=\"background-color: #ffc107;\">\n<td style=\"width: 100%;\" colspan=\"2\"><span style=\"color: #ffffff;\"><strong>Responsable del tratamiento<\/strong><\/span><\/td>\n<\/tr>\n<tr>\n<td style=\"width: 30.6023%;\"><span style=\"color: #ffcc00;\"><strong>Identidad<\/strong><\/span><\/td>\n<td style=\"width: 69.3977%;\">Consorcio para el Servicio de Prevenci\u00f3n y Extinci\u00f3n de Incendios y de Salvamento de la provincia de Valencia<\/td>\n<\/tr>\n<tr>\n<td style=\"width: 30.6023%;\"><span style=\"color: #ffcc00;\"><strong>Forma de contactar con el responsable<\/strong><\/span><\/td>\n<td style=\"width: 69.3977%;\">\n<p>Por correo electr\u00f3nico en la direcci\u00f3n infobombers@bombersdv.es<\/p>\n<p>Por correo postal, en la direcci\u00f3n Avellanas 14, 46003 Val\u00e8ncia.<\/td>\n<\/tr>\n<tr>\n<td style=\"width: 30.6023%;\"><span style=\"color: #ffcc00;\"><strong>Forma de ejercitar derechos<\/strong><\/span><\/td>\n<td style=\"width: 69.3977%;\">Para solicitar el\u00a0<b>acceso, la rectificaci\u00f3n, supresi\u00f3n o limitaci\u00f3n del tratamiento de los datos personales o para oponerse al tratamiento,<\/b>\u00a0en el caso de se den los requisitos establecidos en el Reglamento General de Protecci\u00f3n de Datos, as\u00ed como en la Ley Org\u00e1nica 3\/2018, de 5 de diciembre, de Protecci\u00f3n de Datos Personal y garant\u00eda de los derechos digitales,\u00a0se\u00a0puede dirigir un escrito al Consorcio en la direcci\u00f3n indicada m\u00e1s arriba\u00a0o en el\u00a0registro electr\u00f3nico https:\/\/sede.bombersdv.es\/<\/td>\n<\/tr>\n<tr>\n<td style=\"width: 30.6023%;\"><span style=\"color: #ffcc00;\"><strong>Unidad responsable de la tramitaci\u00f3n<\/strong><\/span><\/td>\n<td style=\"width: 69.3977%;\">Cuerpo de Bomberos<\/td>\n<\/tr>\n<\/tbody>\n<\/table>\n<\/div><\/div><\/div><div class=\"fusion-panel panel-default panel-d5bfe53194a54ad13 fusion-toggle-has-divider\" style=\"--awb-title-color:#333333;\"><div class=\"panel-heading\"><h4 class=\"panel-title toggle\" id=\"toggle_d5bfe53194a54ad13\"><a aria-expanded=\"false\" aria-controls=\"d5bfe53194a54ad13\" role=\"button\" data-toggle=\"collapse\" data-parent=\"#accordion-67232-1\" data-target=\"#d5bfe53194a54ad13\" href=\"#d5bfe53194a54ad13\"><span class=\"fusion-toggle-icon-wrapper\" aria-hidden=\"true\"><i class=\"fa-fusion-box active-icon awb-icon-minus\" aria-hidden=\"true\"><\/i><i class=\"fa-fusion-box inactive-icon awb-icon-plus\" aria-hidden=\"true\"><\/i><\/span><span class=\"fusion-toggle-heading\">Delegado de protecci\u00f3n de datos<\/span><\/a><\/h4><\/div><div id=\"d5bfe53194a54ad13\" class=\"panel-collapse collapse \" aria-labelledby=\"toggle_d5bfe53194a54ad13\"><div class=\"panel-body toggle-content fusion-clearfix\">\n<table style=\"border-collapse: collapse; width: 100%;\" border=\"1\">\n<tbody>\n<tr>\n<td style=\"width: 40.9408%;\"><span style=\"color: #ffcc00;\"><b>Datos de Contacto del Delegado de protecci\u00f3n de datos<\/b><\/span><\/td>\n<td style=\"width: 59.0592%;\">Para cualquier consulta o queja relacionada con el tratamiento de estos datos, el Consorcio pone a disposici\u00f3n de los interesados el buz\u00f3n del delegado de protecci\u00f3n de datos dpd@bombersdv.es<\/td>\n<\/tr>\n<\/tbody>\n<\/table>\n<\/div><\/div><\/div><div class=\"fusion-panel panel-default panel-f5a0d2a90ad720a98 fusion-toggle-has-divider\" style=\"--awb-title-color:#333333;\"><div class=\"panel-heading\"><h4 class=\"panel-title toggle\" id=\"toggle_f5a0d2a90ad720a98\"><a aria-expanded=\"false\" aria-controls=\"f5a0d2a90ad720a98\" role=\"button\" data-toggle=\"collapse\" data-parent=\"#accordion-67232-1\" data-target=\"#f5a0d2a90ad720a98\" href=\"#f5a0d2a90ad720a98\"><span class=\"fusion-toggle-icon-wrapper\" aria-hidden=\"true\"><i class=\"fa-fusion-box active-icon awb-icon-minus\" aria-hidden=\"true\"><\/i><i class=\"fa-fusion-box inactive-icon awb-icon-plus\" aria-hidden=\"true\"><\/i><\/span><span class=\"fusion-toggle-heading\">Licitud del tratamiento<\/span><\/a><\/h4><\/div><div id=\"f5a0d2a90ad720a98\" class=\"panel-collapse collapse \" aria-labelledby=\"toggle_f5a0d2a90ad720a98\"><div class=\"panel-body toggle-content fusion-clearfix\">\n<table style=\"border-collapse: collapse; width: 100%;\" border=\"1\">\n<tbody>\n<tr>\n<td style=\"width: 100%; background-color: #ffc107;\"><span style=\"color: #ffffff;\">Base jur\u00eddica<\/span><\/td>\n<\/tr>\n<tr>\n<td style=\"width: 100%;\">\n<p>El tratamiento se basa en el art\u00edculo 6.1.c) del RGPD por el que el tratamiento es necesario para el cumplimiento de una obligaci\u00f3n legal aplicable al responsable del tratamiento, en el art\u00edculo 6.1.d) del RGPD para proteger intereses vitales del interesado o de otras persona f\u00edsica, as\u00ed como en el art\u00edculo 6.1.e) RGPD para el cumplimiento de una misi\u00f3n realizada en inter\u00e9s p\u00fablico o en el ejercicio de poderes p\u00fablicos conferidos al responsable del tratamiento de acuerdo con:<\/p>\n<p>&#8211; Ley 7\/1985, de 5 de abril, Reguladora de las Bases del R\u00e9gimen Local<\/p>\n<p>&#8211; Ley 7\/2011, de 1 de abril, de la Generalitat, de los Servicios de Prevenci\u00f3n, Extinci\u00f3n de Incendios y Salvamento de la Comunitat Valenciana<\/p>\n<p>&#8211; Ley 13\/2010, de 23 de noviembre, de Protecci\u00f3n Civil y Gesti\u00f3n de Emergencias de la Comunitat Valenciana<\/p>\n<p>&#8211; Ley 17\/2015, de 9 de julio, del Sistema Nacional de Protecci\u00f3n Civil.<\/p>\n<p>&#8211; Real Decreto 1053\/1985\u00a0 sobre ordenaci\u00f3n de la estad\u00edstica de las actuaciones de los Servicios contra Incendios y de Salvamentos y la ORDEN de 31 de octubre de 1985<\/p>\n<p>&#8211; D 119\/2013, de 13 de septiembre, del Consell, por el que aprueba el Plan Territorial de Emergencia de la Comunitat Valenciana<\/p>\n<p>En el caso de categor\u00edas especiales de datos el tratamiento es necesario para proteger intereses vitales del interesado o de otra persona f\u00edsica, en el supuesto de que el interesado no est\u00e9 capacitado, f\u00edsica o jur\u00eddicamente, para dar su consentimiento, de acuerdo con el art\u00edculo 9.2 c) del RGPD, as\u00ed como con el 9.2 g) por razones de un inter\u00e9s p\u00fablico esencial, ambos en relaci\u00f3n con el art\u00edculo 6.1, letras c), d) y e) del RGPD.<\/td>\n<\/tr>\n<\/tbody>\n<\/table>\n<\/div><\/div><\/div><div class=\"fusion-panel panel-default panel-49f271a0a5d334905 fusion-toggle-has-divider\" style=\"--awb-title-color:#333333;\"><div class=\"panel-heading\"><h4 class=\"panel-title toggle\" id=\"toggle_49f271a0a5d334905\"><a aria-expanded=\"false\" aria-controls=\"49f271a0a5d334905\" role=\"button\" data-toggle=\"collapse\" data-parent=\"#accordion-67232-1\" data-target=\"#49f271a0a5d334905\" href=\"#49f271a0a5d334905\"><span class=\"fusion-toggle-icon-wrapper\" aria-hidden=\"true\"><i class=\"fa-fusion-box active-icon awb-icon-minus\" aria-hidden=\"true\"><\/i><i class=\"fa-fusion-box inactive-icon awb-icon-plus\" aria-hidden=\"true\"><\/i><\/span><span class=\"fusion-toggle-heading\">Plazos de conservaci\u00f3n<\/span><\/a><\/h4><\/div><div id=\"49f271a0a5d334905\" class=\"panel-collapse collapse \" aria-labelledby=\"toggle_49f271a0a5d334905\"><div class=\"panel-body toggle-content fusion-clearfix\">\n<table style=\"border-collapse: collapse; width: 100%;\" border=\"1\">\n<tbody>\n<tr style=\"background-color: #ffc107;\">\n<td style=\"width: 100%;\"><span style=\"color: #ffffff;\"><strong>Plazos de conservaci\u00f3n<\/strong><\/span><\/td>\n<\/tr>\n<tr>\n<td style=\"width: 100%;\">\n<p>Los datos se conservar\u00e1n el tiempo necesario para el cumplimiento de la finalidad se\u00f1alada y se almacenar\u00e1n mientras el Consorcio para el SPEIS de Val\u00e8ncia\u00a0 pueda tener responsabilidades derivadas de su tratamiento.<\/p>\n<p>Adem\u00e1s, se atender\u00e1 a lo regulado en la normativa de Archivos.<\/p>\n<p>En cualquier caso, los datos podr\u00e1n ser conservados, en su caso, con fines de archivo en inter\u00e9s p\u00fablico, fines de investigaci\u00f3n cient\u00edfica e hist\u00f3rica o fines estad\u00edsticos.<\/td>\n<\/tr>\n<\/tbody>\n<\/table>\n<\/div><\/div><\/div><div class=\"fusion-panel panel-default panel-8ea1c16e1787a220b fusion-toggle-has-divider\" style=\"--awb-title-color:#333333;\"><div class=\"panel-heading\"><h4 class=\"panel-title toggle\" id=\"toggle_8ea1c16e1787a220b\"><a aria-expanded=\"false\" aria-controls=\"8ea1c16e1787a220b\" role=\"button\" data-toggle=\"collapse\" data-parent=\"#accordion-67232-1\" data-target=\"#8ea1c16e1787a220b\" href=\"#8ea1c16e1787a220b\"><span class=\"fusion-toggle-icon-wrapper\" aria-hidden=\"true\"><i class=\"fa-fusion-box active-icon awb-icon-minus\" aria-hidden=\"true\"><\/i><i class=\"fa-fusion-box inactive-icon awb-icon-plus\" aria-hidden=\"true\"><\/i><\/span><span class=\"fusion-toggle-heading\">Descripci\u00f3n del tratamiento<\/span><\/a><\/h4><\/div><div id=\"8ea1c16e1787a220b\" class=\"panel-collapse collapse \" aria-labelledby=\"toggle_8ea1c16e1787a220b\"><div class=\"panel-body toggle-content fusion-clearfix\">\n<table style=\"border-collapse: collapse; width: 100%;\" border=\"1\">\n<tbody>\n<tr style=\"height: 24px; background-color: #ffc107;\">\n<td style=\"width: 100%; height: 24px;\"><span style=\"color: #ffffff;\"><strong>Origen y procedencia de los datos<\/strong><\/span><\/td>\n<\/tr>\n<tr style=\"height: 24px;\">\n<td style=\"width: 100%; height: 24px;\">Ciudadanos, directamente afectados o no; administraciones p\u00fablicas; 1 1 2 CV; fuerzas y cuerpos de seguridad; servicios de emergencias m\u00e9dicas y otros servicios de emergencia. Empleados del Consorcio.<\/td>\n<\/tr>\n<tr style=\"height: 24px; background-color: #ffc107;\">\n<td style=\"width: 100%; height: 24px;\"><span style=\"color: #ffffff;\"><strong>Colectivos afectados<\/strong><\/span><\/td>\n<\/tr>\n<tr style=\"height: 23px;\">\n<td style=\"width: 100%; height: 23px;\">Personas f\u00edsicas involucradas en una emergencia y personal de atenci\u00f3n de las mismas, pudiendo tratarse de colectivos vulnerables (menor, v\u00edctima violencia de g\u00e9nero, etc)<\/td>\n<\/tr>\n<\/tbody>\n<\/table>\n<\/div><\/div><\/div><div class=\"fusion-panel panel-default panel-c1e2273f190e0eaf3 fusion-toggle-has-divider\" style=\"--awb-title-color:#333333;\"><div class=\"panel-heading\"><h4 class=\"panel-title toggle\" id=\"toggle_c1e2273f190e0eaf3\"><a aria-expanded=\"false\" aria-controls=\"c1e2273f190e0eaf3\" role=\"button\" data-toggle=\"collapse\" data-parent=\"#accordion-67232-1\" data-target=\"#c1e2273f190e0eaf3\" href=\"#c1e2273f190e0eaf3\"><span class=\"fusion-toggle-icon-wrapper\" aria-hidden=\"true\"><i class=\"fa-fusion-box active-icon awb-icon-minus\" aria-hidden=\"true\"><\/i><i class=\"fa-fusion-box inactive-icon awb-icon-plus\" aria-hidden=\"true\"><\/i><\/span><span class=\"fusion-toggle-heading\">Categor\u00edas de los datos tratados<\/span><\/a><\/h4><\/div><div id=\"c1e2273f190e0eaf3\" class=\"panel-collapse collapse \" aria-labelledby=\"toggle_c1e2273f190e0eaf3\"><div class=\"panel-body toggle-content fusion-clearfix\">\n<table style=\"border-collapse: collapse; width: 100%;\" border=\"1\">\n<tbody>\n<tr style=\"height: 24px; background-color: #ffc107;\">\n<td style=\"width: 20.7317%; height: 24px;\" colspan=\"2\"><span style=\"color: #ffffff;\"><strong>Tipolog\u00edas de los datos<\/strong><\/span><\/td>\n<\/tr>\n<tr style=\"height: 24px;\">\n<td style=\"width: 20.7317%; height: 24px;\"><span style=\"color: #ffcc00;\"><strong>Infracciones<\/strong><\/span><\/td>\n<td style=\"width: 79.2683%; height: 24px;\">Infracciones y sanciones penales y administrativas.<\/td>\n<\/tr>\n<tr style=\"height: 24px;\">\n<td style=\"width: 20.7317%; height: 24px;\"><span style=\"color: #ffcc00;\"><strong>Categor\u00edas especiales de datos<\/strong><\/span><\/td>\n<td style=\"width: 79.2683%; height: 24px;\">Datos relativos a la salud y discapacidad<\/td>\n<\/tr>\n<tr style=\"height: 24px;\">\n<td style=\"width: 20.7317%; height: 24px;\"><span style=\"color: #ffcc00;\"><strong>Datos identificativos<\/strong><\/span><\/td>\n<td style=\"width: 79.2683%; height: 24px;\">Nombre y apellidos; NIF (NIE, Pasaporte o n\u00famero de tarjeta de residencia) ; direcci\u00f3n; tel\u00e9fono, correo electr\u00f3nico y\/o domicilio; firma; usuario y contrase\u00f1a; imagen y voz.<\/td>\n<\/tr>\n<tr style=\"height: 24px;\">\n<td style=\"width: 20.7317%; height: 24px;\"><span style=\"color: #ffcc00;\"><strong>Otros<\/strong><\/span><\/td>\n<td style=\"width: 79.2683%; height: 24px;\">\n<p>Datos relacionados con posibles reclamaciones consecuencia de la emergencia. Detalles de empleo (n\u00ba codigo personal, cargo, turnos, guardias, cuerpo\/escala, puesto, historial, jornada, bolsa de horas, partes de servicio, formaci\u00f3n);<\/p>\n<p>Caracter\u00edsticas personales: edad, sexo, nacionalidad, familiares, lugar de nacimiento y fallecimiento; Econ\u00f3micos, Financieros y de Seguros. Otros: permisos de conducir (fecha obtenci\u00f3n y vencimiento) as\u00ed como datos de localizaci\u00f3n; y matr\u00edcula veh\u00edculo.<\/td>\n<\/tr>\n<\/tbody>\n<\/table>\n<\/div><\/div><\/div><div class=\"fusion-panel panel-default panel-7f042514b8a09c4cf fusion-toggle-has-divider\" style=\"--awb-title-color:#333333;\"><div class=\"panel-heading\"><h4 class=\"panel-title toggle\" id=\"toggle_7f042514b8a09c4cf\"><a aria-expanded=\"false\" aria-controls=\"7f042514b8a09c4cf\" role=\"button\" data-toggle=\"collapse\" data-parent=\"#accordion-67232-1\" data-target=\"#7f042514b8a09c4cf\" href=\"#7f042514b8a09c4cf\"><span class=\"fusion-toggle-icon-wrapper\" aria-hidden=\"true\"><i class=\"fa-fusion-box active-icon awb-icon-minus\" aria-hidden=\"true\"><\/i><i class=\"fa-fusion-box inactive-icon awb-icon-plus\" aria-hidden=\"true\"><\/i><\/span><span class=\"fusion-toggle-heading\">Medidas de seguridad<\/span><\/a><\/h4><\/div><div id=\"7f042514b8a09c4cf\" class=\"panel-collapse collapse \" aria-labelledby=\"toggle_7f042514b8a09c4cf\"><div class=\"panel-body toggle-content fusion-clearfix\">\n<table style=\"border-collapse: collapse; width: 100%;\" border=\"1\">\n<tbody>\n<tr style=\"height: 24px; background-color: #ffc107;\">\n<td style=\"width: 100%; height: 24px;\"><span style=\"color: #ffffff;\"><strong>Medidas t\u00e9cnicas y organizativas aplicadas<\/strong><\/span><\/td>\n<\/tr>\n<tr style=\"height: 168px;\">\n<td style=\"width: 100%; height: 168px;\">\n<p>Las medidas de seguridad garantizar\u00e1n la confidencialidad, integridad, disponibilidad y resiliencia permanentes de los sistemas y servicios de tratamiento que resulten apropiadas para garantizar un nivel de seguridad adecuado al riesgo del tratamiento, en los t\u00e9rminos exigidos por el art\u00edculo 32.1 del RGPD.<\/p>\n<p>Se corresponden con las previstas y en el Anexo II del Real Decreto 311\/2022, de 3 de mayo, por el que se regula el Esquema Nacional de Seguridad y en el marco de los documentos que conforman la Pol\u00edtica de protecci\u00f3n de seguridad de la informaci\u00f3n del Consorcio<\/td>\n<\/tr>\n<\/tbody>\n<\/table>\n<\/div><\/div><\/div><div class=\"fusion-panel panel-default panel-d1c1cfa4e1995942e fusion-toggle-has-divider\" style=\"--awb-title-color:#333333;\"><div class=\"panel-heading\"><h4 class=\"panel-title toggle\" id=\"toggle_d1c1cfa4e1995942e\"><a aria-expanded=\"false\" aria-controls=\"d1c1cfa4e1995942e\" role=\"button\" data-toggle=\"collapse\" data-parent=\"#accordion-67232-1\" data-target=\"#d1c1cfa4e1995942e\" href=\"#d1c1cfa4e1995942e\"><span class=\"fusion-toggle-icon-wrapper\" aria-hidden=\"true\"><i class=\"fa-fusion-box active-icon awb-icon-minus\" aria-hidden=\"true\"><\/i><i class=\"fa-fusion-box inactive-icon awb-icon-plus\" aria-hidden=\"true\"><\/i><\/span><span class=\"fusion-toggle-heading\">Comunicaciones de datos<\/span><\/a><\/h4><\/div><div id=\"d1c1cfa4e1995942e\" class=\"panel-collapse collapse \" aria-labelledby=\"toggle_d1c1cfa4e1995942e\"><div class=\"panel-body toggle-content fusion-clearfix\">\n<table style=\"border-collapse: collapse; width: 100%;\" border=\"1\">\n<tbody>\n<tr style=\"height: 24px; background-color: #ffc107;\">\n<td style=\"width: 100%; height: 24px;\"><span style=\"color: #ffffff;\"><strong>Categor\u00edas de destinatarios de comunaciones<\/strong><\/span><\/td>\n<\/tr>\n<tr style=\"height: 24px;\">\n<td style=\"width: 100%; height: 24px;\">\n<p>Est\u00e1n previstas comunicaciones cuando se pueda realizar la comunicaci\u00f3n de datos conforme al art\u00edculo 6 del RGPD, relativo a la legitimaci\u00f3n del tratamiento, a otras Administraciones P\u00fablicas, \u00f3rganos judiciales y Fuerzas y Cuerpos de Seguridad.<\/p>\n<p>Los datos pueden servir de incio a otras actividades internas de tratamiento como es el caso de las liquidaciones de tasas de acuerdo con las ordenanzas fiscales aprobadas conforme a lo previsto en la Real Decreto Legislativo 2\/2004, de 5 de marzo, por el que se aprueba el texto refundido de la Ley Reguladora de las Haciendas Locales<\/p>\n<p>Cuando se pueda realizar la comunicaci\u00f3n de datos conforme al art\u00edculo 6 del RGPD, relativo a la legitimaci\u00f3n del tratamiento, se prev\u00e9n comunicaciones a medios de comunicaci\u00f3n, p\u00e1ginas web y redes sociales siempre de acuerdo con lo establecido en la Ley Org\u00e1nica 1\/1982, de 5 de mayo, sobre protecci\u00f3n civil del derecho al honor, a la intimidad personal y familiar y a la propia imagen.<\/td>\n<\/tr>\n<\/tbody>\n<\/table>\n<\/div><\/div><\/div><div class=\"fusion-panel panel-default panel-df66ac3b1cfae7c57 fusion-toggle-has-divider\" style=\"--awb-title-color:#333333;\"><div class=\"panel-heading\"><h4 class=\"panel-title toggle\" id=\"toggle_df66ac3b1cfae7c57\"><a aria-expanded=\"false\" aria-controls=\"df66ac3b1cfae7c57\" role=\"button\" data-toggle=\"collapse\" data-parent=\"#accordion-67232-1\" data-target=\"#df66ac3b1cfae7c57\" href=\"#df66ac3b1cfae7c57\"><span class=\"fusion-toggle-icon-wrapper\" aria-hidden=\"true\"><i class=\"fa-fusion-box active-icon awb-icon-minus\" aria-hidden=\"true\"><\/i><i class=\"fa-fusion-box inactive-icon awb-icon-plus\" aria-hidden=\"true\"><\/i><\/span><span class=\"fusion-toggle-heading\">Transferencias internaciones de datos<\/span><\/a><\/h4><\/div><div id=\"df66ac3b1cfae7c57\" class=\"panel-collapse collapse \" aria-labelledby=\"toggle_df66ac3b1cfae7c57\"><div class=\"panel-body toggle-content fusion-clearfix\">\n<p>No est\u00e1n previstas<\/p>\n<p>Herramientas como Facebook e Instagram (Meta Platforms, Inc.), Youtube (Google LLC.) u otras.<br \/>\nPa\u00eds de destino<\/p>\n<p>Estados Unidos<br \/>\nPa\u00eds con nivel adecuado de Protecci\u00f3n<br \/>\nDecisi\u00f3n de Ejecuci\u00f3n, de 10 de julio de 2023, sobre el nivel adecuado de protecci\u00f3n de los datos personales en virtud del Marco de privacidad de datos UE-EE. UU. (DPF).<\/p>\n<\/div><\/div><\/div><\/div><\/div><\/div><\/div><\/div><\/div>\n","protected":false},"excerpt":{"rendered":"","protected":false},"author":183,"featured_media":0,"parent":15159,"menu_order":0,"comment_status":"closed","ping_status":"closed","template":"","meta":{"footnotes":""},"class_list":["post-67232","page","type-page","status-publish","hentry"],"_links":{"self":[{"href":"https:\/\/www.bombersdv.es\/es\/wp-json\/wp\/v2\/pages\/67232"}],"collection":[{"href":"https:\/\/www.bombersdv.es\/es\/wp-json\/wp\/v2\/pages"}],"about":[{"href":"https:\/\/www.bombersdv.es\/es\/wp-json\/wp\/v2\/types\/page"}],"author":[{"embeddable":true,"href":"https:\/\/www.bombersdv.es\/es\/wp-json\/wp\/v2\/users\/183"}],"replies":[{"embeddable":true,"href":"https:\/\/www.bombersdv.es\/es\/wp-json\/wp\/v2\/comments?post=67232"}],"version-history":[{"count":16,"href":"https:\/\/www.bombersdv.es\/es\/wp-json\/wp\/v2\/pages\/67232\/revisions"}],"predecessor-version":[{"id":69773,"href":"https:\/\/www.bombersdv.es\/es\/wp-json\/wp\/v2\/pages\/67232\/revisions\/69773"}],"up":[{"embeddable":true,"href":"https:\/\/www.bombersdv.es\/es\/wp-json\/wp\/v2\/pages\/15159"}],"wp:attachment":[{"href":"https:\/\/www.bombersdv.es\/es\/wp-json\/wp\/v2\/media?parent=67232"}],"curies":[{"name":"wp","href":"https:\/\/api.w.org\/{rel}","templated":true}]}}