{"id":67251,"date":"2023-11-20T12:45:07","date_gmt":"2023-11-20T11:45:07","guid":{"rendered":"https:\/\/www.bombersdv.es\/?page_id=67251"},"modified":"2024-09-02T12:32:10","modified_gmt":"2024-09-02T10:32:10","slug":"2023-concurso-de-traslados-1a-edicion-oficial-cp004","status":"publish","type":"page","link":"https:\/\/www.bombersdv.es\/es\/oposiciones\/procesos-finalizados\/2023-concurso-de-traslados-1a-edicion-oficial-cp004\/","title":{"rendered":"2023 Concurso de Traslados 1\u00aa edici\u00f3n  OFICIAL\/CP004"},"content":{"rendered":"<div class=\"fusion-fullwidth fullwidth-box fusion-builder-row-1 nonhundred-percent-fullwidth non-hundred-percent-height-scrolling\" style=\"--awb-background-position:left top;--awb-border-radius-top-left:0px;--awb-border-radius-top-right:0px;--awb-border-radius-bottom-right:0px;--awb-border-radius-bottom-left:0px;--awb-padding-top:20px;--awb-padding-bottom:20px;--awb-border-sizes-top:0px;--awb-border-sizes-bottom:0px;--awb-flex-wrap:wrap;\" ><div class=\"fusion-builder-row fusion-row\"><div class=\"fusion-layout-column fusion_builder_column fusion-builder-column-0 fusion_builder_column_1_1 1_1 fusion-one-full fusion-column-first fusion-column-last fusion-column-no-min-height\" style=\"--awb-bg-size:cover;--awb-margin-bottom:0px;\"><div class=\"fusion-column-wrapper fusion-flex-column-wrapper-legacy\"><div class=\"fusion-title title fusion-title-1 fusion-sep-none fusion-title-text fusion-title-size-two\"><h2 class=\"fusion-title-heading title-heading-left fusion-responsive-typography-calculated\" style=\"margin:0;--fontSize:34;line-height:1.09;\">2023 Concurso de Traslados 1\u00aa edici\u00f3n OFICIAL\/CP004<\/h2><\/div><div class=\"fusion-text fusion-text-1\"><div class=\"table-2\">\n<table style=\"width: 99.2175%;\" width=\"100%\">\n<thead>\n<tr style=\"height: 24px;\">\n<th style=\"width: 58.9984%; height: 24px;\">Tramite<\/th>\n<th style=\"width: 10.7199%; height: 24px;\">Fecha<\/th>\n<th style=\"width: 29.4992%; height: 24px;\">Documento(s)<\/th>\n<\/tr>\n<\/thead>\n<tbody>\n<tr style=\"height: 24px;\">\n<td style=\"width: 58.9984%; height: 24px;\">Anuncio primera convocatoria y\u00a0 vacantes<\/td>\n<td style=\"width: 10.7199%; height: 24px;\">20\/11\/2023<\/td>\n<td style=\"width: 29.4992%; height: 24px;\"><a href=\"https:\/\/www.bombersdv.es\/wp-content\/uploads\/2023\/11\/Anuncio-Servicio-de-Recursos-Humanos-Copia-autentica.pdf\" target=\"_blank\" rel=\"noopener\">Anuncio<\/a><\/td>\n<\/tr>\n<tr style=\"height: 24px;\">\n<td style=\"width: 58.9984%; height: 24px;\">Bases BOP<\/td>\n<td style=\"width: 10.7199%; height: 24px;\">22\/11\/2023<\/td>\n<td style=\"width: 29.4992%; height: 24px;\"><a href=\"https:\/\/www.bombersdv.es\/wp-content\/uploads\/2023\/11\/2023_CONVOCT-OFICIAL_CP004-cast.pdf\" target=\"_blank\" rel=\"noopener\">Publicaci\u00f3n BOP<\/a><\/td>\n<\/tr>\n<tr style=\"height: 24px;\">\n<td style=\"width: 58.9984%; height: 24px;\">Solicitud<\/td>\n<td style=\"width: 10.7199%; height: 24px;\">22\/11\/2023<\/td>\n<td style=\"width: 29.4992%; height: 24px;\"><a href=\"https:\/\/www.bombersdv.es\/wp-content\/uploads\/2023\/11\/2023-CT-OFICIAL-instancia-autobaremacion-castellano.pdf\" target=\"_blank\" rel=\"noopener\">Solicitud<\/a><\/td>\n<\/tr>\n<tr style=\"height: 13px;\">\n<td style=\"width: 58.9984%; height: 13px;\">\n<p align=\"justify\">Designaci\u00f3n miembros Comisi\u00f3n Permanente de Valoraci\u00f3n<\/p>\n<\/td>\n<td style=\"width: 10.7199%; height: 13px;\">23\/11\/2023<\/td>\n<td style=\"width: 29.4992%; height: 13px;\"><a href=\"https:\/\/www.bombersdv.es\/wp-content\/uploads\/2023\/11\/2023_CT_OFICIAL_-DESIGNACION-COMISION-VALORACION.pdf\" target=\"_blank\" rel=\"noopener\">Decreto<\/a><\/td>\n<\/tr>\n<tr style=\"height: 11px;\">\n<td style=\"width: 58.9984%; height: 11px;\">\n<p align=\"justify\">Lista definitiva admitidos al Concurso de Traslados de Oficial 1\u00aa edici\u00f3n<\/p>\n<\/td>\n<td style=\"width: 10.7199%; height: 11px;\">10\/01\/2024<\/td>\n<td style=\"width: 29.4992%; height: 11px;\"><a href=\"https:\/\/www.bombersdv.es\/wp-content\/uploads\/2024\/01\/Envio-GESTION-CT-oficials.pdf\" target=\"_blank\" rel=\"noopener\">Anunci<\/a><\/td>\n<\/tr>\n<tr>\n<td style=\"width: 58.9984%;\">Anuncio Comisi\u00f3n Valoraci\u00f3n: Puntuaciones provisionales y propuesta de adjudicaci\u00f3n de destino provisional<\/p>\n<p align=\"justify\">\n<\/td>\n<td style=\"width: 10.7199%;\">13\/03\/2024<\/td>\n<td style=\"width: 29.4992%;\"><a href=\"https:\/\/www.bombersdv.es\/wp-content\/uploads\/2024\/03\/Anuncio-Comision-Valoracion-Copia-autentica-1.pdf\" target=\"_blank\" rel=\"noopener\">Anuncio<\/a><\/td>\n<\/tr>\n<tr>\n<td style=\"width: 58.9984%;\">Anuncio Comisi\u00f3n Valoraci\u00f3n: Puntuaciones definitivas y propuesta de adjudicaci\u00f3n definitiva de destino<\/td>\n<td style=\"width: 10.7199%;\">21\/03\/2024<\/td>\n<td style=\"width: 29.4992%;\"><a href=\"https:\/\/www.bombersdv.es\/wp-content\/uploads\/2024\/03\/Anuncio-Comision-Valoracion-Copia-autentica-3.pdf\" target=\"_blank\" rel=\"noopener\">Anuncio<\/a><\/td>\n<\/tr>\n<tr>\n<td style=\"width: 58.9984%;\">Por Decreto de la Presidencia n\u00fam 339, de 26\/03\/2024, se procede a adjudicar el destino Definitivo, con efectos del 01\/04\/2024, de los concursantes de la 1\u00aa Edici\u00f3n del Concurso de traslado de Oficial.<\/td>\n<td style=\"width: 10.7199%;\">27\/03\/2024<\/td>\n<td style=\"width: 29.4992%;\"><\/td>\n<\/tr>\n<\/tbody>\n<\/table>\n<\/div>\n<\/div><div class=\"fusion-clearfix\"><\/div><\/div><\/div><\/div><\/div>\n","protected":false},"excerpt":{"rendered":"","protected":false},"author":192,"featured_media":0,"parent":15127,"menu_order":0,"comment_status":"closed","ping_status":"closed","template":"","meta":{"footnotes":""},"class_list":["post-67251","page","type-page","status-publish","hentry"],"_links":{"self":[{"href":"https:\/\/www.bombersdv.es\/es\/wp-json\/wp\/v2\/pages\/67251"}],"collection":[{"href":"https:\/\/www.bombersdv.es\/es\/wp-json\/wp\/v2\/pages"}],"about":[{"href":"https:\/\/www.bombersdv.es\/es\/wp-json\/wp\/v2\/types\/page"}],"author":[{"embeddable":true,"href":"https:\/\/www.bombersdv.es\/es\/wp-json\/wp\/v2\/users\/192"}],"replies":[{"embeddable":true,"href":"https:\/\/www.bombersdv.es\/es\/wp-json\/wp\/v2\/comments?post=67251"}],"version-history":[{"count":13,"href":"https:\/\/www.bombersdv.es\/es\/wp-json\/wp\/v2\/pages\/67251\/revisions"}],"predecessor-version":[{"id":68835,"href":"https:\/\/www.bombersdv.es\/es\/wp-json\/wp\/v2\/pages\/67251\/revisions\/68835"}],"up":[{"embeddable":true,"href":"https:\/\/www.bombersdv.es\/es\/wp-json\/wp\/v2\/pages\/15127"}],"wp:attachment":[{"href":"https:\/\/www.bombersdv.es\/es\/wp-json\/wp\/v2\/media?parent=67251"}],"curies":[{"name":"wp","href":"https:\/\/api.w.org\/{rel}","templated":true}]}}