{"id":67359,"date":"2023-11-23T08:13:20","date_gmt":"2023-11-23T07:13:20","guid":{"rendered":"https:\/\/www.bombersdv.es\/?page_id=67359"},"modified":"2024-05-24T14:30:31","modified_gmt":"2024-05-24T12:30:31","slug":"2023-cs002-comision-de-servicios-puesto-sg-33-jefatura-de-la-seccion-de-tecnologias-de-la-informacion-y-comunicacion","status":"publish","type":"page","link":"https:\/\/www.bombersdv.es\/es\/oposiciones\/procesos-finalizados\/2023-cs002-comision-de-servicios-puesto-sg-33-jefatura-de-la-seccion-de-tecnologias-de-la-informacion-y-comunicacion\/","title":{"rendered":"2023\/CS002 Comisi\u00f3n de Servicios puesto SG-33 Jefatura de la Secci\u00f3n de Tecnolog\u00edas de la Informaci\u00f3n y Comunicaci\u00f3n"},"content":{"rendered":"<div class=\"fusion-fullwidth fullwidth-box fusion-builder-row-1 nonhundred-percent-fullwidth non-hundred-percent-height-scrolling\" style=\"--awb-background-position:left top;--awb-border-radius-top-left:0px;--awb-border-radius-top-right:0px;--awb-border-radius-bottom-right:0px;--awb-border-radius-bottom-left:0px;--awb-padding-top:20px;--awb-padding-bottom:20px;--awb-border-sizes-top:0px;--awb-border-sizes-bottom:0px;--awb-flex-wrap:wrap;\" ><div class=\"fusion-builder-row fusion-row\"><div class=\"fusion-layout-column fusion_builder_column fusion-builder-column-0 fusion_builder_column_1_1 1_1 fusion-one-full fusion-column-first fusion-column-last fusion-column-no-min-height\" style=\"--awb-bg-size:cover;--awb-margin-bottom:0px;\"><div class=\"fusion-column-wrapper fusion-flex-column-wrapper-legacy\"><div class=\"fusion-title title fusion-title-1 fusion-sep-none fusion-title-text fusion-title-size-two\"><h2 class=\"fusion-title-heading title-heading-left fusion-responsive-typography-calculated\" style=\"margin:0;--fontSize:34;line-height:1.09;\">2023\/CS002 Comisi\u00f3n de Servicios puesto SG-33 Jefatura de la Secci\u00f3n de Tecnolog\u00edas de la Informaci\u00f3n y Comunicaci\u00f3n<\/h2><\/div><div class=\"fusion-text fusion-text-1\"><div class=\"table-2\">\n<table style=\"height: 48px;\" width=\"100%\">\n<thead>\n<tr style=\"height: 24px;\">\n<th style=\"height: 24px;\">Tr\u00e1mite<\/th>\n<th style=\"height: 24px;\">Fecha<\/th>\n<th style=\"height: 24px;\">Documento(s)<\/th>\n<\/tr>\n<\/thead>\n<tbody>\n<tr style=\"height: 24px;\">\n<td style=\"height: 24px;\">Anuncio Comisi\u00f3n de Servicios puesto SG-33 Jefatura de la Secci\u00f3n de Tecnolog\u00edas de la Informaci\u00f3n y Comunicaci\u00f3n<\/td>\n<td style=\"height: 24px;\">23\/11\/2023<\/td>\n<td style=\"height: 24px;\"><a href=\"https:\/\/www.bombersdv.es\/wp-content\/uploads\/2023\/11\/Anuncio-Comision-de-Servicios-puesto-Jefatura-de-la-Seccion-de-Tecnologias-de-la-Informacion-y-Comunicacion-SG-33-Copia-autentica-1.pdf\" target=\"_blank\" rel=\"noopener\">Anuncio<\/a><\/td>\n<\/tr>\n<tr style=\"height: 24px;\">\n<td style=\"height: 24px;\">Anuncio rectificaci\u00f3n Ficha de Clasificaci\u00f3n Puesto SG-33<\/td>\n<td style=\"height: 24px;\">22\/12\/2023<\/td>\n<td style=\"height: 24px;\"><a href=\"https:\/\/www.bombersdv.es\/wp-content\/uploads\/2023\/12\/2023_CS002_Anuncio-rectificacion-Ficha-de-Clasificacion-JEFATURA-SERTIC.pdf\" target=\"_blank\" rel=\"noopener\">Anuncio rectificaci\u00f3n <\/a><\/td>\n<\/tr>\n<tr style=\"height: 24px;\">\n<td style=\"height: 24px;\">Anuncio Comisi\u00f3n de Servicios puesto SG-33 Jefatura de la Secci\u00f3n de Tecnolog\u00edas de la Informaci\u00f3n y Comunicaci\u00f3n<\/td>\n<td style=\"height: 24px;\">22\/12\/2023<\/td>\n<td style=\"height: 24px;\"><a href=\"https:\/\/www.bombersdv.es\/wp-content\/uploads\/2023\/12\/2023_CS_-Anuncio-Comision-de-Servicios-puesto-Jefatura-de-la-Seccion-de-Tecnologias-de-la-Informacion-y-Comunicacion-SG-33-2-Copia-autentica-Copia-autentica.pdf\" target=\"_blank\" rel=\"noopener\">Anuncio<\/a><\/td>\n<\/tr>\n<tr>\n<td>Proceso finalizado<\/td>\n<td><\/td>\n<td><\/td>\n<\/tr>\n<\/tbody>\n<\/table>\n<\/div>\n<\/div><div class=\"fusion-clearfix\"><\/div><\/div><\/div><\/div><\/div>\n","protected":false},"excerpt":{"rendered":"","protected":false},"author":192,"featured_media":0,"parent":15127,"menu_order":0,"comment_status":"closed","ping_status":"closed","template":"","meta":{"footnotes":""},"class_list":["post-67359","page","type-page","status-publish","hentry"],"_links":{"self":[{"href":"https:\/\/www.bombersdv.es\/es\/wp-json\/wp\/v2\/pages\/67359"}],"collection":[{"href":"https:\/\/www.bombersdv.es\/es\/wp-json\/wp\/v2\/pages"}],"about":[{"href":"https:\/\/www.bombersdv.es\/es\/wp-json\/wp\/v2\/types\/page"}],"author":[{"embeddable":true,"href":"https:\/\/www.bombersdv.es\/es\/wp-json\/wp\/v2\/users\/192"}],"replies":[{"embeddable":true,"href":"https:\/\/www.bombersdv.es\/es\/wp-json\/wp\/v2\/comments?post=67359"}],"version-history":[{"count":6,"href":"https:\/\/www.bombersdv.es\/es\/wp-json\/wp\/v2\/pages\/67359\/revisions"}],"predecessor-version":[{"id":69394,"href":"https:\/\/www.bombersdv.es\/es\/wp-json\/wp\/v2\/pages\/67359\/revisions\/69394"}],"up":[{"embeddable":true,"href":"https:\/\/www.bombersdv.es\/es\/wp-json\/wp\/v2\/pages\/15127"}],"wp:attachment":[{"href":"https:\/\/www.bombersdv.es\/es\/wp-json\/wp\/v2\/media?parent=67359"}],"curies":[{"name":"wp","href":"https:\/\/api.w.org\/{rel}","templated":true}]}}