{"id":67713,"date":"2023-12-22T07:12:49","date_gmt":"2023-12-22T06:12:49","guid":{"rendered":"https:\/\/www.bombersdv.es\/?page_id=67713"},"modified":"2024-03-22T13:50:31","modified_gmt":"2024-03-22T12:50:31","slug":"2023-ld001-provision-del-puesto-de-trabajo-sg-05-director-a-del-servicio-de-recursos-humanos-del-cpbv","status":"publish","type":"page","link":"https:\/\/www.bombersdv.es\/es\/oposiciones\/procesos-finalizados\/2023-ld001-provision-del-puesto-de-trabajo-sg-05-director-a-del-servicio-de-recursos-humanos-del-cpbv\/","title":{"rendered":"2023\/LD001: Provisi\u00f3n del puesto de trabajo SG-05 Director\/a del Servicio de Recursos Humanos del CPBV"},"content":{"rendered":"<div class=\"fusion-fullwidth fullwidth-box fusion-builder-row-1 nonhundred-percent-fullwidth non-hundred-percent-height-scrolling\" style=\"--awb-background-position:left top;--awb-border-radius-top-left:0px;--awb-border-radius-top-right:0px;--awb-border-radius-bottom-right:0px;--awb-border-radius-bottom-left:0px;--awb-padding-top:20px;--awb-padding-bottom:20px;--awb-border-sizes-top:0px;--awb-border-sizes-bottom:0px;--awb-flex-wrap:wrap;\" ><div class=\"fusion-builder-row fusion-row\"><div class=\"fusion-layout-column fusion_builder_column fusion-builder-column-0 fusion_builder_column_1_1 1_1 fusion-one-full fusion-column-first fusion-column-last fusion-column-no-min-height\" style=\"--awb-bg-size:cover;--awb-margin-bottom:0px;\"><div class=\"fusion-column-wrapper fusion-flex-column-wrapper-legacy\"><div class=\"fusion-title title fusion-title-1 fusion-sep-none fusion-title-text fusion-title-size-two\"><h2 class=\"fusion-title-heading title-heading-left fusion-responsive-typography-calculated\" style=\"margin:0;--fontSize:34;line-height:1.09;\">2023\/LD001: Provisi\u00f3n del puesto de trabajo SG-05 Director\/a del Servicio de Recursos Humanos del CPBV<\/h2><\/div><div class=\"fusion-text fusion-text-1\"><div class=\"table-2\">\n<table style=\"width: 99.2176%;\" width=\"100%\">\n<thead>\n<tr>\n<th style=\"width: 45.6181%;\">Tr\u00e1mite<\/th>\n<th style=\"width: 19.4054%;\">Fecha<\/th>\n<th style=\"width: 34.1941%;\">Documento(s)<\/th>\n<\/tr>\n<\/thead>\n<tbody>\n<tr>\n<td style=\"width: 45.6181%;\">Bases BOP<\/td>\n<td style=\"width: 19.4054%;\">22\/12\/2023<\/td>\n<td style=\"width: 34.1941%; text-align: center;\"><a href=\"https:\/\/www.bombersdv.es\/wp-content\/uploads\/2023\/12\/2023_LD001-BASES-DIRECTOR-A-RRHH-ES.pdf\" target=\"_blank\" rel=\"noopener\">Publicaci\u00f3n BOP<\/a><\/td>\n<\/tr>\n<tr>\n<td style=\"width: 45.6181%;\">Anuncio BOE<\/td>\n<td style=\"width: 19.4054%;\">01\/01\/2024<\/td>\n<td style=\"width: 34.1941%; text-align: center;\"><a href=\"https:\/\/www.bombersdv.es\/wp-content\/uploads\/2024\/01\/2023_LD001_BOE-DIRECT-RRHHA.pdf\" target=\"_blank\" rel=\"noopener\">BOE<\/a><\/td>\n<\/tr>\n<tr>\n<td style=\"width: 45.6181%;\">Modelo solicitud<\/td>\n<td style=\"width: 19.4054%;\"><\/td>\n<td style=\"width: 34.1941%; text-align: center;\"><a href=\"https:\/\/www.bombersdv.es\/wp-content\/uploads\/2024\/01\/2023_LD001_MODELO-INSTANCIA-formulario.pdf\" target=\"_blank\" rel=\"noopener\">Solicitud<\/a><\/td>\n<\/tr>\n<tr>\n<td style=\"width: 45.6181%;\">Publicaci\u00f3n BOP lista de Admitidos y designaci\u00f3n de la Comisi\u00f3n de Valoraci\u00f3n.<\/td>\n<td style=\"width: 19.4054%;\">26\/01\/2024<\/td>\n<td style=\"width: 34.1941%; text-align: center;\"><a href=\"https:\/\/www.bombersdv.es\/wp-content\/uploads\/2024\/01\/2024_00899_ES.pdf\" target=\"_blank\" rel=\"noopener\">Publicaci\u00f3n BOP<\/a><\/td>\n<\/tr>\n<tr>\n<td style=\"width: 45.6181%;\">Anuncio de la Comisi\u00f3n por el cual se convoca al aspirante a la entrevista y defensa de la memoria presentada<\/td>\n<td style=\"width: 19.4054%;\">26\/01\/2024<\/td>\n<td style=\"width: 34.1941%; text-align: center;\"><a href=\"https:\/\/www.bombersdv.es\/wp-content\/uploads\/2024\/01\/ANUNCIO-COMISION-DE-VALORACION-CONVOCATORIA-2023_LD001-Copia-autentica.pdf\" target=\"_blank\" rel=\"noopener\">Anuncio de la Comisi\u00f3n de Valoraci\u00f3n<\/a><\/td>\n<\/tr>\n<tr>\n<td style=\"width: 45.6181%;\">Decreto de la Presidencia n\u00ba 142, de 09\/02\/2024, por el que se dispone a la selecci\u00f3n del Director de Recursos Humanos.<\/td>\n<td style=\"width: 19.4054%;\">09\/02\/2024<\/td>\n<td style=\"width: 34.1941%; text-align: center;\">\u00a0<a href=\"https:\/\/www.bombersdv.es\/wp-content\/uploads\/2024\/02\/Envio-GESTION-RRHH-Copia-autentica-387.pdf\" target=\"_blank\" rel=\"noopener\">Decreto de Seleccion<\/a><\/td>\n<\/tr>\n<tr>\n<td style=\"width: 45.6181%;\">Publicaci\u00f3n BOP Resoluci\u00f3n de la Presidencia-Delegada.<\/td>\n<td style=\"width: 19.4054%;\">14\/02\/2024<\/td>\n<td style=\"width: 34.1941%; text-align: center;\"><a href=\"https:\/\/www.bombersdv.es\/wp-content\/uploads\/2024\/02\/Anuncio-2024_01912_VA-1.pdf\" target=\"_blank\" rel=\"noopener\">Publicaci\u00f3n BOP<\/a><\/td>\n<\/tr>\n<\/tbody>\n<\/table>\n<\/div>\n<\/div><div class=\"fusion-clearfix\"><\/div><\/div><\/div><\/div><\/div>\n","protected":false},"excerpt":{"rendered":"","protected":false},"author":192,"featured_media":0,"parent":15127,"menu_order":0,"comment_status":"closed","ping_status":"closed","template":"","meta":{"footnotes":""},"class_list":["post-67713","page","type-page","status-publish","hentry"],"_links":{"self":[{"href":"https:\/\/www.bombersdv.es\/es\/wp-json\/wp\/v2\/pages\/67713"}],"collection":[{"href":"https:\/\/www.bombersdv.es\/es\/wp-json\/wp\/v2\/pages"}],"about":[{"href":"https:\/\/www.bombersdv.es\/es\/wp-json\/wp\/v2\/types\/page"}],"author":[{"embeddable":true,"href":"https:\/\/www.bombersdv.es\/es\/wp-json\/wp\/v2\/users\/192"}],"replies":[{"embeddable":true,"href":"https:\/\/www.bombersdv.es\/es\/wp-json\/wp\/v2\/comments?post=67713"}],"version-history":[{"count":14,"href":"https:\/\/www.bombersdv.es\/es\/wp-json\/wp\/v2\/pages\/67713\/revisions"}],"predecessor-version":[{"id":68424,"href":"https:\/\/www.bombersdv.es\/es\/wp-json\/wp\/v2\/pages\/67713\/revisions\/68424"}],"up":[{"embeddable":true,"href":"https:\/\/www.bombersdv.es\/es\/wp-json\/wp\/v2\/pages\/15127"}],"wp:attachment":[{"href":"https:\/\/www.bombersdv.es\/es\/wp-json\/wp\/v2\/media?parent=67713"}],"curies":[{"name":"wp","href":"https:\/\/api.w.org\/{rel}","templated":true}]}}