{"id":68024,"date":"2024-01-10T13:39:04","date_gmt":"2024-01-10T12:39:04","guid":{"rendered":"https:\/\/www.bombersdv.es\/?page_id=68024"},"modified":"2025-01-31T14:21:20","modified_gmt":"2025-01-31T13:21:20","slug":"2023-cem001-convocatoria-extraordinaria-para-la-provision-del-puesto-de-trabajo-cb-28-jefe-de-parque-auxiliar","status":"publish","type":"page","link":"https:\/\/www.bombersdv.es\/es\/oposiciones\/procesos-finalizados\/2023-cem001-convocatoria-extraordinaria-para-la-provision-del-puesto-de-trabajo-cb-28-jefe-de-parque-auxiliar\/","title":{"rendered":"2023\/CEM001: Convocatoria Extraordinaria para la provisi\u00f3n del puesto de trabajo CB-28 Jefe de Parque Auxiliar."},"content":{"rendered":"<div class=\"fusion-fullwidth fullwidth-box fusion-builder-row-1 nonhundred-percent-fullwidth non-hundred-percent-height-scrolling\" style=\"--awb-background-position:left top;--awb-border-radius-top-left:0px;--awb-border-radius-top-right:0px;--awb-border-radius-bottom-right:0px;--awb-border-radius-bottom-left:0px;--awb-padding-top:20px;--awb-padding-bottom:20px;--awb-border-sizes-top:0px;--awb-border-sizes-bottom:0px;--awb-flex-wrap:wrap;\" ><div class=\"fusion-builder-row fusion-row\"><div class=\"fusion-layout-column fusion_builder_column fusion-builder-column-0 fusion_builder_column_1_1 1_1 fusion-one-full fusion-column-first fusion-column-last fusion-column-no-min-height\" style=\"--awb-bg-size:cover;--awb-margin-bottom:0px;\"><div class=\"fusion-column-wrapper fusion-flex-column-wrapper-legacy\"><div class=\"fusion-title title fusion-title-1 fusion-sep-none fusion-title-text fusion-title-size-two\"><h2 class=\"fusion-title-heading title-heading-left fusion-responsive-typography-calculated\" style=\"margin:0;--fontSize:34;line-height:1.09;\">2023\/CEM001: Convocatoria Extraordinaria para la provisi\u00f3n del puesto de trabajo CB-28 Jefe de Parque Auxiliar.<\/h2><\/div><div class=\"fusion-text fusion-text-1\"><div class=\"table-2\">\n<table style=\"width: 99.2749%;\" width=\"100%\">\n<thead>\n<tr>\n<th style=\"width: 82.5961%;\">Tr\u00e1mite<\/th>\n<th style=\"width: 6.6715%;\">Fecha<\/th>\n<th style=\"width: 10.0073%;\">Documento(s)<\/th>\n<\/tr>\n<\/thead>\n<tbody>\n<tr>\n<td style=\"width: 82.5961%;\">Decreto de la Presidencia-Delegada n\u00fam. 01593 , de 15\/12\/2023 ( modificado por\u00a0 Decreto n\u00fam. 11, de 09\/01\/2024)<\/td>\n<td style=\"width: 6.6715%;\">10\/01\/2024<\/td>\n<td style=\"width: 10.0073%;\"><a href=\"https:\/\/www.bombersdv.es\/wp-content\/uploads\/2024\/01\/Envio-GESTION-cap-parc-auxiliar.pdf\" target=\"_blank\" rel=\"noopener\">Decreto<\/a><\/td>\n<\/tr>\n<tr>\n<td style=\"width: 82.5961%;\">Bases<\/td>\n<td style=\"width: 6.6715%;\">10\/01\/2021<\/td>\n<td style=\"width: 10.0073%;\"><a href=\"https:\/\/www.bombersdv.es\/wp-content\/uploads\/2021\/10\/2021_CEM001_BASES-modificadas-castellano-14-oct-1.pdf\" target=\"_blank\" rel=\"noopener\">Bases<\/a><\/td>\n<\/tr>\n<tr>\n<td style=\"width: 82.5961%;\">Presentaci\u00f3n de instancias del 11\/01\/2024 al 01\/02\/2024 ambos inclusive<\/td>\n<td style=\"width: 6.6715%;\">10\/01\/2024<\/td>\n<td style=\"width: 10.0073%;\"><a href=\"https:\/\/www.bombersdv.es\/wp-content\/uploads\/2024\/01\/INSTANCIA-prueba-CASTELLANO.pdf\" target=\"_blank\" rel=\"noopener\">Instancia<\/a><\/td>\n<\/tr>\n<tr>\n<td style=\"width: 82.5961%;\">Anexo I<\/td>\n<td style=\"width: 6.6715%;\">10\/01\/2024<\/td>\n<td style=\"width: 10.0073%;\"><a href=\"https:\/\/www.bombersdv.es\/wp-content\/uploads\/2024\/01\/VACANTES.pdf\" target=\"_blank\" rel=\"noopener\">Anexo<\/a><\/td>\n<\/tr>\n<tr>\n<td style=\"width: 82.5961%;\">Decreto de la Presidencia-Delegada n\u00fam. 144, de 09\/02\/2024, lista provisional persones admitidas y excluidas Convocatoria Jefaturas Parque Auxiliar<\/td>\n<td style=\"width: 6.6715%;\">19\/02\/2024<\/td>\n<td style=\"width: 10.0073%;\"><a href=\"https:\/\/www.bombersdv.es\/wp-content\/uploads\/2024\/02\/2023_CEM001_LISTA-PROV-JEFATURA-PARQUE-AUX.pdf\" target=\"_blank\" rel=\"noopener\">Decreto<\/a><\/td>\n<\/tr>\n<tr>\n<td style=\"width: 82.5961%;\">Rectificaci\u00f3n Decreto n\u00fam. 144, de 09\/02\/2024<\/td>\n<td style=\"width: 6.6715%;\">27\/02\/2024<\/td>\n<td style=\"width: 10.0073%;\"><a href=\"https:\/\/www.bombersdv.es\/wp-content\/uploads\/2024\/02\/2023_CEM001_Decreto-rectificacion.pdf\" target=\"_blank\" rel=\"noopener\">Decreto<\/a><\/td>\n<\/tr>\n<tr>\n<td style=\"width: 82.5961%;\">Diligencia Recursos Humanos Lista definitiva<\/td>\n<td style=\"width: 6.6715%;\">25\/03\/2024<\/td>\n<td style=\"width: 10.0073%;\"><a href=\"https:\/\/www.bombersdv.es\/wp-content\/uploads\/2024\/03\/DILIGENCIA-ELEVAR-A-DEFINITIVA-LISTADO-PROVISIONAL-Copia-autentica.pdf\" target=\"_blank\" rel=\"noopener\">Diligencia<\/a><\/td>\n<\/tr>\n<tr>\n<td style=\"width: 82.5961%;\">Anuncio de la Comisi\u00f3n de Valoraci\u00f3n<\/td>\n<td style=\"width: 6.6715%;\">18\/04\/2024<\/td>\n<td style=\"width: 10.0073%;\"><a href=\"https:\/\/www.bombersdv.es\/wp-content\/uploads\/2024\/04\/JPA_Anuncio-subsanacion-Copia-autentica-2.pdf\" target=\"_blank\" rel=\"noopener\">Anuncio<\/a><\/td>\n<\/tr>\n<tr>\n<td style=\"width: 82.5961%;\">Anuncio de la Comisi\u00f3n de Valoraci\u00f3n por la que se hace p\u00fablica la Relaci\u00f3n Provisional y convocatoria exposici\u00f3n Memoria<\/td>\n<td style=\"width: 6.6715%;\">23\/04\/2024<\/td>\n<td style=\"width: 10.0073%;\"><a href=\"https:\/\/www.bombersdv.es\/wp-content\/uploads\/2024\/04\/Anuncio-resultados-provisionales-Copia-autentica-1.pdf\" target=\"_blank\" rel=\"noopener\">Anuncio<\/a><\/td>\n<\/tr>\n<tr>\n<td style=\"width: 82.5961%;\">Anuncio de la Comisi\u00f3n de Valoraci\u00f3n por la que se hace p\u00fablica la Relaci\u00f3n Definitiva y recordatorio convocatoria exposici\u00f3n Memoria<\/td>\n<td style=\"width: 6.6715%;\">02\/05\/2024<\/td>\n<td style=\"width: 10.0073%;\"><a href=\"https:\/\/www.bombersdv.es\/wp-content\/uploads\/2024\/05\/Anuncio-resultados-definitivos-1a-fase_convocat-entrevista-Copia-autentica-1.pdf\" target=\"_blank\" rel=\"noopener\">Anuncio<\/a><\/td>\n<\/tr>\n<tr>\n<td style=\"width: 82.5961%;\">Anuncio de la Comisi\u00f3n de Valoraci\u00f3n: resultado final de puntuaci\u00f3n y adjudicaci\u00f3n provisional de puestos<\/td>\n<td style=\"width: 6.6715%;\">06\/05\/2024<\/td>\n<td style=\"width: 10.0073%;\"><a href=\"https:\/\/www.bombersdv.es\/wp-content\/uploads\/2024\/05\/2023_CM001_Anuncio-provisional-Fase-2a-y-resumen-global-Copia-autentica-1.pdf\" target=\"_blank\" rel=\"noopener\">Anuncio<\/a><\/td>\n<\/tr>\n<tr>\n<td style=\"width: 82.5961%;\">Anuncio de la Comisi\u00f3n de Valoraci\u00f3n por el que se procede a elevar a definitiva la puntuaci\u00f3n del concurso de m\u00e9ritos y propuesta de adjudicaci\u00f3n, as\u00ed como la puntuaci\u00f3n global de la bolsa<\/td>\n<td style=\"width: 6.6715%;\">14\/05\/2024<\/td>\n<td style=\"width: 10.0073%;\"><a href=\"https:\/\/www.bombersdv.es\/wp-content\/uploads\/2024\/05\/2023_CEM001_Anuncio-definitivo-JPAUXILIAR-Copia-autentica-1.pdf\" target=\"_blank\" rel=\"noopener\">Anuncio<\/a><\/td>\n<\/tr>\n<\/tbody>\n<\/table>\n<\/div>\n<\/div><div class=\"fusion-clearfix\"><\/div><\/div><\/div><\/div><\/div>\n","protected":false},"excerpt":{"rendered":"","protected":false},"author":192,"featured_media":0,"parent":15127,"menu_order":0,"comment_status":"closed","ping_status":"closed","template":"","meta":{"footnotes":""},"class_list":["post-68024","page","type-page","status-publish","hentry"],"_links":{"self":[{"href":"https:\/\/www.bombersdv.es\/es\/wp-json\/wp\/v2\/pages\/68024"}],"collection":[{"href":"https:\/\/www.bombersdv.es\/es\/wp-json\/wp\/v2\/pages"}],"about":[{"href":"https:\/\/www.bombersdv.es\/es\/wp-json\/wp\/v2\/types\/page"}],"author":[{"embeddable":true,"href":"https:\/\/www.bombersdv.es\/es\/wp-json\/wp\/v2\/users\/192"}],"replies":[{"embeddable":true,"href":"https:\/\/www.bombersdv.es\/es\/wp-json\/wp\/v2\/comments?post=68024"}],"version-history":[{"count":15,"href":"https:\/\/www.bombersdv.es\/es\/wp-json\/wp\/v2\/pages\/68024\/revisions"}],"predecessor-version":[{"id":69246,"href":"https:\/\/www.bombersdv.es\/es\/wp-json\/wp\/v2\/pages\/68024\/revisions\/69246"}],"up":[{"embeddable":true,"href":"https:\/\/www.bombersdv.es\/es\/wp-json\/wp\/v2\/pages\/15127"}],"wp:attachment":[{"href":"https:\/\/www.bombersdv.es\/es\/wp-json\/wp\/v2\/media?parent=68024"}],"curies":[{"name":"wp","href":"https:\/\/api.w.org\/{rel}","templated":true}]}}