{"id":68326,"date":"2024-02-05T14:40:28","date_gmt":"2024-02-05T13:40:28","guid":{"rendered":"https:\/\/www.bombersdv.es\/?page_id=68326"},"modified":"2024-05-24T14:19:33","modified_gmt":"2024-05-24T12:19:33","slug":"2024-bt001-bolsa-secundaria-provision-temporal-puestos-sargento","status":"publish","type":"page","link":"https:\/\/www.bombersdv.es\/es\/oposiciones\/procesos-finalizados\/2024-bt001-bolsa-secundaria-provision-temporal-puestos-sargento\/","title":{"rendered":"2024\/BT001 Bolsa Secundaria provisi\u00f3n temporal puestos sargento"},"content":{"rendered":"<p><div class=\"fusion-fullwidth fullwidth-box fusion-builder-row-1 nonhundred-percent-fullwidth non-hundred-percent-height-scrolling\" style=\"--awb-background-position:left top;--awb-border-radius-top-left:0px;--awb-border-radius-top-right:0px;--awb-border-radius-bottom-right:0px;--awb-border-radius-bottom-left:0px;--awb-padding-top:20px;--awb-padding-bottom:20px;--awb-border-sizes-top:0px;--awb-border-sizes-bottom:0px;--awb-flex-wrap:wrap;\" ><div class=\"fusion-builder-row fusion-row\"><\/div><\/div><div class=\"fusion-fullwidth fullwidth-box fusion-builder-row-2 hundred-percent-fullwidth non-hundred-percent-height-scrolling\" style=\"--awb-border-radius-top-left:0px;--awb-border-radius-top-right:0px;--awb-border-radius-bottom-right:0px;--awb-border-radius-bottom-left:0px;--awb-overflow:visible;--awb-flex-wrap:wrap;\" ><div class=\"fusion-builder-row fusion-row\"><div class=\"fusion-layout-column fusion_builder_column fusion-builder-column-0 fusion_builder_column_1_1 1_1 fusion-one-full fusion-column-first fusion-column-last fusion-column-no-min-height\" style=\"--awb-bg-size:cover;--awb-margin-bottom:0px;\"><div class=\"fusion-column-wrapper fusion-flex-column-wrapper-legacy\"><div class=\"fusion-title title fusion-title-1 fusion-sep-none fusion-title-text fusion-title-size-two\"><h2 class=\"fusion-title-heading title-heading-left fusion-responsive-typography-calculated\" style=\"margin:0;--fontSize:34;line-height:1.09;\">2024\/BT001 Bolsa Secundaria provisi\u00f3n temporal puestos sargento<\/h2><\/div><div class=\"fusion-text fusion-text-1\"><div class=\"fusion-text fusion-text-1\"><\/div>\n<div class=\"table-2\">\n<table style=\"height: 170px;\" width=\"1019\">\n<thead>\n<tr style=\"height: 48px;\">\n<th style=\"height: 48px; width: 805px;\">Tr\u00e1mite<\/th>\n<th style=\"height: 48px; width: 92px;\">Fecha<\/th>\n<th style=\"height: 48px; width: 113px;\">Documento (s)<\/th>\n<\/tr>\n<\/thead>\n<tbody>\n<tr style=\"height: 26px;\">\n<td style=\"height: 26px; width: 805px;\">Decreto N\u00ba 108, de 05\/02\/2024. Creaci\u00f3n Bolsa Secundaria provisi\u00f3n puestos de Sargento y designaci\u00f3n de los miembros de Comisi\u00f3n de Valoraci\u00f3n<\/td>\n<td style=\"height: 26px; width: 92px;\">05\/02\/2024<\/td>\n<td style=\"height: 26px; width: 113px;\"><a href=\"https:\/\/www.bombersdv.es\/wp-content\/uploads\/2024\/02\/Envio-GESTION-Copia-autentica-383.pdf\" target=\"_blank\" rel=\"noopener\">Decreto<\/a><\/td>\n<\/tr>\n<tr style=\"height: 24px;\">\n<td style=\"height: 24px; width: 805px;\">Bases bolsa secundaria provisi\u00f3n puestos de sargento<\/td>\n<td style=\"height: 24px; width: 92px;\">05\/02\/2024<\/td>\n<td style=\"height: 24px; width: 113px;\"><a href=\"https:\/\/www.bombersdv.es\/wp-content\/uploads\/2024\/02\/BASES-2024_BT001.pdf\" target=\"_blank\" rel=\"noopener\">Bases<\/a><\/td>\n<\/tr>\n<tr style=\"height: 24px;\">\n<td style=\"height: 24px; width: 805px;\">Modelo solicitud para participar en el proceso<\/td>\n<td style=\"height: 24px; width: 92px;\">05\/02\/2024<\/td>\n<td style=\"height: 24px; width: 113px;\"><a href=\"https:\/\/www.bombersdv.es\/wp-content\/uploads\/2024\/02\/ANEXO-I-solicitud-BOLSA-DE-TRABAJO-SARGENTO-2024.pdf\" target=\"_blank\" rel=\"noopener\">Solicitud<\/a><\/td>\n<\/tr>\n<tr style=\"height: 48px;\">\n<td style=\"height: 48px; width: 805px;\"><span style=\"color: #ff0000;\"><span style=\"color: #993300;\"><strong>OBSERVACIONES : DE CONFORMIDAD CON LAS BASES, <\/strong><strong>NO SER\u00c1N INCORPORADOS AUTOM\u00c1TICAMENTE<\/strong><\/span><strong><span style=\"color: #993300;\"> LOS PARTICIPANTES DE LA BOLSA SECUNDARIA ANTERIOR.<\/span> <\/strong><\/span><\/td>\n<td style=\"height: 48px; width: 92px;\"><\/td>\n<td style=\"height: 48px; width: 113px;\"><\/td>\n<\/tr>\n<tr>\n<td style=\"width: 805px;\">Anuncio de la Comisi\u00f3n de Valoraci\u00f3n: Lista de admitidos y excluidos y puntuaciones provisionales<\/td>\n<td style=\"width: 92px;\">29\/04\/2024<\/td>\n<td style=\"width: 113px;\"><a href=\"https:\/\/www.bombersdv.es\/wp-content\/uploads\/2024\/04\/Anuncio-Comision-Valoracion-Copia-autentica.pdf\" target=\"_blank\" rel=\"noopener\">Anuncio<\/a><\/td>\n<\/tr>\n<tr>\n<td style=\"width: 805px;\">Anuncio de la Comisi\u00f3n de Valoraci\u00f3n: Resoluci\u00f3n de reclamaciones, puntuaciones definitivas y propuesta de constituci\u00f3n de la bolsa secundaria<\/td>\n<td style=\"width: 92px;\">15\/05\/2024<\/td>\n<td style=\"width: 113px;\"><a href=\"https:\/\/www.bombersdv.es\/wp-content\/uploads\/2024\/05\/Anuncio-Comision-Valoracion-Copia-autentica.pdf\" target=\"_blank\" rel=\"noopener\">Anuncio<\/a><\/td>\n<\/tr>\n<tr>\n<td style=\"width: 805px;\"><span style=\"color: #0000ff;\">Por Decreto de la Presidencia n\u00fam 619, de 24\/05\/2024, se procede a constituir la Bolsa Secundaria de Sargentos 2024\/BT001.<\/span><\/td>\n<td style=\"width: 92px;\"><\/td>\n<td style=\"width: 113px;\"><\/td>\n<\/tr>\n<\/tbody>\n<\/table>\n<\/div><div class=\"fusion-clearfix\"><\/div><\/div><\/div><\/div><\/div><\/p>\n<\/div>\n","protected":false},"excerpt":{"rendered":"","protected":false},"author":192,"featured_media":0,"parent":15127,"menu_order":0,"comment_status":"closed","ping_status":"closed","template":"","meta":{"footnotes":""},"class_list":["post-68326","page","type-page","status-publish","hentry"],"_links":{"self":[{"href":"https:\/\/www.bombersdv.es\/es\/wp-json\/wp\/v2\/pages\/68326"}],"collection":[{"href":"https:\/\/www.bombersdv.es\/es\/wp-json\/wp\/v2\/pages"}],"about":[{"href":"https:\/\/www.bombersdv.es\/es\/wp-json\/wp\/v2\/types\/page"}],"author":[{"embeddable":true,"href":"https:\/\/www.bombersdv.es\/es\/wp-json\/wp\/v2\/users\/192"}],"replies":[{"embeddable":true,"href":"https:\/\/www.bombersdv.es\/es\/wp-json\/wp\/v2\/comments?post=68326"}],"version-history":[{"count":11,"href":"https:\/\/www.bombersdv.es\/es\/wp-json\/wp\/v2\/pages\/68326\/revisions"}],"predecessor-version":[{"id":69386,"href":"https:\/\/www.bombersdv.es\/es\/wp-json\/wp\/v2\/pages\/68326\/revisions\/69386"}],"up":[{"embeddable":true,"href":"https:\/\/www.bombersdv.es\/es\/wp-json\/wp\/v2\/pages\/15127"}],"wp:attachment":[{"href":"https:\/\/www.bombersdv.es\/es\/wp-json\/wp\/v2\/media?parent=68326"}],"curies":[{"name":"wp","href":"https:\/\/api.w.org\/{rel}","templated":true}]}}