{"id":69036,"date":"2024-04-24T11:03:19","date_gmt":"2024-04-24T09:03:19","guid":{"rendered":"https:\/\/www.bombersdv.es\/?page_id=69036"},"modified":"2025-04-10T11:11:41","modified_gmt":"2025-04-10T09:11:41","slug":"2024-bolsa-de-formadores-internos","status":"publish","type":"page","link":"https:\/\/www.bombersdv.es\/es\/oposiciones\/procesos-en-marcha\/borsa-de-formadors-interns\/2024-bolsa-de-formadores-internos\/","title":{"rendered":"2024 Bolsa de formadores internos"},"content":{"rendered":"<div class=\"fusion-fullwidth fullwidth-box fusion-builder-row-1 nonhundred-percent-fullwidth non-hundred-percent-height-scrolling\" style=\"--awb-background-position:left top;--awb-border-radius-top-left:0px;--awb-border-radius-top-right:0px;--awb-border-radius-bottom-right:0px;--awb-border-radius-bottom-left:0px;--awb-padding-top:20px;--awb-padding-bottom:20px;--awb-border-sizes-top:0px;--awb-border-sizes-bottom:0px;--awb-flex-wrap:wrap;\" ><div class=\"fusion-builder-row fusion-row\"><div class=\"fusion-layout-column fusion_builder_column fusion-builder-column-0 fusion_builder_column_1_1 1_1 fusion-one-full fusion-column-first fusion-column-last fusion-column-no-min-height\" style=\"--awb-bg-size:cover;--awb-margin-bottom:0px;\"><div class=\"fusion-column-wrapper fusion-flex-column-wrapper-legacy\"><div class=\"fusion-title title fusion-title-1 fusion-sep-none fusion-title-text fusion-title-size-two\"><h2 class=\"fusion-title-heading title-heading-left fusion-responsive-typography-calculated\" style=\"margin:0;--fontSize:34;line-height:1.09;\">2024 Bolsa de formadores internos<\/h2><\/div><div class=\"fusion-text fusion-text-1\"><div class=\"table-2\">\n<table style=\"height: 48px;\" width=\"100%\">\n<thead>\n<tr style=\"height: 24px;\">\n<th style=\"height: 24px; width: 68.7793%;\">Tr\u00e1mite<\/th>\n<th style=\"height: 24px; width: 13.6933%;\">D\u00eda<\/th>\n<th style=\"height: 24px; width: 16.7449%;\">Documento (s)<\/th>\n<\/tr>\n<\/thead>\n<tbody>\n<tr style=\"height: 24px;\">\n<td style=\"height: 24px; width: 68.7793%;\">Decreto bases creaci\u00f3n bolsa (Decreto 2024\/00385)<\/td>\n<td style=\"height: 24px; width: 13.6933%;\">24\/04\/2024<\/td>\n<td style=\"height: 24px; width: 16.7449%;\">\n<p><a href=\"https:\/\/www.bombersdv.es\/wp-content\/uploads\/2024\/04\/2024_FOR_S275_00222-Decreto-Copia-autentica.pdf\" target=\"_blank\" rel=\"noopener\">Decreto<\/a><\/p>\n<p><a href=\"https:\/\/www.bombersdv.es\/wp-content\/uploads\/2024\/04\/Anexo-Bases-Bolsa-Formadores.pdf\" target=\"_blank\" rel=\"noopener\">Bases<\/a><\/td>\n<\/tr>\n<tr>\n<td style=\"width: 68.7793%;\">Tr\u00e1mite en sede electr\u00f3nica<\/td>\n<td style=\"width: 13.6933%;\">24\/04\/2024<\/td>\n<td style=\"width: 16.7449%;\">\n<p><a href=\"https:\/\/sede.bombersdv.es\/ficha-procedimiento\/49\" target=\"_blank\" rel=\"noopener\">Tr\u00e1mite<\/a><\/p>\n<p><a href=\"https:\/\/www.bombersdv.es\/wp-content\/uploads\/2024\/04\/FICHA-DE-AUTOBAREMACION.ods\" target=\"_blank\" rel=\"noopener\">Autobaremaci\u00f3n<\/a><\/td>\n<\/tr>\n<tr>\n<td style=\"width: 68.7793%;\">Anuncio Comisi\u00f3n de Valoraci\u00f3n abriendo el plazo de QUINCE D\u00cdAS NATURALES para subsanar defectos<\/td>\n<td style=\"width: 13.6933%;\">28\/11\/2024<\/td>\n<td style=\"width: 16.7449%;\">\n<p><a href=\"https:\/\/www.bombersdv.es\/wp-content\/uploads\/2024\/11\/Anuncio-Comision-Valoracion-Copia-autentica-1.pdf\" target=\"_blank\" rel=\"noopener\">Anuncio<\/a><\/p>\n<p><a href=\"https:\/\/www.bombersdv.es\/wp-content\/uploads\/2024\/11\/Hoja-autobaremacion.ods\" target=\"_blank\" rel=\"noopener\">Modelo hoja autobaremaci\u00f3n (.ods)<\/a><\/p>\n<p><a href=\"https:\/\/www.bombersdv.es\/wp-content\/uploads\/2024\/11\/Hoja-autobaremacion.xls\" target=\"_blank\" rel=\"noopener\">Modelo hoja autobaremaci\u00f3n (.xls)<\/a><\/p>\n<p><a href=\"https:\/\/www.bombersdv.es\/wp-content\/uploads\/2024\/11\/Hoja-autobaremacion.pdf\" target=\"_blank\" rel=\"noopener\">Modelo hoja autobaremaci\u00f3n (.pdf)<\/a><\/td>\n<\/tr>\n<tr>\n<td style=\"width: 68.7793%;\">Anuncio Comisi\u00f3n de Valoraci\u00f3n prorrogando 15 d\u00edas m\u00e1s el plazo de subsanaci\u00f3n<\/td>\n<td style=\"width: 13.6933%;\">16\/12\/2024<\/td>\n<td style=\"width: 16.7449%;\"><a href=\"https:\/\/www.bombersdv.es\/wp-content\/uploads\/2024\/12\/Anuncio-Comision-Valoracion-Copia-autentica-3.pdf\" target=\"_blank\" rel=\"noopener\">Anuncio<\/a><\/td>\n<\/tr>\n<tr>\n<td style=\"width: 68.7793%;\">Anuncio Comisi\u00f3n de Valoraci\u00f3n: Listado provisional de aspirantes admitidos y excluidos por \u00e1reas formativas<\/td>\n<td style=\"width: 13.6933%;\">04\/02\/2025<\/td>\n<td style=\"width: 16.7449%;\"><a href=\"https:\/\/www.bombersdv.es\/wp-content\/uploads\/2025\/02\/Anuncio-Comision-Valoracion-Copia-autentica.pdf\" target=\"_blank\" rel=\"noopener\">Anuncio<\/a><\/td>\n<\/tr>\n<tr>\n<td style=\"width: 68.7793%;\">Anuncio Comisi\u00f3n de Valoraci\u00f3n: Listado definitivo de aspirantes admitidos y excluidos por \u00e1reas formativas<\/td>\n<td style=\"width: 13.6933%;\">25\/02\/2024<\/td>\n<td style=\"width: 16.7449%;\"><a href=\"https:\/\/www.bombersdv.es\/wp-content\/uploads\/2025\/02\/Anuncio-Comision-Valoracion-Copia-autentica-1.pdf\" target=\"_blank\" rel=\"noopener\">Anuncio<\/a><\/td>\n<\/tr>\n<tr>\n<td style=\"width: 68.7793%;\">Anuncio Comisi\u00f3n de Valoraci\u00f3n: Rectificaci\u00f3n de oficio errores materiales en listado definitivo de aspirantes admitidos y excluidos por \u00e1reas formativas<\/td>\n<td style=\"width: 13.6933%;\">03\/03\/2025<\/td>\n<td style=\"width: 16.7449%;\"><a href=\"https:\/\/www.bombersdv.es\/wp-content\/uploads\/2025\/04\/Anuncio-Comision-Valoracion-Copia-autentica.pdf\" target=\"_blank\" rel=\"noopener\">Anuncio<\/a><\/td>\n<\/tr>\n<tr>\n<td style=\"width: 68.7793%;\">Anuncio Comisi\u00f3n de Valoraci\u00f3n: Rectificaci\u00f3n de oficio de errores materiales y listado de coordinadores e instructores en base de datos conjunta.<\/td>\n<td style=\"width: 13.6933%;\">10\/04\/2024<\/td>\n<td style=\"width: 16.7449%;\"><a href=\"https:\/\/www.bombersdv.es\/wp-content\/uploads\/2025\/04\/Anuncio-Comision-Valoracion-Copia-autentica-1.pdf\" target=\"_blank\" rel=\"noopener\">Anuncio<\/a><\/td>\n<\/tr>\n<\/tbody>\n<\/table>\n<\/div>\n<\/div><div class=\"fusion-clearfix\"><\/div><\/div><\/div><\/div><\/div>\n","protected":false},"excerpt":{"rendered":"","protected":false},"author":29,"featured_media":0,"parent":52537,"menu_order":0,"comment_status":"closed","ping_status":"closed","template":"","meta":{"footnotes":""},"class_list":["post-69036","page","type-page","status-publish","hentry"],"_links":{"self":[{"href":"https:\/\/www.bombersdv.es\/es\/wp-json\/wp\/v2\/pages\/69036"}],"collection":[{"href":"https:\/\/www.bombersdv.es\/es\/wp-json\/wp\/v2\/pages"}],"about":[{"href":"https:\/\/www.bombersdv.es\/es\/wp-json\/wp\/v2\/types\/page"}],"author":[{"embeddable":true,"href":"https:\/\/www.bombersdv.es\/es\/wp-json\/wp\/v2\/users\/29"}],"replies":[{"embeddable":true,"href":"https:\/\/www.bombersdv.es\/es\/wp-json\/wp\/v2\/comments?post=69036"}],"version-history":[{"count":11,"href":"https:\/\/www.bombersdv.es\/es\/wp-json\/wp\/v2\/pages\/69036\/revisions"}],"predecessor-version":[{"id":72641,"href":"https:\/\/www.bombersdv.es\/es\/wp-json\/wp\/v2\/pages\/69036\/revisions\/72641"}],"up":[{"embeddable":true,"href":"https:\/\/www.bombersdv.es\/es\/wp-json\/wp\/v2\/pages\/52537"}],"wp:attachment":[{"href":"https:\/\/www.bombersdv.es\/es\/wp-json\/wp\/v2\/media?parent=69036"}],"curies":[{"name":"wp","href":"https:\/\/api.w.org\/{rel}","templated":true}]}}