{"id":69212,"date":"2024-05-13T09:01:42","date_gmt":"2024-05-13T07:01:42","guid":{"rendered":"https:\/\/www.bombersdv.es\/?page_id=69212"},"modified":"2025-06-03T14:45:06","modified_gmt":"2025-06-03T12:45:06","slug":"2024-ce001-concurso-especifico-para-la-provision-de-dos-puestos-de-coordinador-a-jefe-a-de-sala","status":"publish","type":"page","link":"https:\/\/www.bombersdv.es\/es\/oposiciones\/procesos-finalizados\/2024-ce001-concurso-especifico-para-la-provision-de-dos-puestos-de-coordinador-a-jefe-a-de-sala\/","title":{"rendered":"2024\/CE001: Concurso Espec\u00edfico para la provisi\u00f3n de dos puestos de Coordinador\/a Jefe\/a de Sala"},"content":{"rendered":"<div class=\"fusion-fullwidth fullwidth-box fusion-builder-row-1 nonhundred-percent-fullwidth non-hundred-percent-height-scrolling\" style=\"--awb-background-position:left top;--awb-border-radius-top-left:0px;--awb-border-radius-top-right:0px;--awb-border-radius-bottom-right:0px;--awb-border-radius-bottom-left:0px;--awb-padding-top:20px;--awb-padding-bottom:20px;--awb-border-sizes-top:0px;--awb-border-sizes-bottom:0px;--awb-flex-wrap:wrap;\" ><div class=\"fusion-builder-row fusion-row\"><div class=\"fusion-layout-column fusion_builder_column fusion-builder-column-0 fusion_builder_column_1_1 1_1 fusion-one-full fusion-column-first fusion-column-last fusion-column-no-min-height\" style=\"--awb-bg-size:cover;--awb-margin-bottom:0px;\"><div class=\"fusion-column-wrapper fusion-flex-column-wrapper-legacy\"><div class=\"fusion-title title fusion-title-1 fusion-sep-none fusion-title-text fusion-title-size-two\"><h2 class=\"fusion-title-heading title-heading-left fusion-responsive-typography-calculated\" style=\"margin:0;--fontSize:34;line-height:1.09;\">2024\/CE001: Concurso Espec\u00edfico para la provisi\u00f3n de dos puestos de Coordinador\/a Jefe\/a de sala.<\/h2><\/div><div class=\"fusion-text fusion-text-1\"><div class=\"table-2\">\n<table style=\"height: 48px;\" width=\"100%\">\n<thead>\n<tr style=\"height: 24px;\">\n<th style=\"height: 24px; width: 74.0556%;\">Tr\u00e1mite<\/th>\n<th style=\"height: 24px; width: 9.83964%;\">Fecha<\/th>\n<th style=\"height: 24px; width: 15.3795%;\">Documento(s)<\/th>\n<\/tr>\n<\/thead>\n<tbody>\n<tr style=\"height: 24px;\">\n<td style=\"height: 24px; width: 74.0556%;\">Bases<\/td>\n<td style=\"height: 24px; width: 9.83964%;\">13\/05\/2024<\/td>\n<td style=\"height: 24px; width: 15.3795%;\"><a href=\"https:\/\/www.bombersdv.es\/wp-content\/uploads\/2024\/05\/2024_CE001_COORD-JEFE-SALA-BASES_ES.pdf\" target=\"_blank\" rel=\"noopener\">Publicaci\u00f3n BOP<\/a><\/td>\n<\/tr>\n<tr style=\"height: 24px;\">\n<td style=\"height: 24px; width: 74.0556%;\">Solicitud<\/td>\n<td style=\"height: 24px; width: 9.83964%;\">13\/05\/2024<\/td>\n<td style=\"height: 24px; width: 15.3795%;\"><a href=\"https:\/\/www.bombersdv.es\/wp-content\/uploads\/2024\/05\/2024_CE001_ANEXO-I-MODELO-SOLICITUD-VALENCIANO-CASTELLANO-FORMULARIO.pdf\" target=\"_blank\" rel=\"noopener\">Solicitud<\/a><\/td>\n<\/tr>\n<tr style=\"height: 24px;\">\n<td style=\"height: 24px; width: 74.0556%;\"><span style=\"color: #ff0000;\">El plazo de presentaci\u00f3n de solicitudes ser\u00e1 de 15 d\u00edas h\u00e1biles, a contar del siguiente al de la publicaci\u00f3n de estas Bases en el BOP<\/span><\/td>\n<td style=\"height: 24px; width: 9.83964%;\"><\/td>\n<td style=\"height: 24px; width: 15.3795%;\"><\/td>\n<\/tr>\n<tr>\n<td style=\"width: 74.0556%;\">Lista provisional personas admitidas y excluidas,\u00a0 y\u00a0 designaci\u00f3n miembros OTS<\/td>\n<td style=\"width: 9.83964%;\">27\/06\/2024<\/td>\n<td style=\"width: 15.3795%;\"><a href=\"https:\/\/www.bombersdv.es\/wp-content\/uploads\/2024\/06\/2024_CE001_-COORDINADOR-JEFE-DE-SALA.pdf\" target=\"_blank\" rel=\"noopener\">Decreto<\/a><\/td>\n<\/tr>\n<tr>\n<td style=\"width: 74.0556%;\">Diligencia lista provisional a definitiva y fecha reuni\u00f3n Comisi\u00f3n Valoraci\u00f3n<\/td>\n<td style=\"width: 9.83964%;\">24\/07\/2024<\/td>\n<td style=\"width: 15.3795%;\"><a href=\"https:\/\/www.bombersdv.es\/wp-content\/uploads\/2024\/07\/2024_CE001_Dilig-lista-prov-a-def-y-fecha-reunion-com-valorac-Copia-autentica.pdf\" target=\"_blank\" rel=\"noopener\">Diligencia<\/a><\/td>\n<\/tr>\n<tr>\n<td style=\"width: 74.0556%;\">Anuncio\u00a0\u00a0 resultado provisional \u201cFase Baremaci\u00f3n de Meritos\u201dy fecha realizaci\u00f3n supuesto pr\u00e1ctico<\/td>\n<td style=\"width: 9.83964%;\">05\/11\/2024<\/td>\n<td style=\"width: 15.3795%;\"><a href=\"https:\/\/www.bombersdv.es\/wp-content\/uploads\/2024\/11\/2024_CE001_ANUNCIO-result-prov-baremac-merit-y-fecha-supuest-prac.pdf\" target=\"_blank\" rel=\"noopener\">Anuncio <\/a><\/td>\n<\/tr>\n<tr>\n<td style=\"width: 74.0556%;\">Anuncio\u00a0 <span class=\"hiddenGrammarError\">suspensi\u00f3n realizaci\u00f3n<\/span> supuesto pr\u00e1ctico previsto para el <span class=\"hiddenSpellError\">d\u00eda<\/span> 26\/11\/2024<\/td>\n<td style=\"width: 9.83964%;\">23\/11\/2024<\/td>\n<td style=\"width: 15.3795%;\"><a href=\"https:\/\/www.bombersdv.es\/wp-content\/uploads\/2024\/11\/2024_CE001_Anuncio-suspension-prueba-26_11_24-a-consecuencia-DANA.pdf\" target=\"_blank\" rel=\"noopener\">Anuncio <\/a><\/td>\n<\/tr>\n<tr>\n<td style=\"width: 74.0556%;\">Anuncio fecha realizaci\u00f3n supuesto pr\u00e1ctico<\/td>\n<td style=\"width: 9.83964%;\">17\/02\/2025<\/td>\n<td style=\"width: 15.3795%;\"><a href=\"https:\/\/www.bombersdv.es\/wp-content\/uploads\/2025\/02\/ANUNCIO-nueva-fecha-examen-COORD-JEFE-SALA.pdf\" target=\"_blank\" rel=\"noopener\">Anuncio<\/a><\/td>\n<\/tr>\n<tr>\n<td style=\"width: 74.0556%;\">Anuncio modificaci\u00f3n lugar realizaci\u00f3n supuesto pr\u00e1ctico<\/td>\n<td style=\"width: 9.83964%;\">04\/03\/2025<\/td>\n<td style=\"width: 15.3795%;\"><a href=\"https:\/\/www.bombersdv.es\/wp-content\/uploads\/2025\/03\/2024_CM001-Anun-modific-lugar-celeb-sup-pract.pdf\" target=\"_blank\" rel=\"noopener\">Anuncio<\/a><\/td>\n<\/tr>\n<tr>\n<td style=\"width: 74.0556%;\">Anuncio resultado supuesto pr\u00e1ctico y\u00a0 publicaci\u00f3n enunciado prueba<\/td>\n<td style=\"width: 9.83964%;\">11\/03\/2025<\/td>\n<td style=\"width: 15.3795%;\"><a href=\"https:\/\/www.bombersdv.es\/wp-content\/uploads\/2025\/03\/Anuncio-Coordinador-Jefe-de-Sala-sesion-10-de-marzo-de-2025-supuesto-practico-Copia-autentica-2.pdf\" target=\"_blank\" rel=\"noopener\">Anuncio<\/a><\/td>\n<\/tr>\n<tr>\n<td style=\"width: 74.0556%;\"><span style=\"color: #ff0000;\">Nombramiento por Decreto de la Presidencia n\u00ba 2025\/0501, de 02 de abril.<\/span><\/td>\n<td style=\"width: 9.83964%;\"><\/td>\n<td style=\"width: 15.3795%;\"><\/td>\n<\/tr>\n<\/tbody>\n<\/table>\n<\/div><div class=\"fusion-clearfix\"><\/div><\/div><\/div><\/div><\/div>\n<\/div>\n","protected":false},"excerpt":{"rendered":"","protected":false},"author":192,"featured_media":0,"parent":15127,"menu_order":0,"comment_status":"closed","ping_status":"closed","template":"","meta":{"footnotes":""},"class_list":["post-69212","page","type-page","status-publish","hentry"],"_links":{"self":[{"href":"https:\/\/www.bombersdv.es\/es\/wp-json\/wp\/v2\/pages\/69212"}],"collection":[{"href":"https:\/\/www.bombersdv.es\/es\/wp-json\/wp\/v2\/pages"}],"about":[{"href":"https:\/\/www.bombersdv.es\/es\/wp-json\/wp\/v2\/types\/page"}],"author":[{"embeddable":true,"href":"https:\/\/www.bombersdv.es\/es\/wp-json\/wp\/v2\/users\/192"}],"replies":[{"embeddable":true,"href":"https:\/\/www.bombersdv.es\/es\/wp-json\/wp\/v2\/comments?post=69212"}],"version-history":[{"count":21,"href":"https:\/\/www.bombersdv.es\/es\/wp-json\/wp\/v2\/pages\/69212\/revisions"}],"predecessor-version":[{"id":72983,"href":"https:\/\/www.bombersdv.es\/es\/wp-json\/wp\/v2\/pages\/69212\/revisions\/72983"}],"up":[{"embeddable":true,"href":"https:\/\/www.bombersdv.es\/es\/wp-json\/wp\/v2\/pages\/15127"}],"wp:attachment":[{"href":"https:\/\/www.bombersdv.es\/es\/wp-json\/wp\/v2\/media?parent=69212"}],"curies":[{"name":"wp","href":"https:\/\/api.w.org\/{rel}","templated":true}]}}