{"id":69471,"date":"2024-06-05T14:26:32","date_gmt":"2024-06-05T12:26:32","guid":{"rendered":"https:\/\/www.bombersdv.es\/?page_id=69471"},"modified":"2024-06-05T14:32:12","modified_gmt":"2024-06-05T12:32:12","slug":"actividad-de-tratamiento-de-datos-contratacion","status":"publish","type":"page","link":"https:\/\/www.bombersdv.es\/es\/portal-de-transparencia\/atencion-e-informacion-al-ciudadano\/formularios-y-solicitudes\/actividad-de-tratamiento-de-datos-contratacion\/","title":{"rendered":"ACTIVIDAD DE TRATAMIENTO DE DATOS: CONTRATACI\u00d3N"},"content":{"rendered":"<div class=\"fusion-fullwidth fullwidth-box fusion-builder-row-1 fusion-flex-container nonhundred-percent-fullwidth non-hundred-percent-height-scrolling\" style=\"--awb-border-radius-top-left:0px;--awb-border-radius-top-right:0px;--awb-border-radius-bottom-right:0px;--awb-border-radius-bottom-left:0px;--awb-flex-wrap:wrap;\" ><div class=\"fusion-builder-row fusion-row fusion-flex-align-items-flex-start fusion-flex-content-wrap\" style=\"max-width:1248px;margin-left: calc(-4% \/ 2 );margin-right: calc(-4% \/ 2 );\"><div class=\"fusion-layout-column fusion_builder_column fusion-builder-column-0 fusion_builder_column_1_1 1_1 fusion-flex-column\" style=\"--awb-bg-size:cover;--awb-width-large:100%;--awb-margin-top-large:0px;--awb-spacing-right-large:1.92%;--awb-margin-bottom-large:20px;--awb-spacing-left-large:1.92%;--awb-width-medium:100%;--awb-order-medium:0;--awb-spacing-right-medium:1.92%;--awb-spacing-left-medium:1.92%;--awb-width-small:100%;--awb-order-small:0;--awb-spacing-right-small:1.92%;--awb-spacing-left-small:1.92%;\"><div class=\"fusion-column-wrapper fusion-column-has-shadow fusion-flex-justify-content-flex-start fusion-content-layout-column\"><div class=\"fusion-text fusion-text-1\"><h3><span style=\"color: #ffcc00;\"><strong>ACTIVIDAD DE TRATAMIENTO: Contrataci\u00f3n p\u00fablica, encargos a medios propios y convenios<\/strong><\/span><\/h3>\n<p><span style=\"color: #808080;\"><em>Ultima actualizaci\u00f3n junio 2024<\/em><\/span><\/p>\n<\/div><div class=\"fusion-separator fusion-full-width-sep\" style=\"align-self: center;margin-left: auto;margin-right: auto;width:100%;\"><div class=\"fusion-separator-border sep-single sep-solid\" style=\"--awb-height:20px;--awb-amount:20px;--awb-sep-color:#ffbf00;border-color:#ffbf00;border-top-width:2px;\"><\/div><\/div><div class=\"accordian fusion-accordian\" style=\"--awb-border-size:1px;--awb-icon-size:13px;--awb-content-font-size:15px;--awb-icon-alignment:left;--awb-hover-color:#f9f9f9;--awb-border-color:#cccccc;--awb-background-color:#ffffff;--awb-divider-color:#e0dede;--awb-divider-hover-color:#e0dede;--awb-icon-color:#ffffff;--awb-title-color:#333333;--awb-content-color:#747474;--awb-icon-box-color:#ffc107;--awb-toggle-hover-accent-color:#ffc107;--awb-title-font-family:&quot;Raleway&quot;;--awb-title-font-weight:500;--awb-title-font-style:normal;--awb-title-font-size:20px;--awb-title-letter-spacing:0px;--awb-title-line-height:1.1;--awb-content-font-family:&quot;Raleway&quot;;--awb-content-font-style:normal;--awb-content-font-weight:500;\"><div class=\"panel-group fusion-toggle-icon-boxed\" id=\"accordion-69471-1\"><div class=\"fusion-panel panel-default panel-9a21ddc4b55a5117f fusion-toggle-has-divider\" style=\"--awb-title-color:#333333;\"><div class=\"panel-heading\"><h4 class=\"panel-title toggle\" id=\"toggle_9a21ddc4b55a5117f\"><a aria-expanded=\"false\" aria-controls=\"9a21ddc4b55a5117f\" role=\"button\" data-toggle=\"collapse\" data-parent=\"#accordion-69471-1\" data-target=\"#9a21ddc4b55a5117f\" href=\"#9a21ddc4b55a5117f\"><span class=\"fusion-toggle-icon-wrapper\" aria-hidden=\"true\"><i class=\"fa-fusion-box active-icon awb-icon-minus\" aria-hidden=\"true\"><\/i><i class=\"fa-fusion-box inactive-icon awb-icon-plus\" aria-hidden=\"true\"><\/i><\/span><span class=\"fusion-toggle-heading\">Identificaci\u00f3n del tratamiento<\/span><\/a><\/h4><\/div><div id=\"9a21ddc4b55a5117f\" class=\"panel-collapse collapse \" aria-labelledby=\"toggle_9a21ddc4b55a5117f\"><div class=\"panel-body toggle-content fusion-clearfix\">\n<table style=\"width: 100%; border-collapse: collapse; border-style: inset; border-color: #000000;\" border=\"1\">\n<tbody>\n<tr>\n<td style=\"width: 99.9129%; background-color: #ffc107;\" colspan=\"2\"><span style=\"color: #ffffff;\"><strong>Nombre y finalidad<\/strong><\/span><\/td>\n<\/tr>\n<tr>\n<td style=\"width: 18.4669%; text-align: right;\"><span style=\"color: #ffcc00;\"><strong>Nombre<\/strong><\/span><\/td>\n<td style=\"width: 81.446%;\">Contrataci\u00f3n P\u00fablica, encargos a medios propios y convenios<\/td>\n<\/tr>\n<tr>\n<td style=\"width: 18.4669%; text-align: right;\"><span style=\"color: #ffcc00;\"><strong>Descripci\u00f3n finalidad<\/strong><\/span><\/td>\n<td style=\"width: 81.446%;\">\n<p>Tramitaci\u00f3n de la contrataci\u00f3n p\u00fablica en materias propias del Consorcio.<\/p>\n<p>Se tratan datos de personas f\u00edsicas y representantes de entidades jur\u00eddicas que participan en procesos de licitaci\u00f3n p\u00fablica para la contrataci\u00f3n de obras, suministros y servicios, concesiones de obra o de servicio, as\u00ed como contratos privados, encargos a medios propios y convenios celebrados por el Consorcio<\/td>\n<\/tr>\n<\/tbody>\n<\/table>\n<\/div><\/div><\/div><div class=\"fusion-panel panel-default panel-5693b8467b4574b04 fusion-toggle-has-divider\" style=\"--awb-title-color:#333333;\"><div class=\"panel-heading\"><h4 class=\"panel-title toggle\" id=\"toggle_5693b8467b4574b04\"><a aria-expanded=\"false\" aria-controls=\"5693b8467b4574b04\" role=\"button\" data-toggle=\"collapse\" data-parent=\"#accordion-69471-1\" data-target=\"#5693b8467b4574b04\" href=\"#5693b8467b4574b04\"><span class=\"fusion-toggle-icon-wrapper\" aria-hidden=\"true\"><i class=\"fa-fusion-box active-icon awb-icon-minus\" aria-hidden=\"true\"><\/i><i class=\"fa-fusion-box inactive-icon awb-icon-plus\" aria-hidden=\"true\"><\/i><\/span><span class=\"fusion-toggle-heading\">Identificaci\u00f3n del responsable del tratamiento<\/span><\/a><\/h4><\/div><div id=\"5693b8467b4574b04\" class=\"panel-collapse collapse \" aria-labelledby=\"toggle_5693b8467b4574b04\"><div class=\"panel-body toggle-content fusion-clearfix\">\n<table style=\"border-collapse: collapse; width: 100%;\" border=\"1\">\n<tbody>\n<tr style=\"background-color: #ffc107;\">\n<td style=\"width: 100%;\" colspan=\"2\"><span style=\"color: #ffffff;\"><strong>Responsable del tratamiento<\/strong><\/span><\/td>\n<\/tr>\n<tr>\n<td style=\"width: 30.6023%;\"><span style=\"color: #ffcc00;\"><strong>Identidad<\/strong><\/span><\/td>\n<td style=\"width: 69.3977%;\">Consorcio para el Servicio de Prevenci\u00f3n y Extinci\u00f3n de Incendios y de Salvamento de la provincia de Valencia<\/td>\n<\/tr>\n<tr>\n<td style=\"width: 30.6023%;\"><span style=\"color: #ffcc00;\"><strong>Forma de contactar con el responsable<\/strong><\/span><\/td>\n<td style=\"width: 69.3977%;\">\n<p>Por correo electr\u00f3nico en la direcci\u00f3n infobombers@bombersdv.es<\/p>\n<p>Por correo postal, en la direcci\u00f3n Avellanas 14, 46003 Val\u00e8ncia.<\/td>\n<\/tr>\n<tr>\n<td style=\"width: 30.6023%;\"><span style=\"color: #ffcc00;\"><strong>Forma de ejercitar derechos<\/strong><\/span><\/td>\n<td style=\"width: 69.3977%;\">Para solicitar el\u00a0<b>acceso, la rectificaci\u00f3n, supresi\u00f3n o limitaci\u00f3n del tratamiento de los datos personales o para oponerse al tratamiento,<\/b>\u00a0en el caso de se den los requisitos establecidos en el Reglamento General de Protecci\u00f3n de Datos, as\u00ed como en la Ley Org\u00e1nica 3\/2018, de 5 de diciembre, de Protecci\u00f3n de Datos Personal y garant\u00eda de los derechos digitales,\u00a0se\u00a0puede dirigir un escrito al Consorcio en la direcci\u00f3n indicada m\u00e1s arriba\u00a0o en el\u00a0registro electr\u00f3nico https:\/\/sede.bombersdv.es\/<\/td>\n<\/tr>\n<tr>\n<td style=\"width: 30.6023%;\"><span style=\"color: #ffcc00;\"><strong>Unidad responsable de la tramitaci\u00f3n<\/strong><\/span><\/td>\n<td style=\"width: 69.3977%;\">Contrataci\u00f3n<\/td>\n<\/tr>\n<\/tbody>\n<\/table>\n<\/div><\/div><\/div><div class=\"fusion-panel panel-default panel-eba8da034f70cfb31 fusion-toggle-has-divider\" style=\"--awb-title-color:#333333;\"><div class=\"panel-heading\"><h4 class=\"panel-title toggle\" id=\"toggle_eba8da034f70cfb31\"><a aria-expanded=\"false\" aria-controls=\"eba8da034f70cfb31\" role=\"button\" data-toggle=\"collapse\" data-parent=\"#accordion-69471-1\" data-target=\"#eba8da034f70cfb31\" href=\"#eba8da034f70cfb31\"><span class=\"fusion-toggle-icon-wrapper\" aria-hidden=\"true\"><i class=\"fa-fusion-box active-icon awb-icon-minus\" aria-hidden=\"true\"><\/i><i class=\"fa-fusion-box inactive-icon awb-icon-plus\" aria-hidden=\"true\"><\/i><\/span><span class=\"fusion-toggle-heading\">Delegado de protecci\u00f3n de datos<\/span><\/a><\/h4><\/div><div id=\"eba8da034f70cfb31\" class=\"panel-collapse collapse \" aria-labelledby=\"toggle_eba8da034f70cfb31\"><div class=\"panel-body toggle-content fusion-clearfix\">\n<table style=\"border-collapse: collapse; width: 100%;\" border=\"1\">\n<tbody>\n<tr>\n<td style=\"width: 40.9408%;\"><span style=\"color: #ffcc00;\"><b>Datos de Contacto del Delegado de protecci\u00f3n de datos<\/b><\/span><\/td>\n<td style=\"width: 59.0592%;\">Para cualquier consulta o queja relacionada con el tratamiento de estos datos, el Consorcio pone a disposici\u00f3n de los interesados el buz\u00f3n del delegado de protecci\u00f3n de datos dpd@bombersdv.es<\/td>\n<\/tr>\n<\/tbody>\n<\/table>\n<\/div><\/div><\/div><div class=\"fusion-panel panel-default panel-73583ebbdf5b250f4 fusion-toggle-has-divider\" style=\"--awb-title-color:#333333;\"><div class=\"panel-heading\"><h4 class=\"panel-title toggle\" id=\"toggle_73583ebbdf5b250f4\"><a aria-expanded=\"false\" aria-controls=\"73583ebbdf5b250f4\" role=\"button\" data-toggle=\"collapse\" data-parent=\"#accordion-69471-1\" data-target=\"#73583ebbdf5b250f4\" href=\"#73583ebbdf5b250f4\"><span class=\"fusion-toggle-icon-wrapper\" aria-hidden=\"true\"><i class=\"fa-fusion-box active-icon awb-icon-minus\" aria-hidden=\"true\"><\/i><i class=\"fa-fusion-box inactive-icon awb-icon-plus\" aria-hidden=\"true\"><\/i><\/span><span class=\"fusion-toggle-heading\">Licitud del tratamiento<\/span><\/a><\/h4><\/div><div id=\"73583ebbdf5b250f4\" class=\"panel-collapse collapse \" aria-labelledby=\"toggle_73583ebbdf5b250f4\"><div class=\"panel-body toggle-content fusion-clearfix\">\n<table style=\"border-collapse: collapse; width: 100%;\" border=\"1\">\n<tbody>\n<tr>\n<td style=\"width: 100%; background-color: #ffc107;\"><span style=\"color: #ffffff;\">Base jur\u00eddica<\/span><\/td>\n<\/tr>\n<tr>\n<td style=\"width: 100%;\">\n<p>La base jur\u00eddica es el art\u00edculo 6.1.c) del RGPD: el tratamiento es necesario para el cumplimiento de una obligaci\u00f3n legal aplicable al responsable del tratamiento, de acuerdo con la Ley 9\/2017, de 8 de noviembre, de Contratos del Sector P\u00fablico<\/p>\n<p>As\u00ed como el art\u00edculo 6.1. b) del RGPD: el tratamiento es necesario para la ejecuci\u00f3n de un contrato en el que el interesado es parte o para la aplicaci\u00f3n a petici\u00f3n de este de medidas precontractuales.<\/p>\n<p>En el caso de tratamientos de datos necesarios para la suscripci\u00f3n de un convenio, la licitud se basar\u00e1 en el art\u00edculo 6.1 e) RGPD relativo al cumplimiento de una misi\u00f3n realizada en inter\u00e9s p\u00fablico, de conformidad con la Ley 40\/2015, de 1 de octubre, de R\u00e9gimen Jur\u00eddico del Sector P\u00fablico y la Ley 7\/1985, de 2 de abril, Reguladora de las Bases del R\u00e9gimen Local.<\/td>\n<\/tr>\n<\/tbody>\n<\/table>\n<\/div><\/div><\/div><div class=\"fusion-panel panel-default panel-eee6a570a3403e931 fusion-toggle-has-divider\" style=\"--awb-title-color:#333333;\"><div class=\"panel-heading\"><h4 class=\"panel-title toggle\" id=\"toggle_eee6a570a3403e931\"><a aria-expanded=\"false\" aria-controls=\"eee6a570a3403e931\" role=\"button\" data-toggle=\"collapse\" data-parent=\"#accordion-69471-1\" data-target=\"#eee6a570a3403e931\" href=\"#eee6a570a3403e931\"><span class=\"fusion-toggle-icon-wrapper\" aria-hidden=\"true\"><i class=\"fa-fusion-box active-icon awb-icon-minus\" aria-hidden=\"true\"><\/i><i class=\"fa-fusion-box inactive-icon awb-icon-plus\" aria-hidden=\"true\"><\/i><\/span><span class=\"fusion-toggle-heading\">Plazos de conservaci\u00f3n<\/span><\/a><\/h4><\/div><div id=\"eee6a570a3403e931\" class=\"panel-collapse collapse \" aria-labelledby=\"toggle_eee6a570a3403e931\"><div class=\"panel-body toggle-content fusion-clearfix\">\n<table style=\"border-collapse: collapse; width: 100%;\" border=\"1\">\n<tbody>\n<tr style=\"background-color: #ffc107;\">\n<td style=\"width: 100%;\"><span style=\"color: #ffffff;\"><strong>Plazos de conservaci\u00f3n<\/strong><\/span><\/td>\n<\/tr>\n<tr>\n<td style=\"width: 100%;\">\n<p>Los datos se conservar\u00e1n el tiempo necesario para el cumplimiento de la finalidad se\u00f1alada y se almacenar\u00e1n mientras el Consorcio para el SPEIS de Val\u00e8ncia\u00a0 pueda tener responsabilidades derivadas de su tratamiento.<\/p>\n<p>Adem\u00e1s, se atender\u00e1 a lo regulado en la normativa de Archivos.<\/p>\n<p>Los datos econ\u00f3micos se conservar\u00e1n al amparo de lo dispuesto en la Ley 58\/2003, de 17 de diciembre, General Tributaria.<\/p>\n<p>En cualquier caso, los datos podr\u00e1n ser conservados, en su caso, con fines de archivo en inter\u00e9s p\u00fablico, fines de investigaci\u00f3n cient\u00edfica e hist\u00f3rica o fines estad\u00edsticos.<\/td>\n<\/tr>\n<\/tbody>\n<\/table>\n<\/div><\/div><\/div><div class=\"fusion-panel panel-default panel-02c1247a212a3dc3c fusion-toggle-has-divider\" style=\"--awb-title-color:#333333;\"><div class=\"panel-heading\"><h4 class=\"panel-title toggle\" id=\"toggle_02c1247a212a3dc3c\"><a aria-expanded=\"false\" aria-controls=\"02c1247a212a3dc3c\" role=\"button\" data-toggle=\"collapse\" data-parent=\"#accordion-69471-1\" data-target=\"#02c1247a212a3dc3c\" href=\"#02c1247a212a3dc3c\"><span class=\"fusion-toggle-icon-wrapper\" aria-hidden=\"true\"><i class=\"fa-fusion-box active-icon awb-icon-minus\" aria-hidden=\"true\"><\/i><i class=\"fa-fusion-box inactive-icon awb-icon-plus\" aria-hidden=\"true\"><\/i><\/span><span class=\"fusion-toggle-heading\">Descripci\u00f3n del tratamiento<\/span><\/a><\/h4><\/div><div id=\"02c1247a212a3dc3c\" class=\"panel-collapse collapse \" aria-labelledby=\"toggle_02c1247a212a3dc3c\"><div class=\"panel-body toggle-content fusion-clearfix\">\n<table style=\"border-collapse: collapse; width: 100%;\" border=\"1\">\n<tbody>\n<tr style=\"height: 24px; background-color: #ffc107;\">\n<td style=\"width: 100%; height: 24px;\"><span style=\"color: #ffffff;\"><strong>Origen y procedencia de los datos<\/strong><\/span><\/td>\n<\/tr>\n<tr style=\"height: 24px;\">\n<td style=\"width: 100%; height: 24px;\">\n<p>Los interesados y sus representantes legales<\/p>\n<p>Otras entidades p\u00fablicas y privadas<\/td>\n<\/tr>\n<tr style=\"height: 24px; background-color: #ffc107;\">\n<td style=\"width: 100%; height: 24px;\"><span style=\"color: #ffffff;\"><strong>Colectivos afectados<\/strong><\/span><\/td>\n<\/tr>\n<tr style=\"height: 23px;\">\n<td style=\"width: 100%; height: 23px;\">Personas f\u00edsicas y representantes de entidades jur\u00eddicas que participan en procesos de licitaci\u00f3n p\u00fablica, contratos privados, encargos a medios propios y convenios.<br \/>\nProveedores y Empleados p\u00fablicos intervinientes<\/td>\n<\/tr>\n<\/tbody>\n<\/table>\n<\/div><\/div><\/div><div class=\"fusion-panel panel-default panel-abd3111090d56133e fusion-toggle-has-divider\" style=\"--awb-title-color:#333333;\"><div class=\"panel-heading\"><h4 class=\"panel-title toggle\" id=\"toggle_abd3111090d56133e\"><a aria-expanded=\"false\" aria-controls=\"abd3111090d56133e\" role=\"button\" data-toggle=\"collapse\" data-parent=\"#accordion-69471-1\" data-target=\"#abd3111090d56133e\" href=\"#abd3111090d56133e\"><span class=\"fusion-toggle-icon-wrapper\" aria-hidden=\"true\"><i class=\"fa-fusion-box active-icon awb-icon-minus\" aria-hidden=\"true\"><\/i><i class=\"fa-fusion-box inactive-icon awb-icon-plus\" aria-hidden=\"true\"><\/i><\/span><span class=\"fusion-toggle-heading\">Categor\u00edas de los datos tratados<\/span><\/a><\/h4><\/div><div id=\"abd3111090d56133e\" class=\"panel-collapse collapse \" aria-labelledby=\"toggle_abd3111090d56133e\"><div class=\"panel-body toggle-content fusion-clearfix\">\n<table style=\"border-collapse: collapse; width: 100%;\" border=\"1\">\n<tbody>\n<tr style=\"height: 24px; background-color: #ffc107;\">\n<td style=\"width: 20.7317%; height: 24px;\" colspan=\"2\"><span style=\"color: #ffffff;\"><strong>Tipolog\u00edas de los datos<\/strong><\/span><\/td>\n<\/tr>\n<tr style=\"height: 24px;\">\n<td style=\"width: 20.7317%; height: 24px;\"><span style=\"color: #ffcc00;\"><strong>Infracciones<\/strong><\/span><\/td>\n<td style=\"width: 79.2683%; height: 24px;\">No est\u00e1n previstas<\/td>\n<\/tr>\n<tr style=\"height: 24px;\">\n<td style=\"width: 20.7317%; height: 24px;\"><span style=\"color: #ffcc00;\"><strong>Categor\u00edas especiales de datos<\/strong><\/span><\/td>\n<td style=\"width: 79.2683%; height: 24px;\">No est\u00e1n previstos<\/td>\n<\/tr>\n<tr style=\"height: 24px;\">\n<td style=\"width: 20.7317%; height: 24px;\"><span style=\"color: #ffcc00;\"><strong>Datos identificativos<\/strong><\/span><\/td>\n<td style=\"width: 79.2683%; height: 24px;\">Nombre y apellidos; NIF (NIE, Pasaporte o n\u00famero de tarjeta de residencia) ; direcci\u00f3n; tel\u00e9fono, correo electr\u00f3nico y\/o domicilio; firma.<\/td>\n<\/tr>\n<tr style=\"height: 24px;\">\n<td style=\"width: 20.7317%; height: 24px;\"><span style=\"color: #ffcc00;\"><strong>Otros<\/strong><\/span><\/td>\n<td style=\"width: 79.2683%; height: 24px;\">\n<p>Datos profesionales: puesto o cargo ocupados. Datos econ\u00f3micos: estar al corriente de los pagos en la Seguridad Social, AEAT y otras administraciones, solvencia, n\u00famero de cuenta, etc. Datos acad\u00e9micos y de empleo.<\/p>\n<p>En su caso \u00a0se tratar\u00e1n aquellos datos personales necesarios para asegurar que las personas participantes en el procedimiento no est\u00e1n incursas en ning\u00fan conflicto de intereses que pueda comprometer su imparcialidad e independencia durante el mismo.<\/td>\n<\/tr>\n<\/tbody>\n<\/table>\n<\/div><\/div><\/div><div class=\"fusion-panel panel-default panel-20eae0e236f0db1f4 fusion-toggle-has-divider\" style=\"--awb-title-color:#333333;\"><div class=\"panel-heading\"><h4 class=\"panel-title toggle\" id=\"toggle_20eae0e236f0db1f4\"><a aria-expanded=\"false\" aria-controls=\"20eae0e236f0db1f4\" role=\"button\" data-toggle=\"collapse\" data-parent=\"#accordion-69471-1\" data-target=\"#20eae0e236f0db1f4\" href=\"#20eae0e236f0db1f4\"><span class=\"fusion-toggle-icon-wrapper\" aria-hidden=\"true\"><i class=\"fa-fusion-box active-icon awb-icon-minus\" aria-hidden=\"true\"><\/i><i class=\"fa-fusion-box inactive-icon awb-icon-plus\" aria-hidden=\"true\"><\/i><\/span><span class=\"fusion-toggle-heading\">Medidas de seguridad<\/span><\/a><\/h4><\/div><div id=\"20eae0e236f0db1f4\" class=\"panel-collapse collapse \" aria-labelledby=\"toggle_20eae0e236f0db1f4\"><div class=\"panel-body toggle-content fusion-clearfix\">\n<table style=\"border-collapse: collapse; width: 100%;\" border=\"1\">\n<tbody>\n<tr style=\"height: 24px; background-color: #ffc107;\">\n<td style=\"width: 100%; height: 24px;\"><span style=\"color: #ffffff;\"><strong>Medidas t\u00e9cnicas y organizativas aplicadas<\/strong><\/span><\/td>\n<\/tr>\n<tr style=\"height: 168px;\">\n<td style=\"width: 100%; height: 168px;\">\n<p>Las medidas de seguridad garantizar\u00e1n la confidencialidad, integridad, disponibilidad y resiliencia permanentes de los sistemas y servicios de tratamiento que resulten apropiadas para garantizar un nivel de seguridad adecuado al riesgo del tratamiento, en los t\u00e9rminos exigidos por el art\u00edculo 32.1 del RGPD.<\/p>\n<p>Se corresponden con las previstas en el Anexo II del Real Decreto 311\/2022, de 3 de mayo, por el que se regula el Esquema Nacional de Seguridad. y en el marco de los documentos que conforman la Pol\u00edtica de protecci\u00f3n de seguridad de la informaci\u00f3n del Consorcio<\/td>\n<\/tr>\n<\/tbody>\n<\/table>\n<\/div><\/div><\/div><div class=\"fusion-panel panel-default panel-1b7029309d86dafe0 fusion-toggle-has-divider\" style=\"--awb-title-color:#333333;\"><div class=\"panel-heading\"><h4 class=\"panel-title toggle\" id=\"toggle_1b7029309d86dafe0\"><a aria-expanded=\"false\" aria-controls=\"1b7029309d86dafe0\" role=\"button\" data-toggle=\"collapse\" data-parent=\"#accordion-69471-1\" data-target=\"#1b7029309d86dafe0\" href=\"#1b7029309d86dafe0\"><span class=\"fusion-toggle-icon-wrapper\" aria-hidden=\"true\"><i class=\"fa-fusion-box active-icon awb-icon-minus\" aria-hidden=\"true\"><\/i><i class=\"fa-fusion-box inactive-icon awb-icon-plus\" aria-hidden=\"true\"><\/i><\/span><span class=\"fusion-toggle-heading\">Comunicaciones de datos<\/span><\/a><\/h4><\/div><div id=\"1b7029309d86dafe0\" class=\"panel-collapse collapse \" aria-labelledby=\"toggle_1b7029309d86dafe0\"><div class=\"panel-body toggle-content fusion-clearfix\">\n<table style=\"border-collapse: collapse; width: 100%;\" border=\"1\">\n<tbody>\n<tr style=\"height: 24px; background-color: #ffc107;\">\n<td style=\"width: 100%; height: 24px;\"><span style=\"color: #ffffff;\"><strong>Categor\u00edas de destinatarios de comunicaciones<\/strong><\/span><\/td>\n<\/tr>\n<tr style=\"height: 24px;\">\n<td style=\"width: 100%; height: 24px;\">Por obligaci\u00f3n legal, se prev\u00e9n comunicaciones a:<\/p>\n<ul>\n<li>Tribunal de Cuentas y Sindicatura de Cuentas de la Comunitat Valenciana<\/li>\n<li>Juzgados y Tribunales de Justicia<\/li>\n<li>Autoridad Independiente de Protecci\u00f3n del Informante, as\u00ed como a la Agencia Valenciana Antifraude, en su caso.<\/li>\n<li>Agencia Estatal de Administraci\u00f3n Tributaria (AEAT)<\/li>\n<li>Tribunal de Contratos P\u00fablicos<\/li>\n<li>Registro P\u00fablico de Contratos<\/li>\n<li>Registro de convenios<\/li>\n<li>DOUE y otros boletines oficiales<\/li>\n<li>De acuerdo con la LCSP, se realizar\u00e1n publicaciones a trav\u00e9s de la Plataforma de contrataci\u00f3n del sector p\u00fablico<\/li>\n<li>Tambi\u00e9n se realizar\u00e1n publicaciones en el Portal de Transparencia del Consorcio, de acuerdo con la LTBG y LTCV, as\u00ed como en el perfil del contratista del portal web del Consorcio y por conexi\u00f3n con el de\u00a0la Diputaci\u00f3n Provincial de Val\u00e8ncia<\/li>\n<li>Entidades bancarias en los supuestos de pagos ordenados por el Consorcio.<\/li>\n<\/ul>\n<\/td>\n<\/tr>\n<\/tbody>\n<\/table>\n<\/div><\/div><\/div><div class=\"fusion-panel panel-default panel-6f530395fd3d3f7fd fusion-toggle-has-divider\"><div class=\"panel-heading\"><h4 class=\"panel-title toggle\" id=\"toggle_6f530395fd3d3f7fd\"><a aria-expanded=\"false\" aria-controls=\"6f530395fd3d3f7fd\" role=\"button\" data-toggle=\"collapse\" data-parent=\"#accordion-69471-1\" data-target=\"#6f530395fd3d3f7fd\" href=\"#6f530395fd3d3f7fd\"><span class=\"fusion-toggle-icon-wrapper\" aria-hidden=\"true\"><i class=\"fa-fusion-box active-icon awb-icon-minus\" aria-hidden=\"true\"><\/i><i class=\"fa-fusion-box inactive-icon awb-icon-plus\" aria-hidden=\"true\"><\/i><\/span><span class=\"fusion-toggle-heading\">Transferencias internaciones de datos<\/span><\/a><\/h4><\/div><div id=\"6f530395fd3d3f7fd\" class=\"panel-collapse collapse \" aria-labelledby=\"toggle_6f530395fd3d3f7fd\"><div class=\"panel-body toggle-content fusion-clearfix\">\n<p>No est\u00e1n previstas<\/p>\n<\/div><\/div><\/div><\/div><\/div><\/div><\/div><\/div><\/div>\n","protected":false},"excerpt":{"rendered":"","protected":false},"author":183,"featured_media":0,"parent":18476,"menu_order":0,"comment_status":"closed","ping_status":"closed","template":"","meta":{"footnotes":""},"class_list":["post-69471","page","type-page","status-publish","hentry"],"_links":{"self":[{"href":"https:\/\/www.bombersdv.es\/es\/wp-json\/wp\/v2\/pages\/69471"}],"collection":[{"href":"https:\/\/www.bombersdv.es\/es\/wp-json\/wp\/v2\/pages"}],"about":[{"href":"https:\/\/www.bombersdv.es\/es\/wp-json\/wp\/v2\/types\/page"}],"author":[{"embeddable":true,"href":"https:\/\/www.bombersdv.es\/es\/wp-json\/wp\/v2\/users\/183"}],"replies":[{"embeddable":true,"href":"https:\/\/www.bombersdv.es\/es\/wp-json\/wp\/v2\/comments?post=69471"}],"version-history":[{"count":9,"href":"https:\/\/www.bombersdv.es\/es\/wp-json\/wp\/v2\/pages\/69471\/revisions"}],"predecessor-version":[{"id":69498,"href":"https:\/\/www.bombersdv.es\/es\/wp-json\/wp\/v2\/pages\/69471\/revisions\/69498"}],"up":[{"embeddable":true,"href":"https:\/\/www.bombersdv.es\/es\/wp-json\/wp\/v2\/pages\/18476"}],"wp:attachment":[{"href":"https:\/\/www.bombersdv.es\/es\/wp-json\/wp\/v2\/media?parent=69471"}],"curies":[{"name":"wp","href":"https:\/\/api.w.org\/{rel}","templated":true}]}}