{"id":69750,"date":"2024-06-21T14:23:09","date_gmt":"2024-06-21T12:23:09","guid":{"rendered":"https:\/\/www.bombersdv.es\/?page_id=69750"},"modified":"2024-07-12T15:06:25","modified_gmt":"2024-07-12T13:06:25","slug":"actividad-de-tratamiento-de-datos-gestion-presupuestaria-y-contable","status":"publish","type":"page","link":"https:\/\/www.bombersdv.es\/es\/portal-de-transparencia\/actividad-de-tratamiento-de-datos-gestion-presupuestaria-y-contable\/","title":{"rendered":"ACTIVIDAD DE TRATAMIENTO DE DATOS: Gesti\u00f3n Presupuestaria y Contable"},"content":{"rendered":"<div class=\"fusion-fullwidth fullwidth-box fusion-builder-row-1 fusion-flex-container nonhundred-percent-fullwidth non-hundred-percent-height-scrolling\" style=\"--awb-border-radius-top-left:0px;--awb-border-radius-top-right:0px;--awb-border-radius-bottom-right:0px;--awb-border-radius-bottom-left:0px;--awb-flex-wrap:wrap;\" ><div class=\"fusion-builder-row fusion-row fusion-flex-align-items-flex-start fusion-flex-content-wrap\" style=\"max-width:1248px;margin-left: calc(-4% \/ 2 );margin-right: calc(-4% \/ 2 );\"><div class=\"fusion-layout-column fusion_builder_column fusion-builder-column-0 fusion_builder_column_1_1 1_1 fusion-flex-column\" style=\"--awb-bg-size:cover;--awb-width-large:100%;--awb-margin-top-large:0px;--awb-spacing-right-large:1.92%;--awb-margin-bottom-large:20px;--awb-spacing-left-large:1.92%;--awb-width-medium:100%;--awb-order-medium:0;--awb-spacing-right-medium:1.92%;--awb-spacing-left-medium:1.92%;--awb-width-small:100%;--awb-order-small:0;--awb-spacing-right-small:1.92%;--awb-spacing-left-small:1.92%;\"><div class=\"fusion-column-wrapper fusion-column-has-shadow fusion-flex-justify-content-flex-start fusion-content-layout-column\"><div class=\"fusion-text fusion-text-1\"><h3><span style=\"color: #ffcc00;\"><strong>ACTIVIDAD DE TRATAMIENTO: Gesti\u00f3n Presupuestaria y Contable<\/strong><\/span><\/h3>\n<p><span style=\"color: #808080;\"><em>Ultima actualizaci\u00f3n: junio 2024\u00a0<\/em><\/span><\/p>\n<\/div><div class=\"fusion-separator fusion-full-width-sep\" style=\"align-self: center;margin-left: auto;margin-right: auto;width:100%;\"><div class=\"fusion-separator-border sep-single sep-solid\" style=\"--awb-height:20px;--awb-amount:20px;--awb-sep-color:#ffbf00;border-color:#ffbf00;border-top-width:2px;\"><\/div><\/div><div class=\"accordian fusion-accordian\" style=\"--awb-border-size:1px;--awb-icon-size:13px;--awb-content-font-size:15px;--awb-icon-alignment:left;--awb-hover-color:#f9f9f9;--awb-border-color:#cccccc;--awb-background-color:#ffffff;--awb-divider-color:#e0dede;--awb-divider-hover-color:#e0dede;--awb-icon-color:#ffffff;--awb-title-color:#333333;--awb-content-color:#747474;--awb-icon-box-color:#ffc107;--awb-toggle-hover-accent-color:#ffc107;--awb-title-font-family:&quot;Raleway&quot;;--awb-title-font-weight:500;--awb-title-font-style:normal;--awb-title-font-size:20px;--awb-title-letter-spacing:0px;--awb-title-line-height:1.1;--awb-content-font-family:&quot;Raleway&quot;;--awb-content-font-style:normal;--awb-content-font-weight:500;\"><div class=\"panel-group fusion-toggle-icon-boxed\" id=\"accordion-69750-1\"><div class=\"fusion-panel panel-default panel-f83fa23f4ac0ae620 fusion-toggle-has-divider\" style=\"--awb-title-color:#333333;\"><div class=\"panel-heading\"><h4 class=\"panel-title toggle\" id=\"toggle_f83fa23f4ac0ae620\"><a aria-expanded=\"false\" aria-controls=\"f83fa23f4ac0ae620\" role=\"button\" data-toggle=\"collapse\" data-parent=\"#accordion-69750-1\" data-target=\"#f83fa23f4ac0ae620\" href=\"#f83fa23f4ac0ae620\"><span class=\"fusion-toggle-icon-wrapper\" aria-hidden=\"true\"><i class=\"fa-fusion-box active-icon awb-icon-minus\" aria-hidden=\"true\"><\/i><i class=\"fa-fusion-box inactive-icon awb-icon-plus\" aria-hidden=\"true\"><\/i><\/span><span class=\"fusion-toggle-heading\">Identificaci\u00f3n del tratamiento<\/span><\/a><\/h4><\/div><div id=\"f83fa23f4ac0ae620\" class=\"panel-collapse collapse \" aria-labelledby=\"toggle_f83fa23f4ac0ae620\"><div class=\"panel-body toggle-content fusion-clearfix\">\n<table style=\"width: 100%; border-collapse: collapse; border-style: inset; border-color: #000000;\" border=\"1\">\n<tbody>\n<tr>\n<td style=\"width: 99.9129%; background-color: #ffc107;\" colspan=\"2\"><span style=\"color: #ffffff;\"><strong>Nombre y finalidad<\/strong><\/span><\/td>\n<\/tr>\n<tr>\n<td style=\"width: 18.4669%; text-align: right;\"><span style=\"color: #ffcc00;\"><strong>Nombre<\/strong><\/span><\/td>\n<td style=\"width: 81.446%;\">Gesti\u00f3n Presupuestaria y Contable<\/td>\n<\/tr>\n<tr>\n<td style=\"width: 18.4669%; text-align: right;\"><span style=\"color: #ffcc00;\"><strong>Descripci\u00f3n finalidad<\/strong><\/span><\/td>\n<td style=\"width: 81.446%;\">Tramitaci\u00f3n de expedientes de gasto e ingresos derivados de la ejecuci\u00f3n del presupuesto del Consorcio y de su actividad de recaudaci\u00f3n incluida la fiscalizaci\u00f3n de los ingresos y gastos del mismo y la realizaci\u00f3n de los pagos correspondientes; gesti\u00f3n de facturaci\u00f3n, control presupuestario y gesti\u00f3n fiscal.<\/td>\n<\/tr>\n<\/tbody>\n<\/table>\n<\/div><\/div><\/div><div class=\"fusion-panel panel-default panel-a3109e0d2c6b15558 fusion-toggle-has-divider\" style=\"--awb-title-color:#333333;\"><div class=\"panel-heading\"><h4 class=\"panel-title toggle\" id=\"toggle_a3109e0d2c6b15558\"><a aria-expanded=\"false\" aria-controls=\"a3109e0d2c6b15558\" role=\"button\" data-toggle=\"collapse\" data-parent=\"#accordion-69750-1\" data-target=\"#a3109e0d2c6b15558\" href=\"#a3109e0d2c6b15558\"><span class=\"fusion-toggle-icon-wrapper\" aria-hidden=\"true\"><i class=\"fa-fusion-box active-icon awb-icon-minus\" aria-hidden=\"true\"><\/i><i class=\"fa-fusion-box inactive-icon awb-icon-plus\" aria-hidden=\"true\"><\/i><\/span><span class=\"fusion-toggle-heading\">Identificaci\u00f3n del responsable del tratamiento<\/span><\/a><\/h4><\/div><div id=\"a3109e0d2c6b15558\" class=\"panel-collapse collapse \" aria-labelledby=\"toggle_a3109e0d2c6b15558\"><div class=\"panel-body toggle-content fusion-clearfix\">\n<table style=\"border-collapse: collapse; width: 100%;\" border=\"1\">\n<tbody>\n<tr style=\"background-color: #ffc107;\">\n<td style=\"width: 100%;\" colspan=\"2\"><span style=\"color: #ffffff;\"><strong>Responsable del tratamiento<\/strong><\/span><\/td>\n<\/tr>\n<tr>\n<td style=\"width: 30.6023%;\"><span style=\"color: #ffcc00;\"><strong>Identidad<\/strong><\/span><\/td>\n<td style=\"width: 69.3977%;\">Consorcio para el Servicio de Prevenci\u00f3n y Extinci\u00f3n de Incendios y de Salvamento de la provincia de Valencia<\/td>\n<\/tr>\n<tr>\n<td style=\"width: 30.6023%;\"><span style=\"color: #ffcc00;\"><strong>Forma de contactar con el responsable<\/strong><\/span><\/td>\n<td style=\"width: 69.3977%;\">\n<p>Por correo electr\u00f3nico en la direcci\u00f3n infobombers@bombersdv.es<\/p>\n<p>Por correo postal, en la direcci\u00f3n Avellanas 14, 46003 Val\u00e8ncia.<\/td>\n<\/tr>\n<tr>\n<td style=\"width: 30.6023%;\"><span style=\"color: #ffcc00;\"><strong>Forma de ejercitar derechos<\/strong><\/span><\/td>\n<td style=\"width: 69.3977%;\">Para solicitar el\u00a0<b>acceso, la rectificaci\u00f3n, supresi\u00f3n o limitaci\u00f3n del tratamiento de los datos personales o para oponerse al tratamiento,<\/b>\u00a0en el caso de se den los requisitos establecidos en el Reglamento General de Protecci\u00f3n de Datos, as\u00ed como en la Ley Org\u00e1nica 3\/2018, de 5 de diciembre, de Protecci\u00f3n de Datos Personal y garant\u00eda de los derechos digitales,\u00a0se\u00a0puede dirigir un escrito al Consorcio en la direcci\u00f3n indicada m\u00e1s arriba\u00a0o en el\u00a0registro electr\u00f3nico https:\/\/sede.bombersdv.es\/<\/td>\n<\/tr>\n<tr>\n<td style=\"width: 30.6023%;\"><span style=\"color: #ffcc00;\"><strong>Unidad responsable de la tramitaci\u00f3n<\/strong><\/span><\/td>\n<td style=\"width: 69.3977%;\"><\/td>\n<\/tr>\n<\/tbody>\n<\/table>\n<\/div><\/div><\/div><div class=\"fusion-panel panel-default panel-c65140acfac6c268b fusion-toggle-has-divider\" style=\"--awb-title-color:#333333;\"><div class=\"panel-heading\"><h4 class=\"panel-title toggle\" id=\"toggle_c65140acfac6c268b\"><a aria-expanded=\"false\" aria-controls=\"c65140acfac6c268b\" role=\"button\" data-toggle=\"collapse\" data-parent=\"#accordion-69750-1\" data-target=\"#c65140acfac6c268b\" href=\"#c65140acfac6c268b\"><span class=\"fusion-toggle-icon-wrapper\" aria-hidden=\"true\"><i class=\"fa-fusion-box active-icon awb-icon-minus\" aria-hidden=\"true\"><\/i><i class=\"fa-fusion-box inactive-icon awb-icon-plus\" aria-hidden=\"true\"><\/i><\/span><span class=\"fusion-toggle-heading\">Delegado de protecci\u00f3n de datos<\/span><\/a><\/h4><\/div><div id=\"c65140acfac6c268b\" class=\"panel-collapse collapse \" aria-labelledby=\"toggle_c65140acfac6c268b\"><div class=\"panel-body toggle-content fusion-clearfix\">\n<table style=\"border-collapse: collapse; width: 100%;\" border=\"1\">\n<tbody>\n<tr>\n<td style=\"width: 40.9408%;\"><span style=\"color: #ffcc00;\"><b>Datos de Contacto del Delegado de protecci\u00f3n de datos<\/b><\/span><\/td>\n<td style=\"width: 59.0592%;\">Para cualquier consulta o queja relacionada con el tratamiento de estos datos, el Consorcio pone a disposici\u00f3n de los interesados el buz\u00f3n del delegado de protecci\u00f3n de datos dpd@bombersdv.es<\/td>\n<\/tr>\n<\/tbody>\n<\/table>\n<\/div><\/div><\/div><div class=\"fusion-panel panel-default panel-f3ebdea796b9a450d fusion-toggle-has-divider\" style=\"--awb-title-color:#333333;\"><div class=\"panel-heading\"><h4 class=\"panel-title toggle\" id=\"toggle_f3ebdea796b9a450d\"><a aria-expanded=\"false\" aria-controls=\"f3ebdea796b9a450d\" role=\"button\" data-toggle=\"collapse\" data-parent=\"#accordion-69750-1\" data-target=\"#f3ebdea796b9a450d\" href=\"#f3ebdea796b9a450d\"><span class=\"fusion-toggle-icon-wrapper\" aria-hidden=\"true\"><i class=\"fa-fusion-box active-icon awb-icon-minus\" aria-hidden=\"true\"><\/i><i class=\"fa-fusion-box inactive-icon awb-icon-plus\" aria-hidden=\"true\"><\/i><\/span><span class=\"fusion-toggle-heading\">Licitud del tratamiento<\/span><\/a><\/h4><\/div><div id=\"f3ebdea796b9a450d\" class=\"panel-collapse collapse \" aria-labelledby=\"toggle_f3ebdea796b9a450d\"><div class=\"panel-body toggle-content fusion-clearfix\">\n<table style=\"border-collapse: collapse; width: 100%;\" border=\"1\">\n<tbody>\n<tr>\n<td style=\"width: 100%; background-color: #ffc107;\"><span style=\"color: #ffffff;\">Base jur\u00eddica<\/span><\/td>\n<\/tr>\n<tr>\n<td style=\"width: 100%;\">La base jur\u00eddica es el art\u00edculo 6.1.c) del RGPD: el tratamiento es necesario para el cumplimiento de una obligaci\u00f3n legal aplicable al responsable del tratamiento, de acuerdo con:<\/p>\n<ul>\n<li>Ley 7\/1985, de 2 de abril, Reguladora de las Bases del R\u00e9gimen Local.<\/li>\n<li>Real Decreto Legislativo 2\/2004, de 5 de marzo, por el que se aprueba el texto refundido de la Ley Reguladora de las Haciendas Locales.<\/li>\n<li>Ley 47\/2003, de 26 de noviembre, General Presupuestaria.<\/li>\n<li>Ley Org\u00e1nica 2\/2012, de 27 de abril, de Estabilidad Presupuestaria y Sostenibilidad Financiera.<\/li>\n<li>Ley 9\/2017, de 8 de noviembre, de Contratos del Sector P\u00fablico.<\/li>\n<li>Ley 47\/2003, de 26 de noviembre, General Presupuestaria.<\/li>\n<li>Ley 58\/2003, de 17 de diciembre, General Tributaria.<\/li>\n<li>Ley 38\/2003, de 17 de noviembre, General de Subvenciones.<\/li>\n<li>Ley 40\/2015, de 1 de octubre, de R\u00e9gimen Jur\u00eddico del Sector P\u00fablico.<\/li>\n<li>Otra normativa en materia contable y presupuestaria aplicable.<\/li>\n<\/ul>\n<\/td>\n<\/tr>\n<\/tbody>\n<\/table>\n<\/div><\/div><\/div><div class=\"fusion-panel panel-default panel-94ead90b98905bf55 fusion-toggle-has-divider\" style=\"--awb-title-color:#333333;\"><div class=\"panel-heading\"><h4 class=\"panel-title toggle\" id=\"toggle_94ead90b98905bf55\"><a aria-expanded=\"false\" aria-controls=\"94ead90b98905bf55\" role=\"button\" data-toggle=\"collapse\" data-parent=\"#accordion-69750-1\" data-target=\"#94ead90b98905bf55\" href=\"#94ead90b98905bf55\"><span class=\"fusion-toggle-icon-wrapper\" aria-hidden=\"true\"><i class=\"fa-fusion-box active-icon awb-icon-minus\" aria-hidden=\"true\"><\/i><i class=\"fa-fusion-box inactive-icon awb-icon-plus\" aria-hidden=\"true\"><\/i><\/span><span class=\"fusion-toggle-heading\">Plazos de conservaci\u00f3n<\/span><\/a><\/h4><\/div><div id=\"94ead90b98905bf55\" class=\"panel-collapse collapse \" aria-labelledby=\"toggle_94ead90b98905bf55\"><div class=\"panel-body toggle-content fusion-clearfix\">\n<table style=\"border-collapse: collapse; width: 100%;\" border=\"1\">\n<tbody>\n<tr style=\"background-color: #ffc107;\">\n<td style=\"width: 100%;\"><span style=\"color: #ffffff;\"><strong>Plazos de conservaci\u00f3n<\/strong><\/span><\/td>\n<\/tr>\n<tr>\n<td style=\"width: 100%;\">Se conservar\u00e1n durante el tiempo necesario para cumplir con la finalidad para la que se recabaron y para determinar las posibles responsabilidades que se pudieran derivar de dicha finalidad y del tratamiento de los datos, conforme a la Ley 58\/2003, de 17 de diciembre, General Tributaria, adem\u00e1s de los periodos establecidos en la normativa de archivos y documentaci\u00f3n.<\/td>\n<\/tr>\n<\/tbody>\n<\/table>\n<\/div><\/div><\/div><div class=\"fusion-panel panel-default panel-bd5a48884eff7d51a fusion-toggle-has-divider\" style=\"--awb-title-color:#333333;\"><div class=\"panel-heading\"><h4 class=\"panel-title toggle\" id=\"toggle_bd5a48884eff7d51a\"><a aria-expanded=\"false\" aria-controls=\"bd5a48884eff7d51a\" role=\"button\" data-toggle=\"collapse\" data-parent=\"#accordion-69750-1\" data-target=\"#bd5a48884eff7d51a\" href=\"#bd5a48884eff7d51a\"><span class=\"fusion-toggle-icon-wrapper\" aria-hidden=\"true\"><i class=\"fa-fusion-box active-icon awb-icon-minus\" aria-hidden=\"true\"><\/i><i class=\"fa-fusion-box inactive-icon awb-icon-plus\" aria-hidden=\"true\"><\/i><\/span><span class=\"fusion-toggle-heading\">Descripci\u00f3n del tratamiento<\/span><\/a><\/h4><\/div><div id=\"bd5a48884eff7d51a\" class=\"panel-collapse collapse \" aria-labelledby=\"toggle_bd5a48884eff7d51a\"><div class=\"panel-body toggle-content fusion-clearfix\">\n<table style=\"border-collapse: collapse; width: 100%;\" border=\"1\">\n<tbody>\n<tr style=\"height: 24px; background-color: #ffc107;\">\n<td style=\"width: 100%; height: 24px;\"><span style=\"color: #ffffff;\"><strong>Origen y procedencia de los datos<\/strong><\/span><\/td>\n<\/tr>\n<tr style=\"height: 24px;\">\n<td style=\"width: 100%; height: 24px;\">De la propia persona afectada o su representante legal, as\u00ed como de Administraciones p\u00fablicas o entidades privadas, en su caso.<\/td>\n<\/tr>\n<tr style=\"height: 24px; background-color: #ffc107;\">\n<td style=\"width: 100%; height: 24px;\"><span style=\"color: #ffffff;\"><strong>Colectivos afectados<\/strong><\/span><\/td>\n<\/tr>\n<tr style=\"height: 23px;\">\n<td style=\"width: 100%; height: 23px;\">Personas f\u00edsicas o representantes de entidades jur\u00eddicas que tengan relaciones econ\u00f3micas con el Consorcio.<\/td>\n<\/tr>\n<\/tbody>\n<\/table>\n<\/div><\/div><\/div><div class=\"fusion-panel panel-default panel-8cdd5665bf18a7be3 fusion-toggle-has-divider\" style=\"--awb-title-color:#333333;\"><div class=\"panel-heading\"><h4 class=\"panel-title toggle\" id=\"toggle_8cdd5665bf18a7be3\"><a aria-expanded=\"false\" aria-controls=\"8cdd5665bf18a7be3\" role=\"button\" data-toggle=\"collapse\" data-parent=\"#accordion-69750-1\" data-target=\"#8cdd5665bf18a7be3\" href=\"#8cdd5665bf18a7be3\"><span class=\"fusion-toggle-icon-wrapper\" aria-hidden=\"true\"><i class=\"fa-fusion-box active-icon awb-icon-minus\" aria-hidden=\"true\"><\/i><i class=\"fa-fusion-box inactive-icon awb-icon-plus\" aria-hidden=\"true\"><\/i><\/span><span class=\"fusion-toggle-heading\">Categor\u00edas de los datos tratados<\/span><\/a><\/h4><\/div><div id=\"8cdd5665bf18a7be3\" class=\"panel-collapse collapse \" aria-labelledby=\"toggle_8cdd5665bf18a7be3\"><div class=\"panel-body toggle-content fusion-clearfix\">\n<table style=\"border-collapse: collapse; width: 100%;\" border=\"1\">\n<tbody>\n<tr style=\"height: 24px; background-color: #ffc107;\">\n<td style=\"width: 20.7317%; height: 24px;\" colspan=\"2\"><span style=\"color: #ffffff;\"><strong>Tipolog\u00edas de los datos<\/strong><\/span><\/td>\n<\/tr>\n<tr style=\"height: 24px;\">\n<td style=\"width: 20.7317%; height: 24px;\"><span style=\"color: #ffcc00;\"><strong>Infracciones<\/strong><\/span><\/td>\n<td style=\"width: 79.2683%; height: 24px;\">No est\u00e1n previstas<\/td>\n<\/tr>\n<tr style=\"height: 24px;\">\n<td style=\"width: 20.7317%; height: 24px;\"><span style=\"color: #ffcc00;\"><strong>Categor\u00edas especiales de datos<\/strong><\/span><\/td>\n<td style=\"width: 79.2683%; height: 24px;\">No est\u00e1n previstas<\/td>\n<\/tr>\n<tr style=\"height: 24px;\">\n<td style=\"width: 20.7317%; height: 24px;\"><span style=\"color: #ffcc00;\"><strong>Datos identificativos<\/strong><\/span><\/td>\n<td style=\"width: 79.2683%; height: 24px;\">Nombre y apellidos; NIF (NIE, Pasaporte o N\u00ba Tarjeta de residencia); Direcci\u00f3n; Tel\u00e9fono; Correo electr\u00f3nico; Firma.<\/td>\n<\/tr>\n<tr style=\"height: 24px;\">\n<td style=\"width: 20.7317%; height: 24px;\"><span style=\"color: #ffcc00;\"><strong>Otros<\/strong><\/span><\/td>\n<td style=\"width: 79.2683%; height: 24px;\">Detalles del empleo; Informaci\u00f3n comercial; Econ\u00f3micos, financieros y de seguros; datos bancarios.<\/td>\n<\/tr>\n<\/tbody>\n<\/table>\n<\/div><\/div><\/div><div class=\"fusion-panel panel-default panel-653b2b17ba85146ee fusion-toggle-has-divider\" style=\"--awb-title-color:#333333;\"><div class=\"panel-heading\"><h4 class=\"panel-title toggle\" id=\"toggle_653b2b17ba85146ee\"><a aria-expanded=\"false\" aria-controls=\"653b2b17ba85146ee\" role=\"button\" data-toggle=\"collapse\" data-parent=\"#accordion-69750-1\" data-target=\"#653b2b17ba85146ee\" href=\"#653b2b17ba85146ee\"><span class=\"fusion-toggle-icon-wrapper\" aria-hidden=\"true\"><i class=\"fa-fusion-box active-icon awb-icon-minus\" aria-hidden=\"true\"><\/i><i class=\"fa-fusion-box inactive-icon awb-icon-plus\" aria-hidden=\"true\"><\/i><\/span><span class=\"fusion-toggle-heading\">Medidas de seguridad<\/span><\/a><\/h4><\/div><div id=\"653b2b17ba85146ee\" class=\"panel-collapse collapse \" aria-labelledby=\"toggle_653b2b17ba85146ee\"><div class=\"panel-body toggle-content fusion-clearfix\">\n<table style=\"border-collapse: collapse; width: 100%;\" border=\"1\">\n<tbody>\n<tr style=\"height: 24px; background-color: #ffc107;\">\n<td style=\"width: 100%; height: 24px;\"><span style=\"color: #ffffff;\"><strong>Medidas t\u00e9cnicas y organizativas aplicadas<\/strong><\/span><\/td>\n<\/tr>\n<tr style=\"height: 168px;\">\n<td style=\"width: 100%; height: 168px;\">\n<p>Las medidas de seguridad garantizar\u00e1n la confidencialidad, integridad, disponibilidad y resiliencia permanentes de los sistemas y servicios de tratamiento que resulten apropiadas para garantizar un nivel de seguridad adecuado al riesgo del tratamiento, en los t\u00e9rminos exigidos por el art\u00edculo 32.1 del RGPD.<\/p>\n<p>Se corresponden con las previstas y en el Anexo II del Real Decreto 3\/2010, de 8 de enero, por el que se regula el Esquema Nacional de Seguridad en el \u00e1mbito de la Administraci\u00f3n Electr\u00f3nica, sin perjuicio del plazo transitorio de adecuaci\u00f3n establecido en el Real Decreto 311\/2022, de 3 de mayo, por el que se regula el Esquema Nacional de Seguridad.\u00a0y en el marco de los documentos que conforman la Pol\u00edtica de protecci\u00f3n de seguridad de la informaci\u00f3n del Consorcio<\/td>\n<\/tr>\n<\/tbody>\n<\/table>\n<\/div><\/div><\/div><div class=\"fusion-panel panel-default panel-e1441c53ce551ce8b fusion-toggle-has-divider\" style=\"--awb-title-color:#333333;\"><div class=\"panel-heading\"><h4 class=\"panel-title toggle\" id=\"toggle_e1441c53ce551ce8b\"><a aria-expanded=\"false\" aria-controls=\"e1441c53ce551ce8b\" role=\"button\" data-toggle=\"collapse\" data-parent=\"#accordion-69750-1\" data-target=\"#e1441c53ce551ce8b\" href=\"#e1441c53ce551ce8b\"><span class=\"fusion-toggle-icon-wrapper\" aria-hidden=\"true\"><i class=\"fa-fusion-box active-icon awb-icon-minus\" aria-hidden=\"true\"><\/i><i class=\"fa-fusion-box inactive-icon awb-icon-plus\" aria-hidden=\"true\"><\/i><\/span><span class=\"fusion-toggle-heading\">Comunicaciones de datos<\/span><\/a><\/h4><\/div><div id=\"e1441c53ce551ce8b\" class=\"panel-collapse collapse \" aria-labelledby=\"toggle_e1441c53ce551ce8b\"><div class=\"panel-body toggle-content fusion-clearfix\">\n<table style=\"border-collapse: collapse; width: 100%;\" border=\"1\">\n<tbody>\n<tr style=\"height: 24px; background-color: #ffc107;\">\n<td style=\"width: 100%; height: 24px;\"><span style=\"color: #ffffff;\"><strong>Categor\u00edas de destinatarios de comunaciones<\/strong><\/span><\/td>\n<\/tr>\n<tr style=\"height: 24px;\">\n<td style=\"width: 100%; height: 24px;\">Se podr\u00e1n realizar comunicaciones por obligaci\u00f3n legal y las que se deriven de la publicaci\u00f3n y transparencia de los acuerdos adoptados. Entre ellas las siguientes:<\/p>\n<ul>\n<li>Entidades bancarias en los supuestos de pagos ordenados por el Consorcio.<\/li>\n<li>Administraci\u00f3n tributaria y de seguridad social<\/li>\n<li>\u00d3rganos Judiciales, Ministerio Fiscal o autoridad administrativa competente en el marco de una investigaci\u00f3n penal, disciplinaria o sancionadora.<\/li>\n<li>Autoridad Independiente de Protecci\u00f3n del Informante, as\u00ed como a la Agencia Valenciana Antifraude, en su caso.<\/li>\n<li>Tribunal de Cuentas y Sindicatura de Cuentas de la Comunitat Valenciana.<\/li>\n<\/ul>\n<\/td>\n<\/tr>\n<\/tbody>\n<\/table>\n<\/div><\/div><\/div><div class=\"fusion-panel panel-default panel-16e7b4d103e507ebb fusion-toggle-has-divider\"><div class=\"panel-heading\"><h4 class=\"panel-title toggle\" id=\"toggle_16e7b4d103e507ebb\"><a aria-expanded=\"false\" aria-controls=\"16e7b4d103e507ebb\" role=\"button\" data-toggle=\"collapse\" data-parent=\"#accordion-69750-1\" data-target=\"#16e7b4d103e507ebb\" href=\"#16e7b4d103e507ebb\"><span class=\"fusion-toggle-icon-wrapper\" aria-hidden=\"true\"><i class=\"fa-fusion-box active-icon awb-icon-minus\" aria-hidden=\"true\"><\/i><i class=\"fa-fusion-box inactive-icon awb-icon-plus\" aria-hidden=\"true\"><\/i><\/span><span class=\"fusion-toggle-heading\">Transferencias internaciones de datos<\/span><\/a><\/h4><\/div><div id=\"16e7b4d103e507ebb\" class=\"panel-collapse collapse \" aria-labelledby=\"toggle_16e7b4d103e507ebb\"><div class=\"panel-body toggle-content fusion-clearfix\">\n<p>No est\u00e1n previstas<\/p>\n<\/div><\/div><\/div><\/div><\/div><\/div><\/div><\/div><\/div>\n","protected":false},"excerpt":{"rendered":"","protected":false},"author":183,"featured_media":0,"parent":15159,"menu_order":0,"comment_status":"closed","ping_status":"closed","template":"","meta":{"footnotes":""},"class_list":["post-69750","page","type-page","status-publish","hentry"],"_links":{"self":[{"href":"https:\/\/www.bombersdv.es\/es\/wp-json\/wp\/v2\/pages\/69750"}],"collection":[{"href":"https:\/\/www.bombersdv.es\/es\/wp-json\/wp\/v2\/pages"}],"about":[{"href":"https:\/\/www.bombersdv.es\/es\/wp-json\/wp\/v2\/types\/page"}],"author":[{"embeddable":true,"href":"https:\/\/www.bombersdv.es\/es\/wp-json\/wp\/v2\/users\/183"}],"replies":[{"embeddable":true,"href":"https:\/\/www.bombersdv.es\/es\/wp-json\/wp\/v2\/comments?post=69750"}],"version-history":[{"count":9,"href":"https:\/\/www.bombersdv.es\/es\/wp-json\/wp\/v2\/pages\/69750\/revisions"}],"predecessor-version":[{"id":70031,"href":"https:\/\/www.bombersdv.es\/es\/wp-json\/wp\/v2\/pages\/69750\/revisions\/70031"}],"up":[{"embeddable":true,"href":"https:\/\/www.bombersdv.es\/es\/wp-json\/wp\/v2\/pages\/15159"}],"wp:attachment":[{"href":"https:\/\/www.bombersdv.es\/es\/wp-json\/wp\/v2\/media?parent=69750"}],"curies":[{"name":"wp","href":"https:\/\/api.w.org\/{rel}","templated":true}]}}