{"id":69774,"date":"2024-06-24T12:09:03","date_gmt":"2024-06-24T10:09:03","guid":{"rendered":"https:\/\/www.bombersdv.es\/?page_id=69774"},"modified":"2024-11-21T10:03:44","modified_gmt":"2024-11-21T09:03:44","slug":"inventario-de-actividades-de-tratamiento","status":"publish","type":"page","link":"https:\/\/www.bombersdv.es\/es\/portal-de-transparencia\/inventario-de-actividades-de-tratamiento\/","title":{"rendered":"INVENTARIO DE ACTIVIDADES DE TRATAMIENTO"},"content":{"rendered":"<div class=\"fusion-fullwidth fullwidth-box fusion-builder-row-1 fusion-flex-container has-pattern-background has-mask-background nonhundred-percent-fullwidth non-hundred-percent-height-scrolling\" style=\"--awb-border-radius-top-left:0px;--awb-border-radius-top-right:0px;--awb-border-radius-bottom-right:0px;--awb-border-radius-bottom-left:0px;--awb-flex-wrap:wrap;\" ><div class=\"fusion-builder-row fusion-row fusion-flex-align-items-flex-start fusion-flex-content-wrap\" style=\"max-width:1248px;margin-left: calc(-4% \/ 2 );margin-right: calc(-4% \/ 2 );\"><div class=\"fusion-layout-column fusion_builder_column fusion-builder-column-0 fusion_builder_column_1_1 1_1 fusion-flex-column\" style=\"--awb-bg-size:cover;--awb-width-large:100%;--awb-margin-top-large:0px;--awb-spacing-right-large:1.92%;--awb-margin-bottom-large:20px;--awb-spacing-left-large:1.92%;--awb-width-medium:100%;--awb-order-medium:0;--awb-spacing-right-medium:1.92%;--awb-spacing-left-medium:1.92%;--awb-width-small:100%;--awb-order-small:0;--awb-spacing-right-small:1.92%;--awb-spacing-left-small:1.92%;\"><div class=\"fusion-column-wrapper fusion-column-has-shadow fusion-flex-justify-content-flex-start fusion-content-layout-column\"><div class=\"fusion-title title fusion-title-1 fusion-title-text fusion-title-size-one\"><div class=\"title-sep-container title-sep-container-left fusion-no-large-visibility fusion-no-medium-visibility fusion-no-small-visibility\"><div class=\"title-sep sep-double sep-solid\" style=\"border-color:#e0dede;\"><\/div><\/div><span class=\"awb-title-spacer fusion-no-large-visibility fusion-no-medium-visibility fusion-no-small-visibility\"><\/span><h1 class=\"fusion-title-heading title-heading-left fusion-responsive-typography-calculated\" style=\"margin:0;--fontSize:48;line-height:1.04;\"><p style=\"text-align: center;\">INVENTARIO DE ACTIVIDADES DE TRATAMIENTO DE DATOS PERSONALES<\/p><\/h1><span class=\"awb-title-spacer\"><\/span><div class=\"title-sep-container title-sep-container-right\"><div class=\"title-sep sep-double sep-solid\" style=\"border-color:#e0dede;\"><\/div><\/div><\/div>\n<div class=\"table-1\">\n<table style=\"height: 163px;\" width=\"100%\">\n<thead><\/thead>\n<tbody>\n<tr style=\"height: 163px;\">\n<td style=\"height: 163px;\" colspan=\"2\" align=\"left\">\n<table style=\"border-collapse: collapse; width: 100%;\" border=\"1\">\n<tbody>\n<tr style=\"height: 24px;\">\n<td style=\"width: 100%; height: 24px;\"><a href=\"https:\/\/www.bombersdv.es\/es\/?page_id=67232&amp;preview=true\" target=\"_blank\" rel=\"noopener\">Gesti\u00f3n de los servicios del Cuerpo de Bomberos y Brigadas Forestales<\/a><\/td>\n<\/tr>\n<tr style=\"height: 24px;\">\n<td style=\"width: 100%; height: 24px;\"><a href=\"https:\/\/www.bombersdv.es\/es\/portal-de-transparencia\/atencion-e-informacion-al-ciudadano\/formularios-y-solicitudes\/actividad-de-tratamiento-de-datos-contratacion\/\" target=\"_blank\" rel=\"noopener\">Contrataci\u00f3n P\u00fablica, encargos a medios propios y convenios<\/a><\/td>\n<\/tr>\n<tr style=\"height: 24px;\">\n<td style=\"width: 100%; height: 24px;\"><a href=\"https:\/\/www.bombersdv.es\/es\/portal-de-transparencia\/actividad-de-tratamiento-de-datos-gestion-de-recursos-humanos\/\" target=\"_blank\" rel=\"noopener\">Gesti\u00f3n de recursos humanos<\/a><\/td>\n<\/tr>\n<tr>\n<td style=\"width: 100%;\"><a href=\"https:\/\/www.bombersdv.es\/es\/portal-de-transparencia\/actividad-de-tratamiento-de-datos-prevencion-de-riesgos-laborales\/\" target=\"_blank\" rel=\"noopener\">Prevenci\u00f3n de Riesgos Laborales<\/a><\/td>\n<\/tr>\n<tr style=\"height: 24px;\">\n<td style=\"width: 100%; height: 24px;\"><a href=\"https:\/\/www.bombersdv.es\/es\/portal-de-transparencia\/actividad-de-tratamiento-de-datos-gestion-presupuestaria-y-contable\/\">Gesti\u00f3n Presupuestaria y Contable<\/a><\/td>\n<\/tr>\n<tr style=\"height: 24px;\">\n<td style=\"width: 100%; height: 24px;\"><a href=\"https:\/\/www.bombersdv.es\/es\/portal-de-transparencia\/actividad-de-tratamiento-de-datos-gestion-tributaria-y-recaudacion\/\" target=\"_blank\" rel=\"noopener\">Gesti\u00f3n Tributaria y de Recaudaci\u00f3n<\/a><\/td>\n<\/tr>\n<tr>\n<td style=\"width: 100%;\"><a href=\"https:\/\/www.bombersdv.es\/es\/portal-de-transparencia\/actividad-de-tratamiento-de-datos-gestion-informatica-y-de-la-seguridad-de-la-informacion\/\" target=\"_blank\" rel=\"noopener\">Gesti\u00f3n inform\u00e1tica y de la seguridad de la informaci\u00f3n<\/a><\/td>\n<\/tr>\n<tr style=\"height: 24px;\">\n<td style=\"width: 100%; height: 24px;\"><a href=\"https:\/\/www.bombersdv.es\/es\/portal-de-transparencia\/atencion-e-informacion-al-ciudadano\/formularios-y-solicitudes\/actividad-de-tratamiento-de-datos-proteccion-de-datos-derechos-de-las-personas\/\" target=\"_blank\" rel=\"noopener\">Protecci\u00f3n de datos; ejercicio de los derechos de las personas.<\/a><\/td>\n<\/tr>\n<tr style=\"height: 24px;\">\n<td style=\"width: 100%; height: 24px;\"><a href=\"https:\/\/www.bombersdv.es\/es\/portal-de-transparencia\/registro-de-actividades-de-tramamiento-de-datos\/actividad-de-tratamiento-de-datos-representantes-de-entidades-consorciadas-gestion-de-organos-colegiados-y-agenda-politica\/\">Representantes de entidades consorciadas; gesti\u00f3n de \u00f3rganos colegiados y agenda pol\u00edtica.\u00a0<\/a><\/td>\n<\/tr>\n<tr style=\"height: 24px;\">\n<td style=\"width: 100%; height: 24px;\"><a href=\"https:\/\/www.bombersdv.es\/es\/portal-de-transparencia\/atencion-e-informacion-al-ciudadano\/formularios-y-solicitudes\/actividad-de-tratamiento-de-datos-responsabilidad-patrimonial\/\" target=\"_blank\" rel=\"noopener\">Responsabilidad Patrimonial<\/a><\/td>\n<\/tr>\n<tr style=\"height: 24px;\">\n<td style=\"width: 100%; height: 24px;\"><a href=\"https:\/\/www.bombersdv.es\/es\/portal-de-transparencia\/atencion-e-informacion-al-ciudadano\/formularios-y-solicitudes\/actividad-de-tratamiento-seleccion-y-provision-de-puestos-de-trabajo\/\" target=\"_blank\" rel=\"noopener\">Selecci\u00f3n y provisi\u00f3n de puestos de trabajo<\/a><\/td>\n<\/tr>\n<tr style=\"height: 24px;\">\n<td style=\"width: 100%; height: 24px;\"><a href=\"https:\/\/www.bombersdv.es\/es\/portal-de-transparencia\/atencion-e-informacion-al-ciudadano\/formularios-y-solicitudes\/actividad-de-tratamiento-transparencia-acceso-a-la-informacion\/\" target=\"_blank\" rel=\"noopener\">Transparencia: Acceso a la informaci\u00f3n<\/a><\/td>\n<\/tr>\n<tr style=\"height: 24px;\">\n<td style=\"width: 100%; height: 24px;\"><a href=\"https:\/\/www.bombersdv.es\/es\/informacion-para-el-tratamiento-de-datos-en-altas-terceros\/\" target=\"_blank\" rel=\"noopener\">Altas de terceros en el sistema de gesti\u00f3n.<\/a><\/td>\n<\/tr>\n<tr style=\"height: 24px;\">\n<td style=\"width: 100%; height: 24px;\"><a href=\"https:\/\/www.bombersdv.es\/es\/informacion-tratamiento-datos-prevencion\/\">Solicitud de prestaci\u00f3n de servicios de prevenci\u00f3n operativa y Brigadas Forestaes<\/a><\/td>\n<\/tr>\n<tr style=\"height: 24px;\">\n<td style=\"width: 100%; height: 24px;\"><a href=\"https:\/\/www.bombersdv.es\/es\/informacion-pd-general\/\" target=\"_blank\" rel=\"noopener\">Registro; solicitudes en general<\/a><\/td>\n<\/tr>\n<tr style=\"height: 24px;\">\n<td style=\"width: 100%; height: 24px;\"><a href=\"https:\/\/www.bombersdv.es\/es\/portal-de-transparencia\/atencion-e-informacion-al-ciudadano\/formularios-y-solicitudes\/actividad-de-tratamiento-de-datos-canal-interno-de-denuncias\/\" target=\"_blank\" rel=\"noopener\">Canal interno de denuncias<\/a><\/td>\n<\/tr>\n<tr style=\"height: 24px;\">\n<td style=\"width: 100%; height: 24px;\"><a href=\"https:\/\/www.bombersdv.es\/es\/portal-de-transparencia\/actividad-de-tratamiento-de-datos-bomberos-voluntarios\/\" target=\"_blank\" rel=\"noopener\">Gesti\u00f3n de Bomberos Voluntarios<\/a><\/td>\n<\/tr>\n<tr>\n<td style=\"width: 100%;\"><a href=\"https:\/\/www.bombersdv.es\/es\/portal-de-transparencia\/actividad-de-tratamiento-de-datos-videovigilancia\/\" target=\"_blank\" rel=\"noopener\">Videovigilancia<\/a><\/td>\n<\/tr>\n<\/tbody>\n<\/table>\n<\/td>\n<\/tr>\n<\/tbody>\n<\/table>\n<\/div>\n<\/div><\/div><\/div><\/div>\n","protected":false},"excerpt":{"rendered":"","protected":false},"author":183,"featured_media":0,"parent":15159,"menu_order":0,"comment_status":"closed","ping_status":"closed","template":"","meta":{"footnotes":""},"class_list":["post-69774","page","type-page","status-publish","hentry"],"_links":{"self":[{"href":"https:\/\/www.bombersdv.es\/es\/wp-json\/wp\/v2\/pages\/69774"}],"collection":[{"href":"https:\/\/www.bombersdv.es\/es\/wp-json\/wp\/v2\/pages"}],"about":[{"href":"https:\/\/www.bombersdv.es\/es\/wp-json\/wp\/v2\/types\/page"}],"author":[{"embeddable":true,"href":"https:\/\/www.bombersdv.es\/es\/wp-json\/wp\/v2\/users\/183"}],"replies":[{"embeddable":true,"href":"https:\/\/www.bombersdv.es\/es\/wp-json\/wp\/v2\/comments?post=69774"}],"version-history":[{"count":24,"href":"https:\/\/www.bombersdv.es\/es\/wp-json\/wp\/v2\/pages\/69774\/revisions"}],"predecessor-version":[{"id":71228,"href":"https:\/\/www.bombersdv.es\/es\/wp-json\/wp\/v2\/pages\/69774\/revisions\/71228"}],"up":[{"embeddable":true,"href":"https:\/\/www.bombersdv.es\/es\/wp-json\/wp\/v2\/pages\/15159"}],"wp:attachment":[{"href":"https:\/\/www.bombersdv.es\/es\/wp-json\/wp\/v2\/media?parent=69774"}],"curies":[{"name":"wp","href":"https:\/\/api.w.org\/{rel}","templated":true}]}}