{"id":69800,"date":"2024-06-25T12:35:53","date_gmt":"2024-06-25T10:35:53","guid":{"rendered":"https:\/\/www.bombersdv.es\/?page_id=69800"},"modified":"2024-06-25T12:42:52","modified_gmt":"2024-06-25T10:42:52","slug":"actividad-de-tratamiento-de-datos-gestion-tributaria-y-recaudacion","status":"publish","type":"page","link":"https:\/\/www.bombersdv.es\/es\/portal-de-transparencia\/actividad-de-tratamiento-de-datos-gestion-tributaria-y-recaudacion\/","title":{"rendered":"ACTIVIDAD DE TRATAMIENTO DE DATOS: Gesti\u00f3n tributaria y recaudaci\u00f3n"},"content":{"rendered":"<div class=\"fusion-fullwidth fullwidth-box fusion-builder-row-1 fusion-flex-container nonhundred-percent-fullwidth non-hundred-percent-height-scrolling\" style=\"--awb-border-radius-top-left:0px;--awb-border-radius-top-right:0px;--awb-border-radius-bottom-right:0px;--awb-border-radius-bottom-left:0px;--awb-flex-wrap:wrap;\" ><div class=\"fusion-builder-row fusion-row fusion-flex-align-items-flex-start fusion-flex-content-wrap\" style=\"max-width:1248px;margin-left: calc(-4% \/ 2 );margin-right: calc(-4% \/ 2 );\"><div class=\"fusion-layout-column fusion_builder_column fusion-builder-column-0 fusion_builder_column_1_1 1_1 fusion-flex-column\" style=\"--awb-bg-size:cover;--awb-width-large:100%;--awb-margin-top-large:0px;--awb-spacing-right-large:1.92%;--awb-margin-bottom-large:20px;--awb-spacing-left-large:1.92%;--awb-width-medium:100%;--awb-order-medium:0;--awb-spacing-right-medium:1.92%;--awb-spacing-left-medium:1.92%;--awb-width-small:100%;--awb-order-small:0;--awb-spacing-right-small:1.92%;--awb-spacing-left-small:1.92%;\"><div class=\"fusion-column-wrapper fusion-column-has-shadow fusion-flex-justify-content-flex-start fusion-content-layout-column\"><div class=\"fusion-text fusion-text-1\"><h3><span style=\"color: #ffcc00;\"><strong>ACTIVIDAD DE TRATAMIENTO: Gesti\u00f3n Tributaria y Recaudaci\u00f3n<\/strong><\/span><\/h3>\n<p><span style=\"color: #808080;\"><em>Ultima actualizaci\u00f3n 25\/06\/2024<\/em><\/span><\/p>\n<\/div><div class=\"fusion-separator fusion-full-width-sep\" style=\"align-self: center;margin-left: auto;margin-right: auto;width:100%;\"><div class=\"fusion-separator-border sep-single sep-solid\" style=\"--awb-height:20px;--awb-amount:20px;--awb-sep-color:#ffbf00;border-color:#ffbf00;border-top-width:2px;\"><\/div><\/div><div class=\"accordian fusion-accordian\" style=\"--awb-border-size:1px;--awb-icon-size:13px;--awb-content-font-size:15px;--awb-icon-alignment:left;--awb-hover-color:#f9f9f9;--awb-border-color:#cccccc;--awb-background-color:#ffffff;--awb-divider-color:#e0dede;--awb-divider-hover-color:#e0dede;--awb-icon-color:#ffffff;--awb-title-color:#333333;--awb-content-color:#747474;--awb-icon-box-color:#ffc107;--awb-toggle-hover-accent-color:#ffc107;--awb-title-font-family:&quot;Raleway&quot;;--awb-title-font-weight:500;--awb-title-font-style:normal;--awb-title-font-size:20px;--awb-title-letter-spacing:0px;--awb-title-line-height:1.1;--awb-content-font-family:&quot;Raleway&quot;;--awb-content-font-style:normal;--awb-content-font-weight:500;\"><div class=\"panel-group fusion-toggle-icon-boxed\" id=\"accordion-69800-1\"><div class=\"fusion-panel panel-default panel-da2ff175e77009c3c fusion-toggle-has-divider\" style=\"--awb-title-color:#333333;\"><div class=\"panel-heading\"><h4 class=\"panel-title toggle\" id=\"toggle_da2ff175e77009c3c\"><a aria-expanded=\"false\" aria-controls=\"da2ff175e77009c3c\" role=\"button\" data-toggle=\"collapse\" data-parent=\"#accordion-69800-1\" data-target=\"#da2ff175e77009c3c\" href=\"#da2ff175e77009c3c\"><span class=\"fusion-toggle-icon-wrapper\" aria-hidden=\"true\"><i class=\"fa-fusion-box active-icon awb-icon-minus\" aria-hidden=\"true\"><\/i><i class=\"fa-fusion-box inactive-icon awb-icon-plus\" aria-hidden=\"true\"><\/i><\/span><span class=\"fusion-toggle-heading\">Identificaci\u00f3n del tratamiento<\/span><\/a><\/h4><\/div><div id=\"da2ff175e77009c3c\" class=\"panel-collapse collapse \" aria-labelledby=\"toggle_da2ff175e77009c3c\"><div class=\"panel-body toggle-content fusion-clearfix\">\n<table style=\"width: 100%; border-collapse: collapse; border-style: inset; border-color: #000000;\" border=\"1\">\n<tbody>\n<tr>\n<td style=\"width: 99.9129%; background-color: #ffc107;\" colspan=\"2\"><span style=\"color: #ffffff;\"><strong>Nombre y finalidad<\/strong><\/span><\/td>\n<\/tr>\n<tr>\n<td style=\"width: 18.4669%; text-align: right;\"><span style=\"color: #ffcc00;\"><strong>Nombre<\/strong><\/span><\/td>\n<td style=\"width: 81.446%;\">Gesti\u00f3n Tributaria y Recaudaci\u00f3n<\/td>\n<\/tr>\n<tr>\n<td style=\"width: 18.4669%; text-align: right;\"><span style=\"color: #ffcc00;\"><strong>Descripci\u00f3n finalidad<\/strong><\/span><\/td>\n<td style=\"width: 81.446%;\">Confeccionar, aprobar y gestionar las liquidaciones de las tasas, resto de tributos y otros posibles ingresos de derecho p\u00fablico del Consorcio y llevar a cabo su recaudaci\u00f3n tanto en v\u00eda ordinaria como ejecutiva.<\/td>\n<\/tr>\n<\/tbody>\n<\/table>\n<\/div><\/div><\/div><div class=\"fusion-panel panel-default panel-dd584f1e8fe778239 fusion-toggle-has-divider\" style=\"--awb-title-color:#333333;\"><div class=\"panel-heading\"><h4 class=\"panel-title toggle\" id=\"toggle_dd584f1e8fe778239\"><a aria-expanded=\"false\" aria-controls=\"dd584f1e8fe778239\" role=\"button\" data-toggle=\"collapse\" data-parent=\"#accordion-69800-1\" data-target=\"#dd584f1e8fe778239\" href=\"#dd584f1e8fe778239\"><span class=\"fusion-toggle-icon-wrapper\" aria-hidden=\"true\"><i class=\"fa-fusion-box active-icon awb-icon-minus\" aria-hidden=\"true\"><\/i><i class=\"fa-fusion-box inactive-icon awb-icon-plus\" aria-hidden=\"true\"><\/i><\/span><span class=\"fusion-toggle-heading\">Identificaci\u00f3n del responsable del tratamiento<\/span><\/a><\/h4><\/div><div id=\"dd584f1e8fe778239\" class=\"panel-collapse collapse \" aria-labelledby=\"toggle_dd584f1e8fe778239\"><div class=\"panel-body toggle-content fusion-clearfix\">\n<table style=\"border-collapse: collapse; width: 100%;\" border=\"1\">\n<tbody>\n<tr style=\"background-color: #ffc107;\">\n<td style=\"width: 100%;\" colspan=\"2\"><span style=\"color: #ffffff;\"><strong>Responsable del tratamiento<\/strong><\/span><\/td>\n<\/tr>\n<tr>\n<td style=\"width: 30.6023%;\"><span style=\"color: #ffcc00;\"><strong>Identidad<\/strong><\/span><\/td>\n<td style=\"width: 69.3977%;\">Consorcio para el Servicio de Prevenci\u00f3n y Extinci\u00f3n de Incendios y de Salvamento de la provincia de Valencia<\/td>\n<\/tr>\n<tr>\n<td style=\"width: 30.6023%;\"><span style=\"color: #ffcc00;\"><strong>Forma de contactar con el responsable<\/strong><\/span><\/td>\n<td style=\"width: 69.3977%;\">\n<p>Por correo electr\u00f3nico en la direcci\u00f3n infobombers@bombersdv.es<\/p>\n<p>Por correo postal, en la direcci\u00f3n Avellanas 14, 46003 Val\u00e8ncia.<\/td>\n<\/tr>\n<tr>\n<td style=\"width: 30.6023%;\"><span style=\"color: #ffcc00;\"><strong>Forma de ejercitar derechos<\/strong><\/span><\/td>\n<td style=\"width: 69.3977%;\">Para solicitar el\u00a0<b>acceso, la rectificaci\u00f3n, supresi\u00f3n o limitaci\u00f3n del tratamiento de los datos personales o para oponerse al tratamiento,<\/b>\u00a0en el caso de se den los requisitos establecidos en el Reglamento General de Protecci\u00f3n de Datos, as\u00ed como en la Ley Org\u00e1nica 3\/2018, de 5 de diciembre, de Protecci\u00f3n de Datos Personal y garant\u00eda de los derechos digitales,\u00a0se\u00a0puede dirigir un escrito al Consorcio en la direcci\u00f3n indicada m\u00e1s arriba\u00a0o en el\u00a0registro electr\u00f3nico https:\/\/sede.bombersdv.es\/<\/td>\n<\/tr>\n<tr>\n<td style=\"width: 30.6023%;\"><span style=\"color: #ffcc00;\"><strong>Unidad responsable de la tramitaci\u00f3n<\/strong><\/span><\/td>\n<td style=\"width: 69.3977%;\">Unidad econ\u00f3mica (Intervenci\u00f3n y Tesorer\u00eda) intervencion@bombersdv.es<\/td>\n<\/tr>\n<\/tbody>\n<\/table>\n<\/div><\/div><\/div><div class=\"fusion-panel panel-default panel-b228f7b4decde3b15 fusion-toggle-has-divider\" style=\"--awb-title-color:#333333;\"><div class=\"panel-heading\"><h4 class=\"panel-title toggle\" id=\"toggle_b228f7b4decde3b15\"><a aria-expanded=\"false\" aria-controls=\"b228f7b4decde3b15\" role=\"button\" data-toggle=\"collapse\" data-parent=\"#accordion-69800-1\" data-target=\"#b228f7b4decde3b15\" href=\"#b228f7b4decde3b15\"><span class=\"fusion-toggle-icon-wrapper\" aria-hidden=\"true\"><i class=\"fa-fusion-box active-icon awb-icon-minus\" aria-hidden=\"true\"><\/i><i class=\"fa-fusion-box inactive-icon awb-icon-plus\" aria-hidden=\"true\"><\/i><\/span><span class=\"fusion-toggle-heading\">Delegado de protecci\u00f3n de datos<\/span><\/a><\/h4><\/div><div id=\"b228f7b4decde3b15\" class=\"panel-collapse collapse \" aria-labelledby=\"toggle_b228f7b4decde3b15\"><div class=\"panel-body toggle-content fusion-clearfix\">\n<table style=\"border-collapse: collapse; width: 100%;\" border=\"1\">\n<tbody>\n<tr>\n<td style=\"width: 40.9408%;\"><span style=\"color: #ffcc00;\"><b>Datos de Contacto del Delegado de protecci\u00f3n de datos<\/b><\/span><\/td>\n<td style=\"width: 59.0592%;\">Para cualquier consulta o queja relacionada con el tratamiento de estos datos, el Consorcio pone a disposici\u00f3n de los interesados el buz\u00f3n del delegado de protecci\u00f3n de datos dpd@bombersdv.es<\/td>\n<\/tr>\n<\/tbody>\n<\/table>\n<\/div><\/div><\/div><div class=\"fusion-panel panel-default panel-4624d7dd9aad86d7f fusion-toggle-has-divider\" style=\"--awb-title-color:#333333;\"><div class=\"panel-heading\"><h4 class=\"panel-title toggle\" id=\"toggle_4624d7dd9aad86d7f\"><a aria-expanded=\"false\" aria-controls=\"4624d7dd9aad86d7f\" role=\"button\" data-toggle=\"collapse\" data-parent=\"#accordion-69800-1\" data-target=\"#4624d7dd9aad86d7f\" href=\"#4624d7dd9aad86d7f\"><span class=\"fusion-toggle-icon-wrapper\" aria-hidden=\"true\"><i class=\"fa-fusion-box active-icon awb-icon-minus\" aria-hidden=\"true\"><\/i><i class=\"fa-fusion-box inactive-icon awb-icon-plus\" aria-hidden=\"true\"><\/i><\/span><span class=\"fusion-toggle-heading\">Licitud del tratamiento<\/span><\/a><\/h4><\/div><div id=\"4624d7dd9aad86d7f\" class=\"panel-collapse collapse \" aria-labelledby=\"toggle_4624d7dd9aad86d7f\"><div class=\"panel-body toggle-content fusion-clearfix\">\n<table style=\"border-collapse: collapse; width: 100%;\" border=\"1\">\n<tbody>\n<tr>\n<td style=\"width: 100%; background-color: #ffc107;\"><span style=\"color: #ffffff;\">Base jur\u00eddica<\/span><\/td>\n<\/tr>\n<tr>\n<td style=\"width: 100%;\">La base jur\u00eddica es el art\u00edculo 6.1.c) del RGPD: el tratamiento es necesario para el cumplimiento de una obligaci\u00f3n legal aplicable al responsable del tratamiento, de acuerdo con:<\/p>\n<ul>\n<li>Ley 58\/2003, de 17 de diciembre, General Tributaria.\n<ul>\n<li>Real Decreto 939\/2005, de 29 de julio, por el que se aprueba el Reglamento General de Recaudaci\u00f3n<\/li>\n<\/ul>\n<\/li>\n<li>Real Decreto Legislativo 2\/2004, de 5 de marzo, por el que se aprueba el texto refundido de la Ley Reguladora de las Haciendas Locales..\n<ul>\n<li style=\"list-style-type: none;\">\n<ul>\n<li>Ordenanza Fiscal reguladora de la Tasa por prestaci\u00f3n de servicios por parte del Consorcio<\/li>\n<li>Ordenanza fiscal reguladora de la Tasa por concurrencia a las pruebas selectivas para el ingreso de personal en el Consorcio.<\/li>\n<li>Ordenanza fiscal reguladora de la Tasa por expedici\u00f3n de documentos administrativos<\/li>\n<\/ul>\n<\/li>\n<\/ul>\n<\/li>\n<li>Ley 8\/1989, de 13 de abril, de Tasas y Precios P\u00fablicos<\/li>\n<\/ul>\n<p>En los casos en que la finalidad de la cesi\u00f3n de informaci\u00f3n no sea la colaboraci\u00f3n entre Administraciones tributarias para cumplimiento de obligaciones fiscales en el \u00e1mbito de sus competencias, ser\u00e1 necesario el consentimiento del afectado de acuerdo con el art\u00edculo 95.1 k) de la LGT, en relaci\u00f3n con el art\u00edculo 6.1.a) RGPD.<\/td>\n<\/tr>\n<\/tbody>\n<\/table>\n<\/div><\/div><\/div><div class=\"fusion-panel panel-default panel-0cfda7aca77ee201e fusion-toggle-has-divider\" style=\"--awb-title-color:#333333;\"><div class=\"panel-heading\"><h4 class=\"panel-title toggle\" id=\"toggle_0cfda7aca77ee201e\"><a aria-expanded=\"false\" aria-controls=\"0cfda7aca77ee201e\" role=\"button\" data-toggle=\"collapse\" data-parent=\"#accordion-69800-1\" data-target=\"#0cfda7aca77ee201e\" href=\"#0cfda7aca77ee201e\"><span class=\"fusion-toggle-icon-wrapper\" aria-hidden=\"true\"><i class=\"fa-fusion-box active-icon awb-icon-minus\" aria-hidden=\"true\"><\/i><i class=\"fa-fusion-box inactive-icon awb-icon-plus\" aria-hidden=\"true\"><\/i><\/span><span class=\"fusion-toggle-heading\">Plazos de conservaci\u00f3n<\/span><\/a><\/h4><\/div><div id=\"0cfda7aca77ee201e\" class=\"panel-collapse collapse \" aria-labelledby=\"toggle_0cfda7aca77ee201e\"><div class=\"panel-body toggle-content fusion-clearfix\">\n<table style=\"border-collapse: collapse; width: 100%;\" border=\"1\">\n<tbody>\n<tr style=\"background-color: #ffc107;\">\n<td style=\"width: 100%;\"><span style=\"color: #ffffff;\"><strong>Plazos de conservaci\u00f3n<\/strong><\/span><\/td>\n<\/tr>\n<tr>\n<td style=\"width: 100%;\">Se conservar\u00e1n durante el tiempo necesario para cumplir con la finalidad para la que se recabaron y para determinar las posibles responsabilidades que se pudieran derivar de dicha finalidad y del tratamiento de los datos, conforme a la Ley 58\/2003, de 17 de diciembre, General Tributaria, adem\u00e1s de los periodos establecidos en la normativa de archivos y documentaci\u00f3n.<\/td>\n<\/tr>\n<\/tbody>\n<\/table>\n<\/div><\/div><\/div><div class=\"fusion-panel panel-default panel-60fe1b020469ba879 fusion-toggle-has-divider\" style=\"--awb-title-color:#333333;\"><div class=\"panel-heading\"><h4 class=\"panel-title toggle\" id=\"toggle_60fe1b020469ba879\"><a aria-expanded=\"false\" aria-controls=\"60fe1b020469ba879\" role=\"button\" data-toggle=\"collapse\" data-parent=\"#accordion-69800-1\" data-target=\"#60fe1b020469ba879\" href=\"#60fe1b020469ba879\"><span class=\"fusion-toggle-icon-wrapper\" aria-hidden=\"true\"><i class=\"fa-fusion-box active-icon awb-icon-minus\" aria-hidden=\"true\"><\/i><i class=\"fa-fusion-box inactive-icon awb-icon-plus\" aria-hidden=\"true\"><\/i><\/span><span class=\"fusion-toggle-heading\">Descripci\u00f3n del tratamiento<\/span><\/a><\/h4><\/div><div id=\"60fe1b020469ba879\" class=\"panel-collapse collapse \" aria-labelledby=\"toggle_60fe1b020469ba879\"><div class=\"panel-body toggle-content fusion-clearfix\">\n<table style=\"border-collapse: collapse; width: 100%;\" border=\"1\">\n<tbody>\n<tr style=\"height: 24px; background-color: #ffc107;\">\n<td style=\"width: 100%; height: 24px;\"><span style=\"color: #ffffff;\"><strong>Origen y procedencia de los datos<\/strong><\/span><\/td>\n<\/tr>\n<tr style=\"height: 24px;\">\n<td style=\"width: 100%; height: 24px;\">De la propia persona afectada o su representante legal, as\u00ed como de Administraciones p\u00fablicas, en su caso. De la informaci\u00f3n obtenida de los anteriores con motivo de la prestaci\u00f3n de servicios<\/td>\n<\/tr>\n<tr style=\"height: 24px; background-color: #ffc107;\">\n<td style=\"width: 100%; height: 24px;\"><span style=\"color: #ffffff;\"><strong>Colectivos afectados<\/strong><\/span><\/td>\n<\/tr>\n<tr style=\"height: 23px;\">\n<td style=\"width: 100%; height: 23px;\">Contribuyentes<br \/>\nSujetos obligados<\/td>\n<\/tr>\n<\/tbody>\n<\/table>\n<\/div><\/div><\/div><div class=\"fusion-panel panel-default panel-8be75755a285fa1a1 fusion-toggle-has-divider\" style=\"--awb-title-color:#333333;\"><div class=\"panel-heading\"><h4 class=\"panel-title toggle\" id=\"toggle_8be75755a285fa1a1\"><a aria-expanded=\"false\" aria-controls=\"8be75755a285fa1a1\" role=\"button\" data-toggle=\"collapse\" data-parent=\"#accordion-69800-1\" data-target=\"#8be75755a285fa1a1\" href=\"#8be75755a285fa1a1\"><span class=\"fusion-toggle-icon-wrapper\" aria-hidden=\"true\"><i class=\"fa-fusion-box active-icon awb-icon-minus\" aria-hidden=\"true\"><\/i><i class=\"fa-fusion-box inactive-icon awb-icon-plus\" aria-hidden=\"true\"><\/i><\/span><span class=\"fusion-toggle-heading\">Categor\u00edas de los datos tratados<\/span><\/a><\/h4><\/div><div id=\"8be75755a285fa1a1\" class=\"panel-collapse collapse \" aria-labelledby=\"toggle_8be75755a285fa1a1\"><div class=\"panel-body toggle-content fusion-clearfix\">\n<table style=\"border-collapse: collapse; width: 100%;\" border=\"1\">\n<tbody>\n<tr style=\"height: 24px; background-color: #ffc107;\">\n<td style=\"width: 20.7317%; height: 24px;\" colspan=\"2\"><span style=\"color: #ffffff;\"><strong>Tipolog\u00edas de los datos<\/strong><\/span><\/td>\n<\/tr>\n<tr style=\"height: 24px;\">\n<td style=\"width: 20.7317%; height: 24px;\"><span style=\"color: #ffcc00;\"><strong>Infracciones<\/strong><\/span><\/td>\n<td style=\"width: 79.2683%; height: 24px;\">Infracciones administrativas<\/td>\n<\/tr>\n<tr style=\"height: 24px;\">\n<td style=\"width: 20.7317%; height: 24px;\"><span style=\"color: #ffcc00;\"><strong>Categor\u00edas especiales de datos<\/strong><\/span><\/td>\n<td style=\"width: 79.2683%; height: 24px;\">Datos de salud<\/td>\n<\/tr>\n<tr style=\"height: 24px;\">\n<td style=\"width: 20.7317%; height: 24px;\"><span style=\"color: #ffcc00;\"><strong>Datos identificativos<\/strong><\/span><\/td>\n<td style=\"width: 79.2683%; height: 24px;\">Nombre y apellidos; NIF (NIE, Pasaporte o N\u00ba Tarjeta de residencia); Direcci\u00f3n; Tel\u00e9fono; Correo electr\u00f3nico; Firma.<\/td>\n<\/tr>\n<tr style=\"height: 24px;\">\n<td style=\"width: 20.7317%; height: 24px;\"><span style=\"color: #ffcc00;\"><strong>Otros<\/strong><\/span><\/td>\n<td style=\"width: 79.2683%; height: 24px;\">Caracter\u00edsticas personales; circunstancias sociales; detalles del empleo; Econ\u00f3micos, financieros y de seguros; matr\u00edcula veh\u00edculos particulares y permiso de circulaci\u00f3n<\/td>\n<\/tr>\n<\/tbody>\n<\/table>\n<\/div><\/div><\/div><div class=\"fusion-panel panel-default panel-6058bcdb0b6dfa983 fusion-toggle-has-divider\" style=\"--awb-title-color:#333333;\"><div class=\"panel-heading\"><h4 class=\"panel-title toggle\" id=\"toggle_6058bcdb0b6dfa983\"><a aria-expanded=\"false\" aria-controls=\"6058bcdb0b6dfa983\" role=\"button\" data-toggle=\"collapse\" data-parent=\"#accordion-69800-1\" data-target=\"#6058bcdb0b6dfa983\" href=\"#6058bcdb0b6dfa983\"><span class=\"fusion-toggle-icon-wrapper\" aria-hidden=\"true\"><i class=\"fa-fusion-box active-icon awb-icon-minus\" aria-hidden=\"true\"><\/i><i class=\"fa-fusion-box inactive-icon awb-icon-plus\" aria-hidden=\"true\"><\/i><\/span><span class=\"fusion-toggle-heading\">Medidas de seguridad<\/span><\/a><\/h4><\/div><div id=\"6058bcdb0b6dfa983\" class=\"panel-collapse collapse \" aria-labelledby=\"toggle_6058bcdb0b6dfa983\"><div class=\"panel-body toggle-content fusion-clearfix\">\n<table style=\"border-collapse: collapse; width: 100%;\" border=\"1\">\n<tbody>\n<tr style=\"height: 24px; background-color: #ffc107;\">\n<td style=\"width: 100%; height: 24px;\"><span style=\"color: #ffffff;\"><strong>Medidas t\u00e9cnicas y organizativas aplicadas<\/strong><\/span><\/td>\n<\/tr>\n<tr style=\"height: 168px;\">\n<td style=\"width: 100%; height: 168px;\">\n<p>Las medidas de seguridad garantizar\u00e1n la confidencialidad, integridad, disponibilidad y resiliencia permanentes de los sistemas y servicios de tratamiento que resulten apropiadas para garantizar un nivel de seguridad adecuado al riesgo del tratamiento, en los t\u00e9rminos exigidos por el art\u00edculo 32.1 del RGPD.<\/p>\n<p>Se corresponden con las previstas y en el Anexo II del Real Decreto 311\/2022, de 3 de mayo, por el que se regula el Esquema Nacional de Seguridad y en el marco de los documentos que conforman la Pol\u00edtica de protecci\u00f3n de seguridad de la informaci\u00f3n del Consorcio<\/td>\n<\/tr>\n<\/tbody>\n<\/table>\n<\/div><\/div><\/div><div class=\"fusion-panel panel-default panel-42376cf343296b788 fusion-toggle-has-divider\" style=\"--awb-title-color:#333333;\"><div class=\"panel-heading\"><h4 class=\"panel-title toggle\" id=\"toggle_42376cf343296b788\"><a aria-expanded=\"false\" aria-controls=\"42376cf343296b788\" role=\"button\" data-toggle=\"collapse\" data-parent=\"#accordion-69800-1\" data-target=\"#42376cf343296b788\" href=\"#42376cf343296b788\"><span class=\"fusion-toggle-icon-wrapper\" aria-hidden=\"true\"><i class=\"fa-fusion-box active-icon awb-icon-minus\" aria-hidden=\"true\"><\/i><i class=\"fa-fusion-box inactive-icon awb-icon-plus\" aria-hidden=\"true\"><\/i><\/span><span class=\"fusion-toggle-heading\">Comunicaciones de datos<\/span><\/a><\/h4><\/div><div id=\"42376cf343296b788\" class=\"panel-collapse collapse \" aria-labelledby=\"toggle_42376cf343296b788\"><div class=\"panel-body toggle-content fusion-clearfix\">\n<table style=\"border-collapse: collapse; width: 100%;\" border=\"1\">\n<tbody>\n<tr style=\"height: 24px; background-color: #ffc107;\">\n<td style=\"width: 100%; height: 24px;\"><span style=\"color: #ffffff;\"><strong>Categor\u00edas de destinatarios de comunaciones<\/strong><\/span><\/td>\n<\/tr>\n<tr style=\"height: 24px;\">\n<td style=\"width: 100%; height: 24px;\">Por obligaci\u00f3n legal, se prev\u00e9n comunicaciones a:<\/p>\n<ul>\n<li>Administraci\u00f3n Tributaria y servicio de recaudaci\u00f3n ejecutiva concertado<\/li>\n<li>Otros Registros P\u00fablicos<\/li>\n<li>Tribunal de Cuentas o equivalente auton\u00f3mico<\/li>\n<li>Entidades bancarias<\/li>\n<li>Juzgados y tribunales<\/li>\n<li>Compa\u00f1\u00edas aseguradoras<\/li>\n<\/ul>\n<\/td>\n<\/tr>\n<\/tbody>\n<\/table>\n<\/div><\/div><\/div><div class=\"fusion-panel panel-default panel-f31f4a2a31b43ed27 fusion-toggle-has-divider\" style=\"--awb-title-color:#333333;\"><div class=\"panel-heading\"><h4 class=\"panel-title toggle\" id=\"toggle_f31f4a2a31b43ed27\"><a aria-expanded=\"false\" aria-controls=\"f31f4a2a31b43ed27\" role=\"button\" data-toggle=\"collapse\" data-parent=\"#accordion-69800-1\" data-target=\"#f31f4a2a31b43ed27\" href=\"#f31f4a2a31b43ed27\"><span class=\"fusion-toggle-icon-wrapper\" aria-hidden=\"true\"><i class=\"fa-fusion-box active-icon awb-icon-minus\" aria-hidden=\"true\"><\/i><i class=\"fa-fusion-box inactive-icon awb-icon-plus\" aria-hidden=\"true\"><\/i><\/span><span class=\"fusion-toggle-heading\">Transferencias internaciones de datos<\/span><\/a><\/h4><\/div><div id=\"f31f4a2a31b43ed27\" class=\"panel-collapse collapse \" aria-labelledby=\"toggle_f31f4a2a31b43ed27\"><div class=\"panel-body toggle-content fusion-clearfix\">\n<p>No est\u00e1n previstas<\/p>\n<\/div><\/div><\/div><\/div><\/div><\/div><\/div><\/div><\/div>\n","protected":false},"excerpt":{"rendered":"","protected":false},"author":183,"featured_media":0,"parent":15159,"menu_order":0,"comment_status":"closed","ping_status":"closed","template":"","meta":{"footnotes":""},"class_list":["post-69800","page","type-page","status-publish","hentry"],"_links":{"self":[{"href":"https:\/\/www.bombersdv.es\/es\/wp-json\/wp\/v2\/pages\/69800"}],"collection":[{"href":"https:\/\/www.bombersdv.es\/es\/wp-json\/wp\/v2\/pages"}],"about":[{"href":"https:\/\/www.bombersdv.es\/es\/wp-json\/wp\/v2\/types\/page"}],"author":[{"embeddable":true,"href":"https:\/\/www.bombersdv.es\/es\/wp-json\/wp\/v2\/users\/183"}],"replies":[{"embeddable":true,"href":"https:\/\/www.bombersdv.es\/es\/wp-json\/wp\/v2\/comments?post=69800"}],"version-history":[{"count":11,"href":"https:\/\/www.bombersdv.es\/es\/wp-json\/wp\/v2\/pages\/69800\/revisions"}],"predecessor-version":[{"id":69814,"href":"https:\/\/www.bombersdv.es\/es\/wp-json\/wp\/v2\/pages\/69800\/revisions\/69814"}],"up":[{"embeddable":true,"href":"https:\/\/www.bombersdv.es\/es\/wp-json\/wp\/v2\/pages\/15159"}],"wp:attachment":[{"href":"https:\/\/www.bombersdv.es\/es\/wp-json\/wp\/v2\/media?parent=69800"}],"curies":[{"name":"wp","href":"https:\/\/api.w.org\/{rel}","templated":true}]}}